{"id":5477,"date":"2020-04-30T11:09:01","date_gmt":"2020-04-30T09:09:01","guid":{"rendered":"https:\/\/pans.krosno.pl\/pracownicy\/?page_id=5477"},"modified":"2025-05-15T12:46:57","modified_gmt":"2025-05-15T10:46:57","slug":"lucyna-krzysztyniak-zyciorys-naukowy","status":"publish","type":"page","link":"https:\/\/pans.krosno.pl\/pracownicy\/lucyna-krzysztyniak\/lucyna-krzysztyniak-zyciorys-naukowy\/","title":{"rendered":"mgr Lucyna Krzysztyniak &#8211; \u017byciorys naukowy"},"content":{"rendered":"<hr>\n<ul>\n<li>Absolwentka Wydzia\u0142u Piel\u0119gniarstwa Akademii Medycznej w Lublinie, magister piel\u0119gniarstwa.<\/li>\n<\/ul>\n<hr>\n<p style=\"text-align: center\"><strong>Uko\u0144czone kszta\u0142cenie podyplomowe<\/strong><\/p>\n<p><strong>Studia podyplomowe pn.:<\/strong><\/p>\n<ul>\n<li>&#8222;Informatyka w szkole&#8221;,<\/li>\n<li>&#8222;Organizacja i zarz\u0105dzanie w ochronie zdrowia&#8221;.<\/li>\n<\/ul>\n<p><strong>Kurs I stopnia pn.:<\/strong><\/p>\n<ul>\n<li>\u201eKierowana i kontrolowana detoksykacja wg dra Josefa Jonasa\u201d.<\/li>\n<\/ul>\n<p><strong>Kurs specjalistyczny pn.:<\/strong><\/p>\n<ul>\n<li>&#8222;Ordynowanie lek\u00f3w i wypisywanie recept&#8221;.<\/li>\n<\/ul>\n<p><strong>Szkolenie pn.:<\/strong><\/p>\n<ul>\n<li>\u201e Nowo\u015bci w zaka\u017ceniach szpitalnych\u201d,<\/li>\n<li>\u201eZaka\u017cenia szpitalne to nie tylko bakterie\u201d,<\/li>\n<li>\u201e\u015arodowisko jako \u017ar\u00f3d\u0142o zaka\u017ce\u0144 szpitalnych\u201d,<\/li>\n<\/ul>\n<p><strong>Szkolenie praktyczne pn.:<\/strong><\/p>\n<ul>\n<li>&#8222;Instruktor symulacji niskiej wierno\u015bci w piel\u0119gniarstwie&#8221;,<\/li>\n<li>&#8222;Instruktora symulacji przedmiot\u00f3w specjalistycznych \u2013 po\u015brednia wierno\u015b\u0107&#8221;,<\/li>\n<li>&#8222;Instruktor symulacji wysokiej wierno\u015bci&#8221;,<\/li>\n<li>&#8222;Egzaminator OSCE w piel\u0119gniarstwie&#8221;.<\/li>\n<\/ul>\n<hr>\n<p>&nbsp;<\/p>\n","protected":false},"excerpt":{"rendered":"<p>Absolwentka Wydzia\u0142u Piel\u0119gniarstwa Akademii Medycznej w Lublinie, magister piel\u0119gniarstwa. Uko\u0144czone kszta\u0142cenie podyplomowe Studia podyplomowe pn.: &#8222;Informatyka w szkole&#8221;, &#8222;Organizacja i zarz\u0105dzanie w ochronie zdrowia&#8221;. Kurs I stopnia pn.: \u201eKierowana i kontrolowana detoksykacja wg dra Josefa Jonasa\u201d. Kurs specjalistyczny pn.: &#8222;Ordynowanie lek\u00f3w i wypisywanie recept&#8221;. Szkolenie pn.: \u201e Nowo\u015bci w zaka\u017ceniach [\u2026] <\/p>\n<div class=\"clear\"><\/div>\n<p><a class=\"more_link clearfix\" href=\"https:\/\/pans.krosno.pl\/pracownicy\/lucyna-krzysztyniak\/lucyna-krzysztyniak-zyciorys-naukowy\/\" rel=\"nofollow\">Read More<\/a><\/p>\n","protected":false},"author":36,"featured_media":0,"parent":5471,"menu_order":0,"comment_status":"closed","ping_status":"closed","template":"","meta":{"ngg_post_thumbnail":0,"footnotes":""},"class_list":["post-5477","page","type-page","status-publish","hentry"],"yoast_head":"<!-- This site is optimized with the Yoast SEO Premium plugin v27.3 (Yoast SEO v27.3) - https:\/\/yoast.com\/product\/yoast-seo-premium-wordpress\/ -->\n<title>mgr Lucyna Krzysztyniak - \u017byciorys naukowy - Pracownicy PANS w Kro\u015bnie<\/title>\n<meta name=\"robots\" content=\"index, follow, max-snippet:-1, max-image-preview:large, max-video-preview:-1\" \/>\n<link rel=\"canonical\" href=\"https:\/\/pans.krosno.pl\/pracownicy\/lucyna-krzysztyniak\/lucyna-krzysztyniak-zyciorys-naukowy\/\" \/>\n<meta property=\"og:locale\" content=\"pl_PL\" \/>\n<meta property=\"og:type\" content=\"article\" \/>\n<meta property=\"og:title\" content=\"mgr Lucyna Krzysztyniak - \u017byciorys naukowy\" \/>\n<meta property=\"og:description\" content=\"Absolwentka Wydzia\u0142u Piel\u0119gniarstwa Akademii Medycznej w Lublinie, magister piel\u0119gniarstwa. Uko\u0144czone kszta\u0142cenie podyplomowe Studia podyplomowe pn.: &#8222;Informatyka w szkole&#8221;, &#8222;Organizacja i zarz\u0105dzanie w ochronie zdrowia&#8221;. Kurs I stopnia pn.: \u201eKierowana i kontrolowana detoksykacja wg dra Josefa Jonasa\u201d. Kurs specjalistyczny pn.: &#8222;Ordynowanie lek\u00f3w i wypisywanie recept&#8221;. Szkolenie pn.: \u201e Nowo\u015bci w zaka\u017ceniach [\u2026] Read More\" \/>\n<meta property=\"og:url\" content=\"https:\/\/pans.krosno.pl\/pracownicy\/lucyna-krzysztyniak\/lucyna-krzysztyniak-zyciorys-naukowy\/\" \/>\n<meta property=\"og:site_name\" content=\"Pracownicy PANS w Kro\u015bnie\" \/>\n<meta property=\"article:modified_time\" content=\"2025-05-15T10:46:57+00:00\" \/>\n<meta name=\"twitter:card\" content=\"summary_large_image\" \/>\n<meta name=\"twitter:label1\" content=\"Szacowany czas czytania\" \/>\n\t<meta name=\"twitter:data1\" content=\"1 minuta\" \/>\n<script type=\"application\/ld+json\" class=\"yoast-schema-graph\">{\"@context\":\"https:\\\/\\\/schema.org\",\"@graph\":[{\"@type\":\"WebPage\",\"@id\":\"https:\\\/\\\/pans.krosno.pl\\\/pracownicy\\\/lucyna-krzysztyniak\\\/lucyna-krzysztyniak-zyciorys-naukowy\\\/\",\"url\":\"https:\\\/\\\/pans.krosno.pl\\\/pracownicy\\\/lucyna-krzysztyniak\\\/lucyna-krzysztyniak-zyciorys-naukowy\\\/\",\"name\":\"mgr Lucyna Krzysztyniak - \u017byciorys naukowy - Pracownicy PANS w Kro\u015bnie\",\"isPartOf\":{\"@id\":\"https:\\\/\\\/pans.krosno.pl\\\/pracownicy\\\/#website\"},\"datePublished\":\"2020-04-30T09:09:01+00:00\",\"dateModified\":\"2025-05-15T10:46:57+00:00\",\"breadcrumb\":{\"@id\":\"https:\\\/\\\/pans.krosno.pl\\\/pracownicy\\\/lucyna-krzysztyniak\\\/lucyna-krzysztyniak-zyciorys-naukowy\\\/#breadcrumb\"},\"inLanguage\":\"pl-PL\",\"potentialAction\":[{\"@type\":\"ReadAction\",\"target\":[\"https:\\\/\\\/pans.krosno.pl\\\/pracownicy\\\/lucyna-krzysztyniak\\\/lucyna-krzysztyniak-zyciorys-naukowy\\\/\"]}]},{\"@type\":\"BreadcrumbList\",\"@id\":\"https:\\\/\\\/pans.krosno.pl\\\/pracownicy\\\/lucyna-krzysztyniak\\\/lucyna-krzysztyniak-zyciorys-naukowy\\\/#breadcrumb\",\"itemListElement\":[{\"@type\":\"ListItem\",\"position\":1,\"name\":\"Strona g\u0142\u00f3wna\",\"item\":\"https:\\\/\\\/pans.krosno.pl\\\/pracownicy\\\/\"},{\"@type\":\"ListItem\",\"position\":2,\"name\":\"mgr Lucyna Krzysztyniak\",\"item\":\"https:\\\/\\\/pans.krosno.pl\\\/pracownicy\\\/lucyna-krzysztyniak\\\/\"},{\"@type\":\"ListItem\",\"position\":3,\"name\":\"mgr Lucyna Krzysztyniak &#8211; \u017byciorys naukowy\"}]},{\"@type\":\"WebSite\",\"@id\":\"https:\\\/\\\/pans.krosno.pl\\\/pracownicy\\\/#website\",\"url\":\"https:\\\/\\\/pans.krosno.pl\\\/pracownicy\\\/\",\"name\":\"Pracownicy PANS w Kro\u015bnie\",\"description\":\"Pracownicy - Pa\u0144stwowa Akademia Nauk Stosowanych\",\"publisher\":{\"@id\":\"https:\\\/\\\/pans.krosno.pl\\\/pracownicy\\\/#organization\"},\"potentialAction\":[{\"@type\":\"SearchAction\",\"target\":{\"@type\":\"EntryPoint\",\"urlTemplate\":\"https:\\\/\\\/pans.krosno.pl\\\/pracownicy\\\/?s={search_term_string}\"},\"query-input\":{\"@type\":\"PropertyValueSpecification\",\"valueRequired\":true,\"valueName\":\"search_term_string\"}}],\"inLanguage\":\"pl-PL\"},{\"@type\":\"Organization\",\"@id\":\"https:\\\/\\\/pans.krosno.pl\\\/pracownicy\\\/#organization\",\"name\":\"Pracownicy PANS w Kro\u015bnie\",\"url\":\"https:\\\/\\\/pans.krosno.pl\\\/pracownicy\\\/\",\"logo\":{\"@type\":\"ImageObject\",\"inLanguage\":\"pl-PL\",\"@id\":\"https:\\\/\\\/pans.krosno.pl\\\/pracownicy\\\/#\\\/schema\\\/logo\\\/image\\\/\",\"url\":\"https:\\\/\\\/pans.krosno.pl\\\/pracownicy\\\/wp-content\\\/uploads\\\/sites\\\/41\\\/2023\\\/01\\\/Logo-PANS-2022-pelne.png\",\"contentUrl\":\"https:\\\/\\\/pans.krosno.pl\\\/pracownicy\\\/wp-content\\\/uploads\\\/sites\\\/41\\\/2023\\\/01\\\/Logo-PANS-2022-pelne.png\",\"width\":3096,\"height\":696,\"caption\":\"Pracownicy PANS w Kro\u015bnie\"},\"image\":{\"@id\":\"https:\\\/\\\/pans.krosno.pl\\\/pracownicy\\\/#\\\/schema\\\/logo\\\/image\\\/\"}}]}<\/script>\n<!-- \/ Yoast SEO Premium plugin. -->","yoast_head_json":{"title":"mgr Lucyna Krzysztyniak - \u017byciorys naukowy - Pracownicy PANS w Kro\u015bnie","robots":{"index":"index","follow":"follow","max-snippet":"max-snippet:-1","max-image-preview":"max-image-preview:large","max-video-preview":"max-video-preview:-1"},"canonical":"https:\/\/pans.krosno.pl\/pracownicy\/lucyna-krzysztyniak\/lucyna-krzysztyniak-zyciorys-naukowy\/","og_locale":"pl_PL","og_type":"article","og_title":"mgr Lucyna Krzysztyniak - \u017byciorys naukowy","og_description":"Absolwentka Wydzia\u0142u Piel\u0119gniarstwa Akademii Medycznej w Lublinie, magister piel\u0119gniarstwa. Uko\u0144czone kszta\u0142cenie podyplomowe Studia podyplomowe pn.: &#8222;Informatyka w szkole&#8221;, &#8222;Organizacja i zarz\u0105dzanie w ochronie zdrowia&#8221;. Kurs I stopnia pn.: \u201eKierowana i kontrolowana detoksykacja wg dra Josefa Jonasa\u201d. Kurs specjalistyczny pn.: &#8222;Ordynowanie lek\u00f3w i wypisywanie recept&#8221;. Szkolenie pn.: \u201e Nowo\u015bci w zaka\u017ceniach [\u2026] Read More","og_url":"https:\/\/pans.krosno.pl\/pracownicy\/lucyna-krzysztyniak\/lucyna-krzysztyniak-zyciorys-naukowy\/","og_site_name":"Pracownicy PANS w Kro\u015bnie","article_modified_time":"2025-05-15T10:46:57+00:00","twitter_card":"summary_large_image","twitter_misc":{"Szacowany czas czytania":"1 minuta"},"schema":{"@context":"https:\/\/schema.org","@graph":[{"@type":"WebPage","@id":"https:\/\/pans.krosno.pl\/pracownicy\/lucyna-krzysztyniak\/lucyna-krzysztyniak-zyciorys-naukowy\/","url":"https:\/\/pans.krosno.pl\/pracownicy\/lucyna-krzysztyniak\/lucyna-krzysztyniak-zyciorys-naukowy\/","name":"mgr Lucyna Krzysztyniak - \u017byciorys naukowy - Pracownicy PANS w Kro\u015bnie","isPartOf":{"@id":"https:\/\/pans.krosno.pl\/pracownicy\/#website"},"datePublished":"2020-04-30T09:09:01+00:00","dateModified":"2025-05-15T10:46:57+00:00","breadcrumb":{"@id":"https:\/\/pans.krosno.pl\/pracownicy\/lucyna-krzysztyniak\/lucyna-krzysztyniak-zyciorys-naukowy\/#breadcrumb"},"inLanguage":"pl-PL","potentialAction":[{"@type":"ReadAction","target":["https:\/\/pans.krosno.pl\/pracownicy\/lucyna-krzysztyniak\/lucyna-krzysztyniak-zyciorys-naukowy\/"]}]},{"@type":"BreadcrumbList","@id":"https:\/\/pans.krosno.pl\/pracownicy\/lucyna-krzysztyniak\/lucyna-krzysztyniak-zyciorys-naukowy\/#breadcrumb","itemListElement":[{"@type":"ListItem","position":1,"name":"Strona g\u0142\u00f3wna","item":"https:\/\/pans.krosno.pl\/pracownicy\/"},{"@type":"ListItem","position":2,"name":"mgr Lucyna Krzysztyniak","item":"https:\/\/pans.krosno.pl\/pracownicy\/lucyna-krzysztyniak\/"},{"@type":"ListItem","position":3,"name":"mgr Lucyna Krzysztyniak &#8211; \u017byciorys naukowy"}]},{"@type":"WebSite","@id":"https:\/\/pans.krosno.pl\/pracownicy\/#website","url":"https:\/\/pans.krosno.pl\/pracownicy\/","name":"Pracownicy PANS w Kro\u015bnie","description":"Pracownicy - Pa\u0144stwowa Akademia Nauk Stosowanych","publisher":{"@id":"https:\/\/pans.krosno.pl\/pracownicy\/#organization"},"potentialAction":[{"@type":"SearchAction","target":{"@type":"EntryPoint","urlTemplate":"https:\/\/pans.krosno.pl\/pracownicy\/?s={search_term_string}"},"query-input":{"@type":"PropertyValueSpecification","valueRequired":true,"valueName":"search_term_string"}}],"inLanguage":"pl-PL"},{"@type":"Organization","@id":"https:\/\/pans.krosno.pl\/pracownicy\/#organization","name":"Pracownicy PANS w Kro\u015bnie","url":"https:\/\/pans.krosno.pl\/pracownicy\/","logo":{"@type":"ImageObject","inLanguage":"pl-PL","@id":"https:\/\/pans.krosno.pl\/pracownicy\/#\/schema\/logo\/image\/","url":"https:\/\/pans.krosno.pl\/pracownicy\/wp-content\/uploads\/sites\/41\/2023\/01\/Logo-PANS-2022-pelne.png","contentUrl":"https:\/\/pans.krosno.pl\/pracownicy\/wp-content\/uploads\/sites\/41\/2023\/01\/Logo-PANS-2022-pelne.png","width":3096,"height":696,"caption":"Pracownicy PANS w Kro\u015bnie"},"image":{"@id":"https:\/\/pans.krosno.pl\/pracownicy\/#\/schema\/logo\/image\/"}}]}},"_links":{"self":[{"href":"https:\/\/pans.krosno.pl\/pracownicy\/wp-json\/wp\/v2\/pages\/5477","targetHints":{"allow":["GET"]}}],"collection":[{"href":"https:\/\/pans.krosno.pl\/pracownicy\/wp-json\/wp\/v2\/pages"}],"about":[{"href":"https:\/\/pans.krosno.pl\/pracownicy\/wp-json\/wp\/v2\/types\/page"}],"author":[{"embeddable":true,"href":"https:\/\/pans.krosno.pl\/pracownicy\/wp-json\/wp\/v2\/users\/36"}],"replies":[{"embeddable":true,"href":"https:\/\/pans.krosno.pl\/pracownicy\/wp-json\/wp\/v2\/comments?post=5477"}],"version-history":[{"count":5,"href":"https:\/\/pans.krosno.pl\/pracownicy\/wp-json\/wp\/v2\/pages\/5477\/revisions"}],"predecessor-version":[{"id":10508,"href":"https:\/\/pans.krosno.pl\/pracownicy\/wp-json\/wp\/v2\/pages\/5477\/revisions\/10508"}],"up":[{"embeddable":true,"href":"https:\/\/pans.krosno.pl\/pracownicy\/wp-json\/wp\/v2\/pages\/5471"}],"wp:attachment":[{"href":"https:\/\/pans.krosno.pl\/pracownicy\/wp-json\/wp\/v2\/media?parent=5477"}],"curies":[{"name":"wp","href":"https:\/\/api.w.org\/{rel}","templated":true}]}}