{"id":5467,"date":"2020-04-30T11:03:17","date_gmt":"2020-04-30T09:03:17","guid":{"rendered":"https:\/\/pans.krosno.pl\/pracownicy\/?page_id=5467"},"modified":"2025-05-20T14:04:36","modified_gmt":"2025-05-20T12:04:36","slug":"danuta-zarzycka-najwazniejsze-nagrody-i-wyroznienia","status":"publish","type":"page","link":"https:\/\/pans.krosno.pl\/pracownicy\/danuta-zarzycka\/danuta-zarzycka-najwazniejsze-nagrody-i-wyroznienia\/","title":{"rendered":"dr hab. Danuta Zarzycka, prof. KPU &#8211; Najwa\u017cniejsze nagrody i wyr\u00f3\u017cnienia"},"content":{"rendered":"<hr>\n<ul>\n<li>w 2018 r. &#8211; Nagroda Ministra Zdrowia za autorstwo wybitnych i innowacyjnych podr\u0119cznik\u00f3w akademickich pt.: Podstawy piel\u0119gniarstwa. Za\u0142o\u017cenia teoretyczno-empiryczne opieki piel\u0119gniarskiej. T.1.Podstawy piel\u0119gniarstwa. Wybrane umiej\u0119tno\u015bci i procedury opieki piel\u0119gniarskiej. T.2.; Umiej\u0119tno\u015bci piel\u0119gniarskie. Katalog check-list. Materia\u0142y \u0107wiczeniowe z Podstaw piel\u0119gniarstwa. PZWL, Warszawa 2017.<\/li>\n<li>Cz\u0142onek honorowy redakcji czasopisma \u201ePiel\u0119gniarstwo XXI wieku\u201d<\/li>\n<\/ul>\n<hr>\n<p>&nbsp;<\/p>\n","protected":false},"excerpt":{"rendered":"<p>w 2018 r. &#8211; Nagroda Ministra Zdrowia za autorstwo wybitnych i innowacyjnych podr\u0119cznik\u00f3w akademickich pt.: Podstawy piel\u0119gniarstwa. Za\u0142o\u017cenia teoretyczno-empiryczne opieki piel\u0119gniarskiej. T.1.Podstawy piel\u0119gniarstwa. Wybrane umiej\u0119tno\u015bci i procedury opieki piel\u0119gniarskiej. T.2.; Umiej\u0119tno\u015bci piel\u0119gniarskie. Katalog check-list. Materia\u0142y \u0107wiczeniowe z Podstaw piel\u0119gniarstwa. PZWL, Warszawa 2017. Cz\u0142onek honorowy redakcji czasopisma \u201ePiel\u0119gniarstwo XXI wieku\u201d &nbsp;<\/p>\n","protected":false},"author":36,"featured_media":0,"parent":5445,"menu_order":0,"comment_status":"closed","ping_status":"closed","template":"","meta":{"ngg_post_thumbnail":0,"footnotes":""},"class_list":["post-5467","page","type-page","status-publish","hentry"],"yoast_head":"<!-- This site is optimized with the Yoast SEO Premium plugin v27.3 (Yoast SEO v27.3) - https:\/\/yoast.com\/product\/yoast-seo-premium-wordpress\/ -->\n<title>dr hab. Danuta Zarzycka, prof. KPU - Najwa\u017cniejsze nagrody i wyr\u00f3\u017cnienia - Pracownicy PANS w Kro\u015bnie<\/title>\n<meta name=\"robots\" content=\"index, follow, max-snippet:-1, max-image-preview:large, max-video-preview:-1\" \/>\n<link rel=\"canonical\" href=\"https:\/\/pans.krosno.pl\/pracownicy\/danuta-zarzycka\/danuta-zarzycka-najwazniejsze-nagrody-i-wyroznienia\/\" \/>\n<meta property=\"og:locale\" content=\"pl_PL\" \/>\n<meta property=\"og:type\" content=\"article\" \/>\n<meta property=\"og:title\" content=\"dr hab. Danuta Zarzycka, prof. KPU - Najwa\u017cniejsze nagrody i wyr\u00f3\u017cnienia\" \/>\n<meta property=\"og:description\" content=\"w 2018 r. &#8211; Nagroda Ministra Zdrowia za autorstwo wybitnych i innowacyjnych podr\u0119cznik\u00f3w akademickich pt.: Podstawy piel\u0119gniarstwa. Za\u0142o\u017cenia teoretyczno-empiryczne opieki piel\u0119gniarskiej. T.1.Podstawy piel\u0119gniarstwa. Wybrane umiej\u0119tno\u015bci i procedury opieki piel\u0119gniarskiej. T.2.; Umiej\u0119tno\u015bci piel\u0119gniarskie. Katalog check-list. Materia\u0142y \u0107wiczeniowe z Podstaw piel\u0119gniarstwa. PZWL, Warszawa 2017. Cz\u0142onek honorowy redakcji czasopisma \u201ePiel\u0119gniarstwo XXI wieku\u201d &nbsp;\" \/>\n<meta property=\"og:url\" content=\"https:\/\/pans.krosno.pl\/pracownicy\/danuta-zarzycka\/danuta-zarzycka-najwazniejsze-nagrody-i-wyroznienia\/\" \/>\n<meta property=\"og:site_name\" content=\"Pracownicy PANS w Kro\u015bnie\" \/>\n<meta property=\"article:modified_time\" content=\"2025-05-20T12:04:36+00:00\" \/>\n<meta name=\"twitter:card\" content=\"summary_large_image\" \/>\n<meta name=\"twitter:label1\" content=\"Szacowany czas czytania\" \/>\n\t<meta name=\"twitter:data1\" content=\"1 minuta\" \/>\n<script type=\"application\/ld+json\" class=\"yoast-schema-graph\">{\"@context\":\"https:\\\/\\\/schema.org\",\"@graph\":[{\"@type\":\"WebPage\",\"@id\":\"https:\\\/\\\/pans.krosno.pl\\\/pracownicy\\\/danuta-zarzycka\\\/danuta-zarzycka-najwazniejsze-nagrody-i-wyroznienia\\\/\",\"url\":\"https:\\\/\\\/pans.krosno.pl\\\/pracownicy\\\/danuta-zarzycka\\\/danuta-zarzycka-najwazniejsze-nagrody-i-wyroznienia\\\/\",\"name\":\"dr hab. Danuta Zarzycka, prof. KPU - Najwa\u017cniejsze nagrody i wyr\u00f3\u017cnienia - Pracownicy PANS w Kro\u015bnie\",\"isPartOf\":{\"@id\":\"https:\\\/\\\/pans.krosno.pl\\\/pracownicy\\\/#website\"},\"datePublished\":\"2020-04-30T09:03:17+00:00\",\"dateModified\":\"2025-05-20T12:04:36+00:00\",\"breadcrumb\":{\"@id\":\"https:\\\/\\\/pans.krosno.pl\\\/pracownicy\\\/danuta-zarzycka\\\/danuta-zarzycka-najwazniejsze-nagrody-i-wyroznienia\\\/#breadcrumb\"},\"inLanguage\":\"pl-PL\",\"potentialAction\":[{\"@type\":\"ReadAction\",\"target\":[\"https:\\\/\\\/pans.krosno.pl\\\/pracownicy\\\/danuta-zarzycka\\\/danuta-zarzycka-najwazniejsze-nagrody-i-wyroznienia\\\/\"]}]},{\"@type\":\"BreadcrumbList\",\"@id\":\"https:\\\/\\\/pans.krosno.pl\\\/pracownicy\\\/danuta-zarzycka\\\/danuta-zarzycka-najwazniejsze-nagrody-i-wyroznienia\\\/#breadcrumb\",\"itemListElement\":[{\"@type\":\"ListItem\",\"position\":1,\"name\":\"Strona g\u0142\u00f3wna\",\"item\":\"https:\\\/\\\/pans.krosno.pl\\\/pracownicy\\\/\"},{\"@type\":\"ListItem\",\"position\":2,\"name\":\"dr hab. Danuta Zarzycka, prof. PANS\",\"item\":\"https:\\\/\\\/pans.krosno.pl\\\/pracownicy\\\/danuta-zarzycka\\\/\"},{\"@type\":\"ListItem\",\"position\":3,\"name\":\"dr hab. Danuta Zarzycka, prof. KPU &#8211; Najwa\u017cniejsze nagrody i wyr\u00f3\u017cnienia\"}]},{\"@type\":\"WebSite\",\"@id\":\"https:\\\/\\\/pans.krosno.pl\\\/pracownicy\\\/#website\",\"url\":\"https:\\\/\\\/pans.krosno.pl\\\/pracownicy\\\/\",\"name\":\"Pracownicy PANS w Kro\u015bnie\",\"description\":\"Pracownicy - Pa\u0144stwowa Akademia Nauk Stosowanych\",\"publisher\":{\"@id\":\"https:\\\/\\\/pans.krosno.pl\\\/pracownicy\\\/#organization\"},\"potentialAction\":[{\"@type\":\"SearchAction\",\"target\":{\"@type\":\"EntryPoint\",\"urlTemplate\":\"https:\\\/\\\/pans.krosno.pl\\\/pracownicy\\\/?s={search_term_string}\"},\"query-input\":{\"@type\":\"PropertyValueSpecification\",\"valueRequired\":true,\"valueName\":\"search_term_string\"}}],\"inLanguage\":\"pl-PL\"},{\"@type\":\"Organization\",\"@id\":\"https:\\\/\\\/pans.krosno.pl\\\/pracownicy\\\/#organization\",\"name\":\"Pracownicy PANS w Kro\u015bnie\",\"url\":\"https:\\\/\\\/pans.krosno.pl\\\/pracownicy\\\/\",\"logo\":{\"@type\":\"ImageObject\",\"inLanguage\":\"pl-PL\",\"@id\":\"https:\\\/\\\/pans.krosno.pl\\\/pracownicy\\\/#\\\/schema\\\/logo\\\/image\\\/\",\"url\":\"https:\\\/\\\/pans.krosno.pl\\\/pracownicy\\\/wp-content\\\/uploads\\\/sites\\\/41\\\/2023\\\/01\\\/Logo-PANS-2022-pelne.png\",\"contentUrl\":\"https:\\\/\\\/pans.krosno.pl\\\/pracownicy\\\/wp-content\\\/uploads\\\/sites\\\/41\\\/2023\\\/01\\\/Logo-PANS-2022-pelne.png\",\"width\":3096,\"height\":696,\"caption\":\"Pracownicy PANS w Kro\u015bnie\"},\"image\":{\"@id\":\"https:\\\/\\\/pans.krosno.pl\\\/pracownicy\\\/#\\\/schema\\\/logo\\\/image\\\/\"}}]}<\/script>\n<!-- \/ Yoast SEO Premium plugin. -->","yoast_head_json":{"title":"dr hab. Danuta Zarzycka, prof. KPU - Najwa\u017cniejsze nagrody i wyr\u00f3\u017cnienia - Pracownicy PANS w Kro\u015bnie","robots":{"index":"index","follow":"follow","max-snippet":"max-snippet:-1","max-image-preview":"max-image-preview:large","max-video-preview":"max-video-preview:-1"},"canonical":"https:\/\/pans.krosno.pl\/pracownicy\/danuta-zarzycka\/danuta-zarzycka-najwazniejsze-nagrody-i-wyroznienia\/","og_locale":"pl_PL","og_type":"article","og_title":"dr hab. Danuta Zarzycka, prof. KPU - Najwa\u017cniejsze nagrody i wyr\u00f3\u017cnienia","og_description":"w 2018 r. &#8211; Nagroda Ministra Zdrowia za autorstwo wybitnych i innowacyjnych podr\u0119cznik\u00f3w akademickich pt.: Podstawy piel\u0119gniarstwa. Za\u0142o\u017cenia teoretyczno-empiryczne opieki piel\u0119gniarskiej. T.1.Podstawy piel\u0119gniarstwa. Wybrane umiej\u0119tno\u015bci i procedury opieki piel\u0119gniarskiej. T.2.; Umiej\u0119tno\u015bci piel\u0119gniarskie. Katalog check-list. Materia\u0142y \u0107wiczeniowe z Podstaw piel\u0119gniarstwa. PZWL, Warszawa 2017. Cz\u0142onek honorowy redakcji czasopisma \u201ePiel\u0119gniarstwo XXI wieku\u201d &nbsp;","og_url":"https:\/\/pans.krosno.pl\/pracownicy\/danuta-zarzycka\/danuta-zarzycka-najwazniejsze-nagrody-i-wyroznienia\/","og_site_name":"Pracownicy PANS w Kro\u015bnie","article_modified_time":"2025-05-20T12:04:36+00:00","twitter_card":"summary_large_image","twitter_misc":{"Szacowany czas czytania":"1 minuta"},"schema":{"@context":"https:\/\/schema.org","@graph":[{"@type":"WebPage","@id":"https:\/\/pans.krosno.pl\/pracownicy\/danuta-zarzycka\/danuta-zarzycka-najwazniejsze-nagrody-i-wyroznienia\/","url":"https:\/\/pans.krosno.pl\/pracownicy\/danuta-zarzycka\/danuta-zarzycka-najwazniejsze-nagrody-i-wyroznienia\/","name":"dr hab. Danuta Zarzycka, prof. KPU - Najwa\u017cniejsze nagrody i wyr\u00f3\u017cnienia - Pracownicy PANS w Kro\u015bnie","isPartOf":{"@id":"https:\/\/pans.krosno.pl\/pracownicy\/#website"},"datePublished":"2020-04-30T09:03:17+00:00","dateModified":"2025-05-20T12:04:36+00:00","breadcrumb":{"@id":"https:\/\/pans.krosno.pl\/pracownicy\/danuta-zarzycka\/danuta-zarzycka-najwazniejsze-nagrody-i-wyroznienia\/#breadcrumb"},"inLanguage":"pl-PL","potentialAction":[{"@type":"ReadAction","target":["https:\/\/pans.krosno.pl\/pracownicy\/danuta-zarzycka\/danuta-zarzycka-najwazniejsze-nagrody-i-wyroznienia\/"]}]},{"@type":"BreadcrumbList","@id":"https:\/\/pans.krosno.pl\/pracownicy\/danuta-zarzycka\/danuta-zarzycka-najwazniejsze-nagrody-i-wyroznienia\/#breadcrumb","itemListElement":[{"@type":"ListItem","position":1,"name":"Strona g\u0142\u00f3wna","item":"https:\/\/pans.krosno.pl\/pracownicy\/"},{"@type":"ListItem","position":2,"name":"dr hab. Danuta Zarzycka, prof. PANS","item":"https:\/\/pans.krosno.pl\/pracownicy\/danuta-zarzycka\/"},{"@type":"ListItem","position":3,"name":"dr hab. Danuta Zarzycka, prof. KPU &#8211; Najwa\u017cniejsze nagrody i wyr\u00f3\u017cnienia"}]},{"@type":"WebSite","@id":"https:\/\/pans.krosno.pl\/pracownicy\/#website","url":"https:\/\/pans.krosno.pl\/pracownicy\/","name":"Pracownicy PANS w Kro\u015bnie","description":"Pracownicy - Pa\u0144stwowa Akademia Nauk Stosowanych","publisher":{"@id":"https:\/\/pans.krosno.pl\/pracownicy\/#organization"},"potentialAction":[{"@type":"SearchAction","target":{"@type":"EntryPoint","urlTemplate":"https:\/\/pans.krosno.pl\/pracownicy\/?s={search_term_string}"},"query-input":{"@type":"PropertyValueSpecification","valueRequired":true,"valueName":"search_term_string"}}],"inLanguage":"pl-PL"},{"@type":"Organization","@id":"https:\/\/pans.krosno.pl\/pracownicy\/#organization","name":"Pracownicy PANS w Kro\u015bnie","url":"https:\/\/pans.krosno.pl\/pracownicy\/","logo":{"@type":"ImageObject","inLanguage":"pl-PL","@id":"https:\/\/pans.krosno.pl\/pracownicy\/#\/schema\/logo\/image\/","url":"https:\/\/pans.krosno.pl\/pracownicy\/wp-content\/uploads\/sites\/41\/2023\/01\/Logo-PANS-2022-pelne.png","contentUrl":"https:\/\/pans.krosno.pl\/pracownicy\/wp-content\/uploads\/sites\/41\/2023\/01\/Logo-PANS-2022-pelne.png","width":3096,"height":696,"caption":"Pracownicy PANS w Kro\u015bnie"},"image":{"@id":"https:\/\/pans.krosno.pl\/pracownicy\/#\/schema\/logo\/image\/"}}]}},"_links":{"self":[{"href":"https:\/\/pans.krosno.pl\/pracownicy\/wp-json\/wp\/v2\/pages\/5467","targetHints":{"allow":["GET"]}}],"collection":[{"href":"https:\/\/pans.krosno.pl\/pracownicy\/wp-json\/wp\/v2\/pages"}],"about":[{"href":"https:\/\/pans.krosno.pl\/pracownicy\/wp-json\/wp\/v2\/types\/page"}],"author":[{"embeddable":true,"href":"https:\/\/pans.krosno.pl\/pracownicy\/wp-json\/wp\/v2\/users\/36"}],"replies":[{"embeddable":true,"href":"https:\/\/pans.krosno.pl\/pracownicy\/wp-json\/wp\/v2\/comments?post=5467"}],"version-history":[{"count":6,"href":"https:\/\/pans.krosno.pl\/pracownicy\/wp-json\/wp\/v2\/pages\/5467\/revisions"}],"predecessor-version":[{"id":11083,"href":"https:\/\/pans.krosno.pl\/pracownicy\/wp-json\/wp\/v2\/pages\/5467\/revisions\/11083"}],"up":[{"embeddable":true,"href":"https:\/\/pans.krosno.pl\/pracownicy\/wp-json\/wp\/v2\/pages\/5445"}],"wp:attachment":[{"href":"https:\/\/pans.krosno.pl\/pracownicy\/wp-json\/wp\/v2\/media?parent=5467"}],"curies":[{"name":"wp","href":"https:\/\/api.w.org\/{rel}","templated":true}]}}