{"id":5455,"date":"2020-04-30T10:57:38","date_gmt":"2020-04-30T08:57:38","guid":{"rendered":"https:\/\/pans.krosno.pl\/pracownicy\/?page_id=5455"},"modified":"2025-05-20T14:04:28","modified_gmt":"2025-05-20T12:04:28","slug":"danuta-zarzycka-doswiadczenie-pozauczelniane","status":"publish","type":"page","link":"https:\/\/pans.krosno.pl\/pracownicy\/danuta-zarzycka\/danuta-zarzycka-doswiadczenie-pozauczelniane\/","title":{"rendered":"dr hab. Danuta Zarzycka, prof. KPU &#8211; Do\u015bwiadczenie pozauczelniane"},"content":{"rendered":"\n<hr class=\"wp-block-separator has-alpha-channel-opacity\" \/>\n\n\n\n<p>Zatrudnienie:<br>Oddzia\u0142 Neurochirurgii Pa\u0144stwowego Szpitala Klinicznego Nr 4 w Lublinie (1991-1998), asystent ds. jako\u015bci opieki piel\u0119gniarskiej<\/p>\n\n\n\n<p><br>Sta\u017ce:<\/p>\n\n\n\n<ul class=\"wp-block-list\">\n<li>Our Lady\u2019s for Sick Children Hospital, Crumlin, Dublin, 2002<\/li>\n\n\n\n<li>Polsko-Ameryka\u0144ski Instytut Pediatrii CM UJ w Krakowie, 1998<\/li>\n\n\n\n<li>Wyjazd w ramach programu ERASMUS+ , SPAIN,MURCIA 21-24.03.2017r.<\/li>\n\n\n\n<li>Wyjazd w ramach programu ERASMUS+, ROMANIA, CONSTANTA 23-29.05.2019r.<\/li>\n\n\n\n<li>Ekspert UE misji informacyjno-szkoleniowej w Rumunii nr projektu: 3949\/SP\/25.10.2013 w dniach 7-10.04.2014r.<\/li>\n\n\n\n<li>Ekspert WHO w projekcie \u201eBetter managing the mobility of health professionals in the Republic of Moldova, nr projektu: EUMDA1408052<\/li>\n<\/ul>\n\n\n\n<p><br>W okresie od 2008 r. do 2011 r. \u2013 Kierownik grantu Ministerstwa Nauki i Szkolnictwa Wy\u017cszego nr N 404 153834 pt. Dynamika zmian wybranych zasob\u00f3w zdrowotnych zewn\u0119trznych (wsparcia spo\u0142ecznego, wydarze\u0144 \u017cyciowych) i zasob\u00f3w wewn\u0119trznych (poziom kortyzolu\/DHEA, orientacji \u017cyciowej) m\u0142odzie\u017cy akademickiej miasta Lublina a poziom l\u0119ku i depresji.<\/p>\n\n\n\n<hr class=\"wp-block-separator has-alpha-channel-opacity\" \/>\n\n\n\n<p><\/p>\n","protected":false},"excerpt":{"rendered":"<p>Zatrudnienie:Oddzia\u0142 Neurochirurgii Pa\u0144stwowego Szpitala Klinicznego Nr 4 w Lublinie (1991-1998), asystent ds. jako\u015bci opieki piel\u0119gniarskiej Sta\u017ce: W okresie od 2008 r. do 2011 r. \u2013 Kierownik grantu Ministerstwa Nauki i Szkolnictwa Wy\u017cszego nr N 404 153834 pt. Dynamika zmian wybranych zasob\u00f3w zdrowotnych zewn\u0119trznych (wsparcia spo\u0142ecznego, wydarze\u0144 \u017cyciowych) i zasob\u00f3w wewn\u0119trznych [\u2026] <\/p>\n<div class=\"clear\"><\/div>\n<p><a class=\"more_link clearfix\" href=\"https:\/\/pans.krosno.pl\/pracownicy\/danuta-zarzycka\/danuta-zarzycka-doswiadczenie-pozauczelniane\/\" rel=\"nofollow\">Read More<\/a><\/p>\n","protected":false},"author":36,"featured_media":0,"parent":5445,"menu_order":0,"comment_status":"closed","ping_status":"closed","template":"","meta":{"ngg_post_thumbnail":0,"footnotes":""},"class_list":["post-5455","page","type-page","status-publish","hentry"],"yoast_head":"<!-- This site is optimized with the Yoast SEO Premium plugin v27.3 (Yoast SEO v27.3) - https:\/\/yoast.com\/product\/yoast-seo-premium-wordpress\/ -->\n<title>dr hab. Danuta Zarzycka, prof. KPU - Do\u015bwiadczenie pozauczelniane - Pracownicy PANS w Kro\u015bnie<\/title>\n<meta name=\"robots\" content=\"index, follow, max-snippet:-1, max-image-preview:large, max-video-preview:-1\" \/>\n<link rel=\"canonical\" href=\"https:\/\/pans.krosno.pl\/pracownicy\/danuta-zarzycka\/danuta-zarzycka-doswiadczenie-pozauczelniane\/\" \/>\n<meta property=\"og:locale\" content=\"pl_PL\" \/>\n<meta property=\"og:type\" content=\"article\" \/>\n<meta property=\"og:title\" content=\"dr hab. Danuta Zarzycka, prof. KPU - Do\u015bwiadczenie pozauczelniane\" \/>\n<meta property=\"og:description\" content=\"Zatrudnienie:Oddzia\u0142 Neurochirurgii Pa\u0144stwowego Szpitala Klinicznego Nr 4 w Lublinie (1991-1998), asystent ds. jako\u015bci opieki piel\u0119gniarskiej Sta\u017ce: W okresie od 2008 r. do 2011 r. \u2013 Kierownik grantu Ministerstwa Nauki i Szkolnictwa Wy\u017cszego nr N 404 153834 pt. Dynamika zmian wybranych zasob\u00f3w zdrowotnych zewn\u0119trznych (wsparcia spo\u0142ecznego, wydarze\u0144 \u017cyciowych) i zasob\u00f3w wewn\u0119trznych [\u2026] Read More\" \/>\n<meta property=\"og:url\" content=\"https:\/\/pans.krosno.pl\/pracownicy\/danuta-zarzycka\/danuta-zarzycka-doswiadczenie-pozauczelniane\/\" \/>\n<meta property=\"og:site_name\" content=\"Pracownicy PANS w Kro\u015bnie\" \/>\n<meta property=\"article:modified_time\" content=\"2025-05-20T12:04:28+00:00\" \/>\n<meta name=\"twitter:card\" content=\"summary_large_image\" \/>\n<meta name=\"twitter:label1\" content=\"Szacowany czas czytania\" \/>\n\t<meta name=\"twitter:data1\" content=\"1 minuta\" \/>\n<script type=\"application\/ld+json\" class=\"yoast-schema-graph\">{\"@context\":\"https:\\\/\\\/schema.org\",\"@graph\":[{\"@type\":\"WebPage\",\"@id\":\"https:\\\/\\\/pans.krosno.pl\\\/pracownicy\\\/danuta-zarzycka\\\/danuta-zarzycka-doswiadczenie-pozauczelniane\\\/\",\"url\":\"https:\\\/\\\/pans.krosno.pl\\\/pracownicy\\\/danuta-zarzycka\\\/danuta-zarzycka-doswiadczenie-pozauczelniane\\\/\",\"name\":\"dr hab. Danuta Zarzycka, prof. KPU - Do\u015bwiadczenie pozauczelniane - Pracownicy PANS w Kro\u015bnie\",\"isPartOf\":{\"@id\":\"https:\\\/\\\/pans.krosno.pl\\\/pracownicy\\\/#website\"},\"datePublished\":\"2020-04-30T08:57:38+00:00\",\"dateModified\":\"2025-05-20T12:04:28+00:00\",\"breadcrumb\":{\"@id\":\"https:\\\/\\\/pans.krosno.pl\\\/pracownicy\\\/danuta-zarzycka\\\/danuta-zarzycka-doswiadczenie-pozauczelniane\\\/#breadcrumb\"},\"inLanguage\":\"pl-PL\",\"potentialAction\":[{\"@type\":\"ReadAction\",\"target\":[\"https:\\\/\\\/pans.krosno.pl\\\/pracownicy\\\/danuta-zarzycka\\\/danuta-zarzycka-doswiadczenie-pozauczelniane\\\/\"]}]},{\"@type\":\"BreadcrumbList\",\"@id\":\"https:\\\/\\\/pans.krosno.pl\\\/pracownicy\\\/danuta-zarzycka\\\/danuta-zarzycka-doswiadczenie-pozauczelniane\\\/#breadcrumb\",\"itemListElement\":[{\"@type\":\"ListItem\",\"position\":1,\"name\":\"Strona g\u0142\u00f3wna\",\"item\":\"https:\\\/\\\/pans.krosno.pl\\\/pracownicy\\\/\"},{\"@type\":\"ListItem\",\"position\":2,\"name\":\"dr hab. Danuta Zarzycka, prof. PANS\",\"item\":\"https:\\\/\\\/pans.krosno.pl\\\/pracownicy\\\/danuta-zarzycka\\\/\"},{\"@type\":\"ListItem\",\"position\":3,\"name\":\"dr hab. Danuta Zarzycka, prof. KPU &#8211; Do\u015bwiadczenie pozauczelniane\"}]},{\"@type\":\"WebSite\",\"@id\":\"https:\\\/\\\/pans.krosno.pl\\\/pracownicy\\\/#website\",\"url\":\"https:\\\/\\\/pans.krosno.pl\\\/pracownicy\\\/\",\"name\":\"Pracownicy PANS w Kro\u015bnie\",\"description\":\"Pracownicy - Pa\u0144stwowa Akademia Nauk Stosowanych\",\"publisher\":{\"@id\":\"https:\\\/\\\/pans.krosno.pl\\\/pracownicy\\\/#organization\"},\"potentialAction\":[{\"@type\":\"SearchAction\",\"target\":{\"@type\":\"EntryPoint\",\"urlTemplate\":\"https:\\\/\\\/pans.krosno.pl\\\/pracownicy\\\/?s={search_term_string}\"},\"query-input\":{\"@type\":\"PropertyValueSpecification\",\"valueRequired\":true,\"valueName\":\"search_term_string\"}}],\"inLanguage\":\"pl-PL\"},{\"@type\":\"Organization\",\"@id\":\"https:\\\/\\\/pans.krosno.pl\\\/pracownicy\\\/#organization\",\"name\":\"Pracownicy PANS w Kro\u015bnie\",\"url\":\"https:\\\/\\\/pans.krosno.pl\\\/pracownicy\\\/\",\"logo\":{\"@type\":\"ImageObject\",\"inLanguage\":\"pl-PL\",\"@id\":\"https:\\\/\\\/pans.krosno.pl\\\/pracownicy\\\/#\\\/schema\\\/logo\\\/image\\\/\",\"url\":\"https:\\\/\\\/pans.krosno.pl\\\/pracownicy\\\/wp-content\\\/uploads\\\/sites\\\/41\\\/2023\\\/01\\\/Logo-PANS-2022-pelne.png\",\"contentUrl\":\"https:\\\/\\\/pans.krosno.pl\\\/pracownicy\\\/wp-content\\\/uploads\\\/sites\\\/41\\\/2023\\\/01\\\/Logo-PANS-2022-pelne.png\",\"width\":3096,\"height\":696,\"caption\":\"Pracownicy PANS w Kro\u015bnie\"},\"image\":{\"@id\":\"https:\\\/\\\/pans.krosno.pl\\\/pracownicy\\\/#\\\/schema\\\/logo\\\/image\\\/\"}}]}<\/script>\n<!-- \/ Yoast SEO Premium plugin. -->","yoast_head_json":{"title":"dr hab. Danuta Zarzycka, prof. KPU - Do\u015bwiadczenie pozauczelniane - Pracownicy PANS w Kro\u015bnie","robots":{"index":"index","follow":"follow","max-snippet":"max-snippet:-1","max-image-preview":"max-image-preview:large","max-video-preview":"max-video-preview:-1"},"canonical":"https:\/\/pans.krosno.pl\/pracownicy\/danuta-zarzycka\/danuta-zarzycka-doswiadczenie-pozauczelniane\/","og_locale":"pl_PL","og_type":"article","og_title":"dr hab. Danuta Zarzycka, prof. KPU - Do\u015bwiadczenie pozauczelniane","og_description":"Zatrudnienie:Oddzia\u0142 Neurochirurgii Pa\u0144stwowego Szpitala Klinicznego Nr 4 w Lublinie (1991-1998), asystent ds. jako\u015bci opieki piel\u0119gniarskiej Sta\u017ce: W okresie od 2008 r. do 2011 r. \u2013 Kierownik grantu Ministerstwa Nauki i Szkolnictwa Wy\u017cszego nr N 404 153834 pt. Dynamika zmian wybranych zasob\u00f3w zdrowotnych zewn\u0119trznych (wsparcia spo\u0142ecznego, wydarze\u0144 \u017cyciowych) i zasob\u00f3w wewn\u0119trznych [\u2026] Read More","og_url":"https:\/\/pans.krosno.pl\/pracownicy\/danuta-zarzycka\/danuta-zarzycka-doswiadczenie-pozauczelniane\/","og_site_name":"Pracownicy PANS w Kro\u015bnie","article_modified_time":"2025-05-20T12:04:28+00:00","twitter_card":"summary_large_image","twitter_misc":{"Szacowany czas czytania":"1 minuta"},"schema":{"@context":"https:\/\/schema.org","@graph":[{"@type":"WebPage","@id":"https:\/\/pans.krosno.pl\/pracownicy\/danuta-zarzycka\/danuta-zarzycka-doswiadczenie-pozauczelniane\/","url":"https:\/\/pans.krosno.pl\/pracownicy\/danuta-zarzycka\/danuta-zarzycka-doswiadczenie-pozauczelniane\/","name":"dr hab. Danuta Zarzycka, prof. KPU - Do\u015bwiadczenie pozauczelniane - Pracownicy PANS w Kro\u015bnie","isPartOf":{"@id":"https:\/\/pans.krosno.pl\/pracownicy\/#website"},"datePublished":"2020-04-30T08:57:38+00:00","dateModified":"2025-05-20T12:04:28+00:00","breadcrumb":{"@id":"https:\/\/pans.krosno.pl\/pracownicy\/danuta-zarzycka\/danuta-zarzycka-doswiadczenie-pozauczelniane\/#breadcrumb"},"inLanguage":"pl-PL","potentialAction":[{"@type":"ReadAction","target":["https:\/\/pans.krosno.pl\/pracownicy\/danuta-zarzycka\/danuta-zarzycka-doswiadczenie-pozauczelniane\/"]}]},{"@type":"BreadcrumbList","@id":"https:\/\/pans.krosno.pl\/pracownicy\/danuta-zarzycka\/danuta-zarzycka-doswiadczenie-pozauczelniane\/#breadcrumb","itemListElement":[{"@type":"ListItem","position":1,"name":"Strona g\u0142\u00f3wna","item":"https:\/\/pans.krosno.pl\/pracownicy\/"},{"@type":"ListItem","position":2,"name":"dr hab. Danuta Zarzycka, prof. PANS","item":"https:\/\/pans.krosno.pl\/pracownicy\/danuta-zarzycka\/"},{"@type":"ListItem","position":3,"name":"dr hab. Danuta Zarzycka, prof. KPU &#8211; Do\u015bwiadczenie pozauczelniane"}]},{"@type":"WebSite","@id":"https:\/\/pans.krosno.pl\/pracownicy\/#website","url":"https:\/\/pans.krosno.pl\/pracownicy\/","name":"Pracownicy PANS w Kro\u015bnie","description":"Pracownicy - Pa\u0144stwowa Akademia Nauk Stosowanych","publisher":{"@id":"https:\/\/pans.krosno.pl\/pracownicy\/#organization"},"potentialAction":[{"@type":"SearchAction","target":{"@type":"EntryPoint","urlTemplate":"https:\/\/pans.krosno.pl\/pracownicy\/?s={search_term_string}"},"query-input":{"@type":"PropertyValueSpecification","valueRequired":true,"valueName":"search_term_string"}}],"inLanguage":"pl-PL"},{"@type":"Organization","@id":"https:\/\/pans.krosno.pl\/pracownicy\/#organization","name":"Pracownicy PANS w Kro\u015bnie","url":"https:\/\/pans.krosno.pl\/pracownicy\/","logo":{"@type":"ImageObject","inLanguage":"pl-PL","@id":"https:\/\/pans.krosno.pl\/pracownicy\/#\/schema\/logo\/image\/","url":"https:\/\/pans.krosno.pl\/pracownicy\/wp-content\/uploads\/sites\/41\/2023\/01\/Logo-PANS-2022-pelne.png","contentUrl":"https:\/\/pans.krosno.pl\/pracownicy\/wp-content\/uploads\/sites\/41\/2023\/01\/Logo-PANS-2022-pelne.png","width":3096,"height":696,"caption":"Pracownicy PANS w Kro\u015bnie"},"image":{"@id":"https:\/\/pans.krosno.pl\/pracownicy\/#\/schema\/logo\/image\/"}}]}},"_links":{"self":[{"href":"https:\/\/pans.krosno.pl\/pracownicy\/wp-json\/wp\/v2\/pages\/5455","targetHints":{"allow":["GET"]}}],"collection":[{"href":"https:\/\/pans.krosno.pl\/pracownicy\/wp-json\/wp\/v2\/pages"}],"about":[{"href":"https:\/\/pans.krosno.pl\/pracownicy\/wp-json\/wp\/v2\/types\/page"}],"author":[{"embeddable":true,"href":"https:\/\/pans.krosno.pl\/pracownicy\/wp-json\/wp\/v2\/users\/36"}],"replies":[{"embeddable":true,"href":"https:\/\/pans.krosno.pl\/pracownicy\/wp-json\/wp\/v2\/comments?post=5455"}],"version-history":[{"count":13,"href":"https:\/\/pans.krosno.pl\/pracownicy\/wp-json\/wp\/v2\/pages\/5455\/revisions"}],"predecessor-version":[{"id":11081,"href":"https:\/\/pans.krosno.pl\/pracownicy\/wp-json\/wp\/v2\/pages\/5455\/revisions\/11081"}],"up":[{"embeddable":true,"href":"https:\/\/pans.krosno.pl\/pracownicy\/wp-json\/wp\/v2\/pages\/5445"}],"wp:attachment":[{"href":"https:\/\/pans.krosno.pl\/pracownicy\/wp-json\/wp\/v2\/media?parent=5455"}],"curies":[{"name":"wp","href":"https:\/\/api.w.org\/{rel}","templated":true}]}}