{"id":5450,"date":"2020-04-30T10:55:39","date_gmt":"2020-04-30T08:55:39","guid":{"rendered":"https:\/\/pans.krosno.pl\/pracownicy\/?page_id=5450"},"modified":"2025-05-20T14:04:25","modified_gmt":"2025-05-20T12:04:25","slug":"danuta-zarzycka-zyciorys-naukowy","status":"publish","type":"page","link":"https:\/\/pans.krosno.pl\/pracownicy\/danuta-zarzycka\/danuta-zarzycka-zyciorys-naukowy\/","title":{"rendered":"dr hab. Danuta Zarzycka, prof. KPU &#8211; \u017byciorys naukowy"},"content":{"rendered":"\n<hr class=\"wp-block-separator has-alpha-channel-opacity\" \/>\n\n\n\n<p>Piel\u0119gniarka. Podstawowy przedmiot zainteresowa\u0144 badawczych i analitycznych to podstawy piel\u0119gniarstwa w tym symbolika zawodu piel\u0119gniarki, teorie piel\u0119gniarstwa i terminologia standaryzowana w piel\u0119gniarstwie oraz od kilku lat opieka nad dzieckiem i <strong>praktyka oparta na dowodach naukowych<\/strong>.<\/p>\n\n\n\n<p>Tytu\u0142 magistra piel\u0119gniarstwa otrzyma\u0142a w 1990 roku na Wydziale Piel\u0119gniarskim Akademii Medycznej w Lublinie na podstawie pracy pt.: Opinie student\u00f3w o kryteriach doboru sposob\u00f3w uczenia si\u0119. Stopie\u0144 doktora w zakresie nauk medycznych uzyska\u0142a 15 pa\u017adziernika 1998 roku na Wydziale Lekarskim Akademii Medycznej w Lublinie w oparciu o rozpraw\u0119 doktorsk\u0105 pt.: Pomiar wsparcia spo\u0142ecznego w opiece nad pacjentem hospitalizowanym. (Promotor pracy: Prof. Zofia Kawczy\u0144ska-Butrym, Recenzenci: Prof. Beata Tobiasz-Adamczyk; Prof. Teresa Widomska-Czekajska). 25 czerwca 2013 roku uzyska\u0142a stopie\u0144 doktora habilitowanego nauk o zdrowiu nadany przez Rad\u0119 Wydzia\u0142u Nauki o Zdrowiu Warszawskiego Uniwersytetu Medycznego na podstawie rozprawy habilitacyjnej pt.: Zasoby neurohormonalne i psychospo\u0142eczne a zdrowie i jego zaburzenia w sytuacji stresu egzaminacyjnego student\u00f3w uczelni miasta Lublina. Dodatkowe kwalifikacje to: Studia podyplomowe w zakresie: Zarz\u0105dzanie projektami badawczymi, <strong>uko\u0144czone studium pedagogiczne<\/strong> i kurs<\/p>\n\n\n\n<hr class=\"wp-block-separator has-alpha-channel-opacity\" \/>\n\n\n\n<p><strong>Posiadane specjalizacje: <\/strong><\/p>\n\n\n\n<ul class=\"wp-block-list\">\n<li>I\u00b0, MEDYCYNA SPO\u0141ECZNA \u2013 21 maj 1993 rok, Wydzia\u0142 Zdrowia i Opieki i Spo\u0142ecznej w Lublinie, nr 57\/1993; II \u00b0,<\/li>\n\n\n\n<li>ORGANIZACJA OCHRONY ZDROWIA \u2013 15 listopad 2001 rok, Centrum Medyczne Kszta\u0142cenia Podyplomowego w Warszawie, Nr 1468\/151\/2001.<\/li>\n\n\n\n<li>Specjalizacja w dziedzinie piel\u0119gniarstwa pediatrycznego (2017, Uniwersytet Miko\u0142aja Kopernika w Toruniu, Collegium Medicum im. L. Rydygiera w Bydgoszczy)<\/li>\n<\/ul>\n\n\n\n<p>Kursy:<\/p>\n\n\n\n<ul class=\"wp-block-list\">\n<li>Kurs specjalistyczny: Ordynowanie lek\u00f3w i wypisywanie recept. Za\u015bwiadczenie nr 220\/2016<\/li>\n\n\n\n<li>Kurs: Advanced Physical Assessment, University School of Nursing ( Philadelphia, 2001)<\/li>\n<\/ul>\n\n\n\n<hr class=\"wp-block-separator has-alpha-channel-opacity\" \/>\n\n\n\n<p><\/p>\n","protected":false},"excerpt":{"rendered":"<p>Piel\u0119gniarka. Podstawowy przedmiot zainteresowa\u0144 badawczych i analitycznych to podstawy piel\u0119gniarstwa w tym symbolika zawodu piel\u0119gniarki, teorie piel\u0119gniarstwa i terminologia standaryzowana w piel\u0119gniarstwie oraz od kilku lat opieka nad dzieckiem i praktyka oparta na dowodach naukowych. Tytu\u0142 magistra piel\u0119gniarstwa otrzyma\u0142a w 1990 roku na Wydziale Piel\u0119gniarskim Akademii Medycznej w Lublinie na [\u2026] <\/p>\n<div class=\"clear\"><\/div>\n<p><a class=\"more_link clearfix\" href=\"https:\/\/pans.krosno.pl\/pracownicy\/danuta-zarzycka\/danuta-zarzycka-zyciorys-naukowy\/\" rel=\"nofollow\">Read More<\/a><\/p>\n","protected":false},"author":36,"featured_media":0,"parent":5445,"menu_order":0,"comment_status":"closed","ping_status":"closed","template":"","meta":{"ngg_post_thumbnail":0,"footnotes":""},"class_list":["post-5450","page","type-page","status-publish","hentry"],"yoast_head":"<!-- This site is optimized with the Yoast SEO Premium plugin v27.3 (Yoast SEO v27.3) - https:\/\/yoast.com\/product\/yoast-seo-premium-wordpress\/ -->\n<title>dr hab. Danuta Zarzycka, prof. KPU - \u017byciorys naukowy - Pracownicy PANS w Kro\u015bnie<\/title>\n<meta name=\"robots\" content=\"index, follow, max-snippet:-1, max-image-preview:large, max-video-preview:-1\" \/>\n<link rel=\"canonical\" href=\"https:\/\/pans.krosno.pl\/pracownicy\/danuta-zarzycka\/danuta-zarzycka-zyciorys-naukowy\/\" \/>\n<meta property=\"og:locale\" content=\"pl_PL\" \/>\n<meta property=\"og:type\" content=\"article\" \/>\n<meta property=\"og:title\" content=\"dr hab. Danuta Zarzycka, prof. KPU - \u017byciorys naukowy\" \/>\n<meta property=\"og:description\" content=\"Piel\u0119gniarka. Podstawowy przedmiot zainteresowa\u0144 badawczych i analitycznych to podstawy piel\u0119gniarstwa w tym symbolika zawodu piel\u0119gniarki, teorie piel\u0119gniarstwa i terminologia standaryzowana w piel\u0119gniarstwie oraz od kilku lat opieka nad dzieckiem i praktyka oparta na dowodach naukowych. Tytu\u0142 magistra piel\u0119gniarstwa otrzyma\u0142a w 1990 roku na Wydziale Piel\u0119gniarskim Akademii Medycznej w Lublinie na [\u2026] Read More\" \/>\n<meta property=\"og:url\" content=\"https:\/\/pans.krosno.pl\/pracownicy\/danuta-zarzycka\/danuta-zarzycka-zyciorys-naukowy\/\" \/>\n<meta property=\"og:site_name\" content=\"Pracownicy PANS w Kro\u015bnie\" \/>\n<meta property=\"article:modified_time\" content=\"2025-05-20T12:04:25+00:00\" \/>\n<meta name=\"twitter:card\" content=\"summary_large_image\" \/>\n<script type=\"application\/ld+json\" class=\"yoast-schema-graph\">{\"@context\":\"https:\\\/\\\/schema.org\",\"@graph\":[{\"@type\":\"WebPage\",\"@id\":\"https:\\\/\\\/pans.krosno.pl\\\/pracownicy\\\/danuta-zarzycka\\\/danuta-zarzycka-zyciorys-naukowy\\\/\",\"url\":\"https:\\\/\\\/pans.krosno.pl\\\/pracownicy\\\/danuta-zarzycka\\\/danuta-zarzycka-zyciorys-naukowy\\\/\",\"name\":\"dr hab. Danuta Zarzycka, prof. KPU - \u017byciorys naukowy - Pracownicy PANS w Kro\u015bnie\",\"isPartOf\":{\"@id\":\"https:\\\/\\\/pans.krosno.pl\\\/pracownicy\\\/#website\"},\"datePublished\":\"2020-04-30T08:55:39+00:00\",\"dateModified\":\"2025-05-20T12:04:25+00:00\",\"breadcrumb\":{\"@id\":\"https:\\\/\\\/pans.krosno.pl\\\/pracownicy\\\/danuta-zarzycka\\\/danuta-zarzycka-zyciorys-naukowy\\\/#breadcrumb\"},\"inLanguage\":\"pl-PL\",\"potentialAction\":[{\"@type\":\"ReadAction\",\"target\":[\"https:\\\/\\\/pans.krosno.pl\\\/pracownicy\\\/danuta-zarzycka\\\/danuta-zarzycka-zyciorys-naukowy\\\/\"]}]},{\"@type\":\"BreadcrumbList\",\"@id\":\"https:\\\/\\\/pans.krosno.pl\\\/pracownicy\\\/danuta-zarzycka\\\/danuta-zarzycka-zyciorys-naukowy\\\/#breadcrumb\",\"itemListElement\":[{\"@type\":\"ListItem\",\"position\":1,\"name\":\"Strona g\u0142\u00f3wna\",\"item\":\"https:\\\/\\\/pans.krosno.pl\\\/pracownicy\\\/\"},{\"@type\":\"ListItem\",\"position\":2,\"name\":\"dr hab. Danuta Zarzycka, prof. PANS\",\"item\":\"https:\\\/\\\/pans.krosno.pl\\\/pracownicy\\\/danuta-zarzycka\\\/\"},{\"@type\":\"ListItem\",\"position\":3,\"name\":\"dr hab. Danuta Zarzycka, prof. KPU &#8211; \u017byciorys naukowy\"}]},{\"@type\":\"WebSite\",\"@id\":\"https:\\\/\\\/pans.krosno.pl\\\/pracownicy\\\/#website\",\"url\":\"https:\\\/\\\/pans.krosno.pl\\\/pracownicy\\\/\",\"name\":\"Pracownicy PANS w Kro\u015bnie\",\"description\":\"Pracownicy - Pa\u0144stwowa Akademia Nauk Stosowanych\",\"publisher\":{\"@id\":\"https:\\\/\\\/pans.krosno.pl\\\/pracownicy\\\/#organization\"},\"potentialAction\":[{\"@type\":\"SearchAction\",\"target\":{\"@type\":\"EntryPoint\",\"urlTemplate\":\"https:\\\/\\\/pans.krosno.pl\\\/pracownicy\\\/?s={search_term_string}\"},\"query-input\":{\"@type\":\"PropertyValueSpecification\",\"valueRequired\":true,\"valueName\":\"search_term_string\"}}],\"inLanguage\":\"pl-PL\"},{\"@type\":\"Organization\",\"@id\":\"https:\\\/\\\/pans.krosno.pl\\\/pracownicy\\\/#organization\",\"name\":\"Pracownicy PANS w Kro\u015bnie\",\"url\":\"https:\\\/\\\/pans.krosno.pl\\\/pracownicy\\\/\",\"logo\":{\"@type\":\"ImageObject\",\"inLanguage\":\"pl-PL\",\"@id\":\"https:\\\/\\\/pans.krosno.pl\\\/pracownicy\\\/#\\\/schema\\\/logo\\\/image\\\/\",\"url\":\"https:\\\/\\\/pans.krosno.pl\\\/pracownicy\\\/wp-content\\\/uploads\\\/sites\\\/41\\\/2023\\\/01\\\/Logo-PANS-2022-pelne.png\",\"contentUrl\":\"https:\\\/\\\/pans.krosno.pl\\\/pracownicy\\\/wp-content\\\/uploads\\\/sites\\\/41\\\/2023\\\/01\\\/Logo-PANS-2022-pelne.png\",\"width\":3096,\"height\":696,\"caption\":\"Pracownicy PANS w Kro\u015bnie\"},\"image\":{\"@id\":\"https:\\\/\\\/pans.krosno.pl\\\/pracownicy\\\/#\\\/schema\\\/logo\\\/image\\\/\"}}]}<\/script>\n<!-- \/ Yoast SEO Premium plugin. -->","yoast_head_json":{"title":"dr hab. Danuta Zarzycka, prof. KPU - \u017byciorys naukowy - Pracownicy PANS w Kro\u015bnie","robots":{"index":"index","follow":"follow","max-snippet":"max-snippet:-1","max-image-preview":"max-image-preview:large","max-video-preview":"max-video-preview:-1"},"canonical":"https:\/\/pans.krosno.pl\/pracownicy\/danuta-zarzycka\/danuta-zarzycka-zyciorys-naukowy\/","og_locale":"pl_PL","og_type":"article","og_title":"dr hab. Danuta Zarzycka, prof. KPU - \u017byciorys naukowy","og_description":"Piel\u0119gniarka. Podstawowy przedmiot zainteresowa\u0144 badawczych i analitycznych to podstawy piel\u0119gniarstwa w tym symbolika zawodu piel\u0119gniarki, teorie piel\u0119gniarstwa i terminologia standaryzowana w piel\u0119gniarstwie oraz od kilku lat opieka nad dzieckiem i praktyka oparta na dowodach naukowych. Tytu\u0142 magistra piel\u0119gniarstwa otrzyma\u0142a w 1990 roku na Wydziale Piel\u0119gniarskim Akademii Medycznej w Lublinie na [\u2026] Read More","og_url":"https:\/\/pans.krosno.pl\/pracownicy\/danuta-zarzycka\/danuta-zarzycka-zyciorys-naukowy\/","og_site_name":"Pracownicy PANS w Kro\u015bnie","article_modified_time":"2025-05-20T12:04:25+00:00","twitter_card":"summary_large_image","schema":{"@context":"https:\/\/schema.org","@graph":[{"@type":"WebPage","@id":"https:\/\/pans.krosno.pl\/pracownicy\/danuta-zarzycka\/danuta-zarzycka-zyciorys-naukowy\/","url":"https:\/\/pans.krosno.pl\/pracownicy\/danuta-zarzycka\/danuta-zarzycka-zyciorys-naukowy\/","name":"dr hab. Danuta Zarzycka, prof. KPU - \u017byciorys naukowy - Pracownicy PANS w Kro\u015bnie","isPartOf":{"@id":"https:\/\/pans.krosno.pl\/pracownicy\/#website"},"datePublished":"2020-04-30T08:55:39+00:00","dateModified":"2025-05-20T12:04:25+00:00","breadcrumb":{"@id":"https:\/\/pans.krosno.pl\/pracownicy\/danuta-zarzycka\/danuta-zarzycka-zyciorys-naukowy\/#breadcrumb"},"inLanguage":"pl-PL","potentialAction":[{"@type":"ReadAction","target":["https:\/\/pans.krosno.pl\/pracownicy\/danuta-zarzycka\/danuta-zarzycka-zyciorys-naukowy\/"]}]},{"@type":"BreadcrumbList","@id":"https:\/\/pans.krosno.pl\/pracownicy\/danuta-zarzycka\/danuta-zarzycka-zyciorys-naukowy\/#breadcrumb","itemListElement":[{"@type":"ListItem","position":1,"name":"Strona g\u0142\u00f3wna","item":"https:\/\/pans.krosno.pl\/pracownicy\/"},{"@type":"ListItem","position":2,"name":"dr hab. Danuta Zarzycka, prof. PANS","item":"https:\/\/pans.krosno.pl\/pracownicy\/danuta-zarzycka\/"},{"@type":"ListItem","position":3,"name":"dr hab. Danuta Zarzycka, prof. KPU &#8211; \u017byciorys naukowy"}]},{"@type":"WebSite","@id":"https:\/\/pans.krosno.pl\/pracownicy\/#website","url":"https:\/\/pans.krosno.pl\/pracownicy\/","name":"Pracownicy PANS w Kro\u015bnie","description":"Pracownicy - Pa\u0144stwowa Akademia Nauk Stosowanych","publisher":{"@id":"https:\/\/pans.krosno.pl\/pracownicy\/#organization"},"potentialAction":[{"@type":"SearchAction","target":{"@type":"EntryPoint","urlTemplate":"https:\/\/pans.krosno.pl\/pracownicy\/?s={search_term_string}"},"query-input":{"@type":"PropertyValueSpecification","valueRequired":true,"valueName":"search_term_string"}}],"inLanguage":"pl-PL"},{"@type":"Organization","@id":"https:\/\/pans.krosno.pl\/pracownicy\/#organization","name":"Pracownicy PANS w Kro\u015bnie","url":"https:\/\/pans.krosno.pl\/pracownicy\/","logo":{"@type":"ImageObject","inLanguage":"pl-PL","@id":"https:\/\/pans.krosno.pl\/pracownicy\/#\/schema\/logo\/image\/","url":"https:\/\/pans.krosno.pl\/pracownicy\/wp-content\/uploads\/sites\/41\/2023\/01\/Logo-PANS-2022-pelne.png","contentUrl":"https:\/\/pans.krosno.pl\/pracownicy\/wp-content\/uploads\/sites\/41\/2023\/01\/Logo-PANS-2022-pelne.png","width":3096,"height":696,"caption":"Pracownicy PANS w Kro\u015bnie"},"image":{"@id":"https:\/\/pans.krosno.pl\/pracownicy\/#\/schema\/logo\/image\/"}}]}},"_links":{"self":[{"href":"https:\/\/pans.krosno.pl\/pracownicy\/wp-json\/wp\/v2\/pages\/5450","targetHints":{"allow":["GET"]}}],"collection":[{"href":"https:\/\/pans.krosno.pl\/pracownicy\/wp-json\/wp\/v2\/pages"}],"about":[{"href":"https:\/\/pans.krosno.pl\/pracownicy\/wp-json\/wp\/v2\/types\/page"}],"author":[{"embeddable":true,"href":"https:\/\/pans.krosno.pl\/pracownicy\/wp-json\/wp\/v2\/users\/36"}],"replies":[{"embeddable":true,"href":"https:\/\/pans.krosno.pl\/pracownicy\/wp-json\/wp\/v2\/comments?post=5450"}],"version-history":[{"count":8,"href":"https:\/\/pans.krosno.pl\/pracownicy\/wp-json\/wp\/v2\/pages\/5450\/revisions"}],"predecessor-version":[{"id":11080,"href":"https:\/\/pans.krosno.pl\/pracownicy\/wp-json\/wp\/v2\/pages\/5450\/revisions\/11080"}],"up":[{"embeddable":true,"href":"https:\/\/pans.krosno.pl\/pracownicy\/wp-json\/wp\/v2\/pages\/5445"}],"wp:attachment":[{"href":"https:\/\/pans.krosno.pl\/pracownicy\/wp-json\/wp\/v2\/media?parent=5450"}],"curies":[{"name":"wp","href":"https:\/\/api.w.org\/{rel}","templated":true}]}}