{"id":533,"date":"2020-03-30T02:03:33","date_gmt":"2020-03-30T00:03:33","guid":{"rendered":"https:\/\/pans.krosno.pl\/pracownicy\/?page_id=533"},"modified":"2025-05-20T13:49:13","modified_gmt":"2025-05-20T11:49:13","slug":"bartosz-trybus-najwazniejsze-publikacje","status":"publish","type":"page","link":"https:\/\/pans.krosno.pl\/pracownicy\/bartosz-trybus\/bartosz-trybus-najwazniejsze-publikacje\/","title":{"rendered":"dr in\u017c. Bartosz Trybus &#8211; Najwa\u017cniejsze publikacje"},"content":{"rendered":"<hr>\n<p><strong>Najwa\u017cniejsze publikacje z podzia\u0142em na monografie i artyku\u0142y:<\/strong><\/p>\n<ol>\n<li>Hajduk, Z., Trybus, B.; Sadolewski, J., \u201eArchitecture of FPGA Embedded Multiprocessor Programmable Controller,\u201d Industrial Electronics, IEEE Transactions on, vol.62, no.5, pp.2952,2961, May 2015.<\/li>\n<li>Paw\u0142owicz B., Salach M., Trybus B., \u201eSmart City Traffic Monitoring System Based on 5G Cellular Network, RFID and Machine Learning\u201d [w:] Engineering Software Systems: Research and Praxis, 2019, Cham: SPRINGER, s. 151-165.<\/li>\n<li>Paw\u0142owicz B., Trybus B., Hubacz M., \u201eUsing Multiple RFID Readers in Mobile Robots for Surface Exploration\u201d, [w:] Automation 2019 Progress in Automation, Robotics and Measurement Techniques, 2020, Cham: SPRINGER, t. 920, s. 445-456.<\/li>\n<li>Paw\u0142owicz B., Salach M., Trybus B., \u201eInfrastructure of RFID-Based Smart City Traffic Control System\u201d, [w:] Automation 2019: Progress in Automation, Robotics and Measurement Techniques, 2019, Cham: SPRINGER, s. 186-198.<\/li>\n<li>Rzo\u0144ca D., Sadolewski J., Trybus B.: Object-Oriented Approach to I\/O Handling in Control Programs, in: Szewczyk R., Zieli\u0144ski C., Kaliczy\u0144ska M. (Eds.): Advances in Intelligent Systems and Computing vol. 350, Progress in Automation, Robotics and Measuring Techniques, Springer International Publishing 2015, pp. 223-232.<\/li>\n<li>Rzo\u0144ca D., Sadolewski J., Trybus B.: Interfacing Inputs and Outputs with IEC 61131-3 Control Software, in: Advances in Intelligent Systems and Computing vol. 267, Recent Advances in Automation, Robotics and Measuring Techniques, Springer-Verlag Berlin Heidelberg 2014, pp. 229-238.<\/li>\n<li>Jamro M., Rzo\u0144ca D., Trybus B.: Communication Performance Tests in Distributed Control Systems, in: Kwiecien A., Gaj P., and Stera P. (Eds.): Computer Networks 2013, Communications in Computer and Information Science 370, Springer-Verlag Berlin Heidelberg 2013, pp. 200-209.<\/li>\n<li>Jamro M., Rzo\u0144ca D., Sadolewski J., Stec A., \u015awider Z., Trybus B., Trybus L.: Structure and Functionalities of Ship Autopilot Simulator, in: Advances in Intelligent Systems and Computing vol. 440, Challenges in Automation, Robotics and Measurement Techniques: Proceedings of AUTOMATION-2016, March 2-4, 2016, Warsaw, Poland, Springer International Publishing 2016, pp. 223-231.<\/li>\n<\/ol>\n<hr>\n<p>&nbsp;<\/p>\n","protected":false},"excerpt":{"rendered":"<p>Najwa\u017cniejsze publikacje z podzia\u0142em na monografie i artyku\u0142y: Hajduk, Z., Trybus, B.; Sadolewski, J., \u201eArchitecture of FPGA Embedded Multiprocessor Programmable Controller,\u201d Industrial Electronics, IEEE Transactions on, vol.62, no.5, pp.2952,2961, May 2015. Paw\u0142owicz B., Salach M., Trybus B., \u201eSmart City Traffic Monitoring System Based on 5G Cellular Network, RFID and Machine [\u2026] <\/p>\n<div class=\"clear\"><\/div>\n<p><a class=\"more_link clearfix\" href=\"https:\/\/pans.krosno.pl\/pracownicy\/bartosz-trybus\/bartosz-trybus-najwazniejsze-publikacje\/\" rel=\"nofollow\">Read More<\/a><\/p>\n","protected":false},"author":34,"featured_media":0,"parent":524,"menu_order":0,"comment_status":"closed","ping_status":"closed","template":"","meta":{"ngg_post_thumbnail":0,"footnotes":""},"class_list":["post-533","page","type-page","status-publish","hentry"],"yoast_head":"<!-- This site is optimized with the Yoast SEO Premium plugin v27.4 (Yoast SEO v27.4) - https:\/\/yoast.com\/product\/yoast-seo-premium-wordpress\/ -->\n<title>dr in\u017c. Bartosz Trybus - Najwa\u017cniejsze publikacje - Pracownicy PANS w Kro\u015bnie<\/title>\n<meta name=\"robots\" content=\"index, follow, max-snippet:-1, max-image-preview:large, max-video-preview:-1\" \/>\n<link rel=\"canonical\" href=\"https:\/\/pans.krosno.pl\/pracownicy\/bartosz-trybus\/bartosz-trybus-najwazniejsze-publikacje\/\" \/>\n<meta property=\"og:locale\" content=\"pl_PL\" \/>\n<meta property=\"og:type\" content=\"article\" \/>\n<meta property=\"og:title\" content=\"dr in\u017c. Bartosz Trybus - Najwa\u017cniejsze publikacje\" \/>\n<meta property=\"og:description\" content=\"Najwa\u017cniejsze publikacje z podzia\u0142em na monografie i artyku\u0142y: Hajduk, Z., Trybus, B.; Sadolewski, J., \u201eArchitecture of FPGA Embedded Multiprocessor Programmable Controller,\u201d Industrial Electronics, IEEE Transactions on, vol.62, no.5, pp.2952,2961, May 2015. Paw\u0142owicz B., Salach M., Trybus B., \u201eSmart City Traffic Monitoring System Based on 5G Cellular Network, RFID and Machine [\u2026] Read More\" \/>\n<meta property=\"og:url\" content=\"https:\/\/pans.krosno.pl\/pracownicy\/bartosz-trybus\/bartosz-trybus-najwazniejsze-publikacje\/\" \/>\n<meta property=\"og:site_name\" content=\"Pracownicy PANS w Kro\u015bnie\" \/>\n<meta property=\"article:modified_time\" content=\"2025-05-20T11:49:13+00:00\" \/>\n<meta name=\"twitter:card\" content=\"summary_large_image\" \/>\n<meta name=\"twitter:label1\" content=\"Szacowany czas czytania\" \/>\n\t<meta name=\"twitter:data1\" content=\"2 minuty\" \/>\n<script type=\"application\/ld+json\" class=\"yoast-schema-graph\">{\"@context\":\"https:\\\/\\\/schema.org\",\"@graph\":[{\"@type\":\"WebPage\",\"@id\":\"https:\\\/\\\/pans.krosno.pl\\\/pracownicy\\\/bartosz-trybus\\\/bartosz-trybus-najwazniejsze-publikacje\\\/\",\"url\":\"https:\\\/\\\/pans.krosno.pl\\\/pracownicy\\\/bartosz-trybus\\\/bartosz-trybus-najwazniejsze-publikacje\\\/\",\"name\":\"dr in\u017c. Bartosz Trybus - Najwa\u017cniejsze publikacje - Pracownicy PANS w Kro\u015bnie\",\"isPartOf\":{\"@id\":\"https:\\\/\\\/pans.krosno.pl\\\/pracownicy\\\/#website\"},\"datePublished\":\"2020-03-30T00:03:33+00:00\",\"dateModified\":\"2025-05-20T11:49:13+00:00\",\"breadcrumb\":{\"@id\":\"https:\\\/\\\/pans.krosno.pl\\\/pracownicy\\\/bartosz-trybus\\\/bartosz-trybus-najwazniejsze-publikacje\\\/#breadcrumb\"},\"inLanguage\":\"pl-PL\",\"potentialAction\":[{\"@type\":\"ReadAction\",\"target\":[\"https:\\\/\\\/pans.krosno.pl\\\/pracownicy\\\/bartosz-trybus\\\/bartosz-trybus-najwazniejsze-publikacje\\\/\"]}]},{\"@type\":\"BreadcrumbList\",\"@id\":\"https:\\\/\\\/pans.krosno.pl\\\/pracownicy\\\/bartosz-trybus\\\/bartosz-trybus-najwazniejsze-publikacje\\\/#breadcrumb\",\"itemListElement\":[{\"@type\":\"ListItem\",\"position\":1,\"name\":\"Strona g\u0142\u00f3wna\",\"item\":\"https:\\\/\\\/pans.krosno.pl\\\/pracownicy\\\/\"},{\"@type\":\"ListItem\",\"position\":2,\"name\":\"dr in\u017c. Bartosz Trybus\",\"item\":\"https:\\\/\\\/pans.krosno.pl\\\/pracownicy\\\/bartosz-trybus\\\/\"},{\"@type\":\"ListItem\",\"position\":3,\"name\":\"dr in\u017c. Bartosz Trybus &#8211; Najwa\u017cniejsze publikacje\"}]},{\"@type\":\"WebSite\",\"@id\":\"https:\\\/\\\/pans.krosno.pl\\\/pracownicy\\\/#website\",\"url\":\"https:\\\/\\\/pans.krosno.pl\\\/pracownicy\\\/\",\"name\":\"Pracownicy PANS w Kro\u015bnie\",\"description\":\"Pracownicy - Pa\u0144stwowa Akademia Nauk Stosowanych\",\"publisher\":{\"@id\":\"https:\\\/\\\/pans.krosno.pl\\\/pracownicy\\\/#organization\"},\"potentialAction\":[{\"@type\":\"SearchAction\",\"target\":{\"@type\":\"EntryPoint\",\"urlTemplate\":\"https:\\\/\\\/pans.krosno.pl\\\/pracownicy\\\/?s={search_term_string}\"},\"query-input\":{\"@type\":\"PropertyValueSpecification\",\"valueRequired\":true,\"valueName\":\"search_term_string\"}}],\"inLanguage\":\"pl-PL\"},{\"@type\":\"Organization\",\"@id\":\"https:\\\/\\\/pans.krosno.pl\\\/pracownicy\\\/#organization\",\"name\":\"Pracownicy PANS w Kro\u015bnie\",\"url\":\"https:\\\/\\\/pans.krosno.pl\\\/pracownicy\\\/\",\"logo\":{\"@type\":\"ImageObject\",\"inLanguage\":\"pl-PL\",\"@id\":\"https:\\\/\\\/pans.krosno.pl\\\/pracownicy\\\/#\\\/schema\\\/logo\\\/image\\\/\",\"url\":\"https:\\\/\\\/pans.krosno.pl\\\/pracownicy\\\/wp-content\\\/uploads\\\/sites\\\/41\\\/2023\\\/01\\\/Logo-PANS-2022-pelne.png\",\"contentUrl\":\"https:\\\/\\\/pans.krosno.pl\\\/pracownicy\\\/wp-content\\\/uploads\\\/sites\\\/41\\\/2023\\\/01\\\/Logo-PANS-2022-pelne.png\",\"width\":3096,\"height\":696,\"caption\":\"Pracownicy PANS w Kro\u015bnie\"},\"image\":{\"@id\":\"https:\\\/\\\/pans.krosno.pl\\\/pracownicy\\\/#\\\/schema\\\/logo\\\/image\\\/\"}}]}<\/script>\n<!-- \/ Yoast SEO Premium plugin. -->","yoast_head_json":{"title":"dr in\u017c. Bartosz Trybus - Najwa\u017cniejsze publikacje - Pracownicy PANS w Kro\u015bnie","robots":{"index":"index","follow":"follow","max-snippet":"max-snippet:-1","max-image-preview":"max-image-preview:large","max-video-preview":"max-video-preview:-1"},"canonical":"https:\/\/pans.krosno.pl\/pracownicy\/bartosz-trybus\/bartosz-trybus-najwazniejsze-publikacje\/","og_locale":"pl_PL","og_type":"article","og_title":"dr in\u017c. Bartosz Trybus - Najwa\u017cniejsze publikacje","og_description":"Najwa\u017cniejsze publikacje z podzia\u0142em na monografie i artyku\u0142y: Hajduk, Z., Trybus, B.; Sadolewski, J., \u201eArchitecture of FPGA Embedded Multiprocessor Programmable Controller,\u201d Industrial Electronics, IEEE Transactions on, vol.62, no.5, pp.2952,2961, May 2015. Paw\u0142owicz B., Salach M., Trybus B., \u201eSmart City Traffic Monitoring System Based on 5G Cellular Network, RFID and Machine [\u2026] Read More","og_url":"https:\/\/pans.krosno.pl\/pracownicy\/bartosz-trybus\/bartosz-trybus-najwazniejsze-publikacje\/","og_site_name":"Pracownicy PANS w Kro\u015bnie","article_modified_time":"2025-05-20T11:49:13+00:00","twitter_card":"summary_large_image","twitter_misc":{"Szacowany czas czytania":"2 minuty"},"schema":{"@context":"https:\/\/schema.org","@graph":[{"@type":"WebPage","@id":"https:\/\/pans.krosno.pl\/pracownicy\/bartosz-trybus\/bartosz-trybus-najwazniejsze-publikacje\/","url":"https:\/\/pans.krosno.pl\/pracownicy\/bartosz-trybus\/bartosz-trybus-najwazniejsze-publikacje\/","name":"dr in\u017c. Bartosz Trybus - Najwa\u017cniejsze publikacje - Pracownicy PANS w Kro\u015bnie","isPartOf":{"@id":"https:\/\/pans.krosno.pl\/pracownicy\/#website"},"datePublished":"2020-03-30T00:03:33+00:00","dateModified":"2025-05-20T11:49:13+00:00","breadcrumb":{"@id":"https:\/\/pans.krosno.pl\/pracownicy\/bartosz-trybus\/bartosz-trybus-najwazniejsze-publikacje\/#breadcrumb"},"inLanguage":"pl-PL","potentialAction":[{"@type":"ReadAction","target":["https:\/\/pans.krosno.pl\/pracownicy\/bartosz-trybus\/bartosz-trybus-najwazniejsze-publikacje\/"]}]},{"@type":"BreadcrumbList","@id":"https:\/\/pans.krosno.pl\/pracownicy\/bartosz-trybus\/bartosz-trybus-najwazniejsze-publikacje\/#breadcrumb","itemListElement":[{"@type":"ListItem","position":1,"name":"Strona g\u0142\u00f3wna","item":"https:\/\/pans.krosno.pl\/pracownicy\/"},{"@type":"ListItem","position":2,"name":"dr in\u017c. Bartosz Trybus","item":"https:\/\/pans.krosno.pl\/pracownicy\/bartosz-trybus\/"},{"@type":"ListItem","position":3,"name":"dr in\u017c. Bartosz Trybus &#8211; Najwa\u017cniejsze publikacje"}]},{"@type":"WebSite","@id":"https:\/\/pans.krosno.pl\/pracownicy\/#website","url":"https:\/\/pans.krosno.pl\/pracownicy\/","name":"Pracownicy PANS w Kro\u015bnie","description":"Pracownicy - Pa\u0144stwowa Akademia Nauk Stosowanych","publisher":{"@id":"https:\/\/pans.krosno.pl\/pracownicy\/#organization"},"potentialAction":[{"@type":"SearchAction","target":{"@type":"EntryPoint","urlTemplate":"https:\/\/pans.krosno.pl\/pracownicy\/?s={search_term_string}"},"query-input":{"@type":"PropertyValueSpecification","valueRequired":true,"valueName":"search_term_string"}}],"inLanguage":"pl-PL"},{"@type":"Organization","@id":"https:\/\/pans.krosno.pl\/pracownicy\/#organization","name":"Pracownicy PANS w Kro\u015bnie","url":"https:\/\/pans.krosno.pl\/pracownicy\/","logo":{"@type":"ImageObject","inLanguage":"pl-PL","@id":"https:\/\/pans.krosno.pl\/pracownicy\/#\/schema\/logo\/image\/","url":"https:\/\/pans.krosno.pl\/pracownicy\/wp-content\/uploads\/sites\/41\/2023\/01\/Logo-PANS-2022-pelne.png","contentUrl":"https:\/\/pans.krosno.pl\/pracownicy\/wp-content\/uploads\/sites\/41\/2023\/01\/Logo-PANS-2022-pelne.png","width":3096,"height":696,"caption":"Pracownicy PANS w Kro\u015bnie"},"image":{"@id":"https:\/\/pans.krosno.pl\/pracownicy\/#\/schema\/logo\/image\/"}}]}},"_links":{"self":[{"href":"https:\/\/pans.krosno.pl\/pracownicy\/wp-json\/wp\/v2\/pages\/533","targetHints":{"allow":["GET"]}}],"collection":[{"href":"https:\/\/pans.krosno.pl\/pracownicy\/wp-json\/wp\/v2\/pages"}],"about":[{"href":"https:\/\/pans.krosno.pl\/pracownicy\/wp-json\/wp\/v2\/types\/page"}],"author":[{"embeddable":true,"href":"https:\/\/pans.krosno.pl\/pracownicy\/wp-json\/wp\/v2\/users\/34"}],"replies":[{"embeddable":true,"href":"https:\/\/pans.krosno.pl\/pracownicy\/wp-json\/wp\/v2\/comments?post=533"}],"version-history":[{"count":6,"href":"https:\/\/pans.krosno.pl\/pracownicy\/wp-json\/wp\/v2\/pages\/533\/revisions"}],"predecessor-version":[{"id":11014,"href":"https:\/\/pans.krosno.pl\/pracownicy\/wp-json\/wp\/v2\/pages\/533\/revisions\/11014"}],"up":[{"embeddable":true,"href":"https:\/\/pans.krosno.pl\/pracownicy\/wp-json\/wp\/v2\/pages\/524"}],"wp:attachment":[{"href":"https:\/\/pans.krosno.pl\/pracownicy\/wp-json\/wp\/v2\/media?parent=533"}],"curies":[{"name":"wp","href":"https:\/\/api.w.org\/{rel}","templated":true}]}}