{"id":5299,"date":"2020-04-27T15:43:44","date_gmt":"2020-04-27T13:43:44","guid":{"rendered":"https:\/\/pans.krosno.pl\/pracownicy\/?page_id=5299"},"modified":"2024-06-19T17:24:10","modified_gmt":"2024-06-19T15:24:10","slug":"radoslaw-kruk-najwazniejsze-publikacje","status":"publish","type":"page","link":"https:\/\/pans.krosno.pl\/pracownicy\/radoslaw-kruk\/radoslaw-kruk-najwazniejsze-publikacje\/","title":{"rendered":"mgr in\u017c. Rados\u0142aw Kruk &#8211; Najwa\u017cniejsze publikacje"},"content":{"rendered":"<hr>\n<ol>\n<li>Kruk, R.; Thoden, D.; Lohrengel, A.; Dietz, P.; Sch\u00e4fer, G.: K\u00f6rperschall\u00fcbertragung von W\u00e4lz- und Gleitlagern. Fortschritte der Akustik: DAGA 2010, 36. Jahrestagung f\u00fcr Akustik, 15.-18. M\u00e4rz 2010 in Berlin, ISBN 978-3-9808659-8-2, S. 529-530.<\/li>\n<li>Kruk, R.; Dietz, P.; Lohrengel, A.; Sch\u00e4fer, G.; Thoden, D.: Novel test bed for vibration transmission through rolling and slide bearings; 16th International Congress on Sound and Vibration, 5th\u20139th July 2009, Krak\u00f3w, Poland, ISBN 978-83-60716-71-7, 5 Stron.<\/li>\n<li>Kruk, R., Kramarczuk, W., Wieczorek, A.: Zastosowanie metody sztywnych element\u00f3w sko\u0144czonych do wyznaczania obcia\u017ce\u0144 dynamicznych przek\u0142adni z\u0119batej. Konferenzband zur 16. Mi\u0119dzynarodowa Konferencja Naukowo-Techniczna TEMAG 2008 TRWA\u0141O\u015a\u0106 ELEMENT\u00d3W I W\u0118Z\u0141\u00d3W KONSTRUKCYJNYCH MASZYN G\u00d3RNICZYCH. Biblioteka TEMAG 2008, ISBN 978-83-61442-04-2.<\/li>\n<li>Rolshofen, W.; Dietz, P.; Sch\u00e4fer, G.; Kruk, R.: TAI-CHI: Tangible Acoustic Interfaces for Computer-Human Interaction; XV Acoustical and Biomedical Engineering Conference; 14.-18.04.2008 Zakopane; Polish Acoustical Society; www.iab2008.agh.edu.pl, ISBN 978-83-61402-00-8, S. 69-75.<\/li>\n<li>Kruk, R., Thoden, D., Backhaus, S.-G.: Neuartiger Pr\u00fcfstand zur akustischen Untersuchung von W\u00e4lz- und Gleitlagern. Fortschritte der Akustik: DAGA 2008; 34. Jahrestagung f\u00fcr Akustik, 10. &#8211; 13. M\u00e4rz 2008 in Dresden, ISBN: 978-3-9808659-4-4, S. 761-762.<\/li>\n<li>Dietz, P.; Kruk, R.; Lohrengel, A.; Wieczorek, A.: Stanowisko do badan w\u0142asno\u015bci dynamicznych \u0142o\u017cysk. XV Jubileuszowa Mi\u0119dzynarodowa Konferencja Naukowo \u2013 Techniczna TEMAG 2007. Gliwice \u2013 Ustro\u0144 Pa\u017adziernik 2007, ISBN 978-83-917265-6-3, S. 25-29.<\/li>\n<li>Dietz, P.; Kruk, R.; Lohrengel, A.; Wieczorek, A.: Wyniki oblicze\u0144 parametr\u00f3w dynamicznych \u0142o\u017cysk tocznych. XV Jubileuszowa Mi\u0119dzynarodowa Konferencja Naukowo \u2013 Techniczna TEMAG 2007. Gliwice \u2013 Ustro\u0144 Pa\u017adziernik 2007, ISBN 978-83-917265-6-3, S. 31-39.<\/li>\n<\/ol>\n<hr>\n<p>&nbsp;<\/p>\n","protected":false},"excerpt":{"rendered":"<p>Kruk, R.; Thoden, D.; Lohrengel, A.; Dietz, P.; Sch\u00e4fer, G.: K\u00f6rperschall\u00fcbertragung von W\u00e4lz- und Gleitlagern. Fortschritte der Akustik: DAGA 2010, 36. Jahrestagung f\u00fcr Akustik, 15.-18. M\u00e4rz 2010 in Berlin, ISBN 978-3-9808659-8-2, S. 529-530. Kruk, R.; Dietz, P.; Lohrengel, A.; Sch\u00e4fer, G.; Thoden, D.: Novel test bed for vibration transmission through [\u2026] <\/p>\n<div class=\"clear\"><\/div>\n<p><a class=\"more_link clearfix\" href=\"https:\/\/pans.krosno.pl\/pracownicy\/radoslaw-kruk\/radoslaw-kruk-najwazniejsze-publikacje\/\" rel=\"nofollow\">Read More<\/a><\/p>\n","protected":false},"author":34,"featured_media":0,"parent":5267,"menu_order":0,"comment_status":"closed","ping_status":"closed","template":"","meta":{"ngg_post_thumbnail":0,"footnotes":""},"class_list":["post-5299","page","type-page","status-publish","hentry"],"yoast_head":"<!-- This site is optimized with the Yoast SEO Premium plugin v27.4 (Yoast SEO v27.4) - https:\/\/yoast.com\/product\/yoast-seo-premium-wordpress\/ -->\n<title>mgr in\u017c. Rados\u0142aw Kruk - Najwa\u017cniejsze publikacje - Pracownicy PANS w Kro\u015bnie<\/title>\n<meta name=\"robots\" content=\"index, follow, max-snippet:-1, max-image-preview:large, max-video-preview:-1\" \/>\n<link rel=\"canonical\" href=\"https:\/\/pans.krosno.pl\/pracownicy\/radoslaw-kruk\/radoslaw-kruk-najwazniejsze-publikacje\/\" \/>\n<meta property=\"og:locale\" content=\"pl_PL\" \/>\n<meta property=\"og:type\" content=\"article\" \/>\n<meta property=\"og:title\" content=\"mgr in\u017c. Rados\u0142aw Kruk - Najwa\u017cniejsze publikacje\" \/>\n<meta property=\"og:description\" content=\"Kruk, R.; Thoden, D.; Lohrengel, A.; Dietz, P.; Sch\u00e4fer, G.: K\u00f6rperschall\u00fcbertragung von W\u00e4lz- und Gleitlagern. Fortschritte der Akustik: DAGA 2010, 36. Jahrestagung f\u00fcr Akustik, 15.-18. M\u00e4rz 2010 in Berlin, ISBN 978-3-9808659-8-2, S. 529-530. Kruk, R.; Dietz, P.; Lohrengel, A.; Sch\u00e4fer, G.; Thoden, D.: Novel test bed for vibration transmission through [\u2026] Read More\" \/>\n<meta property=\"og:url\" content=\"https:\/\/pans.krosno.pl\/pracownicy\/radoslaw-kruk\/radoslaw-kruk-najwazniejsze-publikacje\/\" \/>\n<meta property=\"og:site_name\" content=\"Pracownicy PANS w Kro\u015bnie\" \/>\n<meta property=\"article:modified_time\" content=\"2024-06-19T15:24:10+00:00\" \/>\n<meta name=\"twitter:card\" content=\"summary_large_image\" \/>\n<meta name=\"twitter:label1\" content=\"Szacowany czas czytania\" \/>\n\t<meta name=\"twitter:data1\" content=\"2 minuty\" \/>\n<script type=\"application\/ld+json\" class=\"yoast-schema-graph\">{\"@context\":\"https:\\\/\\\/schema.org\",\"@graph\":[{\"@type\":\"WebPage\",\"@id\":\"https:\\\/\\\/pans.krosno.pl\\\/pracownicy\\\/radoslaw-kruk\\\/radoslaw-kruk-najwazniejsze-publikacje\\\/\",\"url\":\"https:\\\/\\\/pans.krosno.pl\\\/pracownicy\\\/radoslaw-kruk\\\/radoslaw-kruk-najwazniejsze-publikacje\\\/\",\"name\":\"mgr in\u017c. Rados\u0142aw Kruk - Najwa\u017cniejsze publikacje - Pracownicy PANS w Kro\u015bnie\",\"isPartOf\":{\"@id\":\"https:\\\/\\\/pans.krosno.pl\\\/pracownicy\\\/#website\"},\"datePublished\":\"2020-04-27T13:43:44+00:00\",\"dateModified\":\"2024-06-19T15:24:10+00:00\",\"breadcrumb\":{\"@id\":\"https:\\\/\\\/pans.krosno.pl\\\/pracownicy\\\/radoslaw-kruk\\\/radoslaw-kruk-najwazniejsze-publikacje\\\/#breadcrumb\"},\"inLanguage\":\"pl-PL\",\"potentialAction\":[{\"@type\":\"ReadAction\",\"target\":[\"https:\\\/\\\/pans.krosno.pl\\\/pracownicy\\\/radoslaw-kruk\\\/radoslaw-kruk-najwazniejsze-publikacje\\\/\"]}]},{\"@type\":\"BreadcrumbList\",\"@id\":\"https:\\\/\\\/pans.krosno.pl\\\/pracownicy\\\/radoslaw-kruk\\\/radoslaw-kruk-najwazniejsze-publikacje\\\/#breadcrumb\",\"itemListElement\":[{\"@type\":\"ListItem\",\"position\":1,\"name\":\"Strona g\u0142\u00f3wna\",\"item\":\"https:\\\/\\\/pans.krosno.pl\\\/pracownicy\\\/\"},{\"@type\":\"ListItem\",\"position\":2,\"name\":\"mgr in\u017c. Rados\u0142aw Kruk\",\"item\":\"https:\\\/\\\/pans.krosno.pl\\\/pracownicy\\\/radoslaw-kruk\\\/\"},{\"@type\":\"ListItem\",\"position\":3,\"name\":\"mgr in\u017c. Rados\u0142aw Kruk &#8211; Najwa\u017cniejsze publikacje\"}]},{\"@type\":\"WebSite\",\"@id\":\"https:\\\/\\\/pans.krosno.pl\\\/pracownicy\\\/#website\",\"url\":\"https:\\\/\\\/pans.krosno.pl\\\/pracownicy\\\/\",\"name\":\"Pracownicy PANS w Kro\u015bnie\",\"description\":\"Pracownicy - Pa\u0144stwowa Akademia Nauk Stosowanych\",\"publisher\":{\"@id\":\"https:\\\/\\\/pans.krosno.pl\\\/pracownicy\\\/#organization\"},\"potentialAction\":[{\"@type\":\"SearchAction\",\"target\":{\"@type\":\"EntryPoint\",\"urlTemplate\":\"https:\\\/\\\/pans.krosno.pl\\\/pracownicy\\\/?s={search_term_string}\"},\"query-input\":{\"@type\":\"PropertyValueSpecification\",\"valueRequired\":true,\"valueName\":\"search_term_string\"}}],\"inLanguage\":\"pl-PL\"},{\"@type\":\"Organization\",\"@id\":\"https:\\\/\\\/pans.krosno.pl\\\/pracownicy\\\/#organization\",\"name\":\"Pracownicy PANS w Kro\u015bnie\",\"url\":\"https:\\\/\\\/pans.krosno.pl\\\/pracownicy\\\/\",\"logo\":{\"@type\":\"ImageObject\",\"inLanguage\":\"pl-PL\",\"@id\":\"https:\\\/\\\/pans.krosno.pl\\\/pracownicy\\\/#\\\/schema\\\/logo\\\/image\\\/\",\"url\":\"https:\\\/\\\/pans.krosno.pl\\\/pracownicy\\\/wp-content\\\/uploads\\\/sites\\\/41\\\/2023\\\/01\\\/Logo-PANS-2022-pelne.png\",\"contentUrl\":\"https:\\\/\\\/pans.krosno.pl\\\/pracownicy\\\/wp-content\\\/uploads\\\/sites\\\/41\\\/2023\\\/01\\\/Logo-PANS-2022-pelne.png\",\"width\":3096,\"height\":696,\"caption\":\"Pracownicy PANS w Kro\u015bnie\"},\"image\":{\"@id\":\"https:\\\/\\\/pans.krosno.pl\\\/pracownicy\\\/#\\\/schema\\\/logo\\\/image\\\/\"}}]}<\/script>\n<!-- \/ Yoast SEO Premium plugin. -->","yoast_head_json":{"title":"mgr in\u017c. Rados\u0142aw Kruk - Najwa\u017cniejsze publikacje - Pracownicy PANS w Kro\u015bnie","robots":{"index":"index","follow":"follow","max-snippet":"max-snippet:-1","max-image-preview":"max-image-preview:large","max-video-preview":"max-video-preview:-1"},"canonical":"https:\/\/pans.krosno.pl\/pracownicy\/radoslaw-kruk\/radoslaw-kruk-najwazniejsze-publikacje\/","og_locale":"pl_PL","og_type":"article","og_title":"mgr in\u017c. Rados\u0142aw Kruk - Najwa\u017cniejsze publikacje","og_description":"Kruk, R.; Thoden, D.; Lohrengel, A.; Dietz, P.; Sch\u00e4fer, G.: K\u00f6rperschall\u00fcbertragung von W\u00e4lz- und Gleitlagern. Fortschritte der Akustik: DAGA 2010, 36. Jahrestagung f\u00fcr Akustik, 15.-18. M\u00e4rz 2010 in Berlin, ISBN 978-3-9808659-8-2, S. 529-530. Kruk, R.; Dietz, P.; Lohrengel, A.; Sch\u00e4fer, G.; Thoden, D.: Novel test bed for vibration transmission through [\u2026] Read More","og_url":"https:\/\/pans.krosno.pl\/pracownicy\/radoslaw-kruk\/radoslaw-kruk-najwazniejsze-publikacje\/","og_site_name":"Pracownicy PANS w Kro\u015bnie","article_modified_time":"2024-06-19T15:24:10+00:00","twitter_card":"summary_large_image","twitter_misc":{"Szacowany czas czytania":"2 minuty"},"schema":{"@context":"https:\/\/schema.org","@graph":[{"@type":"WebPage","@id":"https:\/\/pans.krosno.pl\/pracownicy\/radoslaw-kruk\/radoslaw-kruk-najwazniejsze-publikacje\/","url":"https:\/\/pans.krosno.pl\/pracownicy\/radoslaw-kruk\/radoslaw-kruk-najwazniejsze-publikacje\/","name":"mgr in\u017c. Rados\u0142aw Kruk - Najwa\u017cniejsze publikacje - Pracownicy PANS w Kro\u015bnie","isPartOf":{"@id":"https:\/\/pans.krosno.pl\/pracownicy\/#website"},"datePublished":"2020-04-27T13:43:44+00:00","dateModified":"2024-06-19T15:24:10+00:00","breadcrumb":{"@id":"https:\/\/pans.krosno.pl\/pracownicy\/radoslaw-kruk\/radoslaw-kruk-najwazniejsze-publikacje\/#breadcrumb"},"inLanguage":"pl-PL","potentialAction":[{"@type":"ReadAction","target":["https:\/\/pans.krosno.pl\/pracownicy\/radoslaw-kruk\/radoslaw-kruk-najwazniejsze-publikacje\/"]}]},{"@type":"BreadcrumbList","@id":"https:\/\/pans.krosno.pl\/pracownicy\/radoslaw-kruk\/radoslaw-kruk-najwazniejsze-publikacje\/#breadcrumb","itemListElement":[{"@type":"ListItem","position":1,"name":"Strona g\u0142\u00f3wna","item":"https:\/\/pans.krosno.pl\/pracownicy\/"},{"@type":"ListItem","position":2,"name":"mgr in\u017c. Rados\u0142aw Kruk","item":"https:\/\/pans.krosno.pl\/pracownicy\/radoslaw-kruk\/"},{"@type":"ListItem","position":3,"name":"mgr in\u017c. Rados\u0142aw Kruk &#8211; Najwa\u017cniejsze publikacje"}]},{"@type":"WebSite","@id":"https:\/\/pans.krosno.pl\/pracownicy\/#website","url":"https:\/\/pans.krosno.pl\/pracownicy\/","name":"Pracownicy PANS w Kro\u015bnie","description":"Pracownicy - Pa\u0144stwowa Akademia Nauk Stosowanych","publisher":{"@id":"https:\/\/pans.krosno.pl\/pracownicy\/#organization"},"potentialAction":[{"@type":"SearchAction","target":{"@type":"EntryPoint","urlTemplate":"https:\/\/pans.krosno.pl\/pracownicy\/?s={search_term_string}"},"query-input":{"@type":"PropertyValueSpecification","valueRequired":true,"valueName":"search_term_string"}}],"inLanguage":"pl-PL"},{"@type":"Organization","@id":"https:\/\/pans.krosno.pl\/pracownicy\/#organization","name":"Pracownicy PANS w Kro\u015bnie","url":"https:\/\/pans.krosno.pl\/pracownicy\/","logo":{"@type":"ImageObject","inLanguage":"pl-PL","@id":"https:\/\/pans.krosno.pl\/pracownicy\/#\/schema\/logo\/image\/","url":"https:\/\/pans.krosno.pl\/pracownicy\/wp-content\/uploads\/sites\/41\/2023\/01\/Logo-PANS-2022-pelne.png","contentUrl":"https:\/\/pans.krosno.pl\/pracownicy\/wp-content\/uploads\/sites\/41\/2023\/01\/Logo-PANS-2022-pelne.png","width":3096,"height":696,"caption":"Pracownicy PANS w Kro\u015bnie"},"image":{"@id":"https:\/\/pans.krosno.pl\/pracownicy\/#\/schema\/logo\/image\/"}}]}},"_links":{"self":[{"href":"https:\/\/pans.krosno.pl\/pracownicy\/wp-json\/wp\/v2\/pages\/5299","targetHints":{"allow":["GET"]}}],"collection":[{"href":"https:\/\/pans.krosno.pl\/pracownicy\/wp-json\/wp\/v2\/pages"}],"about":[{"href":"https:\/\/pans.krosno.pl\/pracownicy\/wp-json\/wp\/v2\/types\/page"}],"author":[{"embeddable":true,"href":"https:\/\/pans.krosno.pl\/pracownicy\/wp-json\/wp\/v2\/users\/34"}],"replies":[{"embeddable":true,"href":"https:\/\/pans.krosno.pl\/pracownicy\/wp-json\/wp\/v2\/comments?post=5299"}],"version-history":[{"count":3,"href":"https:\/\/pans.krosno.pl\/pracownicy\/wp-json\/wp\/v2\/pages\/5299\/revisions"}],"predecessor-version":[{"id":6972,"href":"https:\/\/pans.krosno.pl\/pracownicy\/wp-json\/wp\/v2\/pages\/5299\/revisions\/6972"}],"up":[{"embeddable":true,"href":"https:\/\/pans.krosno.pl\/pracownicy\/wp-json\/wp\/v2\/pages\/5267"}],"wp:attachment":[{"href":"https:\/\/pans.krosno.pl\/pracownicy\/wp-json\/wp\/v2\/media?parent=5299"}],"curies":[{"name":"wp","href":"https:\/\/api.w.org\/{rel}","templated":true}]}}