{"id":5126,"date":"2020-04-27T12:34:36","date_gmt":"2020-04-27T10:34:36","guid":{"rendered":"https:\/\/pans.krosno.pl\/pracownicy\/?page_id=5126"},"modified":"2025-05-20T14:01:56","modified_gmt":"2025-05-20T12:01:56","slug":"tadeusz-wszolek-najwazniejsze-publikacje","status":"publish","type":"page","link":"https:\/\/pans.krosno.pl\/pracownicy\/tadeusz-wszolek\/tadeusz-wszolek-najwazniejsze-publikacje\/","title":{"rendered":"dr hab. in\u017c. Tadeusz Wszo\u0142ek, prof. PANS &#8211; Najwa\u017cniejsze publikacje"},"content":{"rendered":"<hr>\n<p><strong>\u0141\u0105cznie 235 publikacji (wykaz Bibl. G\u0142 AGH). Poni\u017cej wybranych 10 pozycji z IF<\/strong><\/p>\n<ol>\n<li>Acoustic study of REpower MM92 wind turbines during exploitation \/ Maciej K\u0141ACZY\u0143SKI, Tadeusz WSZO\u0141EK \/\/ Archives of Acoustics ; ISSN 0137-5075. \u2014 2014 vol. 39 no. 1.<\/li>\n<li>Automatic detection on long-term audible noise indices from corona phenomena on UHV AC power lines \/ T. WSZO\u0141EK, M. K\u0141ACZY\u0143SKI \/\/ Acta Physica Polonica. A ; ISSN 0587-4246. \u2014 2014 vol. 125 no. 4-A: Acoustic and biomedical engineering 2014.<\/li>\n<li>Cumulative industrial noise impact on the environment \/ Tadeusz WSZO\u0141EK \/\/ Archives of Acoustics ; ISSN 0137-5075. \u2014 2017 vol. 42 no. 2, s. 169\u2013174. \u2014 Bibliogr. s. 173\u2013174.<\/li>\n<li>Detection and classification of selected noise sources in long-term acoustic climate monitoring \/M. K\u0141ACZY\u0143SKI, T. WSZO\u0141EK \/\/ Acta Physica Polonica. A ; ISSN 0587-4246. \u2014 2012 vol. 121 no. 1-A: Acoustic and biomedical engineering, s. A-179\u2013A-182. \u2014 Bibliogr. s. A-182.<\/li>\n<li>Diagnostic symptoms of corona audible noise in continuous monitoring systems : technical note \/Tadeusz WSZO\u0141EK \/\/ Archives of Acoustics ; ISSN 0137-5075. \u2014 2011 vol. 36 no. 1.<\/li>\n<li>Modelowanie rozk\u0142adu wska\u017anik\u00f3w ha\u0142asu ulotu w otoczeniu linii wysokiego napi\u0119cia \u2014 Modeling of distribution of corona noise indicators aroung high voltage power transmission line \/ Tadeusz WSZO\u0141EK \/\/ Przegl\u0105d Elektrotechniczny = Electrical Review \/ Stowarzyszenie Elektryk\u00f3w Polskich ; ISSN 0033-2097. \u2014 2010 R. 86 nr 11b.<\/li>\n<li>The research on impulsive events in railway noise generated during passage through a railroad switch \/ Bart\u0142omiej KUKULSKI, Tadeusz WSZO\u0141EK \/\/ Archives of Acoustics ; ISSN 0137-5075. \u2014 2017 vol. 42 no. 3, s. 441\u2013447. \u2014 Bibliogr. s. 447.<\/li>\n<li>The impact of fireworks noise on the acoustic climate in urban areas \/ Bart\u0142omiej KUKULSKI, Tadeusz WSZO\u0141EK, Dominik MLECZKO \/\/ Archives of Acoustics ; ISSN 0137-5075. \u2014 2018 vol. 43 no. 4, s. 697\u2013705. \u2014 Bibliogr. s. 704\u2013705. \u2014 tekst:http:\/\/acoustics.ippt.gov.pl\/index.php\/aa\/article\/download\/2286\/pdf_379.<\/li>\n<li>Effect of diffusing elements in a reverberation room on the results of airborne sound insulation laboratory measurements \/ Dominik MLECZKO, Tadeusz WSZO\u0141EK \/\/ Archives of Acoustics ; ISSN 0137-5075. \u2014 2019 vol. 44 no. 4, s. 739\u2013746. \u2014 Bibliogr. s. 746. \u2014 tekst: http:\/\/acoustics.ippt.gov.pl\/index.php\/aa\/article\/view\/2538\/pdf_449.<\/li>\n<li>Analysis of the usefulness of measurement on a board at ground level for assessing the noise level from a wind turbine \/ Tadeusz WSZO\u0141EK, Pawe\u0142 PAWLIK, Dominik MLECZKO, Jagna Chronowska \/\/ Archives of Acoustics ; ISSN 0137-5075. \u2014 2020 vol. 45 no. 1, s. 165\u2013175. \u2014 Bibliogr. s. 175. \u2014 tekst: https:\/\/acoustics.ippt.pan.pl\/index.php\/aa\/article\/view\/2502\/pdf_472<\/li>\n<\/ol>\n<p><strong>Monografie<\/strong><\/p>\n<ol>\n<li>Wszo\u0142ek T. \u2013 Modelowanie zjawisk wibroakustycznych w systemach przesy\u0142owych najwy\u017cszych napi\u0119\u0107, Wydawnictwo Naukowe Instytutu Technologii Eksploatacji \u2013 PIB, Krak\u00f3w 2013, stron 162.<\/li>\n<li>Motylewski J., Ciesielka W., Kotlicka E., Wszo\u0142ek T. , rozdzia\u0142 w URBAN SPRAWL WARSAW AGGLOMERATION c a s e s t u d y WARSAW 2005 Edited by, Malgorzata Gutry,Korycka , II. ENVIRONMENTAL IMPACTS OF URBAN SPRAWL, 8.5. The hazard from environmental noise.<\/li>\n<li>Wszo\u0142ek W., Tadeusiewicz R., Izworski A., Twszo\u0142ek T., Analysis and classification of the pathological speech using artificial intelligence methods, Advances in intelligent systems, fuzzy systems, evolutionary computation \/ eds. Ales Grmela, Nikos E. Mastorakis. \u2014 [Athens] : WSEAS, 2002.<\/li>\n<\/ol>\n<hr>\n<p>&nbsp;<\/p>\n","protected":false},"excerpt":{"rendered":"<p>\u0141\u0105cznie 235 publikacji (wykaz Bibl. G\u0142 AGH). Poni\u017cej wybranych 10 pozycji z IF Acoustic study of REpower MM92 wind turbines during exploitation \/ Maciej K\u0141ACZY\u0143SKI, Tadeusz WSZO\u0141EK \/\/ Archives of Acoustics ; ISSN 0137-5075. \u2014 2014 vol. 39 no. 1. Automatic detection on long-term audible noise indices from corona phenomena [\u2026] <\/p>\n<div class=\"clear\"><\/div>\n<p><a class=\"more_link clearfix\" href=\"https:\/\/pans.krosno.pl\/pracownicy\/tadeusz-wszolek\/tadeusz-wszolek-najwazniejsze-publikacje\/\" rel=\"nofollow\">Read More<\/a><\/p>\n","protected":false},"author":34,"featured_media":0,"parent":5097,"menu_order":0,"comment_status":"closed","ping_status":"closed","template":"","meta":{"ngg_post_thumbnail":0,"footnotes":""},"class_list":["post-5126","page","type-page","status-publish","hentry"],"yoast_head":"<!-- This site is optimized with the Yoast SEO Premium plugin v27.4 (Yoast SEO v27.4) - https:\/\/yoast.com\/product\/yoast-seo-premium-wordpress\/ -->\n<title>dr hab. in\u017c. Tadeusz Wszo\u0142ek, prof. PANS - Najwa\u017cniejsze publikacje - Pracownicy PANS w Kro\u015bnie<\/title>\n<meta name=\"robots\" content=\"index, follow, max-snippet:-1, max-image-preview:large, max-video-preview:-1\" \/>\n<link rel=\"canonical\" href=\"https:\/\/pans.krosno.pl\/pracownicy\/tadeusz-wszolek\/tadeusz-wszolek-najwazniejsze-publikacje\/\" \/>\n<meta property=\"og:locale\" content=\"pl_PL\" \/>\n<meta property=\"og:type\" content=\"article\" \/>\n<meta property=\"og:title\" content=\"dr hab. in\u017c. Tadeusz Wszo\u0142ek, prof. PANS - Najwa\u017cniejsze publikacje\" \/>\n<meta property=\"og:description\" content=\"\u0141\u0105cznie 235 publikacji (wykaz Bibl. G\u0142 AGH). Poni\u017cej wybranych 10 pozycji z IF Acoustic study of REpower MM92 wind turbines during exploitation \/ Maciej K\u0141ACZY\u0143SKI, Tadeusz WSZO\u0141EK \/\/ Archives of Acoustics ; ISSN 0137-5075. \u2014 2014 vol. 39 no. 1. Automatic detection on long-term audible noise indices from corona phenomena [\u2026] Read More\" \/>\n<meta property=\"og:url\" content=\"https:\/\/pans.krosno.pl\/pracownicy\/tadeusz-wszolek\/tadeusz-wszolek-najwazniejsze-publikacje\/\" \/>\n<meta property=\"og:site_name\" content=\"Pracownicy PANS w Kro\u015bnie\" \/>\n<meta property=\"article:modified_time\" content=\"2025-05-20T12:01:56+00:00\" \/>\n<meta name=\"twitter:card\" content=\"summary_large_image\" \/>\n<meta name=\"twitter:label1\" content=\"Szacowany czas czytania\" \/>\n\t<meta name=\"twitter:data1\" content=\"3 minuty\" \/>\n<script type=\"application\/ld+json\" class=\"yoast-schema-graph\">{\"@context\":\"https:\\\/\\\/schema.org\",\"@graph\":[{\"@type\":\"WebPage\",\"@id\":\"https:\\\/\\\/pans.krosno.pl\\\/pracownicy\\\/tadeusz-wszolek\\\/tadeusz-wszolek-najwazniejsze-publikacje\\\/\",\"url\":\"https:\\\/\\\/pans.krosno.pl\\\/pracownicy\\\/tadeusz-wszolek\\\/tadeusz-wszolek-najwazniejsze-publikacje\\\/\",\"name\":\"dr hab. in\u017c. Tadeusz Wszo\u0142ek, prof. PANS - Najwa\u017cniejsze publikacje - Pracownicy PANS w Kro\u015bnie\",\"isPartOf\":{\"@id\":\"https:\\\/\\\/pans.krosno.pl\\\/pracownicy\\\/#website\"},\"datePublished\":\"2020-04-27T10:34:36+00:00\",\"dateModified\":\"2025-05-20T12:01:56+00:00\",\"breadcrumb\":{\"@id\":\"https:\\\/\\\/pans.krosno.pl\\\/pracownicy\\\/tadeusz-wszolek\\\/tadeusz-wszolek-najwazniejsze-publikacje\\\/#breadcrumb\"},\"inLanguage\":\"pl-PL\",\"potentialAction\":[{\"@type\":\"ReadAction\",\"target\":[\"https:\\\/\\\/pans.krosno.pl\\\/pracownicy\\\/tadeusz-wszolek\\\/tadeusz-wszolek-najwazniejsze-publikacje\\\/\"]}]},{\"@type\":\"BreadcrumbList\",\"@id\":\"https:\\\/\\\/pans.krosno.pl\\\/pracownicy\\\/tadeusz-wszolek\\\/tadeusz-wszolek-najwazniejsze-publikacje\\\/#breadcrumb\",\"itemListElement\":[{\"@type\":\"ListItem\",\"position\":1,\"name\":\"Strona g\u0142\u00f3wna\",\"item\":\"https:\\\/\\\/pans.krosno.pl\\\/pracownicy\\\/\"},{\"@type\":\"ListItem\",\"position\":2,\"name\":\"dr hab. in\u017c. Tadeusz Wszo\u0142ek, prof. PANS\",\"item\":\"https:\\\/\\\/pans.krosno.pl\\\/pracownicy\\\/tadeusz-wszolek\\\/\"},{\"@type\":\"ListItem\",\"position\":3,\"name\":\"dr hab. in\u017c. Tadeusz Wszo\u0142ek, prof. PANS &#8211; Najwa\u017cniejsze publikacje\"}]},{\"@type\":\"WebSite\",\"@id\":\"https:\\\/\\\/pans.krosno.pl\\\/pracownicy\\\/#website\",\"url\":\"https:\\\/\\\/pans.krosno.pl\\\/pracownicy\\\/\",\"name\":\"Pracownicy PANS w Kro\u015bnie\",\"description\":\"Pracownicy - Pa\u0144stwowa Akademia Nauk Stosowanych\",\"publisher\":{\"@id\":\"https:\\\/\\\/pans.krosno.pl\\\/pracownicy\\\/#organization\"},\"potentialAction\":[{\"@type\":\"SearchAction\",\"target\":{\"@type\":\"EntryPoint\",\"urlTemplate\":\"https:\\\/\\\/pans.krosno.pl\\\/pracownicy\\\/?s={search_term_string}\"},\"query-input\":{\"@type\":\"PropertyValueSpecification\",\"valueRequired\":true,\"valueName\":\"search_term_string\"}}],\"inLanguage\":\"pl-PL\"},{\"@type\":\"Organization\",\"@id\":\"https:\\\/\\\/pans.krosno.pl\\\/pracownicy\\\/#organization\",\"name\":\"Pracownicy PANS w Kro\u015bnie\",\"url\":\"https:\\\/\\\/pans.krosno.pl\\\/pracownicy\\\/\",\"logo\":{\"@type\":\"ImageObject\",\"inLanguage\":\"pl-PL\",\"@id\":\"https:\\\/\\\/pans.krosno.pl\\\/pracownicy\\\/#\\\/schema\\\/logo\\\/image\\\/\",\"url\":\"https:\\\/\\\/pans.krosno.pl\\\/pracownicy\\\/wp-content\\\/uploads\\\/sites\\\/41\\\/2023\\\/01\\\/Logo-PANS-2022-pelne.png\",\"contentUrl\":\"https:\\\/\\\/pans.krosno.pl\\\/pracownicy\\\/wp-content\\\/uploads\\\/sites\\\/41\\\/2023\\\/01\\\/Logo-PANS-2022-pelne.png\",\"width\":3096,\"height\":696,\"caption\":\"Pracownicy PANS w Kro\u015bnie\"},\"image\":{\"@id\":\"https:\\\/\\\/pans.krosno.pl\\\/pracownicy\\\/#\\\/schema\\\/logo\\\/image\\\/\"}}]}<\/script>\n<!-- \/ Yoast SEO Premium plugin. -->","yoast_head_json":{"title":"dr hab. in\u017c. Tadeusz Wszo\u0142ek, prof. PANS - Najwa\u017cniejsze publikacje - Pracownicy PANS w Kro\u015bnie","robots":{"index":"index","follow":"follow","max-snippet":"max-snippet:-1","max-image-preview":"max-image-preview:large","max-video-preview":"max-video-preview:-1"},"canonical":"https:\/\/pans.krosno.pl\/pracownicy\/tadeusz-wszolek\/tadeusz-wszolek-najwazniejsze-publikacje\/","og_locale":"pl_PL","og_type":"article","og_title":"dr hab. in\u017c. Tadeusz Wszo\u0142ek, prof. PANS - Najwa\u017cniejsze publikacje","og_description":"\u0141\u0105cznie 235 publikacji (wykaz Bibl. G\u0142 AGH). Poni\u017cej wybranych 10 pozycji z IF Acoustic study of REpower MM92 wind turbines during exploitation \/ Maciej K\u0141ACZY\u0143SKI, Tadeusz WSZO\u0141EK \/\/ Archives of Acoustics ; ISSN 0137-5075. \u2014 2014 vol. 39 no. 1. Automatic detection on long-term audible noise indices from corona phenomena [\u2026] Read More","og_url":"https:\/\/pans.krosno.pl\/pracownicy\/tadeusz-wszolek\/tadeusz-wszolek-najwazniejsze-publikacje\/","og_site_name":"Pracownicy PANS w Kro\u015bnie","article_modified_time":"2025-05-20T12:01:56+00:00","twitter_card":"summary_large_image","twitter_misc":{"Szacowany czas czytania":"3 minuty"},"schema":{"@context":"https:\/\/schema.org","@graph":[{"@type":"WebPage","@id":"https:\/\/pans.krosno.pl\/pracownicy\/tadeusz-wszolek\/tadeusz-wszolek-najwazniejsze-publikacje\/","url":"https:\/\/pans.krosno.pl\/pracownicy\/tadeusz-wszolek\/tadeusz-wszolek-najwazniejsze-publikacje\/","name":"dr hab. in\u017c. Tadeusz Wszo\u0142ek, prof. PANS - Najwa\u017cniejsze publikacje - Pracownicy PANS w Kro\u015bnie","isPartOf":{"@id":"https:\/\/pans.krosno.pl\/pracownicy\/#website"},"datePublished":"2020-04-27T10:34:36+00:00","dateModified":"2025-05-20T12:01:56+00:00","breadcrumb":{"@id":"https:\/\/pans.krosno.pl\/pracownicy\/tadeusz-wszolek\/tadeusz-wszolek-najwazniejsze-publikacje\/#breadcrumb"},"inLanguage":"pl-PL","potentialAction":[{"@type":"ReadAction","target":["https:\/\/pans.krosno.pl\/pracownicy\/tadeusz-wszolek\/tadeusz-wszolek-najwazniejsze-publikacje\/"]}]},{"@type":"BreadcrumbList","@id":"https:\/\/pans.krosno.pl\/pracownicy\/tadeusz-wszolek\/tadeusz-wszolek-najwazniejsze-publikacje\/#breadcrumb","itemListElement":[{"@type":"ListItem","position":1,"name":"Strona g\u0142\u00f3wna","item":"https:\/\/pans.krosno.pl\/pracownicy\/"},{"@type":"ListItem","position":2,"name":"dr hab. in\u017c. Tadeusz Wszo\u0142ek, prof. PANS","item":"https:\/\/pans.krosno.pl\/pracownicy\/tadeusz-wszolek\/"},{"@type":"ListItem","position":3,"name":"dr hab. in\u017c. Tadeusz Wszo\u0142ek, prof. PANS &#8211; Najwa\u017cniejsze publikacje"}]},{"@type":"WebSite","@id":"https:\/\/pans.krosno.pl\/pracownicy\/#website","url":"https:\/\/pans.krosno.pl\/pracownicy\/","name":"Pracownicy PANS w Kro\u015bnie","description":"Pracownicy - Pa\u0144stwowa Akademia Nauk Stosowanych","publisher":{"@id":"https:\/\/pans.krosno.pl\/pracownicy\/#organization"},"potentialAction":[{"@type":"SearchAction","target":{"@type":"EntryPoint","urlTemplate":"https:\/\/pans.krosno.pl\/pracownicy\/?s={search_term_string}"},"query-input":{"@type":"PropertyValueSpecification","valueRequired":true,"valueName":"search_term_string"}}],"inLanguage":"pl-PL"},{"@type":"Organization","@id":"https:\/\/pans.krosno.pl\/pracownicy\/#organization","name":"Pracownicy PANS w Kro\u015bnie","url":"https:\/\/pans.krosno.pl\/pracownicy\/","logo":{"@type":"ImageObject","inLanguage":"pl-PL","@id":"https:\/\/pans.krosno.pl\/pracownicy\/#\/schema\/logo\/image\/","url":"https:\/\/pans.krosno.pl\/pracownicy\/wp-content\/uploads\/sites\/41\/2023\/01\/Logo-PANS-2022-pelne.png","contentUrl":"https:\/\/pans.krosno.pl\/pracownicy\/wp-content\/uploads\/sites\/41\/2023\/01\/Logo-PANS-2022-pelne.png","width":3096,"height":696,"caption":"Pracownicy PANS w Kro\u015bnie"},"image":{"@id":"https:\/\/pans.krosno.pl\/pracownicy\/#\/schema\/logo\/image\/"}}]}},"_links":{"self":[{"href":"https:\/\/pans.krosno.pl\/pracownicy\/wp-json\/wp\/v2\/pages\/5126","targetHints":{"allow":["GET"]}}],"collection":[{"href":"https:\/\/pans.krosno.pl\/pracownicy\/wp-json\/wp\/v2\/pages"}],"about":[{"href":"https:\/\/pans.krosno.pl\/pracownicy\/wp-json\/wp\/v2\/types\/page"}],"author":[{"embeddable":true,"href":"https:\/\/pans.krosno.pl\/pracownicy\/wp-json\/wp\/v2\/users\/34"}],"replies":[{"embeddable":true,"href":"https:\/\/pans.krosno.pl\/pracownicy\/wp-json\/wp\/v2\/comments?post=5126"}],"version-history":[{"count":8,"href":"https:\/\/pans.krosno.pl\/pracownicy\/wp-json\/wp\/v2\/pages\/5126\/revisions"}],"predecessor-version":[{"id":11070,"href":"https:\/\/pans.krosno.pl\/pracownicy\/wp-json\/wp\/v2\/pages\/5126\/revisions\/11070"}],"up":[{"embeddable":true,"href":"https:\/\/pans.krosno.pl\/pracownicy\/wp-json\/wp\/v2\/pages\/5097"}],"wp:attachment":[{"href":"https:\/\/pans.krosno.pl\/pracownicy\/wp-json\/wp\/v2\/media?parent=5126"}],"curies":[{"name":"wp","href":"https:\/\/api.w.org\/{rel}","templated":true}]}}