{"id":5040,"date":"2020-04-27T11:41:22","date_gmt":"2020-04-27T09:41:22","guid":{"rendered":"https:\/\/pans.krosno.pl\/pracownicy\/?page_id=5040"},"modified":"2025-05-14T09:39:30","modified_gmt":"2025-05-14T07:39:30","slug":"renata-bal-najwazniejsze-publikacje","status":"publish","type":"page","link":"https:\/\/pans.krosno.pl\/pracownicy\/renata-bal\/renata-bal-najwazniejsze-publikacje\/","title":{"rendered":"dr Renata Bal &#8211; Najwa\u017cniejsze publikacje"},"content":{"rendered":"<hr>\n<p><strong>Jest autorem: 2 skrypt\u00f3w i ponad 30 artyku\u0142\u00f3w naukowych:<\/strong><\/p>\n<ol>\n<li>Batko W., Bal \u2013 Pyrcz R. Uncertainty analysis in the assessment of long \u2013 term noise indicators Archives of Acoustics vol.31, No 4 (Supplement) 2006, str 253 \u2013 260.<\/li>\n<li>Batko W., Bal R., Analiza uwarunkowa\u0144 estymacyjnych poziomu ha\u0142asu w \u015brodowisku\u201d Materia\u0142y XIII Konferencji Naukowej Wibroakustyki i Wibrotechniki, Jachranka 29 \u2013 30 listopada 2007, str. 19 \u2013 25.<\/li>\n<li>Batko W., Bal \u2013 Pyrcz R., Rozwi\u0105zanie systemu monitoringu akustycznego \u015brodowiska, Zeszyty Naukowe Politechniki Rzeszowskiej nr 243, Budownictwo i In\u017cynieria \u015arodowiska, z. 45, 2007, str. 7 \u2013 15.<\/li>\n<li>Batko W. , Bal \u2013 Pyrcz R., Analysis of stochastic acoustical hazards in environment Archives of Acoustics vol. 32, No4 (supplement) 2007, Warszawa, str. 235 \u2013 245.<\/li>\n<li>Batko W., Bal R., Kontrola narusze\u0144 podstawowych za\u0142o\u017ce\u0144 rekurencyjnego modelu oszacowa\u0144 warto\u015bci d\u0142ugookresowych wska\u017anik\u00f3w ha\u0142asu, Materia\u0142y XVI Konferencja In\u017cynierii Akustycznej I Biomedycznej, Krak\u00f3w \u2013 Zakopane 30 marzec \u2013 3 kwiecie\u0144 2009.<\/li>\n<li>Batko W., Bal R., Controlling of Violations of Basic Assumptions of the Recurrent model of the long \u2013 term noise indicators assessments, Archives of Acoustics vol., No 2009.<\/li>\n<li>Batko W., Bal R., (2010): Conrolling of Violations of the Basic Assumptions of the Recurrent Assessment Model of Long \u2013 Term Noise Indicators, Archives of Acoustics 35, 3, pp.361 \u2013 369, 2010, vol. 35 no. 3 s. 361\u2013369. \u2014 Bibliogr. s. 368\u2013369.<\/li>\n<li>Modelling of estimation tasks of the year long noise indicators \/ Wojciech BATKO, Renata Bal \/\/ Mechanics and Mechanical Engineering ; ISSN 1428-1511. \u2014 2011 vol. 15 no. 4, s. 11\u201320. \u2014 Bibliogr. s. 19\u201320. \u2014 W artykule informacja: Accepted 23.02.2012.<\/li>\n<li>Batko W., Bal R., Analiza w\u0142asno\u015bci probilistycznych ha\u0142asu drogowego Materia\u0142y XVI Konferencji Naukowej Wibrotechniki i Wibroakustyki, XI Og\u00f3lnopolskie Seminarium Wibroakustyka w Systemach Technicznych, Krak\u00f3w 13 \u2013 14. 11.2012.<\/li>\n<li>Batko W., Bal R., Modelling of Estimation Tasks of the Lear Long Nosie Indicators Mechanics and Mechanical Enginering vol. 15, No.4 (2011) 11 \u2013 20, Technical University of Lodz.<\/li>\n<li>Batko W., Bal R., Systemy Wspomagania w In\u017cynierii Produkcji, \u015arodowisko i Bezpiecze\u0144stwo w in\u017cynierii Produkcji , 2013,X Mi\u0119dzynarodowa Konferencja \u201eSystemy Wspomagania w In\u017cynierii Produkcji\u201d Przemy\u015bl\/Lw\u00f3w, Politechnika \u015al\u0105ska,monografia ISBN 978-83-937845-2-3.<\/li>\n<li>Batko W., Bal R. Verification of the calculation assumptions applied to solutions of the acoustic measurements uncertainty , materia\u0142y 16 Mi\u0119dzynarodowej Konferencji Zwalczania Ha\u0142asu \u201eNoise Control\u201d Ryn, maj 2013Batko W., Bal R., Systemy Wspomagania w In\u017cynierii Produkcji, \u015arodowisko i Bezpiecze\u0144stwo w in\u017cynierii Produkcji , 2013,X Mi\u0119dzynarodowa Konferencja \u201eSystemy Wspomagania w In\u017cynierii Produkcji\u201d Przemy\u015bl\/Lw\u00f3w, Politechnika \u015al\u0105ska,monografia ISBN 978-83-937845-2-3.<\/li>\n<li>Batko W., Bal R. Verification of the calculation assumptions applied to solutions of the acoustic measurements uncertainty , materia\u0142y 16 Mi\u0119dzynarodowej Konferencji Zwalczania Ha\u0142asu \u201eNoise Control\u201d Ryn, maj 2013.<\/li>\n<li>Batko W., Bal R. &#8222;Verification of the calculation assumptions applied to solutions of theacoustic measurements uncertainty&#8221; Archives of Acoustics vol. 2\/2014. IF 0,829Wyd. Instytut Podstawowych Problem\u00f3w Techniki PAN ; Polskie Towarzystwo Akustyczne.<\/li>\n<li>Bal R.. Estimation of the uncertainty of the acoustic measurement results in case of their correlation materia\u0142y Mi\u0119dzynarodowej Konferencji VII FORUM ACUSTICUM 2014. 7-12 wrze\u015bnia 2014 r<br \/>\nBal R., Batko W. Analiza powi\u0105za\u0144 akustycznych wynik\u00f3w bada\u0144 Materia\u0142y CD XVII Konferencji Naukowej Wibroakustyki i Wibrotechniki w XI Og\u00f3lnopolskim Seminarium Wibroakustyka w Systemach Technicznych WIBROTECH 2014. (14 \u2013 15.11.2014 S\u0119kocin \u2013 Stary k. Warszawy) p.patronatem PAN.<\/li>\n<\/ol>\n<hr>\n<p>&nbsp;<\/p>\n","protected":false},"excerpt":{"rendered":"<p>Jest autorem: 2 skrypt\u00f3w i ponad 30 artyku\u0142\u00f3w naukowych: Batko W., Bal \u2013 Pyrcz R. Uncertainty analysis in the assessment of long \u2013 term noise indicators Archives of Acoustics vol.31, No 4 (Supplement) 2006, str 253 \u2013 260. Batko W., Bal R., Analiza uwarunkowa\u0144 estymacyjnych poziomu ha\u0142asu w \u015brodowisku\u201d Materia\u0142y [\u2026] <\/p>\n<div class=\"clear\"><\/div>\n<p><a class=\"more_link clearfix\" href=\"https:\/\/pans.krosno.pl\/pracownicy\/renata-bal\/renata-bal-najwazniejsze-publikacje\/\" rel=\"nofollow\">Read More<\/a><\/p>\n","protected":false},"author":34,"featured_media":0,"parent":5029,"menu_order":0,"comment_status":"closed","ping_status":"closed","template":"","meta":{"ngg_post_thumbnail":0,"footnotes":""},"class_list":["post-5040","page","type-page","status-publish","hentry"],"yoast_head":"<!-- This site is optimized with the Yoast SEO Premium plugin v27.3 (Yoast SEO v27.3) - https:\/\/yoast.com\/product\/yoast-seo-premium-wordpress\/ -->\n<title>dr Renata Bal - Najwa\u017cniejsze publikacje - Pracownicy PANS w Kro\u015bnie<\/title>\n<meta name=\"robots\" content=\"index, follow, max-snippet:-1, max-image-preview:large, max-video-preview:-1\" \/>\n<link rel=\"canonical\" href=\"https:\/\/pans.krosno.pl\/pracownicy\/renata-bal\/renata-bal-najwazniejsze-publikacje\/\" \/>\n<meta property=\"og:locale\" content=\"pl_PL\" \/>\n<meta property=\"og:type\" content=\"article\" \/>\n<meta property=\"og:title\" content=\"dr Renata Bal - Najwa\u017cniejsze publikacje\" \/>\n<meta property=\"og:description\" content=\"Jest autorem: 2 skrypt\u00f3w i ponad 30 artyku\u0142\u00f3w naukowych: Batko W., Bal \u2013 Pyrcz R. Uncertainty analysis in the assessment of long \u2013 term noise indicators Archives of Acoustics vol.31, No 4 (Supplement) 2006, str 253 \u2013 260. Batko W., Bal R., Analiza uwarunkowa\u0144 estymacyjnych poziomu ha\u0142asu w \u015brodowisku\u201d Materia\u0142y [\u2026] Read More\" \/>\n<meta property=\"og:url\" content=\"https:\/\/pans.krosno.pl\/pracownicy\/renata-bal\/renata-bal-najwazniejsze-publikacje\/\" \/>\n<meta property=\"og:site_name\" content=\"Pracownicy PANS w Kro\u015bnie\" \/>\n<meta property=\"article:modified_time\" content=\"2025-05-14T07:39:30+00:00\" \/>\n<meta name=\"twitter:card\" content=\"summary_large_image\" \/>\n<meta name=\"twitter:label1\" content=\"Szacowany czas czytania\" \/>\n\t<meta name=\"twitter:data1\" content=\"4 minuty\" \/>\n<script type=\"application\/ld+json\" class=\"yoast-schema-graph\">{\"@context\":\"https:\\\/\\\/schema.org\",\"@graph\":[{\"@type\":\"WebPage\",\"@id\":\"https:\\\/\\\/pans.krosno.pl\\\/pracownicy\\\/renata-bal\\\/renata-bal-najwazniejsze-publikacje\\\/\",\"url\":\"https:\\\/\\\/pans.krosno.pl\\\/pracownicy\\\/renata-bal\\\/renata-bal-najwazniejsze-publikacje\\\/\",\"name\":\"dr Renata Bal - Najwa\u017cniejsze publikacje - Pracownicy PANS w Kro\u015bnie\",\"isPartOf\":{\"@id\":\"https:\\\/\\\/pans.krosno.pl\\\/pracownicy\\\/#website\"},\"datePublished\":\"2020-04-27T09:41:22+00:00\",\"dateModified\":\"2025-05-14T07:39:30+00:00\",\"breadcrumb\":{\"@id\":\"https:\\\/\\\/pans.krosno.pl\\\/pracownicy\\\/renata-bal\\\/renata-bal-najwazniejsze-publikacje\\\/#breadcrumb\"},\"inLanguage\":\"pl-PL\",\"potentialAction\":[{\"@type\":\"ReadAction\",\"target\":[\"https:\\\/\\\/pans.krosno.pl\\\/pracownicy\\\/renata-bal\\\/renata-bal-najwazniejsze-publikacje\\\/\"]}]},{\"@type\":\"BreadcrumbList\",\"@id\":\"https:\\\/\\\/pans.krosno.pl\\\/pracownicy\\\/renata-bal\\\/renata-bal-najwazniejsze-publikacje\\\/#breadcrumb\",\"itemListElement\":[{\"@type\":\"ListItem\",\"position\":1,\"name\":\"Strona g\u0142\u00f3wna\",\"item\":\"https:\\\/\\\/pans.krosno.pl\\\/pracownicy\\\/\"},{\"@type\":\"ListItem\",\"position\":2,\"name\":\"dr Renata Bal\",\"item\":\"https:\\\/\\\/pans.krosno.pl\\\/pracownicy\\\/renata-bal\\\/\"},{\"@type\":\"ListItem\",\"position\":3,\"name\":\"dr Renata Bal &#8211; Najwa\u017cniejsze publikacje\"}]},{\"@type\":\"WebSite\",\"@id\":\"https:\\\/\\\/pans.krosno.pl\\\/pracownicy\\\/#website\",\"url\":\"https:\\\/\\\/pans.krosno.pl\\\/pracownicy\\\/\",\"name\":\"Pracownicy PANS w Kro\u015bnie\",\"description\":\"Pracownicy - Pa\u0144stwowa Akademia Nauk Stosowanych\",\"publisher\":{\"@id\":\"https:\\\/\\\/pans.krosno.pl\\\/pracownicy\\\/#organization\"},\"potentialAction\":[{\"@type\":\"SearchAction\",\"target\":{\"@type\":\"EntryPoint\",\"urlTemplate\":\"https:\\\/\\\/pans.krosno.pl\\\/pracownicy\\\/?s={search_term_string}\"},\"query-input\":{\"@type\":\"PropertyValueSpecification\",\"valueRequired\":true,\"valueName\":\"search_term_string\"}}],\"inLanguage\":\"pl-PL\"},{\"@type\":\"Organization\",\"@id\":\"https:\\\/\\\/pans.krosno.pl\\\/pracownicy\\\/#organization\",\"name\":\"Pracownicy PANS w Kro\u015bnie\",\"url\":\"https:\\\/\\\/pans.krosno.pl\\\/pracownicy\\\/\",\"logo\":{\"@type\":\"ImageObject\",\"inLanguage\":\"pl-PL\",\"@id\":\"https:\\\/\\\/pans.krosno.pl\\\/pracownicy\\\/#\\\/schema\\\/logo\\\/image\\\/\",\"url\":\"https:\\\/\\\/pans.krosno.pl\\\/pracownicy\\\/wp-content\\\/uploads\\\/sites\\\/41\\\/2023\\\/01\\\/Logo-PANS-2022-pelne.png\",\"contentUrl\":\"https:\\\/\\\/pans.krosno.pl\\\/pracownicy\\\/wp-content\\\/uploads\\\/sites\\\/41\\\/2023\\\/01\\\/Logo-PANS-2022-pelne.png\",\"width\":3096,\"height\":696,\"caption\":\"Pracownicy PANS w Kro\u015bnie\"},\"image\":{\"@id\":\"https:\\\/\\\/pans.krosno.pl\\\/pracownicy\\\/#\\\/schema\\\/logo\\\/image\\\/\"}}]}<\/script>\n<!-- \/ Yoast SEO Premium plugin. -->","yoast_head_json":{"title":"dr Renata Bal - Najwa\u017cniejsze publikacje - Pracownicy PANS w Kro\u015bnie","robots":{"index":"index","follow":"follow","max-snippet":"max-snippet:-1","max-image-preview":"max-image-preview:large","max-video-preview":"max-video-preview:-1"},"canonical":"https:\/\/pans.krosno.pl\/pracownicy\/renata-bal\/renata-bal-najwazniejsze-publikacje\/","og_locale":"pl_PL","og_type":"article","og_title":"dr Renata Bal - Najwa\u017cniejsze publikacje","og_description":"Jest autorem: 2 skrypt\u00f3w i ponad 30 artyku\u0142\u00f3w naukowych: Batko W., Bal \u2013 Pyrcz R. Uncertainty analysis in the assessment of long \u2013 term noise indicators Archives of Acoustics vol.31, No 4 (Supplement) 2006, str 253 \u2013 260. Batko W., Bal R., Analiza uwarunkowa\u0144 estymacyjnych poziomu ha\u0142asu w \u015brodowisku\u201d Materia\u0142y [\u2026] Read More","og_url":"https:\/\/pans.krosno.pl\/pracownicy\/renata-bal\/renata-bal-najwazniejsze-publikacje\/","og_site_name":"Pracownicy PANS w Kro\u015bnie","article_modified_time":"2025-05-14T07:39:30+00:00","twitter_card":"summary_large_image","twitter_misc":{"Szacowany czas czytania":"4 minuty"},"schema":{"@context":"https:\/\/schema.org","@graph":[{"@type":"WebPage","@id":"https:\/\/pans.krosno.pl\/pracownicy\/renata-bal\/renata-bal-najwazniejsze-publikacje\/","url":"https:\/\/pans.krosno.pl\/pracownicy\/renata-bal\/renata-bal-najwazniejsze-publikacje\/","name":"dr Renata Bal - Najwa\u017cniejsze publikacje - Pracownicy PANS w Kro\u015bnie","isPartOf":{"@id":"https:\/\/pans.krosno.pl\/pracownicy\/#website"},"datePublished":"2020-04-27T09:41:22+00:00","dateModified":"2025-05-14T07:39:30+00:00","breadcrumb":{"@id":"https:\/\/pans.krosno.pl\/pracownicy\/renata-bal\/renata-bal-najwazniejsze-publikacje\/#breadcrumb"},"inLanguage":"pl-PL","potentialAction":[{"@type":"ReadAction","target":["https:\/\/pans.krosno.pl\/pracownicy\/renata-bal\/renata-bal-najwazniejsze-publikacje\/"]}]},{"@type":"BreadcrumbList","@id":"https:\/\/pans.krosno.pl\/pracownicy\/renata-bal\/renata-bal-najwazniejsze-publikacje\/#breadcrumb","itemListElement":[{"@type":"ListItem","position":1,"name":"Strona g\u0142\u00f3wna","item":"https:\/\/pans.krosno.pl\/pracownicy\/"},{"@type":"ListItem","position":2,"name":"dr Renata Bal","item":"https:\/\/pans.krosno.pl\/pracownicy\/renata-bal\/"},{"@type":"ListItem","position":3,"name":"dr Renata Bal &#8211; Najwa\u017cniejsze publikacje"}]},{"@type":"WebSite","@id":"https:\/\/pans.krosno.pl\/pracownicy\/#website","url":"https:\/\/pans.krosno.pl\/pracownicy\/","name":"Pracownicy PANS w Kro\u015bnie","description":"Pracownicy - Pa\u0144stwowa Akademia Nauk Stosowanych","publisher":{"@id":"https:\/\/pans.krosno.pl\/pracownicy\/#organization"},"potentialAction":[{"@type":"SearchAction","target":{"@type":"EntryPoint","urlTemplate":"https:\/\/pans.krosno.pl\/pracownicy\/?s={search_term_string}"},"query-input":{"@type":"PropertyValueSpecification","valueRequired":true,"valueName":"search_term_string"}}],"inLanguage":"pl-PL"},{"@type":"Organization","@id":"https:\/\/pans.krosno.pl\/pracownicy\/#organization","name":"Pracownicy PANS w Kro\u015bnie","url":"https:\/\/pans.krosno.pl\/pracownicy\/","logo":{"@type":"ImageObject","inLanguage":"pl-PL","@id":"https:\/\/pans.krosno.pl\/pracownicy\/#\/schema\/logo\/image\/","url":"https:\/\/pans.krosno.pl\/pracownicy\/wp-content\/uploads\/sites\/41\/2023\/01\/Logo-PANS-2022-pelne.png","contentUrl":"https:\/\/pans.krosno.pl\/pracownicy\/wp-content\/uploads\/sites\/41\/2023\/01\/Logo-PANS-2022-pelne.png","width":3096,"height":696,"caption":"Pracownicy PANS w Kro\u015bnie"},"image":{"@id":"https:\/\/pans.krosno.pl\/pracownicy\/#\/schema\/logo\/image\/"}}]}},"_links":{"self":[{"href":"https:\/\/pans.krosno.pl\/pracownicy\/wp-json\/wp\/v2\/pages\/5040","targetHints":{"allow":["GET"]}}],"collection":[{"href":"https:\/\/pans.krosno.pl\/pracownicy\/wp-json\/wp\/v2\/pages"}],"about":[{"href":"https:\/\/pans.krosno.pl\/pracownicy\/wp-json\/wp\/v2\/types\/page"}],"author":[{"embeddable":true,"href":"https:\/\/pans.krosno.pl\/pracownicy\/wp-json\/wp\/v2\/users\/34"}],"replies":[{"embeddable":true,"href":"https:\/\/pans.krosno.pl\/pracownicy\/wp-json\/wp\/v2\/comments?post=5040"}],"version-history":[{"count":3,"href":"https:\/\/pans.krosno.pl\/pracownicy\/wp-json\/wp\/v2\/pages\/5040\/revisions"}],"predecessor-version":[{"id":6940,"href":"https:\/\/pans.krosno.pl\/pracownicy\/wp-json\/wp\/v2\/pages\/5040\/revisions\/6940"}],"up":[{"embeddable":true,"href":"https:\/\/pans.krosno.pl\/pracownicy\/wp-json\/wp\/v2\/pages\/5029"}],"wp:attachment":[{"href":"https:\/\/pans.krosno.pl\/pracownicy\/wp-json\/wp\/v2\/media?parent=5040"}],"curies":[{"name":"wp","href":"https:\/\/api.w.org\/{rel}","templated":true}]}}