{"id":5032,"date":"2020-04-27T11:27:21","date_gmt":"2020-04-27T09:27:21","guid":{"rendered":"https:\/\/pans.krosno.pl\/pracownicy\/?page_id=5032"},"modified":"2025-05-14T09:35:40","modified_gmt":"2025-05-14T07:35:40","slug":"renata-bal-zyciorys-naukowy","status":"publish","type":"page","link":"https:\/\/pans.krosno.pl\/pracownicy\/renata-bal\/renata-bal-zyciorys-naukowy\/","title":{"rendered":"dr Renata Bal &#8211; \u017byciorys naukowy"},"content":{"rendered":"<hr>\n<ul>\n<li>II Liceum Og\u00f3lnokszta\u0142c\u0105ce w Kro\u015bnie,<\/li>\n<li>w 2000 r. &#8211; Wy\u017csza Szko\u0142a Pedagogiczna w Rzeszowie. Magister fizyki,<\/li>\n<li>w 1998 r. &#8211; Wy\u017csza Szko\u0142a Pedagogiczna w Rzeszowie. Fizyka z matematyk\u0105 &#8211; licencjat,<\/li>\n<li>w 2010 r. &#8211; Studia doktoranckie na Wydziale In\u017cynierii Mechanicznej i Robotyki w Akademii G\u00f3rniczo\u2013Hutniczej w Krakowie. Praca doktorska: Analiza uwarunkowa\u0144 estymacyjnych d\u0142uookresowych (\u015brednio\u2013rocznych) wska\u017anik\u00f3w ha\u0142asu\u201d. Doktor nauk technicznych.<\/li>\n<\/ul>\n<hr>\n<p>&nbsp;<\/p>\n","protected":false},"excerpt":{"rendered":"<p>II Liceum Og\u00f3lnokszta\u0142c\u0105ce w Kro\u015bnie, w 2000 r. &#8211; Wy\u017csza Szko\u0142a Pedagogiczna w Rzeszowie. Magister fizyki, w 1998 r. &#8211; Wy\u017csza Szko\u0142a Pedagogiczna w Rzeszowie. Fizyka z matematyk\u0105 &#8211; licencjat, w 2010 r. &#8211; Studia doktoranckie na Wydziale In\u017cynierii Mechanicznej i Robotyki w Akademii G\u00f3rniczo\u2013Hutniczej w Krakowie. Praca doktorska: Analiza [\u2026] <\/p>\n<div class=\"clear\"><\/div>\n<p><a class=\"more_link clearfix\" href=\"https:\/\/pans.krosno.pl\/pracownicy\/renata-bal\/renata-bal-zyciorys-naukowy\/\" rel=\"nofollow\">Read More<\/a><\/p>\n","protected":false},"author":34,"featured_media":0,"parent":5029,"menu_order":0,"comment_status":"closed","ping_status":"closed","template":"","meta":{"ngg_post_thumbnail":0,"footnotes":""},"class_list":["post-5032","page","type-page","status-publish","hentry"],"yoast_head":"<!-- This site is optimized with the Yoast SEO Premium plugin v27.3 (Yoast SEO v27.3) - https:\/\/yoast.com\/product\/yoast-seo-premium-wordpress\/ -->\n<title>dr Renata Bal - \u017byciorys naukowy - Pracownicy PANS w Kro\u015bnie<\/title>\n<meta name=\"robots\" content=\"index, follow, max-snippet:-1, max-image-preview:large, max-video-preview:-1\" \/>\n<link rel=\"canonical\" href=\"https:\/\/pans.krosno.pl\/pracownicy\/renata-bal\/renata-bal-zyciorys-naukowy\/\" \/>\n<meta property=\"og:locale\" content=\"pl_PL\" \/>\n<meta property=\"og:type\" content=\"article\" \/>\n<meta property=\"og:title\" content=\"dr Renata Bal - \u017byciorys naukowy\" \/>\n<meta property=\"og:description\" content=\"II Liceum Og\u00f3lnokszta\u0142c\u0105ce w Kro\u015bnie, w 2000 r. &#8211; Wy\u017csza Szko\u0142a Pedagogiczna w Rzeszowie. Magister fizyki, w 1998 r. &#8211; Wy\u017csza Szko\u0142a Pedagogiczna w Rzeszowie. Fizyka z matematyk\u0105 &#8211; licencjat, w 2010 r. &#8211; Studia doktoranckie na Wydziale In\u017cynierii Mechanicznej i Robotyki w Akademii G\u00f3rniczo\u2013Hutniczej w Krakowie. Praca doktorska: Analiza [\u2026] Read More\" \/>\n<meta property=\"og:url\" content=\"https:\/\/pans.krosno.pl\/pracownicy\/renata-bal\/renata-bal-zyciorys-naukowy\/\" \/>\n<meta property=\"og:site_name\" content=\"Pracownicy PANS w Kro\u015bnie\" \/>\n<meta property=\"article:modified_time\" content=\"2025-05-14T07:35:40+00:00\" \/>\n<meta name=\"twitter:card\" content=\"summary_large_image\" \/>\n<meta name=\"twitter:label1\" content=\"Szacowany czas czytania\" \/>\n\t<meta name=\"twitter:data1\" content=\"1 minuta\" \/>\n<script type=\"application\/ld+json\" class=\"yoast-schema-graph\">{\"@context\":\"https:\\\/\\\/schema.org\",\"@graph\":[{\"@type\":\"WebPage\",\"@id\":\"https:\\\/\\\/pans.krosno.pl\\\/pracownicy\\\/renata-bal\\\/renata-bal-zyciorys-naukowy\\\/\",\"url\":\"https:\\\/\\\/pans.krosno.pl\\\/pracownicy\\\/renata-bal\\\/renata-bal-zyciorys-naukowy\\\/\",\"name\":\"dr Renata Bal - \u017byciorys naukowy - Pracownicy PANS w Kro\u015bnie\",\"isPartOf\":{\"@id\":\"https:\\\/\\\/pans.krosno.pl\\\/pracownicy\\\/#website\"},\"datePublished\":\"2020-04-27T09:27:21+00:00\",\"dateModified\":\"2025-05-14T07:35:40+00:00\",\"breadcrumb\":{\"@id\":\"https:\\\/\\\/pans.krosno.pl\\\/pracownicy\\\/renata-bal\\\/renata-bal-zyciorys-naukowy\\\/#breadcrumb\"},\"inLanguage\":\"pl-PL\",\"potentialAction\":[{\"@type\":\"ReadAction\",\"target\":[\"https:\\\/\\\/pans.krosno.pl\\\/pracownicy\\\/renata-bal\\\/renata-bal-zyciorys-naukowy\\\/\"]}]},{\"@type\":\"BreadcrumbList\",\"@id\":\"https:\\\/\\\/pans.krosno.pl\\\/pracownicy\\\/renata-bal\\\/renata-bal-zyciorys-naukowy\\\/#breadcrumb\",\"itemListElement\":[{\"@type\":\"ListItem\",\"position\":1,\"name\":\"Strona g\u0142\u00f3wna\",\"item\":\"https:\\\/\\\/pans.krosno.pl\\\/pracownicy\\\/\"},{\"@type\":\"ListItem\",\"position\":2,\"name\":\"dr Renata Bal\",\"item\":\"https:\\\/\\\/pans.krosno.pl\\\/pracownicy\\\/renata-bal\\\/\"},{\"@type\":\"ListItem\",\"position\":3,\"name\":\"dr Renata Bal &#8211; \u017byciorys naukowy\"}]},{\"@type\":\"WebSite\",\"@id\":\"https:\\\/\\\/pans.krosno.pl\\\/pracownicy\\\/#website\",\"url\":\"https:\\\/\\\/pans.krosno.pl\\\/pracownicy\\\/\",\"name\":\"Pracownicy PANS w Kro\u015bnie\",\"description\":\"Pracownicy - Pa\u0144stwowa Akademia Nauk Stosowanych\",\"publisher\":{\"@id\":\"https:\\\/\\\/pans.krosno.pl\\\/pracownicy\\\/#organization\"},\"potentialAction\":[{\"@type\":\"SearchAction\",\"target\":{\"@type\":\"EntryPoint\",\"urlTemplate\":\"https:\\\/\\\/pans.krosno.pl\\\/pracownicy\\\/?s={search_term_string}\"},\"query-input\":{\"@type\":\"PropertyValueSpecification\",\"valueRequired\":true,\"valueName\":\"search_term_string\"}}],\"inLanguage\":\"pl-PL\"},{\"@type\":\"Organization\",\"@id\":\"https:\\\/\\\/pans.krosno.pl\\\/pracownicy\\\/#organization\",\"name\":\"Pracownicy PANS w Kro\u015bnie\",\"url\":\"https:\\\/\\\/pans.krosno.pl\\\/pracownicy\\\/\",\"logo\":{\"@type\":\"ImageObject\",\"inLanguage\":\"pl-PL\",\"@id\":\"https:\\\/\\\/pans.krosno.pl\\\/pracownicy\\\/#\\\/schema\\\/logo\\\/image\\\/\",\"url\":\"https:\\\/\\\/pans.krosno.pl\\\/pracownicy\\\/wp-content\\\/uploads\\\/sites\\\/41\\\/2023\\\/01\\\/Logo-PANS-2022-pelne.png\",\"contentUrl\":\"https:\\\/\\\/pans.krosno.pl\\\/pracownicy\\\/wp-content\\\/uploads\\\/sites\\\/41\\\/2023\\\/01\\\/Logo-PANS-2022-pelne.png\",\"width\":3096,\"height\":696,\"caption\":\"Pracownicy PANS w Kro\u015bnie\"},\"image\":{\"@id\":\"https:\\\/\\\/pans.krosno.pl\\\/pracownicy\\\/#\\\/schema\\\/logo\\\/image\\\/\"}}]}<\/script>\n<!-- \/ Yoast SEO Premium plugin. -->","yoast_head_json":{"title":"dr Renata Bal - \u017byciorys naukowy - Pracownicy PANS w Kro\u015bnie","robots":{"index":"index","follow":"follow","max-snippet":"max-snippet:-1","max-image-preview":"max-image-preview:large","max-video-preview":"max-video-preview:-1"},"canonical":"https:\/\/pans.krosno.pl\/pracownicy\/renata-bal\/renata-bal-zyciorys-naukowy\/","og_locale":"pl_PL","og_type":"article","og_title":"dr Renata Bal - \u017byciorys naukowy","og_description":"II Liceum Og\u00f3lnokszta\u0142c\u0105ce w Kro\u015bnie, w 2000 r. &#8211; Wy\u017csza Szko\u0142a Pedagogiczna w Rzeszowie. Magister fizyki, w 1998 r. &#8211; Wy\u017csza Szko\u0142a Pedagogiczna w Rzeszowie. Fizyka z matematyk\u0105 &#8211; licencjat, w 2010 r. &#8211; Studia doktoranckie na Wydziale In\u017cynierii Mechanicznej i Robotyki w Akademii G\u00f3rniczo\u2013Hutniczej w Krakowie. Praca doktorska: Analiza [\u2026] Read More","og_url":"https:\/\/pans.krosno.pl\/pracownicy\/renata-bal\/renata-bal-zyciorys-naukowy\/","og_site_name":"Pracownicy PANS w Kro\u015bnie","article_modified_time":"2025-05-14T07:35:40+00:00","twitter_card":"summary_large_image","twitter_misc":{"Szacowany czas czytania":"1 minuta"},"schema":{"@context":"https:\/\/schema.org","@graph":[{"@type":"WebPage","@id":"https:\/\/pans.krosno.pl\/pracownicy\/renata-bal\/renata-bal-zyciorys-naukowy\/","url":"https:\/\/pans.krosno.pl\/pracownicy\/renata-bal\/renata-bal-zyciorys-naukowy\/","name":"dr Renata Bal - \u017byciorys naukowy - Pracownicy PANS w Kro\u015bnie","isPartOf":{"@id":"https:\/\/pans.krosno.pl\/pracownicy\/#website"},"datePublished":"2020-04-27T09:27:21+00:00","dateModified":"2025-05-14T07:35:40+00:00","breadcrumb":{"@id":"https:\/\/pans.krosno.pl\/pracownicy\/renata-bal\/renata-bal-zyciorys-naukowy\/#breadcrumb"},"inLanguage":"pl-PL","potentialAction":[{"@type":"ReadAction","target":["https:\/\/pans.krosno.pl\/pracownicy\/renata-bal\/renata-bal-zyciorys-naukowy\/"]}]},{"@type":"BreadcrumbList","@id":"https:\/\/pans.krosno.pl\/pracownicy\/renata-bal\/renata-bal-zyciorys-naukowy\/#breadcrumb","itemListElement":[{"@type":"ListItem","position":1,"name":"Strona g\u0142\u00f3wna","item":"https:\/\/pans.krosno.pl\/pracownicy\/"},{"@type":"ListItem","position":2,"name":"dr Renata Bal","item":"https:\/\/pans.krosno.pl\/pracownicy\/renata-bal\/"},{"@type":"ListItem","position":3,"name":"dr Renata Bal &#8211; \u017byciorys naukowy"}]},{"@type":"WebSite","@id":"https:\/\/pans.krosno.pl\/pracownicy\/#website","url":"https:\/\/pans.krosno.pl\/pracownicy\/","name":"Pracownicy PANS w Kro\u015bnie","description":"Pracownicy - Pa\u0144stwowa Akademia Nauk Stosowanych","publisher":{"@id":"https:\/\/pans.krosno.pl\/pracownicy\/#organization"},"potentialAction":[{"@type":"SearchAction","target":{"@type":"EntryPoint","urlTemplate":"https:\/\/pans.krosno.pl\/pracownicy\/?s={search_term_string}"},"query-input":{"@type":"PropertyValueSpecification","valueRequired":true,"valueName":"search_term_string"}}],"inLanguage":"pl-PL"},{"@type":"Organization","@id":"https:\/\/pans.krosno.pl\/pracownicy\/#organization","name":"Pracownicy PANS w Kro\u015bnie","url":"https:\/\/pans.krosno.pl\/pracownicy\/","logo":{"@type":"ImageObject","inLanguage":"pl-PL","@id":"https:\/\/pans.krosno.pl\/pracownicy\/#\/schema\/logo\/image\/","url":"https:\/\/pans.krosno.pl\/pracownicy\/wp-content\/uploads\/sites\/41\/2023\/01\/Logo-PANS-2022-pelne.png","contentUrl":"https:\/\/pans.krosno.pl\/pracownicy\/wp-content\/uploads\/sites\/41\/2023\/01\/Logo-PANS-2022-pelne.png","width":3096,"height":696,"caption":"Pracownicy PANS w Kro\u015bnie"},"image":{"@id":"https:\/\/pans.krosno.pl\/pracownicy\/#\/schema\/logo\/image\/"}}]}},"_links":{"self":[{"href":"https:\/\/pans.krosno.pl\/pracownicy\/wp-json\/wp\/v2\/pages\/5032","targetHints":{"allow":["GET"]}}],"collection":[{"href":"https:\/\/pans.krosno.pl\/pracownicy\/wp-json\/wp\/v2\/pages"}],"about":[{"href":"https:\/\/pans.krosno.pl\/pracownicy\/wp-json\/wp\/v2\/types\/page"}],"author":[{"embeddable":true,"href":"https:\/\/pans.krosno.pl\/pracownicy\/wp-json\/wp\/v2\/users\/34"}],"replies":[{"embeddable":true,"href":"https:\/\/pans.krosno.pl\/pracownicy\/wp-json\/wp\/v2\/comments?post=5032"}],"version-history":[{"count":3,"href":"https:\/\/pans.krosno.pl\/pracownicy\/wp-json\/wp\/v2\/pages\/5032\/revisions"}],"predecessor-version":[{"id":6941,"href":"https:\/\/pans.krosno.pl\/pracownicy\/wp-json\/wp\/v2\/pages\/5032\/revisions\/6941"}],"up":[{"embeddable":true,"href":"https:\/\/pans.krosno.pl\/pracownicy\/wp-json\/wp\/v2\/pages\/5029"}],"wp:attachment":[{"href":"https:\/\/pans.krosno.pl\/pracownicy\/wp-json\/wp\/v2\/media?parent=5032"}],"curies":[{"name":"wp","href":"https:\/\/api.w.org\/{rel}","templated":true}]}}