{"id":499,"date":"2020-03-30T01:34:48","date_gmt":"2020-03-29T23:34:48","guid":{"rendered":"https:\/\/pans.krosno.pl\/pracownicy\/?page_id=499"},"modified":"2025-05-20T13:30:15","modified_gmt":"2025-05-20T11:30:15","slug":"marcin-skuba-najwazniejsze-publikacje","status":"publish","type":"page","link":"https:\/\/pans.krosno.pl\/pracownicy\/marcin-skuba\/marcin-skuba-najwazniejsze-publikacje\/","title":{"rendered":"dr Marcin Skuba &#8211; Najwa\u017cniejsze publikacje"},"content":{"rendered":"<hr>\n<ol>\n<li>Wies\u0142aw Wajs, Skuba Marcin, \u201cLON and LAN connection base on LonTalk and RS485 protocols\u201d, International Congress on INTELLIGENT BUILDING SYSTEMS \u2013 InBuS 2004 Krakow May 20-21, 2004.<\/li>\n<li>Wies\u0142aw Wajs, Skuba Marcin, \u201eZintegrowany system zarz\u0105dzania uk\u0142adem sterowania ogrzewaniem oparty na technologii LON\u201d, Problemy Ekologiczne Euroregionu Karpackiego Krosno Wrzesie\u0144 2004 r.<\/li>\n<li>Wies\u0142aw Wajs, Skuba Marcin, Rados\u0142aw Go\u0142\u0105b, \u201cA distributed control and management system of the building\u2019s resources based on LON technology\u201d IFAC Workshop on Programmable Devices and Systems, PDS 2004, Krakow November 18-19, 2004 r.<\/li>\n<li>Wies\u0142aw Wajs, Skuba Marcin, Hubert W\u00f3jtowicz, \u201cLON and LAN Networks Connection Based on Neuron Chip and Atmel Microprocessors\u201d WSEAS International Conference on AUTOMATIC CONTROL, MODELLING AND SIMULATION \u201805. Prague, Czech Republic, March 13-15, 2005.<\/li>\n<li>Skuba Marcin, \u201cInteligentny system zarz\u0105dzania zasobami budynku oparty na protokole LonTalk i RS485\u201d I Og\u00f3lnopolskie Seminarium Naukowo-Techniczne Student\u00f3w i M\u0142odych Naukowc\u00f3w. Krak\u00f3w Czerwiec 07.2005 r.<\/li>\n<li>Rados\u0142aw Go\u0142\u0105b, Marcin Skuba, \u201eZastosowanie algorytm\u00f3w mr\u00f3wkowych w optymalizacji tras routingu\u201d SIECI KOMPUTEROWE &#8211; budowa, eksploatacja, kszta\u0142cenie. Radom, Czerwiec 24.2005 r.<\/li>\n<li>Marcin Skuba, Wies\u0142aw Wajs, Rados\u0142aw Go\u0142\u0105b, \u201eAnaliza mo\u017cliwo\u015bci diagnozowania stanu w\u0119z\u0142\u00f3w w rozproszonym systemie sterowania\u201d VII Krajowa Konferencja Naukowo-Techniczna Diagnostyka Proces\u00f3w Przemys\u0142owych. Rajgr\u00f3d, Wrze\u015bnia 12-14.2005 r.<\/li>\n<li>Marcin Skuba, Wies\u0142aw Wajs, \u201eDevice diagnostics in the distributed control system of the intelligent building\u201d, INTELLIGENT BUILDING SYSTEMS &#8211; InBuS 2006. Krak\u00f3w, Czerwiec 1-2. 2006 r.<\/li>\n<li>Marcin Skuba, Wies\u0142aw Wajs, \u201eDiagnozowanie stanu obiekt\u00f3w w rozproszonym systemie sterowania\u201d, Diagnostyka Proces\u00f3w i System\u00f3w \u2013 DPS\u201907. S\u0142ubice, Wrzesie\u0144 10-12 2007 r.<\/li>\n<li>Marcin Skuba, Wies\u0142aw Wajs, \u201eDiagnostyczny system ekspertowy dla rozproszonej struktury systemu sterowania\u201d, Diagnostyka Proces\u00f3w i System\u00f3w \u2013 DPS\u201909. Gda\u0144sk, Wrzesie\u0144 07-09 2009 r.<\/li>\n<li>Marcin Skuba, Wies\u0142aw Wajs, \u201eDiagnostyczny system ekspertowy dla sieciowych struktur sterowania i zarz\u0105dzania\u201d, KZA Expres \u2013 Magazyn 02 Marzec 2009 r.<\/li>\n<li>Marcin Skuba, Wies\u0142aw Wajs, \u201eDiagnostyczny Systemu Ekspertowy do nadzoru urz\u0105dze\u0144 sterowania ruchem kolejowym\u201d, KZA Expres \u2013 Magazyn 03 Pa\u017adziernik 2009 r.<\/li>\n<\/ol>\n<hr>\n<p>&nbsp;<\/p>\n","protected":false},"excerpt":{"rendered":"<p>Wies\u0142aw Wajs, Skuba Marcin, \u201cLON and LAN connection base on LonTalk and RS485 protocols\u201d, International Congress on INTELLIGENT BUILDING SYSTEMS \u2013 InBuS 2004 Krakow May 20-21, 2004. Wies\u0142aw Wajs, Skuba Marcin, \u201eZintegrowany system zarz\u0105dzania uk\u0142adem sterowania ogrzewaniem oparty na technologii LON\u201d, Problemy Ekologiczne Euroregionu Karpackiego Krosno Wrzesie\u0144 2004 r. Wies\u0142aw [\u2026] <\/p>\n<div class=\"clear\"><\/div>\n<p><a class=\"more_link clearfix\" href=\"https:\/\/pans.krosno.pl\/pracownicy\/marcin-skuba\/marcin-skuba-najwazniejsze-publikacje\/\" rel=\"nofollow\">Read More<\/a><\/p>\n","protected":false},"author":34,"featured_media":0,"parent":490,"menu_order":0,"comment_status":"closed","ping_status":"closed","template":"","meta":{"ngg_post_thumbnail":0,"footnotes":""},"class_list":["post-499","page","type-page","status-publish","hentry"],"yoast_head":"<!-- This site is optimized with the Yoast SEO Premium plugin v27.4 (Yoast SEO v27.4) - https:\/\/yoast.com\/product\/yoast-seo-premium-wordpress\/ -->\n<title>dr Marcin Skuba - Najwa\u017cniejsze publikacje - Pracownicy PANS w Kro\u015bnie<\/title>\n<meta name=\"robots\" content=\"index, follow, max-snippet:-1, max-image-preview:large, max-video-preview:-1\" \/>\n<link rel=\"canonical\" href=\"https:\/\/pans.krosno.pl\/pracownicy\/marcin-skuba\/marcin-skuba-najwazniejsze-publikacje\/\" \/>\n<meta property=\"og:locale\" content=\"pl_PL\" \/>\n<meta property=\"og:type\" content=\"article\" \/>\n<meta property=\"og:title\" content=\"dr Marcin Skuba - Najwa\u017cniejsze publikacje\" \/>\n<meta property=\"og:description\" content=\"Wies\u0142aw Wajs, Skuba Marcin, \u201cLON and LAN connection base on LonTalk and RS485 protocols\u201d, International Congress on INTELLIGENT BUILDING SYSTEMS \u2013 InBuS 2004 Krakow May 20-21, 2004. Wies\u0142aw Wajs, Skuba Marcin, \u201eZintegrowany system zarz\u0105dzania uk\u0142adem sterowania ogrzewaniem oparty na technologii LON\u201d, Problemy Ekologiczne Euroregionu Karpackiego Krosno Wrzesie\u0144 2004 r. Wies\u0142aw [\u2026] Read More\" \/>\n<meta property=\"og:url\" content=\"https:\/\/pans.krosno.pl\/pracownicy\/marcin-skuba\/marcin-skuba-najwazniejsze-publikacje\/\" \/>\n<meta property=\"og:site_name\" content=\"Pracownicy PANS w Kro\u015bnie\" \/>\n<meta property=\"article:modified_time\" content=\"2025-05-20T11:30:15+00:00\" \/>\n<meta name=\"twitter:card\" content=\"summary_large_image\" \/>\n<script type=\"application\/ld+json\" class=\"yoast-schema-graph\">{\"@context\":\"https:\\\/\\\/schema.org\",\"@graph\":[{\"@type\":\"WebPage\",\"@id\":\"https:\\\/\\\/pans.krosno.pl\\\/pracownicy\\\/marcin-skuba\\\/marcin-skuba-najwazniejsze-publikacje\\\/\",\"url\":\"https:\\\/\\\/pans.krosno.pl\\\/pracownicy\\\/marcin-skuba\\\/marcin-skuba-najwazniejsze-publikacje\\\/\",\"name\":\"dr Marcin Skuba - Najwa\u017cniejsze publikacje - Pracownicy PANS w Kro\u015bnie\",\"isPartOf\":{\"@id\":\"https:\\\/\\\/pans.krosno.pl\\\/pracownicy\\\/#website\"},\"datePublished\":\"2020-03-29T23:34:48+00:00\",\"dateModified\":\"2025-05-20T11:30:15+00:00\",\"breadcrumb\":{\"@id\":\"https:\\\/\\\/pans.krosno.pl\\\/pracownicy\\\/marcin-skuba\\\/marcin-skuba-najwazniejsze-publikacje\\\/#breadcrumb\"},\"inLanguage\":\"pl-PL\",\"potentialAction\":[{\"@type\":\"ReadAction\",\"target\":[\"https:\\\/\\\/pans.krosno.pl\\\/pracownicy\\\/marcin-skuba\\\/marcin-skuba-najwazniejsze-publikacje\\\/\"]}]},{\"@type\":\"BreadcrumbList\",\"@id\":\"https:\\\/\\\/pans.krosno.pl\\\/pracownicy\\\/marcin-skuba\\\/marcin-skuba-najwazniejsze-publikacje\\\/#breadcrumb\",\"itemListElement\":[{\"@type\":\"ListItem\",\"position\":1,\"name\":\"Strona g\u0142\u00f3wna\",\"item\":\"https:\\\/\\\/pans.krosno.pl\\\/pracownicy\\\/\"},{\"@type\":\"ListItem\",\"position\":2,\"name\":\"dr Marcin Skuba\",\"item\":\"https:\\\/\\\/pans.krosno.pl\\\/pracownicy\\\/marcin-skuba\\\/\"},{\"@type\":\"ListItem\",\"position\":3,\"name\":\"dr Marcin Skuba &#8211; Najwa\u017cniejsze publikacje\"}]},{\"@type\":\"WebSite\",\"@id\":\"https:\\\/\\\/pans.krosno.pl\\\/pracownicy\\\/#website\",\"url\":\"https:\\\/\\\/pans.krosno.pl\\\/pracownicy\\\/\",\"name\":\"Pracownicy PANS w Kro\u015bnie\",\"description\":\"Pracownicy - Pa\u0144stwowa Akademia Nauk Stosowanych\",\"publisher\":{\"@id\":\"https:\\\/\\\/pans.krosno.pl\\\/pracownicy\\\/#organization\"},\"potentialAction\":[{\"@type\":\"SearchAction\",\"target\":{\"@type\":\"EntryPoint\",\"urlTemplate\":\"https:\\\/\\\/pans.krosno.pl\\\/pracownicy\\\/?s={search_term_string}\"},\"query-input\":{\"@type\":\"PropertyValueSpecification\",\"valueRequired\":true,\"valueName\":\"search_term_string\"}}],\"inLanguage\":\"pl-PL\"},{\"@type\":\"Organization\",\"@id\":\"https:\\\/\\\/pans.krosno.pl\\\/pracownicy\\\/#organization\",\"name\":\"Pracownicy PANS w Kro\u015bnie\",\"url\":\"https:\\\/\\\/pans.krosno.pl\\\/pracownicy\\\/\",\"logo\":{\"@type\":\"ImageObject\",\"inLanguage\":\"pl-PL\",\"@id\":\"https:\\\/\\\/pans.krosno.pl\\\/pracownicy\\\/#\\\/schema\\\/logo\\\/image\\\/\",\"url\":\"https:\\\/\\\/pans.krosno.pl\\\/pracownicy\\\/wp-content\\\/uploads\\\/sites\\\/41\\\/2023\\\/01\\\/Logo-PANS-2022-pelne.png\",\"contentUrl\":\"https:\\\/\\\/pans.krosno.pl\\\/pracownicy\\\/wp-content\\\/uploads\\\/sites\\\/41\\\/2023\\\/01\\\/Logo-PANS-2022-pelne.png\",\"width\":3096,\"height\":696,\"caption\":\"Pracownicy PANS w Kro\u015bnie\"},\"image\":{\"@id\":\"https:\\\/\\\/pans.krosno.pl\\\/pracownicy\\\/#\\\/schema\\\/logo\\\/image\\\/\"}}]}<\/script>\n<!-- \/ Yoast SEO Premium plugin. -->","yoast_head_json":{"title":"dr Marcin Skuba - Najwa\u017cniejsze publikacje - Pracownicy PANS w Kro\u015bnie","robots":{"index":"index","follow":"follow","max-snippet":"max-snippet:-1","max-image-preview":"max-image-preview:large","max-video-preview":"max-video-preview:-1"},"canonical":"https:\/\/pans.krosno.pl\/pracownicy\/marcin-skuba\/marcin-skuba-najwazniejsze-publikacje\/","og_locale":"pl_PL","og_type":"article","og_title":"dr Marcin Skuba - Najwa\u017cniejsze publikacje","og_description":"Wies\u0142aw Wajs, Skuba Marcin, \u201cLON and LAN connection base on LonTalk and RS485 protocols\u201d, International Congress on INTELLIGENT BUILDING SYSTEMS \u2013 InBuS 2004 Krakow May 20-21, 2004. Wies\u0142aw Wajs, Skuba Marcin, \u201eZintegrowany system zarz\u0105dzania uk\u0142adem sterowania ogrzewaniem oparty na technologii LON\u201d, Problemy Ekologiczne Euroregionu Karpackiego Krosno Wrzesie\u0144 2004 r. Wies\u0142aw [\u2026] Read More","og_url":"https:\/\/pans.krosno.pl\/pracownicy\/marcin-skuba\/marcin-skuba-najwazniejsze-publikacje\/","og_site_name":"Pracownicy PANS w Kro\u015bnie","article_modified_time":"2025-05-20T11:30:15+00:00","twitter_card":"summary_large_image","schema":{"@context":"https:\/\/schema.org","@graph":[{"@type":"WebPage","@id":"https:\/\/pans.krosno.pl\/pracownicy\/marcin-skuba\/marcin-skuba-najwazniejsze-publikacje\/","url":"https:\/\/pans.krosno.pl\/pracownicy\/marcin-skuba\/marcin-skuba-najwazniejsze-publikacje\/","name":"dr Marcin Skuba - Najwa\u017cniejsze publikacje - Pracownicy PANS w Kro\u015bnie","isPartOf":{"@id":"https:\/\/pans.krosno.pl\/pracownicy\/#website"},"datePublished":"2020-03-29T23:34:48+00:00","dateModified":"2025-05-20T11:30:15+00:00","breadcrumb":{"@id":"https:\/\/pans.krosno.pl\/pracownicy\/marcin-skuba\/marcin-skuba-najwazniejsze-publikacje\/#breadcrumb"},"inLanguage":"pl-PL","potentialAction":[{"@type":"ReadAction","target":["https:\/\/pans.krosno.pl\/pracownicy\/marcin-skuba\/marcin-skuba-najwazniejsze-publikacje\/"]}]},{"@type":"BreadcrumbList","@id":"https:\/\/pans.krosno.pl\/pracownicy\/marcin-skuba\/marcin-skuba-najwazniejsze-publikacje\/#breadcrumb","itemListElement":[{"@type":"ListItem","position":1,"name":"Strona g\u0142\u00f3wna","item":"https:\/\/pans.krosno.pl\/pracownicy\/"},{"@type":"ListItem","position":2,"name":"dr Marcin Skuba","item":"https:\/\/pans.krosno.pl\/pracownicy\/marcin-skuba\/"},{"@type":"ListItem","position":3,"name":"dr Marcin Skuba &#8211; Najwa\u017cniejsze publikacje"}]},{"@type":"WebSite","@id":"https:\/\/pans.krosno.pl\/pracownicy\/#website","url":"https:\/\/pans.krosno.pl\/pracownicy\/","name":"Pracownicy PANS w Kro\u015bnie","description":"Pracownicy - Pa\u0144stwowa Akademia Nauk Stosowanych","publisher":{"@id":"https:\/\/pans.krosno.pl\/pracownicy\/#organization"},"potentialAction":[{"@type":"SearchAction","target":{"@type":"EntryPoint","urlTemplate":"https:\/\/pans.krosno.pl\/pracownicy\/?s={search_term_string}"},"query-input":{"@type":"PropertyValueSpecification","valueRequired":true,"valueName":"search_term_string"}}],"inLanguage":"pl-PL"},{"@type":"Organization","@id":"https:\/\/pans.krosno.pl\/pracownicy\/#organization","name":"Pracownicy PANS w Kro\u015bnie","url":"https:\/\/pans.krosno.pl\/pracownicy\/","logo":{"@type":"ImageObject","inLanguage":"pl-PL","@id":"https:\/\/pans.krosno.pl\/pracownicy\/#\/schema\/logo\/image\/","url":"https:\/\/pans.krosno.pl\/pracownicy\/wp-content\/uploads\/sites\/41\/2023\/01\/Logo-PANS-2022-pelne.png","contentUrl":"https:\/\/pans.krosno.pl\/pracownicy\/wp-content\/uploads\/sites\/41\/2023\/01\/Logo-PANS-2022-pelne.png","width":3096,"height":696,"caption":"Pracownicy PANS w Kro\u015bnie"},"image":{"@id":"https:\/\/pans.krosno.pl\/pracownicy\/#\/schema\/logo\/image\/"}}]}},"_links":{"self":[{"href":"https:\/\/pans.krosno.pl\/pracownicy\/wp-json\/wp\/v2\/pages\/499","targetHints":{"allow":["GET"]}}],"collection":[{"href":"https:\/\/pans.krosno.pl\/pracownicy\/wp-json\/wp\/v2\/pages"}],"about":[{"href":"https:\/\/pans.krosno.pl\/pracownicy\/wp-json\/wp\/v2\/types\/page"}],"author":[{"embeddable":true,"href":"https:\/\/pans.krosno.pl\/pracownicy\/wp-json\/wp\/v2\/users\/34"}],"replies":[{"embeddable":true,"href":"https:\/\/pans.krosno.pl\/pracownicy\/wp-json\/wp\/v2\/comments?post=499"}],"version-history":[{"count":5,"href":"https:\/\/pans.krosno.pl\/pracownicy\/wp-json\/wp\/v2\/pages\/499\/revisions"}],"predecessor-version":[{"id":10946,"href":"https:\/\/pans.krosno.pl\/pracownicy\/wp-json\/wp\/v2\/pages\/499\/revisions\/10946"}],"up":[{"embeddable":true,"href":"https:\/\/pans.krosno.pl\/pracownicy\/wp-json\/wp\/v2\/pages\/490"}],"wp:attachment":[{"href":"https:\/\/pans.krosno.pl\/pracownicy\/wp-json\/wp\/v2\/media?parent=499"}],"curies":[{"name":"wp","href":"https:\/\/api.w.org\/{rel}","templated":true}]}}