{"id":4945,"date":"2020-04-27T10:29:12","date_gmt":"2020-04-27T08:29:12","guid":{"rendered":"https:\/\/pans.krosno.pl\/pracownicy\/?page_id=4945"},"modified":"2025-05-19T10:29:13","modified_gmt":"2025-05-19T08:29:13","slug":"janusz-kowal-najwazniejsze-publikacje","status":"publish","type":"page","link":"https:\/\/pans.krosno.pl\/pracownicy\/janusz-kowal\/janusz-kowal-najwazniejsze-publikacje\/","title":{"rendered":"prof. dr hab. in\u017c. Janusz Kowal &#8211; Najwa\u017cniejsze publikacje"},"content":{"rendered":"<hr>\n<ul>\n<li>Jest autorem ponad 220 publikacji w presti\u017cowych czasopismac nukowychnauowych i 14 monografii.<\/li>\n<\/ul>\n<hr>\n<p><strong>Monografie<\/strong><\/p>\n<ol>\n<li>Kowal J. Aktywne i semiaktywne metody wibroizolacji uk\u0142ad\u00f3w mechanicznych. Wyd. AGH 1990. ISSN 0239-5320.<\/li>\n<li>Engel Z., Kowal J. Sterowanie procesami wibroakustycznymi. Wyd. AGH 1994.<\/li>\n<li>Kowal J. Metody aktywne redukcji drga\u0144. Wibroakustyka Maszyn i \u015arodowiska. Seria popularno-naukowa PAN pod red. Z. Engela, t.28 1995.<\/li>\n<li>Kowal J. Sterowanie drganiami. Wyd. Gutenberg, Krak\u00f3w 1996.<\/li>\n<li>Grzybek D. Kowal J. Uk\u0142ady sterowania synchronizacj\u0105 ruchu si\u0142ownik\u00f3w hydraulicznych Wyd. ITE PIB Radom 2009.<\/li>\n<li>Aposto\u0142 M., Kowal J. Hydrauliczny generator si\u0142y do bada\u0144 dynamicznych ustroj\u00f3w spr\u0119\u017caj\u0105cych. Wyd. ITE PIB Radom 2010.<\/li>\n<li>Kowal J. Podstawy automatyki. Tom I i II, Wyd. AGH Krak\u00f3w, 2006.<\/li>\n<li>Aktywne zawieszenia pojazd\u00f3w drogowych, Janusz KOWAL, Jaros\u0142aw KONIECZNY, Marek SIBIELAK, Waldemar R\u0104CZKA, Marek IWANIEC, Janusz PLUTA, Magdalena ZAWARTKA, Adam SMOTER. \u2014 Krak\u00f3w : Akademia G\u00f3rniczo-Hutnicza. Katedra Automatyzacji Proces\u00f3w, 2017. \u2014 183 s.. \u2014 (Monografie Katedry Automatyzacji Proces\u00f3w AGH w Krakowie ; 24). ISBN: 978-83-64755-28-6.<\/li>\n<li>Modelowanie, analiza i synteza sterowania zawieszeniami pojazd\u00f3w \u2013 wybrane zagadnienia \u2014 Janusz KOWAL, Jaros\u0142aw KONIECZNY, Jacek SNAMINA, Marek SIBIELAK, Boles\u0142aw KARWAT, Waldemar R\u0104CZKA, Roman KORZENIOWSKI, Pawe\u0142 ORKISZ, Magdalena ZAWARTKA, Adam SMOTER. \u2014 Krak\u00f3w : Akademia G\u00f3rniczo-Hutnicza w Krakowie. Katedra Automatyzacji Proces\u00f3w, 2016. \u2014 15 s.. \u2014 (Monografie Katedry Automatyzacji Proces\u00f3w AGH w Krakowie ; 17). \u2014 ISBN: 978-83-64755-19-4.<\/li>\n<li>Modelowanie uk\u0142ad\u00f3w dynamicznych \u2014 Joanna IWANIEC, Urszula Ferdek, Marek IWANIEC, Stanis\u0142aw KASPRZYK, \u0141ukasz LECH, Janusz KOWAL, Krzysztof OPRZ\u0118DKIEWICZ, Krystian SZOPA, Kamil ZAJ\u0104C, Andrzej JURKIEWICZ. \u2014 Krak\u00f3w : Katedra Automatyzacji Proces\u00f3w. Akademia G\u00f3rniczo-Hutnicza, 2015. \u2014 120 s.. \u2014 (Monografie Katedry Automatyzacji Proces\u00f3w AGH w Krakowie). \u2014 ISBN: 978-83-64755-17-0.<\/li>\n<li>Podstawy automatyki, tom I (wydanie 3 poszerzone)\u2013 Janusz KOWAL \u2013 Krak\u00f3w, Uczelniane Wydawnictwa Naukowo-Dydaktyczne AGH, 2006 \u2013 ISBN 83-7464-108-8.<\/li>\n<li>Podstawy automatyki, tom IIwyd.2 poszerzone) \u2013 Janusz KOWAL \u2013 Krak\u00f3w, Uczelniane wydawnictwa Naukowo-Dydaktyczne AGH 2007 \u2013 ISBN978-83-74640136-4.<\/li>\n<li>Laboratorium teorii maszyn i podstaw automatyki \u2013 Karol Tomaszewski, Janusz KOWAL, J\u00f3zef FELIS \u2013 Krak\u00f3w 1980, Skrypt AGH.<\/li>\n<li>Energy consumption of an active vehicle suspension with an optimal controller in the presence of sinusoidal excitations. Shock and Vibration 2019 &#8211; Konieczny J., R\u0105czka W., Sibielak M., Kowal J.<\/li>\n<li>Sky-hook and Kalman Filtering in nonlinear model of tracted Vehocle suspension system. Acta Mechanika et Automatica 2017, vol. 11, issue 3, p. 222-228 &#8211; Jurkiewicz A., Kowal J., Zaj\u0105c K.<\/li>\n<li>Control of the 2S1 Tracked vehicle suspension system based on sky-hook strategy and Kalman filter. Proceedings of the 17 th International Carpatian Control Conference 2016 \u2013 Jurkiewicz A., Kowal J., Zaj\u0105c K.<\/li>\n<li>Semi-active suspension system for 2S1 tracked platform in drive comfort improvement application. Springer. Studies in Systems, Decisions and Control 2016 \u2013 Nabag\u0142o T., Jurkiewicz A., Kowal J.<\/li>\n<li>Extended Kalman filter in 2S1 tracked vehicle system with hybrid control. Solid State Phenomena. 2016 &#8211; Jurkiewicz A., Kowal J., Zaj\u0105c K.<\/li>\n<li>Optimal controller for active vehicle suspension disturbed by sinusoidal signals. Solid State Phenomena 2016 \u2013 Sibielak M., R\u0105czka W., Konieczny J., Kowal J.<\/li>\n<li>Discrete preisach model of a shape memory actuator. Solid State Phenomena 2016 \u2013 R\u0105czka W. Konieczny J., Sibielak M., Kowal J.<\/li>\n<li>Optimal control based on a modified quadratic performance index for systems disturbed by sinusoidal signals, Mechanical Systems and Signal Processing; ISSN 0883-3270, &#8211; 2015 vol. 64-65 s. 498-519, \/Marek Sibielak, Waldemar R\u0105czka, Jaros\u0142aw Konieczny.<\/li>\n<li>Multiple Scattering and Accidental Coincidences in the J-PET Detector Simulated Using GATE Package. Kowalski P., Moskal P., Wi\u015blicki W.;et al. Acta Phisica Polonica. 2015 vol. 127 issue 5 p. 1505-1512.<\/li>\n<li>Hit Time and Hit Positron Emission Tomography Location. Moskal P., Sharma N.G., Silarski M. et al. Acta Physica Polonica 2015 vol.127 issue 5 p. 1495-1499.<\/li>\n<li>High fidelity model construction and its verification based on 2S1 tracked vehicle. W Innovative control systems for tracked vehicle platforms; Springer cop. 2015 \u2013ISBN 978-3-3-319-04623-5- s.205-215\/ Tomasz Nabag\u0142o, Andrzej Jurkiewicz.<\/li>\n<\/ol>\n<p><strong>Pe\u0142en wykaz publikacji od 1984 r. znajduje si\u0119 na stronie:<\/strong><\/p>\n<p><a href=\"http:\/\/www.bg.agh.edu.pl\">www.bg.agh.edu.pl<\/a><\/p>\n<hr>\n<p>&nbsp;<\/p>\n","protected":false},"excerpt":{"rendered":"<p>Jest autorem ponad 220 publikacji w presti\u017cowych czasopismac nukowychnauowych i 14 monografii. Monografie Kowal J. Aktywne i semiaktywne metody wibroizolacji uk\u0142ad\u00f3w mechanicznych. Wyd. AGH 1990. ISSN 0239-5320. Engel Z., Kowal J. Sterowanie procesami wibroakustycznymi. Wyd. AGH 1994. Kowal J. Metody aktywne redukcji drga\u0144. Wibroakustyka Maszyn i \u015arodowiska. Seria popularno-naukowa PAN [\u2026] <\/p>\n<div class=\"clear\"><\/div>\n<p><a class=\"more_link clearfix\" href=\"https:\/\/pans.krosno.pl\/pracownicy\/janusz-kowal\/janusz-kowal-najwazniejsze-publikacje\/\" rel=\"nofollow\">Read More<\/a><\/p>\n","protected":false},"author":34,"featured_media":0,"parent":4925,"menu_order":0,"comment_status":"closed","ping_status":"closed","template":"","meta":{"ngg_post_thumbnail":0,"footnotes":""},"class_list":["post-4945","page","type-page","status-publish","hentry"],"yoast_head":"<!-- This site is optimized with the Yoast SEO Premium plugin v27.3 (Yoast SEO v27.3) - https:\/\/yoast.com\/product\/yoast-seo-premium-wordpress\/ -->\n<title>prof. dr hab. in\u017c. Janusz Kowal - Najwa\u017cniejsze publikacje - Pracownicy PANS w Kro\u015bnie<\/title>\n<meta name=\"robots\" content=\"index, follow, max-snippet:-1, max-image-preview:large, max-video-preview:-1\" \/>\n<link rel=\"canonical\" href=\"https:\/\/pans.krosno.pl\/pracownicy\/janusz-kowal\/janusz-kowal-najwazniejsze-publikacje\/\" \/>\n<meta property=\"og:locale\" content=\"pl_PL\" \/>\n<meta property=\"og:type\" content=\"article\" \/>\n<meta property=\"og:title\" content=\"prof. dr hab. in\u017c. Janusz Kowal - Najwa\u017cniejsze publikacje\" \/>\n<meta property=\"og:description\" content=\"Jest autorem ponad 220 publikacji w presti\u017cowych czasopismac nukowychnauowych i 14 monografii. Monografie Kowal J. Aktywne i semiaktywne metody wibroizolacji uk\u0142ad\u00f3w mechanicznych. Wyd. AGH 1990. ISSN 0239-5320. Engel Z., Kowal J. Sterowanie procesami wibroakustycznymi. Wyd. AGH 1994. Kowal J. Metody aktywne redukcji drga\u0144. Wibroakustyka Maszyn i \u015arodowiska. Seria popularno-naukowa PAN [\u2026] Read More\" \/>\n<meta property=\"og:url\" content=\"https:\/\/pans.krosno.pl\/pracownicy\/janusz-kowal\/janusz-kowal-najwazniejsze-publikacje\/\" \/>\n<meta property=\"og:site_name\" content=\"Pracownicy PANS w Kro\u015bnie\" \/>\n<meta property=\"article:modified_time\" content=\"2025-05-19T08:29:13+00:00\" \/>\n<meta name=\"twitter:card\" content=\"summary_large_image\" \/>\n<meta name=\"twitter:label1\" content=\"Szacowany czas czytania\" \/>\n\t<meta name=\"twitter:data1\" content=\"4 minuty\" \/>\n<script type=\"application\/ld+json\" class=\"yoast-schema-graph\">{\"@context\":\"https:\\\/\\\/schema.org\",\"@graph\":[{\"@type\":\"WebPage\",\"@id\":\"https:\\\/\\\/pans.krosno.pl\\\/pracownicy\\\/janusz-kowal\\\/janusz-kowal-najwazniejsze-publikacje\\\/\",\"url\":\"https:\\\/\\\/pans.krosno.pl\\\/pracownicy\\\/janusz-kowal\\\/janusz-kowal-najwazniejsze-publikacje\\\/\",\"name\":\"prof. dr hab. in\u017c. Janusz Kowal - Najwa\u017cniejsze publikacje - Pracownicy PANS w Kro\u015bnie\",\"isPartOf\":{\"@id\":\"https:\\\/\\\/pans.krosno.pl\\\/pracownicy\\\/#website\"},\"datePublished\":\"2020-04-27T08:29:12+00:00\",\"dateModified\":\"2025-05-19T08:29:13+00:00\",\"breadcrumb\":{\"@id\":\"https:\\\/\\\/pans.krosno.pl\\\/pracownicy\\\/janusz-kowal\\\/janusz-kowal-najwazniejsze-publikacje\\\/#breadcrumb\"},\"inLanguage\":\"pl-PL\",\"potentialAction\":[{\"@type\":\"ReadAction\",\"target\":[\"https:\\\/\\\/pans.krosno.pl\\\/pracownicy\\\/janusz-kowal\\\/janusz-kowal-najwazniejsze-publikacje\\\/\"]}]},{\"@type\":\"BreadcrumbList\",\"@id\":\"https:\\\/\\\/pans.krosno.pl\\\/pracownicy\\\/janusz-kowal\\\/janusz-kowal-najwazniejsze-publikacje\\\/#breadcrumb\",\"itemListElement\":[{\"@type\":\"ListItem\",\"position\":1,\"name\":\"Strona g\u0142\u00f3wna\",\"item\":\"https:\\\/\\\/pans.krosno.pl\\\/pracownicy\\\/\"},{\"@type\":\"ListItem\",\"position\":2,\"name\":\"prof. dr hab. in\u017c. Janusz Kowal\",\"item\":\"https:\\\/\\\/pans.krosno.pl\\\/pracownicy\\\/janusz-kowal\\\/\"},{\"@type\":\"ListItem\",\"position\":3,\"name\":\"prof. dr hab. in\u017c. Janusz Kowal &#8211; Najwa\u017cniejsze publikacje\"}]},{\"@type\":\"WebSite\",\"@id\":\"https:\\\/\\\/pans.krosno.pl\\\/pracownicy\\\/#website\",\"url\":\"https:\\\/\\\/pans.krosno.pl\\\/pracownicy\\\/\",\"name\":\"Pracownicy PANS w Kro\u015bnie\",\"description\":\"Pracownicy - Pa\u0144stwowa Akademia Nauk Stosowanych\",\"publisher\":{\"@id\":\"https:\\\/\\\/pans.krosno.pl\\\/pracownicy\\\/#organization\"},\"potentialAction\":[{\"@type\":\"SearchAction\",\"target\":{\"@type\":\"EntryPoint\",\"urlTemplate\":\"https:\\\/\\\/pans.krosno.pl\\\/pracownicy\\\/?s={search_term_string}\"},\"query-input\":{\"@type\":\"PropertyValueSpecification\",\"valueRequired\":true,\"valueName\":\"search_term_string\"}}],\"inLanguage\":\"pl-PL\"},{\"@type\":\"Organization\",\"@id\":\"https:\\\/\\\/pans.krosno.pl\\\/pracownicy\\\/#organization\",\"name\":\"Pracownicy PANS w Kro\u015bnie\",\"url\":\"https:\\\/\\\/pans.krosno.pl\\\/pracownicy\\\/\",\"logo\":{\"@type\":\"ImageObject\",\"inLanguage\":\"pl-PL\",\"@id\":\"https:\\\/\\\/pans.krosno.pl\\\/pracownicy\\\/#\\\/schema\\\/logo\\\/image\\\/\",\"url\":\"https:\\\/\\\/pans.krosno.pl\\\/pracownicy\\\/wp-content\\\/uploads\\\/sites\\\/41\\\/2023\\\/01\\\/Logo-PANS-2022-pelne.png\",\"contentUrl\":\"https:\\\/\\\/pans.krosno.pl\\\/pracownicy\\\/wp-content\\\/uploads\\\/sites\\\/41\\\/2023\\\/01\\\/Logo-PANS-2022-pelne.png\",\"width\":3096,\"height\":696,\"caption\":\"Pracownicy PANS w Kro\u015bnie\"},\"image\":{\"@id\":\"https:\\\/\\\/pans.krosno.pl\\\/pracownicy\\\/#\\\/schema\\\/logo\\\/image\\\/\"}}]}<\/script>\n<!-- \/ Yoast SEO Premium plugin. -->","yoast_head_json":{"title":"prof. dr hab. in\u017c. Janusz Kowal - Najwa\u017cniejsze publikacje - Pracownicy PANS w Kro\u015bnie","robots":{"index":"index","follow":"follow","max-snippet":"max-snippet:-1","max-image-preview":"max-image-preview:large","max-video-preview":"max-video-preview:-1"},"canonical":"https:\/\/pans.krosno.pl\/pracownicy\/janusz-kowal\/janusz-kowal-najwazniejsze-publikacje\/","og_locale":"pl_PL","og_type":"article","og_title":"prof. dr hab. in\u017c. Janusz Kowal - Najwa\u017cniejsze publikacje","og_description":"Jest autorem ponad 220 publikacji w presti\u017cowych czasopismac nukowychnauowych i 14 monografii. Monografie Kowal J. Aktywne i semiaktywne metody wibroizolacji uk\u0142ad\u00f3w mechanicznych. Wyd. AGH 1990. ISSN 0239-5320. Engel Z., Kowal J. Sterowanie procesami wibroakustycznymi. Wyd. AGH 1994. Kowal J. Metody aktywne redukcji drga\u0144. Wibroakustyka Maszyn i \u015arodowiska. Seria popularno-naukowa PAN [\u2026] Read More","og_url":"https:\/\/pans.krosno.pl\/pracownicy\/janusz-kowal\/janusz-kowal-najwazniejsze-publikacje\/","og_site_name":"Pracownicy PANS w Kro\u015bnie","article_modified_time":"2025-05-19T08:29:13+00:00","twitter_card":"summary_large_image","twitter_misc":{"Szacowany czas czytania":"4 minuty"},"schema":{"@context":"https:\/\/schema.org","@graph":[{"@type":"WebPage","@id":"https:\/\/pans.krosno.pl\/pracownicy\/janusz-kowal\/janusz-kowal-najwazniejsze-publikacje\/","url":"https:\/\/pans.krosno.pl\/pracownicy\/janusz-kowal\/janusz-kowal-najwazniejsze-publikacje\/","name":"prof. dr hab. in\u017c. Janusz Kowal - Najwa\u017cniejsze publikacje - Pracownicy PANS w Kro\u015bnie","isPartOf":{"@id":"https:\/\/pans.krosno.pl\/pracownicy\/#website"},"datePublished":"2020-04-27T08:29:12+00:00","dateModified":"2025-05-19T08:29:13+00:00","breadcrumb":{"@id":"https:\/\/pans.krosno.pl\/pracownicy\/janusz-kowal\/janusz-kowal-najwazniejsze-publikacje\/#breadcrumb"},"inLanguage":"pl-PL","potentialAction":[{"@type":"ReadAction","target":["https:\/\/pans.krosno.pl\/pracownicy\/janusz-kowal\/janusz-kowal-najwazniejsze-publikacje\/"]}]},{"@type":"BreadcrumbList","@id":"https:\/\/pans.krosno.pl\/pracownicy\/janusz-kowal\/janusz-kowal-najwazniejsze-publikacje\/#breadcrumb","itemListElement":[{"@type":"ListItem","position":1,"name":"Strona g\u0142\u00f3wna","item":"https:\/\/pans.krosno.pl\/pracownicy\/"},{"@type":"ListItem","position":2,"name":"prof. dr hab. in\u017c. Janusz Kowal","item":"https:\/\/pans.krosno.pl\/pracownicy\/janusz-kowal\/"},{"@type":"ListItem","position":3,"name":"prof. dr hab. in\u017c. Janusz Kowal &#8211; Najwa\u017cniejsze publikacje"}]},{"@type":"WebSite","@id":"https:\/\/pans.krosno.pl\/pracownicy\/#website","url":"https:\/\/pans.krosno.pl\/pracownicy\/","name":"Pracownicy PANS w Kro\u015bnie","description":"Pracownicy - Pa\u0144stwowa Akademia Nauk Stosowanych","publisher":{"@id":"https:\/\/pans.krosno.pl\/pracownicy\/#organization"},"potentialAction":[{"@type":"SearchAction","target":{"@type":"EntryPoint","urlTemplate":"https:\/\/pans.krosno.pl\/pracownicy\/?s={search_term_string}"},"query-input":{"@type":"PropertyValueSpecification","valueRequired":true,"valueName":"search_term_string"}}],"inLanguage":"pl-PL"},{"@type":"Organization","@id":"https:\/\/pans.krosno.pl\/pracownicy\/#organization","name":"Pracownicy PANS w Kro\u015bnie","url":"https:\/\/pans.krosno.pl\/pracownicy\/","logo":{"@type":"ImageObject","inLanguage":"pl-PL","@id":"https:\/\/pans.krosno.pl\/pracownicy\/#\/schema\/logo\/image\/","url":"https:\/\/pans.krosno.pl\/pracownicy\/wp-content\/uploads\/sites\/41\/2023\/01\/Logo-PANS-2022-pelne.png","contentUrl":"https:\/\/pans.krosno.pl\/pracownicy\/wp-content\/uploads\/sites\/41\/2023\/01\/Logo-PANS-2022-pelne.png","width":3096,"height":696,"caption":"Pracownicy PANS w Kro\u015bnie"},"image":{"@id":"https:\/\/pans.krosno.pl\/pracownicy\/#\/schema\/logo\/image\/"}}]}},"_links":{"self":[{"href":"https:\/\/pans.krosno.pl\/pracownicy\/wp-json\/wp\/v2\/pages\/4945","targetHints":{"allow":["GET"]}}],"collection":[{"href":"https:\/\/pans.krosno.pl\/pracownicy\/wp-json\/wp\/v2\/pages"}],"about":[{"href":"https:\/\/pans.krosno.pl\/pracownicy\/wp-json\/wp\/v2\/types\/page"}],"author":[{"embeddable":true,"href":"https:\/\/pans.krosno.pl\/pracownicy\/wp-json\/wp\/v2\/users\/34"}],"replies":[{"embeddable":true,"href":"https:\/\/pans.krosno.pl\/pracownicy\/wp-json\/wp\/v2\/comments?post=4945"}],"version-history":[{"count":5,"href":"https:\/\/pans.krosno.pl\/pracownicy\/wp-json\/wp\/v2\/pages\/4945\/revisions"}],"predecessor-version":[{"id":8047,"href":"https:\/\/pans.krosno.pl\/pracownicy\/wp-json\/wp\/v2\/pages\/4945\/revisions\/8047"}],"up":[{"embeddable":true,"href":"https:\/\/pans.krosno.pl\/pracownicy\/wp-json\/wp\/v2\/pages\/4925"}],"wp:attachment":[{"href":"https:\/\/pans.krosno.pl\/pracownicy\/wp-json\/wp\/v2\/media?parent=4945"}],"curies":[{"name":"wp","href":"https:\/\/api.w.org\/{rel}","templated":true}]}}