{"id":4915,"date":"2020-04-27T10:08:01","date_gmt":"2020-04-27T08:08:01","guid":{"rendered":"https:\/\/pans.krosno.pl\/pracownicy\/?page_id=4915"},"modified":"2025-05-14T10:13:41","modified_gmt":"2025-05-14T08:13:41","slug":"wojciech-berezowski-doswiadczenie-pozauczelniane","status":"publish","type":"page","link":"https:\/\/pans.krosno.pl\/pracownicy\/wojciech-berezowski\/wojciech-berezowski-doswiadczenie-pozauczelniane\/","title":{"rendered":"mgr in\u017c. Wojciech Berezowski &#8211; Do\u015bwiadczenie pozauczelniane"},"content":{"rendered":"<hr>\n<ul>\n<li>Konstruktor-technolog urz\u0105dze\u0144 dla oczyszczalni \u015bciek\u00f3w,<\/li>\n<li>Opracowywa\u0142 konstrukcj\u0119 3D oraz dokumentacj\u0119 p\u0142ask\u0105,<\/li>\n<li>Korzysta\u0142 z technologii spawania stali nierdzewnych, kraw\u0119dziowania blach, ci\u0119cia plazmowego, konwencjonalnej obr\u00f3bki skrawaniem,<\/li>\n<li>Konstruktor-technolog w bran\u017cy POS,<\/li>\n<li>Opracowywa\u0142 konstrukcj\u0119 3D wyrob\u00f3w i niezb\u0119dnego oprzyrz\u0105dowania, dokumentacj\u0119 p\u0142ask\u0105 i stanowi\u0142 piecz\u0119 nad procesem produkcyjnym,<\/li>\n<li>Korzysta\u0142 z technologii spawania stali czarnej, kraw\u0119dziowania blach, gi\u0119cia drutu, ci\u0119cia laserowego, malowania proszkowego,<\/li>\n<li>Operator lasera \u015bwiat\u0142owodowego do ci\u0119cia blach,<\/li>\n<li>Praktyka \u015blusarka w wykonywaniu oprzyrz\u0105dowania spawalniczego.<\/li>\n<\/ul>\n<hr>\n<p>&nbsp;<\/p>\n","protected":false},"excerpt":{"rendered":"<p>Konstruktor-technolog urz\u0105dze\u0144 dla oczyszczalni \u015bciek\u00f3w, Opracowywa\u0142 konstrukcj\u0119 3D oraz dokumentacj\u0119 p\u0142ask\u0105, Korzysta\u0142 z technologii spawania stali nierdzewnych, kraw\u0119dziowania blach, ci\u0119cia plazmowego, konwencjonalnej obr\u00f3bki skrawaniem, Konstruktor-technolog w bran\u017cy POS, Opracowywa\u0142 konstrukcj\u0119 3D wyrob\u00f3w i niezb\u0119dnego oprzyrz\u0105dowania, dokumentacj\u0119 p\u0142ask\u0105 i stanowi\u0142 piecz\u0119 nad procesem produkcyjnym, Korzysta\u0142 z technologii spawania stali czarnej, kraw\u0119dziowania [\u2026] <\/p>\n<div class=\"clear\"><\/div>\n<p><a class=\"more_link clearfix\" href=\"https:\/\/pans.krosno.pl\/pracownicy\/wojciech-berezowski\/wojciech-berezowski-doswiadczenie-pozauczelniane\/\" rel=\"nofollow\">Read More<\/a><\/p>\n","protected":false},"author":34,"featured_media":0,"parent":4902,"menu_order":0,"comment_status":"closed","ping_status":"closed","template":"","meta":{"ngg_post_thumbnail":0,"footnotes":""},"class_list":["post-4915","page","type-page","status-publish","hentry"],"yoast_head":"<!-- This site is optimized with the Yoast SEO Premium plugin v27.4 (Yoast SEO v27.4) - https:\/\/yoast.com\/product\/yoast-seo-premium-wordpress\/ -->\n<title>mgr in\u017c. Wojciech Berezowski - Do\u015bwiadczenie pozauczelniane - Pracownicy PANS w Kro\u015bnie<\/title>\n<meta name=\"robots\" content=\"index, follow, max-snippet:-1, max-image-preview:large, max-video-preview:-1\" \/>\n<link rel=\"canonical\" href=\"https:\/\/pans.krosno.pl\/pracownicy\/wojciech-berezowski\/wojciech-berezowski-doswiadczenie-pozauczelniane\/\" \/>\n<meta property=\"og:locale\" content=\"pl_PL\" \/>\n<meta property=\"og:type\" content=\"article\" \/>\n<meta property=\"og:title\" content=\"mgr in\u017c. Wojciech Berezowski - Do\u015bwiadczenie pozauczelniane\" \/>\n<meta property=\"og:description\" content=\"Konstruktor-technolog urz\u0105dze\u0144 dla oczyszczalni \u015bciek\u00f3w, Opracowywa\u0142 konstrukcj\u0119 3D oraz dokumentacj\u0119 p\u0142ask\u0105, Korzysta\u0142 z technologii spawania stali nierdzewnych, kraw\u0119dziowania blach, ci\u0119cia plazmowego, konwencjonalnej obr\u00f3bki skrawaniem, Konstruktor-technolog w bran\u017cy POS, Opracowywa\u0142 konstrukcj\u0119 3D wyrob\u00f3w i niezb\u0119dnego oprzyrz\u0105dowania, dokumentacj\u0119 p\u0142ask\u0105 i stanowi\u0142 piecz\u0119 nad procesem produkcyjnym, Korzysta\u0142 z technologii spawania stali czarnej, kraw\u0119dziowania [\u2026] Read More\" \/>\n<meta property=\"og:url\" content=\"https:\/\/pans.krosno.pl\/pracownicy\/wojciech-berezowski\/wojciech-berezowski-doswiadczenie-pozauczelniane\/\" \/>\n<meta property=\"og:site_name\" content=\"Pracownicy PANS w Kro\u015bnie\" \/>\n<meta property=\"article:modified_time\" content=\"2025-05-14T08:13:41+00:00\" \/>\n<meta name=\"twitter:card\" content=\"summary_large_image\" \/>\n<meta name=\"twitter:label1\" content=\"Szacowany czas czytania\" \/>\n\t<meta name=\"twitter:data1\" content=\"1 minuta\" \/>\n<script type=\"application\/ld+json\" class=\"yoast-schema-graph\">{\"@context\":\"https:\\\/\\\/schema.org\",\"@graph\":[{\"@type\":\"WebPage\",\"@id\":\"https:\\\/\\\/pans.krosno.pl\\\/pracownicy\\\/wojciech-berezowski\\\/wojciech-berezowski-doswiadczenie-pozauczelniane\\\/\",\"url\":\"https:\\\/\\\/pans.krosno.pl\\\/pracownicy\\\/wojciech-berezowski\\\/wojciech-berezowski-doswiadczenie-pozauczelniane\\\/\",\"name\":\"mgr in\u017c. Wojciech Berezowski - Do\u015bwiadczenie pozauczelniane - Pracownicy PANS w Kro\u015bnie\",\"isPartOf\":{\"@id\":\"https:\\\/\\\/pans.krosno.pl\\\/pracownicy\\\/#website\"},\"datePublished\":\"2020-04-27T08:08:01+00:00\",\"dateModified\":\"2025-05-14T08:13:41+00:00\",\"breadcrumb\":{\"@id\":\"https:\\\/\\\/pans.krosno.pl\\\/pracownicy\\\/wojciech-berezowski\\\/wojciech-berezowski-doswiadczenie-pozauczelniane\\\/#breadcrumb\"},\"inLanguage\":\"pl-PL\",\"potentialAction\":[{\"@type\":\"ReadAction\",\"target\":[\"https:\\\/\\\/pans.krosno.pl\\\/pracownicy\\\/wojciech-berezowski\\\/wojciech-berezowski-doswiadczenie-pozauczelniane\\\/\"]}]},{\"@type\":\"BreadcrumbList\",\"@id\":\"https:\\\/\\\/pans.krosno.pl\\\/pracownicy\\\/wojciech-berezowski\\\/wojciech-berezowski-doswiadczenie-pozauczelniane\\\/#breadcrumb\",\"itemListElement\":[{\"@type\":\"ListItem\",\"position\":1,\"name\":\"Strona g\u0142\u00f3wna\",\"item\":\"https:\\\/\\\/pans.krosno.pl\\\/pracownicy\\\/\"},{\"@type\":\"ListItem\",\"position\":2,\"name\":\"mgr in\u017c. Wojciech Berezowski\",\"item\":\"https:\\\/\\\/pans.krosno.pl\\\/pracownicy\\\/wojciech-berezowski\\\/\"},{\"@type\":\"ListItem\",\"position\":3,\"name\":\"mgr in\u017c. Wojciech Berezowski &#8211; Do\u015bwiadczenie pozauczelniane\"}]},{\"@type\":\"WebSite\",\"@id\":\"https:\\\/\\\/pans.krosno.pl\\\/pracownicy\\\/#website\",\"url\":\"https:\\\/\\\/pans.krosno.pl\\\/pracownicy\\\/\",\"name\":\"Pracownicy PANS w Kro\u015bnie\",\"description\":\"Pracownicy - Pa\u0144stwowa Akademia Nauk Stosowanych\",\"publisher\":{\"@id\":\"https:\\\/\\\/pans.krosno.pl\\\/pracownicy\\\/#organization\"},\"potentialAction\":[{\"@type\":\"SearchAction\",\"target\":{\"@type\":\"EntryPoint\",\"urlTemplate\":\"https:\\\/\\\/pans.krosno.pl\\\/pracownicy\\\/?s={search_term_string}\"},\"query-input\":{\"@type\":\"PropertyValueSpecification\",\"valueRequired\":true,\"valueName\":\"search_term_string\"}}],\"inLanguage\":\"pl-PL\"},{\"@type\":\"Organization\",\"@id\":\"https:\\\/\\\/pans.krosno.pl\\\/pracownicy\\\/#organization\",\"name\":\"Pracownicy PANS w Kro\u015bnie\",\"url\":\"https:\\\/\\\/pans.krosno.pl\\\/pracownicy\\\/\",\"logo\":{\"@type\":\"ImageObject\",\"inLanguage\":\"pl-PL\",\"@id\":\"https:\\\/\\\/pans.krosno.pl\\\/pracownicy\\\/#\\\/schema\\\/logo\\\/image\\\/\",\"url\":\"https:\\\/\\\/pans.krosno.pl\\\/pracownicy\\\/wp-content\\\/uploads\\\/sites\\\/41\\\/2023\\\/01\\\/Logo-PANS-2022-pelne.png\",\"contentUrl\":\"https:\\\/\\\/pans.krosno.pl\\\/pracownicy\\\/wp-content\\\/uploads\\\/sites\\\/41\\\/2023\\\/01\\\/Logo-PANS-2022-pelne.png\",\"width\":3096,\"height\":696,\"caption\":\"Pracownicy PANS w Kro\u015bnie\"},\"image\":{\"@id\":\"https:\\\/\\\/pans.krosno.pl\\\/pracownicy\\\/#\\\/schema\\\/logo\\\/image\\\/\"}}]}<\/script>\n<!-- \/ Yoast SEO Premium plugin. -->","yoast_head_json":{"title":"mgr in\u017c. Wojciech Berezowski - Do\u015bwiadczenie pozauczelniane - Pracownicy PANS w Kro\u015bnie","robots":{"index":"index","follow":"follow","max-snippet":"max-snippet:-1","max-image-preview":"max-image-preview:large","max-video-preview":"max-video-preview:-1"},"canonical":"https:\/\/pans.krosno.pl\/pracownicy\/wojciech-berezowski\/wojciech-berezowski-doswiadczenie-pozauczelniane\/","og_locale":"pl_PL","og_type":"article","og_title":"mgr in\u017c. Wojciech Berezowski - Do\u015bwiadczenie pozauczelniane","og_description":"Konstruktor-technolog urz\u0105dze\u0144 dla oczyszczalni \u015bciek\u00f3w, Opracowywa\u0142 konstrukcj\u0119 3D oraz dokumentacj\u0119 p\u0142ask\u0105, Korzysta\u0142 z technologii spawania stali nierdzewnych, kraw\u0119dziowania blach, ci\u0119cia plazmowego, konwencjonalnej obr\u00f3bki skrawaniem, Konstruktor-technolog w bran\u017cy POS, Opracowywa\u0142 konstrukcj\u0119 3D wyrob\u00f3w i niezb\u0119dnego oprzyrz\u0105dowania, dokumentacj\u0119 p\u0142ask\u0105 i stanowi\u0142 piecz\u0119 nad procesem produkcyjnym, Korzysta\u0142 z technologii spawania stali czarnej, kraw\u0119dziowania [\u2026] Read More","og_url":"https:\/\/pans.krosno.pl\/pracownicy\/wojciech-berezowski\/wojciech-berezowski-doswiadczenie-pozauczelniane\/","og_site_name":"Pracownicy PANS w Kro\u015bnie","article_modified_time":"2025-05-14T08:13:41+00:00","twitter_card":"summary_large_image","twitter_misc":{"Szacowany czas czytania":"1 minuta"},"schema":{"@context":"https:\/\/schema.org","@graph":[{"@type":"WebPage","@id":"https:\/\/pans.krosno.pl\/pracownicy\/wojciech-berezowski\/wojciech-berezowski-doswiadczenie-pozauczelniane\/","url":"https:\/\/pans.krosno.pl\/pracownicy\/wojciech-berezowski\/wojciech-berezowski-doswiadczenie-pozauczelniane\/","name":"mgr in\u017c. Wojciech Berezowski - Do\u015bwiadczenie pozauczelniane - Pracownicy PANS w Kro\u015bnie","isPartOf":{"@id":"https:\/\/pans.krosno.pl\/pracownicy\/#website"},"datePublished":"2020-04-27T08:08:01+00:00","dateModified":"2025-05-14T08:13:41+00:00","breadcrumb":{"@id":"https:\/\/pans.krosno.pl\/pracownicy\/wojciech-berezowski\/wojciech-berezowski-doswiadczenie-pozauczelniane\/#breadcrumb"},"inLanguage":"pl-PL","potentialAction":[{"@type":"ReadAction","target":["https:\/\/pans.krosno.pl\/pracownicy\/wojciech-berezowski\/wojciech-berezowski-doswiadczenie-pozauczelniane\/"]}]},{"@type":"BreadcrumbList","@id":"https:\/\/pans.krosno.pl\/pracownicy\/wojciech-berezowski\/wojciech-berezowski-doswiadczenie-pozauczelniane\/#breadcrumb","itemListElement":[{"@type":"ListItem","position":1,"name":"Strona g\u0142\u00f3wna","item":"https:\/\/pans.krosno.pl\/pracownicy\/"},{"@type":"ListItem","position":2,"name":"mgr in\u017c. Wojciech Berezowski","item":"https:\/\/pans.krosno.pl\/pracownicy\/wojciech-berezowski\/"},{"@type":"ListItem","position":3,"name":"mgr in\u017c. Wojciech Berezowski &#8211; Do\u015bwiadczenie pozauczelniane"}]},{"@type":"WebSite","@id":"https:\/\/pans.krosno.pl\/pracownicy\/#website","url":"https:\/\/pans.krosno.pl\/pracownicy\/","name":"Pracownicy PANS w Kro\u015bnie","description":"Pracownicy - Pa\u0144stwowa Akademia Nauk Stosowanych","publisher":{"@id":"https:\/\/pans.krosno.pl\/pracownicy\/#organization"},"potentialAction":[{"@type":"SearchAction","target":{"@type":"EntryPoint","urlTemplate":"https:\/\/pans.krosno.pl\/pracownicy\/?s={search_term_string}"},"query-input":{"@type":"PropertyValueSpecification","valueRequired":true,"valueName":"search_term_string"}}],"inLanguage":"pl-PL"},{"@type":"Organization","@id":"https:\/\/pans.krosno.pl\/pracownicy\/#organization","name":"Pracownicy PANS w Kro\u015bnie","url":"https:\/\/pans.krosno.pl\/pracownicy\/","logo":{"@type":"ImageObject","inLanguage":"pl-PL","@id":"https:\/\/pans.krosno.pl\/pracownicy\/#\/schema\/logo\/image\/","url":"https:\/\/pans.krosno.pl\/pracownicy\/wp-content\/uploads\/sites\/41\/2023\/01\/Logo-PANS-2022-pelne.png","contentUrl":"https:\/\/pans.krosno.pl\/pracownicy\/wp-content\/uploads\/sites\/41\/2023\/01\/Logo-PANS-2022-pelne.png","width":3096,"height":696,"caption":"Pracownicy PANS w Kro\u015bnie"},"image":{"@id":"https:\/\/pans.krosno.pl\/pracownicy\/#\/schema\/logo\/image\/"}}]}},"_links":{"self":[{"href":"https:\/\/pans.krosno.pl\/pracownicy\/wp-json\/wp\/v2\/pages\/4915","targetHints":{"allow":["GET"]}}],"collection":[{"href":"https:\/\/pans.krosno.pl\/pracownicy\/wp-json\/wp\/v2\/pages"}],"about":[{"href":"https:\/\/pans.krosno.pl\/pracownicy\/wp-json\/wp\/v2\/types\/page"}],"author":[{"embeddable":true,"href":"https:\/\/pans.krosno.pl\/pracownicy\/wp-json\/wp\/v2\/users\/34"}],"replies":[{"embeddable":true,"href":"https:\/\/pans.krosno.pl\/pracownicy\/wp-json\/wp\/v2\/comments?post=4915"}],"version-history":[{"count":7,"href":"https:\/\/pans.krosno.pl\/pracownicy\/wp-json\/wp\/v2\/pages\/4915\/revisions"}],"predecessor-version":[{"id":7937,"href":"https:\/\/pans.krosno.pl\/pracownicy\/wp-json\/wp\/v2\/pages\/4915\/revisions\/7937"}],"up":[{"embeddable":true,"href":"https:\/\/pans.krosno.pl\/pracownicy\/wp-json\/wp\/v2\/pages\/4902"}],"wp:attachment":[{"href":"https:\/\/pans.krosno.pl\/pracownicy\/wp-json\/wp\/v2\/media?parent=4915"}],"curies":[{"name":"wp","href":"https:\/\/api.w.org\/{rel}","templated":true}]}}