{"id":4892,"date":"2020-04-27T09:59:05","date_gmt":"2020-04-27T07:59:05","guid":{"rendered":"https:\/\/pans.krosno.pl\/pracownicy\/?page_id=4892"},"modified":"2025-05-20T14:02:32","modified_gmt":"2025-05-20T12:02:32","slug":"wieslaw-wszolek-najwazniejsze-publikacje","status":"publish","type":"page","link":"https:\/\/pans.krosno.pl\/pracownicy\/wieslaw-wszolek\/wieslaw-wszolek-najwazniejsze-publikacje\/","title":{"rendered":"dr hab. in\u017c. Wies\u0142aw Wszo\u0142ek, prof. KPU &#8211; Najwa\u017cniejsze publikacje"},"content":{"rendered":"<hr>\n<ul>\n<li>Jest autorem i wsp\u00f3\u0142autorem ok. 240 publikacji, spo\u015br\u00f3d kt\u00f3rych 31 to z LF, 8 ksi\u0105\u017cek, oraz opublikowa\u0142 trzy rozdzia\u0142y w zagranicznych monografiach (Springer-Verlag).<\/li>\n<\/ul>\n<hr>\n<p><strong>Wybrane pozycje<\/strong><\/p>\n<ol>\n<li>Automatic understanding of speech pathology, Wies\u0142aw WSZO\u0141EK, Tadeusz WSZO\u0141EK, Intelligent Information Processing and Web Mining: proceedings of the international IIS: IIPWM&#8217;04 Berlin ; Heidelberg ; New York: Springer-Verlag, 2004. S. 609\u2013620.<\/li>\n<li>Selected methods of pathological speech signal analysis, W. WSZO\u0141EK, Archives of Acoustics; ISSN 0137-5075, 2006 vol. 31 no. 4 s. 413\u2013430.<\/li>\n<li>Automatic understanding of acoustic speech signal pathology, Wies\u0142aw WSZO\u0141EK, Archives of Acoustics; ISSN 0137-5075, 2007 vol. 32 no. 1 s. 147\u2013163.<\/li>\n<li>Estimation of the vocal folds vibration fundamental frequency by higher order spectrum, Wies\u0142aw WSZO\u0141EK, Maciej K\u0141ACZY\u0143SKI, Archives of Acoustics; ISSN 0137-5075, 2008 vol. 33 no. 4 suppl. s. 183\u2013188.<\/li>\n<li>Estimation of the vocal folds vibration fundamental frequency by higher order spectrum, Wies\u0142aw WSZO\u0141EK, Maciej K\u0141ACZY\u0143SKI, Archives of Acoustics; ISSN 0137-5075, 2008 vol. 33 no. 4 suppl. s. 183\u2013188.<\/li>\n<li>Analiza d\u017awi\u0119k\u00f3w mowy do cel\u00f3w medycznych, Wies\u0142aw WSZO\u0141EK, Podstawy in\u017cynierii biomedycznej, T. 1, pod red. nauk. Ryszarda Tadeusiewicza, Piotra Augustyniaka, Krak\u00f3w: Wydawnictwa AGH, 2009, ISBN 978-83-7464-263-7, S. 229\u2013252.<\/li>\n<li>Analysis of Polish pathological speech by higher order spectrum, W. WSZO\u0141EK, M. K\u0141ACZY\u0143SKI, Acta Physica Polonica A, Polska Akademia Nauk. Instytut Fizyki, Warszawa; ISSN 0587-4246, 2010 vol. 118 no. 1 s. 190\u2013192.<\/li>\n<li>Metody kognitywnej kategoryzacji w zastosowaniu do analizy i klasyfikacji wybranych przypadk\u00f3w mowy patologicznej, Wies\u0142aw WSZO\u0141EK, Krak\u00f3w: Wydawnictwa AGH, 2011, 183 s. (Rozprawy Monografie, Akademia G\u00f3rniczo-Hutnicza im. Stanis\u0142awa Staszica w Krakowie ; ISSN 0867-6631 ; 232.<\/li>\n<li>Investigation on vibrations of a cantilever beam with magnetorheological fluid by using the acoustic signal, J. SNAMINA, B. SAPI\u0143SKI, W. WSZO\u0141EK, M. ROMASZKO, Acta Physica Polonica. A ; ISSN 0587-4246, 2012 vol. 121 no. 1-A.<\/li>\n<li>Pomiary parametr\u00f3w akustycznych mowy emocjonalnej \u2013 krok ku modelowaniu wokalnej ekspresji emocji, Magdalena IGRAS, Wies\u0142aw WSZO\u0141EK, Pomiary, Automatyka, Kontrola; ISSN 0032-4140, 2012 vol. 58 nr 4, s. 335\u2013338.<\/li>\n<li>Signal processing and analysis of pathological speech using artificial intelligence and learning systems methods, W. WSZO\u0141EK, A. IZWORSKI, G. IZWORSKI, Acta Physica Polonica. A; ISSN 0587-4246, 2013 vol. 123 no. 6.<\/li>\n<li>Analysis of voice modifications for persons after tonsillectomy, \u0141. POT\u0118PA, J. Szaleniec, W. WSZO\u0141EK, A. Steczko, J. Sk\u0142adzie\u0144, Acta Physica Polonica. A; ISSN 0587-4246, 2014 vol. 125 no. 4-A.<\/li>\n<li>Nowe metody przetwarzania sygna\u0142\u00f3w w wybranych zagadnieniach wibroakustyki, red. Wies\u0142aw WSZO\u0141EK; aut.: BARA\u0143SKI Robert, Grzeczka Anna, K\u0141ACZY\u0143SKI Maciej, Konior Marcin, MA\u0141ECKI Pawe\u0142, WSZO\u0141EK Gra\u017cyna, WSZO\u0141EK Tadeusz, WSZO\u0141EK Wies\u0142aw, Krak\u00f3w, 2015, 120 s. (Monografie Katedry Automatyzacji Proces\u00f3w AGH w Krakowie), ISBN: 978-83-64755-15-6.<\/li>\n<li>Nowe metody przetwarzania sygna\u0142\u00f3w w wybranych zagadnieniach wibroakustyki, red. Wies\u0142aw WSZO\u0141EK; aut.: Dorota CZOPEK, Tomasz KORBIEL, Bart\u0142omiej KUKULSKI, Pawe\u0142 MA\u0141ECKI, Pawe\u0142 PAWLIK, Bart\u0142omiej ST\u0118PIE\u0143, Tadeusz WSZO\u0141EK, Wies\u0142aw WSZO\u0141EK, Krak\u00f3w, 2016, 106s. (Monografie Katedry Automatyzacji Proces\u00f3w AGH w Krakowie; 18), ISBN: 978-83-64755-20-0.<\/li>\n<li>Analiza skuteczno\u015bci wybranych metod detekcji cz\u0119stotliwo\u015bci podstawowej w kontek\u015bcie analizy g\u0142os\u00f3w \u015bpiewaczych, Mateusz GAWLIK, Wies\u0142aw WSZO\u0141EK, W: Post\u0119py akustyki 2017 Post\u0119py akustyki 2017, Advances in acoustics, red. Dariusz Bismor, 2017, ISBN: 978-83-921663-7-5, s. 263\u2013275.<\/li>\n<li>Intonation as the voice quality and experience indicator among choral singers, Mateusz GAWLIK, Wies\u0142aw WSZO\u0141EK, Archives of Acoustics ; ISSN 0137-5075, 2019 vol. 44 no. 3, s. 611, 66th Open seminar on Acoustics : Boszkowo, Poland, September 18\u201320, 2019, tekst: <a href=\"http:\/\/acoustics.ippt.gov.pl\/index.php\/aa\/article\/view\/2655\/1811\">http:\/\/acoustics.ippt.gov.pl\/index.php\/aa\/article\/view\/2655\/1811<\/a><\/li>\n<\/ol>\n<hr>\n<p>&nbsp;<\/p>\n","protected":false},"excerpt":{"rendered":"<p>Jest autorem i wsp\u00f3\u0142autorem ok. 240 publikacji, spo\u015br\u00f3d kt\u00f3rych 31 to z LF, 8 ksi\u0105\u017cek, oraz opublikowa\u0142 trzy rozdzia\u0142y w zagranicznych monografiach (Springer-Verlag). Wybrane pozycje Automatic understanding of speech pathology, Wies\u0142aw WSZO\u0141EK, Tadeusz WSZO\u0141EK, Intelligent Information Processing and Web Mining: proceedings of the international IIS: IIPWM&#8217;04 Berlin ; Heidelberg ; [\u2026] <\/p>\n<div class=\"clear\"><\/div>\n<p><a class=\"more_link clearfix\" href=\"https:\/\/pans.krosno.pl\/pracownicy\/wieslaw-wszolek\/wieslaw-wszolek-najwazniejsze-publikacje\/\" rel=\"nofollow\">Read More<\/a><\/p>\n","protected":false},"author":34,"featured_media":0,"parent":4870,"menu_order":0,"comment_status":"closed","ping_status":"closed","template":"","meta":{"ngg_post_thumbnail":0,"footnotes":""},"class_list":["post-4892","page","type-page","status-publish","hentry"],"yoast_head":"<!-- This site is optimized with the Yoast SEO Premium plugin v27.3 (Yoast SEO v27.3) - https:\/\/yoast.com\/product\/yoast-seo-premium-wordpress\/ -->\n<title>dr hab. in\u017c. Wies\u0142aw Wszo\u0142ek, prof. KPU - Najwa\u017cniejsze publikacje - Pracownicy PANS w Kro\u015bnie<\/title>\n<meta name=\"robots\" content=\"index, follow, max-snippet:-1, max-image-preview:large, max-video-preview:-1\" \/>\n<link rel=\"canonical\" href=\"https:\/\/pans.krosno.pl\/pracownicy\/wieslaw-wszolek\/wieslaw-wszolek-najwazniejsze-publikacje\/\" \/>\n<meta property=\"og:locale\" content=\"pl_PL\" \/>\n<meta property=\"og:type\" content=\"article\" \/>\n<meta property=\"og:title\" content=\"dr hab. in\u017c. Wies\u0142aw Wszo\u0142ek, prof. KPU - Najwa\u017cniejsze publikacje\" \/>\n<meta property=\"og:description\" content=\"Jest autorem i wsp\u00f3\u0142autorem ok. 240 publikacji, spo\u015br\u00f3d kt\u00f3rych 31 to z LF, 8 ksi\u0105\u017cek, oraz opublikowa\u0142 trzy rozdzia\u0142y w zagranicznych monografiach (Springer-Verlag). Wybrane pozycje Automatic understanding of speech pathology, Wies\u0142aw WSZO\u0141EK, Tadeusz WSZO\u0141EK, Intelligent Information Processing and Web Mining: proceedings of the international IIS: IIPWM&#8217;04 Berlin ; Heidelberg ; [\u2026] Read More\" \/>\n<meta property=\"og:url\" content=\"https:\/\/pans.krosno.pl\/pracownicy\/wieslaw-wszolek\/wieslaw-wszolek-najwazniejsze-publikacje\/\" \/>\n<meta property=\"og:site_name\" content=\"Pracownicy PANS w Kro\u015bnie\" \/>\n<meta property=\"article:modified_time\" content=\"2025-05-20T12:02:32+00:00\" \/>\n<meta name=\"twitter:card\" content=\"summary_large_image\" \/>\n<meta name=\"twitter:label1\" content=\"Szacowany czas czytania\" \/>\n\t<meta name=\"twitter:data1\" content=\"4 minuty\" \/>\n<script type=\"application\/ld+json\" class=\"yoast-schema-graph\">{\"@context\":\"https:\\\/\\\/schema.org\",\"@graph\":[{\"@type\":\"WebPage\",\"@id\":\"https:\\\/\\\/pans.krosno.pl\\\/pracownicy\\\/wieslaw-wszolek\\\/wieslaw-wszolek-najwazniejsze-publikacje\\\/\",\"url\":\"https:\\\/\\\/pans.krosno.pl\\\/pracownicy\\\/wieslaw-wszolek\\\/wieslaw-wszolek-najwazniejsze-publikacje\\\/\",\"name\":\"dr hab. in\u017c. Wies\u0142aw Wszo\u0142ek, prof. KPU - Najwa\u017cniejsze publikacje - Pracownicy PANS w Kro\u015bnie\",\"isPartOf\":{\"@id\":\"https:\\\/\\\/pans.krosno.pl\\\/pracownicy\\\/#website\"},\"datePublished\":\"2020-04-27T07:59:05+00:00\",\"dateModified\":\"2025-05-20T12:02:32+00:00\",\"breadcrumb\":{\"@id\":\"https:\\\/\\\/pans.krosno.pl\\\/pracownicy\\\/wieslaw-wszolek\\\/wieslaw-wszolek-najwazniejsze-publikacje\\\/#breadcrumb\"},\"inLanguage\":\"pl-PL\",\"potentialAction\":[{\"@type\":\"ReadAction\",\"target\":[\"https:\\\/\\\/pans.krosno.pl\\\/pracownicy\\\/wieslaw-wszolek\\\/wieslaw-wszolek-najwazniejsze-publikacje\\\/\"]}]},{\"@type\":\"BreadcrumbList\",\"@id\":\"https:\\\/\\\/pans.krosno.pl\\\/pracownicy\\\/wieslaw-wszolek\\\/wieslaw-wszolek-najwazniejsze-publikacje\\\/#breadcrumb\",\"itemListElement\":[{\"@type\":\"ListItem\",\"position\":1,\"name\":\"Strona g\u0142\u00f3wna\",\"item\":\"https:\\\/\\\/pans.krosno.pl\\\/pracownicy\\\/\"},{\"@type\":\"ListItem\",\"position\":2,\"name\":\"dr hab. in\u017c. Wies\u0142aw Wszo\u0142ek, prof. PANS\",\"item\":\"https:\\\/\\\/pans.krosno.pl\\\/pracownicy\\\/wieslaw-wszolek\\\/\"},{\"@type\":\"ListItem\",\"position\":3,\"name\":\"dr hab. in\u017c. Wies\u0142aw Wszo\u0142ek, prof. KPU &#8211; Najwa\u017cniejsze publikacje\"}]},{\"@type\":\"WebSite\",\"@id\":\"https:\\\/\\\/pans.krosno.pl\\\/pracownicy\\\/#website\",\"url\":\"https:\\\/\\\/pans.krosno.pl\\\/pracownicy\\\/\",\"name\":\"Pracownicy PANS w Kro\u015bnie\",\"description\":\"Pracownicy - Pa\u0144stwowa Akademia Nauk Stosowanych\",\"publisher\":{\"@id\":\"https:\\\/\\\/pans.krosno.pl\\\/pracownicy\\\/#organization\"},\"potentialAction\":[{\"@type\":\"SearchAction\",\"target\":{\"@type\":\"EntryPoint\",\"urlTemplate\":\"https:\\\/\\\/pans.krosno.pl\\\/pracownicy\\\/?s={search_term_string}\"},\"query-input\":{\"@type\":\"PropertyValueSpecification\",\"valueRequired\":true,\"valueName\":\"search_term_string\"}}],\"inLanguage\":\"pl-PL\"},{\"@type\":\"Organization\",\"@id\":\"https:\\\/\\\/pans.krosno.pl\\\/pracownicy\\\/#organization\",\"name\":\"Pracownicy PANS w Kro\u015bnie\",\"url\":\"https:\\\/\\\/pans.krosno.pl\\\/pracownicy\\\/\",\"logo\":{\"@type\":\"ImageObject\",\"inLanguage\":\"pl-PL\",\"@id\":\"https:\\\/\\\/pans.krosno.pl\\\/pracownicy\\\/#\\\/schema\\\/logo\\\/image\\\/\",\"url\":\"https:\\\/\\\/pans.krosno.pl\\\/pracownicy\\\/wp-content\\\/uploads\\\/sites\\\/41\\\/2023\\\/01\\\/Logo-PANS-2022-pelne.png\",\"contentUrl\":\"https:\\\/\\\/pans.krosno.pl\\\/pracownicy\\\/wp-content\\\/uploads\\\/sites\\\/41\\\/2023\\\/01\\\/Logo-PANS-2022-pelne.png\",\"width\":3096,\"height\":696,\"caption\":\"Pracownicy PANS w Kro\u015bnie\"},\"image\":{\"@id\":\"https:\\\/\\\/pans.krosno.pl\\\/pracownicy\\\/#\\\/schema\\\/logo\\\/image\\\/\"}}]}<\/script>\n<!-- \/ Yoast SEO Premium plugin. -->","yoast_head_json":{"title":"dr hab. in\u017c. Wies\u0142aw Wszo\u0142ek, prof. KPU - Najwa\u017cniejsze publikacje - Pracownicy PANS w Kro\u015bnie","robots":{"index":"index","follow":"follow","max-snippet":"max-snippet:-1","max-image-preview":"max-image-preview:large","max-video-preview":"max-video-preview:-1"},"canonical":"https:\/\/pans.krosno.pl\/pracownicy\/wieslaw-wszolek\/wieslaw-wszolek-najwazniejsze-publikacje\/","og_locale":"pl_PL","og_type":"article","og_title":"dr hab. in\u017c. Wies\u0142aw Wszo\u0142ek, prof. KPU - Najwa\u017cniejsze publikacje","og_description":"Jest autorem i wsp\u00f3\u0142autorem ok. 240 publikacji, spo\u015br\u00f3d kt\u00f3rych 31 to z LF, 8 ksi\u0105\u017cek, oraz opublikowa\u0142 trzy rozdzia\u0142y w zagranicznych monografiach (Springer-Verlag). Wybrane pozycje Automatic understanding of speech pathology, Wies\u0142aw WSZO\u0141EK, Tadeusz WSZO\u0141EK, Intelligent Information Processing and Web Mining: proceedings of the international IIS: IIPWM&#8217;04 Berlin ; Heidelberg ; [\u2026] Read More","og_url":"https:\/\/pans.krosno.pl\/pracownicy\/wieslaw-wszolek\/wieslaw-wszolek-najwazniejsze-publikacje\/","og_site_name":"Pracownicy PANS w Kro\u015bnie","article_modified_time":"2025-05-20T12:02:32+00:00","twitter_card":"summary_large_image","twitter_misc":{"Szacowany czas czytania":"4 minuty"},"schema":{"@context":"https:\/\/schema.org","@graph":[{"@type":"WebPage","@id":"https:\/\/pans.krosno.pl\/pracownicy\/wieslaw-wszolek\/wieslaw-wszolek-najwazniejsze-publikacje\/","url":"https:\/\/pans.krosno.pl\/pracownicy\/wieslaw-wszolek\/wieslaw-wszolek-najwazniejsze-publikacje\/","name":"dr hab. in\u017c. Wies\u0142aw Wszo\u0142ek, prof. KPU - Najwa\u017cniejsze publikacje - Pracownicy PANS w Kro\u015bnie","isPartOf":{"@id":"https:\/\/pans.krosno.pl\/pracownicy\/#website"},"datePublished":"2020-04-27T07:59:05+00:00","dateModified":"2025-05-20T12:02:32+00:00","breadcrumb":{"@id":"https:\/\/pans.krosno.pl\/pracownicy\/wieslaw-wszolek\/wieslaw-wszolek-najwazniejsze-publikacje\/#breadcrumb"},"inLanguage":"pl-PL","potentialAction":[{"@type":"ReadAction","target":["https:\/\/pans.krosno.pl\/pracownicy\/wieslaw-wszolek\/wieslaw-wszolek-najwazniejsze-publikacje\/"]}]},{"@type":"BreadcrumbList","@id":"https:\/\/pans.krosno.pl\/pracownicy\/wieslaw-wszolek\/wieslaw-wszolek-najwazniejsze-publikacje\/#breadcrumb","itemListElement":[{"@type":"ListItem","position":1,"name":"Strona g\u0142\u00f3wna","item":"https:\/\/pans.krosno.pl\/pracownicy\/"},{"@type":"ListItem","position":2,"name":"dr hab. in\u017c. Wies\u0142aw Wszo\u0142ek, prof. PANS","item":"https:\/\/pans.krosno.pl\/pracownicy\/wieslaw-wszolek\/"},{"@type":"ListItem","position":3,"name":"dr hab. in\u017c. Wies\u0142aw Wszo\u0142ek, prof. KPU &#8211; Najwa\u017cniejsze publikacje"}]},{"@type":"WebSite","@id":"https:\/\/pans.krosno.pl\/pracownicy\/#website","url":"https:\/\/pans.krosno.pl\/pracownicy\/","name":"Pracownicy PANS w Kro\u015bnie","description":"Pracownicy - Pa\u0144stwowa Akademia Nauk Stosowanych","publisher":{"@id":"https:\/\/pans.krosno.pl\/pracownicy\/#organization"},"potentialAction":[{"@type":"SearchAction","target":{"@type":"EntryPoint","urlTemplate":"https:\/\/pans.krosno.pl\/pracownicy\/?s={search_term_string}"},"query-input":{"@type":"PropertyValueSpecification","valueRequired":true,"valueName":"search_term_string"}}],"inLanguage":"pl-PL"},{"@type":"Organization","@id":"https:\/\/pans.krosno.pl\/pracownicy\/#organization","name":"Pracownicy PANS w Kro\u015bnie","url":"https:\/\/pans.krosno.pl\/pracownicy\/","logo":{"@type":"ImageObject","inLanguage":"pl-PL","@id":"https:\/\/pans.krosno.pl\/pracownicy\/#\/schema\/logo\/image\/","url":"https:\/\/pans.krosno.pl\/pracownicy\/wp-content\/uploads\/sites\/41\/2023\/01\/Logo-PANS-2022-pelne.png","contentUrl":"https:\/\/pans.krosno.pl\/pracownicy\/wp-content\/uploads\/sites\/41\/2023\/01\/Logo-PANS-2022-pelne.png","width":3096,"height":696,"caption":"Pracownicy PANS w Kro\u015bnie"},"image":{"@id":"https:\/\/pans.krosno.pl\/pracownicy\/#\/schema\/logo\/image\/"}}]}},"_links":{"self":[{"href":"https:\/\/pans.krosno.pl\/pracownicy\/wp-json\/wp\/v2\/pages\/4892","targetHints":{"allow":["GET"]}}],"collection":[{"href":"https:\/\/pans.krosno.pl\/pracownicy\/wp-json\/wp\/v2\/pages"}],"about":[{"href":"https:\/\/pans.krosno.pl\/pracownicy\/wp-json\/wp\/v2\/types\/page"}],"author":[{"embeddable":true,"href":"https:\/\/pans.krosno.pl\/pracownicy\/wp-json\/wp\/v2\/users\/34"}],"replies":[{"embeddable":true,"href":"https:\/\/pans.krosno.pl\/pracownicy\/wp-json\/wp\/v2\/comments?post=4892"}],"version-history":[{"count":7,"href":"https:\/\/pans.krosno.pl\/pracownicy\/wp-json\/wp\/v2\/pages\/4892\/revisions"}],"predecessor-version":[{"id":11074,"href":"https:\/\/pans.krosno.pl\/pracownicy\/wp-json\/wp\/v2\/pages\/4892\/revisions\/11074"}],"up":[{"embeddable":true,"href":"https:\/\/pans.krosno.pl\/pracownicy\/wp-json\/wp\/v2\/pages\/4870"}],"wp:attachment":[{"href":"https:\/\/pans.krosno.pl\/pracownicy\/wp-json\/wp\/v2\/media?parent=4892"}],"curies":[{"name":"wp","href":"https:\/\/api.w.org\/{rel}","templated":true}]}}