{"id":4283,"date":"2020-04-23T12:47:53","date_gmt":"2020-04-23T10:47:53","guid":{"rendered":"https:\/\/pans.krosno.pl\/pracownicy\/?page_id=4283"},"modified":"2025-05-20T13:41:18","modified_gmt":"2025-05-20T11:41:18","slug":"leokadia-styrcz-przebinda-zyciorys-naukowy","status":"publish","type":"page","link":"https:\/\/pans.krosno.pl\/pracownicy\/leokadia-styrcz-przebinda\/leokadia-styrcz-przebinda-zyciorys-naukowy\/","title":{"rendered":"dr Leokadia Styrcz-Przebinda &#8211; \u017byciorys naukowy"},"content":{"rendered":"<hr>\n<ul>\n<li>Studia slawistyczne na Uniwersytecie Jagiello\u0144skim<\/li>\n<li>Doktorat z j\u0119zykoznawstwa w Polskiej Akademii Nauk po\u015bwi\u0119cony homonimii polskich czasownik\u00f3w<\/li>\n<li>Publikowa\u0142a artyku\u0142y i recenzje w nast\u0119puj\u0105cych czasopismach naukowych: J\u0119zyk Polski, Studia Gramatyczne, Polonica, Przegl\u0105d Rusycystyczny, Socjolingwistyka, Przek\u0142adaniec, Annales Universitatis Paedagogicae Cracoviensis, Studia Pigoniana<\/li>\n<li>Od 2006 roku wyk\u0142ada w PWSZ im. Stanis\u0142awa Pigonia \u2013 KPU w Kro\u015bnie \u2013&nbsp; a obecnie na Pa\u0144stwowej Akademii Nauk Stosowanych w Kro\u015bnie.<\/li>\n<li>Promotorka kilkudziesi\u0119ciu prac licencjackich na kierunkach: J\u0119zyk i kultura Rosji, J\u0119zyk rosyjski dla biznesu, Dwuj\u0119zykowe studia dla t\u0142umaczy<\/li>\n<li>Wieloletnie prowadzenie ko\u0142a naukowego rusycyst\u00f3w dzia\u0142aj\u0105cego w PANS w Kro\u015bnie.<\/li>\n<\/ul>\n<hr>\n<p>&nbsp;<\/p>\n","protected":false},"excerpt":{"rendered":"<p>Studia slawistyczne na Uniwersytecie Jagiello\u0144skim Doktorat z j\u0119zykoznawstwa w Polskiej Akademii Nauk po\u015bwi\u0119cony homonimii polskich czasownik\u00f3w Publikowa\u0142a artyku\u0142y i recenzje w nast\u0119puj\u0105cych czasopismach naukowych: J\u0119zyk Polski, Studia Gramatyczne, Polonica, Przegl\u0105d Rusycystyczny, Socjolingwistyka, Przek\u0142adaniec, Annales Universitatis Paedagogicae Cracoviensis, Studia Pigoniana Od 2006 roku wyk\u0142ada w PWSZ im. Stanis\u0142awa Pigonia \u2013 KPU [\u2026] <\/p>\n<div class=\"clear\"><\/div>\n<p><a class=\"more_link clearfix\" href=\"https:\/\/pans.krosno.pl\/pracownicy\/leokadia-styrcz-przebinda\/leokadia-styrcz-przebinda-zyciorys-naukowy\/\" rel=\"nofollow\">Read More<\/a><\/p>\n","protected":false},"author":34,"featured_media":0,"parent":4276,"menu_order":0,"comment_status":"closed","ping_status":"closed","template":"","meta":{"ngg_post_thumbnail":0,"footnotes":""},"class_list":["post-4283","page","type-page","status-publish","hentry"],"yoast_head":"<!-- This site is optimized with the Yoast SEO Premium plugin v27.3 (Yoast SEO v27.3) - https:\/\/yoast.com\/product\/yoast-seo-premium-wordpress\/ -->\n<title>dr Leokadia Styrcz-Przebinda - \u017byciorys naukowy - Pracownicy PANS w Kro\u015bnie<\/title>\n<meta name=\"robots\" content=\"index, follow, max-snippet:-1, max-image-preview:large, max-video-preview:-1\" \/>\n<link rel=\"canonical\" href=\"https:\/\/pans.krosno.pl\/pracownicy\/leokadia-styrcz-przebinda\/leokadia-styrcz-przebinda-zyciorys-naukowy\/\" \/>\n<meta property=\"og:locale\" content=\"pl_PL\" \/>\n<meta property=\"og:type\" content=\"article\" \/>\n<meta property=\"og:title\" content=\"dr Leokadia Styrcz-Przebinda - \u017byciorys naukowy\" \/>\n<meta property=\"og:description\" content=\"Studia slawistyczne na Uniwersytecie Jagiello\u0144skim Doktorat z j\u0119zykoznawstwa w Polskiej Akademii Nauk po\u015bwi\u0119cony homonimii polskich czasownik\u00f3w Publikowa\u0142a artyku\u0142y i recenzje w nast\u0119puj\u0105cych czasopismach naukowych: J\u0119zyk Polski, Studia Gramatyczne, Polonica, Przegl\u0105d Rusycystyczny, Socjolingwistyka, Przek\u0142adaniec, Annales Universitatis Paedagogicae Cracoviensis, Studia Pigoniana Od 2006 roku wyk\u0142ada w PWSZ im. Stanis\u0142awa Pigonia \u2013 KPU [\u2026] Read More\" \/>\n<meta property=\"og:url\" content=\"https:\/\/pans.krosno.pl\/pracownicy\/leokadia-styrcz-przebinda\/leokadia-styrcz-przebinda-zyciorys-naukowy\/\" \/>\n<meta property=\"og:site_name\" content=\"Pracownicy PANS w Kro\u015bnie\" \/>\n<meta property=\"article:modified_time\" content=\"2025-05-20T11:41:18+00:00\" \/>\n<meta name=\"twitter:card\" content=\"summary_large_image\" \/>\n<meta name=\"twitter:label1\" content=\"Szacowany czas czytania\" \/>\n\t<meta name=\"twitter:data1\" content=\"1 minuta\" \/>\n<script type=\"application\/ld+json\" class=\"yoast-schema-graph\">{\"@context\":\"https:\\\/\\\/schema.org\",\"@graph\":[{\"@type\":\"WebPage\",\"@id\":\"https:\\\/\\\/pans.krosno.pl\\\/pracownicy\\\/leokadia-styrcz-przebinda\\\/leokadia-styrcz-przebinda-zyciorys-naukowy\\\/\",\"url\":\"https:\\\/\\\/pans.krosno.pl\\\/pracownicy\\\/leokadia-styrcz-przebinda\\\/leokadia-styrcz-przebinda-zyciorys-naukowy\\\/\",\"name\":\"dr Leokadia Styrcz-Przebinda - \u017byciorys naukowy - Pracownicy PANS w Kro\u015bnie\",\"isPartOf\":{\"@id\":\"https:\\\/\\\/pans.krosno.pl\\\/pracownicy\\\/#website\"},\"datePublished\":\"2020-04-23T10:47:53+00:00\",\"dateModified\":\"2025-05-20T11:41:18+00:00\",\"breadcrumb\":{\"@id\":\"https:\\\/\\\/pans.krosno.pl\\\/pracownicy\\\/leokadia-styrcz-przebinda\\\/leokadia-styrcz-przebinda-zyciorys-naukowy\\\/#breadcrumb\"},\"inLanguage\":\"pl-PL\",\"potentialAction\":[{\"@type\":\"ReadAction\",\"target\":[\"https:\\\/\\\/pans.krosno.pl\\\/pracownicy\\\/leokadia-styrcz-przebinda\\\/leokadia-styrcz-przebinda-zyciorys-naukowy\\\/\"]}]},{\"@type\":\"BreadcrumbList\",\"@id\":\"https:\\\/\\\/pans.krosno.pl\\\/pracownicy\\\/leokadia-styrcz-przebinda\\\/leokadia-styrcz-przebinda-zyciorys-naukowy\\\/#breadcrumb\",\"itemListElement\":[{\"@type\":\"ListItem\",\"position\":1,\"name\":\"Strona g\u0142\u00f3wna\",\"item\":\"https:\\\/\\\/pans.krosno.pl\\\/pracownicy\\\/\"},{\"@type\":\"ListItem\",\"position\":2,\"name\":\"dr Leokadia Styrcz-Przebinda\",\"item\":\"https:\\\/\\\/pans.krosno.pl\\\/pracownicy\\\/leokadia-styrcz-przebinda\\\/\"},{\"@type\":\"ListItem\",\"position\":3,\"name\":\"dr Leokadia Styrcz-Przebinda &#8211; \u017byciorys naukowy\"}]},{\"@type\":\"WebSite\",\"@id\":\"https:\\\/\\\/pans.krosno.pl\\\/pracownicy\\\/#website\",\"url\":\"https:\\\/\\\/pans.krosno.pl\\\/pracownicy\\\/\",\"name\":\"Pracownicy PANS w Kro\u015bnie\",\"description\":\"Pracownicy - Pa\u0144stwowa Akademia Nauk Stosowanych\",\"publisher\":{\"@id\":\"https:\\\/\\\/pans.krosno.pl\\\/pracownicy\\\/#organization\"},\"potentialAction\":[{\"@type\":\"SearchAction\",\"target\":{\"@type\":\"EntryPoint\",\"urlTemplate\":\"https:\\\/\\\/pans.krosno.pl\\\/pracownicy\\\/?s={search_term_string}\"},\"query-input\":{\"@type\":\"PropertyValueSpecification\",\"valueRequired\":true,\"valueName\":\"search_term_string\"}}],\"inLanguage\":\"pl-PL\"},{\"@type\":\"Organization\",\"@id\":\"https:\\\/\\\/pans.krosno.pl\\\/pracownicy\\\/#organization\",\"name\":\"Pracownicy PANS w Kro\u015bnie\",\"url\":\"https:\\\/\\\/pans.krosno.pl\\\/pracownicy\\\/\",\"logo\":{\"@type\":\"ImageObject\",\"inLanguage\":\"pl-PL\",\"@id\":\"https:\\\/\\\/pans.krosno.pl\\\/pracownicy\\\/#\\\/schema\\\/logo\\\/image\\\/\",\"url\":\"https:\\\/\\\/pans.krosno.pl\\\/pracownicy\\\/wp-content\\\/uploads\\\/sites\\\/41\\\/2023\\\/01\\\/Logo-PANS-2022-pelne.png\",\"contentUrl\":\"https:\\\/\\\/pans.krosno.pl\\\/pracownicy\\\/wp-content\\\/uploads\\\/sites\\\/41\\\/2023\\\/01\\\/Logo-PANS-2022-pelne.png\",\"width\":3096,\"height\":696,\"caption\":\"Pracownicy PANS w Kro\u015bnie\"},\"image\":{\"@id\":\"https:\\\/\\\/pans.krosno.pl\\\/pracownicy\\\/#\\\/schema\\\/logo\\\/image\\\/\"}}]}<\/script>\n<!-- \/ Yoast SEO Premium plugin. -->","yoast_head_json":{"title":"dr Leokadia Styrcz-Przebinda - \u017byciorys naukowy - Pracownicy PANS w Kro\u015bnie","robots":{"index":"index","follow":"follow","max-snippet":"max-snippet:-1","max-image-preview":"max-image-preview:large","max-video-preview":"max-video-preview:-1"},"canonical":"https:\/\/pans.krosno.pl\/pracownicy\/leokadia-styrcz-przebinda\/leokadia-styrcz-przebinda-zyciorys-naukowy\/","og_locale":"pl_PL","og_type":"article","og_title":"dr Leokadia Styrcz-Przebinda - \u017byciorys naukowy","og_description":"Studia slawistyczne na Uniwersytecie Jagiello\u0144skim Doktorat z j\u0119zykoznawstwa w Polskiej Akademii Nauk po\u015bwi\u0119cony homonimii polskich czasownik\u00f3w Publikowa\u0142a artyku\u0142y i recenzje w nast\u0119puj\u0105cych czasopismach naukowych: J\u0119zyk Polski, Studia Gramatyczne, Polonica, Przegl\u0105d Rusycystyczny, Socjolingwistyka, Przek\u0142adaniec, Annales Universitatis Paedagogicae Cracoviensis, Studia Pigoniana Od 2006 roku wyk\u0142ada w PWSZ im. Stanis\u0142awa Pigonia \u2013 KPU [\u2026] Read More","og_url":"https:\/\/pans.krosno.pl\/pracownicy\/leokadia-styrcz-przebinda\/leokadia-styrcz-przebinda-zyciorys-naukowy\/","og_site_name":"Pracownicy PANS w Kro\u015bnie","article_modified_time":"2025-05-20T11:41:18+00:00","twitter_card":"summary_large_image","twitter_misc":{"Szacowany czas czytania":"1 minuta"},"schema":{"@context":"https:\/\/schema.org","@graph":[{"@type":"WebPage","@id":"https:\/\/pans.krosno.pl\/pracownicy\/leokadia-styrcz-przebinda\/leokadia-styrcz-przebinda-zyciorys-naukowy\/","url":"https:\/\/pans.krosno.pl\/pracownicy\/leokadia-styrcz-przebinda\/leokadia-styrcz-przebinda-zyciorys-naukowy\/","name":"dr Leokadia Styrcz-Przebinda - \u017byciorys naukowy - Pracownicy PANS w Kro\u015bnie","isPartOf":{"@id":"https:\/\/pans.krosno.pl\/pracownicy\/#website"},"datePublished":"2020-04-23T10:47:53+00:00","dateModified":"2025-05-20T11:41:18+00:00","breadcrumb":{"@id":"https:\/\/pans.krosno.pl\/pracownicy\/leokadia-styrcz-przebinda\/leokadia-styrcz-przebinda-zyciorys-naukowy\/#breadcrumb"},"inLanguage":"pl-PL","potentialAction":[{"@type":"ReadAction","target":["https:\/\/pans.krosno.pl\/pracownicy\/leokadia-styrcz-przebinda\/leokadia-styrcz-przebinda-zyciorys-naukowy\/"]}]},{"@type":"BreadcrumbList","@id":"https:\/\/pans.krosno.pl\/pracownicy\/leokadia-styrcz-przebinda\/leokadia-styrcz-przebinda-zyciorys-naukowy\/#breadcrumb","itemListElement":[{"@type":"ListItem","position":1,"name":"Strona g\u0142\u00f3wna","item":"https:\/\/pans.krosno.pl\/pracownicy\/"},{"@type":"ListItem","position":2,"name":"dr Leokadia Styrcz-Przebinda","item":"https:\/\/pans.krosno.pl\/pracownicy\/leokadia-styrcz-przebinda\/"},{"@type":"ListItem","position":3,"name":"dr Leokadia Styrcz-Przebinda &#8211; \u017byciorys naukowy"}]},{"@type":"WebSite","@id":"https:\/\/pans.krosno.pl\/pracownicy\/#website","url":"https:\/\/pans.krosno.pl\/pracownicy\/","name":"Pracownicy PANS w Kro\u015bnie","description":"Pracownicy - Pa\u0144stwowa Akademia Nauk Stosowanych","publisher":{"@id":"https:\/\/pans.krosno.pl\/pracownicy\/#organization"},"potentialAction":[{"@type":"SearchAction","target":{"@type":"EntryPoint","urlTemplate":"https:\/\/pans.krosno.pl\/pracownicy\/?s={search_term_string}"},"query-input":{"@type":"PropertyValueSpecification","valueRequired":true,"valueName":"search_term_string"}}],"inLanguage":"pl-PL"},{"@type":"Organization","@id":"https:\/\/pans.krosno.pl\/pracownicy\/#organization","name":"Pracownicy PANS w Kro\u015bnie","url":"https:\/\/pans.krosno.pl\/pracownicy\/","logo":{"@type":"ImageObject","inLanguage":"pl-PL","@id":"https:\/\/pans.krosno.pl\/pracownicy\/#\/schema\/logo\/image\/","url":"https:\/\/pans.krosno.pl\/pracownicy\/wp-content\/uploads\/sites\/41\/2023\/01\/Logo-PANS-2022-pelne.png","contentUrl":"https:\/\/pans.krosno.pl\/pracownicy\/wp-content\/uploads\/sites\/41\/2023\/01\/Logo-PANS-2022-pelne.png","width":3096,"height":696,"caption":"Pracownicy PANS w Kro\u015bnie"},"image":{"@id":"https:\/\/pans.krosno.pl\/pracownicy\/#\/schema\/logo\/image\/"}}]}},"_links":{"self":[{"href":"https:\/\/pans.krosno.pl\/pracownicy\/wp-json\/wp\/v2\/pages\/4283","targetHints":{"allow":["GET"]}}],"collection":[{"href":"https:\/\/pans.krosno.pl\/pracownicy\/wp-json\/wp\/v2\/pages"}],"about":[{"href":"https:\/\/pans.krosno.pl\/pracownicy\/wp-json\/wp\/v2\/types\/page"}],"author":[{"embeddable":true,"href":"https:\/\/pans.krosno.pl\/pracownicy\/wp-json\/wp\/v2\/users\/34"}],"replies":[{"embeddable":true,"href":"https:\/\/pans.krosno.pl\/pracownicy\/wp-json\/wp\/v2\/comments?post=4283"}],"version-history":[{"count":8,"href":"https:\/\/pans.krosno.pl\/pracownicy\/wp-json\/wp\/v2\/pages\/4283\/revisions"}],"predecessor-version":[{"id":10989,"href":"https:\/\/pans.krosno.pl\/pracownicy\/wp-json\/wp\/v2\/pages\/4283\/revisions\/10989"}],"up":[{"embeddable":true,"href":"https:\/\/pans.krosno.pl\/pracownicy\/wp-json\/wp\/v2\/pages\/4276"}],"wp:attachment":[{"href":"https:\/\/pans.krosno.pl\/pracownicy\/wp-json\/wp\/v2\/media?parent=4283"}],"curies":[{"name":"wp","href":"https:\/\/api.w.org\/{rel}","templated":true}]}}