{"id":415,"date":"2020-03-27T18:04:00","date_gmt":"2020-03-27T17:04:00","guid":{"rendered":"https:\/\/pans.krosno.pl\/pracownicy\/?page_id=415"},"modified":"2025-05-15T14:54:40","modified_gmt":"2025-05-15T12:54:40","slug":"ewa-marcinkowska-najwazniejsze-publikacje","status":"publish","type":"page","link":"https:\/\/pans.krosno.pl\/pracownicy\/ewa-marcinkowska\/ewa-marcinkowska-najwazniejsze-publikacje\/","title":{"rendered":"prof. dr hab. Ewa Marcinkowska &#8211; Najwa\u017cniejsze publikacje"},"content":{"rendered":"<hr>\n<p><strong>Wybrane publikacje w postaci monografii oraz podr\u0119cznik\u00f3w akademickich<\/strong><\/p>\n<ol>\n<li>Marcinkowska E. Sk\u00f3ry i ich zamienniki w \u015bwietle bezpiecze\u0144stwa i higieny u\u017cytkowania Instytut Technologii Eksploatacji \u2013 Pa\u0144stwowy Instytut Badawczy w Radomiu, Radom 2013, s.208.<\/li>\n<li>Marcinkowska E. Symulacja proces\u00f3w wymiany ciep\u0142a i wilgoci w badaniach i ocenie jako\u015bci materia\u0142\u00f3w Zeszyty Naukowe, Seria Specjalna: Monografie, AE, Krak\u00f3w 1993, nr 116, 159 s.<br \/>\nDuda I., Marcinkowska E. Towaroznawstwo wyrob\u00f3w sk\u00f3rzanych i futrzarskich Wydaw. Akademii Ekonomicznej w Krakowie, 2001, s. 200, (udzia\u0142 18%).<\/li>\n<li>Duda I.,Marcinkowska E., Badanie i ocena jako\u015bci wyrob\u00f3w przemys\u0142u sk\u00f3rzanego wed\u0142ug wymog\u00f3w norm PN-EN ISO, Wydawnictwo Uniwersytetu Ekonomicznego w Krakowie, Krak\u00f3w 2010, 106 s. Tytu\u0142 rozdzia\u0142u w monografii: Obuwie 70-106, Zofia Cicho\u0144 (red.), (udzia\u0142 w\u0142asny 40%).<\/li>\n<\/ol>\n<p><strong>Wybrane publikacje w czasopismach posiadaj\u0105cych Impact Factor<\/strong><\/p>\n<ol>\n<li>BIELAK E., MARCINKOWSKA E., SYGU\u0141A-CHOLEWINSKA J., (2020), Investigation of finishing of leather for inside parts of the shoes with a natural biocide, Scientific Reports, 26th of February, [online] www.nature.com\/articles\/s41598-020-60285-y. vol. 10, article number: 3467, s. 1-10, j. eng, DOI: 10.1038\/s41598-020-60285-y, CC: CC-BY. Czasopismo: Scientific Reports, (lista A, 140 pkt.).<\/li>\n<li>MARCINKOWSKA E., ZIELI\u0143SKA G., (2020), Sensory and Instrumental Research of Leather Softness, Journal of the Society of Leather Technologists and Chemist (w druku).<\/li>\n<li>MARCINKOWSKA E., ZIELI\u0143SKA G., (2018), Do Leather Anisotropic Properties Have an Effect on ShrinkageTemperature? Journal of the American Leather Chemists Association. &#8211; vol. 113, iss. 5, p. 163-171. (lista A, 25 pkt.).<\/li>\n<li>BIELAK E., MARCINKOWSKA E., SYGU\u0141A-CHOLEWINSKA J.,&nbsp; The durability of antimicrobial effect of leathers finished with oregano oil, The Journal of the American Leather Chemists Association, , vol. 112, no. 11, p. 377-386 (20 pkt.).<\/li>\n<li>BIELAK E., MARCINKOWSKA E., SYGU\u0141A-CHOLEWINSKA J., (2017) GOLONKA J., (2016), An Examination of Antimicrobial Activity of Lining Leathers Fatliquored with Essential Oils, The Journal of the American Leather Chemists Association, j. eng, vol. 111, iss. 6, s. 213-220, ISSN: 0002-9726, Lista: A, (20 pkt.).<\/li>\n<li>ZIELI\u0143SKA G., MARCINKOWSKA E. (2016), The Bioindicator Method for Assessing Safety in Use of Leathers, Part I: Calorimetric Measurements of Bioindicator Response to Extracts From Leathers, Journal of the Society of Leather Technologists and Chemist vol. 100, no. 5, s. 246-251, j. eng, ISSN: 0144-0322, Lista: A, (20 pkt.).<\/li>\n<li>ZIELI\u0143SKA G., MARCINKOWSKA E. (2016), The Bioindicator Method for Assessing Safety in Use of Leathers, Part II: The Study of the Response of Tetrahymena to Leather Extracts by Using a Microscope and the Clark Electrode, Journal of the Society of Leather Technologists and Chemist, vol. 100, no. 6, s. 327-333, j. eng, ISSN: 0144-0322, Lista: A, (20 pkt.).<\/li>\n<\/ol>\n<hr>\n<p>&nbsp;<\/p>\n","protected":false},"excerpt":{"rendered":"<p>Wybrane publikacje w postaci monografii oraz podr\u0119cznik\u00f3w akademickich Marcinkowska E. Sk\u00f3ry i ich zamienniki w \u015bwietle bezpiecze\u0144stwa i higieny u\u017cytkowania Instytut Technologii Eksploatacji \u2013 Pa\u0144stwowy Instytut Badawczy w Radomiu, Radom 2013, s.208. Marcinkowska E. Symulacja proces\u00f3w wymiany ciep\u0142a i wilgoci w badaniach i ocenie jako\u015bci materia\u0142\u00f3w Zeszyty Naukowe, Seria Specjalna: [\u2026] <\/p>\n<div class=\"clear\"><\/div>\n<p><a class=\"more_link clearfix\" href=\"https:\/\/pans.krosno.pl\/pracownicy\/ewa-marcinkowska\/ewa-marcinkowska-najwazniejsze-publikacje\/\" rel=\"nofollow\">Read More<\/a><\/p>\n","protected":false},"author":36,"featured_media":0,"parent":405,"menu_order":0,"comment_status":"closed","ping_status":"closed","template":"","meta":{"ngg_post_thumbnail":0,"footnotes":""},"class_list":["post-415","page","type-page","status-publish","hentry"],"yoast_head":"<!-- This site is optimized with the Yoast SEO Premium plugin v27.4 (Yoast SEO v27.4) - https:\/\/yoast.com\/product\/yoast-seo-premium-wordpress\/ -->\n<title>prof. dr hab. Ewa Marcinkowska - Najwa\u017cniejsze publikacje - Pracownicy PANS w Kro\u015bnie<\/title>\n<meta name=\"robots\" content=\"index, follow, max-snippet:-1, max-image-preview:large, max-video-preview:-1\" \/>\n<link rel=\"canonical\" href=\"https:\/\/pans.krosno.pl\/pracownicy\/ewa-marcinkowska\/ewa-marcinkowska-najwazniejsze-publikacje\/\" \/>\n<meta property=\"og:locale\" content=\"pl_PL\" \/>\n<meta property=\"og:type\" content=\"article\" \/>\n<meta property=\"og:title\" content=\"prof. dr hab. Ewa Marcinkowska - Najwa\u017cniejsze publikacje\" \/>\n<meta property=\"og:description\" content=\"Wybrane publikacje w postaci monografii oraz podr\u0119cznik\u00f3w akademickich Marcinkowska E. Sk\u00f3ry i ich zamienniki w \u015bwietle bezpiecze\u0144stwa i higieny u\u017cytkowania Instytut Technologii Eksploatacji \u2013 Pa\u0144stwowy Instytut Badawczy w Radomiu, Radom 2013, s.208. Marcinkowska E. Symulacja proces\u00f3w wymiany ciep\u0142a i wilgoci w badaniach i ocenie jako\u015bci materia\u0142\u00f3w Zeszyty Naukowe, Seria Specjalna: [\u2026] Read More\" \/>\n<meta property=\"og:url\" content=\"https:\/\/pans.krosno.pl\/pracownicy\/ewa-marcinkowska\/ewa-marcinkowska-najwazniejsze-publikacje\/\" \/>\n<meta property=\"og:site_name\" content=\"Pracownicy PANS w Kro\u015bnie\" \/>\n<meta property=\"article:modified_time\" content=\"2025-05-15T12:54:40+00:00\" \/>\n<meta name=\"twitter:card\" content=\"summary_large_image\" \/>\n<meta name=\"twitter:label1\" content=\"Szacowany czas czytania\" \/>\n\t<meta name=\"twitter:data1\" content=\"3 minuty\" \/>\n<script type=\"application\/ld+json\" class=\"yoast-schema-graph\">{\"@context\":\"https:\\\/\\\/schema.org\",\"@graph\":[{\"@type\":\"WebPage\",\"@id\":\"https:\\\/\\\/pans.krosno.pl\\\/pracownicy\\\/ewa-marcinkowska\\\/ewa-marcinkowska-najwazniejsze-publikacje\\\/\",\"url\":\"https:\\\/\\\/pans.krosno.pl\\\/pracownicy\\\/ewa-marcinkowska\\\/ewa-marcinkowska-najwazniejsze-publikacje\\\/\",\"name\":\"prof. dr hab. Ewa Marcinkowska - Najwa\u017cniejsze publikacje - Pracownicy PANS w Kro\u015bnie\",\"isPartOf\":{\"@id\":\"https:\\\/\\\/pans.krosno.pl\\\/pracownicy\\\/#website\"},\"datePublished\":\"2020-03-27T17:04:00+00:00\",\"dateModified\":\"2025-05-15T12:54:40+00:00\",\"breadcrumb\":{\"@id\":\"https:\\\/\\\/pans.krosno.pl\\\/pracownicy\\\/ewa-marcinkowska\\\/ewa-marcinkowska-najwazniejsze-publikacje\\\/#breadcrumb\"},\"inLanguage\":\"pl-PL\",\"potentialAction\":[{\"@type\":\"ReadAction\",\"target\":[\"https:\\\/\\\/pans.krosno.pl\\\/pracownicy\\\/ewa-marcinkowska\\\/ewa-marcinkowska-najwazniejsze-publikacje\\\/\"]}]},{\"@type\":\"BreadcrumbList\",\"@id\":\"https:\\\/\\\/pans.krosno.pl\\\/pracownicy\\\/ewa-marcinkowska\\\/ewa-marcinkowska-najwazniejsze-publikacje\\\/#breadcrumb\",\"itemListElement\":[{\"@type\":\"ListItem\",\"position\":1,\"name\":\"Strona g\u0142\u00f3wna\",\"item\":\"https:\\\/\\\/pans.krosno.pl\\\/pracownicy\\\/\"},{\"@type\":\"ListItem\",\"position\":2,\"name\":\"prof. dr hab. Ewa Marcinkowska\",\"item\":\"https:\\\/\\\/pans.krosno.pl\\\/pracownicy\\\/ewa-marcinkowska\\\/\"},{\"@type\":\"ListItem\",\"position\":3,\"name\":\"prof. dr hab. Ewa Marcinkowska &#8211; Najwa\u017cniejsze publikacje\"}]},{\"@type\":\"WebSite\",\"@id\":\"https:\\\/\\\/pans.krosno.pl\\\/pracownicy\\\/#website\",\"url\":\"https:\\\/\\\/pans.krosno.pl\\\/pracownicy\\\/\",\"name\":\"Pracownicy PANS w Kro\u015bnie\",\"description\":\"Pracownicy - Pa\u0144stwowa Akademia Nauk Stosowanych\",\"publisher\":{\"@id\":\"https:\\\/\\\/pans.krosno.pl\\\/pracownicy\\\/#organization\"},\"potentialAction\":[{\"@type\":\"SearchAction\",\"target\":{\"@type\":\"EntryPoint\",\"urlTemplate\":\"https:\\\/\\\/pans.krosno.pl\\\/pracownicy\\\/?s={search_term_string}\"},\"query-input\":{\"@type\":\"PropertyValueSpecification\",\"valueRequired\":true,\"valueName\":\"search_term_string\"}}],\"inLanguage\":\"pl-PL\"},{\"@type\":\"Organization\",\"@id\":\"https:\\\/\\\/pans.krosno.pl\\\/pracownicy\\\/#organization\",\"name\":\"Pracownicy PANS w Kro\u015bnie\",\"url\":\"https:\\\/\\\/pans.krosno.pl\\\/pracownicy\\\/\",\"logo\":{\"@type\":\"ImageObject\",\"inLanguage\":\"pl-PL\",\"@id\":\"https:\\\/\\\/pans.krosno.pl\\\/pracownicy\\\/#\\\/schema\\\/logo\\\/image\\\/\",\"url\":\"https:\\\/\\\/pans.krosno.pl\\\/pracownicy\\\/wp-content\\\/uploads\\\/sites\\\/41\\\/2023\\\/01\\\/Logo-PANS-2022-pelne.png\",\"contentUrl\":\"https:\\\/\\\/pans.krosno.pl\\\/pracownicy\\\/wp-content\\\/uploads\\\/sites\\\/41\\\/2023\\\/01\\\/Logo-PANS-2022-pelne.png\",\"width\":3096,\"height\":696,\"caption\":\"Pracownicy PANS w Kro\u015bnie\"},\"image\":{\"@id\":\"https:\\\/\\\/pans.krosno.pl\\\/pracownicy\\\/#\\\/schema\\\/logo\\\/image\\\/\"}}]}<\/script>\n<!-- \/ Yoast SEO Premium plugin. -->","yoast_head_json":{"title":"prof. dr hab. Ewa Marcinkowska - Najwa\u017cniejsze publikacje - Pracownicy PANS w Kro\u015bnie","robots":{"index":"index","follow":"follow","max-snippet":"max-snippet:-1","max-image-preview":"max-image-preview:large","max-video-preview":"max-video-preview:-1"},"canonical":"https:\/\/pans.krosno.pl\/pracownicy\/ewa-marcinkowska\/ewa-marcinkowska-najwazniejsze-publikacje\/","og_locale":"pl_PL","og_type":"article","og_title":"prof. dr hab. Ewa Marcinkowska - Najwa\u017cniejsze publikacje","og_description":"Wybrane publikacje w postaci monografii oraz podr\u0119cznik\u00f3w akademickich Marcinkowska E. Sk\u00f3ry i ich zamienniki w \u015bwietle bezpiecze\u0144stwa i higieny u\u017cytkowania Instytut Technologii Eksploatacji \u2013 Pa\u0144stwowy Instytut Badawczy w Radomiu, Radom 2013, s.208. Marcinkowska E. Symulacja proces\u00f3w wymiany ciep\u0142a i wilgoci w badaniach i ocenie jako\u015bci materia\u0142\u00f3w Zeszyty Naukowe, Seria Specjalna: [\u2026] Read More","og_url":"https:\/\/pans.krosno.pl\/pracownicy\/ewa-marcinkowska\/ewa-marcinkowska-najwazniejsze-publikacje\/","og_site_name":"Pracownicy PANS w Kro\u015bnie","article_modified_time":"2025-05-15T12:54:40+00:00","twitter_card":"summary_large_image","twitter_misc":{"Szacowany czas czytania":"3 minuty"},"schema":{"@context":"https:\/\/schema.org","@graph":[{"@type":"WebPage","@id":"https:\/\/pans.krosno.pl\/pracownicy\/ewa-marcinkowska\/ewa-marcinkowska-najwazniejsze-publikacje\/","url":"https:\/\/pans.krosno.pl\/pracownicy\/ewa-marcinkowska\/ewa-marcinkowska-najwazniejsze-publikacje\/","name":"prof. dr hab. Ewa Marcinkowska - Najwa\u017cniejsze publikacje - Pracownicy PANS w Kro\u015bnie","isPartOf":{"@id":"https:\/\/pans.krosno.pl\/pracownicy\/#website"},"datePublished":"2020-03-27T17:04:00+00:00","dateModified":"2025-05-15T12:54:40+00:00","breadcrumb":{"@id":"https:\/\/pans.krosno.pl\/pracownicy\/ewa-marcinkowska\/ewa-marcinkowska-najwazniejsze-publikacje\/#breadcrumb"},"inLanguage":"pl-PL","potentialAction":[{"@type":"ReadAction","target":["https:\/\/pans.krosno.pl\/pracownicy\/ewa-marcinkowska\/ewa-marcinkowska-najwazniejsze-publikacje\/"]}]},{"@type":"BreadcrumbList","@id":"https:\/\/pans.krosno.pl\/pracownicy\/ewa-marcinkowska\/ewa-marcinkowska-najwazniejsze-publikacje\/#breadcrumb","itemListElement":[{"@type":"ListItem","position":1,"name":"Strona g\u0142\u00f3wna","item":"https:\/\/pans.krosno.pl\/pracownicy\/"},{"@type":"ListItem","position":2,"name":"prof. dr hab. Ewa Marcinkowska","item":"https:\/\/pans.krosno.pl\/pracownicy\/ewa-marcinkowska\/"},{"@type":"ListItem","position":3,"name":"prof. dr hab. Ewa Marcinkowska &#8211; Najwa\u017cniejsze publikacje"}]},{"@type":"WebSite","@id":"https:\/\/pans.krosno.pl\/pracownicy\/#website","url":"https:\/\/pans.krosno.pl\/pracownicy\/","name":"Pracownicy PANS w Kro\u015bnie","description":"Pracownicy - Pa\u0144stwowa Akademia Nauk Stosowanych","publisher":{"@id":"https:\/\/pans.krosno.pl\/pracownicy\/#organization"},"potentialAction":[{"@type":"SearchAction","target":{"@type":"EntryPoint","urlTemplate":"https:\/\/pans.krosno.pl\/pracownicy\/?s={search_term_string}"},"query-input":{"@type":"PropertyValueSpecification","valueRequired":true,"valueName":"search_term_string"}}],"inLanguage":"pl-PL"},{"@type":"Organization","@id":"https:\/\/pans.krosno.pl\/pracownicy\/#organization","name":"Pracownicy PANS w Kro\u015bnie","url":"https:\/\/pans.krosno.pl\/pracownicy\/","logo":{"@type":"ImageObject","inLanguage":"pl-PL","@id":"https:\/\/pans.krosno.pl\/pracownicy\/#\/schema\/logo\/image\/","url":"https:\/\/pans.krosno.pl\/pracownicy\/wp-content\/uploads\/sites\/41\/2023\/01\/Logo-PANS-2022-pelne.png","contentUrl":"https:\/\/pans.krosno.pl\/pracownicy\/wp-content\/uploads\/sites\/41\/2023\/01\/Logo-PANS-2022-pelne.png","width":3096,"height":696,"caption":"Pracownicy PANS w Kro\u015bnie"},"image":{"@id":"https:\/\/pans.krosno.pl\/pracownicy\/#\/schema\/logo\/image\/"}}]}},"_links":{"self":[{"href":"https:\/\/pans.krosno.pl\/pracownicy\/wp-json\/wp\/v2\/pages\/415","targetHints":{"allow":["GET"]}}],"collection":[{"href":"https:\/\/pans.krosno.pl\/pracownicy\/wp-json\/wp\/v2\/pages"}],"about":[{"href":"https:\/\/pans.krosno.pl\/pracownicy\/wp-json\/wp\/v2\/types\/page"}],"author":[{"embeddable":true,"href":"https:\/\/pans.krosno.pl\/pracownicy\/wp-json\/wp\/v2\/users\/36"}],"replies":[{"embeddable":true,"href":"https:\/\/pans.krosno.pl\/pracownicy\/wp-json\/wp\/v2\/comments?post=415"}],"version-history":[{"count":3,"href":"https:\/\/pans.krosno.pl\/pracownicy\/wp-json\/wp\/v2\/pages\/415\/revisions"}],"predecessor-version":[{"id":8190,"href":"https:\/\/pans.krosno.pl\/pracownicy\/wp-json\/wp\/v2\/pages\/415\/revisions\/8190"}],"up":[{"embeddable":true,"href":"https:\/\/pans.krosno.pl\/pracownicy\/wp-json\/wp\/v2\/pages\/405"}],"wp:attachment":[{"href":"https:\/\/pans.krosno.pl\/pracownicy\/wp-json\/wp\/v2\/media?parent=415"}],"curies":[{"name":"wp","href":"https:\/\/api.w.org\/{rel}","templated":true}]}}