{"id":4091,"date":"2020-04-23T10:08:06","date_gmt":"2020-04-23T08:08:06","guid":{"rendered":"https:\/\/pans.krosno.pl\/pracownicy\/?page_id=4091"},"modified":"2025-05-20T13:29:00","modified_gmt":"2025-05-20T11:29:00","slug":"kazimierz-sikora-najwazniejsze-nagrody-i-wyroznienia","status":"publish","type":"page","link":"https:\/\/pans.krosno.pl\/pracownicy\/kazimierz-sikora\/kazimierz-sikora-najwazniejsze-nagrody-i-wyroznienia\/","title":{"rendered":"prof. dr hab. Kazimierz Sikora &#8211; Najwa\u017cniejsze nagrody i wyr\u00f3\u017cnienia"},"content":{"rendered":"<hr>\n<ul>\n<li>w 2014 r. &#8211; Srebrny Krzy\u017c Zas\u0142ugi,<\/li>\n<li>w 2017 r. &#8211; Nagroda im. Hugona Ko\u0142\u0142\u0105taja,<\/li>\n<li>w 2016 r. &#8211; Medal Komisji Edukacji Narodowej,<\/li>\n<li>w okresie od 2001 r. do 2019 r. &#8211; Nagrody Rektora PWSZ w Kro\u015bnie.<\/li>\n<\/ul>\n<hr>\n<p>&nbsp;<\/p>\n","protected":false},"excerpt":{"rendered":"<p>w 2014 r. &#8211; Srebrny Krzy\u017c Zas\u0142ugi, w 2017 r. &#8211; Nagroda im. Hugona Ko\u0142\u0142\u0105taja, w 2016 r. &#8211; Medal Komisji Edukacji Narodowej, w okresie od 2001 r. do 2019 r. &#8211; Nagrody Rektora PWSZ w Kro\u015bnie. &nbsp;<\/p>\n","protected":false},"author":34,"featured_media":0,"parent":4038,"menu_order":0,"comment_status":"closed","ping_status":"closed","template":"","meta":{"ngg_post_thumbnail":0,"footnotes":""},"class_list":["post-4091","page","type-page","status-publish","hentry"],"yoast_head":"<!-- This site is optimized with the Yoast SEO Premium plugin v27.3 (Yoast SEO v27.3) - https:\/\/yoast.com\/product\/yoast-seo-premium-wordpress\/ -->\n<title>prof. dr hab. Kazimierz Sikora - Najwa\u017cniejsze nagrody i wyr\u00f3\u017cnienia - Pracownicy PANS w Kro\u015bnie<\/title>\n<meta name=\"robots\" content=\"index, follow, max-snippet:-1, max-image-preview:large, max-video-preview:-1\" \/>\n<link rel=\"canonical\" href=\"https:\/\/pans.krosno.pl\/pracownicy\/kazimierz-sikora\/kazimierz-sikora-najwazniejsze-nagrody-i-wyroznienia\/\" \/>\n<meta property=\"og:locale\" content=\"pl_PL\" \/>\n<meta property=\"og:type\" content=\"article\" \/>\n<meta property=\"og:title\" content=\"prof. dr hab. Kazimierz Sikora - Najwa\u017cniejsze nagrody i wyr\u00f3\u017cnienia\" \/>\n<meta property=\"og:description\" content=\"w 2014 r. &#8211; Srebrny Krzy\u017c Zas\u0142ugi, w 2017 r. &#8211; Nagroda im. Hugona Ko\u0142\u0142\u0105taja, w 2016 r. &#8211; Medal Komisji Edukacji Narodowej, w okresie od 2001 r. do 2019 r. &#8211; Nagrody Rektora PWSZ w Kro\u015bnie. &nbsp;\" \/>\n<meta property=\"og:url\" content=\"https:\/\/pans.krosno.pl\/pracownicy\/kazimierz-sikora\/kazimierz-sikora-najwazniejsze-nagrody-i-wyroznienia\/\" \/>\n<meta property=\"og:site_name\" content=\"Pracownicy PANS w Kro\u015bnie\" \/>\n<meta property=\"article:modified_time\" content=\"2025-05-20T11:29:00+00:00\" \/>\n<meta name=\"twitter:card\" content=\"summary_large_image\" \/>\n<meta name=\"twitter:label1\" content=\"Szacowany czas czytania\" \/>\n\t<meta name=\"twitter:data1\" content=\"1 minuta\" \/>\n<script type=\"application\/ld+json\" class=\"yoast-schema-graph\">{\"@context\":\"https:\\\/\\\/schema.org\",\"@graph\":[{\"@type\":\"WebPage\",\"@id\":\"https:\\\/\\\/pans.krosno.pl\\\/pracownicy\\\/kazimierz-sikora\\\/kazimierz-sikora-najwazniejsze-nagrody-i-wyroznienia\\\/\",\"url\":\"https:\\\/\\\/pans.krosno.pl\\\/pracownicy\\\/kazimierz-sikora\\\/kazimierz-sikora-najwazniejsze-nagrody-i-wyroznienia\\\/\",\"name\":\"prof. dr hab. Kazimierz Sikora - Najwa\u017cniejsze nagrody i wyr\u00f3\u017cnienia - Pracownicy PANS w Kro\u015bnie\",\"isPartOf\":{\"@id\":\"https:\\\/\\\/pans.krosno.pl\\\/pracownicy\\\/#website\"},\"datePublished\":\"2020-04-23T08:08:06+00:00\",\"dateModified\":\"2025-05-20T11:29:00+00:00\",\"breadcrumb\":{\"@id\":\"https:\\\/\\\/pans.krosno.pl\\\/pracownicy\\\/kazimierz-sikora\\\/kazimierz-sikora-najwazniejsze-nagrody-i-wyroznienia\\\/#breadcrumb\"},\"inLanguage\":\"pl-PL\",\"potentialAction\":[{\"@type\":\"ReadAction\",\"target\":[\"https:\\\/\\\/pans.krosno.pl\\\/pracownicy\\\/kazimierz-sikora\\\/kazimierz-sikora-najwazniejsze-nagrody-i-wyroznienia\\\/\"]}]},{\"@type\":\"BreadcrumbList\",\"@id\":\"https:\\\/\\\/pans.krosno.pl\\\/pracownicy\\\/kazimierz-sikora\\\/kazimierz-sikora-najwazniejsze-nagrody-i-wyroznienia\\\/#breadcrumb\",\"itemListElement\":[{\"@type\":\"ListItem\",\"position\":1,\"name\":\"Strona g\u0142\u00f3wna\",\"item\":\"https:\\\/\\\/pans.krosno.pl\\\/pracownicy\\\/\"},{\"@type\":\"ListItem\",\"position\":2,\"name\":\"prof. dr hab. Kazimierz Sikora\",\"item\":\"https:\\\/\\\/pans.krosno.pl\\\/pracownicy\\\/kazimierz-sikora\\\/\"},{\"@type\":\"ListItem\",\"position\":3,\"name\":\"prof. dr hab. Kazimierz Sikora &#8211; Najwa\u017cniejsze nagrody i wyr\u00f3\u017cnienia\"}]},{\"@type\":\"WebSite\",\"@id\":\"https:\\\/\\\/pans.krosno.pl\\\/pracownicy\\\/#website\",\"url\":\"https:\\\/\\\/pans.krosno.pl\\\/pracownicy\\\/\",\"name\":\"Pracownicy PANS w Kro\u015bnie\",\"description\":\"Pracownicy - Pa\u0144stwowa Akademia Nauk Stosowanych\",\"publisher\":{\"@id\":\"https:\\\/\\\/pans.krosno.pl\\\/pracownicy\\\/#organization\"},\"potentialAction\":[{\"@type\":\"SearchAction\",\"target\":{\"@type\":\"EntryPoint\",\"urlTemplate\":\"https:\\\/\\\/pans.krosno.pl\\\/pracownicy\\\/?s={search_term_string}\"},\"query-input\":{\"@type\":\"PropertyValueSpecification\",\"valueRequired\":true,\"valueName\":\"search_term_string\"}}],\"inLanguage\":\"pl-PL\"},{\"@type\":\"Organization\",\"@id\":\"https:\\\/\\\/pans.krosno.pl\\\/pracownicy\\\/#organization\",\"name\":\"Pracownicy PANS w Kro\u015bnie\",\"url\":\"https:\\\/\\\/pans.krosno.pl\\\/pracownicy\\\/\",\"logo\":{\"@type\":\"ImageObject\",\"inLanguage\":\"pl-PL\",\"@id\":\"https:\\\/\\\/pans.krosno.pl\\\/pracownicy\\\/#\\\/schema\\\/logo\\\/image\\\/\",\"url\":\"https:\\\/\\\/pans.krosno.pl\\\/pracownicy\\\/wp-content\\\/uploads\\\/sites\\\/41\\\/2023\\\/01\\\/Logo-PANS-2022-pelne.png\",\"contentUrl\":\"https:\\\/\\\/pans.krosno.pl\\\/pracownicy\\\/wp-content\\\/uploads\\\/sites\\\/41\\\/2023\\\/01\\\/Logo-PANS-2022-pelne.png\",\"width\":3096,\"height\":696,\"caption\":\"Pracownicy PANS w Kro\u015bnie\"},\"image\":{\"@id\":\"https:\\\/\\\/pans.krosno.pl\\\/pracownicy\\\/#\\\/schema\\\/logo\\\/image\\\/\"}}]}<\/script>\n<!-- \/ Yoast SEO Premium plugin. -->","yoast_head_json":{"title":"prof. dr hab. Kazimierz Sikora - Najwa\u017cniejsze nagrody i wyr\u00f3\u017cnienia - Pracownicy PANS w Kro\u015bnie","robots":{"index":"index","follow":"follow","max-snippet":"max-snippet:-1","max-image-preview":"max-image-preview:large","max-video-preview":"max-video-preview:-1"},"canonical":"https:\/\/pans.krosno.pl\/pracownicy\/kazimierz-sikora\/kazimierz-sikora-najwazniejsze-nagrody-i-wyroznienia\/","og_locale":"pl_PL","og_type":"article","og_title":"prof. dr hab. Kazimierz Sikora - Najwa\u017cniejsze nagrody i wyr\u00f3\u017cnienia","og_description":"w 2014 r. &#8211; Srebrny Krzy\u017c Zas\u0142ugi, w 2017 r. &#8211; Nagroda im. Hugona Ko\u0142\u0142\u0105taja, w 2016 r. &#8211; Medal Komisji Edukacji Narodowej, w okresie od 2001 r. do 2019 r. &#8211; Nagrody Rektora PWSZ w Kro\u015bnie. &nbsp;","og_url":"https:\/\/pans.krosno.pl\/pracownicy\/kazimierz-sikora\/kazimierz-sikora-najwazniejsze-nagrody-i-wyroznienia\/","og_site_name":"Pracownicy PANS w Kro\u015bnie","article_modified_time":"2025-05-20T11:29:00+00:00","twitter_card":"summary_large_image","twitter_misc":{"Szacowany czas czytania":"1 minuta"},"schema":{"@context":"https:\/\/schema.org","@graph":[{"@type":"WebPage","@id":"https:\/\/pans.krosno.pl\/pracownicy\/kazimierz-sikora\/kazimierz-sikora-najwazniejsze-nagrody-i-wyroznienia\/","url":"https:\/\/pans.krosno.pl\/pracownicy\/kazimierz-sikora\/kazimierz-sikora-najwazniejsze-nagrody-i-wyroznienia\/","name":"prof. dr hab. Kazimierz Sikora - Najwa\u017cniejsze nagrody i wyr\u00f3\u017cnienia - Pracownicy PANS w Kro\u015bnie","isPartOf":{"@id":"https:\/\/pans.krosno.pl\/pracownicy\/#website"},"datePublished":"2020-04-23T08:08:06+00:00","dateModified":"2025-05-20T11:29:00+00:00","breadcrumb":{"@id":"https:\/\/pans.krosno.pl\/pracownicy\/kazimierz-sikora\/kazimierz-sikora-najwazniejsze-nagrody-i-wyroznienia\/#breadcrumb"},"inLanguage":"pl-PL","potentialAction":[{"@type":"ReadAction","target":["https:\/\/pans.krosno.pl\/pracownicy\/kazimierz-sikora\/kazimierz-sikora-najwazniejsze-nagrody-i-wyroznienia\/"]}]},{"@type":"BreadcrumbList","@id":"https:\/\/pans.krosno.pl\/pracownicy\/kazimierz-sikora\/kazimierz-sikora-najwazniejsze-nagrody-i-wyroznienia\/#breadcrumb","itemListElement":[{"@type":"ListItem","position":1,"name":"Strona g\u0142\u00f3wna","item":"https:\/\/pans.krosno.pl\/pracownicy\/"},{"@type":"ListItem","position":2,"name":"prof. dr hab. Kazimierz Sikora","item":"https:\/\/pans.krosno.pl\/pracownicy\/kazimierz-sikora\/"},{"@type":"ListItem","position":3,"name":"prof. dr hab. Kazimierz Sikora &#8211; Najwa\u017cniejsze nagrody i wyr\u00f3\u017cnienia"}]},{"@type":"WebSite","@id":"https:\/\/pans.krosno.pl\/pracownicy\/#website","url":"https:\/\/pans.krosno.pl\/pracownicy\/","name":"Pracownicy PANS w Kro\u015bnie","description":"Pracownicy - Pa\u0144stwowa Akademia Nauk Stosowanych","publisher":{"@id":"https:\/\/pans.krosno.pl\/pracownicy\/#organization"},"potentialAction":[{"@type":"SearchAction","target":{"@type":"EntryPoint","urlTemplate":"https:\/\/pans.krosno.pl\/pracownicy\/?s={search_term_string}"},"query-input":{"@type":"PropertyValueSpecification","valueRequired":true,"valueName":"search_term_string"}}],"inLanguage":"pl-PL"},{"@type":"Organization","@id":"https:\/\/pans.krosno.pl\/pracownicy\/#organization","name":"Pracownicy PANS w Kro\u015bnie","url":"https:\/\/pans.krosno.pl\/pracownicy\/","logo":{"@type":"ImageObject","inLanguage":"pl-PL","@id":"https:\/\/pans.krosno.pl\/pracownicy\/#\/schema\/logo\/image\/","url":"https:\/\/pans.krosno.pl\/pracownicy\/wp-content\/uploads\/sites\/41\/2023\/01\/Logo-PANS-2022-pelne.png","contentUrl":"https:\/\/pans.krosno.pl\/pracownicy\/wp-content\/uploads\/sites\/41\/2023\/01\/Logo-PANS-2022-pelne.png","width":3096,"height":696,"caption":"Pracownicy PANS w Kro\u015bnie"},"image":{"@id":"https:\/\/pans.krosno.pl\/pracownicy\/#\/schema\/logo\/image\/"}}]}},"_links":{"self":[{"href":"https:\/\/pans.krosno.pl\/pracownicy\/wp-json\/wp\/v2\/pages\/4091","targetHints":{"allow":["GET"]}}],"collection":[{"href":"https:\/\/pans.krosno.pl\/pracownicy\/wp-json\/wp\/v2\/pages"}],"about":[{"href":"https:\/\/pans.krosno.pl\/pracownicy\/wp-json\/wp\/v2\/types\/page"}],"author":[{"embeddable":true,"href":"https:\/\/pans.krosno.pl\/pracownicy\/wp-json\/wp\/v2\/users\/34"}],"replies":[{"embeddable":true,"href":"https:\/\/pans.krosno.pl\/pracownicy\/wp-json\/wp\/v2\/comments?post=4091"}],"version-history":[{"count":8,"href":"https:\/\/pans.krosno.pl\/pracownicy\/wp-json\/wp\/v2\/pages\/4091\/revisions"}],"predecessor-version":[{"id":10940,"href":"https:\/\/pans.krosno.pl\/pracownicy\/wp-json\/wp\/v2\/pages\/4091\/revisions\/10940"}],"up":[{"embeddable":true,"href":"https:\/\/pans.krosno.pl\/pracownicy\/wp-json\/wp\/v2\/pages\/4038"}],"wp:attachment":[{"href":"https:\/\/pans.krosno.pl\/pracownicy\/wp-json\/wp\/v2\/media?parent=4091"}],"curies":[{"name":"wp","href":"https:\/\/api.w.org\/{rel}","templated":true}]}}