{"id":4087,"date":"2020-04-23T10:06:52","date_gmt":"2020-04-23T08:06:52","guid":{"rendered":"https:\/\/pans.krosno.pl\/pracownicy\/?page_id=4087"},"modified":"2025-05-20T13:28:49","modified_gmt":"2025-05-20T11:28:49","slug":"kazimierz-sikora-najwazniejsze-publikacje","status":"publish","type":"page","link":"https:\/\/pans.krosno.pl\/pracownicy\/kazimierz-sikora\/kazimierz-sikora-najwazniejsze-publikacje\/","title":{"rendered":"prof. dr hab. Kazimierz Sikora &#8211; Najwa\u017cniejsze publikacje"},"content":{"rendered":"<hr>\n<p><strong>Blisko 100 publikacji naukowych. Z najwa\u017cniejszych:<\/strong><\/p>\n<ul>\n<li>K. Sikora (wsp\u00f3\u0142aut.), S\u0142ownik wsp\u00f3\u0142czesnego j\u0119zyka polskiego, Warszawa 1996 (i 5 innych opracowa\u0144 leksykograficznych);<\/li>\n<li>K. Sikora, Grzeczno\u015b\u0107 j\u0119zykowa wsi. Cz. I, System adresatywny, Krak\u00f3w 2010.<\/li>\n<li>K. Sikora (wsp\u00f3\u0142aut.) Powiedziane po krakowsku. S\u0142ownik regionalizm\u00f3w krakowskich, pod red. D. Ochmann i R. Przybylskiej, Libron, Krak\u00f3w 2017, s. 364. [ISBN 978-83-65705-60-0].<\/li>\n<li>\u201eZ panem i kmieciem po \u015bwiecie\u201d \u2013 o tradycji i wsp\u00f3\u0142czesno\u015bci w zwracaniu si\u0119 do drugich, \u201eLingVaria\u201d VI, 2011, nr 2 (12), s. 79-88. (8 pkt);<\/li>\n<li>(wsp\u00f3\u0142autor: Kozio\u0142 W., Wojtowicz H., Wajs W.): A System for Visualization of the Polish Sign Language Gestures. Frontiers in Artificial Intelligence and Applications, ed. George A. Tsihrintzis, Maria Virvou, Toyohide Watanabe, Lakhmi C. Jain, Robert J. Howlett, vol. 254, p. 70-79, ISBN 978-1-61499-261-5 (print) | 978-1-61499-262-2 (online), 2013;<\/li>\n<li>&#8222;Gbury, dziwki, patole, zwyrole i \u0107woki&#8221;: o szczeg\u00f3lnej karierze quasi-gwarowych ekspresywizm\u00f3w w polszczy\u017anie, \u201eJ\u0119zyk Polski\u201d XCVI, 2016, nr. 3, s. 58-67. ISSN 0021-6941.;<\/li>\n<li>Status wulgarno\u015bci i potoczno\u015bci w dzisiejszym dyskursie publicznym i internetowym, [w:] Kultura komunikacji J\u0119zykowej 4. Kultura komunikacji w j\u0119zykach s\u0142owia\u0144skich \u2013 co nas \u0142\u0105czy, co r\u00f3\u017cni, co dziwi, Pozna\u0144skie spotkania j\u0119zykoznawcze t. 32, red. A. Piotrowicz, M. Witaszek-Samborska, K. Skibski, Wydawnictwo Pozna\u0144skiego Towarzystwa Przyjaci\u00f3\u0142 Nauk, Pozna\u0144 2016, s. 105-116.;<\/li>\n<li>Kazimierz Sikora, \u201e\u017bydy\u201d i \u201ePsy\u201d w stadionowym j\u0119zyku nienawi\u015bci, \u201eLingVaria\u201d R XIV (2019), nr 1 (27), s. 79\u201389. <a href=\"https:\/\/doi.org\/10.12797\/LV.14.2019.27.05\">https:\/\/doi.org\/10.12797\/LV.14.2019.27.05<\/a> wg punktacji MNiSW (40 pkt).<\/li>\n<\/ul>\n<hr>\n<p>&nbsp;<\/p>\n","protected":false},"excerpt":{"rendered":"<p>Blisko 100 publikacji naukowych. Z najwa\u017cniejszych: K. Sikora (wsp\u00f3\u0142aut.), S\u0142ownik wsp\u00f3\u0142czesnego j\u0119zyka polskiego, Warszawa 1996 (i 5 innych opracowa\u0144 leksykograficznych); K. Sikora, Grzeczno\u015b\u0107 j\u0119zykowa wsi. Cz. I, System adresatywny, Krak\u00f3w 2010. K. Sikora (wsp\u00f3\u0142aut.) Powiedziane po krakowsku. S\u0142ownik regionalizm\u00f3w krakowskich, pod red. D. Ochmann i R. Przybylskiej, Libron, Krak\u00f3w 2017, [\u2026] <\/p>\n<div class=\"clear\"><\/div>\n<p><a class=\"more_link clearfix\" href=\"https:\/\/pans.krosno.pl\/pracownicy\/kazimierz-sikora\/kazimierz-sikora-najwazniejsze-publikacje\/\" rel=\"nofollow\">Read More<\/a><\/p>\n","protected":false},"author":34,"featured_media":0,"parent":4038,"menu_order":0,"comment_status":"closed","ping_status":"closed","template":"","meta":{"ngg_post_thumbnail":0,"footnotes":""},"class_list":["post-4087","page","type-page","status-publish","hentry"],"yoast_head":"<!-- This site is optimized with the Yoast SEO Premium plugin v27.4 (Yoast SEO v27.4) - https:\/\/yoast.com\/product\/yoast-seo-premium-wordpress\/ -->\n<title>prof. dr hab. Kazimierz Sikora - Najwa\u017cniejsze publikacje - Pracownicy PANS w Kro\u015bnie<\/title>\n<meta name=\"robots\" content=\"index, follow, max-snippet:-1, max-image-preview:large, max-video-preview:-1\" \/>\n<link rel=\"canonical\" href=\"https:\/\/pans.krosno.pl\/pracownicy\/kazimierz-sikora\/kazimierz-sikora-najwazniejsze-publikacje\/\" \/>\n<meta property=\"og:locale\" content=\"pl_PL\" \/>\n<meta property=\"og:type\" content=\"article\" \/>\n<meta property=\"og:title\" content=\"prof. dr hab. Kazimierz Sikora - Najwa\u017cniejsze publikacje\" \/>\n<meta property=\"og:description\" content=\"Blisko 100 publikacji naukowych. Z najwa\u017cniejszych: K. Sikora (wsp\u00f3\u0142aut.), S\u0142ownik wsp\u00f3\u0142czesnego j\u0119zyka polskiego, Warszawa 1996 (i 5 innych opracowa\u0144 leksykograficznych); K. Sikora, Grzeczno\u015b\u0107 j\u0119zykowa wsi. Cz. I, System adresatywny, Krak\u00f3w 2010. K. Sikora (wsp\u00f3\u0142aut.) Powiedziane po krakowsku. S\u0142ownik regionalizm\u00f3w krakowskich, pod red. D. Ochmann i R. Przybylskiej, Libron, Krak\u00f3w 2017, [\u2026] Read More\" \/>\n<meta property=\"og:url\" content=\"https:\/\/pans.krosno.pl\/pracownicy\/kazimierz-sikora\/kazimierz-sikora-najwazniejsze-publikacje\/\" \/>\n<meta property=\"og:site_name\" content=\"Pracownicy PANS w Kro\u015bnie\" \/>\n<meta property=\"article:modified_time\" content=\"2025-05-20T11:28:49+00:00\" \/>\n<meta name=\"twitter:card\" content=\"summary_large_image\" \/>\n<meta name=\"twitter:label1\" content=\"Szacowany czas czytania\" \/>\n\t<meta name=\"twitter:data1\" content=\"2 minuty\" \/>\n<script type=\"application\/ld+json\" class=\"yoast-schema-graph\">{\"@context\":\"https:\\\/\\\/schema.org\",\"@graph\":[{\"@type\":\"WebPage\",\"@id\":\"https:\\\/\\\/pans.krosno.pl\\\/pracownicy\\\/kazimierz-sikora\\\/kazimierz-sikora-najwazniejsze-publikacje\\\/\",\"url\":\"https:\\\/\\\/pans.krosno.pl\\\/pracownicy\\\/kazimierz-sikora\\\/kazimierz-sikora-najwazniejsze-publikacje\\\/\",\"name\":\"prof. dr hab. Kazimierz Sikora - Najwa\u017cniejsze publikacje - Pracownicy PANS w Kro\u015bnie\",\"isPartOf\":{\"@id\":\"https:\\\/\\\/pans.krosno.pl\\\/pracownicy\\\/#website\"},\"datePublished\":\"2020-04-23T08:06:52+00:00\",\"dateModified\":\"2025-05-20T11:28:49+00:00\",\"breadcrumb\":{\"@id\":\"https:\\\/\\\/pans.krosno.pl\\\/pracownicy\\\/kazimierz-sikora\\\/kazimierz-sikora-najwazniejsze-publikacje\\\/#breadcrumb\"},\"inLanguage\":\"pl-PL\",\"potentialAction\":[{\"@type\":\"ReadAction\",\"target\":[\"https:\\\/\\\/pans.krosno.pl\\\/pracownicy\\\/kazimierz-sikora\\\/kazimierz-sikora-najwazniejsze-publikacje\\\/\"]}]},{\"@type\":\"BreadcrumbList\",\"@id\":\"https:\\\/\\\/pans.krosno.pl\\\/pracownicy\\\/kazimierz-sikora\\\/kazimierz-sikora-najwazniejsze-publikacje\\\/#breadcrumb\",\"itemListElement\":[{\"@type\":\"ListItem\",\"position\":1,\"name\":\"Strona g\u0142\u00f3wna\",\"item\":\"https:\\\/\\\/pans.krosno.pl\\\/pracownicy\\\/\"},{\"@type\":\"ListItem\",\"position\":2,\"name\":\"prof. dr hab. Kazimierz Sikora\",\"item\":\"https:\\\/\\\/pans.krosno.pl\\\/pracownicy\\\/kazimierz-sikora\\\/\"},{\"@type\":\"ListItem\",\"position\":3,\"name\":\"prof. dr hab. Kazimierz Sikora &#8211; Najwa\u017cniejsze publikacje\"}]},{\"@type\":\"WebSite\",\"@id\":\"https:\\\/\\\/pans.krosno.pl\\\/pracownicy\\\/#website\",\"url\":\"https:\\\/\\\/pans.krosno.pl\\\/pracownicy\\\/\",\"name\":\"Pracownicy PANS w Kro\u015bnie\",\"description\":\"Pracownicy - Pa\u0144stwowa Akademia Nauk Stosowanych\",\"publisher\":{\"@id\":\"https:\\\/\\\/pans.krosno.pl\\\/pracownicy\\\/#organization\"},\"potentialAction\":[{\"@type\":\"SearchAction\",\"target\":{\"@type\":\"EntryPoint\",\"urlTemplate\":\"https:\\\/\\\/pans.krosno.pl\\\/pracownicy\\\/?s={search_term_string}\"},\"query-input\":{\"@type\":\"PropertyValueSpecification\",\"valueRequired\":true,\"valueName\":\"search_term_string\"}}],\"inLanguage\":\"pl-PL\"},{\"@type\":\"Organization\",\"@id\":\"https:\\\/\\\/pans.krosno.pl\\\/pracownicy\\\/#organization\",\"name\":\"Pracownicy PANS w Kro\u015bnie\",\"url\":\"https:\\\/\\\/pans.krosno.pl\\\/pracownicy\\\/\",\"logo\":{\"@type\":\"ImageObject\",\"inLanguage\":\"pl-PL\",\"@id\":\"https:\\\/\\\/pans.krosno.pl\\\/pracownicy\\\/#\\\/schema\\\/logo\\\/image\\\/\",\"url\":\"https:\\\/\\\/pans.krosno.pl\\\/pracownicy\\\/wp-content\\\/uploads\\\/sites\\\/41\\\/2023\\\/01\\\/Logo-PANS-2022-pelne.png\",\"contentUrl\":\"https:\\\/\\\/pans.krosno.pl\\\/pracownicy\\\/wp-content\\\/uploads\\\/sites\\\/41\\\/2023\\\/01\\\/Logo-PANS-2022-pelne.png\",\"width\":3096,\"height\":696,\"caption\":\"Pracownicy PANS w Kro\u015bnie\"},\"image\":{\"@id\":\"https:\\\/\\\/pans.krosno.pl\\\/pracownicy\\\/#\\\/schema\\\/logo\\\/image\\\/\"}}]}<\/script>\n<!-- \/ Yoast SEO Premium plugin. -->","yoast_head_json":{"title":"prof. dr hab. Kazimierz Sikora - Najwa\u017cniejsze publikacje - Pracownicy PANS w Kro\u015bnie","robots":{"index":"index","follow":"follow","max-snippet":"max-snippet:-1","max-image-preview":"max-image-preview:large","max-video-preview":"max-video-preview:-1"},"canonical":"https:\/\/pans.krosno.pl\/pracownicy\/kazimierz-sikora\/kazimierz-sikora-najwazniejsze-publikacje\/","og_locale":"pl_PL","og_type":"article","og_title":"prof. dr hab. Kazimierz Sikora - Najwa\u017cniejsze publikacje","og_description":"Blisko 100 publikacji naukowych. Z najwa\u017cniejszych: K. Sikora (wsp\u00f3\u0142aut.), S\u0142ownik wsp\u00f3\u0142czesnego j\u0119zyka polskiego, Warszawa 1996 (i 5 innych opracowa\u0144 leksykograficznych); K. Sikora, Grzeczno\u015b\u0107 j\u0119zykowa wsi. Cz. I, System adresatywny, Krak\u00f3w 2010. K. Sikora (wsp\u00f3\u0142aut.) Powiedziane po krakowsku. S\u0142ownik regionalizm\u00f3w krakowskich, pod red. D. Ochmann i R. Przybylskiej, Libron, Krak\u00f3w 2017, [\u2026] Read More","og_url":"https:\/\/pans.krosno.pl\/pracownicy\/kazimierz-sikora\/kazimierz-sikora-najwazniejsze-publikacje\/","og_site_name":"Pracownicy PANS w Kro\u015bnie","article_modified_time":"2025-05-20T11:28:49+00:00","twitter_card":"summary_large_image","twitter_misc":{"Szacowany czas czytania":"2 minuty"},"schema":{"@context":"https:\/\/schema.org","@graph":[{"@type":"WebPage","@id":"https:\/\/pans.krosno.pl\/pracownicy\/kazimierz-sikora\/kazimierz-sikora-najwazniejsze-publikacje\/","url":"https:\/\/pans.krosno.pl\/pracownicy\/kazimierz-sikora\/kazimierz-sikora-najwazniejsze-publikacje\/","name":"prof. dr hab. Kazimierz Sikora - Najwa\u017cniejsze publikacje - Pracownicy PANS w Kro\u015bnie","isPartOf":{"@id":"https:\/\/pans.krosno.pl\/pracownicy\/#website"},"datePublished":"2020-04-23T08:06:52+00:00","dateModified":"2025-05-20T11:28:49+00:00","breadcrumb":{"@id":"https:\/\/pans.krosno.pl\/pracownicy\/kazimierz-sikora\/kazimierz-sikora-najwazniejsze-publikacje\/#breadcrumb"},"inLanguage":"pl-PL","potentialAction":[{"@type":"ReadAction","target":["https:\/\/pans.krosno.pl\/pracownicy\/kazimierz-sikora\/kazimierz-sikora-najwazniejsze-publikacje\/"]}]},{"@type":"BreadcrumbList","@id":"https:\/\/pans.krosno.pl\/pracownicy\/kazimierz-sikora\/kazimierz-sikora-najwazniejsze-publikacje\/#breadcrumb","itemListElement":[{"@type":"ListItem","position":1,"name":"Strona g\u0142\u00f3wna","item":"https:\/\/pans.krosno.pl\/pracownicy\/"},{"@type":"ListItem","position":2,"name":"prof. dr hab. Kazimierz Sikora","item":"https:\/\/pans.krosno.pl\/pracownicy\/kazimierz-sikora\/"},{"@type":"ListItem","position":3,"name":"prof. dr hab. Kazimierz Sikora &#8211; Najwa\u017cniejsze publikacje"}]},{"@type":"WebSite","@id":"https:\/\/pans.krosno.pl\/pracownicy\/#website","url":"https:\/\/pans.krosno.pl\/pracownicy\/","name":"Pracownicy PANS w Kro\u015bnie","description":"Pracownicy - Pa\u0144stwowa Akademia Nauk Stosowanych","publisher":{"@id":"https:\/\/pans.krosno.pl\/pracownicy\/#organization"},"potentialAction":[{"@type":"SearchAction","target":{"@type":"EntryPoint","urlTemplate":"https:\/\/pans.krosno.pl\/pracownicy\/?s={search_term_string}"},"query-input":{"@type":"PropertyValueSpecification","valueRequired":true,"valueName":"search_term_string"}}],"inLanguage":"pl-PL"},{"@type":"Organization","@id":"https:\/\/pans.krosno.pl\/pracownicy\/#organization","name":"Pracownicy PANS w Kro\u015bnie","url":"https:\/\/pans.krosno.pl\/pracownicy\/","logo":{"@type":"ImageObject","inLanguage":"pl-PL","@id":"https:\/\/pans.krosno.pl\/pracownicy\/#\/schema\/logo\/image\/","url":"https:\/\/pans.krosno.pl\/pracownicy\/wp-content\/uploads\/sites\/41\/2023\/01\/Logo-PANS-2022-pelne.png","contentUrl":"https:\/\/pans.krosno.pl\/pracownicy\/wp-content\/uploads\/sites\/41\/2023\/01\/Logo-PANS-2022-pelne.png","width":3096,"height":696,"caption":"Pracownicy PANS w Kro\u015bnie"},"image":{"@id":"https:\/\/pans.krosno.pl\/pracownicy\/#\/schema\/logo\/image\/"}}]}},"_links":{"self":[{"href":"https:\/\/pans.krosno.pl\/pracownicy\/wp-json\/wp\/v2\/pages\/4087","targetHints":{"allow":["GET"]}}],"collection":[{"href":"https:\/\/pans.krosno.pl\/pracownicy\/wp-json\/wp\/v2\/pages"}],"about":[{"href":"https:\/\/pans.krosno.pl\/pracownicy\/wp-json\/wp\/v2\/types\/page"}],"author":[{"embeddable":true,"href":"https:\/\/pans.krosno.pl\/pracownicy\/wp-json\/wp\/v2\/users\/34"}],"replies":[{"embeddable":true,"href":"https:\/\/pans.krosno.pl\/pracownicy\/wp-json\/wp\/v2\/comments?post=4087"}],"version-history":[{"count":9,"href":"https:\/\/pans.krosno.pl\/pracownicy\/wp-json\/wp\/v2\/pages\/4087\/revisions"}],"predecessor-version":[{"id":10939,"href":"https:\/\/pans.krosno.pl\/pracownicy\/wp-json\/wp\/v2\/pages\/4087\/revisions\/10939"}],"up":[{"embeddable":true,"href":"https:\/\/pans.krosno.pl\/pracownicy\/wp-json\/wp\/v2\/pages\/4038"}],"wp:attachment":[{"href":"https:\/\/pans.krosno.pl\/pracownicy\/wp-json\/wp\/v2\/media?parent=4087"}],"curies":[{"name":"wp","href":"https:\/\/api.w.org\/{rel}","templated":true}]}}