{"id":4038,"date":"2020-04-23T10:00:39","date_gmt":"2020-04-23T08:00:39","guid":{"rendered":"https:\/\/pans.krosno.pl\/pracownicy\/?page_id=4038"},"modified":"2025-02-18T14:55:47","modified_gmt":"2025-02-18T13:55:47","slug":"kazimierz-sikora","status":"publish","type":"page","link":"https:\/\/pans.krosno.pl\/pracownicy\/kazimierz-sikora\/","title":{"rendered":"prof. dr hab. Kazimierz Sikora"},"content":{"rendered":"\n<h3 class=\"wp-block-heading\" id=\"h-zaklad-studiow-dwujezykowych\">Zak\u0142ad Studi\u00f3w Dwuj\u0119zykowych<\/h3>\n\n\n\n<hr class=\"wp-block-separator has-css-opacity\" \/>\n\n\n<p>J\u0119zykoznawca i dialektolog, badacz j\u0119zyka i kultury polskiej wsi, popularyzator kultury j\u0119zyka i wiedzy o j\u0119zyku polskim. Jego zainteresowania naukowe i publikacje dotycz\u0105 g\u0142\u00f3wnie takich obszar\u00f3w badawczych, jak: dialektologia, etnolingwistyka, pragmatyka j\u0119zykowa i gramatyka grzeczno\u015bci, etykieta j\u0119zykowa, semantyka, leksykologia i leksykografia, stylistyka j\u0119zykoznawcza i kultura j\u0119zyka (agresja j\u0119zykowa, mowa nienawi\u015bci, emocjonalizacja i wulgaryzacja dyskursu publicznego); systemy komputerowe analizy i t\u0142umaczenia tekst\u00f3w j\u0119zyka migowego. Prowadzi zaj\u0119cia obejmuj\u0105ce szeroko rozumian\u0105 komunikacj\u0119, etykiet\u0119&nbsp; i kultur\u0119 j\u0119zyka (tak\u017ce w dyskursie internetowym). Ostatnio w&nbsp; jego dorobku najwi\u0119cej miejsca zajmuj\u0105 sprawy gwary i tradycyjnej kultury wsi. &nbsp;<\/p>\n\n\n<hr class=\"wp-block-separator has-css-opacity\" \/>\n\n\n\n<div class=\"wp-block-columns is-layout-flex wp-container-core-columns-is-layout-28f84493 wp-block-columns-is-layout-flex\">\n<div class=\"wp-block-column is-layout-flow wp-block-column-is-layout-flow\" style=\"flex-basis:22%\">\n<figure class=\"wp-block-image size-large\"><img loading=\"lazy\" decoding=\"async\" width=\"155\" height=\"155\" src=\"https:\/\/pans.krosno.pl\/pracownicy\/wp-content\/uploads\/sites\/41\/2020\/04\/Kazimierz_Sikora-zdj\u0119cie.jpg\" alt=\"\" class=\"wp-image-4039\" srcset=\"https:\/\/pans.krosno.pl\/pracownicy\/wp-content\/uploads\/sites\/41\/2020\/04\/Kazimierz_Sikora-zdj\u0119cie.jpg 155w, https:\/\/pans.krosno.pl\/pracownicy\/wp-content\/uploads\/sites\/41\/2020\/04\/Kazimierz_Sikora-zdj\u0119cie-150x150.jpg 150w\" sizes=\"auto, (max-width: 155px) 100vw, 155px\" \/><\/figure>\n\n\n\n<p><\/p>\n<\/div>\n\n\n\n<div class=\"wp-block-column is-layout-flow wp-block-column-is-layout-flow\" style=\"flex-basis:78%\">\n<ul class=\"wp-block-list\">\n<li><a href=\"https:\/\/pans.krosno.pl\/pracownicy\/kazimierz-sikora\/kazimierz-sikora-zyciorys-naukowy\/\">\u017byciorys naukowy <\/a><\/li>\n\n\n\n<li><a href=\"https:\/\/pans.krosno.pl\/pracownicy\/kazimierz-sikora\/kazimierz-sikora-doswiadczenie-pozauczelniane\/\">Do\u015bwiadczenie pozauczelniane<\/a><\/li>\n\n\n\n<li><a href=\"https:\/\/pans.krosno.pl\/pracownicy\/kazimierz-sikora\/kazimierz-sikora-najwazniejsze-publikacje\/\">Najwa\u017cniejsze publikacje<\/a><\/li>\n\n\n\n<li><a href=\"https:\/\/pans.krosno.pl\/pracownicy\/kazimierz-sikora\/kazimierz-sikora-najwazniejsze-nagrody-i-wyroznienia\/\">Najwa\u017cniejsze nagrody i wyr\u00f3\u017cnienia<\/a><\/li>\n<\/ul>\n\n\n\n<hr class=\"wp-block-separator has-css-opacity\" \/>\n\n\n\n<figure class=\"wp-block-table aligncenter is-style-stripes\"><table><tbody><tr><td class=\"has-text-align-left\" data-align=\"left\">Telefon: 13 43 7 55 40<\/td><\/tr><tr><td class=\"has-text-align-left\" data-align=\"left\">E-mail: <a href=\"mailto:kazimierz.sikora@pans.krosno.pl\">kazimierz.sikora@pans.krosno.pl<\/a><\/td><\/tr><tr><td class=\"has-text-align-left\" data-align=\"left\">Konsultacje: <a href=\"https:\/\/pans.krosno.pl\/dsdt\/dyzury-pracownikow\/\">Dy\u017cur pracownika<\/a><\/td><\/tr><\/tbody><\/table><\/figure>\n<\/div>\n<\/div>\n\n\n\n<hr class=\"wp-block-separator has-css-opacity\" \/>\n\n\n\n<p><\/p>\n","protected":false},"excerpt":{"rendered":"<p>Zak\u0142ad Studi\u00f3w Dwuj\u0119zykowych J\u0119zykoznawca i dialektolog, badacz j\u0119zyka i kultury polskiej wsi, popularyzator kultury j\u0119zyka i wiedzy o j\u0119zyku polskim. Jego zainteresowania naukowe i publikacje dotycz\u0105 g\u0142\u00f3wnie takich obszar\u00f3w badawczych, jak: dialektologia, etnolingwistyka, pragmatyka j\u0119zykowa i gramatyka grzeczno\u015bci, etykieta j\u0119zykowa, semantyka, leksykologia i leksykografia, stylistyka j\u0119zykoznawcza i kultura j\u0119zyka (agresja [\u2026] <\/p>\n<div class=\"clear\"><\/div>\n<p><a class=\"more_link clearfix\" href=\"https:\/\/pans.krosno.pl\/pracownicy\/kazimierz-sikora\/\" rel=\"nofollow\">Read More<\/a><\/p>\n","protected":false},"author":34,"featured_media":0,"parent":0,"menu_order":0,"comment_status":"closed","ping_status":"closed","template":"","meta":{"ngg_post_thumbnail":0,"footnotes":""},"class_list":["post-4038","page","type-page","status-publish","hentry"],"yoast_head":"<!-- This site is optimized with the Yoast SEO Premium plugin v27.3 (Yoast SEO v27.3) - https:\/\/yoast.com\/product\/yoast-seo-premium-wordpress\/ -->\n<title>prof. dr hab. Kazimierz Sikora - Pracownicy PANS w Kro\u015bnie<\/title>\n<meta name=\"robots\" content=\"index, follow, max-snippet:-1, max-image-preview:large, max-video-preview:-1\" \/>\n<link rel=\"canonical\" href=\"https:\/\/pans.krosno.pl\/pracownicy\/kazimierz-sikora\/\" \/>\n<meta property=\"og:locale\" content=\"pl_PL\" \/>\n<meta property=\"og:type\" content=\"article\" \/>\n<meta property=\"og:title\" content=\"prof. dr hab. Kazimierz Sikora\" \/>\n<meta property=\"og:description\" content=\"Zak\u0142ad Studi\u00f3w Dwuj\u0119zykowych J\u0119zykoznawca i dialektolog, badacz j\u0119zyka i kultury polskiej wsi, popularyzator kultury j\u0119zyka i wiedzy o j\u0119zyku polskim. Jego zainteresowania naukowe i publikacje dotycz\u0105 g\u0142\u00f3wnie takich obszar\u00f3w badawczych, jak: dialektologia, etnolingwistyka, pragmatyka j\u0119zykowa i gramatyka grzeczno\u015bci, etykieta j\u0119zykowa, semantyka, leksykologia i leksykografia, stylistyka j\u0119zykoznawcza i kultura j\u0119zyka (agresja [\u2026] Read More\" \/>\n<meta property=\"og:url\" content=\"https:\/\/pans.krosno.pl\/pracownicy\/kazimierz-sikora\/\" \/>\n<meta property=\"og:site_name\" content=\"Pracownicy PANS w Kro\u015bnie\" \/>\n<meta property=\"article:modified_time\" content=\"2025-02-18T13:55:47+00:00\" \/>\n<meta name=\"twitter:card\" content=\"summary_large_image\" \/>\n<meta name=\"twitter:label1\" content=\"Szacowany czas czytania\" \/>\n\t<meta name=\"twitter:data1\" content=\"1 minuta\" \/>\n<script type=\"application\/ld+json\" class=\"yoast-schema-graph\">{\"@context\":\"https:\\\/\\\/schema.org\",\"@graph\":[{\"@type\":\"WebPage\",\"@id\":\"https:\\\/\\\/pans.krosno.pl\\\/pracownicy\\\/kazimierz-sikora\\\/\",\"url\":\"https:\\\/\\\/pans.krosno.pl\\\/pracownicy\\\/kazimierz-sikora\\\/\",\"name\":\"prof. dr hab. Kazimierz Sikora - Pracownicy PANS w Kro\u015bnie\",\"isPartOf\":{\"@id\":\"https:\\\/\\\/pans.krosno.pl\\\/pracownicy\\\/#website\"},\"datePublished\":\"2020-04-23T08:00:39+00:00\",\"dateModified\":\"2025-02-18T13:55:47+00:00\",\"breadcrumb\":{\"@id\":\"https:\\\/\\\/pans.krosno.pl\\\/pracownicy\\\/kazimierz-sikora\\\/#breadcrumb\"},\"inLanguage\":\"pl-PL\",\"potentialAction\":[{\"@type\":\"ReadAction\",\"target\":[\"https:\\\/\\\/pans.krosno.pl\\\/pracownicy\\\/kazimierz-sikora\\\/\"]}]},{\"@type\":\"BreadcrumbList\",\"@id\":\"https:\\\/\\\/pans.krosno.pl\\\/pracownicy\\\/kazimierz-sikora\\\/#breadcrumb\",\"itemListElement\":[{\"@type\":\"ListItem\",\"position\":1,\"name\":\"Strona g\u0142\u00f3wna\",\"item\":\"https:\\\/\\\/pans.krosno.pl\\\/pracownicy\\\/\"},{\"@type\":\"ListItem\",\"position\":2,\"name\":\"prof. dr hab. Kazimierz Sikora\"}]},{\"@type\":\"WebSite\",\"@id\":\"https:\\\/\\\/pans.krosno.pl\\\/pracownicy\\\/#website\",\"url\":\"https:\\\/\\\/pans.krosno.pl\\\/pracownicy\\\/\",\"name\":\"Pracownicy PANS w Kro\u015bnie\",\"description\":\"Pracownicy - Pa\u0144stwowa Akademia Nauk Stosowanych\",\"publisher\":{\"@id\":\"https:\\\/\\\/pans.krosno.pl\\\/pracownicy\\\/#organization\"},\"potentialAction\":[{\"@type\":\"SearchAction\",\"target\":{\"@type\":\"EntryPoint\",\"urlTemplate\":\"https:\\\/\\\/pans.krosno.pl\\\/pracownicy\\\/?s={search_term_string}\"},\"query-input\":{\"@type\":\"PropertyValueSpecification\",\"valueRequired\":true,\"valueName\":\"search_term_string\"}}],\"inLanguage\":\"pl-PL\"},{\"@type\":\"Organization\",\"@id\":\"https:\\\/\\\/pans.krosno.pl\\\/pracownicy\\\/#organization\",\"name\":\"Pracownicy PANS w Kro\u015bnie\",\"url\":\"https:\\\/\\\/pans.krosno.pl\\\/pracownicy\\\/\",\"logo\":{\"@type\":\"ImageObject\",\"inLanguage\":\"pl-PL\",\"@id\":\"https:\\\/\\\/pans.krosno.pl\\\/pracownicy\\\/#\\\/schema\\\/logo\\\/image\\\/\",\"url\":\"https:\\\/\\\/pans.krosno.pl\\\/pracownicy\\\/wp-content\\\/uploads\\\/sites\\\/41\\\/2023\\\/01\\\/Logo-PANS-2022-pelne.png\",\"contentUrl\":\"https:\\\/\\\/pans.krosno.pl\\\/pracownicy\\\/wp-content\\\/uploads\\\/sites\\\/41\\\/2023\\\/01\\\/Logo-PANS-2022-pelne.png\",\"width\":3096,\"height\":696,\"caption\":\"Pracownicy PANS w Kro\u015bnie\"},\"image\":{\"@id\":\"https:\\\/\\\/pans.krosno.pl\\\/pracownicy\\\/#\\\/schema\\\/logo\\\/image\\\/\"}}]}<\/script>\n<!-- \/ Yoast SEO Premium plugin. -->","yoast_head_json":{"title":"prof. dr hab. Kazimierz Sikora - Pracownicy PANS w Kro\u015bnie","robots":{"index":"index","follow":"follow","max-snippet":"max-snippet:-1","max-image-preview":"max-image-preview:large","max-video-preview":"max-video-preview:-1"},"canonical":"https:\/\/pans.krosno.pl\/pracownicy\/kazimierz-sikora\/","og_locale":"pl_PL","og_type":"article","og_title":"prof. dr hab. Kazimierz Sikora","og_description":"Zak\u0142ad Studi\u00f3w Dwuj\u0119zykowych J\u0119zykoznawca i dialektolog, badacz j\u0119zyka i kultury polskiej wsi, popularyzator kultury j\u0119zyka i wiedzy o j\u0119zyku polskim. Jego zainteresowania naukowe i publikacje dotycz\u0105 g\u0142\u00f3wnie takich obszar\u00f3w badawczych, jak: dialektologia, etnolingwistyka, pragmatyka j\u0119zykowa i gramatyka grzeczno\u015bci, etykieta j\u0119zykowa, semantyka, leksykologia i leksykografia, stylistyka j\u0119zykoznawcza i kultura j\u0119zyka (agresja [\u2026] Read More","og_url":"https:\/\/pans.krosno.pl\/pracownicy\/kazimierz-sikora\/","og_site_name":"Pracownicy PANS w Kro\u015bnie","article_modified_time":"2025-02-18T13:55:47+00:00","twitter_card":"summary_large_image","twitter_misc":{"Szacowany czas czytania":"1 minuta"},"schema":{"@context":"https:\/\/schema.org","@graph":[{"@type":"WebPage","@id":"https:\/\/pans.krosno.pl\/pracownicy\/kazimierz-sikora\/","url":"https:\/\/pans.krosno.pl\/pracownicy\/kazimierz-sikora\/","name":"prof. dr hab. Kazimierz Sikora - Pracownicy PANS w Kro\u015bnie","isPartOf":{"@id":"https:\/\/pans.krosno.pl\/pracownicy\/#website"},"datePublished":"2020-04-23T08:00:39+00:00","dateModified":"2025-02-18T13:55:47+00:00","breadcrumb":{"@id":"https:\/\/pans.krosno.pl\/pracownicy\/kazimierz-sikora\/#breadcrumb"},"inLanguage":"pl-PL","potentialAction":[{"@type":"ReadAction","target":["https:\/\/pans.krosno.pl\/pracownicy\/kazimierz-sikora\/"]}]},{"@type":"BreadcrumbList","@id":"https:\/\/pans.krosno.pl\/pracownicy\/kazimierz-sikora\/#breadcrumb","itemListElement":[{"@type":"ListItem","position":1,"name":"Strona g\u0142\u00f3wna","item":"https:\/\/pans.krosno.pl\/pracownicy\/"},{"@type":"ListItem","position":2,"name":"prof. dr hab. Kazimierz Sikora"}]},{"@type":"WebSite","@id":"https:\/\/pans.krosno.pl\/pracownicy\/#website","url":"https:\/\/pans.krosno.pl\/pracownicy\/","name":"Pracownicy PANS w Kro\u015bnie","description":"Pracownicy - Pa\u0144stwowa Akademia Nauk Stosowanych","publisher":{"@id":"https:\/\/pans.krosno.pl\/pracownicy\/#organization"},"potentialAction":[{"@type":"SearchAction","target":{"@type":"EntryPoint","urlTemplate":"https:\/\/pans.krosno.pl\/pracownicy\/?s={search_term_string}"},"query-input":{"@type":"PropertyValueSpecification","valueRequired":true,"valueName":"search_term_string"}}],"inLanguage":"pl-PL"},{"@type":"Organization","@id":"https:\/\/pans.krosno.pl\/pracownicy\/#organization","name":"Pracownicy PANS w Kro\u015bnie","url":"https:\/\/pans.krosno.pl\/pracownicy\/","logo":{"@type":"ImageObject","inLanguage":"pl-PL","@id":"https:\/\/pans.krosno.pl\/pracownicy\/#\/schema\/logo\/image\/","url":"https:\/\/pans.krosno.pl\/pracownicy\/wp-content\/uploads\/sites\/41\/2023\/01\/Logo-PANS-2022-pelne.png","contentUrl":"https:\/\/pans.krosno.pl\/pracownicy\/wp-content\/uploads\/sites\/41\/2023\/01\/Logo-PANS-2022-pelne.png","width":3096,"height":696,"caption":"Pracownicy PANS w Kro\u015bnie"},"image":{"@id":"https:\/\/pans.krosno.pl\/pracownicy\/#\/schema\/logo\/image\/"}}]}},"_links":{"self":[{"href":"https:\/\/pans.krosno.pl\/pracownicy\/wp-json\/wp\/v2\/pages\/4038","targetHints":{"allow":["GET"]}}],"collection":[{"href":"https:\/\/pans.krosno.pl\/pracownicy\/wp-json\/wp\/v2\/pages"}],"about":[{"href":"https:\/\/pans.krosno.pl\/pracownicy\/wp-json\/wp\/v2\/types\/page"}],"author":[{"embeddable":true,"href":"https:\/\/pans.krosno.pl\/pracownicy\/wp-json\/wp\/v2\/users\/34"}],"replies":[{"embeddable":true,"href":"https:\/\/pans.krosno.pl\/pracownicy\/wp-json\/wp\/v2\/comments?post=4038"}],"version-history":[{"count":17,"href":"https:\/\/pans.krosno.pl\/pracownicy\/wp-json\/wp\/v2\/pages\/4038\/revisions"}],"predecessor-version":[{"id":10227,"href":"https:\/\/pans.krosno.pl\/pracownicy\/wp-json\/wp\/v2\/pages\/4038\/revisions\/10227"}],"wp:attachment":[{"href":"https:\/\/pans.krosno.pl\/pracownicy\/wp-json\/wp\/v2\/media?parent=4038"}],"curies":[{"name":"wp","href":"https:\/\/api.w.org\/{rel}","templated":true}]}}