{"id":4016,"date":"2020-04-23T08:58:58","date_gmt":"2020-04-23T06:58:58","guid":{"rendered":"https:\/\/pans.krosno.pl\/pracownicy\/?page_id=4016"},"modified":"2025-05-14T15:23:35","modified_gmt":"2025-05-14T13:23:35","slug":"elzbieta-kondratowicz-pietruszka-najwazniejsze-publikacje","status":"publish","type":"page","link":"https:\/\/pans.krosno.pl\/pracownicy\/elzbieta-kondratowicz-pietruszka\/elzbieta-kondratowicz-pietruszka-najwazniejsze-publikacje\/","title":{"rendered":"dr hab. in\u017c. El\u017cbieta Kondratowicz-Pietruszka, prof. PANS &#8211; Najwa\u017cniejsze publikacje"},"content":{"rendered":"<hr>\n<ul>\n<li>Jest autorem i wsp\u00f3\u0142autorem: 5 skrypt\u00f3w i oko\u0142o 200 publikacji naukowych.<\/li>\n<\/ul>\n<p><strong>Artyku\u0142y naukowe w wydawnictwach krajowych i zagranicznych, w tym m.in.:<\/strong><\/p>\n<ol>\n<li>El\u017cbieta Kondratowicz-Pietruszka, Lidia Ostasz, Kinga Tataruch, Ma\u0142gorzata Kucia, Influence of Cooking Conditions of Frying Fats on Their Autoxidation Dynamics, Towaroznawcze Problemy Jako\u015bci, 2019, nr 1 (58), s. 44-56.<\/li>\n<li>El\u017cbieta Kondratowicz-Pietruszka, Lidia Ostasz, Kinga Tataruch, The Dynamics of Oxidative Changes in Selected Fats During the Frying of French Fries, Acta Scientiarum Polonorum. Technologia Alimentaria, 2019, nr 18(3), s. 293-303.<\/li>\n<li>El\u017cbieta Kondratowicz-Pietruszka, Badania konsumenckie dotycz\u0105ce olej\u00f3w ro\u015blinnych oraz wp\u0142yw przypraw na jako\u015b\u0107 oleju s\u0142onecznikowego podczas przechowywania, Commodity Science in Research and Practice, Instytut Technologii Eksploatacji &#8211; Pa\u0144stwowy Instytut Badawczy, Radom, 2019, s. 118-131.<\/li>\n<li>El\u017cbieta Kondratowicz-Pietruszka, Lidia Ostasz, Joanna Grobelny, The Effect of Packaging Material Type on the Oxidation Stability of Fatty Emulsions, Commodity Science in Research and Practice, Instytut Technologii Eksploatacji &#8211; Pa\u0144stwowy Instytut Badawczy, Radom, 2019, s. 104-114.<\/li>\n<li>Gastol M., El\u017cbieta Kondratowicz-Pietruszka, Oil From Seeds of Various Grape Cultivars Grown in Southern Poland and Its Antioxidant Properties, Engineering for Rural Development, 17th International Scientific Conference Engineering for Rural Development, Jelgava, LV 2018, vol. 17, s. 721-726.<\/li>\n<li>El\u017cbieta Kondratowicz-Pietruszka, Mateusz Maca\u0142ka, Aspekt ekonomiczny zakupu konserw rybnych, General Quality Problems, Monografia Mazowieckiego Oddzia\u0142u Polskiego Towarzystwa Towaroznawczego, nr 10, Inst.Technologii Eksploatacji &#8211; Pa\u0144stwowy Instytut Badawczy, Radom, 2018, s. 165-174.<\/li>\n<li>El\u017cbieta Kondratowicz-Pietruszka, Charakterystyka podatno\u015bci na utlenianie wybranych olej\u00f3w orzechowych, Jako\u015b\u0107 i bezpiecze\u0144stwo \u017cywno\u015bci &#8211; analizy, trendy, wyzwania, Polskie Towarzystwo Towaroznawcze, Krak\u00f3w, 2017, s. 81-92.<\/li>\n<li>El\u017cbieta Kondratowicz-Pietruszka, Lidia Ostasz, Oxidation Changes in Argan Oil Caused by Heating and UV Irradiation, Towaroznawcze Problemy Jako\u015bci, 2017, nr 1 (50), s. 103-115.<\/li>\n<li>El\u017cbieta Kondratowicz-Pietruszka, Lidia Ostasz, Wp\u0142yw modelowych czynnik\u00f3w fizycznych na dynamik\u0119 przemian oksydacyjnych olej\u00f3w t\u0142oczonych na zimno, Zeszyty Naukowe Uniwersytetu Ekonomicznego w Krakowie, 2017, nr 7 (967), s. 33-51.<\/li>\n<li>Mateusz Maca\u0142ka, El\u017cbieta Kondratowicz-Pietruszka, Preferencje konsumenckie w zakresie spo\u017cywania produkt\u00f3w rybnych, \u017bywno\u015b\u0107 dla przysz\u0142o\u015bci : Monografie &#8211; Uniwersytet Przyrodniczy we Wroc\u0142awiu, Wroc\u0142aw, 2017, s. 324-333.<\/li>\n<li>El\u017cbieta Kondratowicz-Pietruszka, Por\u00f3wnanie jako\u015bci wybranych przypraw na polskim rynku, \u017bywno\u015b\u0107 dla przysz\u0142o\u015bci \u017bywieniu, Monografie &#8211; Uniwersytet Przyrodniczy we Wroc\u0142awiu, Wroc\u0142aw, 2017, s. 68-78.<\/li>\n<li>El\u017cbieta Kondratowicz-Pietruszka, Mateusz Maca\u0142ka, Wp\u0142yw temperatury na dynamik\u0119 autooksydacji wybranych olej\u00f3w ro\u015blinnych, Jako\u015b\u0107 i bezpiecze\u0144stwo \u017cywno\u015bci &#8211; analizy, trendy, wyzwania, Polskie Towarzystwo Towaroznawcze, Krak\u00f3w, 2017, s. 68-80.<\/li>\n<li>El\u017cbieta Kondratowicz-Pietruszka, Lidia Ostasz, Kinga Tataruch, Ma\u0142gorzata Kucia, Analiza dynamiki zmian oksydacyjnych olej\u00f3w t\u0142oczonych na zimno w efekcie na\u015bwietlania UV i ogrzewania konwencjonalnego, Jako\u015b\u0107 i bezpiecze\u0144stwo \u017cywno\u015bci &#8211; analizy, trendy, wyzwania, Polskie Towarzystwo Towaroznawcze, Krak\u00f3w, 2017, s. 45-58.<\/li>\n<li>El\u017cbieta Kondratowicz-Pietruszka, Janina Bro\u0144czak, Katarzyna Madejska, Analiza informacji dotycz\u0105cych zawarto\u015bci sk\u0142adnik\u00f3w od\u017cywczych na opakowaniach margaryn, Jako\u015b\u0107 i bezpiecze\u0144stwo \u017cywno\u015bci &#8211; analizy, trendy, wyzwania, Polskie Towarzystwo Towaroznawcze, Krak\u00f3w, 2017, s. 33-44.<\/li>\n<li>Ma\u0142gorzata Kucia, El\u017cbieta Kondratowicz-Pietruszka, Analiza por\u00f3wnawcza preferencji konsument\u00f3w odno\u015bnie kosmetyk\u00f3w do k\u0105pieli i mycia cia\u0142a, Jako\u015b\u0107 kosmetyk\u00f3w i wyrob\u00f3w chemii gospodarczej, Polskie Towarzystwo Towaroznawcze, Krak\u00f3w, 2017, s. 196-209.<\/li>\n<li>El\u017cbieta Kondratowicz-Pietruszka, A Comparative Analysis of Certain Cold Pressed Nut and Seed Oils, Commodity Science in a Changing World : 20th IGWT Symposium: Proceedings Scientific Works, University of Economics, Varna, 2016, s. 688-695.<\/li>\n<li>El\u017cbieta Kondratowicz-Pietruszka,The Quality Determinants of Deep-Frozen Spinach (Spinacia oleracea L.), Food Quality Evaluation, Instytut Technologii Eksploatacji &#8211; Pa\u0144stwowy Instytut Badawczy, Radom, 2016, s. 216-225.<\/li>\n<li>El\u017cbieta Kondratowicz-Pietruszka, Mateusz Maca\u0142ka, Dynamics of Milk Souring with Kefir Fungi, Food Quality Evaluation, Instytut Technologii Eksploatacji &#8211; Pa\u0144stwowy Instytut Badawczy, Radom, 2016, s. 129-138.<\/li>\n<li>Agnieszka Wojtanowska-Kro\u015bniak, Renata Francik, El\u017cbieta Kondratowicz-Pietruszka, Maria Buczek, Pawe\u0142 Zagrodzki, Miros\u0142aw Kro\u015bniak, Zawarto\u015b\u0107 t\u0142uszczu oraz sk\u0142ad kwas\u00f3w t\u0142uszczowych pozyskanych z r\u00f3\u017cnych odmian rokitnika uprawianych w po\u0142udniowej Polsce, Bromatologia i Chemia Toksykologiczna, 2016, t. 49 (XLIX), nr 3, s. 432-436.<\/li>\n<li>El\u017cbieta Kondratowicz-Pietruszka, Characteristics of Organic Farming Products &#8211; a Case Study of Oils, Food Product Quality and Packaging : Current State and Challenges : Monograph, University of Maribor, Faculty of Logistics, Celje, 2015, s. 54-63.<\/li>\n<li>El\u017cbieta Kondratowicz-Pietruszka, Surowce naturalne we wsp\u00f3\u0142czesnych kosmetykach a preferencje konsument\u00f3w, Ro\u015bliny zielarskie, kosmetyki naturalne i \u017cywno\u015b\u0107 funkcjonalna, PWSZ im. Stanis\u0142awa Pigonia, Krosno, 2015, , II Mi\u0119dzynarodowa Konferencja pt. &#8222;Ro\u015bliny zielarskie, kosmetyki naturalne i \u017cywno\u015b\u0107 funkcjonalna&#8221;, Krosno, s. 192-208.<\/li>\n<li>Joanna Bia\u0142ek, El\u017cbieta Kondratowicz-Pietruszka, Preferencje konsument\u00f3w w zakresie wyboru opakowa\u0144 do t\u0142uszcz\u00f3w ro\u015blinnych, Zeszyty Naukowe Akademii Morskiej w Gdyni, 2015, nr 88, s. 182-187.<\/li>\n<li>Agnieszka Satora, Renata Francik, El\u017cbieta Kondratowicz-Pietruszka, Maciej G\u0105sto\u0142, Miros\u0142aw Kro\u015bniak, Wydajno\u015b\u0107 i sk\u0142ad oleju pozyskanego z pestek winogron, Bromatologia i Chemia Toksykologiczna, 2015, t. 48 (XLVIII), nr 3, s. 518-521.<\/li>\n<li>Joanna Bia\u0142ek, El\u017cbieta Kondratowicz-Pietruszka, Preferencje konsument\u00f3w w zakresie wyboru opakowa\u0144 do t\u0142uszcz\u00f3w ro\u015blinnych, Zeszyty Naukowe Akademii Morskiej w Gdyni, 2015, nr 88, s. 182-187.<\/li>\n<\/ol>\n<hr>\n<p>&nbsp;<\/p>\n","protected":false},"excerpt":{"rendered":"<p>Jest autorem i wsp\u00f3\u0142autorem: 5 skrypt\u00f3w i oko\u0142o 200 publikacji naukowych. Artyku\u0142y naukowe w wydawnictwach krajowych i zagranicznych, w tym m.in.: El\u017cbieta Kondratowicz-Pietruszka, Lidia Ostasz, Kinga Tataruch, Ma\u0142gorzata Kucia, Influence of Cooking Conditions of Frying Fats on Their Autoxidation Dynamics, Towaroznawcze Problemy Jako\u015bci, 2019, nr 1 (58), s. 44-56. El\u017cbieta [\u2026] <\/p>\n<div class=\"clear\"><\/div>\n<p><a class=\"more_link clearfix\" href=\"https:\/\/pans.krosno.pl\/pracownicy\/elzbieta-kondratowicz-pietruszka\/elzbieta-kondratowicz-pietruszka-najwazniejsze-publikacje\/\" rel=\"nofollow\">Read More<\/a><\/p>\n","protected":false},"author":36,"featured_media":0,"parent":4004,"menu_order":0,"comment_status":"closed","ping_status":"closed","template":"","meta":{"ngg_post_thumbnail":0,"footnotes":""},"class_list":["post-4016","page","type-page","status-publish","hentry"],"yoast_head":"<!-- This site is optimized with the Yoast SEO Premium plugin v27.4 (Yoast SEO v27.4) - https:\/\/yoast.com\/product\/yoast-seo-premium-wordpress\/ -->\n<title>dr hab. in\u017c. El\u017cbieta Kondratowicz-Pietruszka, prof. PANS - Najwa\u017cniejsze publikacje - Pracownicy PANS w Kro\u015bnie<\/title>\n<meta name=\"robots\" content=\"index, follow, max-snippet:-1, max-image-preview:large, max-video-preview:-1\" \/>\n<link rel=\"canonical\" href=\"https:\/\/pans.krosno.pl\/pracownicy\/elzbieta-kondratowicz-pietruszka\/elzbieta-kondratowicz-pietruszka-najwazniejsze-publikacje\/\" \/>\n<meta property=\"og:locale\" content=\"pl_PL\" \/>\n<meta property=\"og:type\" content=\"article\" \/>\n<meta property=\"og:title\" content=\"dr hab. in\u017c. El\u017cbieta Kondratowicz-Pietruszka, prof. PANS - Najwa\u017cniejsze publikacje\" \/>\n<meta property=\"og:description\" content=\"Jest autorem i wsp\u00f3\u0142autorem: 5 skrypt\u00f3w i oko\u0142o 200 publikacji naukowych. Artyku\u0142y naukowe w wydawnictwach krajowych i zagranicznych, w tym m.in.: El\u017cbieta Kondratowicz-Pietruszka, Lidia Ostasz, Kinga Tataruch, Ma\u0142gorzata Kucia, Influence of Cooking Conditions of Frying Fats on Their Autoxidation Dynamics, Towaroznawcze Problemy Jako\u015bci, 2019, nr 1 (58), s. 44-56. El\u017cbieta [\u2026] Read More\" \/>\n<meta property=\"og:url\" content=\"https:\/\/pans.krosno.pl\/pracownicy\/elzbieta-kondratowicz-pietruszka\/elzbieta-kondratowicz-pietruszka-najwazniejsze-publikacje\/\" \/>\n<meta property=\"og:site_name\" content=\"Pracownicy PANS w Kro\u015bnie\" \/>\n<meta property=\"article:modified_time\" content=\"2025-05-14T13:23:35+00:00\" \/>\n<meta name=\"twitter:card\" content=\"summary_large_image\" \/>\n<meta name=\"twitter:label1\" content=\"Szacowany czas czytania\" \/>\n\t<meta name=\"twitter:data1\" content=\"5 minut\" \/>\n<script type=\"application\/ld+json\" class=\"yoast-schema-graph\">{\"@context\":\"https:\\\/\\\/schema.org\",\"@graph\":[{\"@type\":\"WebPage\",\"@id\":\"https:\\\/\\\/pans.krosno.pl\\\/pracownicy\\\/elzbieta-kondratowicz-pietruszka\\\/elzbieta-kondratowicz-pietruszka-najwazniejsze-publikacje\\\/\",\"url\":\"https:\\\/\\\/pans.krosno.pl\\\/pracownicy\\\/elzbieta-kondratowicz-pietruszka\\\/elzbieta-kondratowicz-pietruszka-najwazniejsze-publikacje\\\/\",\"name\":\"dr hab. in\u017c. El\u017cbieta Kondratowicz-Pietruszka, prof. PANS - Najwa\u017cniejsze publikacje - Pracownicy PANS w Kro\u015bnie\",\"isPartOf\":{\"@id\":\"https:\\\/\\\/pans.krosno.pl\\\/pracownicy\\\/#website\"},\"datePublished\":\"2020-04-23T06:58:58+00:00\",\"dateModified\":\"2025-05-14T13:23:35+00:00\",\"breadcrumb\":{\"@id\":\"https:\\\/\\\/pans.krosno.pl\\\/pracownicy\\\/elzbieta-kondratowicz-pietruszka\\\/elzbieta-kondratowicz-pietruszka-najwazniejsze-publikacje\\\/#breadcrumb\"},\"inLanguage\":\"pl-PL\",\"potentialAction\":[{\"@type\":\"ReadAction\",\"target\":[\"https:\\\/\\\/pans.krosno.pl\\\/pracownicy\\\/elzbieta-kondratowicz-pietruszka\\\/elzbieta-kondratowicz-pietruszka-najwazniejsze-publikacje\\\/\"]}]},{\"@type\":\"BreadcrumbList\",\"@id\":\"https:\\\/\\\/pans.krosno.pl\\\/pracownicy\\\/elzbieta-kondratowicz-pietruszka\\\/elzbieta-kondratowicz-pietruszka-najwazniejsze-publikacje\\\/#breadcrumb\",\"itemListElement\":[{\"@type\":\"ListItem\",\"position\":1,\"name\":\"Strona g\u0142\u00f3wna\",\"item\":\"https:\\\/\\\/pans.krosno.pl\\\/pracownicy\\\/\"},{\"@type\":\"ListItem\",\"position\":2,\"name\":\"dr hab. in\u017c. El\u017cbieta Kondratowicz-Pietruszka, prof. PANS\",\"item\":\"https:\\\/\\\/pans.krosno.pl\\\/pracownicy\\\/elzbieta-kondratowicz-pietruszka\\\/\"},{\"@type\":\"ListItem\",\"position\":3,\"name\":\"dr hab. in\u017c. El\u017cbieta Kondratowicz-Pietruszka, prof. PANS &#8211; Najwa\u017cniejsze publikacje\"}]},{\"@type\":\"WebSite\",\"@id\":\"https:\\\/\\\/pans.krosno.pl\\\/pracownicy\\\/#website\",\"url\":\"https:\\\/\\\/pans.krosno.pl\\\/pracownicy\\\/\",\"name\":\"Pracownicy PANS w Kro\u015bnie\",\"description\":\"Pracownicy - Pa\u0144stwowa Akademia Nauk Stosowanych\",\"publisher\":{\"@id\":\"https:\\\/\\\/pans.krosno.pl\\\/pracownicy\\\/#organization\"},\"potentialAction\":[{\"@type\":\"SearchAction\",\"target\":{\"@type\":\"EntryPoint\",\"urlTemplate\":\"https:\\\/\\\/pans.krosno.pl\\\/pracownicy\\\/?s={search_term_string}\"},\"query-input\":{\"@type\":\"PropertyValueSpecification\",\"valueRequired\":true,\"valueName\":\"search_term_string\"}}],\"inLanguage\":\"pl-PL\"},{\"@type\":\"Organization\",\"@id\":\"https:\\\/\\\/pans.krosno.pl\\\/pracownicy\\\/#organization\",\"name\":\"Pracownicy PANS w Kro\u015bnie\",\"url\":\"https:\\\/\\\/pans.krosno.pl\\\/pracownicy\\\/\",\"logo\":{\"@type\":\"ImageObject\",\"inLanguage\":\"pl-PL\",\"@id\":\"https:\\\/\\\/pans.krosno.pl\\\/pracownicy\\\/#\\\/schema\\\/logo\\\/image\\\/\",\"url\":\"https:\\\/\\\/pans.krosno.pl\\\/pracownicy\\\/wp-content\\\/uploads\\\/sites\\\/41\\\/2023\\\/01\\\/Logo-PANS-2022-pelne.png\",\"contentUrl\":\"https:\\\/\\\/pans.krosno.pl\\\/pracownicy\\\/wp-content\\\/uploads\\\/sites\\\/41\\\/2023\\\/01\\\/Logo-PANS-2022-pelne.png\",\"width\":3096,\"height\":696,\"caption\":\"Pracownicy PANS w Kro\u015bnie\"},\"image\":{\"@id\":\"https:\\\/\\\/pans.krosno.pl\\\/pracownicy\\\/#\\\/schema\\\/logo\\\/image\\\/\"}}]}<\/script>\n<!-- \/ Yoast SEO Premium plugin. -->","yoast_head_json":{"title":"dr hab. in\u017c. El\u017cbieta Kondratowicz-Pietruszka, prof. PANS - Najwa\u017cniejsze publikacje - Pracownicy PANS w Kro\u015bnie","robots":{"index":"index","follow":"follow","max-snippet":"max-snippet:-1","max-image-preview":"max-image-preview:large","max-video-preview":"max-video-preview:-1"},"canonical":"https:\/\/pans.krosno.pl\/pracownicy\/elzbieta-kondratowicz-pietruszka\/elzbieta-kondratowicz-pietruszka-najwazniejsze-publikacje\/","og_locale":"pl_PL","og_type":"article","og_title":"dr hab. in\u017c. El\u017cbieta Kondratowicz-Pietruszka, prof. PANS - Najwa\u017cniejsze publikacje","og_description":"Jest autorem i wsp\u00f3\u0142autorem: 5 skrypt\u00f3w i oko\u0142o 200 publikacji naukowych. Artyku\u0142y naukowe w wydawnictwach krajowych i zagranicznych, w tym m.in.: El\u017cbieta Kondratowicz-Pietruszka, Lidia Ostasz, Kinga Tataruch, Ma\u0142gorzata Kucia, Influence of Cooking Conditions of Frying Fats on Their Autoxidation Dynamics, Towaroznawcze Problemy Jako\u015bci, 2019, nr 1 (58), s. 44-56. El\u017cbieta [\u2026] Read More","og_url":"https:\/\/pans.krosno.pl\/pracownicy\/elzbieta-kondratowicz-pietruszka\/elzbieta-kondratowicz-pietruszka-najwazniejsze-publikacje\/","og_site_name":"Pracownicy PANS w Kro\u015bnie","article_modified_time":"2025-05-14T13:23:35+00:00","twitter_card":"summary_large_image","twitter_misc":{"Szacowany czas czytania":"5 minut"},"schema":{"@context":"https:\/\/schema.org","@graph":[{"@type":"WebPage","@id":"https:\/\/pans.krosno.pl\/pracownicy\/elzbieta-kondratowicz-pietruszka\/elzbieta-kondratowicz-pietruszka-najwazniejsze-publikacje\/","url":"https:\/\/pans.krosno.pl\/pracownicy\/elzbieta-kondratowicz-pietruszka\/elzbieta-kondratowicz-pietruszka-najwazniejsze-publikacje\/","name":"dr hab. in\u017c. El\u017cbieta Kondratowicz-Pietruszka, prof. PANS - Najwa\u017cniejsze publikacje - Pracownicy PANS w Kro\u015bnie","isPartOf":{"@id":"https:\/\/pans.krosno.pl\/pracownicy\/#website"},"datePublished":"2020-04-23T06:58:58+00:00","dateModified":"2025-05-14T13:23:35+00:00","breadcrumb":{"@id":"https:\/\/pans.krosno.pl\/pracownicy\/elzbieta-kondratowicz-pietruszka\/elzbieta-kondratowicz-pietruszka-najwazniejsze-publikacje\/#breadcrumb"},"inLanguage":"pl-PL","potentialAction":[{"@type":"ReadAction","target":["https:\/\/pans.krosno.pl\/pracownicy\/elzbieta-kondratowicz-pietruszka\/elzbieta-kondratowicz-pietruszka-najwazniejsze-publikacje\/"]}]},{"@type":"BreadcrumbList","@id":"https:\/\/pans.krosno.pl\/pracownicy\/elzbieta-kondratowicz-pietruszka\/elzbieta-kondratowicz-pietruszka-najwazniejsze-publikacje\/#breadcrumb","itemListElement":[{"@type":"ListItem","position":1,"name":"Strona g\u0142\u00f3wna","item":"https:\/\/pans.krosno.pl\/pracownicy\/"},{"@type":"ListItem","position":2,"name":"dr hab. in\u017c. El\u017cbieta Kondratowicz-Pietruszka, prof. PANS","item":"https:\/\/pans.krosno.pl\/pracownicy\/elzbieta-kondratowicz-pietruszka\/"},{"@type":"ListItem","position":3,"name":"dr hab. in\u017c. El\u017cbieta Kondratowicz-Pietruszka, prof. PANS &#8211; Najwa\u017cniejsze publikacje"}]},{"@type":"WebSite","@id":"https:\/\/pans.krosno.pl\/pracownicy\/#website","url":"https:\/\/pans.krosno.pl\/pracownicy\/","name":"Pracownicy PANS w Kro\u015bnie","description":"Pracownicy - Pa\u0144stwowa Akademia Nauk Stosowanych","publisher":{"@id":"https:\/\/pans.krosno.pl\/pracownicy\/#organization"},"potentialAction":[{"@type":"SearchAction","target":{"@type":"EntryPoint","urlTemplate":"https:\/\/pans.krosno.pl\/pracownicy\/?s={search_term_string}"},"query-input":{"@type":"PropertyValueSpecification","valueRequired":true,"valueName":"search_term_string"}}],"inLanguage":"pl-PL"},{"@type":"Organization","@id":"https:\/\/pans.krosno.pl\/pracownicy\/#organization","name":"Pracownicy PANS w Kro\u015bnie","url":"https:\/\/pans.krosno.pl\/pracownicy\/","logo":{"@type":"ImageObject","inLanguage":"pl-PL","@id":"https:\/\/pans.krosno.pl\/pracownicy\/#\/schema\/logo\/image\/","url":"https:\/\/pans.krosno.pl\/pracownicy\/wp-content\/uploads\/sites\/41\/2023\/01\/Logo-PANS-2022-pelne.png","contentUrl":"https:\/\/pans.krosno.pl\/pracownicy\/wp-content\/uploads\/sites\/41\/2023\/01\/Logo-PANS-2022-pelne.png","width":3096,"height":696,"caption":"Pracownicy PANS w Kro\u015bnie"},"image":{"@id":"https:\/\/pans.krosno.pl\/pracownicy\/#\/schema\/logo\/image\/"}}]}},"_links":{"self":[{"href":"https:\/\/pans.krosno.pl\/pracownicy\/wp-json\/wp\/v2\/pages\/4016","targetHints":{"allow":["GET"]}}],"collection":[{"href":"https:\/\/pans.krosno.pl\/pracownicy\/wp-json\/wp\/v2\/pages"}],"about":[{"href":"https:\/\/pans.krosno.pl\/pracownicy\/wp-json\/wp\/v2\/types\/page"}],"author":[{"embeddable":true,"href":"https:\/\/pans.krosno.pl\/pracownicy\/wp-json\/wp\/v2\/users\/36"}],"replies":[{"embeddable":true,"href":"https:\/\/pans.krosno.pl\/pracownicy\/wp-json\/wp\/v2\/comments?post=4016"}],"version-history":[{"count":6,"href":"https:\/\/pans.krosno.pl\/pracownicy\/wp-json\/wp\/v2\/pages\/4016\/revisions"}],"predecessor-version":[{"id":9395,"href":"https:\/\/pans.krosno.pl\/pracownicy\/wp-json\/wp\/v2\/pages\/4016\/revisions\/9395"}],"up":[{"embeddable":true,"href":"https:\/\/pans.krosno.pl\/pracownicy\/wp-json\/wp\/v2\/pages\/4004"}],"wp:attachment":[{"href":"https:\/\/pans.krosno.pl\/pracownicy\/wp-json\/wp\/v2\/media?parent=4016"}],"curies":[{"name":"wp","href":"https:\/\/api.w.org\/{rel}","templated":true}]}}