{"id":390,"date":"2020-03-27T17:26:28","date_gmt":"2020-03-27T16:26:28","guid":{"rendered":"https:\/\/pans.krosno.pl\/pracownicy\/?page_id=390"},"modified":"2025-11-18T15:01:08","modified_gmt":"2025-11-18T14:01:08","slug":"malgorzata-gorka-najwazniejsze-publikacje","status":"publish","type":"page","link":"https:\/\/pans.krosno.pl\/pracownicy\/malgorzata-gorka\/malgorzata-gorka-najwazniejsze-publikacje\/","title":{"rendered":"dr in\u017c. Ma\u0142gorzata G\u00f3rka &#8211; Najwa\u017cniejsze publikacje"},"content":{"rendered":"\n<p class=\"has-medium-font-size\"><strong>MONOGRAFIE NAUKOWE:<\/strong><\/p>\n\n\n\n<ol class=\"wp-block-list\">\n<li><strong>G\u00f3rka M., <\/strong>(pod red). 2024. WSP\u00d3\u0141CZESNE WYZWANIA MARKETINGU \u2013 WYBRANE ZAGADNIENIA. Wyd. Instytut Naukowo-Wydawniczy SPATIUM, Radom.<\/li>\n\n\n\n<li><strong>G\u00f3rka M<\/strong>., (pod red). (red.). 2021. DETERMINANTY I METODY ZARZ\u0104DZANIA JAKO\u015aCI\u0104. WYBRANE PROBLEMY. Monografia. Wyd. Instytucie Naukowo-Wydawniczym \u201eSPATIUM&#8221; sp. z o.o.\u00a0 w Radomiu.<\/li>\n\n\n\n<li><strong>G\u00f3rka M., <\/strong>Runowski H., (pod red). 2017. INNOWACYJNO\u015a\u0106 ROLNICZYCH SP\u00d3\u0141DZIELNI PRODUKCYJNYCH. Monografia autorska. Wyd. Szko\u0142a G\u0142\u00f3wna Gospodarstwa Wiejskiego, Warszawa.<\/li>\n<\/ol>\n\n\n\n<p class=\"has-medium-font-size\">Lista Publikacji<\/p>\n\n\n\n<ol start=\"1\" class=\"wp-block-list\">\n<li><strong>Charakterystyka wybranych strategii i narz\u0119dzi komunikacji marketingowej \u2013 studium przypadku marki produktowej.<\/strong> Pud\u0142o P., G\u00f3rka M., [w:] Wyzwania spo\u0142eczno-gospodarcze dla Polski w XXI wieku, pod red. K. Szajowskiej. Wydawnictwo Michalineum, Marki, 2025.<\/li>\n\n\n\n<li><strong>Wsp\u00f3\u0142czesne wyzwania marketingu \u2013 wybrane zagadnienia.<\/strong> red. M. G\u00f3rka, Instytut Naukowo-Wydawniczy &#8222;Spatium&#8221;, 2024, ISBN 978-83-68026-14-6<\/li>\n\n\n\n<li><strong>Improvement of quality managment system in the enterprise &#8211; case study.<\/strong> Zadoya A., G\u00f3rka M., Wo\u017aniak A., \u015alusarczyk B., Kasperkiewicz A., Humanities and Social Sciences, HSS, Reasearch Journal 31, No. 4 (2024), s. 261-271.<\/li>\n\n\n\n<li><strong>Komunikacja marketingowa z m\u0142odymi konsumentami na rynku \u017cywno\u015bciowym.<\/strong> K. Sondej, W. \u017barek, K. Pawlak, M. G\u00f3rka, B. \u015alusarczyk [w:] Wsp\u00f3\u0142czesne wyzwania marketingu \u2013 wybrane zagadnienia, red. M. G\u00f3rka, Instytut Naukowo-Wydawniczy &#8222;Spatium&#8221;, 2024, ISBN 978-83-68026-14-6<\/li>\n\n\n\n<li><strong>Media spo\u0142eczno\u015bciowe w komunikacji marketingowej przedsi\u0119biorstwa.<\/strong> M. G\u00f3rka, A. Janas, K. Bugaj\u0142a [w:] Wsp\u00f3\u0142czesne wyzwania marketingu \u2013 wybrane zagadnienia, red. M. G\u00f3rka, Instytut Naukowo-Wydawniczy &#8222;Spatium&#8221;, 2024, ISBN 978-83-68026-14-6<\/li>\n\n\n\n<li><strong>The impact of local wind and spatial conditions on geometry blade of wind turbine.<\/strong> A. Wo\u017aniak, A. Kluczek, P. \u017baga\u0144, B. \u015alusarczyk, M. G\u00f3rka, Energy Science&amp;Engineering, June 202412(7); DOI:10.1002\/ese3.1805<\/li>\n\n\n\n<li><strong>Wykorzystanie metod i narz\u0119dzi zarz\u0105dzania jako\u015bci\u0105 w przedsi\u0119biorstwie na przyk\u0142adzie firmy odzie\u017cowej.<\/strong> G\u00f3rka M., Economics and Organization of Logistics 2024, 9(3).<\/li>\n\n\n\n<li><strong>Projekt wdro\u017cenia metody 5S dla stanowiska pracy w przedsi\u0119biorstwie produkcyjnym.<\/strong> M. G\u00f3rka, P. Kubit. [w:] Kszta\u0142towanie jako\u015bci produkt\u00f3w i us\u0142ug we wsp\u00f3\u0142czesnej gospodarce redakcja naukowa. Red. nauk. Damian Dubis, Wydawnictwo SPATIUM, Radom, 2023, s. 31-47. ISBN 978-83-67033-82-84.<\/li>\n\n\n\n<li><strong>Doskonalenie systemu zarz\u0105dzania jako\u015bci\u0105 w przedsi\u0119biorstwie.<\/strong> M. G\u00f3rka, K. So\u0142ek, S. Januszek. [w:] Istota zarz\u0105dzania przedsi\u0119biorstwem. Red. naukowa Emilii \u017buchowskiej-Kotlarz, Wydawnictwo Akademii Handlowej Nauk Stosowanych w Radomiu, 2023. 978-83-62491-77-3.<\/li>\n\n\n\n<li><strong>Analiza stabilno\u015bci i zdolno\u015bci procesu wytw\u00f3rczego na przyk\u0142adzie przedsi\u0119biorstwa z bran\u017cy motoryzacyjnej.<\/strong> A. Wo\u017aniak, M. G\u00f3rka, B. \u015alusarczyk, M. Bara\u0144ska [w:] In\u017cynieria produkcji i jako\u015bci \u2013 obszary i kierunki rozwoju, Instytut Naukowo-Wydawniczy &#8222;Spatium&#8221;, 2022, ISBN 978-83-67033-8<\/li>\n\n\n\n<li><strong>Doskonalenie jako\u015bci i bezpiecze\u0144stwa pracy w przedsi\u0119biorstwie.<\/strong> A. Wo\u017aniak, N. Le\u015bniak, W. Paluch, M. G\u00f3rka, Szko\u0142a Logistyki 2022, Instytut Naukowo-Wydawniczy &#8222;Spatium&#8221;, 2022<\/li>\n\n\n\n<li><strong>The impact of renewable energy sources on the economic growth of Polans and Sweden considering COVID &#8211; 19 Times.<\/strong> A. Kluczek, P. \u017begle\u0144, A. Nizio\u0142, B. \u015alusarczyk, M. G\u00f3rka, Energies, 2022<\/li>\n\n\n\n<li><strong>Wp\u0142yw kapita\u0142u kreatywno\u015bci sektora M\u015aP wojew\u00f3dztwa podkarpackiego na ich innowacyjno\u015b\u0107.<\/strong> M. G\u00f3rka, K. So\u0142ek, B. \u015alusarczyk [w:] In\u017cynieria produkcji i jako\u015bci \u2013 obszary i kierunki rozwoju, Instytut Naukowo-Wydawniczy &#8222;Spatium&#8221;, 2022<\/li>\n\n\n\n<li><strong>Value based concept of project management on enterprises.<\/strong> \u015alusarczyk B., G\u00f3rka M., Wo\u017aniak A., 2022. Economics and Finance, Volume 10, Issue 1.<\/li>\n<\/ol>\n","protected":false},"excerpt":{"rendered":"<p>MONOGRAFIE NAUKOWE: Lista Publikacji<\/p>\n","protected":false},"author":36,"featured_media":0,"parent":385,"menu_order":0,"comment_status":"closed","ping_status":"closed","template":"","meta":{"ngg_post_thumbnail":0,"footnotes":""},"class_list":["post-390","page","type-page","status-publish","hentry"],"yoast_head":"<!-- This site is optimized with the Yoast SEO Premium plugin v27.4 (Yoast SEO v27.4) - https:\/\/yoast.com\/product\/yoast-seo-premium-wordpress\/ -->\n<title>dr in\u017c. Ma\u0142gorzata G\u00f3rka - Najwa\u017cniejsze publikacje - Pracownicy PANS w Kro\u015bnie<\/title>\n<meta name=\"robots\" content=\"index, follow, max-snippet:-1, max-image-preview:large, max-video-preview:-1\" \/>\n<link rel=\"canonical\" href=\"https:\/\/pans.krosno.pl\/pracownicy\/malgorzata-gorka\/malgorzata-gorka-najwazniejsze-publikacje\/\" \/>\n<meta property=\"og:locale\" content=\"pl_PL\" \/>\n<meta property=\"og:type\" content=\"article\" \/>\n<meta property=\"og:title\" content=\"dr in\u017c. Ma\u0142gorzata G\u00f3rka - Najwa\u017cniejsze publikacje\" \/>\n<meta property=\"og:description\" content=\"MONOGRAFIE NAUKOWE: Lista Publikacji\" \/>\n<meta property=\"og:url\" content=\"https:\/\/pans.krosno.pl\/pracownicy\/malgorzata-gorka\/malgorzata-gorka-najwazniejsze-publikacje\/\" \/>\n<meta property=\"og:site_name\" content=\"Pracownicy PANS w Kro\u015bnie\" \/>\n<meta property=\"article:modified_time\" content=\"2025-11-18T14:01:08+00:00\" \/>\n<meta name=\"twitter:card\" content=\"summary_large_image\" \/>\n<meta name=\"twitter:label1\" content=\"Szacowany czas czytania\" \/>\n\t<meta name=\"twitter:data1\" content=\"3 minuty\" \/>\n<script type=\"application\/ld+json\" class=\"yoast-schema-graph\">{\"@context\":\"https:\\\/\\\/schema.org\",\"@graph\":[{\"@type\":\"WebPage\",\"@id\":\"https:\\\/\\\/pans.krosno.pl\\\/pracownicy\\\/malgorzata-gorka\\\/malgorzata-gorka-najwazniejsze-publikacje\\\/\",\"url\":\"https:\\\/\\\/pans.krosno.pl\\\/pracownicy\\\/malgorzata-gorka\\\/malgorzata-gorka-najwazniejsze-publikacje\\\/\",\"name\":\"dr in\u017c. Ma\u0142gorzata G\u00f3rka - Najwa\u017cniejsze publikacje - Pracownicy PANS w Kro\u015bnie\",\"isPartOf\":{\"@id\":\"https:\\\/\\\/pans.krosno.pl\\\/pracownicy\\\/#website\"},\"datePublished\":\"2020-03-27T16:26:28+00:00\",\"dateModified\":\"2025-11-18T14:01:08+00:00\",\"breadcrumb\":{\"@id\":\"https:\\\/\\\/pans.krosno.pl\\\/pracownicy\\\/malgorzata-gorka\\\/malgorzata-gorka-najwazniejsze-publikacje\\\/#breadcrumb\"},\"inLanguage\":\"pl-PL\",\"potentialAction\":[{\"@type\":\"ReadAction\",\"target\":[\"https:\\\/\\\/pans.krosno.pl\\\/pracownicy\\\/malgorzata-gorka\\\/malgorzata-gorka-najwazniejsze-publikacje\\\/\"]}]},{\"@type\":\"BreadcrumbList\",\"@id\":\"https:\\\/\\\/pans.krosno.pl\\\/pracownicy\\\/malgorzata-gorka\\\/malgorzata-gorka-najwazniejsze-publikacje\\\/#breadcrumb\",\"itemListElement\":[{\"@type\":\"ListItem\",\"position\":1,\"name\":\"Strona g\u0142\u00f3wna\",\"item\":\"https:\\\/\\\/pans.krosno.pl\\\/pracownicy\\\/\"},{\"@type\":\"ListItem\",\"position\":2,\"name\":\"dr in\u017c. Ma\u0142gorzata G\u00f3rka\",\"item\":\"https:\\\/\\\/pans.krosno.pl\\\/pracownicy\\\/malgorzata-gorka\\\/\"},{\"@type\":\"ListItem\",\"position\":3,\"name\":\"dr in\u017c. Ma\u0142gorzata G\u00f3rka &#8211; Najwa\u017cniejsze publikacje\"}]},{\"@type\":\"WebSite\",\"@id\":\"https:\\\/\\\/pans.krosno.pl\\\/pracownicy\\\/#website\",\"url\":\"https:\\\/\\\/pans.krosno.pl\\\/pracownicy\\\/\",\"name\":\"Pracownicy PANS w Kro\u015bnie\",\"description\":\"Pracownicy - Pa\u0144stwowa Akademia Nauk Stosowanych\",\"publisher\":{\"@id\":\"https:\\\/\\\/pans.krosno.pl\\\/pracownicy\\\/#organization\"},\"potentialAction\":[{\"@type\":\"SearchAction\",\"target\":{\"@type\":\"EntryPoint\",\"urlTemplate\":\"https:\\\/\\\/pans.krosno.pl\\\/pracownicy\\\/?s={search_term_string}\"},\"query-input\":{\"@type\":\"PropertyValueSpecification\",\"valueRequired\":true,\"valueName\":\"search_term_string\"}}],\"inLanguage\":\"pl-PL\"},{\"@type\":\"Organization\",\"@id\":\"https:\\\/\\\/pans.krosno.pl\\\/pracownicy\\\/#organization\",\"name\":\"Pracownicy PANS w Kro\u015bnie\",\"url\":\"https:\\\/\\\/pans.krosno.pl\\\/pracownicy\\\/\",\"logo\":{\"@type\":\"ImageObject\",\"inLanguage\":\"pl-PL\",\"@id\":\"https:\\\/\\\/pans.krosno.pl\\\/pracownicy\\\/#\\\/schema\\\/logo\\\/image\\\/\",\"url\":\"https:\\\/\\\/pans.krosno.pl\\\/pracownicy\\\/wp-content\\\/uploads\\\/sites\\\/41\\\/2023\\\/01\\\/Logo-PANS-2022-pelne.png\",\"contentUrl\":\"https:\\\/\\\/pans.krosno.pl\\\/pracownicy\\\/wp-content\\\/uploads\\\/sites\\\/41\\\/2023\\\/01\\\/Logo-PANS-2022-pelne.png\",\"width\":3096,\"height\":696,\"caption\":\"Pracownicy PANS w Kro\u015bnie\"},\"image\":{\"@id\":\"https:\\\/\\\/pans.krosno.pl\\\/pracownicy\\\/#\\\/schema\\\/logo\\\/image\\\/\"}}]}<\/script>\n<!-- \/ Yoast SEO Premium plugin. -->","yoast_head_json":{"title":"dr in\u017c. Ma\u0142gorzata G\u00f3rka - Najwa\u017cniejsze publikacje - Pracownicy PANS w Kro\u015bnie","robots":{"index":"index","follow":"follow","max-snippet":"max-snippet:-1","max-image-preview":"max-image-preview:large","max-video-preview":"max-video-preview:-1"},"canonical":"https:\/\/pans.krosno.pl\/pracownicy\/malgorzata-gorka\/malgorzata-gorka-najwazniejsze-publikacje\/","og_locale":"pl_PL","og_type":"article","og_title":"dr in\u017c. Ma\u0142gorzata G\u00f3rka - Najwa\u017cniejsze publikacje","og_description":"MONOGRAFIE NAUKOWE: Lista Publikacji","og_url":"https:\/\/pans.krosno.pl\/pracownicy\/malgorzata-gorka\/malgorzata-gorka-najwazniejsze-publikacje\/","og_site_name":"Pracownicy PANS w Kro\u015bnie","article_modified_time":"2025-11-18T14:01:08+00:00","twitter_card":"summary_large_image","twitter_misc":{"Szacowany czas czytania":"3 minuty"},"schema":{"@context":"https:\/\/schema.org","@graph":[{"@type":"WebPage","@id":"https:\/\/pans.krosno.pl\/pracownicy\/malgorzata-gorka\/malgorzata-gorka-najwazniejsze-publikacje\/","url":"https:\/\/pans.krosno.pl\/pracownicy\/malgorzata-gorka\/malgorzata-gorka-najwazniejsze-publikacje\/","name":"dr in\u017c. Ma\u0142gorzata G\u00f3rka - Najwa\u017cniejsze publikacje - Pracownicy PANS w Kro\u015bnie","isPartOf":{"@id":"https:\/\/pans.krosno.pl\/pracownicy\/#website"},"datePublished":"2020-03-27T16:26:28+00:00","dateModified":"2025-11-18T14:01:08+00:00","breadcrumb":{"@id":"https:\/\/pans.krosno.pl\/pracownicy\/malgorzata-gorka\/malgorzata-gorka-najwazniejsze-publikacje\/#breadcrumb"},"inLanguage":"pl-PL","potentialAction":[{"@type":"ReadAction","target":["https:\/\/pans.krosno.pl\/pracownicy\/malgorzata-gorka\/malgorzata-gorka-najwazniejsze-publikacje\/"]}]},{"@type":"BreadcrumbList","@id":"https:\/\/pans.krosno.pl\/pracownicy\/malgorzata-gorka\/malgorzata-gorka-najwazniejsze-publikacje\/#breadcrumb","itemListElement":[{"@type":"ListItem","position":1,"name":"Strona g\u0142\u00f3wna","item":"https:\/\/pans.krosno.pl\/pracownicy\/"},{"@type":"ListItem","position":2,"name":"dr in\u017c. Ma\u0142gorzata G\u00f3rka","item":"https:\/\/pans.krosno.pl\/pracownicy\/malgorzata-gorka\/"},{"@type":"ListItem","position":3,"name":"dr in\u017c. Ma\u0142gorzata G\u00f3rka &#8211; Najwa\u017cniejsze publikacje"}]},{"@type":"WebSite","@id":"https:\/\/pans.krosno.pl\/pracownicy\/#website","url":"https:\/\/pans.krosno.pl\/pracownicy\/","name":"Pracownicy PANS w Kro\u015bnie","description":"Pracownicy - Pa\u0144stwowa Akademia Nauk Stosowanych","publisher":{"@id":"https:\/\/pans.krosno.pl\/pracownicy\/#organization"},"potentialAction":[{"@type":"SearchAction","target":{"@type":"EntryPoint","urlTemplate":"https:\/\/pans.krosno.pl\/pracownicy\/?s={search_term_string}"},"query-input":{"@type":"PropertyValueSpecification","valueRequired":true,"valueName":"search_term_string"}}],"inLanguage":"pl-PL"},{"@type":"Organization","@id":"https:\/\/pans.krosno.pl\/pracownicy\/#organization","name":"Pracownicy PANS w Kro\u015bnie","url":"https:\/\/pans.krosno.pl\/pracownicy\/","logo":{"@type":"ImageObject","inLanguage":"pl-PL","@id":"https:\/\/pans.krosno.pl\/pracownicy\/#\/schema\/logo\/image\/","url":"https:\/\/pans.krosno.pl\/pracownicy\/wp-content\/uploads\/sites\/41\/2023\/01\/Logo-PANS-2022-pelne.png","contentUrl":"https:\/\/pans.krosno.pl\/pracownicy\/wp-content\/uploads\/sites\/41\/2023\/01\/Logo-PANS-2022-pelne.png","width":3096,"height":696,"caption":"Pracownicy PANS w Kro\u015bnie"},"image":{"@id":"https:\/\/pans.krosno.pl\/pracownicy\/#\/schema\/logo\/image\/"}}]}},"_links":{"self":[{"href":"https:\/\/pans.krosno.pl\/pracownicy\/wp-json\/wp\/v2\/pages\/390","targetHints":{"allow":["GET"]}}],"collection":[{"href":"https:\/\/pans.krosno.pl\/pracownicy\/wp-json\/wp\/v2\/pages"}],"about":[{"href":"https:\/\/pans.krosno.pl\/pracownicy\/wp-json\/wp\/v2\/types\/page"}],"author":[{"embeddable":true,"href":"https:\/\/pans.krosno.pl\/pracownicy\/wp-json\/wp\/v2\/users\/36"}],"replies":[{"embeddable":true,"href":"https:\/\/pans.krosno.pl\/pracownicy\/wp-json\/wp\/v2\/comments?post=390"}],"version-history":[{"count":5,"href":"https:\/\/pans.krosno.pl\/pracownicy\/wp-json\/wp\/v2\/pages\/390\/revisions"}],"predecessor-version":[{"id":11583,"href":"https:\/\/pans.krosno.pl\/pracownicy\/wp-json\/wp\/v2\/pages\/390\/revisions\/11583"}],"up":[{"embeddable":true,"href":"https:\/\/pans.krosno.pl\/pracownicy\/wp-json\/wp\/v2\/pages\/385"}],"wp:attachment":[{"href":"https:\/\/pans.krosno.pl\/pracownicy\/wp-json\/wp\/v2\/media?parent=390"}],"curies":[{"name":"wp","href":"https:\/\/api.w.org\/{rel}","templated":true}]}}