{"id":388,"date":"2020-03-27T17:15:54","date_gmt":"2020-03-27T16:15:54","guid":{"rendered":"https:\/\/pans.krosno.pl\/pracownicy\/?page_id=388"},"modified":"2025-11-18T14:54:19","modified_gmt":"2025-11-18T13:54:19","slug":"malgorzata-gorka-zyciorys-naukowy","status":"publish","type":"page","link":"https:\/\/pans.krosno.pl\/pracownicy\/malgorzata-gorka\/malgorzata-gorka-zyciorys-naukowy\/","title":{"rendered":"dr in\u017c. Ma\u0142gorzata G\u00f3rka &#8211; \u017byciorys naukowy"},"content":{"rendered":"\n<p>Dr in\u017c. Ma\u0142gorzata G\u00f3rka jest nauczycielem akademickim i pracownikiem Zak\u0142adu Marketingu w Pa\u0144stwowej Akademii Nauk Stosowanych w Kro\u015bnie (dawniej: Pa\u0144stwowa Wy\u017csza Szko\u0142a Zawodowa im. Stanis\u0142awa Pigonia w Kro\u015bnie, Karpacka Pa\u0144stwowa Uczelnia), z kt\u00f3r\u0105 zwi\u0105zana jest zawodowo od pa\u017adziernika 2001 roku.<\/p>\n\n\n\n<p>W 2015 roku uzyska\u0142a stopie\u0144 doktora nauk ekonomicznych w zakresie ekonomii na Wydziale Nauk Ekonomicznych SGGW w Warszawie. Uko\u0144czy\u0142a tak\u017ce studia podyplomowe: \u201eZarz\u0105dzanie jako\u015bci\u0105 w przedsi\u0119biorstwie produkcyjnym\u201d (2020) oraz \u201eMarketing internetowy\u201d (2022) w Wy\u017cszej Szkole Informatyki i Zarz\u0105dzania w Rzeszowie.<\/p>\n\n\n\n<p>Dorobek naukowy obejmuje ponad 60 publikacji, w tym trzy monografie naukowe, a jej zainteresowania badawcze koncentruj\u0105 si\u0119 na ekonomice i innowacyjno\u015bci przedsi\u0119biorstw, przedsi\u0119biorczo\u015bci, zarz\u0105dzaniu jako\u015bci\u0105 oraz digital marketingu. Wyniki bada\u0144 prezentowa\u0142a podczas licznych konferencji krajowych i mi\u0119dzynarodowych.<\/p>\n\n\n\n<p>W ramach dzia\u0142alno\u015bci dydaktycznej prowadzi zaj\u0119cia z zakresu ekonomii, makro- i mikroekonomii, przedsi\u0119biorczo\u015bci, podstaw ekonometrii, sprawozdawczo\u015bci finansowej, ekonomiki i organizacji przedsi\u0119biorstw, innowacji w gospodarce \u017cywno\u015bciowej, plan\u00f3w bud\u017cetowych. Jest opiekunem Studenckiego Ko\u0142a Naukowego MEDIALNI.<\/p>\n\n\n\n<p>Prowadzi tak\u017ce zaj\u0119cia praktyczne z zakresu zak\u0142adania dzia\u0142alno\u015bci gospodarczej, opracowywania biznesplan\u00f3w oraz pozyskiwania finansowania, w tym funduszy europejskich na innowacje i projekty rozwojowe.<\/p>\n","protected":false},"excerpt":{"rendered":"<p>Dr in\u017c. Ma\u0142gorzata G\u00f3rka jest nauczycielem akademickim i pracownikiem Zak\u0142adu Marketingu w Pa\u0144stwowej Akademii Nauk Stosowanych w Kro\u015bnie (dawniej: Pa\u0144stwowa Wy\u017csza Szko\u0142a Zawodowa im. Stanis\u0142awa Pigonia w Kro\u015bnie, Karpacka Pa\u0144stwowa Uczelnia), z kt\u00f3r\u0105 zwi\u0105zana jest zawodowo od pa\u017adziernika 2001 roku. W 2015 roku uzyska\u0142a stopie\u0144 doktora nauk ekonomicznych w zakresie [\u2026] <\/p>\n<div class=\"clear\"><\/div>\n<p><a class=\"more_link clearfix\" href=\"https:\/\/pans.krosno.pl\/pracownicy\/malgorzata-gorka\/malgorzata-gorka-zyciorys-naukowy\/\" rel=\"nofollow\">Read More<\/a><\/p>\n","protected":false},"author":36,"featured_media":0,"parent":385,"menu_order":0,"comment_status":"closed","ping_status":"closed","template":"","meta":{"ngg_post_thumbnail":0,"footnotes":""},"class_list":["post-388","page","type-page","status-publish","hentry"],"yoast_head":"<!-- This site is optimized with the Yoast SEO Premium plugin v27.4 (Yoast SEO v27.4) - https:\/\/yoast.com\/product\/yoast-seo-premium-wordpress\/ -->\n<title>dr in\u017c. Ma\u0142gorzata G\u00f3rka - \u017byciorys naukowy - Pracownicy PANS w Kro\u015bnie<\/title>\n<meta name=\"robots\" content=\"index, follow, max-snippet:-1, max-image-preview:large, max-video-preview:-1\" \/>\n<link rel=\"canonical\" href=\"https:\/\/pans.krosno.pl\/pracownicy\/malgorzata-gorka\/malgorzata-gorka-zyciorys-naukowy\/\" \/>\n<meta property=\"og:locale\" content=\"pl_PL\" \/>\n<meta property=\"og:type\" content=\"article\" \/>\n<meta property=\"og:title\" content=\"dr in\u017c. Ma\u0142gorzata G\u00f3rka - \u017byciorys naukowy\" \/>\n<meta property=\"og:description\" content=\"Dr in\u017c. Ma\u0142gorzata G\u00f3rka jest nauczycielem akademickim i pracownikiem Zak\u0142adu Marketingu w Pa\u0144stwowej Akademii Nauk Stosowanych w Kro\u015bnie (dawniej: Pa\u0144stwowa Wy\u017csza Szko\u0142a Zawodowa im. Stanis\u0142awa Pigonia w Kro\u015bnie, Karpacka Pa\u0144stwowa Uczelnia), z kt\u00f3r\u0105 zwi\u0105zana jest zawodowo od pa\u017adziernika 2001 roku. W 2015 roku uzyska\u0142a stopie\u0144 doktora nauk ekonomicznych w zakresie [\u2026] Read More\" \/>\n<meta property=\"og:url\" content=\"https:\/\/pans.krosno.pl\/pracownicy\/malgorzata-gorka\/malgorzata-gorka-zyciorys-naukowy\/\" \/>\n<meta property=\"og:site_name\" content=\"Pracownicy PANS w Kro\u015bnie\" \/>\n<meta property=\"article:modified_time\" content=\"2025-11-18T13:54:19+00:00\" \/>\n<meta name=\"twitter:card\" content=\"summary_large_image\" \/>\n<meta name=\"twitter:label1\" content=\"Szacowany czas czytania\" \/>\n\t<meta name=\"twitter:data1\" content=\"3 minuty\" \/>\n<script type=\"application\/ld+json\" class=\"yoast-schema-graph\">{\"@context\":\"https:\\\/\\\/schema.org\",\"@graph\":[{\"@type\":\"WebPage\",\"@id\":\"https:\\\/\\\/pans.krosno.pl\\\/pracownicy\\\/malgorzata-gorka\\\/malgorzata-gorka-zyciorys-naukowy\\\/\",\"url\":\"https:\\\/\\\/pans.krosno.pl\\\/pracownicy\\\/malgorzata-gorka\\\/malgorzata-gorka-zyciorys-naukowy\\\/\",\"name\":\"dr in\u017c. Ma\u0142gorzata G\u00f3rka - \u017byciorys naukowy - Pracownicy PANS w Kro\u015bnie\",\"isPartOf\":{\"@id\":\"https:\\\/\\\/pans.krosno.pl\\\/pracownicy\\\/#website\"},\"datePublished\":\"2020-03-27T16:15:54+00:00\",\"dateModified\":\"2025-11-18T13:54:19+00:00\",\"breadcrumb\":{\"@id\":\"https:\\\/\\\/pans.krosno.pl\\\/pracownicy\\\/malgorzata-gorka\\\/malgorzata-gorka-zyciorys-naukowy\\\/#breadcrumb\"},\"inLanguage\":\"pl-PL\",\"potentialAction\":[{\"@type\":\"ReadAction\",\"target\":[\"https:\\\/\\\/pans.krosno.pl\\\/pracownicy\\\/malgorzata-gorka\\\/malgorzata-gorka-zyciorys-naukowy\\\/\"]}]},{\"@type\":\"BreadcrumbList\",\"@id\":\"https:\\\/\\\/pans.krosno.pl\\\/pracownicy\\\/malgorzata-gorka\\\/malgorzata-gorka-zyciorys-naukowy\\\/#breadcrumb\",\"itemListElement\":[{\"@type\":\"ListItem\",\"position\":1,\"name\":\"Strona g\u0142\u00f3wna\",\"item\":\"https:\\\/\\\/pans.krosno.pl\\\/pracownicy\\\/\"},{\"@type\":\"ListItem\",\"position\":2,\"name\":\"dr in\u017c. Ma\u0142gorzata G\u00f3rka\",\"item\":\"https:\\\/\\\/pans.krosno.pl\\\/pracownicy\\\/malgorzata-gorka\\\/\"},{\"@type\":\"ListItem\",\"position\":3,\"name\":\"dr in\u017c. Ma\u0142gorzata G\u00f3rka &#8211; \u017byciorys naukowy\"}]},{\"@type\":\"WebSite\",\"@id\":\"https:\\\/\\\/pans.krosno.pl\\\/pracownicy\\\/#website\",\"url\":\"https:\\\/\\\/pans.krosno.pl\\\/pracownicy\\\/\",\"name\":\"Pracownicy PANS w Kro\u015bnie\",\"description\":\"Pracownicy - Pa\u0144stwowa Akademia Nauk Stosowanych\",\"publisher\":{\"@id\":\"https:\\\/\\\/pans.krosno.pl\\\/pracownicy\\\/#organization\"},\"potentialAction\":[{\"@type\":\"SearchAction\",\"target\":{\"@type\":\"EntryPoint\",\"urlTemplate\":\"https:\\\/\\\/pans.krosno.pl\\\/pracownicy\\\/?s={search_term_string}\"},\"query-input\":{\"@type\":\"PropertyValueSpecification\",\"valueRequired\":true,\"valueName\":\"search_term_string\"}}],\"inLanguage\":\"pl-PL\"},{\"@type\":\"Organization\",\"@id\":\"https:\\\/\\\/pans.krosno.pl\\\/pracownicy\\\/#organization\",\"name\":\"Pracownicy PANS w Kro\u015bnie\",\"url\":\"https:\\\/\\\/pans.krosno.pl\\\/pracownicy\\\/\",\"logo\":{\"@type\":\"ImageObject\",\"inLanguage\":\"pl-PL\",\"@id\":\"https:\\\/\\\/pans.krosno.pl\\\/pracownicy\\\/#\\\/schema\\\/logo\\\/image\\\/\",\"url\":\"https:\\\/\\\/pans.krosno.pl\\\/pracownicy\\\/wp-content\\\/uploads\\\/sites\\\/41\\\/2023\\\/01\\\/Logo-PANS-2022-pelne.png\",\"contentUrl\":\"https:\\\/\\\/pans.krosno.pl\\\/pracownicy\\\/wp-content\\\/uploads\\\/sites\\\/41\\\/2023\\\/01\\\/Logo-PANS-2022-pelne.png\",\"width\":3096,\"height\":696,\"caption\":\"Pracownicy PANS w Kro\u015bnie\"},\"image\":{\"@id\":\"https:\\\/\\\/pans.krosno.pl\\\/pracownicy\\\/#\\\/schema\\\/logo\\\/image\\\/\"}}]}<\/script>\n<!-- \/ Yoast SEO Premium plugin. -->","yoast_head_json":{"title":"dr in\u017c. Ma\u0142gorzata G\u00f3rka - \u017byciorys naukowy - Pracownicy PANS w Kro\u015bnie","robots":{"index":"index","follow":"follow","max-snippet":"max-snippet:-1","max-image-preview":"max-image-preview:large","max-video-preview":"max-video-preview:-1"},"canonical":"https:\/\/pans.krosno.pl\/pracownicy\/malgorzata-gorka\/malgorzata-gorka-zyciorys-naukowy\/","og_locale":"pl_PL","og_type":"article","og_title":"dr in\u017c. Ma\u0142gorzata G\u00f3rka - \u017byciorys naukowy","og_description":"Dr in\u017c. Ma\u0142gorzata G\u00f3rka jest nauczycielem akademickim i pracownikiem Zak\u0142adu Marketingu w Pa\u0144stwowej Akademii Nauk Stosowanych w Kro\u015bnie (dawniej: Pa\u0144stwowa Wy\u017csza Szko\u0142a Zawodowa im. Stanis\u0142awa Pigonia w Kro\u015bnie, Karpacka Pa\u0144stwowa Uczelnia), z kt\u00f3r\u0105 zwi\u0105zana jest zawodowo od pa\u017adziernika 2001 roku. W 2015 roku uzyska\u0142a stopie\u0144 doktora nauk ekonomicznych w zakresie [\u2026] Read More","og_url":"https:\/\/pans.krosno.pl\/pracownicy\/malgorzata-gorka\/malgorzata-gorka-zyciorys-naukowy\/","og_site_name":"Pracownicy PANS w Kro\u015bnie","article_modified_time":"2025-11-18T13:54:19+00:00","twitter_card":"summary_large_image","twitter_misc":{"Szacowany czas czytania":"3 minuty"},"schema":{"@context":"https:\/\/schema.org","@graph":[{"@type":"WebPage","@id":"https:\/\/pans.krosno.pl\/pracownicy\/malgorzata-gorka\/malgorzata-gorka-zyciorys-naukowy\/","url":"https:\/\/pans.krosno.pl\/pracownicy\/malgorzata-gorka\/malgorzata-gorka-zyciorys-naukowy\/","name":"dr in\u017c. Ma\u0142gorzata G\u00f3rka - \u017byciorys naukowy - Pracownicy PANS w Kro\u015bnie","isPartOf":{"@id":"https:\/\/pans.krosno.pl\/pracownicy\/#website"},"datePublished":"2020-03-27T16:15:54+00:00","dateModified":"2025-11-18T13:54:19+00:00","breadcrumb":{"@id":"https:\/\/pans.krosno.pl\/pracownicy\/malgorzata-gorka\/malgorzata-gorka-zyciorys-naukowy\/#breadcrumb"},"inLanguage":"pl-PL","potentialAction":[{"@type":"ReadAction","target":["https:\/\/pans.krosno.pl\/pracownicy\/malgorzata-gorka\/malgorzata-gorka-zyciorys-naukowy\/"]}]},{"@type":"BreadcrumbList","@id":"https:\/\/pans.krosno.pl\/pracownicy\/malgorzata-gorka\/malgorzata-gorka-zyciorys-naukowy\/#breadcrumb","itemListElement":[{"@type":"ListItem","position":1,"name":"Strona g\u0142\u00f3wna","item":"https:\/\/pans.krosno.pl\/pracownicy\/"},{"@type":"ListItem","position":2,"name":"dr in\u017c. Ma\u0142gorzata G\u00f3rka","item":"https:\/\/pans.krosno.pl\/pracownicy\/malgorzata-gorka\/"},{"@type":"ListItem","position":3,"name":"dr in\u017c. Ma\u0142gorzata G\u00f3rka &#8211; \u017byciorys naukowy"}]},{"@type":"WebSite","@id":"https:\/\/pans.krosno.pl\/pracownicy\/#website","url":"https:\/\/pans.krosno.pl\/pracownicy\/","name":"Pracownicy PANS w Kro\u015bnie","description":"Pracownicy - Pa\u0144stwowa Akademia Nauk Stosowanych","publisher":{"@id":"https:\/\/pans.krosno.pl\/pracownicy\/#organization"},"potentialAction":[{"@type":"SearchAction","target":{"@type":"EntryPoint","urlTemplate":"https:\/\/pans.krosno.pl\/pracownicy\/?s={search_term_string}"},"query-input":{"@type":"PropertyValueSpecification","valueRequired":true,"valueName":"search_term_string"}}],"inLanguage":"pl-PL"},{"@type":"Organization","@id":"https:\/\/pans.krosno.pl\/pracownicy\/#organization","name":"Pracownicy PANS w Kro\u015bnie","url":"https:\/\/pans.krosno.pl\/pracownicy\/","logo":{"@type":"ImageObject","inLanguage":"pl-PL","@id":"https:\/\/pans.krosno.pl\/pracownicy\/#\/schema\/logo\/image\/","url":"https:\/\/pans.krosno.pl\/pracownicy\/wp-content\/uploads\/sites\/41\/2023\/01\/Logo-PANS-2022-pelne.png","contentUrl":"https:\/\/pans.krosno.pl\/pracownicy\/wp-content\/uploads\/sites\/41\/2023\/01\/Logo-PANS-2022-pelne.png","width":3096,"height":696,"caption":"Pracownicy PANS w Kro\u015bnie"},"image":{"@id":"https:\/\/pans.krosno.pl\/pracownicy\/#\/schema\/logo\/image\/"}}]}},"_links":{"self":[{"href":"https:\/\/pans.krosno.pl\/pracownicy\/wp-json\/wp\/v2\/pages\/388","targetHints":{"allow":["GET"]}}],"collection":[{"href":"https:\/\/pans.krosno.pl\/pracownicy\/wp-json\/wp\/v2\/pages"}],"about":[{"href":"https:\/\/pans.krosno.pl\/pracownicy\/wp-json\/wp\/v2\/types\/page"}],"author":[{"embeddable":true,"href":"https:\/\/pans.krosno.pl\/pracownicy\/wp-json\/wp\/v2\/users\/36"}],"replies":[{"embeddable":true,"href":"https:\/\/pans.krosno.pl\/pracownicy\/wp-json\/wp\/v2\/comments?post=388"}],"version-history":[{"count":12,"href":"https:\/\/pans.krosno.pl\/pracownicy\/wp-json\/wp\/v2\/pages\/388\/revisions"}],"predecessor-version":[{"id":11577,"href":"https:\/\/pans.krosno.pl\/pracownicy\/wp-json\/wp\/v2\/pages\/388\/revisions\/11577"}],"up":[{"embeddable":true,"href":"https:\/\/pans.krosno.pl\/pracownicy\/wp-json\/wp\/v2\/pages\/385"}],"wp:attachment":[{"href":"https:\/\/pans.krosno.pl\/pracownicy\/wp-json\/wp\/v2\/media?parent=388"}],"curies":[{"name":"wp","href":"https:\/\/api.w.org\/{rel}","templated":true}]}}