{"id":3872,"date":"2020-04-22T12:47:34","date_gmt":"2020-04-22T10:47:34","guid":{"rendered":"https:\/\/pans.krosno.pl\/pracownicy\/?page_id=3872"},"modified":"2025-05-20T14:05:45","modified_gmt":"2025-05-20T12:05:45","slug":"joanna-ziobro-zyciorys-naukowy","status":"publish","type":"page","link":"https:\/\/pans.krosno.pl\/pracownicy\/joanna-ziobro\/joanna-ziobro-zyciorys-naukowy\/","title":{"rendered":"dr Joanna Ziobro &#8211; \u017byciorys naukowy"},"content":{"rendered":"<hr>\n<p>Studiowa\u0142a w PWSZ w Kro\u015bnie, a nast\u0119pnie uko\u0144czy\u0142a studia na kierunku Filologia angielska na Uniwersytecie im. Adama Mickiewicza w Poznaniu oraz dwuletni kurs dla t\u0142umaczy konferencyjnych, obejmuj\u0105cy szkolenia w Parlamencie Europejskim, Komisji Europejskiej oraz DG Translation w Luksemburgu. Tytu\u0142 doktora w dyscyplinie j\u0119zykoznawstwa uzyska\u0142a w 2014 r.<\/p>\n<hr>\n<p>&nbsp;<\/p>\n","protected":false},"excerpt":{"rendered":"<p>Studiowa\u0142a w PWSZ w Kro\u015bnie, a nast\u0119pnie uko\u0144czy\u0142a studia na kierunku Filologia angielska na Uniwersytecie im. Adama Mickiewicza w Poznaniu oraz dwuletni kurs dla t\u0142umaczy konferencyjnych, obejmuj\u0105cy szkolenia w Parlamencie Europejskim, Komisji Europejskiej oraz DG Translation w Luksemburgu. Tytu\u0142 doktora w dyscyplinie j\u0119zykoznawstwa uzyska\u0142a w 2014 r. &nbsp;<\/p>\n","protected":false},"author":34,"featured_media":0,"parent":3870,"menu_order":0,"comment_status":"closed","ping_status":"closed","template":"","meta":{"ngg_post_thumbnail":0,"footnotes":""},"class_list":["post-3872","page","type-page","status-publish","hentry"],"yoast_head":"<!-- This site is optimized with the Yoast SEO Premium plugin v27.3 (Yoast SEO v27.3) - https:\/\/yoast.com\/product\/yoast-seo-premium-wordpress\/ -->\n<title>dr Joanna Ziobro - \u017byciorys naukowy - Pracownicy PANS w Kro\u015bnie<\/title>\n<meta name=\"robots\" content=\"index, follow, max-snippet:-1, max-image-preview:large, max-video-preview:-1\" \/>\n<link rel=\"canonical\" href=\"https:\/\/pans.krosno.pl\/pracownicy\/joanna-ziobro\/joanna-ziobro-zyciorys-naukowy\/\" \/>\n<meta property=\"og:locale\" content=\"pl_PL\" \/>\n<meta property=\"og:type\" content=\"article\" \/>\n<meta property=\"og:title\" content=\"dr Joanna Ziobro - \u017byciorys naukowy\" \/>\n<meta property=\"og:description\" content=\"Studiowa\u0142a w PWSZ w Kro\u015bnie, a nast\u0119pnie uko\u0144czy\u0142a studia na kierunku Filologia angielska na Uniwersytecie im. Adama Mickiewicza w Poznaniu oraz dwuletni kurs dla t\u0142umaczy konferencyjnych, obejmuj\u0105cy szkolenia w Parlamencie Europejskim, Komisji Europejskiej oraz DG Translation w Luksemburgu. Tytu\u0142 doktora w dyscyplinie j\u0119zykoznawstwa uzyska\u0142a w 2014 r. &nbsp;\" \/>\n<meta property=\"og:url\" content=\"https:\/\/pans.krosno.pl\/pracownicy\/joanna-ziobro\/joanna-ziobro-zyciorys-naukowy\/\" \/>\n<meta property=\"og:site_name\" content=\"Pracownicy PANS w Kro\u015bnie\" \/>\n<meta property=\"article:modified_time\" content=\"2025-05-20T12:05:45+00:00\" \/>\n<meta name=\"twitter:card\" content=\"summary_large_image\" \/>\n<meta name=\"twitter:label1\" content=\"Szacowany czas czytania\" \/>\n\t<meta name=\"twitter:data1\" content=\"1 minuta\" \/>\n<script type=\"application\/ld+json\" class=\"yoast-schema-graph\">{\"@context\":\"https:\\\/\\\/schema.org\",\"@graph\":[{\"@type\":\"WebPage\",\"@id\":\"https:\\\/\\\/pans.krosno.pl\\\/pracownicy\\\/joanna-ziobro\\\/joanna-ziobro-zyciorys-naukowy\\\/\",\"url\":\"https:\\\/\\\/pans.krosno.pl\\\/pracownicy\\\/joanna-ziobro\\\/joanna-ziobro-zyciorys-naukowy\\\/\",\"name\":\"dr Joanna Ziobro - \u017byciorys naukowy - Pracownicy PANS w Kro\u015bnie\",\"isPartOf\":{\"@id\":\"https:\\\/\\\/pans.krosno.pl\\\/pracownicy\\\/#website\"},\"datePublished\":\"2020-04-22T10:47:34+00:00\",\"dateModified\":\"2025-05-20T12:05:45+00:00\",\"breadcrumb\":{\"@id\":\"https:\\\/\\\/pans.krosno.pl\\\/pracownicy\\\/joanna-ziobro\\\/joanna-ziobro-zyciorys-naukowy\\\/#breadcrumb\"},\"inLanguage\":\"pl-PL\",\"potentialAction\":[{\"@type\":\"ReadAction\",\"target\":[\"https:\\\/\\\/pans.krosno.pl\\\/pracownicy\\\/joanna-ziobro\\\/joanna-ziobro-zyciorys-naukowy\\\/\"]}]},{\"@type\":\"BreadcrumbList\",\"@id\":\"https:\\\/\\\/pans.krosno.pl\\\/pracownicy\\\/joanna-ziobro\\\/joanna-ziobro-zyciorys-naukowy\\\/#breadcrumb\",\"itemListElement\":[{\"@type\":\"ListItem\",\"position\":1,\"name\":\"Strona g\u0142\u00f3wna\",\"item\":\"https:\\\/\\\/pans.krosno.pl\\\/pracownicy\\\/\"},{\"@type\":\"ListItem\",\"position\":2,\"name\":\"dr Joanna Ziobro\",\"item\":\"https:\\\/\\\/pans.krosno.pl\\\/pracownicy\\\/joanna-ziobro\\\/\"},{\"@type\":\"ListItem\",\"position\":3,\"name\":\"dr Joanna Ziobro &#8211; \u017byciorys naukowy\"}]},{\"@type\":\"WebSite\",\"@id\":\"https:\\\/\\\/pans.krosno.pl\\\/pracownicy\\\/#website\",\"url\":\"https:\\\/\\\/pans.krosno.pl\\\/pracownicy\\\/\",\"name\":\"Pracownicy PANS w Kro\u015bnie\",\"description\":\"Pracownicy - Pa\u0144stwowa Akademia Nauk Stosowanych\",\"publisher\":{\"@id\":\"https:\\\/\\\/pans.krosno.pl\\\/pracownicy\\\/#organization\"},\"potentialAction\":[{\"@type\":\"SearchAction\",\"target\":{\"@type\":\"EntryPoint\",\"urlTemplate\":\"https:\\\/\\\/pans.krosno.pl\\\/pracownicy\\\/?s={search_term_string}\"},\"query-input\":{\"@type\":\"PropertyValueSpecification\",\"valueRequired\":true,\"valueName\":\"search_term_string\"}}],\"inLanguage\":\"pl-PL\"},{\"@type\":\"Organization\",\"@id\":\"https:\\\/\\\/pans.krosno.pl\\\/pracownicy\\\/#organization\",\"name\":\"Pracownicy PANS w Kro\u015bnie\",\"url\":\"https:\\\/\\\/pans.krosno.pl\\\/pracownicy\\\/\",\"logo\":{\"@type\":\"ImageObject\",\"inLanguage\":\"pl-PL\",\"@id\":\"https:\\\/\\\/pans.krosno.pl\\\/pracownicy\\\/#\\\/schema\\\/logo\\\/image\\\/\",\"url\":\"https:\\\/\\\/pans.krosno.pl\\\/pracownicy\\\/wp-content\\\/uploads\\\/sites\\\/41\\\/2023\\\/01\\\/Logo-PANS-2022-pelne.png\",\"contentUrl\":\"https:\\\/\\\/pans.krosno.pl\\\/pracownicy\\\/wp-content\\\/uploads\\\/sites\\\/41\\\/2023\\\/01\\\/Logo-PANS-2022-pelne.png\",\"width\":3096,\"height\":696,\"caption\":\"Pracownicy PANS w Kro\u015bnie\"},\"image\":{\"@id\":\"https:\\\/\\\/pans.krosno.pl\\\/pracownicy\\\/#\\\/schema\\\/logo\\\/image\\\/\"}}]}<\/script>\n<!-- \/ Yoast SEO Premium plugin. -->","yoast_head_json":{"title":"dr Joanna Ziobro - \u017byciorys naukowy - Pracownicy PANS w Kro\u015bnie","robots":{"index":"index","follow":"follow","max-snippet":"max-snippet:-1","max-image-preview":"max-image-preview:large","max-video-preview":"max-video-preview:-1"},"canonical":"https:\/\/pans.krosno.pl\/pracownicy\/joanna-ziobro\/joanna-ziobro-zyciorys-naukowy\/","og_locale":"pl_PL","og_type":"article","og_title":"dr Joanna Ziobro - \u017byciorys naukowy","og_description":"Studiowa\u0142a w PWSZ w Kro\u015bnie, a nast\u0119pnie uko\u0144czy\u0142a studia na kierunku Filologia angielska na Uniwersytecie im. Adama Mickiewicza w Poznaniu oraz dwuletni kurs dla t\u0142umaczy konferencyjnych, obejmuj\u0105cy szkolenia w Parlamencie Europejskim, Komisji Europejskiej oraz DG Translation w Luksemburgu. Tytu\u0142 doktora w dyscyplinie j\u0119zykoznawstwa uzyska\u0142a w 2014 r. &nbsp;","og_url":"https:\/\/pans.krosno.pl\/pracownicy\/joanna-ziobro\/joanna-ziobro-zyciorys-naukowy\/","og_site_name":"Pracownicy PANS w Kro\u015bnie","article_modified_time":"2025-05-20T12:05:45+00:00","twitter_card":"summary_large_image","twitter_misc":{"Szacowany czas czytania":"1 minuta"},"schema":{"@context":"https:\/\/schema.org","@graph":[{"@type":"WebPage","@id":"https:\/\/pans.krosno.pl\/pracownicy\/joanna-ziobro\/joanna-ziobro-zyciorys-naukowy\/","url":"https:\/\/pans.krosno.pl\/pracownicy\/joanna-ziobro\/joanna-ziobro-zyciorys-naukowy\/","name":"dr Joanna Ziobro - \u017byciorys naukowy - Pracownicy PANS w Kro\u015bnie","isPartOf":{"@id":"https:\/\/pans.krosno.pl\/pracownicy\/#website"},"datePublished":"2020-04-22T10:47:34+00:00","dateModified":"2025-05-20T12:05:45+00:00","breadcrumb":{"@id":"https:\/\/pans.krosno.pl\/pracownicy\/joanna-ziobro\/joanna-ziobro-zyciorys-naukowy\/#breadcrumb"},"inLanguage":"pl-PL","potentialAction":[{"@type":"ReadAction","target":["https:\/\/pans.krosno.pl\/pracownicy\/joanna-ziobro\/joanna-ziobro-zyciorys-naukowy\/"]}]},{"@type":"BreadcrumbList","@id":"https:\/\/pans.krosno.pl\/pracownicy\/joanna-ziobro\/joanna-ziobro-zyciorys-naukowy\/#breadcrumb","itemListElement":[{"@type":"ListItem","position":1,"name":"Strona g\u0142\u00f3wna","item":"https:\/\/pans.krosno.pl\/pracownicy\/"},{"@type":"ListItem","position":2,"name":"dr Joanna Ziobro","item":"https:\/\/pans.krosno.pl\/pracownicy\/joanna-ziobro\/"},{"@type":"ListItem","position":3,"name":"dr Joanna Ziobro &#8211; \u017byciorys naukowy"}]},{"@type":"WebSite","@id":"https:\/\/pans.krosno.pl\/pracownicy\/#website","url":"https:\/\/pans.krosno.pl\/pracownicy\/","name":"Pracownicy PANS w Kro\u015bnie","description":"Pracownicy - Pa\u0144stwowa Akademia Nauk Stosowanych","publisher":{"@id":"https:\/\/pans.krosno.pl\/pracownicy\/#organization"},"potentialAction":[{"@type":"SearchAction","target":{"@type":"EntryPoint","urlTemplate":"https:\/\/pans.krosno.pl\/pracownicy\/?s={search_term_string}"},"query-input":{"@type":"PropertyValueSpecification","valueRequired":true,"valueName":"search_term_string"}}],"inLanguage":"pl-PL"},{"@type":"Organization","@id":"https:\/\/pans.krosno.pl\/pracownicy\/#organization","name":"Pracownicy PANS w Kro\u015bnie","url":"https:\/\/pans.krosno.pl\/pracownicy\/","logo":{"@type":"ImageObject","inLanguage":"pl-PL","@id":"https:\/\/pans.krosno.pl\/pracownicy\/#\/schema\/logo\/image\/","url":"https:\/\/pans.krosno.pl\/pracownicy\/wp-content\/uploads\/sites\/41\/2023\/01\/Logo-PANS-2022-pelne.png","contentUrl":"https:\/\/pans.krosno.pl\/pracownicy\/wp-content\/uploads\/sites\/41\/2023\/01\/Logo-PANS-2022-pelne.png","width":3096,"height":696,"caption":"Pracownicy PANS w Kro\u015bnie"},"image":{"@id":"https:\/\/pans.krosno.pl\/pracownicy\/#\/schema\/logo\/image\/"}}]}},"_links":{"self":[{"href":"https:\/\/pans.krosno.pl\/pracownicy\/wp-json\/wp\/v2\/pages\/3872","targetHints":{"allow":["GET"]}}],"collection":[{"href":"https:\/\/pans.krosno.pl\/pracownicy\/wp-json\/wp\/v2\/pages"}],"about":[{"href":"https:\/\/pans.krosno.pl\/pracownicy\/wp-json\/wp\/v2\/types\/page"}],"author":[{"embeddable":true,"href":"https:\/\/pans.krosno.pl\/pracownicy\/wp-json\/wp\/v2\/users\/34"}],"replies":[{"embeddable":true,"href":"https:\/\/pans.krosno.pl\/pracownicy\/wp-json\/wp\/v2\/comments?post=3872"}],"version-history":[{"count":7,"href":"https:\/\/pans.krosno.pl\/pracownicy\/wp-json\/wp\/v2\/pages\/3872\/revisions"}],"predecessor-version":[{"id":11088,"href":"https:\/\/pans.krosno.pl\/pracownicy\/wp-json\/wp\/v2\/pages\/3872\/revisions\/11088"}],"up":[{"embeddable":true,"href":"https:\/\/pans.krosno.pl\/pracownicy\/wp-json\/wp\/v2\/pages\/3870"}],"wp:attachment":[{"href":"https:\/\/pans.krosno.pl\/pracownicy\/wp-json\/wp\/v2\/media?parent=3872"}],"curies":[{"name":"wp","href":"https:\/\/api.w.org\/{rel}","templated":true}]}}