{"id":3660,"date":"2020-04-22T09:17:54","date_gmt":"2020-04-22T07:17:54","guid":{"rendered":"https:\/\/pans.krosno.pl\/pracownicy\/?page_id=3660"},"modified":"2025-05-19T11:43:59","modified_gmt":"2025-05-19T09:43:59","slug":"adam-nowakowski-najwazniejsze-publikacje","status":"publish","type":"page","link":"https:\/\/pans.krosno.pl\/pracownicy\/adam-nowakowski\/adam-nowakowski-najwazniejsze-publikacje\/","title":{"rendered":"dr Adam Nowakowski &#8211; Najwa\u017cniejsze publikacje"},"content":{"rendered":"<hr>\n<p><strong>Monografie<\/strong><\/p>\n<ul>\n<li>W Kraju Tysi\u0105ca Jezior. Obraz Finlandii w rosyjskiej literaturze podr\u00f3\u017cniczej (1809\u20131917). Krosno: Pa\u0144stwowa Wy\u017csza Szko\u0142a Zawodowa im. Stanis\u0142awa Pigonia (2018).<\/li>\n<\/ul>\n<p><strong>Wybrane redakcje<\/strong><\/p>\n<ul>\n<li>Wymiary powrotu w literaturze. M. Garbacik, P. Kawulok, A. Nowakowski, N. Palich, T. Surdykowski (red.), Krak\u00f3w: Libron.<br>2013 Ikoniczno\u015b\u0107 w literaturze, j\u0119zyku i przek\u0142adzie. E. Tabakowska, A. Nowakowski, N. Palich (red.), Krak\u00f3w: Wydawnictwo Uniwersytetu Jagiello\u0144skiego (2012).<\/li>\n<\/ul>\n<p><strong>Wybrane artyku\u0142y<\/strong><\/p>\n<ul>\n<li>\u201e\u017begnaj Suomi, witaj Rosjo!\u201d Tragiczno\u015b\u0107 powrotu w \u201eSalamandrze\u201d W\u0142adimira Odojewskiego, w: Wymiary powrotu w literaturze. M. Garbacik, P. Kawulok, A. Nowakowski, N. Palich, T. Surdykowski (red.), Krak\u00f3w: Libron, 39\u201345 (2012).<\/li>\n<li>Dlaczego ptaki si\u0119 poc\u0105, czyli antropomorfizacja w \u201eWykopie\u201d Andrieja P\u0142atonowa, w: Ikoniczno\u015b\u0107 w literaturze, j\u0119zyku i przek\u0142adzie. E. Tabakowska, A. Nowakowski, N. Palich (red.), Krak\u00f3w: Wydawnictwo Uniwersytetu Jagiello\u0144skiego, 163\u2013168 (2013).<\/li>\n<li>\u201eRozmowy z Anakreontem\u201d Michai\u0142a \u0141omonosowa jako manifest poety obywatelskiego. \u0179r\u00f3d\u0142a Humanistyki Europejskiej, t. 6: 164\u2013172.<br>2014 \u041e\u0431\u0440\u0430\u0437 \u0420\u043e\u0441\u0441\u0438\u0438 \u0432 \u043f\u043e\u043b\u044c\u0441\u043a\u0438\u0445 \u0430\u0432\u0442\u043e\u0440\u0438\u0442\u0435\u0442\u043d\u044b\u0445 \u043f\u0443\u0431\u043b\u0438\u0446\u0438\u0441\u0442\u0438\u0447\u0435\u0441\u043a\u0438\u0445 \u0435\u0436\u0435\u043d\u0435\u0434\u0435\u043b\u044c\u043d\u0438\u043a\u0430\u0445 \u00ab\u041f\u043e\u043b\u0438\u0442\u0438\u043a\u0430\u00bb \u0438 \u00ab\u0412 \u0441\u0435\u0442\u0438\u00bb. \u041f\u043e\u043b\u0438\u0442\u0438\u0447\u0435\u0441\u043a\u0430\u044f \u043b\u0438\u043d\u0433\u0432\u0438\u0441\u0442\u0438\u043a\u0430, 2(48): 164\u2013172 (2013).<\/li>\n<li>Palpatine \u2013 ucze\u0144 Niccolo Machiavellego? My\u015bl polityczna florenckiego filozofa w filmowej sadze \u201eGwiezdne Wojny\u201d, w: Mi\u0119dzy przymusem a akceptacj\u0105. Meandry w\u0142adzy w literaturze i kulturze popularnej, A. Gemra, K. Dominas (red.), Wroc\u0142aw: Pracownia Literatury i Kultury Popularnej oraz Nowych Medi\u00f3w, 129\u2013140 (2014).<br>2015 Tako rzecze Bane. Nadcz\u0142owiek w \u201eDrodze zag\u0142ady\u201d Drew Karpyshyna, w: J\u0119zyki (pop)kultury w literaturze, mediach i filmie, M. Kocot, K. Szafraniec (red.), \u0141\u00f3d\u017a: Wydawnictwo Uniwersytetu \u0141\u00f3dzkiego, 53\u201362.<\/li>\n<li>\u041e\u0431\u0440\u0430\u0437\u044b \u0424\u0438\u043d\u043b\u044f\u043d\u0434\u0438\u0438, \u0428\u0432\u0435\u0446\u0438\u0438 \u0438 \u0420\u043e\u0441\u0441\u0438\u0438 \u0432 \u043f\u043e\u0432\u0435\u0441\u0442\u0438 \u041d\u0435\u0441\u0442\u043e\u0440\u0430 \u041a\u0443\u043a\u043e\u043b\u044c\u043d\u0438\u043a\u0430 \u201e\u0415\u0433\u043e\u0440 \u0418\u0432\u0430\u043d\u043e\u0432\u0438\u0447 \u0421\u0438\u043b\u044c\u0432\u0430\u043d\u043e\u0432\u0441\u043a\u0438\u0439, \u0438\u043b\u0438 \u041f\u043e\u043a\u043e\u0440\u0435\u043d\u0438\u0435 \u0424\u0438\u043d\u043b\u044f\u043d\u0434\u0438\u0438 \u043f\u0440\u0438 \u041f\u0435\u0442\u0440\u0435 \u0412\u0435\u043b\u0438\u043a\u043e\u043c\u201d. Rocznik Przemyski. Literatura i J\u0119zyk, t. 52, z. 2 (20): 27\u201337 (2016).<\/li>\n<li>Natalia Dmitrijewna So\u0142\u017cenicyn. Zarys biograficzny. Studia Pigoniana, nr 1: 147\u2013161 (2018).<\/li>\n<li>Translating Jedi and Sith. Proper names in early translations of Star Wars novels to German, Polish and Russian. P\u00f3\u0142rocznik J\u0119zykoznawczy Tertium, nr 2: 56\u201379 (2018).<\/li>\n<li>Cultural Rights, in: International Human Rights, Social Policy and Global Development. Critical Perspectives, G. McCann, F. \u00d3 hAdhmaill (eds.), Bristol: University of Bristol and Policy Press, 117\u2013128 (2020).<\/li>\n<\/ul>\n<hr>\n<p>&nbsp;<\/p>\n\n\n<p><\/p>\n","protected":false},"excerpt":{"rendered":"<p>Monografie W Kraju Tysi\u0105ca Jezior. Obraz Finlandii w rosyjskiej literaturze podr\u00f3\u017cniczej (1809\u20131917). Krosno: Pa\u0144stwowa Wy\u017csza Szko\u0142a Zawodowa im. Stanis\u0142awa Pigonia (2018). Wybrane redakcje Wymiary powrotu w literaturze. M. Garbacik, P. Kawulok, A. Nowakowski, N. Palich, T. Surdykowski (red.), Krak\u00f3w: Libron.2013 Ikoniczno\u015b\u0107 w literaturze, j\u0119zyku i przek\u0142adzie. E. Tabakowska, A. Nowakowski, [\u2026] <\/p>\n<div class=\"clear\"><\/div>\n<p><a class=\"more_link clearfix\" href=\"https:\/\/pans.krosno.pl\/pracownicy\/adam-nowakowski\/adam-nowakowski-najwazniejsze-publikacje\/\" rel=\"nofollow\">Read More<\/a><\/p>\n","protected":false},"author":34,"featured_media":0,"parent":3650,"menu_order":0,"comment_status":"closed","ping_status":"closed","template":"","meta":{"ngg_post_thumbnail":0,"footnotes":""},"class_list":["post-3660","page","type-page","status-publish","hentry"],"yoast_head":"<!-- This site is optimized with the Yoast SEO Premium plugin v27.3 (Yoast SEO v27.3) - https:\/\/yoast.com\/product\/yoast-seo-premium-wordpress\/ -->\n<title>dr Adam Nowakowski - Najwa\u017cniejsze publikacje - Pracownicy PANS w Kro\u015bnie<\/title>\n<meta name=\"robots\" content=\"index, follow, max-snippet:-1, max-image-preview:large, max-video-preview:-1\" \/>\n<link rel=\"canonical\" href=\"https:\/\/pans.krosno.pl\/pracownicy\/adam-nowakowski\/adam-nowakowski-najwazniejsze-publikacje\/\" \/>\n<meta property=\"og:locale\" content=\"pl_PL\" \/>\n<meta property=\"og:type\" content=\"article\" \/>\n<meta property=\"og:title\" content=\"dr Adam Nowakowski - Najwa\u017cniejsze publikacje\" \/>\n<meta property=\"og:description\" content=\"Monografie W Kraju Tysi\u0105ca Jezior. Obraz Finlandii w rosyjskiej literaturze podr\u00f3\u017cniczej (1809\u20131917). Krosno: Pa\u0144stwowa Wy\u017csza Szko\u0142a Zawodowa im. Stanis\u0142awa Pigonia (2018). Wybrane redakcje Wymiary powrotu w literaturze. M. Garbacik, P. Kawulok, A. Nowakowski, N. Palich, T. Surdykowski (red.), Krak\u00f3w: Libron.2013 Ikoniczno\u015b\u0107 w literaturze, j\u0119zyku i przek\u0142adzie. E. Tabakowska, A. Nowakowski, [\u2026] Read More\" \/>\n<meta property=\"og:url\" content=\"https:\/\/pans.krosno.pl\/pracownicy\/adam-nowakowski\/adam-nowakowski-najwazniejsze-publikacje\/\" \/>\n<meta property=\"og:site_name\" content=\"Pracownicy PANS w Kro\u015bnie\" \/>\n<meta property=\"article:modified_time\" content=\"2025-05-19T09:43:59+00:00\" \/>\n<meta name=\"twitter:card\" content=\"summary_large_image\" \/>\n<meta name=\"twitter:label1\" content=\"Szacowany czas czytania\" \/>\n\t<meta name=\"twitter:data1\" content=\"2 minuty\" \/>\n<script type=\"application\/ld+json\" class=\"yoast-schema-graph\">{\"@context\":\"https:\\\/\\\/schema.org\",\"@graph\":[{\"@type\":\"WebPage\",\"@id\":\"https:\\\/\\\/pans.krosno.pl\\\/pracownicy\\\/adam-nowakowski\\\/adam-nowakowski-najwazniejsze-publikacje\\\/\",\"url\":\"https:\\\/\\\/pans.krosno.pl\\\/pracownicy\\\/adam-nowakowski\\\/adam-nowakowski-najwazniejsze-publikacje\\\/\",\"name\":\"dr Adam Nowakowski - Najwa\u017cniejsze publikacje - Pracownicy PANS w Kro\u015bnie\",\"isPartOf\":{\"@id\":\"https:\\\/\\\/pans.krosno.pl\\\/pracownicy\\\/#website\"},\"datePublished\":\"2020-04-22T07:17:54+00:00\",\"dateModified\":\"2025-05-19T09:43:59+00:00\",\"breadcrumb\":{\"@id\":\"https:\\\/\\\/pans.krosno.pl\\\/pracownicy\\\/adam-nowakowski\\\/adam-nowakowski-najwazniejsze-publikacje\\\/#breadcrumb\"},\"inLanguage\":\"pl-PL\",\"potentialAction\":[{\"@type\":\"ReadAction\",\"target\":[\"https:\\\/\\\/pans.krosno.pl\\\/pracownicy\\\/adam-nowakowski\\\/adam-nowakowski-najwazniejsze-publikacje\\\/\"]}]},{\"@type\":\"BreadcrumbList\",\"@id\":\"https:\\\/\\\/pans.krosno.pl\\\/pracownicy\\\/adam-nowakowski\\\/adam-nowakowski-najwazniejsze-publikacje\\\/#breadcrumb\",\"itemListElement\":[{\"@type\":\"ListItem\",\"position\":1,\"name\":\"Strona g\u0142\u00f3wna\",\"item\":\"https:\\\/\\\/pans.krosno.pl\\\/pracownicy\\\/\"},{\"@type\":\"ListItem\",\"position\":2,\"name\":\"dr Adam Nowakowski\",\"item\":\"https:\\\/\\\/pans.krosno.pl\\\/pracownicy\\\/adam-nowakowski\\\/\"},{\"@type\":\"ListItem\",\"position\":3,\"name\":\"dr Adam Nowakowski &#8211; Najwa\u017cniejsze publikacje\"}]},{\"@type\":\"WebSite\",\"@id\":\"https:\\\/\\\/pans.krosno.pl\\\/pracownicy\\\/#website\",\"url\":\"https:\\\/\\\/pans.krosno.pl\\\/pracownicy\\\/\",\"name\":\"Pracownicy PANS w Kro\u015bnie\",\"description\":\"Pracownicy - Pa\u0144stwowa Akademia Nauk Stosowanych\",\"publisher\":{\"@id\":\"https:\\\/\\\/pans.krosno.pl\\\/pracownicy\\\/#organization\"},\"potentialAction\":[{\"@type\":\"SearchAction\",\"target\":{\"@type\":\"EntryPoint\",\"urlTemplate\":\"https:\\\/\\\/pans.krosno.pl\\\/pracownicy\\\/?s={search_term_string}\"},\"query-input\":{\"@type\":\"PropertyValueSpecification\",\"valueRequired\":true,\"valueName\":\"search_term_string\"}}],\"inLanguage\":\"pl-PL\"},{\"@type\":\"Organization\",\"@id\":\"https:\\\/\\\/pans.krosno.pl\\\/pracownicy\\\/#organization\",\"name\":\"Pracownicy PANS w Kro\u015bnie\",\"url\":\"https:\\\/\\\/pans.krosno.pl\\\/pracownicy\\\/\",\"logo\":{\"@type\":\"ImageObject\",\"inLanguage\":\"pl-PL\",\"@id\":\"https:\\\/\\\/pans.krosno.pl\\\/pracownicy\\\/#\\\/schema\\\/logo\\\/image\\\/\",\"url\":\"https:\\\/\\\/pans.krosno.pl\\\/pracownicy\\\/wp-content\\\/uploads\\\/sites\\\/41\\\/2023\\\/01\\\/Logo-PANS-2022-pelne.png\",\"contentUrl\":\"https:\\\/\\\/pans.krosno.pl\\\/pracownicy\\\/wp-content\\\/uploads\\\/sites\\\/41\\\/2023\\\/01\\\/Logo-PANS-2022-pelne.png\",\"width\":3096,\"height\":696,\"caption\":\"Pracownicy PANS w Kro\u015bnie\"},\"image\":{\"@id\":\"https:\\\/\\\/pans.krosno.pl\\\/pracownicy\\\/#\\\/schema\\\/logo\\\/image\\\/\"}}]}<\/script>\n<!-- \/ Yoast SEO Premium plugin. -->","yoast_head_json":{"title":"dr Adam Nowakowski - Najwa\u017cniejsze publikacje - Pracownicy PANS w Kro\u015bnie","robots":{"index":"index","follow":"follow","max-snippet":"max-snippet:-1","max-image-preview":"max-image-preview:large","max-video-preview":"max-video-preview:-1"},"canonical":"https:\/\/pans.krosno.pl\/pracownicy\/adam-nowakowski\/adam-nowakowski-najwazniejsze-publikacje\/","og_locale":"pl_PL","og_type":"article","og_title":"dr Adam Nowakowski - Najwa\u017cniejsze publikacje","og_description":"Monografie W Kraju Tysi\u0105ca Jezior. Obraz Finlandii w rosyjskiej literaturze podr\u00f3\u017cniczej (1809\u20131917). Krosno: Pa\u0144stwowa Wy\u017csza Szko\u0142a Zawodowa im. Stanis\u0142awa Pigonia (2018). Wybrane redakcje Wymiary powrotu w literaturze. M. Garbacik, P. Kawulok, A. Nowakowski, N. Palich, T. Surdykowski (red.), Krak\u00f3w: Libron.2013 Ikoniczno\u015b\u0107 w literaturze, j\u0119zyku i przek\u0142adzie. E. Tabakowska, A. Nowakowski, [\u2026] Read More","og_url":"https:\/\/pans.krosno.pl\/pracownicy\/adam-nowakowski\/adam-nowakowski-najwazniejsze-publikacje\/","og_site_name":"Pracownicy PANS w Kro\u015bnie","article_modified_time":"2025-05-19T09:43:59+00:00","twitter_card":"summary_large_image","twitter_misc":{"Szacowany czas czytania":"2 minuty"},"schema":{"@context":"https:\/\/schema.org","@graph":[{"@type":"WebPage","@id":"https:\/\/pans.krosno.pl\/pracownicy\/adam-nowakowski\/adam-nowakowski-najwazniejsze-publikacje\/","url":"https:\/\/pans.krosno.pl\/pracownicy\/adam-nowakowski\/adam-nowakowski-najwazniejsze-publikacje\/","name":"dr Adam Nowakowski - Najwa\u017cniejsze publikacje - Pracownicy PANS w Kro\u015bnie","isPartOf":{"@id":"https:\/\/pans.krosno.pl\/pracownicy\/#website"},"datePublished":"2020-04-22T07:17:54+00:00","dateModified":"2025-05-19T09:43:59+00:00","breadcrumb":{"@id":"https:\/\/pans.krosno.pl\/pracownicy\/adam-nowakowski\/adam-nowakowski-najwazniejsze-publikacje\/#breadcrumb"},"inLanguage":"pl-PL","potentialAction":[{"@type":"ReadAction","target":["https:\/\/pans.krosno.pl\/pracownicy\/adam-nowakowski\/adam-nowakowski-najwazniejsze-publikacje\/"]}]},{"@type":"BreadcrumbList","@id":"https:\/\/pans.krosno.pl\/pracownicy\/adam-nowakowski\/adam-nowakowski-najwazniejsze-publikacje\/#breadcrumb","itemListElement":[{"@type":"ListItem","position":1,"name":"Strona g\u0142\u00f3wna","item":"https:\/\/pans.krosno.pl\/pracownicy\/"},{"@type":"ListItem","position":2,"name":"dr Adam Nowakowski","item":"https:\/\/pans.krosno.pl\/pracownicy\/adam-nowakowski\/"},{"@type":"ListItem","position":3,"name":"dr Adam Nowakowski &#8211; Najwa\u017cniejsze publikacje"}]},{"@type":"WebSite","@id":"https:\/\/pans.krosno.pl\/pracownicy\/#website","url":"https:\/\/pans.krosno.pl\/pracownicy\/","name":"Pracownicy PANS w Kro\u015bnie","description":"Pracownicy - Pa\u0144stwowa Akademia Nauk Stosowanych","publisher":{"@id":"https:\/\/pans.krosno.pl\/pracownicy\/#organization"},"potentialAction":[{"@type":"SearchAction","target":{"@type":"EntryPoint","urlTemplate":"https:\/\/pans.krosno.pl\/pracownicy\/?s={search_term_string}"},"query-input":{"@type":"PropertyValueSpecification","valueRequired":true,"valueName":"search_term_string"}}],"inLanguage":"pl-PL"},{"@type":"Organization","@id":"https:\/\/pans.krosno.pl\/pracownicy\/#organization","name":"Pracownicy PANS w Kro\u015bnie","url":"https:\/\/pans.krosno.pl\/pracownicy\/","logo":{"@type":"ImageObject","inLanguage":"pl-PL","@id":"https:\/\/pans.krosno.pl\/pracownicy\/#\/schema\/logo\/image\/","url":"https:\/\/pans.krosno.pl\/pracownicy\/wp-content\/uploads\/sites\/41\/2023\/01\/Logo-PANS-2022-pelne.png","contentUrl":"https:\/\/pans.krosno.pl\/pracownicy\/wp-content\/uploads\/sites\/41\/2023\/01\/Logo-PANS-2022-pelne.png","width":3096,"height":696,"caption":"Pracownicy PANS w Kro\u015bnie"},"image":{"@id":"https:\/\/pans.krosno.pl\/pracownicy\/#\/schema\/logo\/image\/"}}]}},"_links":{"self":[{"href":"https:\/\/pans.krosno.pl\/pracownicy\/wp-json\/wp\/v2\/pages\/3660","targetHints":{"allow":["GET"]}}],"collection":[{"href":"https:\/\/pans.krosno.pl\/pracownicy\/wp-json\/wp\/v2\/pages"}],"about":[{"href":"https:\/\/pans.krosno.pl\/pracownicy\/wp-json\/wp\/v2\/types\/page"}],"author":[{"embeddable":true,"href":"https:\/\/pans.krosno.pl\/pracownicy\/wp-json\/wp\/v2\/users\/34"}],"replies":[{"embeddable":true,"href":"https:\/\/pans.krosno.pl\/pracownicy\/wp-json\/wp\/v2\/comments?post=3660"}],"version-history":[{"count":5,"href":"https:\/\/pans.krosno.pl\/pracownicy\/wp-json\/wp\/v2\/pages\/3660\/revisions"}],"predecessor-version":[{"id":8207,"href":"https:\/\/pans.krosno.pl\/pracownicy\/wp-json\/wp\/v2\/pages\/3660\/revisions\/8207"}],"up":[{"embeddable":true,"href":"https:\/\/pans.krosno.pl\/pracownicy\/wp-json\/wp\/v2\/pages\/3650"}],"wp:attachment":[{"href":"https:\/\/pans.krosno.pl\/pracownicy\/wp-json\/wp\/v2\/media?parent=3660"}],"curies":[{"name":"wp","href":"https:\/\/api.w.org\/{rel}","templated":true}]}}