{"id":3646,"date":"2020-04-22T08:57:45","date_gmt":"2020-04-22T06:57:45","guid":{"rendered":"https:\/\/pans.krosno.pl\/pracownicy\/?page_id=3646"},"modified":"2025-05-20T13:59:50","modified_gmt":"2025-05-20T11:59:50","slug":"malgorzata-wojcik-zyciorys-naukowy","status":"publish","type":"page","link":"https:\/\/pans.krosno.pl\/pracownicy\/malgorzata-wojcik\/malgorzata-wojcik-zyciorys-naukowy\/","title":{"rendered":"dr Ma\u0142gorzata W\u00f3jcik &#8211; \u017byciorys naukowy"},"content":{"rendered":"<hr>\n<ul>\n<li>Magister pedagogiki w zakresie nauczania pocz\u0105tkowego &#8211; Instytut Pedagogiki Uniwersytetu Jagiello\u0144skiego w Krakowie. Praca magisterska na temat: Moje stawanie si\u0119 nauczycielem,<\/li>\n<li>Doktor nauk spo\u0142ecznych w zakresie pedagogiki, specjalno\u015bci: edukacja wczesnoszkolna, pedeutologia, dydaktyka &#8211; Wydzia\u0142 Nauk o Wychowaniu Uniwersytetu \u0141\u00f3dzkiego. Rozprawa doktorska na temat: Tworzenie wiedzy w praktykach pedagogicznych &#8211; mi\u0119dzy praktyk\u0105 i teori\u0105,<\/li>\n<li>Uko\u0144czy\u0142a studia podyplomowe: Edukacja wczesnoszkolna \u2013 konstruowanie program\u00f3w kszta\u0142cenia; projektowanie materia\u0142\u00f3w dydaktycznych, WSP w Rzeszowie.<\/li>\n<\/ul>\n<hr>\n<p>Od dwudziestu lat nauczycielka akademicka w PWSZ im. Stanis\u0142awa Pigonia w Kro\u015bnie, obecnie &#8211; w Karpackiej Pa\u0144stwowej Uczelni w Kro\u015bnie. Na studiach stacjonarnych i niestacjonarnych prowadzi\u0142a wyk\u0142ady, \u0107wiczenia, warsztaty, seminaria dyplomowe na kierunku pedagogika (Edukacja Wczesnoszkolna z Wychowaniem Przedszkolnym, Edukacja Wczesnoszkolna z J\u0119zykiem Angielskim, Pedagogika Spo\u0142eczno Opieku\u0144cza z Terapi\u0105 Pedagogiczn\u0105) oraz na innych kierunkach nauczycielskich r\u00f3wnie\u017c z przedmiot\u00f3w pedagogicznych.<\/p>\n<p>W Pa\u0144stwowej Wy\u017cszej Szkole Zawodowej im. Stanis\u0142awa Pigonia w Kro\u015bnie, obecnie &#8211; w Karpackiej Pa\u0144stwowej Uczelni w Kro\u015bnie tworzy\u0142a system praktyk nauczycielskich dla kierunku Edukacja wczesnoszkolna, 9 lat pe\u0142ni\u0142a tu r\u00f3wnie\u017c funkcj\u0119 opiekuna praktyk. Prowadzi\u0142a 2 edycje zaj\u0119\u0107 na studiach podyplomowych dla nauczycieli edukacji wczesnoszkolnej i przedszkolnej. Promotorka kilkunastu prac licencjackich student\u00f3w pedagogiki.<\/p>\n<p>W okresie od 2012 r. do 2016 r. cz\u0142onkini Senatu PWSZ w Kro\u015bnie.<\/p>\n<hr>\n<p>&nbsp;<\/p>\n\n\n<p><\/p>\n","protected":false},"excerpt":{"rendered":"<p>Magister pedagogiki w zakresie nauczania pocz\u0105tkowego &#8211; Instytut Pedagogiki Uniwersytetu Jagiello\u0144skiego w Krakowie. Praca magisterska na temat: Moje stawanie si\u0119 nauczycielem, Doktor nauk spo\u0142ecznych w zakresie pedagogiki, specjalno\u015bci: edukacja wczesnoszkolna, pedeutologia, dydaktyka &#8211; Wydzia\u0142 Nauk o Wychowaniu Uniwersytetu \u0141\u00f3dzkiego. Rozprawa doktorska na temat: Tworzenie wiedzy w praktykach pedagogicznych &#8211; mi\u0119dzy [\u2026] <\/p>\n<div class=\"clear\"><\/div>\n<p><a class=\"more_link clearfix\" href=\"https:\/\/pans.krosno.pl\/pracownicy\/malgorzata-wojcik\/malgorzata-wojcik-zyciorys-naukowy\/\" rel=\"nofollow\">Read More<\/a><\/p>\n","protected":false},"author":34,"featured_media":0,"parent":3190,"menu_order":0,"comment_status":"closed","ping_status":"closed","template":"","meta":{"ngg_post_thumbnail":0,"footnotes":""},"class_list":["post-3646","page","type-page","status-publish","hentry"],"yoast_head":"<!-- This site is optimized with the Yoast SEO Premium plugin v27.3 (Yoast SEO v27.3) - https:\/\/yoast.com\/product\/yoast-seo-premium-wordpress\/ -->\n<title>dr Ma\u0142gorzata W\u00f3jcik - \u017byciorys naukowy - Pracownicy PANS w Kro\u015bnie<\/title>\n<meta name=\"robots\" content=\"index, follow, max-snippet:-1, max-image-preview:large, max-video-preview:-1\" \/>\n<link rel=\"canonical\" href=\"https:\/\/pans.krosno.pl\/pracownicy\/malgorzata-wojcik\/malgorzata-wojcik-zyciorys-naukowy\/\" \/>\n<meta property=\"og:locale\" content=\"pl_PL\" \/>\n<meta property=\"og:type\" content=\"article\" \/>\n<meta property=\"og:title\" content=\"dr Ma\u0142gorzata W\u00f3jcik - \u017byciorys naukowy\" \/>\n<meta property=\"og:description\" content=\"Magister pedagogiki w zakresie nauczania pocz\u0105tkowego &#8211; Instytut Pedagogiki Uniwersytetu Jagiello\u0144skiego w Krakowie. Praca magisterska na temat: Moje stawanie si\u0119 nauczycielem, Doktor nauk spo\u0142ecznych w zakresie pedagogiki, specjalno\u015bci: edukacja wczesnoszkolna, pedeutologia, dydaktyka &#8211; Wydzia\u0142 Nauk o Wychowaniu Uniwersytetu \u0141\u00f3dzkiego. Rozprawa doktorska na temat: Tworzenie wiedzy w praktykach pedagogicznych &#8211; mi\u0119dzy [\u2026] Read More\" \/>\n<meta property=\"og:url\" content=\"https:\/\/pans.krosno.pl\/pracownicy\/malgorzata-wojcik\/malgorzata-wojcik-zyciorys-naukowy\/\" \/>\n<meta property=\"og:site_name\" content=\"Pracownicy PANS w Kro\u015bnie\" \/>\n<meta property=\"article:modified_time\" content=\"2025-05-20T11:59:50+00:00\" \/>\n<meta name=\"twitter:card\" content=\"summary_large_image\" \/>\n<meta name=\"twitter:label1\" content=\"Szacowany czas czytania\" \/>\n\t<meta name=\"twitter:data1\" content=\"2 minuty\" \/>\n<script type=\"application\/ld+json\" class=\"yoast-schema-graph\">{\"@context\":\"https:\\\/\\\/schema.org\",\"@graph\":[{\"@type\":\"WebPage\",\"@id\":\"https:\\\/\\\/pans.krosno.pl\\\/pracownicy\\\/malgorzata-wojcik\\\/malgorzata-wojcik-zyciorys-naukowy\\\/\",\"url\":\"https:\\\/\\\/pans.krosno.pl\\\/pracownicy\\\/malgorzata-wojcik\\\/malgorzata-wojcik-zyciorys-naukowy\\\/\",\"name\":\"dr Ma\u0142gorzata W\u00f3jcik - \u017byciorys naukowy - Pracownicy PANS w Kro\u015bnie\",\"isPartOf\":{\"@id\":\"https:\\\/\\\/pans.krosno.pl\\\/pracownicy\\\/#website\"},\"datePublished\":\"2020-04-22T06:57:45+00:00\",\"dateModified\":\"2025-05-20T11:59:50+00:00\",\"breadcrumb\":{\"@id\":\"https:\\\/\\\/pans.krosno.pl\\\/pracownicy\\\/malgorzata-wojcik\\\/malgorzata-wojcik-zyciorys-naukowy\\\/#breadcrumb\"},\"inLanguage\":\"pl-PL\",\"potentialAction\":[{\"@type\":\"ReadAction\",\"target\":[\"https:\\\/\\\/pans.krosno.pl\\\/pracownicy\\\/malgorzata-wojcik\\\/malgorzata-wojcik-zyciorys-naukowy\\\/\"]}]},{\"@type\":\"BreadcrumbList\",\"@id\":\"https:\\\/\\\/pans.krosno.pl\\\/pracownicy\\\/malgorzata-wojcik\\\/malgorzata-wojcik-zyciorys-naukowy\\\/#breadcrumb\",\"itemListElement\":[{\"@type\":\"ListItem\",\"position\":1,\"name\":\"Strona g\u0142\u00f3wna\",\"item\":\"https:\\\/\\\/pans.krosno.pl\\\/pracownicy\\\/\"},{\"@type\":\"ListItem\",\"position\":2,\"name\":\"dr Ma\u0142gorzata W\u00f3jcik\",\"item\":\"https:\\\/\\\/pans.krosno.pl\\\/pracownicy\\\/malgorzata-wojcik\\\/\"},{\"@type\":\"ListItem\",\"position\":3,\"name\":\"dr Ma\u0142gorzata W\u00f3jcik &#8211; \u017byciorys naukowy\"}]},{\"@type\":\"WebSite\",\"@id\":\"https:\\\/\\\/pans.krosno.pl\\\/pracownicy\\\/#website\",\"url\":\"https:\\\/\\\/pans.krosno.pl\\\/pracownicy\\\/\",\"name\":\"Pracownicy PANS w Kro\u015bnie\",\"description\":\"Pracownicy - Pa\u0144stwowa Akademia Nauk Stosowanych\",\"publisher\":{\"@id\":\"https:\\\/\\\/pans.krosno.pl\\\/pracownicy\\\/#organization\"},\"potentialAction\":[{\"@type\":\"SearchAction\",\"target\":{\"@type\":\"EntryPoint\",\"urlTemplate\":\"https:\\\/\\\/pans.krosno.pl\\\/pracownicy\\\/?s={search_term_string}\"},\"query-input\":{\"@type\":\"PropertyValueSpecification\",\"valueRequired\":true,\"valueName\":\"search_term_string\"}}],\"inLanguage\":\"pl-PL\"},{\"@type\":\"Organization\",\"@id\":\"https:\\\/\\\/pans.krosno.pl\\\/pracownicy\\\/#organization\",\"name\":\"Pracownicy PANS w Kro\u015bnie\",\"url\":\"https:\\\/\\\/pans.krosno.pl\\\/pracownicy\\\/\",\"logo\":{\"@type\":\"ImageObject\",\"inLanguage\":\"pl-PL\",\"@id\":\"https:\\\/\\\/pans.krosno.pl\\\/pracownicy\\\/#\\\/schema\\\/logo\\\/image\\\/\",\"url\":\"https:\\\/\\\/pans.krosno.pl\\\/pracownicy\\\/wp-content\\\/uploads\\\/sites\\\/41\\\/2023\\\/01\\\/Logo-PANS-2022-pelne.png\",\"contentUrl\":\"https:\\\/\\\/pans.krosno.pl\\\/pracownicy\\\/wp-content\\\/uploads\\\/sites\\\/41\\\/2023\\\/01\\\/Logo-PANS-2022-pelne.png\",\"width\":3096,\"height\":696,\"caption\":\"Pracownicy PANS w Kro\u015bnie\"},\"image\":{\"@id\":\"https:\\\/\\\/pans.krosno.pl\\\/pracownicy\\\/#\\\/schema\\\/logo\\\/image\\\/\"}}]}<\/script>\n<!-- \/ Yoast SEO Premium plugin. -->","yoast_head_json":{"title":"dr Ma\u0142gorzata W\u00f3jcik - \u017byciorys naukowy - Pracownicy PANS w Kro\u015bnie","robots":{"index":"index","follow":"follow","max-snippet":"max-snippet:-1","max-image-preview":"max-image-preview:large","max-video-preview":"max-video-preview:-1"},"canonical":"https:\/\/pans.krosno.pl\/pracownicy\/malgorzata-wojcik\/malgorzata-wojcik-zyciorys-naukowy\/","og_locale":"pl_PL","og_type":"article","og_title":"dr Ma\u0142gorzata W\u00f3jcik - \u017byciorys naukowy","og_description":"Magister pedagogiki w zakresie nauczania pocz\u0105tkowego &#8211; Instytut Pedagogiki Uniwersytetu Jagiello\u0144skiego w Krakowie. Praca magisterska na temat: Moje stawanie si\u0119 nauczycielem, Doktor nauk spo\u0142ecznych w zakresie pedagogiki, specjalno\u015bci: edukacja wczesnoszkolna, pedeutologia, dydaktyka &#8211; Wydzia\u0142 Nauk o Wychowaniu Uniwersytetu \u0141\u00f3dzkiego. Rozprawa doktorska na temat: Tworzenie wiedzy w praktykach pedagogicznych &#8211; mi\u0119dzy [\u2026] Read More","og_url":"https:\/\/pans.krosno.pl\/pracownicy\/malgorzata-wojcik\/malgorzata-wojcik-zyciorys-naukowy\/","og_site_name":"Pracownicy PANS w Kro\u015bnie","article_modified_time":"2025-05-20T11:59:50+00:00","twitter_card":"summary_large_image","twitter_misc":{"Szacowany czas czytania":"2 minuty"},"schema":{"@context":"https:\/\/schema.org","@graph":[{"@type":"WebPage","@id":"https:\/\/pans.krosno.pl\/pracownicy\/malgorzata-wojcik\/malgorzata-wojcik-zyciorys-naukowy\/","url":"https:\/\/pans.krosno.pl\/pracownicy\/malgorzata-wojcik\/malgorzata-wojcik-zyciorys-naukowy\/","name":"dr Ma\u0142gorzata W\u00f3jcik - \u017byciorys naukowy - Pracownicy PANS w Kro\u015bnie","isPartOf":{"@id":"https:\/\/pans.krosno.pl\/pracownicy\/#website"},"datePublished":"2020-04-22T06:57:45+00:00","dateModified":"2025-05-20T11:59:50+00:00","breadcrumb":{"@id":"https:\/\/pans.krosno.pl\/pracownicy\/malgorzata-wojcik\/malgorzata-wojcik-zyciorys-naukowy\/#breadcrumb"},"inLanguage":"pl-PL","potentialAction":[{"@type":"ReadAction","target":["https:\/\/pans.krosno.pl\/pracownicy\/malgorzata-wojcik\/malgorzata-wojcik-zyciorys-naukowy\/"]}]},{"@type":"BreadcrumbList","@id":"https:\/\/pans.krosno.pl\/pracownicy\/malgorzata-wojcik\/malgorzata-wojcik-zyciorys-naukowy\/#breadcrumb","itemListElement":[{"@type":"ListItem","position":1,"name":"Strona g\u0142\u00f3wna","item":"https:\/\/pans.krosno.pl\/pracownicy\/"},{"@type":"ListItem","position":2,"name":"dr Ma\u0142gorzata W\u00f3jcik","item":"https:\/\/pans.krosno.pl\/pracownicy\/malgorzata-wojcik\/"},{"@type":"ListItem","position":3,"name":"dr Ma\u0142gorzata W\u00f3jcik &#8211; \u017byciorys naukowy"}]},{"@type":"WebSite","@id":"https:\/\/pans.krosno.pl\/pracownicy\/#website","url":"https:\/\/pans.krosno.pl\/pracownicy\/","name":"Pracownicy PANS w Kro\u015bnie","description":"Pracownicy - Pa\u0144stwowa Akademia Nauk Stosowanych","publisher":{"@id":"https:\/\/pans.krosno.pl\/pracownicy\/#organization"},"potentialAction":[{"@type":"SearchAction","target":{"@type":"EntryPoint","urlTemplate":"https:\/\/pans.krosno.pl\/pracownicy\/?s={search_term_string}"},"query-input":{"@type":"PropertyValueSpecification","valueRequired":true,"valueName":"search_term_string"}}],"inLanguage":"pl-PL"},{"@type":"Organization","@id":"https:\/\/pans.krosno.pl\/pracownicy\/#organization","name":"Pracownicy PANS w Kro\u015bnie","url":"https:\/\/pans.krosno.pl\/pracownicy\/","logo":{"@type":"ImageObject","inLanguage":"pl-PL","@id":"https:\/\/pans.krosno.pl\/pracownicy\/#\/schema\/logo\/image\/","url":"https:\/\/pans.krosno.pl\/pracownicy\/wp-content\/uploads\/sites\/41\/2023\/01\/Logo-PANS-2022-pelne.png","contentUrl":"https:\/\/pans.krosno.pl\/pracownicy\/wp-content\/uploads\/sites\/41\/2023\/01\/Logo-PANS-2022-pelne.png","width":3096,"height":696,"caption":"Pracownicy PANS w Kro\u015bnie"},"image":{"@id":"https:\/\/pans.krosno.pl\/pracownicy\/#\/schema\/logo\/image\/"}}]}},"_links":{"self":[{"href":"https:\/\/pans.krosno.pl\/pracownicy\/wp-json\/wp\/v2\/pages\/3646","targetHints":{"allow":["GET"]}}],"collection":[{"href":"https:\/\/pans.krosno.pl\/pracownicy\/wp-json\/wp\/v2\/pages"}],"about":[{"href":"https:\/\/pans.krosno.pl\/pracownicy\/wp-json\/wp\/v2\/types\/page"}],"author":[{"embeddable":true,"href":"https:\/\/pans.krosno.pl\/pracownicy\/wp-json\/wp\/v2\/users\/34"}],"replies":[{"embeddable":true,"href":"https:\/\/pans.krosno.pl\/pracownicy\/wp-json\/wp\/v2\/comments?post=3646"}],"version-history":[{"count":17,"href":"https:\/\/pans.krosno.pl\/pracownicy\/wp-json\/wp\/v2\/pages\/3646\/revisions"}],"predecessor-version":[{"id":11057,"href":"https:\/\/pans.krosno.pl\/pracownicy\/wp-json\/wp\/v2\/pages\/3646\/revisions\/11057"}],"up":[{"embeddable":true,"href":"https:\/\/pans.krosno.pl\/pracownicy\/wp-json\/wp\/v2\/pages\/3190"}],"wp:attachment":[{"href":"https:\/\/pans.krosno.pl\/pracownicy\/wp-json\/wp\/v2\/media?parent=3646"}],"curies":[{"name":"wp","href":"https:\/\/api.w.org\/{rel}","templated":true}]}}