{"id":362,"date":"2020-03-27T15:51:40","date_gmt":"2020-03-27T14:51:40","guid":{"rendered":"https:\/\/pans.krosno.pl\/pracownicy\/?page_id=362"},"modified":"2025-06-25T14:37:27","modified_gmt":"2025-06-25T12:37:27","slug":"damian-dubis","status":"publish","type":"page","link":"https:\/\/pans.krosno.pl\/pracownicy\/damian-dubis\/","title":{"rendered":"dr in\u017c. Damian Dubis"},"content":{"rendered":"\n<h3 class=\"wp-block-heading\" id=\"h-kierownik-zakladu-inzynierii-jakosci\">Kierownik Zak\u0142adu In\u017cynierii Jako\u015bci<\/h3>\n\n\n\n<hr class=\"wp-block-separator has-css-opacity\" \/>\n\n\n<p style=\"text-align: left\">Dorobek naukowy oraz zawodowy&nbsp; obejmuje zagadnienia dotycz\u0105ce jako\u015bci wyrob\u00f3w szklanych, mo\u017cliwo\u015bci poprawy parametr\u00f3w u\u017cytkowych tych wyrob\u00f3w, bada\u0144 satysfakcji klient\u00f3w u\u017cytkuj\u0105cych szk\u0142o. Wa\u017cn\u0105 tematyk\u0105 w ramach dorobku s\u0105 te\u017c zagadnienia dotycz\u0105ce zapewnienia jako\u015bci w produkcji wyrob\u00f3w przemys\u0142owych oraz projekty implementacji system\u00f3w zarz\u0105dzania w przedsi\u0119biorstwach produkcyjnych.<\/p>\n\n\n<hr class=\"wp-block-separator has-css-opacity\" \/>\n\n\n\n<div class=\"wp-block-columns is-layout-flex wp-container-core-columns-is-layout-28f84493 wp-block-columns-is-layout-flex\">\n<div class=\"wp-block-column is-layout-flow wp-block-column-is-layout-flow\" style=\"flex-basis:22%\">\n<figure class=\"wp-block-image size-large\"><img loading=\"lazy\" decoding=\"async\" width=\"678\" height=\"1024\" src=\"https:\/\/pans.krosno.pl\/pracownicy\/wp-content\/uploads\/sites\/41\/2020\/03\/dr-in\u017c.-Damian-Dubis.bmp_-678x1024.png\" alt=\"\" class=\"wp-image-374\" srcset=\"https:\/\/pans.krosno.pl\/pracownicy\/wp-content\/uploads\/sites\/41\/2020\/03\/dr-in\u017c.-Damian-Dubis.bmp_-678x1024.png 678w, https:\/\/pans.krosno.pl\/pracownicy\/wp-content\/uploads\/sites\/41\/2020\/03\/dr-in\u017c.-Damian-Dubis.bmp_-199x300.png 199w, https:\/\/pans.krosno.pl\/pracownicy\/wp-content\/uploads\/sites\/41\/2020\/03\/dr-in\u017c.-Damian-Dubis.bmp_-768x1160.png 768w, https:\/\/pans.krosno.pl\/pracownicy\/wp-content\/uploads\/sites\/41\/2020\/03\/dr-in\u017c.-Damian-Dubis.bmp_-1017x1536.png 1017w, https:\/\/pans.krosno.pl\/pracownicy\/wp-content\/uploads\/sites\/41\/2020\/03\/dr-in\u017c.-Damian-Dubis.bmp_-1356x2048.png 1356w, https:\/\/pans.krosno.pl\/pracownicy\/wp-content\/uploads\/sites\/41\/2020\/03\/dr-in\u017c.-Damian-Dubis.bmp_-800x1208.png 800w, https:\/\/pans.krosno.pl\/pracownicy\/wp-content\/uploads\/sites\/41\/2020\/03\/dr-in\u017c.-Damian-Dubis.bmp_-580x876.png 580w, https:\/\/pans.krosno.pl\/pracownicy\/wp-content\/uploads\/sites\/41\/2020\/03\/dr-in\u017c.-Damian-Dubis.bmp_.png 1687w\" sizes=\"auto, (max-width: 678px) 100vw, 678px\" \/><\/figure>\n\n\n\n<p><\/p>\n<\/div>\n\n\n\n<div class=\"wp-block-column is-layout-flow wp-block-column-is-layout-flow\" style=\"flex-basis:78%\">\n<ul class=\"wp-block-list\">\n<li><a href=\"https:\/\/pans.krosno.pl\/pracownicy\/damian-dubis\/damian-dubis-zyciorys-naukowy\/\">\u017byciorys naukowy<\/a><\/li>\n\n\n\n<li><a href=\"https:\/\/pans.krosno.pl\/pracownicy\/damian-dubis-doswiadczenie-pozauczelniane\/\">Do\u015bwiadczenie pozauczelniane<\/a><\/li>\n\n\n\n<li><a href=\"https:\/\/pans.krosno.pl\/pracownicy\/damian-dubis\/damian-dubis-najwazniejsze-publikacje\/\">Najwa\u017cniejsze publikacje<\/a><\/li>\n\n\n\n<li><a href=\"https:\/\/pans.krosno.pl\/pracownicy\/damian-dubis\/damian-dubis-najwazniejsze-nagrody-i-wyroznienia\/\">Najwa\u017cniejsze nagrody i wyr\u00f3\u017cnienia<\/a><\/li>\n<\/ul>\n\n\n\n<hr class=\"wp-block-separator has-css-opacity\" \/>\n\n\n\n<figure class=\"wp-block-table aligncenter is-style-stripes\"><table><tbody><tr><td class=\"has-text-align-left\" data-align=\"left\">Telefon: 13 43 755 80<\/td><\/tr><tr><td class=\"has-text-align-left\" data-align=\"left\">E-mail: <a href=\"mailto:damian.dubis@pans.krosno.pl\">damian.dubis@pans.krosno.pl<\/a><\/td><\/tr><tr><td class=\"has-text-align-left\" data-align=\"left\">Konsultacje: <a href=\"https:\/\/pans.krosno.pl\/inzynieriajakosci\/dyzury-pracownikow\/\" target=\"_blank\" rel=\"noreferrer noopener\">Dy\u017cur pracownika<\/a><\/td><\/tr><\/tbody><\/table><\/figure>\n<\/div>\n<\/div>\n\n\n\n<hr class=\"wp-block-separator has-css-opacity\" \/>\n\n\n\n<p><\/p>\n","protected":false},"excerpt":{"rendered":"<p>Kierownik Zak\u0142adu In\u017cynierii Jako\u015bci Dorobek naukowy oraz zawodowy&nbsp; obejmuje zagadnienia dotycz\u0105ce jako\u015bci wyrob\u00f3w szklanych, mo\u017cliwo\u015bci poprawy parametr\u00f3w u\u017cytkowych tych wyrob\u00f3w, bada\u0144 satysfakcji klient\u00f3w u\u017cytkuj\u0105cych szk\u0142o. Wa\u017cn\u0105 tematyk\u0105 w ramach dorobku s\u0105 te\u017c zagadnienia dotycz\u0105ce zapewnienia jako\u015bci w produkcji wyrob\u00f3w przemys\u0142owych oraz projekty implementacji system\u00f3w zarz\u0105dzania w przedsi\u0119biorstwach produkcyjnych. Telefon: 13 [\u2026] <\/p>\n<div class=\"clear\"><\/div>\n<p><a class=\"more_link clearfix\" href=\"https:\/\/pans.krosno.pl\/pracownicy\/damian-dubis\/\" rel=\"nofollow\">Read More<\/a><\/p>\n","protected":false},"author":36,"featured_media":0,"parent":0,"menu_order":0,"comment_status":"closed","ping_status":"closed","template":"","meta":{"ngg_post_thumbnail":0,"footnotes":""},"class_list":["post-362","page","type-page","status-publish","hentry"],"yoast_head":"<!-- This site is optimized with the Yoast SEO Premium plugin v27.3 (Yoast SEO v27.3) - https:\/\/yoast.com\/product\/yoast-seo-premium-wordpress\/ -->\n<title>dr in\u017c. Damian Dubis - Pracownicy PANS w Kro\u015bnie<\/title>\n<meta name=\"robots\" content=\"index, follow, max-snippet:-1, max-image-preview:large, max-video-preview:-1\" \/>\n<link rel=\"canonical\" href=\"https:\/\/pans.krosno.pl\/pracownicy\/damian-dubis\/\" \/>\n<meta property=\"og:locale\" content=\"pl_PL\" \/>\n<meta property=\"og:type\" content=\"article\" \/>\n<meta property=\"og:title\" content=\"dr in\u017c. Damian Dubis\" \/>\n<meta property=\"og:description\" content=\"Kierownik Zak\u0142adu In\u017cynierii Jako\u015bci Dorobek naukowy oraz zawodowy&nbsp; obejmuje zagadnienia dotycz\u0105ce jako\u015bci wyrob\u00f3w szklanych, mo\u017cliwo\u015bci poprawy parametr\u00f3w u\u017cytkowych tych wyrob\u00f3w, bada\u0144 satysfakcji klient\u00f3w u\u017cytkuj\u0105cych szk\u0142o. Wa\u017cn\u0105 tematyk\u0105 w ramach dorobku s\u0105 te\u017c zagadnienia dotycz\u0105ce zapewnienia jako\u015bci w produkcji wyrob\u00f3w przemys\u0142owych oraz projekty implementacji system\u00f3w zarz\u0105dzania w przedsi\u0119biorstwach produkcyjnych. Telefon: 13 [\u2026] Read More\" \/>\n<meta property=\"og:url\" content=\"https:\/\/pans.krosno.pl\/pracownicy\/damian-dubis\/\" \/>\n<meta property=\"og:site_name\" content=\"Pracownicy PANS w Kro\u015bnie\" \/>\n<meta property=\"article:modified_time\" content=\"2025-06-25T12:37:27+00:00\" \/>\n<meta name=\"twitter:card\" content=\"summary_large_image\" \/>\n<meta name=\"twitter:label1\" content=\"Szacowany czas czytania\" \/>\n\t<meta name=\"twitter:data1\" content=\"1 minuta\" \/>\n<script type=\"application\/ld+json\" class=\"yoast-schema-graph\">{\"@context\":\"https:\\\/\\\/schema.org\",\"@graph\":[{\"@type\":\"WebPage\",\"@id\":\"https:\\\/\\\/pans.krosno.pl\\\/pracownicy\\\/damian-dubis\\\/\",\"url\":\"https:\\\/\\\/pans.krosno.pl\\\/pracownicy\\\/damian-dubis\\\/\",\"name\":\"dr in\u017c. Damian Dubis - Pracownicy PANS w Kro\u015bnie\",\"isPartOf\":{\"@id\":\"https:\\\/\\\/pans.krosno.pl\\\/pracownicy\\\/#website\"},\"datePublished\":\"2020-03-27T14:51:40+00:00\",\"dateModified\":\"2025-06-25T12:37:27+00:00\",\"breadcrumb\":{\"@id\":\"https:\\\/\\\/pans.krosno.pl\\\/pracownicy\\\/damian-dubis\\\/#breadcrumb\"},\"inLanguage\":\"pl-PL\",\"potentialAction\":[{\"@type\":\"ReadAction\",\"target\":[\"https:\\\/\\\/pans.krosno.pl\\\/pracownicy\\\/damian-dubis\\\/\"]}]},{\"@type\":\"BreadcrumbList\",\"@id\":\"https:\\\/\\\/pans.krosno.pl\\\/pracownicy\\\/damian-dubis\\\/#breadcrumb\",\"itemListElement\":[{\"@type\":\"ListItem\",\"position\":1,\"name\":\"Strona g\u0142\u00f3wna\",\"item\":\"https:\\\/\\\/pans.krosno.pl\\\/pracownicy\\\/\"},{\"@type\":\"ListItem\",\"position\":2,\"name\":\"dr in\u017c. Damian Dubis\"}]},{\"@type\":\"WebSite\",\"@id\":\"https:\\\/\\\/pans.krosno.pl\\\/pracownicy\\\/#website\",\"url\":\"https:\\\/\\\/pans.krosno.pl\\\/pracownicy\\\/\",\"name\":\"Pracownicy PANS w Kro\u015bnie\",\"description\":\"Pracownicy - Pa\u0144stwowa Akademia Nauk Stosowanych\",\"publisher\":{\"@id\":\"https:\\\/\\\/pans.krosno.pl\\\/pracownicy\\\/#organization\"},\"potentialAction\":[{\"@type\":\"SearchAction\",\"target\":{\"@type\":\"EntryPoint\",\"urlTemplate\":\"https:\\\/\\\/pans.krosno.pl\\\/pracownicy\\\/?s={search_term_string}\"},\"query-input\":{\"@type\":\"PropertyValueSpecification\",\"valueRequired\":true,\"valueName\":\"search_term_string\"}}],\"inLanguage\":\"pl-PL\"},{\"@type\":\"Organization\",\"@id\":\"https:\\\/\\\/pans.krosno.pl\\\/pracownicy\\\/#organization\",\"name\":\"Pracownicy PANS w Kro\u015bnie\",\"url\":\"https:\\\/\\\/pans.krosno.pl\\\/pracownicy\\\/\",\"logo\":{\"@type\":\"ImageObject\",\"inLanguage\":\"pl-PL\",\"@id\":\"https:\\\/\\\/pans.krosno.pl\\\/pracownicy\\\/#\\\/schema\\\/logo\\\/image\\\/\",\"url\":\"https:\\\/\\\/pans.krosno.pl\\\/pracownicy\\\/wp-content\\\/uploads\\\/sites\\\/41\\\/2023\\\/01\\\/Logo-PANS-2022-pelne.png\",\"contentUrl\":\"https:\\\/\\\/pans.krosno.pl\\\/pracownicy\\\/wp-content\\\/uploads\\\/sites\\\/41\\\/2023\\\/01\\\/Logo-PANS-2022-pelne.png\",\"width\":3096,\"height\":696,\"caption\":\"Pracownicy PANS w Kro\u015bnie\"},\"image\":{\"@id\":\"https:\\\/\\\/pans.krosno.pl\\\/pracownicy\\\/#\\\/schema\\\/logo\\\/image\\\/\"}}]}<\/script>\n<!-- \/ Yoast SEO Premium plugin. -->","yoast_head_json":{"title":"dr in\u017c. Damian Dubis - Pracownicy PANS w Kro\u015bnie","robots":{"index":"index","follow":"follow","max-snippet":"max-snippet:-1","max-image-preview":"max-image-preview:large","max-video-preview":"max-video-preview:-1"},"canonical":"https:\/\/pans.krosno.pl\/pracownicy\/damian-dubis\/","og_locale":"pl_PL","og_type":"article","og_title":"dr in\u017c. Damian Dubis","og_description":"Kierownik Zak\u0142adu In\u017cynierii Jako\u015bci Dorobek naukowy oraz zawodowy&nbsp; obejmuje zagadnienia dotycz\u0105ce jako\u015bci wyrob\u00f3w szklanych, mo\u017cliwo\u015bci poprawy parametr\u00f3w u\u017cytkowych tych wyrob\u00f3w, bada\u0144 satysfakcji klient\u00f3w u\u017cytkuj\u0105cych szk\u0142o. Wa\u017cn\u0105 tematyk\u0105 w ramach dorobku s\u0105 te\u017c zagadnienia dotycz\u0105ce zapewnienia jako\u015bci w produkcji wyrob\u00f3w przemys\u0142owych oraz projekty implementacji system\u00f3w zarz\u0105dzania w przedsi\u0119biorstwach produkcyjnych. Telefon: 13 [\u2026] Read More","og_url":"https:\/\/pans.krosno.pl\/pracownicy\/damian-dubis\/","og_site_name":"Pracownicy PANS w Kro\u015bnie","article_modified_time":"2025-06-25T12:37:27+00:00","twitter_card":"summary_large_image","twitter_misc":{"Szacowany czas czytania":"1 minuta"},"schema":{"@context":"https:\/\/schema.org","@graph":[{"@type":"WebPage","@id":"https:\/\/pans.krosno.pl\/pracownicy\/damian-dubis\/","url":"https:\/\/pans.krosno.pl\/pracownicy\/damian-dubis\/","name":"dr in\u017c. Damian Dubis - Pracownicy PANS w Kro\u015bnie","isPartOf":{"@id":"https:\/\/pans.krosno.pl\/pracownicy\/#website"},"datePublished":"2020-03-27T14:51:40+00:00","dateModified":"2025-06-25T12:37:27+00:00","breadcrumb":{"@id":"https:\/\/pans.krosno.pl\/pracownicy\/damian-dubis\/#breadcrumb"},"inLanguage":"pl-PL","potentialAction":[{"@type":"ReadAction","target":["https:\/\/pans.krosno.pl\/pracownicy\/damian-dubis\/"]}]},{"@type":"BreadcrumbList","@id":"https:\/\/pans.krosno.pl\/pracownicy\/damian-dubis\/#breadcrumb","itemListElement":[{"@type":"ListItem","position":1,"name":"Strona g\u0142\u00f3wna","item":"https:\/\/pans.krosno.pl\/pracownicy\/"},{"@type":"ListItem","position":2,"name":"dr in\u017c. Damian Dubis"}]},{"@type":"WebSite","@id":"https:\/\/pans.krosno.pl\/pracownicy\/#website","url":"https:\/\/pans.krosno.pl\/pracownicy\/","name":"Pracownicy PANS w Kro\u015bnie","description":"Pracownicy - Pa\u0144stwowa Akademia Nauk Stosowanych","publisher":{"@id":"https:\/\/pans.krosno.pl\/pracownicy\/#organization"},"potentialAction":[{"@type":"SearchAction","target":{"@type":"EntryPoint","urlTemplate":"https:\/\/pans.krosno.pl\/pracownicy\/?s={search_term_string}"},"query-input":{"@type":"PropertyValueSpecification","valueRequired":true,"valueName":"search_term_string"}}],"inLanguage":"pl-PL"},{"@type":"Organization","@id":"https:\/\/pans.krosno.pl\/pracownicy\/#organization","name":"Pracownicy PANS w Kro\u015bnie","url":"https:\/\/pans.krosno.pl\/pracownicy\/","logo":{"@type":"ImageObject","inLanguage":"pl-PL","@id":"https:\/\/pans.krosno.pl\/pracownicy\/#\/schema\/logo\/image\/","url":"https:\/\/pans.krosno.pl\/pracownicy\/wp-content\/uploads\/sites\/41\/2023\/01\/Logo-PANS-2022-pelne.png","contentUrl":"https:\/\/pans.krosno.pl\/pracownicy\/wp-content\/uploads\/sites\/41\/2023\/01\/Logo-PANS-2022-pelne.png","width":3096,"height":696,"caption":"Pracownicy PANS w Kro\u015bnie"},"image":{"@id":"https:\/\/pans.krosno.pl\/pracownicy\/#\/schema\/logo\/image\/"}}]}},"_links":{"self":[{"href":"https:\/\/pans.krosno.pl\/pracownicy\/wp-json\/wp\/v2\/pages\/362","targetHints":{"allow":["GET"]}}],"collection":[{"href":"https:\/\/pans.krosno.pl\/pracownicy\/wp-json\/wp\/v2\/pages"}],"about":[{"href":"https:\/\/pans.krosno.pl\/pracownicy\/wp-json\/wp\/v2\/types\/page"}],"author":[{"embeddable":true,"href":"https:\/\/pans.krosno.pl\/pracownicy\/wp-json\/wp\/v2\/users\/36"}],"replies":[{"embeddable":true,"href":"https:\/\/pans.krosno.pl\/pracownicy\/wp-json\/wp\/v2\/comments?post=362"}],"version-history":[{"count":20,"href":"https:\/\/pans.krosno.pl\/pracownicy\/wp-json\/wp\/v2\/pages\/362\/revisions"}],"predecessor-version":[{"id":11382,"href":"https:\/\/pans.krosno.pl\/pracownicy\/wp-json\/wp\/v2\/pages\/362\/revisions\/11382"}],"wp:attachment":[{"href":"https:\/\/pans.krosno.pl\/pracownicy\/wp-json\/wp\/v2\/media?parent=362"}],"curies":[{"name":"wp","href":"https:\/\/api.w.org\/{rel}","templated":true}]}}