{"id":3570,"date":"2020-04-21T14:37:33","date_gmt":"2020-04-21T12:37:33","guid":{"rendered":"https:\/\/pans.krosno.pl\/pracownicy\/?page_id=3570"},"modified":"2025-05-14T13:39:24","modified_gmt":"2025-05-14T11:39:24","slug":"romuald-fejkiel-najwazniejsze-publikacje","status":"publish","type":"page","link":"https:\/\/pans.krosno.pl\/pracownicy\/romuald-fejkiel\/romuald-fejkiel-najwazniejsze-publikacje\/","title":{"rendered":"dr in\u017c. Romuald Fejkiel &#8211; Najwa\u017cniejsze publikacje"},"content":{"rendered":"<hr>\n<ul>\n<li>Bo\u015b P., Wrzask Z., Chodorowska D., Fejkiel R.: Podstawy konstrukcji maszyn cz.2 Techniki wytwarzania i maszynoznawstwo. Wydawnictwo Komunikacji i \u0141\u0105czno\u015bci , Warszawa 2012.<\/li>\n<li>Bo\u015b P., Sitarz S., Chodorowska D., Fejkiel R., Wrzask Z.: Podstawy Konstrukcji Maszyn, wyd. I, Wydawnictwo Komunikacji i \u0141\u0105czno\u015bci, Warszawa 2015.<br \/>\nPublikacje w czasopismach wyszczeg\u00f3lnionych w Journal Citation Reports (lista A):<\/li>\n<li>Trzepieci\u0144ski T., Fejkiel R.: On the influence of deformation of deep drawing quality steel sheet on surface topography and friction. TRIBOLOGY INTERNATIONAL 115 (2017) 78-88, IF 2.971.<\/li>\n<li>Trzepieci\u0144ski T., Lemu H.G., Fejkiel R.: Numerical simulation of effect of friction directionality on forming of anisotropic sheets. INTERNATIONAL JOURNAL OF SIMULATION MODELLING, Vol. 16, No. 4, 2017, 590-602, IF 1.73<\/li>\n<\/ul>\n<p><strong>Publikacje w czasopismach i materia\u0142ach konferencyjnych, nie posiadaj\u0105cych IF, indeksowanych przez Web of Science<\/strong><\/p>\n<ul>\n<li>Lemu H.G., Trzepieci\u0144ski T., Kubit A., Fejkiel R.: Friction modeling of Al-Mg alloy sheets based on multiple regression analysis and neural networks. ADVANCES IN SCIENCE AND TECHNOLOGY RESEARCH JOURNAL 11(1) (2017) 48-57.<\/li>\n<li>Trzepieci\u0144ski T., Fejkiel R., Kubit A.: Experimental evaluation of draw bead coefficient of friction, ACTA METALLURGICA SLOVACA, Vol. 23, No. 4, 2017, 337-344.<\/li>\n<li>Trzepieci\u0144ski T., Fejkiel R., Lemu H.G.: Experimental investigation of frictional resistances in the drawbead region of the sheet metal forming processes, IOP SCIENCE CONFERENCE SERIES: MATERIALS SCIENCE AND ENGINEERING, vol. 269, 2017, article no. 012042, 1-5.<\/li>\n<\/ul>\n<p><strong>Publikacje w pozosta\u0142ych czasopismach (lista B) i monografiach<\/strong><\/p>\n<ul>\n<li>Trzepieci\u0144ski T., Fejkiel R., Kubit A., Bochnowski W.: Evaluation of friction coefficient of an auto-body steel sheet, ZESZYTY NAUKOWE POLITECHNIKI RZESZOWSKIEJ &#8211; MECHANIKA, tom 33, z. 88, nr 3, 2016, 247-258.<\/li>\n<li>Trzepieci\u0144ski T., Fejkiel R., Kubit A.: Experimental evaluation of value of friction coefficient in the drawbead region. ZESZYTY NAUKOWE POLITECHNIKI RZESZOWSKIEJ &#8211; MECHANIKA, t. 35, z. 1, 2018, 77-85.<\/li>\n<li>Trzepieci\u0144ski T., Kubit A., Fejkiel R.: Effect of sheet deformation on change of surface roughness and frictional properties of steel sheets [in:] Mucha J.: Progressive Technologies and Materials. OWPRz, Rzesz\u00f3w 2016, s. 52-63<\/li>\n<\/ul>\n<p><strong>Publikacje w czasopismach bran\u017cowych<\/strong><\/p>\n<ul>\n<li>Fejkiel R., Langner D., Lenkiewicz T., Szyszlak K., Blum A.: Analiza wp\u0142ywu kompozytu w\u0119glowego na wytrzyma\u0142o\u015b\u0107 na rozci\u0105ganie stali konstrukcyjnej, DOZ\u00d3R TECHNICZNY nr5, 2013, 98-104.<\/li>\n<\/ul>\n<hr>\n<p>&nbsp;<\/p>\n","protected":false},"excerpt":{"rendered":"<p>Bo\u015b P., Wrzask Z., Chodorowska D., Fejkiel R.: Podstawy konstrukcji maszyn cz.2 Techniki wytwarzania i maszynoznawstwo. Wydawnictwo Komunikacji i \u0141\u0105czno\u015bci , Warszawa 2012. Bo\u015b P., Sitarz S., Chodorowska D., Fejkiel R., Wrzask Z.: Podstawy Konstrukcji Maszyn, wyd. I, Wydawnictwo Komunikacji i \u0141\u0105czno\u015bci, Warszawa 2015. Publikacje w czasopismach wyszczeg\u00f3lnionych w Journal [\u2026] <\/p>\n<div class=\"clear\"><\/div>\n<p><a class=\"more_link clearfix\" href=\"https:\/\/pans.krosno.pl\/pracownicy\/romuald-fejkiel\/romuald-fejkiel-najwazniejsze-publikacje\/\" rel=\"nofollow\">Read More<\/a><\/p>\n","protected":false},"author":34,"featured_media":0,"parent":3559,"menu_order":0,"comment_status":"closed","ping_status":"closed","template":"","meta":{"ngg_post_thumbnail":0,"footnotes":""},"class_list":["post-3570","page","type-page","status-publish","hentry"],"yoast_head":"<!-- This site is optimized with the Yoast SEO Premium plugin v27.4 (Yoast SEO v27.4) - https:\/\/yoast.com\/product\/yoast-seo-premium-wordpress\/ -->\n<title>dr in\u017c. Romuald Fejkiel - Najwa\u017cniejsze publikacje - Pracownicy PANS w Kro\u015bnie<\/title>\n<meta name=\"robots\" content=\"index, follow, max-snippet:-1, max-image-preview:large, max-video-preview:-1\" \/>\n<link rel=\"canonical\" href=\"https:\/\/pans.krosno.pl\/pracownicy\/romuald-fejkiel\/romuald-fejkiel-najwazniejsze-publikacje\/\" \/>\n<meta property=\"og:locale\" content=\"pl_PL\" \/>\n<meta property=\"og:type\" content=\"article\" \/>\n<meta property=\"og:title\" content=\"dr in\u017c. Romuald Fejkiel - Najwa\u017cniejsze publikacje\" \/>\n<meta property=\"og:description\" content=\"Bo\u015b P., Wrzask Z., Chodorowska D., Fejkiel R.: Podstawy konstrukcji maszyn cz.2 Techniki wytwarzania i maszynoznawstwo. Wydawnictwo Komunikacji i \u0141\u0105czno\u015bci , Warszawa 2012. Bo\u015b P., Sitarz S., Chodorowska D., Fejkiel R., Wrzask Z.: Podstawy Konstrukcji Maszyn, wyd. I, Wydawnictwo Komunikacji i \u0141\u0105czno\u015bci, Warszawa 2015. Publikacje w czasopismach wyszczeg\u00f3lnionych w Journal [\u2026] Read More\" \/>\n<meta property=\"og:url\" content=\"https:\/\/pans.krosno.pl\/pracownicy\/romuald-fejkiel\/romuald-fejkiel-najwazniejsze-publikacje\/\" \/>\n<meta property=\"og:site_name\" content=\"Pracownicy PANS w Kro\u015bnie\" \/>\n<meta property=\"article:modified_time\" content=\"2025-05-14T11:39:24+00:00\" \/>\n<meta name=\"twitter:card\" content=\"summary_large_image\" \/>\n<meta name=\"twitter:label1\" content=\"Szacowany czas czytania\" \/>\n\t<meta name=\"twitter:data1\" content=\"3 minuty\" \/>\n<script type=\"application\/ld+json\" class=\"yoast-schema-graph\">{\"@context\":\"https:\\\/\\\/schema.org\",\"@graph\":[{\"@type\":\"WebPage\",\"@id\":\"https:\\\/\\\/pans.krosno.pl\\\/pracownicy\\\/romuald-fejkiel\\\/romuald-fejkiel-najwazniejsze-publikacje\\\/\",\"url\":\"https:\\\/\\\/pans.krosno.pl\\\/pracownicy\\\/romuald-fejkiel\\\/romuald-fejkiel-najwazniejsze-publikacje\\\/\",\"name\":\"dr in\u017c. Romuald Fejkiel - Najwa\u017cniejsze publikacje - Pracownicy PANS w Kro\u015bnie\",\"isPartOf\":{\"@id\":\"https:\\\/\\\/pans.krosno.pl\\\/pracownicy\\\/#website\"},\"datePublished\":\"2020-04-21T12:37:33+00:00\",\"dateModified\":\"2025-05-14T11:39:24+00:00\",\"breadcrumb\":{\"@id\":\"https:\\\/\\\/pans.krosno.pl\\\/pracownicy\\\/romuald-fejkiel\\\/romuald-fejkiel-najwazniejsze-publikacje\\\/#breadcrumb\"},\"inLanguage\":\"pl-PL\",\"potentialAction\":[{\"@type\":\"ReadAction\",\"target\":[\"https:\\\/\\\/pans.krosno.pl\\\/pracownicy\\\/romuald-fejkiel\\\/romuald-fejkiel-najwazniejsze-publikacje\\\/\"]}]},{\"@type\":\"BreadcrumbList\",\"@id\":\"https:\\\/\\\/pans.krosno.pl\\\/pracownicy\\\/romuald-fejkiel\\\/romuald-fejkiel-najwazniejsze-publikacje\\\/#breadcrumb\",\"itemListElement\":[{\"@type\":\"ListItem\",\"position\":1,\"name\":\"Strona g\u0142\u00f3wna\",\"item\":\"https:\\\/\\\/pans.krosno.pl\\\/pracownicy\\\/\"},{\"@type\":\"ListItem\",\"position\":2,\"name\":\"dr in\u017c. Romuald Fejkiel\",\"item\":\"https:\\\/\\\/pans.krosno.pl\\\/pracownicy\\\/romuald-fejkiel\\\/\"},{\"@type\":\"ListItem\",\"position\":3,\"name\":\"dr in\u017c. Romuald Fejkiel &#8211; Najwa\u017cniejsze publikacje\"}]},{\"@type\":\"WebSite\",\"@id\":\"https:\\\/\\\/pans.krosno.pl\\\/pracownicy\\\/#website\",\"url\":\"https:\\\/\\\/pans.krosno.pl\\\/pracownicy\\\/\",\"name\":\"Pracownicy PANS w Kro\u015bnie\",\"description\":\"Pracownicy - Pa\u0144stwowa Akademia Nauk Stosowanych\",\"publisher\":{\"@id\":\"https:\\\/\\\/pans.krosno.pl\\\/pracownicy\\\/#organization\"},\"potentialAction\":[{\"@type\":\"SearchAction\",\"target\":{\"@type\":\"EntryPoint\",\"urlTemplate\":\"https:\\\/\\\/pans.krosno.pl\\\/pracownicy\\\/?s={search_term_string}\"},\"query-input\":{\"@type\":\"PropertyValueSpecification\",\"valueRequired\":true,\"valueName\":\"search_term_string\"}}],\"inLanguage\":\"pl-PL\"},{\"@type\":\"Organization\",\"@id\":\"https:\\\/\\\/pans.krosno.pl\\\/pracownicy\\\/#organization\",\"name\":\"Pracownicy PANS w Kro\u015bnie\",\"url\":\"https:\\\/\\\/pans.krosno.pl\\\/pracownicy\\\/\",\"logo\":{\"@type\":\"ImageObject\",\"inLanguage\":\"pl-PL\",\"@id\":\"https:\\\/\\\/pans.krosno.pl\\\/pracownicy\\\/#\\\/schema\\\/logo\\\/image\\\/\",\"url\":\"https:\\\/\\\/pans.krosno.pl\\\/pracownicy\\\/wp-content\\\/uploads\\\/sites\\\/41\\\/2023\\\/01\\\/Logo-PANS-2022-pelne.png\",\"contentUrl\":\"https:\\\/\\\/pans.krosno.pl\\\/pracownicy\\\/wp-content\\\/uploads\\\/sites\\\/41\\\/2023\\\/01\\\/Logo-PANS-2022-pelne.png\",\"width\":3096,\"height\":696,\"caption\":\"Pracownicy PANS w Kro\u015bnie\"},\"image\":{\"@id\":\"https:\\\/\\\/pans.krosno.pl\\\/pracownicy\\\/#\\\/schema\\\/logo\\\/image\\\/\"}}]}<\/script>\n<!-- \/ Yoast SEO Premium plugin. -->","yoast_head_json":{"title":"dr in\u017c. Romuald Fejkiel - Najwa\u017cniejsze publikacje - Pracownicy PANS w Kro\u015bnie","robots":{"index":"index","follow":"follow","max-snippet":"max-snippet:-1","max-image-preview":"max-image-preview:large","max-video-preview":"max-video-preview:-1"},"canonical":"https:\/\/pans.krosno.pl\/pracownicy\/romuald-fejkiel\/romuald-fejkiel-najwazniejsze-publikacje\/","og_locale":"pl_PL","og_type":"article","og_title":"dr in\u017c. Romuald Fejkiel - Najwa\u017cniejsze publikacje","og_description":"Bo\u015b P., Wrzask Z., Chodorowska D., Fejkiel R.: Podstawy konstrukcji maszyn cz.2 Techniki wytwarzania i maszynoznawstwo. Wydawnictwo Komunikacji i \u0141\u0105czno\u015bci , Warszawa 2012. Bo\u015b P., Sitarz S., Chodorowska D., Fejkiel R., Wrzask Z.: Podstawy Konstrukcji Maszyn, wyd. I, Wydawnictwo Komunikacji i \u0141\u0105czno\u015bci, Warszawa 2015. Publikacje w czasopismach wyszczeg\u00f3lnionych w Journal [\u2026] Read More","og_url":"https:\/\/pans.krosno.pl\/pracownicy\/romuald-fejkiel\/romuald-fejkiel-najwazniejsze-publikacje\/","og_site_name":"Pracownicy PANS w Kro\u015bnie","article_modified_time":"2025-05-14T11:39:24+00:00","twitter_card":"summary_large_image","twitter_misc":{"Szacowany czas czytania":"3 minuty"},"schema":{"@context":"https:\/\/schema.org","@graph":[{"@type":"WebPage","@id":"https:\/\/pans.krosno.pl\/pracownicy\/romuald-fejkiel\/romuald-fejkiel-najwazniejsze-publikacje\/","url":"https:\/\/pans.krosno.pl\/pracownicy\/romuald-fejkiel\/romuald-fejkiel-najwazniejsze-publikacje\/","name":"dr in\u017c. Romuald Fejkiel - Najwa\u017cniejsze publikacje - Pracownicy PANS w Kro\u015bnie","isPartOf":{"@id":"https:\/\/pans.krosno.pl\/pracownicy\/#website"},"datePublished":"2020-04-21T12:37:33+00:00","dateModified":"2025-05-14T11:39:24+00:00","breadcrumb":{"@id":"https:\/\/pans.krosno.pl\/pracownicy\/romuald-fejkiel\/romuald-fejkiel-najwazniejsze-publikacje\/#breadcrumb"},"inLanguage":"pl-PL","potentialAction":[{"@type":"ReadAction","target":["https:\/\/pans.krosno.pl\/pracownicy\/romuald-fejkiel\/romuald-fejkiel-najwazniejsze-publikacje\/"]}]},{"@type":"BreadcrumbList","@id":"https:\/\/pans.krosno.pl\/pracownicy\/romuald-fejkiel\/romuald-fejkiel-najwazniejsze-publikacje\/#breadcrumb","itemListElement":[{"@type":"ListItem","position":1,"name":"Strona g\u0142\u00f3wna","item":"https:\/\/pans.krosno.pl\/pracownicy\/"},{"@type":"ListItem","position":2,"name":"dr in\u017c. Romuald Fejkiel","item":"https:\/\/pans.krosno.pl\/pracownicy\/romuald-fejkiel\/"},{"@type":"ListItem","position":3,"name":"dr in\u017c. Romuald Fejkiel &#8211; Najwa\u017cniejsze publikacje"}]},{"@type":"WebSite","@id":"https:\/\/pans.krosno.pl\/pracownicy\/#website","url":"https:\/\/pans.krosno.pl\/pracownicy\/","name":"Pracownicy PANS w Kro\u015bnie","description":"Pracownicy - Pa\u0144stwowa Akademia Nauk Stosowanych","publisher":{"@id":"https:\/\/pans.krosno.pl\/pracownicy\/#organization"},"potentialAction":[{"@type":"SearchAction","target":{"@type":"EntryPoint","urlTemplate":"https:\/\/pans.krosno.pl\/pracownicy\/?s={search_term_string}"},"query-input":{"@type":"PropertyValueSpecification","valueRequired":true,"valueName":"search_term_string"}}],"inLanguage":"pl-PL"},{"@type":"Organization","@id":"https:\/\/pans.krosno.pl\/pracownicy\/#organization","name":"Pracownicy PANS w Kro\u015bnie","url":"https:\/\/pans.krosno.pl\/pracownicy\/","logo":{"@type":"ImageObject","inLanguage":"pl-PL","@id":"https:\/\/pans.krosno.pl\/pracownicy\/#\/schema\/logo\/image\/","url":"https:\/\/pans.krosno.pl\/pracownicy\/wp-content\/uploads\/sites\/41\/2023\/01\/Logo-PANS-2022-pelne.png","contentUrl":"https:\/\/pans.krosno.pl\/pracownicy\/wp-content\/uploads\/sites\/41\/2023\/01\/Logo-PANS-2022-pelne.png","width":3096,"height":696,"caption":"Pracownicy PANS w Kro\u015bnie"},"image":{"@id":"https:\/\/pans.krosno.pl\/pracownicy\/#\/schema\/logo\/image\/"}}]}},"_links":{"self":[{"href":"https:\/\/pans.krosno.pl\/pracownicy\/wp-json\/wp\/v2\/pages\/3570","targetHints":{"allow":["GET"]}}],"collection":[{"href":"https:\/\/pans.krosno.pl\/pracownicy\/wp-json\/wp\/v2\/pages"}],"about":[{"href":"https:\/\/pans.krosno.pl\/pracownicy\/wp-json\/wp\/v2\/types\/page"}],"author":[{"embeddable":true,"href":"https:\/\/pans.krosno.pl\/pracownicy\/wp-json\/wp\/v2\/users\/34"}],"replies":[{"embeddable":true,"href":"https:\/\/pans.krosno.pl\/pracownicy\/wp-json\/wp\/v2\/comments?post=3570"}],"version-history":[{"count":4,"href":"https:\/\/pans.krosno.pl\/pracownicy\/wp-json\/wp\/v2\/pages\/3570\/revisions"}],"predecessor-version":[{"id":7979,"href":"https:\/\/pans.krosno.pl\/pracownicy\/wp-json\/wp\/v2\/pages\/3570\/revisions\/7979"}],"up":[{"embeddable":true,"href":"https:\/\/pans.krosno.pl\/pracownicy\/wp-json\/wp\/v2\/pages\/3559"}],"wp:attachment":[{"href":"https:\/\/pans.krosno.pl\/pracownicy\/wp-json\/wp\/v2\/media?parent=3570"}],"curies":[{"name":"wp","href":"https:\/\/api.w.org\/{rel}","templated":true}]}}