{"id":3478,"date":"2020-04-21T12:58:28","date_gmt":"2020-04-21T10:58:28","guid":{"rendered":"https:\/\/pans.krosno.pl\/pracownicy\/?page_id=3478"},"modified":"2025-05-16T10:57:09","modified_gmt":"2025-05-16T08:57:09","slug":"krzysztof-ochalek","status":"publish","type":"page","link":"https:\/\/pans.krosno.pl\/pracownicy\/krzysztof-ochalek\/","title":{"rendered":"mgr in\u017c. Krzysztof Ocha\u0142ek"},"content":{"rendered":"\n<h3 class=\"wp-block-heading\" id=\"h-zaklad-mechaniki-i-budowy-maszyn\"><strong>Zak\u0142ad <\/strong>Mechaniki i Budowy Maszyn<\/h3>\n\n\n\n<hr class=\"wp-block-separator has-css-opacity\" \/>\n\n\n<p>Mechanik, konstruktor, technolog. Zajmuje si\u0119 szeroko rozumian\u0105 mechanik\u0105 pocz\u0105wszy od projektowania w \u015brodowisku wirtualnym CAD poprzez etapy oblicze\u0144 in\u017cynierskich, tworzenia technologii obr\u00f3bkowych CAM, obs\u0142ugi maszyn sterowanych numerycznie a\u017c po kontrol\u0119 jako\u015bci wyrob\u00f3w. Zainteresowania naukowe skupiaj\u0105 si\u0119 wok\u00f3\u0142 alternatywnych metod spajania materia\u0142\u00f3w m.in. zgrzewania tarciowego z przemieszaniem.<\/p>\n\n\n<hr class=\"wp-block-separator has-css-opacity\" \/>\n\n\n\n<div class=\"wp-block-columns is-layout-flex wp-container-core-columns-is-layout-28f84493 wp-block-columns-is-layout-flex\">\n<div class=\"wp-block-column is-layout-flow wp-block-column-is-layout-flow\" style=\"flex-basis:22%\">\n<figure class=\"wp-block-image size-large\"><img loading=\"lazy\" decoding=\"async\" width=\"691\" height=\"1024\" src=\"https:\/\/pans.krosno.pl\/pracownicy\/wp-content\/uploads\/sites\/41\/2020\/04\/Krzysztof-Ocha\u0142ek-zdj\u0119cie-691x1024.jpg\" alt=\"\" class=\"wp-image-3484\" srcset=\"https:\/\/pans.krosno.pl\/pracownicy\/wp-content\/uploads\/sites\/41\/2020\/04\/Krzysztof-Ocha\u0142ek-zdj\u0119cie-691x1024.jpg 691w, https:\/\/pans.krosno.pl\/pracownicy\/wp-content\/uploads\/sites\/41\/2020\/04\/Krzysztof-Ocha\u0142ek-zdj\u0119cie-203x300.jpg 203w, https:\/\/pans.krosno.pl\/pracownicy\/wp-content\/uploads\/sites\/41\/2020\/04\/Krzysztof-Ocha\u0142ek-zdj\u0119cie-768x1138.jpg 768w, https:\/\/pans.krosno.pl\/pracownicy\/wp-content\/uploads\/sites\/41\/2020\/04\/Krzysztof-Ocha\u0142ek-zdj\u0119cie-800x1185.jpg 800w, https:\/\/pans.krosno.pl\/pracownicy\/wp-content\/uploads\/sites\/41\/2020\/04\/Krzysztof-Ocha\u0142ek-zdj\u0119cie-580x859.jpg 580w, https:\/\/pans.krosno.pl\/pracownicy\/wp-content\/uploads\/sites\/41\/2020\/04\/Krzysztof-Ocha\u0142ek-zdj\u0119cie.jpg 956w\" sizes=\"auto, (max-width: 691px) 100vw, 691px\" \/><\/figure>\n\n\n\n<p><\/p>\n<\/div>\n\n\n\n<div class=\"wp-block-column is-layout-flow wp-block-column-is-layout-flow\" style=\"flex-basis:78%\">\n<ul class=\"wp-block-list\">\n<li><a href=\"https:\/\/pans.krosno.pl\/pracownicy\/krzysztof-ochalek\/krzysztof-ochalek-zyciorys-naukowy\/\">\u017byciorys naukowy <\/a><\/li>\n\n\n\n<li><a href=\"https:\/\/pans.krosno.pl\/pracownicy\/krzysztof-ochalek\/krzysztof-ochalek-doswiadczenie-pozauczelniane\/\">Do\u015bwiadczenie pozauczelniane<\/a><\/li>\n\n\n\n<li><a href=\"https:\/\/pans.krosno.pl\/pracownicy\/krzysztof-ochalek\/krzysztof-ochalek-najwazniejsze-publikacje\/\">Najwa\u017cniejsze publikacje<\/a><\/li>\n\n\n\n<li><a href=\"https:\/\/pans.krosno.pl\/pracownicy\/krzysztof-ochalek\/krzysztof-ochalek-najwazniejsze-nagrody-i-wyroznienia\/\">Najwa\u017cniejsze nagrody i wyr\u00f3\u017cnienia<\/a><\/li>\n<\/ul>\n\n\n\n<hr class=\"wp-block-separator has-css-opacity\" \/>\n\n\n\n<figure class=\"wp-block-table aligncenter is-style-stripes\"><table><tbody><tr><td class=\"has-text-align-left\" data-align=\"left\">Telefon: 13 43 755 70<\/td><\/tr><tr><td class=\"has-text-align-left\" data-align=\"left\">E-mail: <a href=\"mailto:krzysztof.ochalek@pans.krosno.pl\">krzysztof.ocha\u0142ek@pans.krosno.pl<\/a><\/td><\/tr><tr><td class=\"has-text-align-left\" data-align=\"left\">Konsultacje: <a rel=\"noreferrer noopener\" href=\"https:\/\/pans.krosno.pl\/mibm\/pracownicy\/dyzury-pracownikow\/\" target=\"_blank\">Dy\u017cur pracownik<\/a><a href=\"https:\/\/pans.krosno.pl\/mibm\/pracownicy\/dyzury-pracownikow\/\" target=\"_blank\" rel=\"noreferrer noopener\">a<\/a><\/td><\/tr><\/tbody><\/table><\/figure>\n<\/div>\n<\/div>\n\n\n\n<hr class=\"wp-block-separator has-css-opacity\" \/>\n\n\n\n<p><\/p>\n","protected":false},"excerpt":{"rendered":"<p>Zak\u0142ad Mechaniki i Budowy Maszyn Mechanik, konstruktor, technolog. Zajmuje si\u0119 szeroko rozumian\u0105 mechanik\u0105 pocz\u0105wszy od projektowania w \u015brodowisku wirtualnym CAD poprzez etapy oblicze\u0144 in\u017cynierskich, tworzenia technologii obr\u00f3bkowych CAM, obs\u0142ugi maszyn sterowanych numerycznie a\u017c po kontrol\u0119 jako\u015bci wyrob\u00f3w. Zainteresowania naukowe skupiaj\u0105 si\u0119 wok\u00f3\u0142 alternatywnych metod spajania materia\u0142\u00f3w m.in. zgrzewania tarciowego z [\u2026] <\/p>\n<div class=\"clear\"><\/div>\n<p><a class=\"more_link clearfix\" href=\"https:\/\/pans.krosno.pl\/pracownicy\/krzysztof-ochalek\/\" rel=\"nofollow\">Read More<\/a><\/p>\n","protected":false},"author":34,"featured_media":0,"parent":0,"menu_order":0,"comment_status":"closed","ping_status":"closed","template":"","meta":{"ngg_post_thumbnail":0,"footnotes":""},"class_list":["post-3478","page","type-page","status-publish","hentry"],"yoast_head":"<!-- This site is optimized with the Yoast SEO Premium plugin v27.4 (Yoast SEO v27.4) - https:\/\/yoast.com\/product\/yoast-seo-premium-wordpress\/ -->\n<title>mgr in\u017c. Krzysztof Ocha\u0142ek - Pracownicy PANS w Kro\u015bnie<\/title>\n<meta name=\"robots\" content=\"index, follow, max-snippet:-1, max-image-preview:large, max-video-preview:-1\" \/>\n<link rel=\"canonical\" href=\"https:\/\/pans.krosno.pl\/pracownicy\/krzysztof-ochalek\/\" \/>\n<meta property=\"og:locale\" content=\"pl_PL\" \/>\n<meta property=\"og:type\" content=\"article\" \/>\n<meta property=\"og:title\" content=\"mgr in\u017c. Krzysztof Ocha\u0142ek\" \/>\n<meta property=\"og:description\" content=\"Zak\u0142ad Mechaniki i Budowy Maszyn Mechanik, konstruktor, technolog. Zajmuje si\u0119 szeroko rozumian\u0105 mechanik\u0105 pocz\u0105wszy od projektowania w \u015brodowisku wirtualnym CAD poprzez etapy oblicze\u0144 in\u017cynierskich, tworzenia technologii obr\u00f3bkowych CAM, obs\u0142ugi maszyn sterowanych numerycznie a\u017c po kontrol\u0119 jako\u015bci wyrob\u00f3w. Zainteresowania naukowe skupiaj\u0105 si\u0119 wok\u00f3\u0142 alternatywnych metod spajania materia\u0142\u00f3w m.in. zgrzewania tarciowego z [\u2026] Read More\" \/>\n<meta property=\"og:url\" content=\"https:\/\/pans.krosno.pl\/pracownicy\/krzysztof-ochalek\/\" \/>\n<meta property=\"og:site_name\" content=\"Pracownicy PANS w Kro\u015bnie\" \/>\n<meta property=\"article:modified_time\" content=\"2025-05-16T08:57:09+00:00\" \/>\n<meta name=\"twitter:card\" content=\"summary_large_image\" \/>\n<meta name=\"twitter:label1\" content=\"Szacowany czas czytania\" \/>\n\t<meta name=\"twitter:data1\" content=\"1 minuta\" \/>\n<script type=\"application\/ld+json\" class=\"yoast-schema-graph\">{\"@context\":\"https:\\\/\\\/schema.org\",\"@graph\":[{\"@type\":\"WebPage\",\"@id\":\"https:\\\/\\\/pans.krosno.pl\\\/pracownicy\\\/krzysztof-ochalek\\\/\",\"url\":\"https:\\\/\\\/pans.krosno.pl\\\/pracownicy\\\/krzysztof-ochalek\\\/\",\"name\":\"mgr in\u017c. Krzysztof Ocha\u0142ek - Pracownicy PANS w Kro\u015bnie\",\"isPartOf\":{\"@id\":\"https:\\\/\\\/pans.krosno.pl\\\/pracownicy\\\/#website\"},\"datePublished\":\"2020-04-21T10:58:28+00:00\",\"dateModified\":\"2025-05-16T08:57:09+00:00\",\"breadcrumb\":{\"@id\":\"https:\\\/\\\/pans.krosno.pl\\\/pracownicy\\\/krzysztof-ochalek\\\/#breadcrumb\"},\"inLanguage\":\"pl-PL\",\"potentialAction\":[{\"@type\":\"ReadAction\",\"target\":[\"https:\\\/\\\/pans.krosno.pl\\\/pracownicy\\\/krzysztof-ochalek\\\/\"]}]},{\"@type\":\"BreadcrumbList\",\"@id\":\"https:\\\/\\\/pans.krosno.pl\\\/pracownicy\\\/krzysztof-ochalek\\\/#breadcrumb\",\"itemListElement\":[{\"@type\":\"ListItem\",\"position\":1,\"name\":\"Strona g\u0142\u00f3wna\",\"item\":\"https:\\\/\\\/pans.krosno.pl\\\/pracownicy\\\/\"},{\"@type\":\"ListItem\",\"position\":2,\"name\":\"mgr in\u017c. Krzysztof Ocha\u0142ek\"}]},{\"@type\":\"WebSite\",\"@id\":\"https:\\\/\\\/pans.krosno.pl\\\/pracownicy\\\/#website\",\"url\":\"https:\\\/\\\/pans.krosno.pl\\\/pracownicy\\\/\",\"name\":\"Pracownicy PANS w Kro\u015bnie\",\"description\":\"Pracownicy - Pa\u0144stwowa Akademia Nauk Stosowanych\",\"publisher\":{\"@id\":\"https:\\\/\\\/pans.krosno.pl\\\/pracownicy\\\/#organization\"},\"potentialAction\":[{\"@type\":\"SearchAction\",\"target\":{\"@type\":\"EntryPoint\",\"urlTemplate\":\"https:\\\/\\\/pans.krosno.pl\\\/pracownicy\\\/?s={search_term_string}\"},\"query-input\":{\"@type\":\"PropertyValueSpecification\",\"valueRequired\":true,\"valueName\":\"search_term_string\"}}],\"inLanguage\":\"pl-PL\"},{\"@type\":\"Organization\",\"@id\":\"https:\\\/\\\/pans.krosno.pl\\\/pracownicy\\\/#organization\",\"name\":\"Pracownicy PANS w Kro\u015bnie\",\"url\":\"https:\\\/\\\/pans.krosno.pl\\\/pracownicy\\\/\",\"logo\":{\"@type\":\"ImageObject\",\"inLanguage\":\"pl-PL\",\"@id\":\"https:\\\/\\\/pans.krosno.pl\\\/pracownicy\\\/#\\\/schema\\\/logo\\\/image\\\/\",\"url\":\"https:\\\/\\\/pans.krosno.pl\\\/pracownicy\\\/wp-content\\\/uploads\\\/sites\\\/41\\\/2023\\\/01\\\/Logo-PANS-2022-pelne.png\",\"contentUrl\":\"https:\\\/\\\/pans.krosno.pl\\\/pracownicy\\\/wp-content\\\/uploads\\\/sites\\\/41\\\/2023\\\/01\\\/Logo-PANS-2022-pelne.png\",\"width\":3096,\"height\":696,\"caption\":\"Pracownicy PANS w Kro\u015bnie\"},\"image\":{\"@id\":\"https:\\\/\\\/pans.krosno.pl\\\/pracownicy\\\/#\\\/schema\\\/logo\\\/image\\\/\"}}]}<\/script>\n<!-- \/ Yoast SEO Premium plugin. -->","yoast_head_json":{"title":"mgr in\u017c. Krzysztof Ocha\u0142ek - Pracownicy PANS w Kro\u015bnie","robots":{"index":"index","follow":"follow","max-snippet":"max-snippet:-1","max-image-preview":"max-image-preview:large","max-video-preview":"max-video-preview:-1"},"canonical":"https:\/\/pans.krosno.pl\/pracownicy\/krzysztof-ochalek\/","og_locale":"pl_PL","og_type":"article","og_title":"mgr in\u017c. Krzysztof Ocha\u0142ek","og_description":"Zak\u0142ad Mechaniki i Budowy Maszyn Mechanik, konstruktor, technolog. Zajmuje si\u0119 szeroko rozumian\u0105 mechanik\u0105 pocz\u0105wszy od projektowania w \u015brodowisku wirtualnym CAD poprzez etapy oblicze\u0144 in\u017cynierskich, tworzenia technologii obr\u00f3bkowych CAM, obs\u0142ugi maszyn sterowanych numerycznie a\u017c po kontrol\u0119 jako\u015bci wyrob\u00f3w. Zainteresowania naukowe skupiaj\u0105 si\u0119 wok\u00f3\u0142 alternatywnych metod spajania materia\u0142\u00f3w m.in. zgrzewania tarciowego z [\u2026] Read More","og_url":"https:\/\/pans.krosno.pl\/pracownicy\/krzysztof-ochalek\/","og_site_name":"Pracownicy PANS w Kro\u015bnie","article_modified_time":"2025-05-16T08:57:09+00:00","twitter_card":"summary_large_image","twitter_misc":{"Szacowany czas czytania":"1 minuta"},"schema":{"@context":"https:\/\/schema.org","@graph":[{"@type":"WebPage","@id":"https:\/\/pans.krosno.pl\/pracownicy\/krzysztof-ochalek\/","url":"https:\/\/pans.krosno.pl\/pracownicy\/krzysztof-ochalek\/","name":"mgr in\u017c. Krzysztof Ocha\u0142ek - Pracownicy PANS w Kro\u015bnie","isPartOf":{"@id":"https:\/\/pans.krosno.pl\/pracownicy\/#website"},"datePublished":"2020-04-21T10:58:28+00:00","dateModified":"2025-05-16T08:57:09+00:00","breadcrumb":{"@id":"https:\/\/pans.krosno.pl\/pracownicy\/krzysztof-ochalek\/#breadcrumb"},"inLanguage":"pl-PL","potentialAction":[{"@type":"ReadAction","target":["https:\/\/pans.krosno.pl\/pracownicy\/krzysztof-ochalek\/"]}]},{"@type":"BreadcrumbList","@id":"https:\/\/pans.krosno.pl\/pracownicy\/krzysztof-ochalek\/#breadcrumb","itemListElement":[{"@type":"ListItem","position":1,"name":"Strona g\u0142\u00f3wna","item":"https:\/\/pans.krosno.pl\/pracownicy\/"},{"@type":"ListItem","position":2,"name":"mgr in\u017c. Krzysztof Ocha\u0142ek"}]},{"@type":"WebSite","@id":"https:\/\/pans.krosno.pl\/pracownicy\/#website","url":"https:\/\/pans.krosno.pl\/pracownicy\/","name":"Pracownicy PANS w Kro\u015bnie","description":"Pracownicy - Pa\u0144stwowa Akademia Nauk Stosowanych","publisher":{"@id":"https:\/\/pans.krosno.pl\/pracownicy\/#organization"},"potentialAction":[{"@type":"SearchAction","target":{"@type":"EntryPoint","urlTemplate":"https:\/\/pans.krosno.pl\/pracownicy\/?s={search_term_string}"},"query-input":{"@type":"PropertyValueSpecification","valueRequired":true,"valueName":"search_term_string"}}],"inLanguage":"pl-PL"},{"@type":"Organization","@id":"https:\/\/pans.krosno.pl\/pracownicy\/#organization","name":"Pracownicy PANS w Kro\u015bnie","url":"https:\/\/pans.krosno.pl\/pracownicy\/","logo":{"@type":"ImageObject","inLanguage":"pl-PL","@id":"https:\/\/pans.krosno.pl\/pracownicy\/#\/schema\/logo\/image\/","url":"https:\/\/pans.krosno.pl\/pracownicy\/wp-content\/uploads\/sites\/41\/2023\/01\/Logo-PANS-2022-pelne.png","contentUrl":"https:\/\/pans.krosno.pl\/pracownicy\/wp-content\/uploads\/sites\/41\/2023\/01\/Logo-PANS-2022-pelne.png","width":3096,"height":696,"caption":"Pracownicy PANS w Kro\u015bnie"},"image":{"@id":"https:\/\/pans.krosno.pl\/pracownicy\/#\/schema\/logo\/image\/"}}]}},"_links":{"self":[{"href":"https:\/\/pans.krosno.pl\/pracownicy\/wp-json\/wp\/v2\/pages\/3478","targetHints":{"allow":["GET"]}}],"collection":[{"href":"https:\/\/pans.krosno.pl\/pracownicy\/wp-json\/wp\/v2\/pages"}],"about":[{"href":"https:\/\/pans.krosno.pl\/pracownicy\/wp-json\/wp\/v2\/types\/page"}],"author":[{"embeddable":true,"href":"https:\/\/pans.krosno.pl\/pracownicy\/wp-json\/wp\/v2\/users\/34"}],"replies":[{"embeddable":true,"href":"https:\/\/pans.krosno.pl\/pracownicy\/wp-json\/wp\/v2\/comments?post=3478"}],"version-history":[{"count":12,"href":"https:\/\/pans.krosno.pl\/pracownicy\/wp-json\/wp\/v2\/pages\/3478\/revisions"}],"predecessor-version":[{"id":10610,"href":"https:\/\/pans.krosno.pl\/pracownicy\/wp-json\/wp\/v2\/pages\/3478\/revisions\/10610"}],"wp:attachment":[{"href":"https:\/\/pans.krosno.pl\/pracownicy\/wp-json\/wp\/v2\/media?parent=3478"}],"curies":[{"name":"wp","href":"https:\/\/api.w.org\/{rel}","templated":true}]}}