{"id":3452,"date":"2020-04-21T12:34:51","date_gmt":"2020-04-21T10:34:51","guid":{"rendered":"https:\/\/pans.krosno.pl\/pracownicy\/?page_id=3452"},"modified":"2025-06-02T11:45:23","modified_gmt":"2025-06-02T09:45:23","slug":"katarzyna-czupinska-najwazniejsze-publikacje","status":"publish","type":"page","link":"https:\/\/pans.krosno.pl\/pracownicy\/katarzyna-czupinska\/katarzyna-czupinska-najwazniejsze-publikacje\/","title":{"rendered":"dr Katarzyna Stanisz-Czupi\u0144ska &#8211; Najwa\u017cniejsze publikacje"},"content":{"rendered":"<hr>\n<p><strong>Monografia<\/strong><\/p>\n<ol>\n<li>Gumu\u0142a S, Stanisz K.: Heating of a residential building with the use of the heat pump cooperating with the water heat accumulator.<br \/>\nXIII Mi\u0119dzynarodowa Konferencja naukowo-techniczn\u0105 Air &amp; Heat &#8211; Water &amp; Energy, Wroc\u0142aw 2011<br \/>\nRozdzia\u0142 w monografii pt. Nowoczesne rozwi\u0105zania w in\u017cynierii i ochronie \u015brodowiska, Wydawnictwo Politechniki Wroc\u0142awskiej, Wroc\u0142aw 2011<\/li>\n<\/ol>\n<p><strong>Artyku\u0142y<\/strong><\/p>\n<ol>\n<li>Stanisz K.: Produkcja ciep\u0142a z odnawialnych \u017ar\u00f3de\u0142 energii- por\u00f3wnanie z technologiami tradycyjnymi Ciep\u0142ownictwo, Ogrzewnictwo, Wentylacja, nr 9\/2010.<\/li>\n<li>Stanisz K., Gumu\u0142a S.: Mo\u017cliwo\u015bci i utrudnienia w wykorzystaniu i eksploatacji lokalnych odnawialnych \u017ar\u00f3de\u0142 energii jako jedynego \u017ar\u00f3d\u0142a energii w budownictwie jednorodzinnym<br \/>\nCiep\u0142ownictwo, Ogrzewnictwo, Wentylacja, nr 5\/ 2011.<\/li>\n<li>Stanisz K., Gumu\u0142a S.: Wska\u017aniki ekonomiczne produkcji energii elektrycznej i ciep\u0142a w oparciu o odnawialne surowce energetyczne. Por\u00f3wnanie z tradycyjnymi \u017ar\u00f3d\u0142ami energii. Ciep\u0142ownictwo, Ogrzewnictwo, Wentylacja, nr 5\/ 2011.<\/li>\n<li>Stanisz K., Gumu\u0142a S.: Akumulator wodny jako dolne \u017ar\u00f3d\u0142o pompy ciep\u0142a Rynek Instalacyjny 9\/2011.<\/li>\n<li>Gumu\u0142a S., Stanisz K.: Autonomiczny system energetyczny budynku mieszkalnego oparty na lokalnych zasobach odnawialnych \u017ar\u00f3de\u0142 energii Energetyka. Zeszyty tematyczna nr XXII, 11\/2011.<\/li>\n<li>Gumu\u0142a S., Stanisz K.: Autonomiczne systemy elektroenergetyce wykorzystuj\u0105ce odnawialne \u017ar\u00f3d\u0142a i akumulacj\u0119 energii. Zeszyty tematyczna Energetyka \u2013 2012.<\/li>\n<li>Stanisz K., Gumu\u0142a S.: Mo\u017cliwo\u015bci wykorzystania i eksploatacji budynku autonomicznego energetycznie zasilanego z odnawialnych \u017ar\u00f3de\u0142 energii. Czasopismo Techniczne Politechniki Krakowskiej, seria Budownictwo 2012.<\/li>\n<li>Stanisz K., Gumu\u0142a S.: An experimental evaluation of resources and the potential for using the kinetic energy the kinetic energy of wind to produce electricity. Czasopismo Techniczne Politechniki Krakowskiej, seria Budownictwo 2014.<\/li>\n<li>Gumu\u0142a S., Stanisz K. Kszta\u0142towanie si\u0119 wsp\u00f3\u0142czynnika efektywno\u015bci pompy ciep\u0142a przy wsp\u00f3\u0142pracy z akumulatorami ciep\u0142a o r\u00f3\u017cnej pojemno\u015bci. Czasopismo In\u017cynierii L\u0105dowej , \u015arodowiska i Architektury \u2013 Kwartalnik tom XXXII zeszyt 62 (nr 2\/2015).<\/li>\n<li>Gumu\u0142a S., Stanisz K. The autonomic energy system of the residential building based on renewable energy sources &#8211; Transactions of the institute of fluid-flow machinery &#8211; 2015.<\/li>\n<li>Gumu\u0142a S., Stanisz K. Energetyka prosumencka w budownictwie rozproszonym \u2013 Czasopismo in\u017cynierii l\u0105dowej, \u015brodowiska i architektury, journal of civil engineering, environment and architecture &#8211; 2016.<\/li>\n<\/ol>\n<hr>\n<p>&nbsp;<\/p>\n","protected":false},"excerpt":{"rendered":"<p>Monografia Gumu\u0142a S, Stanisz K.: Heating of a residential building with the use of the heat pump cooperating with the water heat accumulator. XIII Mi\u0119dzynarodowa Konferencja naukowo-techniczn\u0105 Air &amp; Heat &#8211; Water &amp; Energy, Wroc\u0142aw 2011 Rozdzia\u0142 w monografii pt. Nowoczesne rozwi\u0105zania w in\u017cynierii i ochronie \u015brodowiska, Wydawnictwo Politechniki Wroc\u0142awskiej, [\u2026] <\/p>\n<div class=\"clear\"><\/div>\n<p><a class=\"more_link clearfix\" href=\"https:\/\/pans.krosno.pl\/pracownicy\/katarzyna-czupinska\/katarzyna-czupinska-najwazniejsze-publikacje\/\" rel=\"nofollow\">Read More<\/a><\/p>\n","protected":false},"author":34,"featured_media":0,"parent":3353,"menu_order":0,"comment_status":"closed","ping_status":"closed","template":"","meta":{"ngg_post_thumbnail":0,"footnotes":""},"class_list":["post-3452","page","type-page","status-publish","hentry"],"yoast_head":"<!-- This site is optimized with the Yoast SEO Premium plugin v27.3 (Yoast SEO v27.3) - https:\/\/yoast.com\/product\/yoast-seo-premium-wordpress\/ -->\n<title>dr Katarzyna Stanisz-Czupi\u0144ska - Najwa\u017cniejsze publikacje - Pracownicy PANS w Kro\u015bnie<\/title>\n<meta name=\"robots\" content=\"index, follow, max-snippet:-1, max-image-preview:large, max-video-preview:-1\" \/>\n<link rel=\"canonical\" href=\"https:\/\/pans.krosno.pl\/pracownicy\/katarzyna-czupinska\/katarzyna-czupinska-najwazniejsze-publikacje\/\" \/>\n<meta property=\"og:locale\" content=\"pl_PL\" \/>\n<meta property=\"og:type\" content=\"article\" \/>\n<meta property=\"og:title\" content=\"dr Katarzyna Stanisz-Czupi\u0144ska - Najwa\u017cniejsze publikacje\" \/>\n<meta property=\"og:description\" content=\"Monografia Gumu\u0142a S, Stanisz K.: Heating of a residential building with the use of the heat pump cooperating with the water heat accumulator. XIII Mi\u0119dzynarodowa Konferencja naukowo-techniczn\u0105 Air &amp; Heat &#8211; Water &amp; Energy, Wroc\u0142aw 2011 Rozdzia\u0142 w monografii pt. Nowoczesne rozwi\u0105zania w in\u017cynierii i ochronie \u015brodowiska, Wydawnictwo Politechniki Wroc\u0142awskiej, [\u2026] Read More\" \/>\n<meta property=\"og:url\" content=\"https:\/\/pans.krosno.pl\/pracownicy\/katarzyna-czupinska\/katarzyna-czupinska-najwazniejsze-publikacje\/\" \/>\n<meta property=\"og:site_name\" content=\"Pracownicy PANS w Kro\u015bnie\" \/>\n<meta property=\"article:modified_time\" content=\"2025-06-02T09:45:23+00:00\" \/>\n<meta name=\"twitter:card\" content=\"summary_large_image\" \/>\n<meta name=\"twitter:label1\" content=\"Szacowany czas czytania\" \/>\n\t<meta name=\"twitter:data1\" content=\"2 minuty\" \/>\n<script type=\"application\/ld+json\" class=\"yoast-schema-graph\">{\"@context\":\"https:\\\/\\\/schema.org\",\"@graph\":[{\"@type\":\"WebPage\",\"@id\":\"https:\\\/\\\/pans.krosno.pl\\\/pracownicy\\\/katarzyna-czupinska\\\/katarzyna-czupinska-najwazniejsze-publikacje\\\/\",\"url\":\"https:\\\/\\\/pans.krosno.pl\\\/pracownicy\\\/katarzyna-czupinska\\\/katarzyna-czupinska-najwazniejsze-publikacje\\\/\",\"name\":\"dr Katarzyna Stanisz-Czupi\u0144ska - Najwa\u017cniejsze publikacje - Pracownicy PANS w Kro\u015bnie\",\"isPartOf\":{\"@id\":\"https:\\\/\\\/pans.krosno.pl\\\/pracownicy\\\/#website\"},\"datePublished\":\"2020-04-21T10:34:51+00:00\",\"dateModified\":\"2025-06-02T09:45:23+00:00\",\"breadcrumb\":{\"@id\":\"https:\\\/\\\/pans.krosno.pl\\\/pracownicy\\\/katarzyna-czupinska\\\/katarzyna-czupinska-najwazniejsze-publikacje\\\/#breadcrumb\"},\"inLanguage\":\"pl-PL\",\"potentialAction\":[{\"@type\":\"ReadAction\",\"target\":[\"https:\\\/\\\/pans.krosno.pl\\\/pracownicy\\\/katarzyna-czupinska\\\/katarzyna-czupinska-najwazniejsze-publikacje\\\/\"]}]},{\"@type\":\"BreadcrumbList\",\"@id\":\"https:\\\/\\\/pans.krosno.pl\\\/pracownicy\\\/katarzyna-czupinska\\\/katarzyna-czupinska-najwazniejsze-publikacje\\\/#breadcrumb\",\"itemListElement\":[{\"@type\":\"ListItem\",\"position\":1,\"name\":\"Strona g\u0142\u00f3wna\",\"item\":\"https:\\\/\\\/pans.krosno.pl\\\/pracownicy\\\/\"},{\"@type\":\"ListItem\",\"position\":2,\"name\":\"dr Katarzyna Stanisz-Czupi\u0144ska\",\"item\":\"https:\\\/\\\/pans.krosno.pl\\\/pracownicy\\\/katarzyna-czupinska\\\/\"},{\"@type\":\"ListItem\",\"position\":3,\"name\":\"dr Katarzyna Stanisz-Czupi\u0144ska &#8211; Najwa\u017cniejsze publikacje\"}]},{\"@type\":\"WebSite\",\"@id\":\"https:\\\/\\\/pans.krosno.pl\\\/pracownicy\\\/#website\",\"url\":\"https:\\\/\\\/pans.krosno.pl\\\/pracownicy\\\/\",\"name\":\"Pracownicy PANS w Kro\u015bnie\",\"description\":\"Pracownicy - Pa\u0144stwowa Akademia Nauk Stosowanych\",\"publisher\":{\"@id\":\"https:\\\/\\\/pans.krosno.pl\\\/pracownicy\\\/#organization\"},\"potentialAction\":[{\"@type\":\"SearchAction\",\"target\":{\"@type\":\"EntryPoint\",\"urlTemplate\":\"https:\\\/\\\/pans.krosno.pl\\\/pracownicy\\\/?s={search_term_string}\"},\"query-input\":{\"@type\":\"PropertyValueSpecification\",\"valueRequired\":true,\"valueName\":\"search_term_string\"}}],\"inLanguage\":\"pl-PL\"},{\"@type\":\"Organization\",\"@id\":\"https:\\\/\\\/pans.krosno.pl\\\/pracownicy\\\/#organization\",\"name\":\"Pracownicy PANS w Kro\u015bnie\",\"url\":\"https:\\\/\\\/pans.krosno.pl\\\/pracownicy\\\/\",\"logo\":{\"@type\":\"ImageObject\",\"inLanguage\":\"pl-PL\",\"@id\":\"https:\\\/\\\/pans.krosno.pl\\\/pracownicy\\\/#\\\/schema\\\/logo\\\/image\\\/\",\"url\":\"https:\\\/\\\/pans.krosno.pl\\\/pracownicy\\\/wp-content\\\/uploads\\\/sites\\\/41\\\/2023\\\/01\\\/Logo-PANS-2022-pelne.png\",\"contentUrl\":\"https:\\\/\\\/pans.krosno.pl\\\/pracownicy\\\/wp-content\\\/uploads\\\/sites\\\/41\\\/2023\\\/01\\\/Logo-PANS-2022-pelne.png\",\"width\":3096,\"height\":696,\"caption\":\"Pracownicy PANS w Kro\u015bnie\"},\"image\":{\"@id\":\"https:\\\/\\\/pans.krosno.pl\\\/pracownicy\\\/#\\\/schema\\\/logo\\\/image\\\/\"}}]}<\/script>\n<!-- \/ Yoast SEO Premium plugin. -->","yoast_head_json":{"title":"dr Katarzyna Stanisz-Czupi\u0144ska - Najwa\u017cniejsze publikacje - Pracownicy PANS w Kro\u015bnie","robots":{"index":"index","follow":"follow","max-snippet":"max-snippet:-1","max-image-preview":"max-image-preview:large","max-video-preview":"max-video-preview:-1"},"canonical":"https:\/\/pans.krosno.pl\/pracownicy\/katarzyna-czupinska\/katarzyna-czupinska-najwazniejsze-publikacje\/","og_locale":"pl_PL","og_type":"article","og_title":"dr Katarzyna Stanisz-Czupi\u0144ska - Najwa\u017cniejsze publikacje","og_description":"Monografia Gumu\u0142a S, Stanisz K.: Heating of a residential building with the use of the heat pump cooperating with the water heat accumulator. XIII Mi\u0119dzynarodowa Konferencja naukowo-techniczn\u0105 Air &amp; Heat &#8211; Water &amp; Energy, Wroc\u0142aw 2011 Rozdzia\u0142 w monografii pt. Nowoczesne rozwi\u0105zania w in\u017cynierii i ochronie \u015brodowiska, Wydawnictwo Politechniki Wroc\u0142awskiej, [\u2026] Read More","og_url":"https:\/\/pans.krosno.pl\/pracownicy\/katarzyna-czupinska\/katarzyna-czupinska-najwazniejsze-publikacje\/","og_site_name":"Pracownicy PANS w Kro\u015bnie","article_modified_time":"2025-06-02T09:45:23+00:00","twitter_card":"summary_large_image","twitter_misc":{"Szacowany czas czytania":"2 minuty"},"schema":{"@context":"https:\/\/schema.org","@graph":[{"@type":"WebPage","@id":"https:\/\/pans.krosno.pl\/pracownicy\/katarzyna-czupinska\/katarzyna-czupinska-najwazniejsze-publikacje\/","url":"https:\/\/pans.krosno.pl\/pracownicy\/katarzyna-czupinska\/katarzyna-czupinska-najwazniejsze-publikacje\/","name":"dr Katarzyna Stanisz-Czupi\u0144ska - Najwa\u017cniejsze publikacje - Pracownicy PANS w Kro\u015bnie","isPartOf":{"@id":"https:\/\/pans.krosno.pl\/pracownicy\/#website"},"datePublished":"2020-04-21T10:34:51+00:00","dateModified":"2025-06-02T09:45:23+00:00","breadcrumb":{"@id":"https:\/\/pans.krosno.pl\/pracownicy\/katarzyna-czupinska\/katarzyna-czupinska-najwazniejsze-publikacje\/#breadcrumb"},"inLanguage":"pl-PL","potentialAction":[{"@type":"ReadAction","target":["https:\/\/pans.krosno.pl\/pracownicy\/katarzyna-czupinska\/katarzyna-czupinska-najwazniejsze-publikacje\/"]}]},{"@type":"BreadcrumbList","@id":"https:\/\/pans.krosno.pl\/pracownicy\/katarzyna-czupinska\/katarzyna-czupinska-najwazniejsze-publikacje\/#breadcrumb","itemListElement":[{"@type":"ListItem","position":1,"name":"Strona g\u0142\u00f3wna","item":"https:\/\/pans.krosno.pl\/pracownicy\/"},{"@type":"ListItem","position":2,"name":"dr Katarzyna Stanisz-Czupi\u0144ska","item":"https:\/\/pans.krosno.pl\/pracownicy\/katarzyna-czupinska\/"},{"@type":"ListItem","position":3,"name":"dr Katarzyna Stanisz-Czupi\u0144ska &#8211; Najwa\u017cniejsze publikacje"}]},{"@type":"WebSite","@id":"https:\/\/pans.krosno.pl\/pracownicy\/#website","url":"https:\/\/pans.krosno.pl\/pracownicy\/","name":"Pracownicy PANS w Kro\u015bnie","description":"Pracownicy - Pa\u0144stwowa Akademia Nauk Stosowanych","publisher":{"@id":"https:\/\/pans.krosno.pl\/pracownicy\/#organization"},"potentialAction":[{"@type":"SearchAction","target":{"@type":"EntryPoint","urlTemplate":"https:\/\/pans.krosno.pl\/pracownicy\/?s={search_term_string}"},"query-input":{"@type":"PropertyValueSpecification","valueRequired":true,"valueName":"search_term_string"}}],"inLanguage":"pl-PL"},{"@type":"Organization","@id":"https:\/\/pans.krosno.pl\/pracownicy\/#organization","name":"Pracownicy PANS w Kro\u015bnie","url":"https:\/\/pans.krosno.pl\/pracownicy\/","logo":{"@type":"ImageObject","inLanguage":"pl-PL","@id":"https:\/\/pans.krosno.pl\/pracownicy\/#\/schema\/logo\/image\/","url":"https:\/\/pans.krosno.pl\/pracownicy\/wp-content\/uploads\/sites\/41\/2023\/01\/Logo-PANS-2022-pelne.png","contentUrl":"https:\/\/pans.krosno.pl\/pracownicy\/wp-content\/uploads\/sites\/41\/2023\/01\/Logo-PANS-2022-pelne.png","width":3096,"height":696,"caption":"Pracownicy PANS w Kro\u015bnie"},"image":{"@id":"https:\/\/pans.krosno.pl\/pracownicy\/#\/schema\/logo\/image\/"}}]}},"_links":{"self":[{"href":"https:\/\/pans.krosno.pl\/pracownicy\/wp-json\/wp\/v2\/pages\/3452","targetHints":{"allow":["GET"]}}],"collection":[{"href":"https:\/\/pans.krosno.pl\/pracownicy\/wp-json\/wp\/v2\/pages"}],"about":[{"href":"https:\/\/pans.krosno.pl\/pracownicy\/wp-json\/wp\/v2\/types\/page"}],"author":[{"embeddable":true,"href":"https:\/\/pans.krosno.pl\/pracownicy\/wp-json\/wp\/v2\/users\/34"}],"replies":[{"embeddable":true,"href":"https:\/\/pans.krosno.pl\/pracownicy\/wp-json\/wp\/v2\/comments?post=3452"}],"version-history":[{"count":8,"href":"https:\/\/pans.krosno.pl\/pracownicy\/wp-json\/wp\/v2\/pages\/3452\/revisions"}],"predecessor-version":[{"id":11363,"href":"https:\/\/pans.krosno.pl\/pracownicy\/wp-json\/wp\/v2\/pages\/3452\/revisions\/11363"}],"up":[{"embeddable":true,"href":"https:\/\/pans.krosno.pl\/pracownicy\/wp-json\/wp\/v2\/pages\/3353"}],"wp:attachment":[{"href":"https:\/\/pans.krosno.pl\/pracownicy\/wp-json\/wp\/v2\/media?parent=3452"}],"curies":[{"name":"wp","href":"https:\/\/api.w.org\/{rel}","templated":true}]}}