{"id":3320,"date":"2020-04-21T08:24:26","date_gmt":"2020-04-21T06:24:26","guid":{"rendered":"https:\/\/pans.krosno.pl\/pracownicy\/?page_id=3320"},"modified":"2025-05-14T12:45:55","modified_gmt":"2025-05-14T10:45:55","slug":"dorota-chodorowska-najwazniejsze-publikacje","status":"publish","type":"page","link":"https:\/\/pans.krosno.pl\/pracownicy\/dorota-chodorowska\/dorota-chodorowska-najwazniejsze-publikacje\/","title":{"rendered":"dr in\u017c. Dorota Chodorowska &#8211; Najwa\u017cniejsze publikacje"},"content":{"rendered":"<hr>\n<p><strong>Monografie<\/strong><\/p>\n<ol>\n<li>Blum A., Chodorowska D.: Stateczno\u015b\u0107 konstrukcji cienko\u015bciennych spr\u0119\u017canych technologicznie. Monografia s. 154 Uczelniane Wydawnictwo Naukowo-Dydaktyczne AGH ISBN 978-83-74-64-203-3. Krak\u00f3w 2008.<\/li>\n<li>Praca zbiorowa; Podstawy konstrukcji maszyn 2 \u2013 Techniki wytwarzania i maszynoznawstwo (rozdzia\u0142 IV Podstawy maszynoznawstwa)<\/li>\n<\/ol>\n<p><strong>Artyku\u0142y<\/strong><\/p>\n<ol>\n<li>Blum A., Chodorowska D.: Eksperymentalne badania wp\u0142ywu spr\u0119\u017cania technologicznego blachownic na ich stateczno\u015b\u0107. II Polsko-Ukrai\u0144ska Konferencja Naukowa. Techniczno-Ekonomiczne Uwarunkowania Rozwoju Przedsi\u0119biorczo\u015bci, str. 25-32. Krak\u00f3w 2005.<\/li>\n<li>Blum A., Chodorowska D.: Wp\u0142yw si\u0142 spr\u0119\u017cania technologicznego na wytrzyma\u0142o\u015b\u0107 stalowych d\u017awigar\u00f3w blachownicowych. III Mi\u0119dzynarodowa Konferencja TRANSMEC 2005. Zeszyty naukowe Politechniki \u015al\u0105skiej Nr 1702. Zeszyt 60. Gliwice 2005, str. 25-30.<\/li>\n<li>Blum A., Chodorowska D.: Spr\u0119\u017canie technologiczne d\u017awigar\u00f3w blachownicowych. XIX Konferencja Problemy Rozwoju Maszyn Roboczych Zakopane 2006. Kwartalnik Transport Przemys\u0142owy 4(22)\/2005, str. 38-42.<\/li>\n<li>Blum A., Chodorowska D.:Analiza stateczno\u015bci konstrukcji cienko\u015bciennych spr\u0119\u017canych technologicznie. XI Sympozjum Stateczno\u015bci Konstrukcji, Zakopane 2006, str. 73-80.<\/li>\n<li>Blum A., Chodorowska D.: Experimental analysis of prestressed thin-walled structures stability. Elsevier, Thin-walled structures 45, ScienceDirect, pa\u017adziernik 2007.<\/li>\n<li>Chodorowska D, Blum A.: Stateczno\u015b\u0107 konstrukcji cienko\u015bciennych spr\u0119\u017canych technologicznie, I Kongres Mechaniki Polskiej, Warszawa, 28-31 sierpnia 2007 r.<\/li>\n<li>Chodorowska D., Blum A.: Eksperymentalna analiza spr\u0119\u017canych technologicznie konstrukcji cienko\u015bciennych, XXIII Sympozjum Mechaniki Eksperymentalnej Cia\u0142a Sta\u0142ego, Jachranka 2008.<\/li>\n<li>Chodorowska D., Blum A.: Wp\u0142yw spr\u0119\u017cania technologicznego na im perfekcje blach \u015brodnikowych d\u017awigar\u00f3w blachownicowych, XII Sympozjum Stateczno\u015bci Konstrukcji, Zakopane 2009, str. 109-116.<\/li>\n<li>Chodorowska D., Kopecki T., Mazurek P.: Numeryczne odwzorowanie bifurkacji w procesie wyznaczania rozk\u0142ad\u00f3w napr\u0119\u017ce\u0144 w zakrytycznych stanach deformacji lotniczych struktur no\u015bnych, XIII Sympozjum Stateczno\u015bci Konstrukcji, Zakopane 2012, str. 363-372.<\/li>\n<li>Chodorowska D., Kopecki T., Mazurek P.: Post-Critical Deformation States of Thin-Walled Semi-Monocoque Aircraft Load-Bearing Structure with Large Opening, XIV Sympozjum Stateczno\u015bci Konstrukcji, Zakopane 2015, ISBN 83-914019-8-7.<\/li>\n<li>Chodorowska D., Kopecki T., Lis T., Mazurek P.: Post-buckling deformation states of semi-monocoque cylindrical structures with large cut-outs operating load conditions. Numerical analysis and experimental tests, Eksploatacja i Niezawodnosc Maintenance and Reliability 2016, ISSN 1507-2711.<\/li>\n<li>Chodorowska D., Szostak J., \u015awi\u0105toniowski A.: Repair technology of the composite wing of a light plane damaged during an aircraft crash, Zeszyty Naukowe Transport\/ Politechnika \u015al\u0105ska, 2016, str. 149-157.<\/li>\n<\/ol>\n<hr>\n<p>&nbsp;<\/p>\n","protected":false},"excerpt":{"rendered":"<p>Monografie Blum A., Chodorowska D.: Stateczno\u015b\u0107 konstrukcji cienko\u015bciennych spr\u0119\u017canych technologicznie. Monografia s. 154 Uczelniane Wydawnictwo Naukowo-Dydaktyczne AGH ISBN 978-83-74-64-203-3. Krak\u00f3w 2008. Praca zbiorowa; Podstawy konstrukcji maszyn 2 \u2013 Techniki wytwarzania i maszynoznawstwo (rozdzia\u0142 IV Podstawy maszynoznawstwa) Artyku\u0142y Blum A., Chodorowska D.: Eksperymentalne badania wp\u0142ywu spr\u0119\u017cania technologicznego blachownic na ich stateczno\u015b\u0107. [\u2026] <\/p>\n<div class=\"clear\"><\/div>\n<p><a class=\"more_link clearfix\" href=\"https:\/\/pans.krosno.pl\/pracownicy\/dorota-chodorowska\/dorota-chodorowska-najwazniejsze-publikacje\/\" rel=\"nofollow\">Read More<\/a><\/p>\n","protected":false},"author":34,"featured_media":0,"parent":3308,"menu_order":0,"comment_status":"closed","ping_status":"closed","template":"","meta":{"ngg_post_thumbnail":0,"footnotes":""},"class_list":["post-3320","page","type-page","status-publish","hentry"],"yoast_head":"<!-- This site is optimized with the Yoast SEO Premium plugin v27.4 (Yoast SEO v27.4) - https:\/\/yoast.com\/product\/yoast-seo-premium-wordpress\/ -->\n<title>dr in\u017c. Dorota Chodorowska - Najwa\u017cniejsze publikacje - Pracownicy PANS w Kro\u015bnie<\/title>\n<meta name=\"robots\" content=\"index, follow, max-snippet:-1, max-image-preview:large, max-video-preview:-1\" \/>\n<link rel=\"canonical\" href=\"https:\/\/pans.krosno.pl\/pracownicy\/dorota-chodorowska\/dorota-chodorowska-najwazniejsze-publikacje\/\" \/>\n<meta property=\"og:locale\" content=\"pl_PL\" \/>\n<meta property=\"og:type\" content=\"article\" \/>\n<meta property=\"og:title\" content=\"dr in\u017c. Dorota Chodorowska - Najwa\u017cniejsze publikacje\" \/>\n<meta property=\"og:description\" content=\"Monografie Blum A., Chodorowska D.: Stateczno\u015b\u0107 konstrukcji cienko\u015bciennych spr\u0119\u017canych technologicznie. Monografia s. 154 Uczelniane Wydawnictwo Naukowo-Dydaktyczne AGH ISBN 978-83-74-64-203-3. Krak\u00f3w 2008. Praca zbiorowa; Podstawy konstrukcji maszyn 2 \u2013 Techniki wytwarzania i maszynoznawstwo (rozdzia\u0142 IV Podstawy maszynoznawstwa) Artyku\u0142y Blum A., Chodorowska D.: Eksperymentalne badania wp\u0142ywu spr\u0119\u017cania technologicznego blachownic na ich stateczno\u015b\u0107. [\u2026] Read More\" \/>\n<meta property=\"og:url\" content=\"https:\/\/pans.krosno.pl\/pracownicy\/dorota-chodorowska\/dorota-chodorowska-najwazniejsze-publikacje\/\" \/>\n<meta property=\"og:site_name\" content=\"Pracownicy PANS w Kro\u015bnie\" \/>\n<meta property=\"article:modified_time\" content=\"2025-05-14T10:45:55+00:00\" \/>\n<meta name=\"twitter:card\" content=\"summary_large_image\" \/>\n<meta name=\"twitter:label1\" content=\"Szacowany czas czytania\" \/>\n\t<meta name=\"twitter:data1\" content=\"2 minuty\" \/>\n<script type=\"application\/ld+json\" class=\"yoast-schema-graph\">{\"@context\":\"https:\\\/\\\/schema.org\",\"@graph\":[{\"@type\":\"WebPage\",\"@id\":\"https:\\\/\\\/pans.krosno.pl\\\/pracownicy\\\/dorota-chodorowska\\\/dorota-chodorowska-najwazniejsze-publikacje\\\/\",\"url\":\"https:\\\/\\\/pans.krosno.pl\\\/pracownicy\\\/dorota-chodorowska\\\/dorota-chodorowska-najwazniejsze-publikacje\\\/\",\"name\":\"dr in\u017c. Dorota Chodorowska - Najwa\u017cniejsze publikacje - Pracownicy PANS w Kro\u015bnie\",\"isPartOf\":{\"@id\":\"https:\\\/\\\/pans.krosno.pl\\\/pracownicy\\\/#website\"},\"datePublished\":\"2020-04-21T06:24:26+00:00\",\"dateModified\":\"2025-05-14T10:45:55+00:00\",\"breadcrumb\":{\"@id\":\"https:\\\/\\\/pans.krosno.pl\\\/pracownicy\\\/dorota-chodorowska\\\/dorota-chodorowska-najwazniejsze-publikacje\\\/#breadcrumb\"},\"inLanguage\":\"pl-PL\",\"potentialAction\":[{\"@type\":\"ReadAction\",\"target\":[\"https:\\\/\\\/pans.krosno.pl\\\/pracownicy\\\/dorota-chodorowska\\\/dorota-chodorowska-najwazniejsze-publikacje\\\/\"]}]},{\"@type\":\"BreadcrumbList\",\"@id\":\"https:\\\/\\\/pans.krosno.pl\\\/pracownicy\\\/dorota-chodorowska\\\/dorota-chodorowska-najwazniejsze-publikacje\\\/#breadcrumb\",\"itemListElement\":[{\"@type\":\"ListItem\",\"position\":1,\"name\":\"Strona g\u0142\u00f3wna\",\"item\":\"https:\\\/\\\/pans.krosno.pl\\\/pracownicy\\\/\"},{\"@type\":\"ListItem\",\"position\":2,\"name\":\"dr in\u017c. Dorota Chodorowska\",\"item\":\"https:\\\/\\\/pans.krosno.pl\\\/pracownicy\\\/dorota-chodorowska\\\/\"},{\"@type\":\"ListItem\",\"position\":3,\"name\":\"dr in\u017c. Dorota Chodorowska &#8211; Najwa\u017cniejsze publikacje\"}]},{\"@type\":\"WebSite\",\"@id\":\"https:\\\/\\\/pans.krosno.pl\\\/pracownicy\\\/#website\",\"url\":\"https:\\\/\\\/pans.krosno.pl\\\/pracownicy\\\/\",\"name\":\"Pracownicy PANS w Kro\u015bnie\",\"description\":\"Pracownicy - Pa\u0144stwowa Akademia Nauk Stosowanych\",\"publisher\":{\"@id\":\"https:\\\/\\\/pans.krosno.pl\\\/pracownicy\\\/#organization\"},\"potentialAction\":[{\"@type\":\"SearchAction\",\"target\":{\"@type\":\"EntryPoint\",\"urlTemplate\":\"https:\\\/\\\/pans.krosno.pl\\\/pracownicy\\\/?s={search_term_string}\"},\"query-input\":{\"@type\":\"PropertyValueSpecification\",\"valueRequired\":true,\"valueName\":\"search_term_string\"}}],\"inLanguage\":\"pl-PL\"},{\"@type\":\"Organization\",\"@id\":\"https:\\\/\\\/pans.krosno.pl\\\/pracownicy\\\/#organization\",\"name\":\"Pracownicy PANS w Kro\u015bnie\",\"url\":\"https:\\\/\\\/pans.krosno.pl\\\/pracownicy\\\/\",\"logo\":{\"@type\":\"ImageObject\",\"inLanguage\":\"pl-PL\",\"@id\":\"https:\\\/\\\/pans.krosno.pl\\\/pracownicy\\\/#\\\/schema\\\/logo\\\/image\\\/\",\"url\":\"https:\\\/\\\/pans.krosno.pl\\\/pracownicy\\\/wp-content\\\/uploads\\\/sites\\\/41\\\/2023\\\/01\\\/Logo-PANS-2022-pelne.png\",\"contentUrl\":\"https:\\\/\\\/pans.krosno.pl\\\/pracownicy\\\/wp-content\\\/uploads\\\/sites\\\/41\\\/2023\\\/01\\\/Logo-PANS-2022-pelne.png\",\"width\":3096,\"height\":696,\"caption\":\"Pracownicy PANS w Kro\u015bnie\"},\"image\":{\"@id\":\"https:\\\/\\\/pans.krosno.pl\\\/pracownicy\\\/#\\\/schema\\\/logo\\\/image\\\/\"}}]}<\/script>\n<!-- \/ Yoast SEO Premium plugin. -->","yoast_head_json":{"title":"dr in\u017c. Dorota Chodorowska - Najwa\u017cniejsze publikacje - Pracownicy PANS w Kro\u015bnie","robots":{"index":"index","follow":"follow","max-snippet":"max-snippet:-1","max-image-preview":"max-image-preview:large","max-video-preview":"max-video-preview:-1"},"canonical":"https:\/\/pans.krosno.pl\/pracownicy\/dorota-chodorowska\/dorota-chodorowska-najwazniejsze-publikacje\/","og_locale":"pl_PL","og_type":"article","og_title":"dr in\u017c. Dorota Chodorowska - Najwa\u017cniejsze publikacje","og_description":"Monografie Blum A., Chodorowska D.: Stateczno\u015b\u0107 konstrukcji cienko\u015bciennych spr\u0119\u017canych technologicznie. Monografia s. 154 Uczelniane Wydawnictwo Naukowo-Dydaktyczne AGH ISBN 978-83-74-64-203-3. Krak\u00f3w 2008. Praca zbiorowa; Podstawy konstrukcji maszyn 2 \u2013 Techniki wytwarzania i maszynoznawstwo (rozdzia\u0142 IV Podstawy maszynoznawstwa) Artyku\u0142y Blum A., Chodorowska D.: Eksperymentalne badania wp\u0142ywu spr\u0119\u017cania technologicznego blachownic na ich stateczno\u015b\u0107. [\u2026] Read More","og_url":"https:\/\/pans.krosno.pl\/pracownicy\/dorota-chodorowska\/dorota-chodorowska-najwazniejsze-publikacje\/","og_site_name":"Pracownicy PANS w Kro\u015bnie","article_modified_time":"2025-05-14T10:45:55+00:00","twitter_card":"summary_large_image","twitter_misc":{"Szacowany czas czytania":"2 minuty"},"schema":{"@context":"https:\/\/schema.org","@graph":[{"@type":"WebPage","@id":"https:\/\/pans.krosno.pl\/pracownicy\/dorota-chodorowska\/dorota-chodorowska-najwazniejsze-publikacje\/","url":"https:\/\/pans.krosno.pl\/pracownicy\/dorota-chodorowska\/dorota-chodorowska-najwazniejsze-publikacje\/","name":"dr in\u017c. Dorota Chodorowska - Najwa\u017cniejsze publikacje - Pracownicy PANS w Kro\u015bnie","isPartOf":{"@id":"https:\/\/pans.krosno.pl\/pracownicy\/#website"},"datePublished":"2020-04-21T06:24:26+00:00","dateModified":"2025-05-14T10:45:55+00:00","breadcrumb":{"@id":"https:\/\/pans.krosno.pl\/pracownicy\/dorota-chodorowska\/dorota-chodorowska-najwazniejsze-publikacje\/#breadcrumb"},"inLanguage":"pl-PL","potentialAction":[{"@type":"ReadAction","target":["https:\/\/pans.krosno.pl\/pracownicy\/dorota-chodorowska\/dorota-chodorowska-najwazniejsze-publikacje\/"]}]},{"@type":"BreadcrumbList","@id":"https:\/\/pans.krosno.pl\/pracownicy\/dorota-chodorowska\/dorota-chodorowska-najwazniejsze-publikacje\/#breadcrumb","itemListElement":[{"@type":"ListItem","position":1,"name":"Strona g\u0142\u00f3wna","item":"https:\/\/pans.krosno.pl\/pracownicy\/"},{"@type":"ListItem","position":2,"name":"dr in\u017c. Dorota Chodorowska","item":"https:\/\/pans.krosno.pl\/pracownicy\/dorota-chodorowska\/"},{"@type":"ListItem","position":3,"name":"dr in\u017c. Dorota Chodorowska &#8211; Najwa\u017cniejsze publikacje"}]},{"@type":"WebSite","@id":"https:\/\/pans.krosno.pl\/pracownicy\/#website","url":"https:\/\/pans.krosno.pl\/pracownicy\/","name":"Pracownicy PANS w Kro\u015bnie","description":"Pracownicy - Pa\u0144stwowa Akademia Nauk Stosowanych","publisher":{"@id":"https:\/\/pans.krosno.pl\/pracownicy\/#organization"},"potentialAction":[{"@type":"SearchAction","target":{"@type":"EntryPoint","urlTemplate":"https:\/\/pans.krosno.pl\/pracownicy\/?s={search_term_string}"},"query-input":{"@type":"PropertyValueSpecification","valueRequired":true,"valueName":"search_term_string"}}],"inLanguage":"pl-PL"},{"@type":"Organization","@id":"https:\/\/pans.krosno.pl\/pracownicy\/#organization","name":"Pracownicy PANS w Kro\u015bnie","url":"https:\/\/pans.krosno.pl\/pracownicy\/","logo":{"@type":"ImageObject","inLanguage":"pl-PL","@id":"https:\/\/pans.krosno.pl\/pracownicy\/#\/schema\/logo\/image\/","url":"https:\/\/pans.krosno.pl\/pracownicy\/wp-content\/uploads\/sites\/41\/2023\/01\/Logo-PANS-2022-pelne.png","contentUrl":"https:\/\/pans.krosno.pl\/pracownicy\/wp-content\/uploads\/sites\/41\/2023\/01\/Logo-PANS-2022-pelne.png","width":3096,"height":696,"caption":"Pracownicy PANS w Kro\u015bnie"},"image":{"@id":"https:\/\/pans.krosno.pl\/pracownicy\/#\/schema\/logo\/image\/"}}]}},"_links":{"self":[{"href":"https:\/\/pans.krosno.pl\/pracownicy\/wp-json\/wp\/v2\/pages\/3320","targetHints":{"allow":["GET"]}}],"collection":[{"href":"https:\/\/pans.krosno.pl\/pracownicy\/wp-json\/wp\/v2\/pages"}],"about":[{"href":"https:\/\/pans.krosno.pl\/pracownicy\/wp-json\/wp\/v2\/types\/page"}],"author":[{"embeddable":true,"href":"https:\/\/pans.krosno.pl\/pracownicy\/wp-json\/wp\/v2\/users\/34"}],"replies":[{"embeddable":true,"href":"https:\/\/pans.krosno.pl\/pracownicy\/wp-json\/wp\/v2\/comments?post=3320"}],"version-history":[{"count":4,"href":"https:\/\/pans.krosno.pl\/pracownicy\/wp-json\/wp\/v2\/pages\/3320\/revisions"}],"predecessor-version":[{"id":7950,"href":"https:\/\/pans.krosno.pl\/pracownicy\/wp-json\/wp\/v2\/pages\/3320\/revisions\/7950"}],"up":[{"embeddable":true,"href":"https:\/\/pans.krosno.pl\/pracownicy\/wp-json\/wp\/v2\/pages\/3308"}],"wp:attachment":[{"href":"https:\/\/pans.krosno.pl\/pracownicy\/wp-json\/wp\/v2\/media?parent=3320"}],"curies":[{"name":"wp","href":"https:\/\/api.w.org\/{rel}","templated":true}]}}