{"id":3311,"date":"2020-04-21T08:19:49","date_gmt":"2020-04-21T06:19:49","guid":{"rendered":"https:\/\/pans.krosno.pl\/pracownicy\/?page_id=3311"},"modified":"2025-05-14T12:44:58","modified_gmt":"2025-05-14T10:44:58","slug":"dorota-chodorowska-zyciorys-naukowy","status":"publish","type":"page","link":"https:\/\/pans.krosno.pl\/pracownicy\/dorota-chodorowska\/dorota-chodorowska-zyciorys-naukowy\/","title":{"rendered":"dr in\u017c. Dorota Chodorowska &#8211; \u017byciorys naukowy"},"content":{"rendered":"<hr>\n<p>Absolwentka studi\u00f3w wy\u017cszych na Wydziale Budowy Maszyn i Lotnictwa Politechniki Rzeszowskiej im. Ignacego \u0141ukasiewicza w Rzeszowie. W 1998 r. uzyska\u0142a tytu\u0142 zawodowy magistra in\u017cyniera na kierunku Lotnictwo, specjalno\u015b\u0107 Lotnicze Systemy Sterowania. W 2008 r. otrzyma\u0142a tytu\u0142 doktora nauk technicznych na Akademii G\u00f3rniczo-Hutniczej im. Stanis\u0142awa Staszica w Krakowie. Tytu\u0142 rozprawy doktorskiej: \u201eAnaliza stateczno\u015bci konstrukcji cienko\u015bciennych spr\u0119\u017canych technologicznie\u201d\/ nauki techniczne\/ mechanika.<\/p>\n<p>Od 2001 r. starszy wyk\u0142adowca na kierunku Mechanika i Budowa Maszyn w Pa\u0144stwowej Wy\u017cszej Szko\u0142y Zawodowej w Kro\u015bnie, Karpackiej Pa\u0144stwowej Uczelni w Kro\u015bnie. Obecnie w Pa\u0144stwowej Akademii Nauk Stosowanych w Kro\u015bnie. Koordynator modu\u0142\u00f3w: wytrzyma\u0142o\u015b\u0107 materia\u0142\u00f3w, MES, mechanika techniczna.<\/p>\n<p>W okresie od 2010 r. do 2016 r. starszy wyk\u0142adowca na Politechnice Rzeszowskiej (wytrzyma\u0142o\u015b\u0107 materia\u0142\u00f3w).<\/p>\n<hr>\n<p>&nbsp;<\/p>\n","protected":false},"excerpt":{"rendered":"<p>Absolwentka studi\u00f3w wy\u017cszych na Wydziale Budowy Maszyn i Lotnictwa Politechniki Rzeszowskiej im. Ignacego \u0141ukasiewicza w Rzeszowie. W 1998 r. uzyska\u0142a tytu\u0142 zawodowy magistra in\u017cyniera na kierunku Lotnictwo, specjalno\u015b\u0107 Lotnicze Systemy Sterowania. W 2008 r. otrzyma\u0142a tytu\u0142 doktora nauk technicznych na Akademii G\u00f3rniczo-Hutniczej im. Stanis\u0142awa Staszica w Krakowie. Tytu\u0142 rozprawy doktorskiej: [\u2026] <\/p>\n<div class=\"clear\"><\/div>\n<p><a class=\"more_link clearfix\" href=\"https:\/\/pans.krosno.pl\/pracownicy\/dorota-chodorowska\/dorota-chodorowska-zyciorys-naukowy\/\" rel=\"nofollow\">Read More<\/a><\/p>\n","protected":false},"author":34,"featured_media":0,"parent":3308,"menu_order":0,"comment_status":"closed","ping_status":"closed","template":"","meta":{"ngg_post_thumbnail":0,"footnotes":""},"class_list":["post-3311","page","type-page","status-publish","hentry"],"yoast_head":"<!-- This site is optimized with the Yoast SEO Premium plugin v27.4 (Yoast SEO v27.4) - https:\/\/yoast.com\/product\/yoast-seo-premium-wordpress\/ -->\n<title>dr in\u017c. Dorota Chodorowska - \u017byciorys naukowy - Pracownicy PANS w Kro\u015bnie<\/title>\n<meta name=\"robots\" content=\"index, follow, max-snippet:-1, max-image-preview:large, max-video-preview:-1\" \/>\n<link rel=\"canonical\" href=\"https:\/\/pans.krosno.pl\/pracownicy\/dorota-chodorowska\/dorota-chodorowska-zyciorys-naukowy\/\" \/>\n<meta property=\"og:locale\" content=\"pl_PL\" \/>\n<meta property=\"og:type\" content=\"article\" \/>\n<meta property=\"og:title\" content=\"dr in\u017c. Dorota Chodorowska - \u017byciorys naukowy\" \/>\n<meta property=\"og:description\" content=\"Absolwentka studi\u00f3w wy\u017cszych na Wydziale Budowy Maszyn i Lotnictwa Politechniki Rzeszowskiej im. Ignacego \u0141ukasiewicza w Rzeszowie. W 1998 r. uzyska\u0142a tytu\u0142 zawodowy magistra in\u017cyniera na kierunku Lotnictwo, specjalno\u015b\u0107 Lotnicze Systemy Sterowania. W 2008 r. otrzyma\u0142a tytu\u0142 doktora nauk technicznych na Akademii G\u00f3rniczo-Hutniczej im. Stanis\u0142awa Staszica w Krakowie. Tytu\u0142 rozprawy doktorskiej: [\u2026] Read More\" \/>\n<meta property=\"og:url\" content=\"https:\/\/pans.krosno.pl\/pracownicy\/dorota-chodorowska\/dorota-chodorowska-zyciorys-naukowy\/\" \/>\n<meta property=\"og:site_name\" content=\"Pracownicy PANS w Kro\u015bnie\" \/>\n<meta property=\"article:modified_time\" content=\"2025-05-14T10:44:58+00:00\" \/>\n<meta name=\"twitter:card\" content=\"summary_large_image\" \/>\n<meta name=\"twitter:label1\" content=\"Szacowany czas czytania\" \/>\n\t<meta name=\"twitter:data1\" content=\"1 minuta\" \/>\n<script type=\"application\/ld+json\" class=\"yoast-schema-graph\">{\"@context\":\"https:\\\/\\\/schema.org\",\"@graph\":[{\"@type\":\"WebPage\",\"@id\":\"https:\\\/\\\/pans.krosno.pl\\\/pracownicy\\\/dorota-chodorowska\\\/dorota-chodorowska-zyciorys-naukowy\\\/\",\"url\":\"https:\\\/\\\/pans.krosno.pl\\\/pracownicy\\\/dorota-chodorowska\\\/dorota-chodorowska-zyciorys-naukowy\\\/\",\"name\":\"dr in\u017c. Dorota Chodorowska - \u017byciorys naukowy - Pracownicy PANS w Kro\u015bnie\",\"isPartOf\":{\"@id\":\"https:\\\/\\\/pans.krosno.pl\\\/pracownicy\\\/#website\"},\"datePublished\":\"2020-04-21T06:19:49+00:00\",\"dateModified\":\"2025-05-14T10:44:58+00:00\",\"breadcrumb\":{\"@id\":\"https:\\\/\\\/pans.krosno.pl\\\/pracownicy\\\/dorota-chodorowska\\\/dorota-chodorowska-zyciorys-naukowy\\\/#breadcrumb\"},\"inLanguage\":\"pl-PL\",\"potentialAction\":[{\"@type\":\"ReadAction\",\"target\":[\"https:\\\/\\\/pans.krosno.pl\\\/pracownicy\\\/dorota-chodorowska\\\/dorota-chodorowska-zyciorys-naukowy\\\/\"]}]},{\"@type\":\"BreadcrumbList\",\"@id\":\"https:\\\/\\\/pans.krosno.pl\\\/pracownicy\\\/dorota-chodorowska\\\/dorota-chodorowska-zyciorys-naukowy\\\/#breadcrumb\",\"itemListElement\":[{\"@type\":\"ListItem\",\"position\":1,\"name\":\"Strona g\u0142\u00f3wna\",\"item\":\"https:\\\/\\\/pans.krosno.pl\\\/pracownicy\\\/\"},{\"@type\":\"ListItem\",\"position\":2,\"name\":\"dr in\u017c. Dorota Chodorowska\",\"item\":\"https:\\\/\\\/pans.krosno.pl\\\/pracownicy\\\/dorota-chodorowska\\\/\"},{\"@type\":\"ListItem\",\"position\":3,\"name\":\"dr in\u017c. Dorota Chodorowska &#8211; \u017byciorys naukowy\"}]},{\"@type\":\"WebSite\",\"@id\":\"https:\\\/\\\/pans.krosno.pl\\\/pracownicy\\\/#website\",\"url\":\"https:\\\/\\\/pans.krosno.pl\\\/pracownicy\\\/\",\"name\":\"Pracownicy PANS w Kro\u015bnie\",\"description\":\"Pracownicy - Pa\u0144stwowa Akademia Nauk Stosowanych\",\"publisher\":{\"@id\":\"https:\\\/\\\/pans.krosno.pl\\\/pracownicy\\\/#organization\"},\"potentialAction\":[{\"@type\":\"SearchAction\",\"target\":{\"@type\":\"EntryPoint\",\"urlTemplate\":\"https:\\\/\\\/pans.krosno.pl\\\/pracownicy\\\/?s={search_term_string}\"},\"query-input\":{\"@type\":\"PropertyValueSpecification\",\"valueRequired\":true,\"valueName\":\"search_term_string\"}}],\"inLanguage\":\"pl-PL\"},{\"@type\":\"Organization\",\"@id\":\"https:\\\/\\\/pans.krosno.pl\\\/pracownicy\\\/#organization\",\"name\":\"Pracownicy PANS w Kro\u015bnie\",\"url\":\"https:\\\/\\\/pans.krosno.pl\\\/pracownicy\\\/\",\"logo\":{\"@type\":\"ImageObject\",\"inLanguage\":\"pl-PL\",\"@id\":\"https:\\\/\\\/pans.krosno.pl\\\/pracownicy\\\/#\\\/schema\\\/logo\\\/image\\\/\",\"url\":\"https:\\\/\\\/pans.krosno.pl\\\/pracownicy\\\/wp-content\\\/uploads\\\/sites\\\/41\\\/2023\\\/01\\\/Logo-PANS-2022-pelne.png\",\"contentUrl\":\"https:\\\/\\\/pans.krosno.pl\\\/pracownicy\\\/wp-content\\\/uploads\\\/sites\\\/41\\\/2023\\\/01\\\/Logo-PANS-2022-pelne.png\",\"width\":3096,\"height\":696,\"caption\":\"Pracownicy PANS w Kro\u015bnie\"},\"image\":{\"@id\":\"https:\\\/\\\/pans.krosno.pl\\\/pracownicy\\\/#\\\/schema\\\/logo\\\/image\\\/\"}}]}<\/script>\n<!-- \/ Yoast SEO Premium plugin. -->","yoast_head_json":{"title":"dr in\u017c. Dorota Chodorowska - \u017byciorys naukowy - Pracownicy PANS w Kro\u015bnie","robots":{"index":"index","follow":"follow","max-snippet":"max-snippet:-1","max-image-preview":"max-image-preview:large","max-video-preview":"max-video-preview:-1"},"canonical":"https:\/\/pans.krosno.pl\/pracownicy\/dorota-chodorowska\/dorota-chodorowska-zyciorys-naukowy\/","og_locale":"pl_PL","og_type":"article","og_title":"dr in\u017c. Dorota Chodorowska - \u017byciorys naukowy","og_description":"Absolwentka studi\u00f3w wy\u017cszych na Wydziale Budowy Maszyn i Lotnictwa Politechniki Rzeszowskiej im. Ignacego \u0141ukasiewicza w Rzeszowie. W 1998 r. uzyska\u0142a tytu\u0142 zawodowy magistra in\u017cyniera na kierunku Lotnictwo, specjalno\u015b\u0107 Lotnicze Systemy Sterowania. W 2008 r. otrzyma\u0142a tytu\u0142 doktora nauk technicznych na Akademii G\u00f3rniczo-Hutniczej im. Stanis\u0142awa Staszica w Krakowie. Tytu\u0142 rozprawy doktorskiej: [\u2026] Read More","og_url":"https:\/\/pans.krosno.pl\/pracownicy\/dorota-chodorowska\/dorota-chodorowska-zyciorys-naukowy\/","og_site_name":"Pracownicy PANS w Kro\u015bnie","article_modified_time":"2025-05-14T10:44:58+00:00","twitter_card":"summary_large_image","twitter_misc":{"Szacowany czas czytania":"1 minuta"},"schema":{"@context":"https:\/\/schema.org","@graph":[{"@type":"WebPage","@id":"https:\/\/pans.krosno.pl\/pracownicy\/dorota-chodorowska\/dorota-chodorowska-zyciorys-naukowy\/","url":"https:\/\/pans.krosno.pl\/pracownicy\/dorota-chodorowska\/dorota-chodorowska-zyciorys-naukowy\/","name":"dr in\u017c. Dorota Chodorowska - \u017byciorys naukowy - Pracownicy PANS w Kro\u015bnie","isPartOf":{"@id":"https:\/\/pans.krosno.pl\/pracownicy\/#website"},"datePublished":"2020-04-21T06:19:49+00:00","dateModified":"2025-05-14T10:44:58+00:00","breadcrumb":{"@id":"https:\/\/pans.krosno.pl\/pracownicy\/dorota-chodorowska\/dorota-chodorowska-zyciorys-naukowy\/#breadcrumb"},"inLanguage":"pl-PL","potentialAction":[{"@type":"ReadAction","target":["https:\/\/pans.krosno.pl\/pracownicy\/dorota-chodorowska\/dorota-chodorowska-zyciorys-naukowy\/"]}]},{"@type":"BreadcrumbList","@id":"https:\/\/pans.krosno.pl\/pracownicy\/dorota-chodorowska\/dorota-chodorowska-zyciorys-naukowy\/#breadcrumb","itemListElement":[{"@type":"ListItem","position":1,"name":"Strona g\u0142\u00f3wna","item":"https:\/\/pans.krosno.pl\/pracownicy\/"},{"@type":"ListItem","position":2,"name":"dr in\u017c. Dorota Chodorowska","item":"https:\/\/pans.krosno.pl\/pracownicy\/dorota-chodorowska\/"},{"@type":"ListItem","position":3,"name":"dr in\u017c. Dorota Chodorowska &#8211; \u017byciorys naukowy"}]},{"@type":"WebSite","@id":"https:\/\/pans.krosno.pl\/pracownicy\/#website","url":"https:\/\/pans.krosno.pl\/pracownicy\/","name":"Pracownicy PANS w Kro\u015bnie","description":"Pracownicy - Pa\u0144stwowa Akademia Nauk Stosowanych","publisher":{"@id":"https:\/\/pans.krosno.pl\/pracownicy\/#organization"},"potentialAction":[{"@type":"SearchAction","target":{"@type":"EntryPoint","urlTemplate":"https:\/\/pans.krosno.pl\/pracownicy\/?s={search_term_string}"},"query-input":{"@type":"PropertyValueSpecification","valueRequired":true,"valueName":"search_term_string"}}],"inLanguage":"pl-PL"},{"@type":"Organization","@id":"https:\/\/pans.krosno.pl\/pracownicy\/#organization","name":"Pracownicy PANS w Kro\u015bnie","url":"https:\/\/pans.krosno.pl\/pracownicy\/","logo":{"@type":"ImageObject","inLanguage":"pl-PL","@id":"https:\/\/pans.krosno.pl\/pracownicy\/#\/schema\/logo\/image\/","url":"https:\/\/pans.krosno.pl\/pracownicy\/wp-content\/uploads\/sites\/41\/2023\/01\/Logo-PANS-2022-pelne.png","contentUrl":"https:\/\/pans.krosno.pl\/pracownicy\/wp-content\/uploads\/sites\/41\/2023\/01\/Logo-PANS-2022-pelne.png","width":3096,"height":696,"caption":"Pracownicy PANS w Kro\u015bnie"},"image":{"@id":"https:\/\/pans.krosno.pl\/pracownicy\/#\/schema\/logo\/image\/"}}]}},"_links":{"self":[{"href":"https:\/\/pans.krosno.pl\/pracownicy\/wp-json\/wp\/v2\/pages\/3311","targetHints":{"allow":["GET"]}}],"collection":[{"href":"https:\/\/pans.krosno.pl\/pracownicy\/wp-json\/wp\/v2\/pages"}],"about":[{"href":"https:\/\/pans.krosno.pl\/pracownicy\/wp-json\/wp\/v2\/types\/page"}],"author":[{"embeddable":true,"href":"https:\/\/pans.krosno.pl\/pracownicy\/wp-json\/wp\/v2\/users\/34"}],"replies":[{"embeddable":true,"href":"https:\/\/pans.krosno.pl\/pracownicy\/wp-json\/wp\/v2\/comments?post=3311"}],"version-history":[{"count":8,"href":"https:\/\/pans.krosno.pl\/pracownicy\/wp-json\/wp\/v2\/pages\/3311\/revisions"}],"predecessor-version":[{"id":9329,"href":"https:\/\/pans.krosno.pl\/pracownicy\/wp-json\/wp\/v2\/pages\/3311\/revisions\/9329"}],"up":[{"embeddable":true,"href":"https:\/\/pans.krosno.pl\/pracownicy\/wp-json\/wp\/v2\/pages\/3308"}],"wp:attachment":[{"href":"https:\/\/pans.krosno.pl\/pracownicy\/wp-json\/wp\/v2\/media?parent=3311"}],"curies":[{"name":"wp","href":"https:\/\/api.w.org\/{rel}","templated":true}]}}