{"id":325,"date":"2020-03-27T14:24:21","date_gmt":"2020-03-27T13:24:21","guid":{"rendered":"https:\/\/pans.krosno.pl\/pracownicy\/?page_id=325"},"modified":"2025-05-19T14:28:51","modified_gmt":"2025-05-19T12:28:51","slug":"stanislaw-zaborniak-najwazniejsze-publikacje","status":"publish","type":"page","link":"https:\/\/pans.krosno.pl\/pracownicy\/stanislaw-zaborniak\/stanislaw-zaborniak-najwazniejsze-publikacje\/","title":{"rendered":"prof. dr hab. Stanis\u0142aw Zaborniak &#8211; Najwa\u017cniejsze publikacje"},"content":{"rendered":"<hr>\n<p><strong>Dorobek naukowy stanowi:<\/strong><\/p>\n<ul>\n<li>87 monografii autorskich i&nbsp; wsp\u00f3\u0142autorskich,<\/li>\n<li>875 artyku\u0142\u00f3w, 3 recenzje profesorskie,<\/li>\n<li>7 habilitacji,<\/li>\n<li>Opiekun naukowy 3 pozytywnie zako\u0144czonych procedur habilitacyjnych,<\/li>\n<li>Promotor zako\u0144czonych 19 doktorat\u00f3w oraz promotor 5 doktorat\u00f3w w toku.<\/li>\n<\/ul>\n<p>Najwa\u017cniejszym dla Profesora projektem badawczym by\u0142 realizowany przez ponad 10 lat proces eksploracji, oceny i opisu ewolucji lekkoatletyki w okresie II Rzeczypospolitej.<\/p>\n<p><strong>W wyniku ww. czynno\u015bci, zako\u0144czonych na pocz\u0105tku 2011 r. powsta\u0142o sze\u015b\u0107 tom\u00f3w monografii: Z tradycji lekkoatletyki w Polsce w latach od 1919 r. do 1939 r., kt\u00f3re nosz\u0105 kolejne podtytu\u0142y:<\/strong><\/p>\n<ol>\n<li>Z tradycji lekkoatletyki w Polsce w latach 1919\u20131939, tom I, Podstawy rozwoju, Rzesz\u00f3w 2011, ss. 278.<\/li>\n<li>Z tradycji lekkoatletyki w Polsce w latach 1919\u20131939, tom II, Powstanie i dzia\u0142alno\u015b\u0107 Polskiego Zwi\u0105zku Lekkiej Atletyki, Lublin 2011, ss. 345.<\/li>\n<li>Z tradycji lekkoatletyki w Polsce w latach 1919\u20131939, tom III, Zasi\u0119g spo\u0142eczny, ss. 487.<\/li>\n<li>Z tradycji lekkoatletyki w Polsce w latach 1919\u20131939, tom IV, Mistrzostwa Polski M\u0119\u017cczyzn w latach 1920\u20131939, ss. 480 (w druku).<\/li>\n<li>Z tradycji lekkoatletyki w Polsce, tom V Lekkoatletyczne Mistrzostwa Polski kobiet w latach 1922\u20131939, ss. 250 (w druku).<\/li>\n<li>Z tradycji lekkoatletyki w Polsce w latach 1919\u20131939, tom VI, Udzia\u0142 lekkoatlet\u00f3w i lekkoatletek w mi\u0119dzynarodowej rywalizacji sportowej, ss. 411.<\/li>\n<\/ol>\n<p><strong>Istotne dla Profesora publikacje:<\/strong><\/p>\n<p>Histora turysytyki w Polsce przed 1939 r. oraz 6 tom\u00f3w Turystyki pielgrzymkowej i religijnej w Polsce od 1000 r. &#8211; 1939 r.&nbsp;<\/p>\n<p><strong>Wykaz wybranych publikacji pod adresem:<\/strong><\/p>\n<p><a href=\"http:\/\/www.my.indexcopernicus.com\/szaborniak\">www.my.indexcopernicus.com\/szaborniak<\/a><\/p>\n<hr>\n<p>&nbsp;<\/p>\n","protected":false},"excerpt":{"rendered":"<p>Dorobek naukowy stanowi: 87 monografii autorskich i&nbsp; wsp\u00f3\u0142autorskich, 875 artyku\u0142\u00f3w, 3 recenzje profesorskie, 7 habilitacji, Opiekun naukowy 3 pozytywnie zako\u0144czonych procedur habilitacyjnych, Promotor zako\u0144czonych 19 doktorat\u00f3w oraz promotor 5 doktorat\u00f3w w toku. Najwa\u017cniejszym dla Profesora projektem badawczym by\u0142 realizowany przez ponad 10 lat proces eksploracji, oceny i opisu ewolucji lekkoatletyki [\u2026] <\/p>\n<div class=\"clear\"><\/div>\n<p><a class=\"more_link clearfix\" href=\"https:\/\/pans.krosno.pl\/pracownicy\/stanislaw-zaborniak\/stanislaw-zaborniak-najwazniejsze-publikacje\/\" rel=\"nofollow\">Read More<\/a><\/p>\n","protected":false},"author":36,"featured_media":0,"parent":307,"menu_order":0,"comment_status":"closed","ping_status":"closed","template":"","meta":{"ngg_post_thumbnail":0,"footnotes":""},"class_list":["post-325","page","type-page","status-publish","hentry"],"yoast_head":"<!-- This site is optimized with the Yoast SEO Premium plugin v27.3 (Yoast SEO v27.3) - https:\/\/yoast.com\/product\/yoast-seo-premium-wordpress\/ -->\n<title>prof. dr hab. Stanis\u0142aw Zaborniak - Najwa\u017cniejsze publikacje - Pracownicy PANS w Kro\u015bnie<\/title>\n<meta name=\"robots\" content=\"index, follow, max-snippet:-1, max-image-preview:large, max-video-preview:-1\" \/>\n<link rel=\"canonical\" href=\"https:\/\/pans.krosno.pl\/pracownicy\/stanislaw-zaborniak\/stanislaw-zaborniak-najwazniejsze-publikacje\/\" \/>\n<meta property=\"og:locale\" content=\"pl_PL\" \/>\n<meta property=\"og:type\" content=\"article\" \/>\n<meta property=\"og:title\" content=\"prof. dr hab. Stanis\u0142aw Zaborniak - Najwa\u017cniejsze publikacje\" \/>\n<meta property=\"og:description\" content=\"Dorobek naukowy stanowi: 87 monografii autorskich i&nbsp; wsp\u00f3\u0142autorskich, 875 artyku\u0142\u00f3w, 3 recenzje profesorskie, 7 habilitacji, Opiekun naukowy 3 pozytywnie zako\u0144czonych procedur habilitacyjnych, Promotor zako\u0144czonych 19 doktorat\u00f3w oraz promotor 5 doktorat\u00f3w w toku. Najwa\u017cniejszym dla Profesora projektem badawczym by\u0142 realizowany przez ponad 10 lat proces eksploracji, oceny i opisu ewolucji lekkoatletyki [\u2026] Read More\" \/>\n<meta property=\"og:url\" content=\"https:\/\/pans.krosno.pl\/pracownicy\/stanislaw-zaborniak\/stanislaw-zaborniak-najwazniejsze-publikacje\/\" \/>\n<meta property=\"og:site_name\" content=\"Pracownicy PANS w Kro\u015bnie\" \/>\n<meta property=\"article:modified_time\" content=\"2025-05-19T12:28:51+00:00\" \/>\n<meta name=\"twitter:card\" content=\"summary_large_image\" \/>\n<meta name=\"twitter:label1\" content=\"Szacowany czas czytania\" \/>\n\t<meta name=\"twitter:data1\" content=\"2 minuty\" \/>\n<script type=\"application\/ld+json\" class=\"yoast-schema-graph\">{\"@context\":\"https:\\\/\\\/schema.org\",\"@graph\":[{\"@type\":\"WebPage\",\"@id\":\"https:\\\/\\\/pans.krosno.pl\\\/pracownicy\\\/stanislaw-zaborniak\\\/stanislaw-zaborniak-najwazniejsze-publikacje\\\/\",\"url\":\"https:\\\/\\\/pans.krosno.pl\\\/pracownicy\\\/stanislaw-zaborniak\\\/stanislaw-zaborniak-najwazniejsze-publikacje\\\/\",\"name\":\"prof. dr hab. Stanis\u0142aw Zaborniak - Najwa\u017cniejsze publikacje - Pracownicy PANS w Kro\u015bnie\",\"isPartOf\":{\"@id\":\"https:\\\/\\\/pans.krosno.pl\\\/pracownicy\\\/#website\"},\"datePublished\":\"2020-03-27T13:24:21+00:00\",\"dateModified\":\"2025-05-19T12:28:51+00:00\",\"breadcrumb\":{\"@id\":\"https:\\\/\\\/pans.krosno.pl\\\/pracownicy\\\/stanislaw-zaborniak\\\/stanislaw-zaborniak-najwazniejsze-publikacje\\\/#breadcrumb\"},\"inLanguage\":\"pl-PL\",\"potentialAction\":[{\"@type\":\"ReadAction\",\"target\":[\"https:\\\/\\\/pans.krosno.pl\\\/pracownicy\\\/stanislaw-zaborniak\\\/stanislaw-zaborniak-najwazniejsze-publikacje\\\/\"]}]},{\"@type\":\"BreadcrumbList\",\"@id\":\"https:\\\/\\\/pans.krosno.pl\\\/pracownicy\\\/stanislaw-zaborniak\\\/stanislaw-zaborniak-najwazniejsze-publikacje\\\/#breadcrumb\",\"itemListElement\":[{\"@type\":\"ListItem\",\"position\":1,\"name\":\"Strona g\u0142\u00f3wna\",\"item\":\"https:\\\/\\\/pans.krosno.pl\\\/pracownicy\\\/\"},{\"@type\":\"ListItem\",\"position\":2,\"name\":\"prof. dr hab. Stanis\u0142aw Zaborniak\",\"item\":\"https:\\\/\\\/pans.krosno.pl\\\/pracownicy\\\/stanislaw-zaborniak\\\/\"},{\"@type\":\"ListItem\",\"position\":3,\"name\":\"prof. dr hab. Stanis\u0142aw Zaborniak &#8211; Najwa\u017cniejsze publikacje\"}]},{\"@type\":\"WebSite\",\"@id\":\"https:\\\/\\\/pans.krosno.pl\\\/pracownicy\\\/#website\",\"url\":\"https:\\\/\\\/pans.krosno.pl\\\/pracownicy\\\/\",\"name\":\"Pracownicy PANS w Kro\u015bnie\",\"description\":\"Pracownicy - Pa\u0144stwowa Akademia Nauk Stosowanych\",\"publisher\":{\"@id\":\"https:\\\/\\\/pans.krosno.pl\\\/pracownicy\\\/#organization\"},\"potentialAction\":[{\"@type\":\"SearchAction\",\"target\":{\"@type\":\"EntryPoint\",\"urlTemplate\":\"https:\\\/\\\/pans.krosno.pl\\\/pracownicy\\\/?s={search_term_string}\"},\"query-input\":{\"@type\":\"PropertyValueSpecification\",\"valueRequired\":true,\"valueName\":\"search_term_string\"}}],\"inLanguage\":\"pl-PL\"},{\"@type\":\"Organization\",\"@id\":\"https:\\\/\\\/pans.krosno.pl\\\/pracownicy\\\/#organization\",\"name\":\"Pracownicy PANS w Kro\u015bnie\",\"url\":\"https:\\\/\\\/pans.krosno.pl\\\/pracownicy\\\/\",\"logo\":{\"@type\":\"ImageObject\",\"inLanguage\":\"pl-PL\",\"@id\":\"https:\\\/\\\/pans.krosno.pl\\\/pracownicy\\\/#\\\/schema\\\/logo\\\/image\\\/\",\"url\":\"https:\\\/\\\/pans.krosno.pl\\\/pracownicy\\\/wp-content\\\/uploads\\\/sites\\\/41\\\/2023\\\/01\\\/Logo-PANS-2022-pelne.png\",\"contentUrl\":\"https:\\\/\\\/pans.krosno.pl\\\/pracownicy\\\/wp-content\\\/uploads\\\/sites\\\/41\\\/2023\\\/01\\\/Logo-PANS-2022-pelne.png\",\"width\":3096,\"height\":696,\"caption\":\"Pracownicy PANS w Kro\u015bnie\"},\"image\":{\"@id\":\"https:\\\/\\\/pans.krosno.pl\\\/pracownicy\\\/#\\\/schema\\\/logo\\\/image\\\/\"}}]}<\/script>\n<!-- \/ Yoast SEO Premium plugin. -->","yoast_head_json":{"title":"prof. dr hab. Stanis\u0142aw Zaborniak - Najwa\u017cniejsze publikacje - Pracownicy PANS w Kro\u015bnie","robots":{"index":"index","follow":"follow","max-snippet":"max-snippet:-1","max-image-preview":"max-image-preview:large","max-video-preview":"max-video-preview:-1"},"canonical":"https:\/\/pans.krosno.pl\/pracownicy\/stanislaw-zaborniak\/stanislaw-zaborniak-najwazniejsze-publikacje\/","og_locale":"pl_PL","og_type":"article","og_title":"prof. dr hab. Stanis\u0142aw Zaborniak - Najwa\u017cniejsze publikacje","og_description":"Dorobek naukowy stanowi: 87 monografii autorskich i&nbsp; wsp\u00f3\u0142autorskich, 875 artyku\u0142\u00f3w, 3 recenzje profesorskie, 7 habilitacji, Opiekun naukowy 3 pozytywnie zako\u0144czonych procedur habilitacyjnych, Promotor zako\u0144czonych 19 doktorat\u00f3w oraz promotor 5 doktorat\u00f3w w toku. Najwa\u017cniejszym dla Profesora projektem badawczym by\u0142 realizowany przez ponad 10 lat proces eksploracji, oceny i opisu ewolucji lekkoatletyki [\u2026] Read More","og_url":"https:\/\/pans.krosno.pl\/pracownicy\/stanislaw-zaborniak\/stanislaw-zaborniak-najwazniejsze-publikacje\/","og_site_name":"Pracownicy PANS w Kro\u015bnie","article_modified_time":"2025-05-19T12:28:51+00:00","twitter_card":"summary_large_image","twitter_misc":{"Szacowany czas czytania":"2 minuty"},"schema":{"@context":"https:\/\/schema.org","@graph":[{"@type":"WebPage","@id":"https:\/\/pans.krosno.pl\/pracownicy\/stanislaw-zaborniak\/stanislaw-zaborniak-najwazniejsze-publikacje\/","url":"https:\/\/pans.krosno.pl\/pracownicy\/stanislaw-zaborniak\/stanislaw-zaborniak-najwazniejsze-publikacje\/","name":"prof. dr hab. Stanis\u0142aw Zaborniak - Najwa\u017cniejsze publikacje - Pracownicy PANS w Kro\u015bnie","isPartOf":{"@id":"https:\/\/pans.krosno.pl\/pracownicy\/#website"},"datePublished":"2020-03-27T13:24:21+00:00","dateModified":"2025-05-19T12:28:51+00:00","breadcrumb":{"@id":"https:\/\/pans.krosno.pl\/pracownicy\/stanislaw-zaborniak\/stanislaw-zaborniak-najwazniejsze-publikacje\/#breadcrumb"},"inLanguage":"pl-PL","potentialAction":[{"@type":"ReadAction","target":["https:\/\/pans.krosno.pl\/pracownicy\/stanislaw-zaborniak\/stanislaw-zaborniak-najwazniejsze-publikacje\/"]}]},{"@type":"BreadcrumbList","@id":"https:\/\/pans.krosno.pl\/pracownicy\/stanislaw-zaborniak\/stanislaw-zaborniak-najwazniejsze-publikacje\/#breadcrumb","itemListElement":[{"@type":"ListItem","position":1,"name":"Strona g\u0142\u00f3wna","item":"https:\/\/pans.krosno.pl\/pracownicy\/"},{"@type":"ListItem","position":2,"name":"prof. dr hab. Stanis\u0142aw Zaborniak","item":"https:\/\/pans.krosno.pl\/pracownicy\/stanislaw-zaborniak\/"},{"@type":"ListItem","position":3,"name":"prof. dr hab. Stanis\u0142aw Zaborniak &#8211; Najwa\u017cniejsze publikacje"}]},{"@type":"WebSite","@id":"https:\/\/pans.krosno.pl\/pracownicy\/#website","url":"https:\/\/pans.krosno.pl\/pracownicy\/","name":"Pracownicy PANS w Kro\u015bnie","description":"Pracownicy - Pa\u0144stwowa Akademia Nauk Stosowanych","publisher":{"@id":"https:\/\/pans.krosno.pl\/pracownicy\/#organization"},"potentialAction":[{"@type":"SearchAction","target":{"@type":"EntryPoint","urlTemplate":"https:\/\/pans.krosno.pl\/pracownicy\/?s={search_term_string}"},"query-input":{"@type":"PropertyValueSpecification","valueRequired":true,"valueName":"search_term_string"}}],"inLanguage":"pl-PL"},{"@type":"Organization","@id":"https:\/\/pans.krosno.pl\/pracownicy\/#organization","name":"Pracownicy PANS w Kro\u015bnie","url":"https:\/\/pans.krosno.pl\/pracownicy\/","logo":{"@type":"ImageObject","inLanguage":"pl-PL","@id":"https:\/\/pans.krosno.pl\/pracownicy\/#\/schema\/logo\/image\/","url":"https:\/\/pans.krosno.pl\/pracownicy\/wp-content\/uploads\/sites\/41\/2023\/01\/Logo-PANS-2022-pelne.png","contentUrl":"https:\/\/pans.krosno.pl\/pracownicy\/wp-content\/uploads\/sites\/41\/2023\/01\/Logo-PANS-2022-pelne.png","width":3096,"height":696,"caption":"Pracownicy PANS w Kro\u015bnie"},"image":{"@id":"https:\/\/pans.krosno.pl\/pracownicy\/#\/schema\/logo\/image\/"}}]}},"_links":{"self":[{"href":"https:\/\/pans.krosno.pl\/pracownicy\/wp-json\/wp\/v2\/pages\/325","targetHints":{"allow":["GET"]}}],"collection":[{"href":"https:\/\/pans.krosno.pl\/pracownicy\/wp-json\/wp\/v2\/pages"}],"about":[{"href":"https:\/\/pans.krosno.pl\/pracownicy\/wp-json\/wp\/v2\/types\/page"}],"author":[{"embeddable":true,"href":"https:\/\/pans.krosno.pl\/pracownicy\/wp-json\/wp\/v2\/users\/36"}],"replies":[{"embeddable":true,"href":"https:\/\/pans.krosno.pl\/pracownicy\/wp-json\/wp\/v2\/comments?post=325"}],"version-history":[{"count":22,"href":"https:\/\/pans.krosno.pl\/pracownicy\/wp-json\/wp\/v2\/pages\/325\/revisions"}],"predecessor-version":[{"id":8289,"href":"https:\/\/pans.krosno.pl\/pracownicy\/wp-json\/wp\/v2\/pages\/325\/revisions\/8289"}],"up":[{"embeddable":true,"href":"https:\/\/pans.krosno.pl\/pracownicy\/wp-json\/wp\/v2\/pages\/307"}],"wp:attachment":[{"href":"https:\/\/pans.krosno.pl\/pracownicy\/wp-json\/wp\/v2\/media?parent=325"}],"curies":[{"name":"wp","href":"https:\/\/api.w.org\/{rel}","templated":true}]}}