{"id":3190,"date":"2020-04-20T15:29:37","date_gmt":"2020-04-20T13:29:37","guid":{"rendered":"https:\/\/pans.krosno.pl\/pracownicy\/?page_id=3190"},"modified":"2025-05-19T09:28:29","modified_gmt":"2025-05-19T07:28:29","slug":"malgorzata-wojcik","status":"publish","type":"page","link":"https:\/\/pans.krosno.pl\/pracownicy\/malgorzata-wojcik\/","title":{"rendered":"dr Ma\u0142gorzata W\u00f3jcik"},"content":{"rendered":"\n<h3 class=\"wp-block-heading\" id=\"h-zaklad-pedagogiki\"><strong>Zak\u0142ad <\/strong>Pedagogiki<\/h3>\n\n\n\n<hr class=\"wp-block-separator has-css-opacity\" \/>\n\n\n<p>Pedagog. Jej zainteresowania naukowe s\u0105 zogniskowane wok\u00f3\u0142 problematyki wspierania w rozwoju dzieci w m\u0142odszym wieku szkolnym oraz tworzenia przez przysz\u0142ych nauczycieli praktycznej wiedzy dzia\u0142aniowej. Prowadzi jako\u015bciowe, zaanga\u017cowane, uczestnicz\u0105ce Action Research oraz studium przypadku. Prowadzi m.in. nast\u0119puj\u0105ce przedmioty: Pedagogika, Teoretyczne podstawy wychowania, Diagnoza i terapia zaburze\u0144 zachowania u dzieci, Diagnoza i terapia dysleksji, dysgrafii i dysortografii, Podstawy metodologii bada\u0144 naukowych, Spo\u0142eczne role pedagoga, Seminarium. Uczestniczy\u0142a w 5-ciu konferencjach naukowych i wsp\u00f3\u0142organizowa\u0142a 5 konferencji naukowych. Jest opiekunk\u0105 Ko\u0142a Naukowego Tw\u00f3rczych Pedagog\u00f3w.<\/p>\n\n\n<hr class=\"wp-block-separator has-css-opacity\" \/>\n\n\n\n<div class=\"wp-block-columns is-layout-flex wp-container-core-columns-is-layout-28f84493 wp-block-columns-is-layout-flex\">\n<div class=\"wp-block-column is-layout-flow wp-block-column-is-layout-flow\" style=\"flex-basis:22%\">\n<figure class=\"wp-block-image size-large\"><img loading=\"lazy\" decoding=\"async\" width=\"458\" height=\"716\" src=\"https:\/\/pans.krosno.pl\/pracownicy\/wp-content\/uploads\/sites\/41\/2020\/04\/Ma\u0142gorzata-W\u00f3jcik-zdj\u0119cie.jpg\" alt=\"\" class=\"wp-image-3191\" srcset=\"https:\/\/pans.krosno.pl\/pracownicy\/wp-content\/uploads\/sites\/41\/2020\/04\/Ma\u0142gorzata-W\u00f3jcik-zdj\u0119cie.jpg 458w, https:\/\/pans.krosno.pl\/pracownicy\/wp-content\/uploads\/sites\/41\/2020\/04\/Ma\u0142gorzata-W\u00f3jcik-zdj\u0119cie-192x300.jpg 192w\" sizes=\"auto, (max-width: 458px) 100vw, 458px\" \/><\/figure>\n\n\n\n<p><\/p>\n<\/div>\n\n\n\n<div class=\"wp-block-column is-layout-flow wp-block-column-is-layout-flow\" style=\"flex-basis:78%\">\n<ul class=\"wp-block-list\">\n<li><a href=\"https:\/\/pans.krosno.pl\/pracownicy\/malgorzata-wojcik\/malgorzata-wojcik-zyciorys-naukowy\/\">\u017byciorys naukowy <\/a><\/li>\n\n\n\n<li><a href=\"https:\/\/pans.krosno.pl\/pracownicy\/malgorzata-wojcik\/malgorzata-wojcik-doswiadczenie-pozauczelniane\/\">Do\u015bwiadczenie pozauczelniane<\/a><\/li>\n\n\n\n<li><a href=\"https:\/\/pans.krosno.pl\/pracownicy\/malgorzata-wojcik\/malgorzata-wojcik-najwazniejsze-publikacje\/\">Najwa\u017cniejsze publikacje<\/a><\/li>\n\n\n\n<li><a href=\"https:\/\/pans.krosno.pl\/pracownicy\/malgorzata-wojcik\/malgorzata-wojcik-najwazniejsze-nagrody-i-wyroznienia\/\">Najwa\u017cniejsze nagrody i wyr\u00f3\u017cnienia<\/a><\/li>\n<\/ul>\n\n\n\n<hr class=\"wp-block-separator has-css-opacity\" \/>\n\n\n\n<figure class=\"wp-block-table aligncenter is-style-stripes\"><table><tbody><tr><td class=\"has-text-align-left\" data-align=\"left\">Telefon: 13 43 755 40<\/td><\/tr><tr><td class=\"has-text-align-left\" data-align=\"left\">E-mail: <a href=\"mailto:malgorzata.wojcik@pans.krosno.pl\">malgorzata.wojcik@pans.krosno.pl<\/a><\/td><\/tr><tr><td class=\"has-text-align-left\" data-align=\"left\">Konsultacje: <a href=\"https:\/\/pans.krosno.pl\/pedagogika\/dyzury-pracownikow\/\">Dy\u017cur pracownika<\/a><\/td><\/tr><\/tbody><\/table><\/figure>\n<\/div>\n<\/div>\n\n\n\n<hr class=\"wp-block-separator has-css-opacity\" \/>\n\n\n\n<p><\/p>\n","protected":false},"excerpt":{"rendered":"<p>Zak\u0142ad Pedagogiki Pedagog. Jej zainteresowania naukowe s\u0105 zogniskowane wok\u00f3\u0142 problematyki wspierania w rozwoju dzieci w m\u0142odszym wieku szkolnym oraz tworzenia przez przysz\u0142ych nauczycieli praktycznej wiedzy dzia\u0142aniowej. Prowadzi jako\u015bciowe, zaanga\u017cowane, uczestnicz\u0105ce Action Research oraz studium przypadku. Prowadzi m.in. nast\u0119puj\u0105ce przedmioty: Pedagogika, Teoretyczne podstawy wychowania, Diagnoza i terapia zaburze\u0144 zachowania u dzieci, [\u2026] <\/p>\n<div class=\"clear\"><\/div>\n<p><a class=\"more_link clearfix\" href=\"https:\/\/pans.krosno.pl\/pracownicy\/malgorzata-wojcik\/\" rel=\"nofollow\">Read More<\/a><\/p>\n","protected":false},"author":34,"featured_media":0,"parent":0,"menu_order":0,"comment_status":"closed","ping_status":"closed","template":"","meta":{"ngg_post_thumbnail":0,"footnotes":""},"class_list":["post-3190","page","type-page","status-publish","hentry"],"yoast_head":"<!-- This site is optimized with the Yoast SEO Premium plugin v27.3 (Yoast SEO v27.3) - https:\/\/yoast.com\/product\/yoast-seo-premium-wordpress\/ -->\n<title>dr Ma\u0142gorzata W\u00f3jcik - Pracownicy PANS w Kro\u015bnie<\/title>\n<meta name=\"robots\" content=\"index, follow, max-snippet:-1, max-image-preview:large, max-video-preview:-1\" \/>\n<link rel=\"canonical\" href=\"https:\/\/pans.krosno.pl\/pracownicy\/malgorzata-wojcik\/\" \/>\n<meta property=\"og:locale\" content=\"pl_PL\" \/>\n<meta property=\"og:type\" content=\"article\" \/>\n<meta property=\"og:title\" content=\"dr Ma\u0142gorzata W\u00f3jcik\" \/>\n<meta property=\"og:description\" content=\"Zak\u0142ad Pedagogiki Pedagog. Jej zainteresowania naukowe s\u0105 zogniskowane wok\u00f3\u0142 problematyki wspierania w rozwoju dzieci w m\u0142odszym wieku szkolnym oraz tworzenia przez przysz\u0142ych nauczycieli praktycznej wiedzy dzia\u0142aniowej. Prowadzi jako\u015bciowe, zaanga\u017cowane, uczestnicz\u0105ce Action Research oraz studium przypadku. Prowadzi m.in. nast\u0119puj\u0105ce przedmioty: Pedagogika, Teoretyczne podstawy wychowania, Diagnoza i terapia zaburze\u0144 zachowania u dzieci, [\u2026] Read More\" \/>\n<meta property=\"og:url\" content=\"https:\/\/pans.krosno.pl\/pracownicy\/malgorzata-wojcik\/\" \/>\n<meta property=\"og:site_name\" content=\"Pracownicy PANS w Kro\u015bnie\" \/>\n<meta property=\"article:modified_time\" content=\"2025-05-19T07:28:29+00:00\" \/>\n<meta name=\"twitter:card\" content=\"summary_large_image\" \/>\n<meta name=\"twitter:label1\" content=\"Szacowany czas czytania\" \/>\n\t<meta name=\"twitter:data1\" content=\"1 minuta\" \/>\n<script type=\"application\/ld+json\" class=\"yoast-schema-graph\">{\"@context\":\"https:\\\/\\\/schema.org\",\"@graph\":[{\"@type\":\"WebPage\",\"@id\":\"https:\\\/\\\/pans.krosno.pl\\\/pracownicy\\\/malgorzata-wojcik\\\/\",\"url\":\"https:\\\/\\\/pans.krosno.pl\\\/pracownicy\\\/malgorzata-wojcik\\\/\",\"name\":\"dr Ma\u0142gorzata W\u00f3jcik - Pracownicy PANS w Kro\u015bnie\",\"isPartOf\":{\"@id\":\"https:\\\/\\\/pans.krosno.pl\\\/pracownicy\\\/#website\"},\"datePublished\":\"2020-04-20T13:29:37+00:00\",\"dateModified\":\"2025-05-19T07:28:29+00:00\",\"breadcrumb\":{\"@id\":\"https:\\\/\\\/pans.krosno.pl\\\/pracownicy\\\/malgorzata-wojcik\\\/#breadcrumb\"},\"inLanguage\":\"pl-PL\",\"potentialAction\":[{\"@type\":\"ReadAction\",\"target\":[\"https:\\\/\\\/pans.krosno.pl\\\/pracownicy\\\/malgorzata-wojcik\\\/\"]}]},{\"@type\":\"BreadcrumbList\",\"@id\":\"https:\\\/\\\/pans.krosno.pl\\\/pracownicy\\\/malgorzata-wojcik\\\/#breadcrumb\",\"itemListElement\":[{\"@type\":\"ListItem\",\"position\":1,\"name\":\"Strona g\u0142\u00f3wna\",\"item\":\"https:\\\/\\\/pans.krosno.pl\\\/pracownicy\\\/\"},{\"@type\":\"ListItem\",\"position\":2,\"name\":\"dr Ma\u0142gorzata W\u00f3jcik\"}]},{\"@type\":\"WebSite\",\"@id\":\"https:\\\/\\\/pans.krosno.pl\\\/pracownicy\\\/#website\",\"url\":\"https:\\\/\\\/pans.krosno.pl\\\/pracownicy\\\/\",\"name\":\"Pracownicy PANS w Kro\u015bnie\",\"description\":\"Pracownicy - Pa\u0144stwowa Akademia Nauk Stosowanych\",\"publisher\":{\"@id\":\"https:\\\/\\\/pans.krosno.pl\\\/pracownicy\\\/#organization\"},\"potentialAction\":[{\"@type\":\"SearchAction\",\"target\":{\"@type\":\"EntryPoint\",\"urlTemplate\":\"https:\\\/\\\/pans.krosno.pl\\\/pracownicy\\\/?s={search_term_string}\"},\"query-input\":{\"@type\":\"PropertyValueSpecification\",\"valueRequired\":true,\"valueName\":\"search_term_string\"}}],\"inLanguage\":\"pl-PL\"},{\"@type\":\"Organization\",\"@id\":\"https:\\\/\\\/pans.krosno.pl\\\/pracownicy\\\/#organization\",\"name\":\"Pracownicy PANS w Kro\u015bnie\",\"url\":\"https:\\\/\\\/pans.krosno.pl\\\/pracownicy\\\/\",\"logo\":{\"@type\":\"ImageObject\",\"inLanguage\":\"pl-PL\",\"@id\":\"https:\\\/\\\/pans.krosno.pl\\\/pracownicy\\\/#\\\/schema\\\/logo\\\/image\\\/\",\"url\":\"https:\\\/\\\/pans.krosno.pl\\\/pracownicy\\\/wp-content\\\/uploads\\\/sites\\\/41\\\/2023\\\/01\\\/Logo-PANS-2022-pelne.png\",\"contentUrl\":\"https:\\\/\\\/pans.krosno.pl\\\/pracownicy\\\/wp-content\\\/uploads\\\/sites\\\/41\\\/2023\\\/01\\\/Logo-PANS-2022-pelne.png\",\"width\":3096,\"height\":696,\"caption\":\"Pracownicy PANS w Kro\u015bnie\"},\"image\":{\"@id\":\"https:\\\/\\\/pans.krosno.pl\\\/pracownicy\\\/#\\\/schema\\\/logo\\\/image\\\/\"}}]}<\/script>\n<!-- \/ Yoast SEO Premium plugin. -->","yoast_head_json":{"title":"dr Ma\u0142gorzata W\u00f3jcik - Pracownicy PANS w Kro\u015bnie","robots":{"index":"index","follow":"follow","max-snippet":"max-snippet:-1","max-image-preview":"max-image-preview:large","max-video-preview":"max-video-preview:-1"},"canonical":"https:\/\/pans.krosno.pl\/pracownicy\/malgorzata-wojcik\/","og_locale":"pl_PL","og_type":"article","og_title":"dr Ma\u0142gorzata W\u00f3jcik","og_description":"Zak\u0142ad Pedagogiki Pedagog. Jej zainteresowania naukowe s\u0105 zogniskowane wok\u00f3\u0142 problematyki wspierania w rozwoju dzieci w m\u0142odszym wieku szkolnym oraz tworzenia przez przysz\u0142ych nauczycieli praktycznej wiedzy dzia\u0142aniowej. Prowadzi jako\u015bciowe, zaanga\u017cowane, uczestnicz\u0105ce Action Research oraz studium przypadku. Prowadzi m.in. nast\u0119puj\u0105ce przedmioty: Pedagogika, Teoretyczne podstawy wychowania, Diagnoza i terapia zaburze\u0144 zachowania u dzieci, [\u2026] Read More","og_url":"https:\/\/pans.krosno.pl\/pracownicy\/malgorzata-wojcik\/","og_site_name":"Pracownicy PANS w Kro\u015bnie","article_modified_time":"2025-05-19T07:28:29+00:00","twitter_card":"summary_large_image","twitter_misc":{"Szacowany czas czytania":"1 minuta"},"schema":{"@context":"https:\/\/schema.org","@graph":[{"@type":"WebPage","@id":"https:\/\/pans.krosno.pl\/pracownicy\/malgorzata-wojcik\/","url":"https:\/\/pans.krosno.pl\/pracownicy\/malgorzata-wojcik\/","name":"dr Ma\u0142gorzata W\u00f3jcik - Pracownicy PANS w Kro\u015bnie","isPartOf":{"@id":"https:\/\/pans.krosno.pl\/pracownicy\/#website"},"datePublished":"2020-04-20T13:29:37+00:00","dateModified":"2025-05-19T07:28:29+00:00","breadcrumb":{"@id":"https:\/\/pans.krosno.pl\/pracownicy\/malgorzata-wojcik\/#breadcrumb"},"inLanguage":"pl-PL","potentialAction":[{"@type":"ReadAction","target":["https:\/\/pans.krosno.pl\/pracownicy\/malgorzata-wojcik\/"]}]},{"@type":"BreadcrumbList","@id":"https:\/\/pans.krosno.pl\/pracownicy\/malgorzata-wojcik\/#breadcrumb","itemListElement":[{"@type":"ListItem","position":1,"name":"Strona g\u0142\u00f3wna","item":"https:\/\/pans.krosno.pl\/pracownicy\/"},{"@type":"ListItem","position":2,"name":"dr Ma\u0142gorzata W\u00f3jcik"}]},{"@type":"WebSite","@id":"https:\/\/pans.krosno.pl\/pracownicy\/#website","url":"https:\/\/pans.krosno.pl\/pracownicy\/","name":"Pracownicy PANS w Kro\u015bnie","description":"Pracownicy - Pa\u0144stwowa Akademia Nauk Stosowanych","publisher":{"@id":"https:\/\/pans.krosno.pl\/pracownicy\/#organization"},"potentialAction":[{"@type":"SearchAction","target":{"@type":"EntryPoint","urlTemplate":"https:\/\/pans.krosno.pl\/pracownicy\/?s={search_term_string}"},"query-input":{"@type":"PropertyValueSpecification","valueRequired":true,"valueName":"search_term_string"}}],"inLanguage":"pl-PL"},{"@type":"Organization","@id":"https:\/\/pans.krosno.pl\/pracownicy\/#organization","name":"Pracownicy PANS w Kro\u015bnie","url":"https:\/\/pans.krosno.pl\/pracownicy\/","logo":{"@type":"ImageObject","inLanguage":"pl-PL","@id":"https:\/\/pans.krosno.pl\/pracownicy\/#\/schema\/logo\/image\/","url":"https:\/\/pans.krosno.pl\/pracownicy\/wp-content\/uploads\/sites\/41\/2023\/01\/Logo-PANS-2022-pelne.png","contentUrl":"https:\/\/pans.krosno.pl\/pracownicy\/wp-content\/uploads\/sites\/41\/2023\/01\/Logo-PANS-2022-pelne.png","width":3096,"height":696,"caption":"Pracownicy PANS w Kro\u015bnie"},"image":{"@id":"https:\/\/pans.krosno.pl\/pracownicy\/#\/schema\/logo\/image\/"}}]}},"_links":{"self":[{"href":"https:\/\/pans.krosno.pl\/pracownicy\/wp-json\/wp\/v2\/pages\/3190","targetHints":{"allow":["GET"]}}],"collection":[{"href":"https:\/\/pans.krosno.pl\/pracownicy\/wp-json\/wp\/v2\/pages"}],"about":[{"href":"https:\/\/pans.krosno.pl\/pracownicy\/wp-json\/wp\/v2\/types\/page"}],"author":[{"embeddable":true,"href":"https:\/\/pans.krosno.pl\/pracownicy\/wp-json\/wp\/v2\/users\/34"}],"replies":[{"embeddable":true,"href":"https:\/\/pans.krosno.pl\/pracownicy\/wp-json\/wp\/v2\/comments?post=3190"}],"version-history":[{"count":11,"href":"https:\/\/pans.krosno.pl\/pracownicy\/wp-json\/wp\/v2\/pages\/3190\/revisions"}],"predecessor-version":[{"id":10779,"href":"https:\/\/pans.krosno.pl\/pracownicy\/wp-json\/wp\/v2\/pages\/3190\/revisions\/10779"}],"wp:attachment":[{"href":"https:\/\/pans.krosno.pl\/pracownicy\/wp-json\/wp\/v2\/media?parent=3190"}],"curies":[{"name":"wp","href":"https:\/\/api.w.org\/{rel}","templated":true}]}}