{"id":3154,"date":"2020-04-20T14:40:24","date_gmt":"2020-04-20T12:40:24","guid":{"rendered":"https:\/\/pans.krosno.pl\/pracownicy\/?page_id=3154"},"modified":"2025-09-29T11:21:34","modified_gmt":"2025-09-29T09:21:34","slug":"andrzej-swiatoniowski-najwazniejsze-publikacje","status":"publish","type":"page","link":"https:\/\/pans.krosno.pl\/pracownicy\/andrzej-swiatoniowski\/andrzej-swiatoniowski-najwazniejsze-publikacje\/","title":{"rendered":"prof. dr hab. in\u017c. Andrzej  \u015awi\u0105toniowski &#8211; Najwa\u017cniejsze publikacje"},"content":{"rendered":"<hr>\n<p>Sumaryczny dorobek naukowy- obejmuje 246 publikacji \u2013 w tym 3 pozycje ksi\u0105\u017ckowe oraz 7 monografii, a tak\u017ce 148 zrealizowanych projekt\u00f3w badawczych na potrzeby przemys\u0142u.<\/p>\n<hr>\n<p><strong>Publikacje ksi\u0105\u017ckowe<\/strong><\/p>\n<ol>\n<li>\u015awi\u0105toniowski A., &#8222;Analiza wsp\u00f3\u0142zale\u017cno\u015bci pomi\u0119dzy drganiami , a przebiegiem procesu\u201d. Wyd . AGH Krak\u00f3w.1991r. ISSN 0239-5320.<\/li>\n<li>\u015awi\u0105toniowski A., Bar A.:&#8221;Wsp\u00f3\u0142czesne problemy wytwarzania blach i ta\u015bm&#8221;. Wyd . AGH Krak\u00f3w.2005r. ISBN 83-7464-006-5.<\/li>\n<li>\u015awi\u0105toniowski A. (red)., &#8222;Modyfikacja nadstop\u00f3w kompozycji na bazie niklu i chromu podczas odkszta\u0142cenia w procesie walcowania . Wyd. ARBOR FP 2013 ISBN:978-83-937685-0-9<\/li>\n<\/ol>\n<p><strong>Wybrane artyku\u0142y naukowe w wydawnictwach krajowych i zagranicznych, w tym m.in.:<\/strong><\/p>\n<ol>\n<li>Celadyn K., \u0141ukaszek \u2013So\u0142ek A., \u015awi\u0105toniowski A.,Sinczak J.; Technology of Forging Railroad Switch Blade., (Srebrny medal na Seul International Invention Fair ), Korea Invention Promotion Association, Seul Korea 26th \u2013 29th 2015.<\/li>\n<li>\u015awi\u0105toniowski A., .Ba\u0142on P., Szostak J.: \u0141\u0105czenie element\u00f3w struktury samochodu z zastosowaniem wt\u0142aczania i zgrzewania cz\u0119\u015bci z\u0142\u0105cznych; w monografii: Badania i kierunki rozwoju technologii po\u0142\u0105cze\u0144 przet\u0142aczanych na zimno, Oficyna Wydawnicza Politechniki Rzeszowskiej 2015 rozd.11 s.221-236.<\/li>\n<li>Ba\u0142on P., \u015awi\u0105toniowski A., Szostak J.: Improved Method of Springback Compensation in Metal Forming Analysis II,:Strength of Materials, 2016 vol.48 no. 04., s. 540-550 ISSN 0039+2316.<\/li>\n<li>Chy\u0142a P.,\u0141ukaszek-So\u0142ek A.,\u015awi\u0105toniowski A.,Szostak J.:Constitutive equation to predict the flow stress and the processingmaps of the Ni55Cr45 alloy, Metal 2017:26 International Conference on Metallurgy and Materials, Brno Czech Republic s.401-407 ISBN: 978-8&#8211;87294-73-4.<\/li>\n<li>Troive L.,Ba\u0142on P., \u015awi\u0105toniowski A., Mueller T., Kie\u0142basa B.:Springback Compensation for a Vehicle&#8217;s Steel Body Panel., International Journal of Computer Integrated Manufacturing, 2017, pp.108-115.<\/li>\n<li>Ba\u0142on P., \u015awi\u0105toniowski A., Kie\u0142basa B.; The analysis of bottom forming process for hybrid heating device; Proceedings of the 20 th International ESAFORM Conference on Material Forming, 2017,s.170001-1 \u2013 17000-6.<\/li>\n<li>Kie\u0142basa B., Ba\u0142on P., \u015awi\u0105toniowski A., Szostak J.; Fatique Failure Analysis in Composite Plates with an Elliptical Hole, Strength of Materials, 2017 vol.49 no. 04., 2017, s. 500-513 ISSN 0039-2316.<\/li>\n<li>Wilk J., Ba\u0142on P., Smusz P., Rejman \u015awi\u0105toniowski A., Kie\u0142basa B., Szostak J., Kowalski \u0141.: Thermal Stratification in the Storage Tank, 23rd Internatinal Conference on Material Forming ESAFORM 2020 ELSEVIER.<\/li>\n<li>Ba\u0142on P.,Rejman E.,\u015awi\u0105toniowski A., Kie\u0142basaB.,Smusz R.,Szostak J.,Kowalswki \u0141.: Thin \u2013walled integral constructions in aircraft industry.Metall Forming ESAFORM 2020 ELSEVIER.<\/li>\n<\/ol>\n<hr>\n<p>&nbsp;<\/p>\n","protected":false},"excerpt":{"rendered":"<p>Sumaryczny dorobek naukowy- obejmuje 246 publikacji \u2013 w tym 3 pozycje ksi\u0105\u017ckowe oraz 7 monografii, a tak\u017ce 148 zrealizowanych projekt\u00f3w badawczych na potrzeby przemys\u0142u. Publikacje ksi\u0105\u017ckowe \u015awi\u0105toniowski A., &#8222;Analiza wsp\u00f3\u0142zale\u017cno\u015bci pomi\u0119dzy drganiami , a przebiegiem procesu\u201d. Wyd . AGH Krak\u00f3w.1991r. ISSN 0239-5320. \u015awi\u0105toniowski A., Bar A.:&#8221;Wsp\u00f3\u0142czesne problemy wytwarzania blach i [\u2026] <\/p>\n<div class=\"clear\"><\/div>\n<p><a class=\"more_link clearfix\" href=\"https:\/\/pans.krosno.pl\/pracownicy\/andrzej-swiatoniowski\/andrzej-swiatoniowski-najwazniejsze-publikacje\/\" rel=\"nofollow\">Read More<\/a><\/p>\n","protected":false},"author":34,"featured_media":0,"parent":3141,"menu_order":0,"comment_status":"closed","ping_status":"closed","template":"","meta":{"ngg_post_thumbnail":0,"footnotes":""},"class_list":["post-3154","page","type-page","status-publish","hentry"],"yoast_head":"<!-- This site is optimized with the Yoast SEO Premium plugin v27.3 (Yoast SEO v27.3) - https:\/\/yoast.com\/product\/yoast-seo-premium-wordpress\/ -->\n<title>prof. dr hab. in\u017c. Andrzej \u015awi\u0105toniowski - Najwa\u017cniejsze publikacje - Pracownicy PANS w Kro\u015bnie<\/title>\n<meta name=\"robots\" content=\"index, follow, max-snippet:-1, max-image-preview:large, max-video-preview:-1\" \/>\n<link rel=\"canonical\" href=\"https:\/\/pans.krosno.pl\/pracownicy\/andrzej-swiatoniowski\/andrzej-swiatoniowski-najwazniejsze-publikacje\/\" \/>\n<meta property=\"og:locale\" content=\"pl_PL\" \/>\n<meta property=\"og:type\" content=\"article\" \/>\n<meta property=\"og:title\" content=\"prof. dr hab. in\u017c. Andrzej \u015awi\u0105toniowski - Najwa\u017cniejsze publikacje\" \/>\n<meta property=\"og:description\" content=\"Sumaryczny dorobek naukowy- obejmuje 246 publikacji \u2013 w tym 3 pozycje ksi\u0105\u017ckowe oraz 7 monografii, a tak\u017ce 148 zrealizowanych projekt\u00f3w badawczych na potrzeby przemys\u0142u. Publikacje ksi\u0105\u017ckowe \u015awi\u0105toniowski A., &#8222;Analiza wsp\u00f3\u0142zale\u017cno\u015bci pomi\u0119dzy drganiami , a przebiegiem procesu\u201d. Wyd . AGH Krak\u00f3w.1991r. ISSN 0239-5320. \u015awi\u0105toniowski A., Bar A.:&#8221;Wsp\u00f3\u0142czesne problemy wytwarzania blach i [\u2026] Read More\" \/>\n<meta property=\"og:url\" content=\"https:\/\/pans.krosno.pl\/pracownicy\/andrzej-swiatoniowski\/andrzej-swiatoniowski-najwazniejsze-publikacje\/\" \/>\n<meta property=\"og:site_name\" content=\"Pracownicy PANS w Kro\u015bnie\" \/>\n<meta property=\"article:modified_time\" content=\"2025-09-29T09:21:34+00:00\" \/>\n<meta name=\"twitter:card\" content=\"summary_large_image\" \/>\n<meta name=\"twitter:label1\" content=\"Szacowany czas czytania\" \/>\n\t<meta name=\"twitter:data1\" content=\"3 minuty\" \/>\n<script type=\"application\/ld+json\" class=\"yoast-schema-graph\">{\"@context\":\"https:\\\/\\\/schema.org\",\"@graph\":[{\"@type\":\"WebPage\",\"@id\":\"https:\\\/\\\/pans.krosno.pl\\\/pracownicy\\\/andrzej-swiatoniowski\\\/andrzej-swiatoniowski-najwazniejsze-publikacje\\\/\",\"url\":\"https:\\\/\\\/pans.krosno.pl\\\/pracownicy\\\/andrzej-swiatoniowski\\\/andrzej-swiatoniowski-najwazniejsze-publikacje\\\/\",\"name\":\"prof. dr hab. in\u017c. Andrzej \u015awi\u0105toniowski - Najwa\u017cniejsze publikacje - Pracownicy PANS w Kro\u015bnie\",\"isPartOf\":{\"@id\":\"https:\\\/\\\/pans.krosno.pl\\\/pracownicy\\\/#website\"},\"datePublished\":\"2020-04-20T12:40:24+00:00\",\"dateModified\":\"2025-09-29T09:21:34+00:00\",\"breadcrumb\":{\"@id\":\"https:\\\/\\\/pans.krosno.pl\\\/pracownicy\\\/andrzej-swiatoniowski\\\/andrzej-swiatoniowski-najwazniejsze-publikacje\\\/#breadcrumb\"},\"inLanguage\":\"pl-PL\",\"potentialAction\":[{\"@type\":\"ReadAction\",\"target\":[\"https:\\\/\\\/pans.krosno.pl\\\/pracownicy\\\/andrzej-swiatoniowski\\\/andrzej-swiatoniowski-najwazniejsze-publikacje\\\/\"]}]},{\"@type\":\"BreadcrumbList\",\"@id\":\"https:\\\/\\\/pans.krosno.pl\\\/pracownicy\\\/andrzej-swiatoniowski\\\/andrzej-swiatoniowski-najwazniejsze-publikacje\\\/#breadcrumb\",\"itemListElement\":[{\"@type\":\"ListItem\",\"position\":1,\"name\":\"Strona g\u0142\u00f3wna\",\"item\":\"https:\\\/\\\/pans.krosno.pl\\\/pracownicy\\\/\"},{\"@type\":\"ListItem\",\"position\":2,\"name\":\"prof. dr hab. in\u017c. Andrzej \u015awi\u0105toniowski\",\"item\":\"https:\\\/\\\/pans.krosno.pl\\\/pracownicy\\\/andrzej-swiatoniowski\\\/\"},{\"@type\":\"ListItem\",\"position\":3,\"name\":\"prof. dr hab. in\u017c. Andrzej \u015awi\u0105toniowski &#8211; Najwa\u017cniejsze publikacje\"}]},{\"@type\":\"WebSite\",\"@id\":\"https:\\\/\\\/pans.krosno.pl\\\/pracownicy\\\/#website\",\"url\":\"https:\\\/\\\/pans.krosno.pl\\\/pracownicy\\\/\",\"name\":\"Pracownicy PANS w Kro\u015bnie\",\"description\":\"Pracownicy - Pa\u0144stwowa Akademia Nauk Stosowanych\",\"publisher\":{\"@id\":\"https:\\\/\\\/pans.krosno.pl\\\/pracownicy\\\/#organization\"},\"potentialAction\":[{\"@type\":\"SearchAction\",\"target\":{\"@type\":\"EntryPoint\",\"urlTemplate\":\"https:\\\/\\\/pans.krosno.pl\\\/pracownicy\\\/?s={search_term_string}\"},\"query-input\":{\"@type\":\"PropertyValueSpecification\",\"valueRequired\":true,\"valueName\":\"search_term_string\"}}],\"inLanguage\":\"pl-PL\"},{\"@type\":\"Organization\",\"@id\":\"https:\\\/\\\/pans.krosno.pl\\\/pracownicy\\\/#organization\",\"name\":\"Pracownicy PANS w Kro\u015bnie\",\"url\":\"https:\\\/\\\/pans.krosno.pl\\\/pracownicy\\\/\",\"logo\":{\"@type\":\"ImageObject\",\"inLanguage\":\"pl-PL\",\"@id\":\"https:\\\/\\\/pans.krosno.pl\\\/pracownicy\\\/#\\\/schema\\\/logo\\\/image\\\/\",\"url\":\"https:\\\/\\\/pans.krosno.pl\\\/pracownicy\\\/wp-content\\\/uploads\\\/sites\\\/41\\\/2023\\\/01\\\/Logo-PANS-2022-pelne.png\",\"contentUrl\":\"https:\\\/\\\/pans.krosno.pl\\\/pracownicy\\\/wp-content\\\/uploads\\\/sites\\\/41\\\/2023\\\/01\\\/Logo-PANS-2022-pelne.png\",\"width\":3096,\"height\":696,\"caption\":\"Pracownicy PANS w Kro\u015bnie\"},\"image\":{\"@id\":\"https:\\\/\\\/pans.krosno.pl\\\/pracownicy\\\/#\\\/schema\\\/logo\\\/image\\\/\"}}]}<\/script>\n<!-- \/ Yoast SEO Premium plugin. -->","yoast_head_json":{"title":"prof. dr hab. in\u017c. Andrzej \u015awi\u0105toniowski - Najwa\u017cniejsze publikacje - Pracownicy PANS w Kro\u015bnie","robots":{"index":"index","follow":"follow","max-snippet":"max-snippet:-1","max-image-preview":"max-image-preview:large","max-video-preview":"max-video-preview:-1"},"canonical":"https:\/\/pans.krosno.pl\/pracownicy\/andrzej-swiatoniowski\/andrzej-swiatoniowski-najwazniejsze-publikacje\/","og_locale":"pl_PL","og_type":"article","og_title":"prof. dr hab. in\u017c. Andrzej \u015awi\u0105toniowski - Najwa\u017cniejsze publikacje","og_description":"Sumaryczny dorobek naukowy- obejmuje 246 publikacji \u2013 w tym 3 pozycje ksi\u0105\u017ckowe oraz 7 monografii, a tak\u017ce 148 zrealizowanych projekt\u00f3w badawczych na potrzeby przemys\u0142u. Publikacje ksi\u0105\u017ckowe \u015awi\u0105toniowski A., &#8222;Analiza wsp\u00f3\u0142zale\u017cno\u015bci pomi\u0119dzy drganiami , a przebiegiem procesu\u201d. Wyd . AGH Krak\u00f3w.1991r. ISSN 0239-5320. \u015awi\u0105toniowski A., Bar A.:&#8221;Wsp\u00f3\u0142czesne problemy wytwarzania blach i [\u2026] Read More","og_url":"https:\/\/pans.krosno.pl\/pracownicy\/andrzej-swiatoniowski\/andrzej-swiatoniowski-najwazniejsze-publikacje\/","og_site_name":"Pracownicy PANS w Kro\u015bnie","article_modified_time":"2025-09-29T09:21:34+00:00","twitter_card":"summary_large_image","twitter_misc":{"Szacowany czas czytania":"3 minuty"},"schema":{"@context":"https:\/\/schema.org","@graph":[{"@type":"WebPage","@id":"https:\/\/pans.krosno.pl\/pracownicy\/andrzej-swiatoniowski\/andrzej-swiatoniowski-najwazniejsze-publikacje\/","url":"https:\/\/pans.krosno.pl\/pracownicy\/andrzej-swiatoniowski\/andrzej-swiatoniowski-najwazniejsze-publikacje\/","name":"prof. dr hab. in\u017c. Andrzej \u015awi\u0105toniowski - Najwa\u017cniejsze publikacje - Pracownicy PANS w Kro\u015bnie","isPartOf":{"@id":"https:\/\/pans.krosno.pl\/pracownicy\/#website"},"datePublished":"2020-04-20T12:40:24+00:00","dateModified":"2025-09-29T09:21:34+00:00","breadcrumb":{"@id":"https:\/\/pans.krosno.pl\/pracownicy\/andrzej-swiatoniowski\/andrzej-swiatoniowski-najwazniejsze-publikacje\/#breadcrumb"},"inLanguage":"pl-PL","potentialAction":[{"@type":"ReadAction","target":["https:\/\/pans.krosno.pl\/pracownicy\/andrzej-swiatoniowski\/andrzej-swiatoniowski-najwazniejsze-publikacje\/"]}]},{"@type":"BreadcrumbList","@id":"https:\/\/pans.krosno.pl\/pracownicy\/andrzej-swiatoniowski\/andrzej-swiatoniowski-najwazniejsze-publikacje\/#breadcrumb","itemListElement":[{"@type":"ListItem","position":1,"name":"Strona g\u0142\u00f3wna","item":"https:\/\/pans.krosno.pl\/pracownicy\/"},{"@type":"ListItem","position":2,"name":"prof. dr hab. in\u017c. Andrzej \u015awi\u0105toniowski","item":"https:\/\/pans.krosno.pl\/pracownicy\/andrzej-swiatoniowski\/"},{"@type":"ListItem","position":3,"name":"prof. dr hab. in\u017c. Andrzej \u015awi\u0105toniowski &#8211; Najwa\u017cniejsze publikacje"}]},{"@type":"WebSite","@id":"https:\/\/pans.krosno.pl\/pracownicy\/#website","url":"https:\/\/pans.krosno.pl\/pracownicy\/","name":"Pracownicy PANS w Kro\u015bnie","description":"Pracownicy - Pa\u0144stwowa Akademia Nauk Stosowanych","publisher":{"@id":"https:\/\/pans.krosno.pl\/pracownicy\/#organization"},"potentialAction":[{"@type":"SearchAction","target":{"@type":"EntryPoint","urlTemplate":"https:\/\/pans.krosno.pl\/pracownicy\/?s={search_term_string}"},"query-input":{"@type":"PropertyValueSpecification","valueRequired":true,"valueName":"search_term_string"}}],"inLanguage":"pl-PL"},{"@type":"Organization","@id":"https:\/\/pans.krosno.pl\/pracownicy\/#organization","name":"Pracownicy PANS w Kro\u015bnie","url":"https:\/\/pans.krosno.pl\/pracownicy\/","logo":{"@type":"ImageObject","inLanguage":"pl-PL","@id":"https:\/\/pans.krosno.pl\/pracownicy\/#\/schema\/logo\/image\/","url":"https:\/\/pans.krosno.pl\/pracownicy\/wp-content\/uploads\/sites\/41\/2023\/01\/Logo-PANS-2022-pelne.png","contentUrl":"https:\/\/pans.krosno.pl\/pracownicy\/wp-content\/uploads\/sites\/41\/2023\/01\/Logo-PANS-2022-pelne.png","width":3096,"height":696,"caption":"Pracownicy PANS w Kro\u015bnie"},"image":{"@id":"https:\/\/pans.krosno.pl\/pracownicy\/#\/schema\/logo\/image\/"}}]}},"_links":{"self":[{"href":"https:\/\/pans.krosno.pl\/pracownicy\/wp-json\/wp\/v2\/pages\/3154","targetHints":{"allow":["GET"]}}],"collection":[{"href":"https:\/\/pans.krosno.pl\/pracownicy\/wp-json\/wp\/v2\/pages"}],"about":[{"href":"https:\/\/pans.krosno.pl\/pracownicy\/wp-json\/wp\/v2\/types\/page"}],"author":[{"embeddable":true,"href":"https:\/\/pans.krosno.pl\/pracownicy\/wp-json\/wp\/v2\/users\/34"}],"replies":[{"embeddable":true,"href":"https:\/\/pans.krosno.pl\/pracownicy\/wp-json\/wp\/v2\/comments?post=3154"}],"version-history":[{"count":6,"href":"https:\/\/pans.krosno.pl\/pracownicy\/wp-json\/wp\/v2\/pages\/3154\/revisions"}],"predecessor-version":[{"id":11424,"href":"https:\/\/pans.krosno.pl\/pracownicy\/wp-json\/wp\/v2\/pages\/3154\/revisions\/11424"}],"up":[{"embeddable":true,"href":"https:\/\/pans.krosno.pl\/pracownicy\/wp-json\/wp\/v2\/pages\/3141"}],"wp:attachment":[{"href":"https:\/\/pans.krosno.pl\/pracownicy\/wp-json\/wp\/v2\/media?parent=3154"}],"curies":[{"name":"wp","href":"https:\/\/api.w.org\/{rel}","templated":true}]}}