{"id":3129,"date":"2020-04-20T14:09:01","date_gmt":"2020-04-20T12:09:01","guid":{"rendered":"https:\/\/pans.krosno.pl\/pracownicy\/?page_id=3129"},"modified":"2025-05-20T13:38:02","modified_gmt":"2025-05-20T11:38:02","slug":"zygmunt-sibiga-najwazniejsze-publikacje","status":"publish","type":"page","link":"https:\/\/pans.krosno.pl\/pracownicy\/zygmunt-sibiga\/zygmunt-sibiga-najwazniejsze-publikacje\/","title":{"rendered":"dr hab. Zygmunt Sibiga, prof. KPU &#8211; Najwa\u017cniejsze publikacje"},"content":{"rendered":"<hr>\n<ul>\n<li>Autor dw\u00f3ch ksi\u0105\u017cek i kilkudziesi\u0119ciu artyku\u0142\u00f3w naukowych z zakresu dydaktyki i edukacji dwuj\u0119zycznej,<\/li>\n<li>Opracowanie monografii polskich szk\u00f3\u0142 etnicznych w USA i zarysu metodyki nauczania w szko\u0142ach etnicznych,<\/li>\n<li>w okresie od 2002 r. do 2014 r. &#8211; Redaktor \u201eZeszyt\u00f3w Naukowych Uniwersytetu Rzeszowskiego. Dydaktyka\u201d,<\/li>\n<li>Recenzje wydawnicze i doktorskie,<\/li>\n<li>Promotor prac doktorskich,<\/li>\n<li>Uczestnik wielu konferencji og\u00f3lnopolskich i mi\u0119dzynarodowych w kraju i za granic\u0105.<\/li>\n<\/ul>\n<hr>\n<p><strong style=\"font-size: inherit\">Wsp\u00f3\u0142organizator ponad 20 konferencji z wyg\u0142oszonymi i opublikowanymi referatami m.in.:<\/strong><\/p>\n<ol>\n<li>Zadania etniczne szk\u00f3\u0142 polonijnych Stan\u00f3w Zjednoczonych [w:] Polska dwa \u015bwiaty. Kraj i Polonia. Polacy w Ameryce \u2013 400-lecie, red. W.J. Wysocki, W. Gli\u0144ski, Wydawnictwo Uniwersytetu Kardyna\u0142a Stefana Wyszy\u0144skiego w Warszawie, Warszawa 2009.<\/li>\n<li>Konferencja mi\u0119dzynarodowa na UKSW w Warszawie, Warszawa 2009; Polskie szkolnictwo w Nowym Jorku [w:] Polonijny Nowy Jork, red. D. Pi\u0105tkowska, Wydawca: Instytut J\u00f3zefa Pi\u0142sudskiego w Ameryce. Nowy Jork \u2013 Opole 2010.<\/li>\n<li>Konferencja mi\u0119dzynarodowa w Nowym Jorku, Nowy Jork 2010.; Kszta\u0142cenie sprawno\u015bci j\u0119zykowej uczni\u00f3w w podr\u0119cznikach dla szk\u00f3\u0142 polonijnych [w:] Integracja wczoraj i dzi\u015b w kszta\u0142ceniu polonistycznym, t. II, red. U. Kope\u0107, Z. Sibiga, Wydawnictwo Uniwersytetu Rzeszowskiego, Rzesz\u00f3w 2013.<\/li>\n<\/ol>\n<hr>\n<p>&nbsp;<\/p>\n","protected":false},"excerpt":{"rendered":"<p>Autor dw\u00f3ch ksi\u0105\u017cek i kilkudziesi\u0119ciu artyku\u0142\u00f3w naukowych z zakresu dydaktyki i edukacji dwuj\u0119zycznej, Opracowanie monografii polskich szk\u00f3\u0142 etnicznych w USA i zarysu metodyki nauczania w szko\u0142ach etnicznych, w okresie od 2002 r. do 2014 r. &#8211; Redaktor \u201eZeszyt\u00f3w Naukowych Uniwersytetu Rzeszowskiego. Dydaktyka\u201d, Recenzje wydawnicze i doktorskie, Promotor prac doktorskich, Uczestnik [\u2026] <\/p>\n<div class=\"clear\"><\/div>\n<p><a class=\"more_link clearfix\" href=\"https:\/\/pans.krosno.pl\/pracownicy\/zygmunt-sibiga\/zygmunt-sibiga-najwazniejsze-publikacje\/\" rel=\"nofollow\">Read More<\/a><\/p>\n","protected":false},"author":34,"featured_media":0,"parent":3048,"menu_order":0,"comment_status":"closed","ping_status":"closed","template":"","meta":{"ngg_post_thumbnail":0,"footnotes":""},"class_list":["post-3129","page","type-page","status-publish","hentry"],"yoast_head":"<!-- This site is optimized with the Yoast SEO Premium plugin v27.3 (Yoast SEO v27.3) - https:\/\/yoast.com\/product\/yoast-seo-premium-wordpress\/ -->\n<title>dr hab. Zygmunt Sibiga, prof. KPU - Najwa\u017cniejsze publikacje - Pracownicy PANS w Kro\u015bnie<\/title>\n<meta name=\"robots\" content=\"index, follow, max-snippet:-1, max-image-preview:large, max-video-preview:-1\" \/>\n<link rel=\"canonical\" href=\"https:\/\/pans.krosno.pl\/pracownicy\/zygmunt-sibiga\/zygmunt-sibiga-najwazniejsze-publikacje\/\" \/>\n<meta property=\"og:locale\" content=\"pl_PL\" \/>\n<meta property=\"og:type\" content=\"article\" \/>\n<meta property=\"og:title\" content=\"dr hab. Zygmunt Sibiga, prof. KPU - Najwa\u017cniejsze publikacje\" \/>\n<meta property=\"og:description\" content=\"Autor dw\u00f3ch ksi\u0105\u017cek i kilkudziesi\u0119ciu artyku\u0142\u00f3w naukowych z zakresu dydaktyki i edukacji dwuj\u0119zycznej, Opracowanie monografii polskich szk\u00f3\u0142 etnicznych w USA i zarysu metodyki nauczania w szko\u0142ach etnicznych, w okresie od 2002 r. do 2014 r. &#8211; Redaktor \u201eZeszyt\u00f3w Naukowych Uniwersytetu Rzeszowskiego. Dydaktyka\u201d, Recenzje wydawnicze i doktorskie, Promotor prac doktorskich, Uczestnik [\u2026] Read More\" \/>\n<meta property=\"og:url\" content=\"https:\/\/pans.krosno.pl\/pracownicy\/zygmunt-sibiga\/zygmunt-sibiga-najwazniejsze-publikacje\/\" \/>\n<meta property=\"og:site_name\" content=\"Pracownicy PANS w Kro\u015bnie\" \/>\n<meta property=\"article:modified_time\" content=\"2025-05-20T11:38:02+00:00\" \/>\n<meta name=\"twitter:card\" content=\"summary_large_image\" \/>\n<meta name=\"twitter:label1\" content=\"Szacowany czas czytania\" \/>\n\t<meta name=\"twitter:data1\" content=\"2 minuty\" \/>\n<script type=\"application\/ld+json\" class=\"yoast-schema-graph\">{\"@context\":\"https:\\\/\\\/schema.org\",\"@graph\":[{\"@type\":\"WebPage\",\"@id\":\"https:\\\/\\\/pans.krosno.pl\\\/pracownicy\\\/zygmunt-sibiga\\\/zygmunt-sibiga-najwazniejsze-publikacje\\\/\",\"url\":\"https:\\\/\\\/pans.krosno.pl\\\/pracownicy\\\/zygmunt-sibiga\\\/zygmunt-sibiga-najwazniejsze-publikacje\\\/\",\"name\":\"dr hab. Zygmunt Sibiga, prof. KPU - Najwa\u017cniejsze publikacje - Pracownicy PANS w Kro\u015bnie\",\"isPartOf\":{\"@id\":\"https:\\\/\\\/pans.krosno.pl\\\/pracownicy\\\/#website\"},\"datePublished\":\"2020-04-20T12:09:01+00:00\",\"dateModified\":\"2025-05-20T11:38:02+00:00\",\"breadcrumb\":{\"@id\":\"https:\\\/\\\/pans.krosno.pl\\\/pracownicy\\\/zygmunt-sibiga\\\/zygmunt-sibiga-najwazniejsze-publikacje\\\/#breadcrumb\"},\"inLanguage\":\"pl-PL\",\"potentialAction\":[{\"@type\":\"ReadAction\",\"target\":[\"https:\\\/\\\/pans.krosno.pl\\\/pracownicy\\\/zygmunt-sibiga\\\/zygmunt-sibiga-najwazniejsze-publikacje\\\/\"]}]},{\"@type\":\"BreadcrumbList\",\"@id\":\"https:\\\/\\\/pans.krosno.pl\\\/pracownicy\\\/zygmunt-sibiga\\\/zygmunt-sibiga-najwazniejsze-publikacje\\\/#breadcrumb\",\"itemListElement\":[{\"@type\":\"ListItem\",\"position\":1,\"name\":\"Strona g\u0142\u00f3wna\",\"item\":\"https:\\\/\\\/pans.krosno.pl\\\/pracownicy\\\/\"},{\"@type\":\"ListItem\",\"position\":2,\"name\":\"dr hab. Zygmunt Sibiga, prof. KPU\",\"item\":\"https:\\\/\\\/pans.krosno.pl\\\/pracownicy\\\/zygmunt-sibiga\\\/\"},{\"@type\":\"ListItem\",\"position\":3,\"name\":\"dr hab. Zygmunt Sibiga, prof. KPU &#8211; Najwa\u017cniejsze publikacje\"}]},{\"@type\":\"WebSite\",\"@id\":\"https:\\\/\\\/pans.krosno.pl\\\/pracownicy\\\/#website\",\"url\":\"https:\\\/\\\/pans.krosno.pl\\\/pracownicy\\\/\",\"name\":\"Pracownicy PANS w Kro\u015bnie\",\"description\":\"Pracownicy - Pa\u0144stwowa Akademia Nauk Stosowanych\",\"publisher\":{\"@id\":\"https:\\\/\\\/pans.krosno.pl\\\/pracownicy\\\/#organization\"},\"potentialAction\":[{\"@type\":\"SearchAction\",\"target\":{\"@type\":\"EntryPoint\",\"urlTemplate\":\"https:\\\/\\\/pans.krosno.pl\\\/pracownicy\\\/?s={search_term_string}\"},\"query-input\":{\"@type\":\"PropertyValueSpecification\",\"valueRequired\":true,\"valueName\":\"search_term_string\"}}],\"inLanguage\":\"pl-PL\"},{\"@type\":\"Organization\",\"@id\":\"https:\\\/\\\/pans.krosno.pl\\\/pracownicy\\\/#organization\",\"name\":\"Pracownicy PANS w Kro\u015bnie\",\"url\":\"https:\\\/\\\/pans.krosno.pl\\\/pracownicy\\\/\",\"logo\":{\"@type\":\"ImageObject\",\"inLanguage\":\"pl-PL\",\"@id\":\"https:\\\/\\\/pans.krosno.pl\\\/pracownicy\\\/#\\\/schema\\\/logo\\\/image\\\/\",\"url\":\"https:\\\/\\\/pans.krosno.pl\\\/pracownicy\\\/wp-content\\\/uploads\\\/sites\\\/41\\\/2023\\\/01\\\/Logo-PANS-2022-pelne.png\",\"contentUrl\":\"https:\\\/\\\/pans.krosno.pl\\\/pracownicy\\\/wp-content\\\/uploads\\\/sites\\\/41\\\/2023\\\/01\\\/Logo-PANS-2022-pelne.png\",\"width\":3096,\"height\":696,\"caption\":\"Pracownicy PANS w Kro\u015bnie\"},\"image\":{\"@id\":\"https:\\\/\\\/pans.krosno.pl\\\/pracownicy\\\/#\\\/schema\\\/logo\\\/image\\\/\"}}]}<\/script>\n<!-- \/ Yoast SEO Premium plugin. -->","yoast_head_json":{"title":"dr hab. Zygmunt Sibiga, prof. KPU - Najwa\u017cniejsze publikacje - Pracownicy PANS w Kro\u015bnie","robots":{"index":"index","follow":"follow","max-snippet":"max-snippet:-1","max-image-preview":"max-image-preview:large","max-video-preview":"max-video-preview:-1"},"canonical":"https:\/\/pans.krosno.pl\/pracownicy\/zygmunt-sibiga\/zygmunt-sibiga-najwazniejsze-publikacje\/","og_locale":"pl_PL","og_type":"article","og_title":"dr hab. Zygmunt Sibiga, prof. KPU - Najwa\u017cniejsze publikacje","og_description":"Autor dw\u00f3ch ksi\u0105\u017cek i kilkudziesi\u0119ciu artyku\u0142\u00f3w naukowych z zakresu dydaktyki i edukacji dwuj\u0119zycznej, Opracowanie monografii polskich szk\u00f3\u0142 etnicznych w USA i zarysu metodyki nauczania w szko\u0142ach etnicznych, w okresie od 2002 r. do 2014 r. &#8211; Redaktor \u201eZeszyt\u00f3w Naukowych Uniwersytetu Rzeszowskiego. Dydaktyka\u201d, Recenzje wydawnicze i doktorskie, Promotor prac doktorskich, Uczestnik [\u2026] Read More","og_url":"https:\/\/pans.krosno.pl\/pracownicy\/zygmunt-sibiga\/zygmunt-sibiga-najwazniejsze-publikacje\/","og_site_name":"Pracownicy PANS w Kro\u015bnie","article_modified_time":"2025-05-20T11:38:02+00:00","twitter_card":"summary_large_image","twitter_misc":{"Szacowany czas czytania":"2 minuty"},"schema":{"@context":"https:\/\/schema.org","@graph":[{"@type":"WebPage","@id":"https:\/\/pans.krosno.pl\/pracownicy\/zygmunt-sibiga\/zygmunt-sibiga-najwazniejsze-publikacje\/","url":"https:\/\/pans.krosno.pl\/pracownicy\/zygmunt-sibiga\/zygmunt-sibiga-najwazniejsze-publikacje\/","name":"dr hab. Zygmunt Sibiga, prof. KPU - Najwa\u017cniejsze publikacje - Pracownicy PANS w Kro\u015bnie","isPartOf":{"@id":"https:\/\/pans.krosno.pl\/pracownicy\/#website"},"datePublished":"2020-04-20T12:09:01+00:00","dateModified":"2025-05-20T11:38:02+00:00","breadcrumb":{"@id":"https:\/\/pans.krosno.pl\/pracownicy\/zygmunt-sibiga\/zygmunt-sibiga-najwazniejsze-publikacje\/#breadcrumb"},"inLanguage":"pl-PL","potentialAction":[{"@type":"ReadAction","target":["https:\/\/pans.krosno.pl\/pracownicy\/zygmunt-sibiga\/zygmunt-sibiga-najwazniejsze-publikacje\/"]}]},{"@type":"BreadcrumbList","@id":"https:\/\/pans.krosno.pl\/pracownicy\/zygmunt-sibiga\/zygmunt-sibiga-najwazniejsze-publikacje\/#breadcrumb","itemListElement":[{"@type":"ListItem","position":1,"name":"Strona g\u0142\u00f3wna","item":"https:\/\/pans.krosno.pl\/pracownicy\/"},{"@type":"ListItem","position":2,"name":"dr hab. Zygmunt Sibiga, prof. KPU","item":"https:\/\/pans.krosno.pl\/pracownicy\/zygmunt-sibiga\/"},{"@type":"ListItem","position":3,"name":"dr hab. Zygmunt Sibiga, prof. KPU &#8211; Najwa\u017cniejsze publikacje"}]},{"@type":"WebSite","@id":"https:\/\/pans.krosno.pl\/pracownicy\/#website","url":"https:\/\/pans.krosno.pl\/pracownicy\/","name":"Pracownicy PANS w Kro\u015bnie","description":"Pracownicy - Pa\u0144stwowa Akademia Nauk Stosowanych","publisher":{"@id":"https:\/\/pans.krosno.pl\/pracownicy\/#organization"},"potentialAction":[{"@type":"SearchAction","target":{"@type":"EntryPoint","urlTemplate":"https:\/\/pans.krosno.pl\/pracownicy\/?s={search_term_string}"},"query-input":{"@type":"PropertyValueSpecification","valueRequired":true,"valueName":"search_term_string"}}],"inLanguage":"pl-PL"},{"@type":"Organization","@id":"https:\/\/pans.krosno.pl\/pracownicy\/#organization","name":"Pracownicy PANS w Kro\u015bnie","url":"https:\/\/pans.krosno.pl\/pracownicy\/","logo":{"@type":"ImageObject","inLanguage":"pl-PL","@id":"https:\/\/pans.krosno.pl\/pracownicy\/#\/schema\/logo\/image\/","url":"https:\/\/pans.krosno.pl\/pracownicy\/wp-content\/uploads\/sites\/41\/2023\/01\/Logo-PANS-2022-pelne.png","contentUrl":"https:\/\/pans.krosno.pl\/pracownicy\/wp-content\/uploads\/sites\/41\/2023\/01\/Logo-PANS-2022-pelne.png","width":3096,"height":696,"caption":"Pracownicy PANS w Kro\u015bnie"},"image":{"@id":"https:\/\/pans.krosno.pl\/pracownicy\/#\/schema\/logo\/image\/"}}]}},"_links":{"self":[{"href":"https:\/\/pans.krosno.pl\/pracownicy\/wp-json\/wp\/v2\/pages\/3129","targetHints":{"allow":["GET"]}}],"collection":[{"href":"https:\/\/pans.krosno.pl\/pracownicy\/wp-json\/wp\/v2\/pages"}],"about":[{"href":"https:\/\/pans.krosno.pl\/pracownicy\/wp-json\/wp\/v2\/types\/page"}],"author":[{"embeddable":true,"href":"https:\/\/pans.krosno.pl\/pracownicy\/wp-json\/wp\/v2\/users\/34"}],"replies":[{"embeddable":true,"href":"https:\/\/pans.krosno.pl\/pracownicy\/wp-json\/wp\/v2\/comments?post=3129"}],"version-history":[{"count":16,"href":"https:\/\/pans.krosno.pl\/pracownicy\/wp-json\/wp\/v2\/pages\/3129\/revisions"}],"predecessor-version":[{"id":10980,"href":"https:\/\/pans.krosno.pl\/pracownicy\/wp-json\/wp\/v2\/pages\/3129\/revisions\/10980"}],"up":[{"embeddable":true,"href":"https:\/\/pans.krosno.pl\/pracownicy\/wp-json\/wp\/v2\/pages\/3048"}],"wp:attachment":[{"href":"https:\/\/pans.krosno.pl\/pracownicy\/wp-json\/wp\/v2\/media?parent=3129"}],"curies":[{"name":"wp","href":"https:\/\/api.w.org\/{rel}","templated":true}]}}