{"id":3064,"date":"2020-04-20T12:18:48","date_gmt":"2020-04-20T10:18:48","guid":{"rendered":"https:\/\/pans.krosno.pl\/pracownicy\/?page_id=3064"},"modified":"2022-07-11T12:37:40","modified_gmt":"2022-07-11T10:37:40","slug":"ilona-kaczmarczyk-zebrowska-najwazniejsze-publikacje","status":"publish","type":"page","link":"https:\/\/pans.krosno.pl\/pracownicy\/ilona-kaczmarczyk-zebrowska\/ilona-kaczmarczyk-zebrowska-najwazniejsze-publikacje\/","title":{"rendered":"prof. dr hab. n. med. Ilona Kaczmarczyk-\u017bebrowska &#8211; Najwa\u017cniejsze publikacje"},"content":{"rendered":"<hr>\n<p>Dzia\u0142alno\u015b\u0107 naukowa obejmowa\u0142a badania w\u0142asno\u015bci farmakologicznych nowo zsyntetyzowanych zwi\u0105zk\u00f3w chemicznych w zakresie wp\u0142ywu na uk\u0142ad kr\u0105\u017cenia u szczur\u00f3w z wrodzonym nadci\u015bnieniem t\u0119tniczym i toksyczno\u015bci ostrej. Bra\u0142a udzia\u0142 w prowadzonych na modelach zwierz\u0119cych badaniach lek\u00f3w przeciwarytmicznych. Zasadniczy wp\u0142yw na rozw\u00f3j pracy naukowej mia\u0142o opracowanie przez Ilon\u0119 Kaczmarczyk-Sedlak eksperymentalnej metody umo\u017cliwiaj\u0105cej ocen\u0119 kr\u0105\u017cenia krwi w ko\u015bci d\u0142ugiej szczura oraz podj\u0119cie metodyki bada\u0144 proces\u00f3w przebudowy tkanki kostnej. Prowadzone badania farmakologiczne dotyczy\u0142y wp\u0142ywu lek\u00f3w na: ukrwienie ko\u015bci, rozw\u00f3j osteoporozy, niezaburzon\u0105 przebudow\u0119 ko\u015bci, zaburzenia przebudowy ko\u015bci wywo\u0142ane lekami immunosupresyjnymi, a tak\u017ce badania wp\u0142ywu talidomidu na procesy przebudowy ko\u015bci w r\u00f3\u017cnych modelach eksperymentalnych. Opracowa\u0142a na przyk\u0142adzie szczur\u00f3w nowe modele eksperymentalne osteomyelitis aseptica acuta i osteomyelitis aseptica chronica, kt\u00f3re umo\u017cliwiaj\u0105 badanie zjawisk patofizjologicznych oraz przeprowadzenie bada\u0144 w kierunku oceny wp\u0142ywu lek\u00f3w na procesy przebudowy tkanki kostnej.<\/p>\n<p>Po uzyskaniu stopnia doktora habilitowanego prowadzi\u0142a badania dotycz\u0105ce: wp\u0142ywu zwi\u0105zk\u00f3w pochodzenia ro\u015blinnego oraz lek\u00f3w syntetycznych na przebudow\u0119 tkanki kostnej u szczur\u00f3w, wp\u0142ywu zwi\u0105zk\u00f3w pochodzenia ro\u015blinnego na parametry stresu oksydacyjnego u szczur\u00f3w, wp\u0142ywu wyci\u0105g\u00f3w ro\u015blinnych na kr\u0119tki Borrelia burgdorferi w warunkach in vitro. Przeprowadzi\u0142a analiz\u0119 fitochemiczn\u0105 wyci\u0105g\u00f3w ro\u015blinnych w kierunku zawarto\u015bci zwi\u0105zk\u00f3w farmakologicznie czynnych oraz ich potencja\u0142u antyoksydacyjnego.<\/p>\n<p>Aktualnie kontynuuje badania: wp\u0142yw zwi\u0105zk\u00f3w pochodzenia ro\u015blinnego na parametry stresu oksydacyjnego u szczur\u00f3w z niedoborem estrogen\u00f3w oraz w modelu cukrzycy typu 1 i typu 2, wp\u0142ywu wyci\u0105g\u00f3w ro\u015blinnych na kr\u0119tki Borrelia burgdorferi w warunkach in vitro.<\/p>\n<p>Jest autork\u0105\/wsp\u00f3\u0142autork\u0105 318 publikacji, w tym m.in.: 4 bestsellerowych podr\u0119cznik\u00f3w (\u201eZio\u0142a w medycynie. Choroby uk\u0142adu pokarmowego\u201d, 2017; \u201eZio\u0142a w medycynie. Choroby uk\u0142adu oddechowego\u201d, 2018; \u201eZio\u0142a w medycynie. Choroby uk\u0142adu kr\u0105\u017cenia\u201d, 2019; \u201eLeksykon naturalnych surowc\u00f3w leczniczych. Medycyna zachodu, tradycyjna medycyna chi\u0144ska, Ajurweda\u201d, 2018), 72 artyku\u0142\u00f3w w czasopismach krajowych i zagranicznych, 177 streszcze\u0144 zjazdowych oraz 4 referat\u00f3w zjazdowych. Jest te\u017c t\u0142umaczem polskiego wydania \u201eFarmakologii w zarysie\u201d (autorstwa M. J. Neal), a tak\u017ce wsp\u00f3\u0142autork\u0105 4 wyda\u0144 \u201eKompendium farmakologii\u201d (2001, 2005, 2010 i 2015).<\/p>\n<p>Publikacje uzyska\u0142y IF= 85,992, MNiSW= 2052, Indeks Hirscha: 10, za\u015b liczba prac cytowanych wynosi 52, a liczba cytowa\u0144: 328.<\/p>\n<p><strong>Najwa\u017cniejsze prace&nbsp;<\/strong><\/p>\n<p>M. Zych, I. Kaczmarczyk-Sedlak, W. Wojnar, J. Folwarczna, \u201eThe effects of sinapic acid on the development of metabolic disorders induced by estrogen deficiency in rats\u201d, Oxid. Med. Cell. Longev. 2018, Vol. 2018, ID 9274246, p.1-11; M. Zych, W. Wojnar, S. Borymski, K. Sza\u0142abska, P. Bramora, I. Kaczmarczyk-Sedlak, \u201eEffect of rosmarinic acid and sinapic acid on oxidative stress parameters in the cardiac tissue and serum of type 2 diabetic female rats\u201d, Antioxidants 2019, Vol. 8, No. 12, p. 1-22, 579; I. Kaczmarczyk-Sedlak, J. Folwarczna, L. Sedlak, M. Zych, W. Wojnar, I. Szumi\u0144ska, D. Wygl\u0119dowska-Promie\u0144ska, E. Mrukwa-Kominek, \u201eEffect of caffeine on biomarkers of oxidative stress in lenses of rats with streptozotocin-induced diabetes\u201d, Arch. Med. Sci. 2019, Vol. 15, No. 4, p. 1073-1080; M. Zych, I. Kaczmarczyk-Sedlak, W. Wojnar, J. Folwarczna, \u201eEffect of rosmarinic acid on the serum parameters of glucose and lipid metabolism and oxidative stress in estrogen-deficient rats\u201d, Nutrients 2019, Vol. 11, No. 2, Art. No. 267, p. 1-15; M. Zych, W. Wojnar, S. Dudek, I. Kaczmarczyk-Sedlak, \u201eRosmarinic and sinapic acids may increase the content of reduced glutathione in the lenses of estrogen-deficient rats\u201d, Nutrients 2019, Vol.11, No. 4, Art. No. 803, p. 1-14.<\/p>\n<p>Jest promotorem 4 przewod\u00f3w doktorskich, promotorem i opiekunem 55 prac magisterskich, a tak\u017ce recenzentem w post\u0119powaniu o nadanie stopnia doktora habilitowanego oraz przewodzie doktorskim.<\/p>\n<hr>\n<p>&nbsp;<\/p>\n","protected":false},"excerpt":{"rendered":"<p>Dzia\u0142alno\u015b\u0107 naukowa obejmowa\u0142a badania w\u0142asno\u015bci farmakologicznych nowo zsyntetyzowanych zwi\u0105zk\u00f3w chemicznych w zakresie wp\u0142ywu na uk\u0142ad kr\u0105\u017cenia u szczur\u00f3w z wrodzonym nadci\u015bnieniem t\u0119tniczym i toksyczno\u015bci ostrej. Bra\u0142a udzia\u0142 w prowadzonych na modelach zwierz\u0119cych badaniach lek\u00f3w przeciwarytmicznych. Zasadniczy wp\u0142yw na rozw\u00f3j pracy naukowej mia\u0142o opracowanie przez Ilon\u0119 Kaczmarczyk-Sedlak eksperymentalnej metody umo\u017cliwiaj\u0105cej ocen\u0119 [\u2026] <\/p>\n<div class=\"clear\"><\/div>\n<p><a class=\"more_link clearfix\" href=\"https:\/\/pans.krosno.pl\/pracownicy\/ilona-kaczmarczyk-zebrowska\/ilona-kaczmarczyk-zebrowska-najwazniejsze-publikacje\/\" rel=\"nofollow\">Read More<\/a><\/p>\n","protected":false},"author":36,"featured_media":0,"parent":3051,"menu_order":0,"comment_status":"closed","ping_status":"closed","template":"","meta":{"ngg_post_thumbnail":0,"footnotes":""},"class_list":["post-3064","page","type-page","status-publish","hentry"],"yoast_head":"<!-- This site is optimized with the Yoast SEO Premium plugin v27.4 (Yoast SEO v27.4) - https:\/\/yoast.com\/product\/yoast-seo-premium-wordpress\/ -->\n<title>prof. dr hab. n. med. Ilona Kaczmarczyk-\u017bebrowska - Najwa\u017cniejsze publikacje - Pracownicy PANS w Kro\u015bnie<\/title>\n<meta name=\"robots\" content=\"index, follow, max-snippet:-1, max-image-preview:large, max-video-preview:-1\" \/>\n<link rel=\"canonical\" href=\"https:\/\/pans.krosno.pl\/pracownicy\/ilona-kaczmarczyk-zebrowska\/ilona-kaczmarczyk-zebrowska-najwazniejsze-publikacje\/\" \/>\n<meta property=\"og:locale\" content=\"pl_PL\" \/>\n<meta property=\"og:type\" content=\"article\" \/>\n<meta property=\"og:title\" content=\"prof. dr hab. n. med. Ilona Kaczmarczyk-\u017bebrowska - Najwa\u017cniejsze publikacje\" \/>\n<meta property=\"og:description\" content=\"Dzia\u0142alno\u015b\u0107 naukowa obejmowa\u0142a badania w\u0142asno\u015bci farmakologicznych nowo zsyntetyzowanych zwi\u0105zk\u00f3w chemicznych w zakresie wp\u0142ywu na uk\u0142ad kr\u0105\u017cenia u szczur\u00f3w z wrodzonym nadci\u015bnieniem t\u0119tniczym i toksyczno\u015bci ostrej. Bra\u0142a udzia\u0142 w prowadzonych na modelach zwierz\u0119cych badaniach lek\u00f3w przeciwarytmicznych. Zasadniczy wp\u0142yw na rozw\u00f3j pracy naukowej mia\u0142o opracowanie przez Ilon\u0119 Kaczmarczyk-Sedlak eksperymentalnej metody umo\u017cliwiaj\u0105cej ocen\u0119 [\u2026] Read More\" \/>\n<meta property=\"og:url\" content=\"https:\/\/pans.krosno.pl\/pracownicy\/ilona-kaczmarczyk-zebrowska\/ilona-kaczmarczyk-zebrowska-najwazniejsze-publikacje\/\" \/>\n<meta property=\"og:site_name\" content=\"Pracownicy PANS w Kro\u015bnie\" \/>\n<meta property=\"article:modified_time\" content=\"2022-07-11T10:37:40+00:00\" \/>\n<meta name=\"twitter:card\" content=\"summary_large_image\" \/>\n<meta name=\"twitter:label1\" content=\"Szacowany czas czytania\" \/>\n\t<meta name=\"twitter:data1\" content=\"4 minuty\" \/>\n<script type=\"application\/ld+json\" class=\"yoast-schema-graph\">{\"@context\":\"https:\\\/\\\/schema.org\",\"@graph\":[{\"@type\":\"WebPage\",\"@id\":\"https:\\\/\\\/pans.krosno.pl\\\/pracownicy\\\/ilona-kaczmarczyk-zebrowska\\\/ilona-kaczmarczyk-zebrowska-najwazniejsze-publikacje\\\/\",\"url\":\"https:\\\/\\\/pans.krosno.pl\\\/pracownicy\\\/ilona-kaczmarczyk-zebrowska\\\/ilona-kaczmarczyk-zebrowska-najwazniejsze-publikacje\\\/\",\"name\":\"prof. dr hab. n. med. Ilona Kaczmarczyk-\u017bebrowska - Najwa\u017cniejsze publikacje - Pracownicy PANS w Kro\u015bnie\",\"isPartOf\":{\"@id\":\"https:\\\/\\\/pans.krosno.pl\\\/pracownicy\\\/#website\"},\"datePublished\":\"2020-04-20T10:18:48+00:00\",\"dateModified\":\"2022-07-11T10:37:40+00:00\",\"breadcrumb\":{\"@id\":\"https:\\\/\\\/pans.krosno.pl\\\/pracownicy\\\/ilona-kaczmarczyk-zebrowska\\\/ilona-kaczmarczyk-zebrowska-najwazniejsze-publikacje\\\/#breadcrumb\"},\"inLanguage\":\"pl-PL\",\"potentialAction\":[{\"@type\":\"ReadAction\",\"target\":[\"https:\\\/\\\/pans.krosno.pl\\\/pracownicy\\\/ilona-kaczmarczyk-zebrowska\\\/ilona-kaczmarczyk-zebrowska-najwazniejsze-publikacje\\\/\"]}]},{\"@type\":\"BreadcrumbList\",\"@id\":\"https:\\\/\\\/pans.krosno.pl\\\/pracownicy\\\/ilona-kaczmarczyk-zebrowska\\\/ilona-kaczmarczyk-zebrowska-najwazniejsze-publikacje\\\/#breadcrumb\",\"itemListElement\":[{\"@type\":\"ListItem\",\"position\":1,\"name\":\"Strona g\u0142\u00f3wna\",\"item\":\"https:\\\/\\\/pans.krosno.pl\\\/pracownicy\\\/\"},{\"@type\":\"ListItem\",\"position\":2,\"name\":\"prof. dr hab. n. med. i n. o zdr. Ilona Kaczmarczyk-\u017bebrowska\",\"item\":\"https:\\\/\\\/pans.krosno.pl\\\/pracownicy\\\/ilona-kaczmarczyk-zebrowska\\\/\"},{\"@type\":\"ListItem\",\"position\":3,\"name\":\"prof. dr hab. n. med. Ilona Kaczmarczyk-\u017bebrowska &#8211; Najwa\u017cniejsze publikacje\"}]},{\"@type\":\"WebSite\",\"@id\":\"https:\\\/\\\/pans.krosno.pl\\\/pracownicy\\\/#website\",\"url\":\"https:\\\/\\\/pans.krosno.pl\\\/pracownicy\\\/\",\"name\":\"Pracownicy PANS w Kro\u015bnie\",\"description\":\"Pracownicy - Pa\u0144stwowa Akademia Nauk Stosowanych\",\"publisher\":{\"@id\":\"https:\\\/\\\/pans.krosno.pl\\\/pracownicy\\\/#organization\"},\"potentialAction\":[{\"@type\":\"SearchAction\",\"target\":{\"@type\":\"EntryPoint\",\"urlTemplate\":\"https:\\\/\\\/pans.krosno.pl\\\/pracownicy\\\/?s={search_term_string}\"},\"query-input\":{\"@type\":\"PropertyValueSpecification\",\"valueRequired\":true,\"valueName\":\"search_term_string\"}}],\"inLanguage\":\"pl-PL\"},{\"@type\":\"Organization\",\"@id\":\"https:\\\/\\\/pans.krosno.pl\\\/pracownicy\\\/#organization\",\"name\":\"Pracownicy PANS w Kro\u015bnie\",\"url\":\"https:\\\/\\\/pans.krosno.pl\\\/pracownicy\\\/\",\"logo\":{\"@type\":\"ImageObject\",\"inLanguage\":\"pl-PL\",\"@id\":\"https:\\\/\\\/pans.krosno.pl\\\/pracownicy\\\/#\\\/schema\\\/logo\\\/image\\\/\",\"url\":\"https:\\\/\\\/pans.krosno.pl\\\/pracownicy\\\/wp-content\\\/uploads\\\/sites\\\/41\\\/2023\\\/01\\\/Logo-PANS-2022-pelne.png\",\"contentUrl\":\"https:\\\/\\\/pans.krosno.pl\\\/pracownicy\\\/wp-content\\\/uploads\\\/sites\\\/41\\\/2023\\\/01\\\/Logo-PANS-2022-pelne.png\",\"width\":3096,\"height\":696,\"caption\":\"Pracownicy PANS w Kro\u015bnie\"},\"image\":{\"@id\":\"https:\\\/\\\/pans.krosno.pl\\\/pracownicy\\\/#\\\/schema\\\/logo\\\/image\\\/\"}}]}<\/script>\n<!-- \/ Yoast SEO Premium plugin. -->","yoast_head_json":{"title":"prof. dr hab. n. med. Ilona Kaczmarczyk-\u017bebrowska - Najwa\u017cniejsze publikacje - Pracownicy PANS w Kro\u015bnie","robots":{"index":"index","follow":"follow","max-snippet":"max-snippet:-1","max-image-preview":"max-image-preview:large","max-video-preview":"max-video-preview:-1"},"canonical":"https:\/\/pans.krosno.pl\/pracownicy\/ilona-kaczmarczyk-zebrowska\/ilona-kaczmarczyk-zebrowska-najwazniejsze-publikacje\/","og_locale":"pl_PL","og_type":"article","og_title":"prof. dr hab. n. med. Ilona Kaczmarczyk-\u017bebrowska - Najwa\u017cniejsze publikacje","og_description":"Dzia\u0142alno\u015b\u0107 naukowa obejmowa\u0142a badania w\u0142asno\u015bci farmakologicznych nowo zsyntetyzowanych zwi\u0105zk\u00f3w chemicznych w zakresie wp\u0142ywu na uk\u0142ad kr\u0105\u017cenia u szczur\u00f3w z wrodzonym nadci\u015bnieniem t\u0119tniczym i toksyczno\u015bci ostrej. Bra\u0142a udzia\u0142 w prowadzonych na modelach zwierz\u0119cych badaniach lek\u00f3w przeciwarytmicznych. Zasadniczy wp\u0142yw na rozw\u00f3j pracy naukowej mia\u0142o opracowanie przez Ilon\u0119 Kaczmarczyk-Sedlak eksperymentalnej metody umo\u017cliwiaj\u0105cej ocen\u0119 [\u2026] Read More","og_url":"https:\/\/pans.krosno.pl\/pracownicy\/ilona-kaczmarczyk-zebrowska\/ilona-kaczmarczyk-zebrowska-najwazniejsze-publikacje\/","og_site_name":"Pracownicy PANS w Kro\u015bnie","article_modified_time":"2022-07-11T10:37:40+00:00","twitter_card":"summary_large_image","twitter_misc":{"Szacowany czas czytania":"4 minuty"},"schema":{"@context":"https:\/\/schema.org","@graph":[{"@type":"WebPage","@id":"https:\/\/pans.krosno.pl\/pracownicy\/ilona-kaczmarczyk-zebrowska\/ilona-kaczmarczyk-zebrowska-najwazniejsze-publikacje\/","url":"https:\/\/pans.krosno.pl\/pracownicy\/ilona-kaczmarczyk-zebrowska\/ilona-kaczmarczyk-zebrowska-najwazniejsze-publikacje\/","name":"prof. dr hab. n. med. Ilona Kaczmarczyk-\u017bebrowska - Najwa\u017cniejsze publikacje - Pracownicy PANS w Kro\u015bnie","isPartOf":{"@id":"https:\/\/pans.krosno.pl\/pracownicy\/#website"},"datePublished":"2020-04-20T10:18:48+00:00","dateModified":"2022-07-11T10:37:40+00:00","breadcrumb":{"@id":"https:\/\/pans.krosno.pl\/pracownicy\/ilona-kaczmarczyk-zebrowska\/ilona-kaczmarczyk-zebrowska-najwazniejsze-publikacje\/#breadcrumb"},"inLanguage":"pl-PL","potentialAction":[{"@type":"ReadAction","target":["https:\/\/pans.krosno.pl\/pracownicy\/ilona-kaczmarczyk-zebrowska\/ilona-kaczmarczyk-zebrowska-najwazniejsze-publikacje\/"]}]},{"@type":"BreadcrumbList","@id":"https:\/\/pans.krosno.pl\/pracownicy\/ilona-kaczmarczyk-zebrowska\/ilona-kaczmarczyk-zebrowska-najwazniejsze-publikacje\/#breadcrumb","itemListElement":[{"@type":"ListItem","position":1,"name":"Strona g\u0142\u00f3wna","item":"https:\/\/pans.krosno.pl\/pracownicy\/"},{"@type":"ListItem","position":2,"name":"prof. dr hab. n. med. i n. o zdr. Ilona Kaczmarczyk-\u017bebrowska","item":"https:\/\/pans.krosno.pl\/pracownicy\/ilona-kaczmarczyk-zebrowska\/"},{"@type":"ListItem","position":3,"name":"prof. dr hab. n. med. Ilona Kaczmarczyk-\u017bebrowska &#8211; Najwa\u017cniejsze publikacje"}]},{"@type":"WebSite","@id":"https:\/\/pans.krosno.pl\/pracownicy\/#website","url":"https:\/\/pans.krosno.pl\/pracownicy\/","name":"Pracownicy PANS w Kro\u015bnie","description":"Pracownicy - Pa\u0144stwowa Akademia Nauk Stosowanych","publisher":{"@id":"https:\/\/pans.krosno.pl\/pracownicy\/#organization"},"potentialAction":[{"@type":"SearchAction","target":{"@type":"EntryPoint","urlTemplate":"https:\/\/pans.krosno.pl\/pracownicy\/?s={search_term_string}"},"query-input":{"@type":"PropertyValueSpecification","valueRequired":true,"valueName":"search_term_string"}}],"inLanguage":"pl-PL"},{"@type":"Organization","@id":"https:\/\/pans.krosno.pl\/pracownicy\/#organization","name":"Pracownicy PANS w Kro\u015bnie","url":"https:\/\/pans.krosno.pl\/pracownicy\/","logo":{"@type":"ImageObject","inLanguage":"pl-PL","@id":"https:\/\/pans.krosno.pl\/pracownicy\/#\/schema\/logo\/image\/","url":"https:\/\/pans.krosno.pl\/pracownicy\/wp-content\/uploads\/sites\/41\/2023\/01\/Logo-PANS-2022-pelne.png","contentUrl":"https:\/\/pans.krosno.pl\/pracownicy\/wp-content\/uploads\/sites\/41\/2023\/01\/Logo-PANS-2022-pelne.png","width":3096,"height":696,"caption":"Pracownicy PANS w Kro\u015bnie"},"image":{"@id":"https:\/\/pans.krosno.pl\/pracownicy\/#\/schema\/logo\/image\/"}}]}},"_links":{"self":[{"href":"https:\/\/pans.krosno.pl\/pracownicy\/wp-json\/wp\/v2\/pages\/3064","targetHints":{"allow":["GET"]}}],"collection":[{"href":"https:\/\/pans.krosno.pl\/pracownicy\/wp-json\/wp\/v2\/pages"}],"about":[{"href":"https:\/\/pans.krosno.pl\/pracownicy\/wp-json\/wp\/v2\/types\/page"}],"author":[{"embeddable":true,"href":"https:\/\/pans.krosno.pl\/pracownicy\/wp-json\/wp\/v2\/users\/36"}],"replies":[{"embeddable":true,"href":"https:\/\/pans.krosno.pl\/pracownicy\/wp-json\/wp\/v2\/comments?post=3064"}],"version-history":[{"count":5,"href":"https:\/\/pans.krosno.pl\/pracownicy\/wp-json\/wp\/v2\/pages\/3064\/revisions"}],"predecessor-version":[{"id":9192,"href":"https:\/\/pans.krosno.pl\/pracownicy\/wp-json\/wp\/v2\/pages\/3064\/revisions\/9192"}],"up":[{"embeddable":true,"href":"https:\/\/pans.krosno.pl\/pracownicy\/wp-json\/wp\/v2\/pages\/3051"}],"wp:attachment":[{"href":"https:\/\/pans.krosno.pl\/pracownicy\/wp-json\/wp\/v2\/media?parent=3064"}],"curies":[{"name":"wp","href":"https:\/\/api.w.org\/{rel}","templated":true}]}}