{"id":3056,"date":"2020-04-20T12:11:36","date_gmt":"2020-04-20T10:11:36","guid":{"rendered":"https:\/\/pans.krosno.pl\/pracownicy\/?page_id=3056"},"modified":"2022-07-11T12:37:30","modified_gmt":"2022-07-11T10:37:30","slug":"ilona-kaczmarczyk-zebrowska-zyciorys-naukowy","status":"publish","type":"page","link":"https:\/\/pans.krosno.pl\/pracownicy\/ilona-kaczmarczyk-zebrowska\/ilona-kaczmarczyk-zebrowska-zyciorys-naukowy\/","title":{"rendered":"prof. dr hab. n. med. Ilona Kaczmarczyk-\u017bebrowska &#8211; \u017byciorys naukowy"},"content":{"rendered":"<hr>\n<ul>\n<li>w 1980 r. &#8211; II Liceum Og\u00f3lnokszta\u0142c\u0105ce im. Marii Konopnickiej. Dyplom uko\u0144czenia liceum z wyr\u00f3\u017cnieniem,<\/li>\n<li>w 1985 r. &#8211; Wydzia\u0142 Farmaceutyczny z Oddzia\u0142em Analityki Medycznej \u015al\u0105kiej Akademii Medycznej w Katowicach; tytu\u0142 magistra farmacji z wyr\u00f3\u017cnieniem,<\/li>\n<li>w 2000 r. &#8211; Specjalizacja z zakresu farmakologii,<\/li>\n<li>w 1993 r. &#8211; \u015al\u0105ska Akademia Medyczna w Katowicach, Wydzia\u0142 Farmaceutyczny z Oddzia\u0142em Analityki Medycznej w Sosnowcu. Dysertacja doktorska \u201eWp\u0142yw pamidronianu dwusodowego na ukrwienie ko\u015bci u szczur\u00f3w\u201d. Doktor nauk farmaceutycznych w specjalno\u015bci farmakologia,<\/li>\n<li>w 2010 r. &#8211; Akademia Medyczna we Wroc\u0142awiu, Wydzia\u0142 Farmaceutyczny z Oddzia\u0142em Analityki Medycznej. Rozprawa habilitacyjna \u201eModyfikowanie proces\u00f3w przebudowy ko\u015bci przez talidomid u szczur\u00f3w\u201d. Doktor habilitowany nauk farmaceutycznych w zakresie farmakologii,<\/li>\n<li>w 2019 r. &#8211; Tytu\u0142 naukowy profesora nauk medycznych i nauk o zdrowiu w dyscyplinie nauki farmaceutyczne.<\/li>\n<\/ul>\n<hr>\n<p>&nbsp;<\/p>\n","protected":false},"excerpt":{"rendered":"<p>w 1980 r. &#8211; II Liceum Og\u00f3lnokszta\u0142c\u0105ce im. Marii Konopnickiej. Dyplom uko\u0144czenia liceum z wyr\u00f3\u017cnieniem, w 1985 r. &#8211; Wydzia\u0142 Farmaceutyczny z Oddzia\u0142em Analityki Medycznej \u015al\u0105kiej Akademii Medycznej w Katowicach; tytu\u0142 magistra farmacji z wyr\u00f3\u017cnieniem, w 2000 r. &#8211; Specjalizacja z zakresu farmakologii, w 1993 r. &#8211; \u015al\u0105ska Akademia Medyczna [\u2026] <\/p>\n<div class=\"clear\"><\/div>\n<p><a class=\"more_link clearfix\" href=\"https:\/\/pans.krosno.pl\/pracownicy\/ilona-kaczmarczyk-zebrowska\/ilona-kaczmarczyk-zebrowska-zyciorys-naukowy\/\" rel=\"nofollow\">Read More<\/a><\/p>\n","protected":false},"author":36,"featured_media":0,"parent":3051,"menu_order":0,"comment_status":"closed","ping_status":"closed","template":"","meta":{"ngg_post_thumbnail":0,"footnotes":""},"class_list":["post-3056","page","type-page","status-publish","hentry"],"yoast_head":"<!-- This site is optimized with the Yoast SEO Premium plugin v27.4 (Yoast SEO v27.4) - https:\/\/yoast.com\/product\/yoast-seo-premium-wordpress\/ -->\n<title>prof. dr hab. n. med. Ilona Kaczmarczyk-\u017bebrowska - \u017byciorys naukowy - Pracownicy PANS w Kro\u015bnie<\/title>\n<meta name=\"robots\" content=\"index, follow, max-snippet:-1, max-image-preview:large, max-video-preview:-1\" \/>\n<link rel=\"canonical\" href=\"https:\/\/pans.krosno.pl\/pracownicy\/ilona-kaczmarczyk-zebrowska\/ilona-kaczmarczyk-zebrowska-zyciorys-naukowy\/\" \/>\n<meta property=\"og:locale\" content=\"pl_PL\" \/>\n<meta property=\"og:type\" content=\"article\" \/>\n<meta property=\"og:title\" content=\"prof. dr hab. n. med. Ilona Kaczmarczyk-\u017bebrowska - \u017byciorys naukowy\" \/>\n<meta property=\"og:description\" content=\"w 1980 r. &#8211; II Liceum Og\u00f3lnokszta\u0142c\u0105ce im. Marii Konopnickiej. Dyplom uko\u0144czenia liceum z wyr\u00f3\u017cnieniem, w 1985 r. &#8211; Wydzia\u0142 Farmaceutyczny z Oddzia\u0142em Analityki Medycznej \u015al\u0105kiej Akademii Medycznej w Katowicach; tytu\u0142 magistra farmacji z wyr\u00f3\u017cnieniem, w 2000 r. &#8211; Specjalizacja z zakresu farmakologii, w 1993 r. &#8211; \u015al\u0105ska Akademia Medyczna [\u2026] Read More\" \/>\n<meta property=\"og:url\" content=\"https:\/\/pans.krosno.pl\/pracownicy\/ilona-kaczmarczyk-zebrowska\/ilona-kaczmarczyk-zebrowska-zyciorys-naukowy\/\" \/>\n<meta property=\"og:site_name\" content=\"Pracownicy PANS w Kro\u015bnie\" \/>\n<meta property=\"article:modified_time\" content=\"2022-07-11T10:37:30+00:00\" \/>\n<meta name=\"twitter:card\" content=\"summary_large_image\" \/>\n<meta name=\"twitter:label1\" content=\"Szacowany czas czytania\" \/>\n\t<meta name=\"twitter:data1\" content=\"1 minuta\" \/>\n<script type=\"application\/ld+json\" class=\"yoast-schema-graph\">{\"@context\":\"https:\\\/\\\/schema.org\",\"@graph\":[{\"@type\":\"WebPage\",\"@id\":\"https:\\\/\\\/pans.krosno.pl\\\/pracownicy\\\/ilona-kaczmarczyk-zebrowska\\\/ilona-kaczmarczyk-zebrowska-zyciorys-naukowy\\\/\",\"url\":\"https:\\\/\\\/pans.krosno.pl\\\/pracownicy\\\/ilona-kaczmarczyk-zebrowska\\\/ilona-kaczmarczyk-zebrowska-zyciorys-naukowy\\\/\",\"name\":\"prof. dr hab. n. med. Ilona Kaczmarczyk-\u017bebrowska - \u017byciorys naukowy - Pracownicy PANS w Kro\u015bnie\",\"isPartOf\":{\"@id\":\"https:\\\/\\\/pans.krosno.pl\\\/pracownicy\\\/#website\"},\"datePublished\":\"2020-04-20T10:11:36+00:00\",\"dateModified\":\"2022-07-11T10:37:30+00:00\",\"breadcrumb\":{\"@id\":\"https:\\\/\\\/pans.krosno.pl\\\/pracownicy\\\/ilona-kaczmarczyk-zebrowska\\\/ilona-kaczmarczyk-zebrowska-zyciorys-naukowy\\\/#breadcrumb\"},\"inLanguage\":\"pl-PL\",\"potentialAction\":[{\"@type\":\"ReadAction\",\"target\":[\"https:\\\/\\\/pans.krosno.pl\\\/pracownicy\\\/ilona-kaczmarczyk-zebrowska\\\/ilona-kaczmarczyk-zebrowska-zyciorys-naukowy\\\/\"]}]},{\"@type\":\"BreadcrumbList\",\"@id\":\"https:\\\/\\\/pans.krosno.pl\\\/pracownicy\\\/ilona-kaczmarczyk-zebrowska\\\/ilona-kaczmarczyk-zebrowska-zyciorys-naukowy\\\/#breadcrumb\",\"itemListElement\":[{\"@type\":\"ListItem\",\"position\":1,\"name\":\"Strona g\u0142\u00f3wna\",\"item\":\"https:\\\/\\\/pans.krosno.pl\\\/pracownicy\\\/\"},{\"@type\":\"ListItem\",\"position\":2,\"name\":\"prof. dr hab. n. med. i n. o zdr. Ilona Kaczmarczyk-\u017bebrowska\",\"item\":\"https:\\\/\\\/pans.krosno.pl\\\/pracownicy\\\/ilona-kaczmarczyk-zebrowska\\\/\"},{\"@type\":\"ListItem\",\"position\":3,\"name\":\"prof. dr hab. n. med. Ilona Kaczmarczyk-\u017bebrowska &#8211; \u017byciorys naukowy\"}]},{\"@type\":\"WebSite\",\"@id\":\"https:\\\/\\\/pans.krosno.pl\\\/pracownicy\\\/#website\",\"url\":\"https:\\\/\\\/pans.krosno.pl\\\/pracownicy\\\/\",\"name\":\"Pracownicy PANS w Kro\u015bnie\",\"description\":\"Pracownicy - Pa\u0144stwowa Akademia Nauk Stosowanych\",\"publisher\":{\"@id\":\"https:\\\/\\\/pans.krosno.pl\\\/pracownicy\\\/#organization\"},\"potentialAction\":[{\"@type\":\"SearchAction\",\"target\":{\"@type\":\"EntryPoint\",\"urlTemplate\":\"https:\\\/\\\/pans.krosno.pl\\\/pracownicy\\\/?s={search_term_string}\"},\"query-input\":{\"@type\":\"PropertyValueSpecification\",\"valueRequired\":true,\"valueName\":\"search_term_string\"}}],\"inLanguage\":\"pl-PL\"},{\"@type\":\"Organization\",\"@id\":\"https:\\\/\\\/pans.krosno.pl\\\/pracownicy\\\/#organization\",\"name\":\"Pracownicy PANS w Kro\u015bnie\",\"url\":\"https:\\\/\\\/pans.krosno.pl\\\/pracownicy\\\/\",\"logo\":{\"@type\":\"ImageObject\",\"inLanguage\":\"pl-PL\",\"@id\":\"https:\\\/\\\/pans.krosno.pl\\\/pracownicy\\\/#\\\/schema\\\/logo\\\/image\\\/\",\"url\":\"https:\\\/\\\/pans.krosno.pl\\\/pracownicy\\\/wp-content\\\/uploads\\\/sites\\\/41\\\/2023\\\/01\\\/Logo-PANS-2022-pelne.png\",\"contentUrl\":\"https:\\\/\\\/pans.krosno.pl\\\/pracownicy\\\/wp-content\\\/uploads\\\/sites\\\/41\\\/2023\\\/01\\\/Logo-PANS-2022-pelne.png\",\"width\":3096,\"height\":696,\"caption\":\"Pracownicy PANS w Kro\u015bnie\"},\"image\":{\"@id\":\"https:\\\/\\\/pans.krosno.pl\\\/pracownicy\\\/#\\\/schema\\\/logo\\\/image\\\/\"}}]}<\/script>\n<!-- \/ Yoast SEO Premium plugin. -->","yoast_head_json":{"title":"prof. dr hab. n. med. Ilona Kaczmarczyk-\u017bebrowska - \u017byciorys naukowy - Pracownicy PANS w Kro\u015bnie","robots":{"index":"index","follow":"follow","max-snippet":"max-snippet:-1","max-image-preview":"max-image-preview:large","max-video-preview":"max-video-preview:-1"},"canonical":"https:\/\/pans.krosno.pl\/pracownicy\/ilona-kaczmarczyk-zebrowska\/ilona-kaczmarczyk-zebrowska-zyciorys-naukowy\/","og_locale":"pl_PL","og_type":"article","og_title":"prof. dr hab. n. med. Ilona Kaczmarczyk-\u017bebrowska - \u017byciorys naukowy","og_description":"w 1980 r. &#8211; II Liceum Og\u00f3lnokszta\u0142c\u0105ce im. Marii Konopnickiej. Dyplom uko\u0144czenia liceum z wyr\u00f3\u017cnieniem, w 1985 r. &#8211; Wydzia\u0142 Farmaceutyczny z Oddzia\u0142em Analityki Medycznej \u015al\u0105kiej Akademii Medycznej w Katowicach; tytu\u0142 magistra farmacji z wyr\u00f3\u017cnieniem, w 2000 r. &#8211; Specjalizacja z zakresu farmakologii, w 1993 r. &#8211; \u015al\u0105ska Akademia Medyczna [\u2026] Read More","og_url":"https:\/\/pans.krosno.pl\/pracownicy\/ilona-kaczmarczyk-zebrowska\/ilona-kaczmarczyk-zebrowska-zyciorys-naukowy\/","og_site_name":"Pracownicy PANS w Kro\u015bnie","article_modified_time":"2022-07-11T10:37:30+00:00","twitter_card":"summary_large_image","twitter_misc":{"Szacowany czas czytania":"1 minuta"},"schema":{"@context":"https:\/\/schema.org","@graph":[{"@type":"WebPage","@id":"https:\/\/pans.krosno.pl\/pracownicy\/ilona-kaczmarczyk-zebrowska\/ilona-kaczmarczyk-zebrowska-zyciorys-naukowy\/","url":"https:\/\/pans.krosno.pl\/pracownicy\/ilona-kaczmarczyk-zebrowska\/ilona-kaczmarczyk-zebrowska-zyciorys-naukowy\/","name":"prof. dr hab. n. med. Ilona Kaczmarczyk-\u017bebrowska - \u017byciorys naukowy - Pracownicy PANS w Kro\u015bnie","isPartOf":{"@id":"https:\/\/pans.krosno.pl\/pracownicy\/#website"},"datePublished":"2020-04-20T10:11:36+00:00","dateModified":"2022-07-11T10:37:30+00:00","breadcrumb":{"@id":"https:\/\/pans.krosno.pl\/pracownicy\/ilona-kaczmarczyk-zebrowska\/ilona-kaczmarczyk-zebrowska-zyciorys-naukowy\/#breadcrumb"},"inLanguage":"pl-PL","potentialAction":[{"@type":"ReadAction","target":["https:\/\/pans.krosno.pl\/pracownicy\/ilona-kaczmarczyk-zebrowska\/ilona-kaczmarczyk-zebrowska-zyciorys-naukowy\/"]}]},{"@type":"BreadcrumbList","@id":"https:\/\/pans.krosno.pl\/pracownicy\/ilona-kaczmarczyk-zebrowska\/ilona-kaczmarczyk-zebrowska-zyciorys-naukowy\/#breadcrumb","itemListElement":[{"@type":"ListItem","position":1,"name":"Strona g\u0142\u00f3wna","item":"https:\/\/pans.krosno.pl\/pracownicy\/"},{"@type":"ListItem","position":2,"name":"prof. dr hab. n. med. i n. o zdr. Ilona Kaczmarczyk-\u017bebrowska","item":"https:\/\/pans.krosno.pl\/pracownicy\/ilona-kaczmarczyk-zebrowska\/"},{"@type":"ListItem","position":3,"name":"prof. dr hab. n. med. Ilona Kaczmarczyk-\u017bebrowska &#8211; \u017byciorys naukowy"}]},{"@type":"WebSite","@id":"https:\/\/pans.krosno.pl\/pracownicy\/#website","url":"https:\/\/pans.krosno.pl\/pracownicy\/","name":"Pracownicy PANS w Kro\u015bnie","description":"Pracownicy - Pa\u0144stwowa Akademia Nauk Stosowanych","publisher":{"@id":"https:\/\/pans.krosno.pl\/pracownicy\/#organization"},"potentialAction":[{"@type":"SearchAction","target":{"@type":"EntryPoint","urlTemplate":"https:\/\/pans.krosno.pl\/pracownicy\/?s={search_term_string}"},"query-input":{"@type":"PropertyValueSpecification","valueRequired":true,"valueName":"search_term_string"}}],"inLanguage":"pl-PL"},{"@type":"Organization","@id":"https:\/\/pans.krosno.pl\/pracownicy\/#organization","name":"Pracownicy PANS w Kro\u015bnie","url":"https:\/\/pans.krosno.pl\/pracownicy\/","logo":{"@type":"ImageObject","inLanguage":"pl-PL","@id":"https:\/\/pans.krosno.pl\/pracownicy\/#\/schema\/logo\/image\/","url":"https:\/\/pans.krosno.pl\/pracownicy\/wp-content\/uploads\/sites\/41\/2023\/01\/Logo-PANS-2022-pelne.png","contentUrl":"https:\/\/pans.krosno.pl\/pracownicy\/wp-content\/uploads\/sites\/41\/2023\/01\/Logo-PANS-2022-pelne.png","width":3096,"height":696,"caption":"Pracownicy PANS w Kro\u015bnie"},"image":{"@id":"https:\/\/pans.krosno.pl\/pracownicy\/#\/schema\/logo\/image\/"}}]}},"_links":{"self":[{"href":"https:\/\/pans.krosno.pl\/pracownicy\/wp-json\/wp\/v2\/pages\/3056","targetHints":{"allow":["GET"]}}],"collection":[{"href":"https:\/\/pans.krosno.pl\/pracownicy\/wp-json\/wp\/v2\/pages"}],"about":[{"href":"https:\/\/pans.krosno.pl\/pracownicy\/wp-json\/wp\/v2\/types\/page"}],"author":[{"embeddable":true,"href":"https:\/\/pans.krosno.pl\/pracownicy\/wp-json\/wp\/v2\/users\/36"}],"replies":[{"embeddable":true,"href":"https:\/\/pans.krosno.pl\/pracownicy\/wp-json\/wp\/v2\/comments?post=3056"}],"version-history":[{"count":7,"href":"https:\/\/pans.krosno.pl\/pracownicy\/wp-json\/wp\/v2\/pages\/3056\/revisions"}],"predecessor-version":[{"id":9187,"href":"https:\/\/pans.krosno.pl\/pracownicy\/wp-json\/wp\/v2\/pages\/3056\/revisions\/9187"}],"up":[{"embeddable":true,"href":"https:\/\/pans.krosno.pl\/pracownicy\/wp-json\/wp\/v2\/pages\/3051"}],"wp:attachment":[{"href":"https:\/\/pans.krosno.pl\/pracownicy\/wp-json\/wp\/v2\/media?parent=3056"}],"curies":[{"name":"wp","href":"https:\/\/api.w.org\/{rel}","templated":true}]}}