{"id":3041,"date":"2020-04-20T10:50:35","date_gmt":"2020-04-20T08:50:35","guid":{"rendered":"https:\/\/pans.krosno.pl\/pracownicy\/?page_id=3041"},"modified":"2025-09-29T14:58:14","modified_gmt":"2025-09-29T12:58:14","slug":"magdalena-golen","status":"publish","type":"page","link":"https:\/\/pans.krosno.pl\/pracownicy\/magdalena-golen\/","title":{"rendered":"mgr Magdalena Gole\u0144"},"content":{"rendered":"\n<h3 class=\"wp-block-heading\" id=\"h-zaklad-pedagogiki\"><strong>Zak\u0142ad <\/strong>Pedagogiki<\/h3>\n\n\n\n<hr class=\"wp-block-separator has-css-opacity\" \/>\n\n\n<p>Wieloletni pracownik Pa\u0144stwowej Wy\u017cszej Szko\u0142y Zawodowej im. Stanis\u0142awa Pigonia, Karpackiej Pa\u0144stwowej Uczelni w Kro\u015bnie. Obecnie pracownik Pa\u0144stwowej Akademii Nauk Stosowanych w Kro\u015bnie na kierunku Pedagogika w zakresie Pedagogiki wczesnoszkolnej. Specjalistka w zakresie Oligofrenopedagogiki i terapii pedagogicznych.<\/p>\n\n\n<hr class=\"wp-block-separator has-css-opacity\" \/>\n\n\n\n<div class=\"wp-block-columns is-layout-flex wp-container-core-columns-is-layout-28f84493 wp-block-columns-is-layout-flex\">\n<div class=\"wp-block-column is-layout-flow wp-block-column-is-layout-flow\" style=\"flex-basis:22%\">\n\n\n<p><\/p>\n<\/div>\n\n\n\n<div class=\"wp-block-column is-layout-flow wp-block-column-is-layout-flow\" style=\"flex-basis:78%\">\n<ul class=\"wp-block-list\">\n<li><a href=\"https:\/\/pans.krosno.pl\/pracownicy\/magdalena-golen-zyciorys-naukowy\">\u017byciorys naukowy <\/a><\/li>\n\n\n\n<li><a href=\"https:\/\/pans.krosno.pl\/pracownicy\/magdalena-golen\/magdalena-golen-doswiadczenie-pozauczelniane\">Do\u015bwiadczenie pozauczelniane<\/a><\/li>\n\n\n\n<li>Najwa\u017cniejsze publikacje<\/li>\n\n\n\n<li>Najwa\u017cniejsze nagrody i wyr\u00f3\u017cnienia<\/li>\n<\/ul>\n\n\n\n<hr class=\"wp-block-separator has-css-opacity\" \/>\n\n\n\n<figure class=\"wp-block-table aligncenter is-style-stripes\"><table><tbody><tr><td class=\"has-text-align-left\" data-align=\"left\">Telefon: 13 43 755 40<\/td><\/tr><tr><td class=\"has-text-align-left\" data-align=\"left\">E-mail: <a href=\"mailto:magdalena.golen@pans.krosno.pl\">magdalena.golen@pans.krosno.pl<\/a><\/td><\/tr><tr><td class=\"has-text-align-left\" data-align=\"left\">Konsultacje: <a href=\"https:\/\/pans.krosno.pl\/pedagogika\/dyzury-pracownikow\/\" target=\"_blank\" rel=\"noreferrer noopener\">Dy\u017cur pracownika<\/a><\/td><\/tr><\/tbody><\/table><\/figure>\n<\/div>\n<\/div>\n\n\n\n<hr class=\"wp-block-separator has-css-opacity\" \/>\n\n\n\n<p><\/p>\n","protected":false},"excerpt":{"rendered":"<p>Zak\u0142ad Pedagogiki Wieloletni pracownik Pa\u0144stwowej Wy\u017cszej Szko\u0142y Zawodowej im. Stanis\u0142awa Pigonia, Karpackiej Pa\u0144stwowej Uczelni w Kro\u015bnie. Obecnie pracownik Pa\u0144stwowej Akademii Nauk Stosowanych w Kro\u015bnie na kierunku Pedagogika w zakresie Pedagogiki wczesnoszkolnej. Specjalistka w zakresie Oligofrenopedagogiki i terapii pedagogicznych. Telefon: 13 43 755 40 E-mail: magdalena.golen@pans.krosno.pl Konsultacje: Dy\u017cur pracownika<\/p>\n","protected":false},"author":34,"featured_media":0,"parent":0,"menu_order":0,"comment_status":"closed","ping_status":"closed","template":"","meta":{"ngg_post_thumbnail":0,"footnotes":""},"class_list":["post-3041","page","type-page","status-publish","hentry"],"yoast_head":"<!-- This site is optimized with the Yoast SEO Premium plugin v27.3 (Yoast SEO v27.3) - https:\/\/yoast.com\/product\/yoast-seo-premium-wordpress\/ -->\n<title>mgr Magdalena Gole\u0144 - Pracownicy PANS w Kro\u015bnie<\/title>\n<meta name=\"robots\" content=\"index, follow, max-snippet:-1, max-image-preview:large, max-video-preview:-1\" \/>\n<link rel=\"canonical\" href=\"https:\/\/pans.krosno.pl\/pracownicy\/magdalena-golen\/\" \/>\n<meta property=\"og:locale\" content=\"pl_PL\" \/>\n<meta property=\"og:type\" content=\"article\" \/>\n<meta property=\"og:title\" content=\"mgr Magdalena Gole\u0144\" \/>\n<meta property=\"og:description\" content=\"Zak\u0142ad Pedagogiki Wieloletni pracownik Pa\u0144stwowej Wy\u017cszej Szko\u0142y Zawodowej im. Stanis\u0142awa Pigonia, Karpackiej Pa\u0144stwowej Uczelni w Kro\u015bnie. Obecnie pracownik Pa\u0144stwowej Akademii Nauk Stosowanych w Kro\u015bnie na kierunku Pedagogika w zakresie Pedagogiki wczesnoszkolnej. Specjalistka w zakresie Oligofrenopedagogiki i terapii pedagogicznych. Telefon: 13 43 755 40 E-mail: magdalena.golen@pans.krosno.pl Konsultacje: Dy\u017cur pracownika\" \/>\n<meta property=\"og:url\" content=\"https:\/\/pans.krosno.pl\/pracownicy\/magdalena-golen\/\" \/>\n<meta property=\"og:site_name\" content=\"Pracownicy PANS w Kro\u015bnie\" \/>\n<meta property=\"article:modified_time\" content=\"2025-09-29T12:58:14+00:00\" \/>\n<meta name=\"twitter:card\" content=\"summary_large_image\" \/>\n<meta name=\"twitter:label1\" content=\"Szacowany czas czytania\" \/>\n\t<meta name=\"twitter:data1\" content=\"1 minuta\" \/>\n<script type=\"application\/ld+json\" class=\"yoast-schema-graph\">{\"@context\":\"https:\\\/\\\/schema.org\",\"@graph\":[{\"@type\":\"WebPage\",\"@id\":\"https:\\\/\\\/pans.krosno.pl\\\/pracownicy\\\/magdalena-golen\\\/\",\"url\":\"https:\\\/\\\/pans.krosno.pl\\\/pracownicy\\\/magdalena-golen\\\/\",\"name\":\"mgr Magdalena Gole\u0144 - Pracownicy PANS w Kro\u015bnie\",\"isPartOf\":{\"@id\":\"https:\\\/\\\/pans.krosno.pl\\\/pracownicy\\\/#website\"},\"datePublished\":\"2020-04-20T08:50:35+00:00\",\"dateModified\":\"2025-09-29T12:58:14+00:00\",\"breadcrumb\":{\"@id\":\"https:\\\/\\\/pans.krosno.pl\\\/pracownicy\\\/magdalena-golen\\\/#breadcrumb\"},\"inLanguage\":\"pl-PL\",\"potentialAction\":[{\"@type\":\"ReadAction\",\"target\":[\"https:\\\/\\\/pans.krosno.pl\\\/pracownicy\\\/magdalena-golen\\\/\"]}]},{\"@type\":\"BreadcrumbList\",\"@id\":\"https:\\\/\\\/pans.krosno.pl\\\/pracownicy\\\/magdalena-golen\\\/#breadcrumb\",\"itemListElement\":[{\"@type\":\"ListItem\",\"position\":1,\"name\":\"Strona g\u0142\u00f3wna\",\"item\":\"https:\\\/\\\/pans.krosno.pl\\\/pracownicy\\\/\"},{\"@type\":\"ListItem\",\"position\":2,\"name\":\"mgr Magdalena Gole\u0144\"}]},{\"@type\":\"WebSite\",\"@id\":\"https:\\\/\\\/pans.krosno.pl\\\/pracownicy\\\/#website\",\"url\":\"https:\\\/\\\/pans.krosno.pl\\\/pracownicy\\\/\",\"name\":\"Pracownicy PANS w Kro\u015bnie\",\"description\":\"Pracownicy - Pa\u0144stwowa Akademia Nauk Stosowanych\",\"publisher\":{\"@id\":\"https:\\\/\\\/pans.krosno.pl\\\/pracownicy\\\/#organization\"},\"potentialAction\":[{\"@type\":\"SearchAction\",\"target\":{\"@type\":\"EntryPoint\",\"urlTemplate\":\"https:\\\/\\\/pans.krosno.pl\\\/pracownicy\\\/?s={search_term_string}\"},\"query-input\":{\"@type\":\"PropertyValueSpecification\",\"valueRequired\":true,\"valueName\":\"search_term_string\"}}],\"inLanguage\":\"pl-PL\"},{\"@type\":\"Organization\",\"@id\":\"https:\\\/\\\/pans.krosno.pl\\\/pracownicy\\\/#organization\",\"name\":\"Pracownicy PANS w Kro\u015bnie\",\"url\":\"https:\\\/\\\/pans.krosno.pl\\\/pracownicy\\\/\",\"logo\":{\"@type\":\"ImageObject\",\"inLanguage\":\"pl-PL\",\"@id\":\"https:\\\/\\\/pans.krosno.pl\\\/pracownicy\\\/#\\\/schema\\\/logo\\\/image\\\/\",\"url\":\"https:\\\/\\\/pans.krosno.pl\\\/pracownicy\\\/wp-content\\\/uploads\\\/sites\\\/41\\\/2023\\\/01\\\/Logo-PANS-2022-pelne.png\",\"contentUrl\":\"https:\\\/\\\/pans.krosno.pl\\\/pracownicy\\\/wp-content\\\/uploads\\\/sites\\\/41\\\/2023\\\/01\\\/Logo-PANS-2022-pelne.png\",\"width\":3096,\"height\":696,\"caption\":\"Pracownicy PANS w Kro\u015bnie\"},\"image\":{\"@id\":\"https:\\\/\\\/pans.krosno.pl\\\/pracownicy\\\/#\\\/schema\\\/logo\\\/image\\\/\"}}]}<\/script>\n<!-- \/ Yoast SEO Premium plugin. -->","yoast_head_json":{"title":"mgr Magdalena Gole\u0144 - Pracownicy PANS w Kro\u015bnie","robots":{"index":"index","follow":"follow","max-snippet":"max-snippet:-1","max-image-preview":"max-image-preview:large","max-video-preview":"max-video-preview:-1"},"canonical":"https:\/\/pans.krosno.pl\/pracownicy\/magdalena-golen\/","og_locale":"pl_PL","og_type":"article","og_title":"mgr Magdalena Gole\u0144","og_description":"Zak\u0142ad Pedagogiki Wieloletni pracownik Pa\u0144stwowej Wy\u017cszej Szko\u0142y Zawodowej im. Stanis\u0142awa Pigonia, Karpackiej Pa\u0144stwowej Uczelni w Kro\u015bnie. Obecnie pracownik Pa\u0144stwowej Akademii Nauk Stosowanych w Kro\u015bnie na kierunku Pedagogika w zakresie Pedagogiki wczesnoszkolnej. Specjalistka w zakresie Oligofrenopedagogiki i terapii pedagogicznych. Telefon: 13 43 755 40 E-mail: magdalena.golen@pans.krosno.pl Konsultacje: Dy\u017cur pracownika","og_url":"https:\/\/pans.krosno.pl\/pracownicy\/magdalena-golen\/","og_site_name":"Pracownicy PANS w Kro\u015bnie","article_modified_time":"2025-09-29T12:58:14+00:00","twitter_card":"summary_large_image","twitter_misc":{"Szacowany czas czytania":"1 minuta"},"schema":{"@context":"https:\/\/schema.org","@graph":[{"@type":"WebPage","@id":"https:\/\/pans.krosno.pl\/pracownicy\/magdalena-golen\/","url":"https:\/\/pans.krosno.pl\/pracownicy\/magdalena-golen\/","name":"mgr Magdalena Gole\u0144 - Pracownicy PANS w Kro\u015bnie","isPartOf":{"@id":"https:\/\/pans.krosno.pl\/pracownicy\/#website"},"datePublished":"2020-04-20T08:50:35+00:00","dateModified":"2025-09-29T12:58:14+00:00","breadcrumb":{"@id":"https:\/\/pans.krosno.pl\/pracownicy\/magdalena-golen\/#breadcrumb"},"inLanguage":"pl-PL","potentialAction":[{"@type":"ReadAction","target":["https:\/\/pans.krosno.pl\/pracownicy\/magdalena-golen\/"]}]},{"@type":"BreadcrumbList","@id":"https:\/\/pans.krosno.pl\/pracownicy\/magdalena-golen\/#breadcrumb","itemListElement":[{"@type":"ListItem","position":1,"name":"Strona g\u0142\u00f3wna","item":"https:\/\/pans.krosno.pl\/pracownicy\/"},{"@type":"ListItem","position":2,"name":"mgr Magdalena Gole\u0144"}]},{"@type":"WebSite","@id":"https:\/\/pans.krosno.pl\/pracownicy\/#website","url":"https:\/\/pans.krosno.pl\/pracownicy\/","name":"Pracownicy PANS w Kro\u015bnie","description":"Pracownicy - Pa\u0144stwowa Akademia Nauk Stosowanych","publisher":{"@id":"https:\/\/pans.krosno.pl\/pracownicy\/#organization"},"potentialAction":[{"@type":"SearchAction","target":{"@type":"EntryPoint","urlTemplate":"https:\/\/pans.krosno.pl\/pracownicy\/?s={search_term_string}"},"query-input":{"@type":"PropertyValueSpecification","valueRequired":true,"valueName":"search_term_string"}}],"inLanguage":"pl-PL"},{"@type":"Organization","@id":"https:\/\/pans.krosno.pl\/pracownicy\/#organization","name":"Pracownicy PANS w Kro\u015bnie","url":"https:\/\/pans.krosno.pl\/pracownicy\/","logo":{"@type":"ImageObject","inLanguage":"pl-PL","@id":"https:\/\/pans.krosno.pl\/pracownicy\/#\/schema\/logo\/image\/","url":"https:\/\/pans.krosno.pl\/pracownicy\/wp-content\/uploads\/sites\/41\/2023\/01\/Logo-PANS-2022-pelne.png","contentUrl":"https:\/\/pans.krosno.pl\/pracownicy\/wp-content\/uploads\/sites\/41\/2023\/01\/Logo-PANS-2022-pelne.png","width":3096,"height":696,"caption":"Pracownicy PANS w Kro\u015bnie"},"image":{"@id":"https:\/\/pans.krosno.pl\/pracownicy\/#\/schema\/logo\/image\/"}}]}},"_links":{"self":[{"href":"https:\/\/pans.krosno.pl\/pracownicy\/wp-json\/wp\/v2\/pages\/3041","targetHints":{"allow":["GET"]}}],"collection":[{"href":"https:\/\/pans.krosno.pl\/pracownicy\/wp-json\/wp\/v2\/pages"}],"about":[{"href":"https:\/\/pans.krosno.pl\/pracownicy\/wp-json\/wp\/v2\/types\/page"}],"author":[{"embeddable":true,"href":"https:\/\/pans.krosno.pl\/pracownicy\/wp-json\/wp\/v2\/users\/34"}],"replies":[{"embeddable":true,"href":"https:\/\/pans.krosno.pl\/pracownicy\/wp-json\/wp\/v2\/comments?post=3041"}],"version-history":[{"count":15,"href":"https:\/\/pans.krosno.pl\/pracownicy\/wp-json\/wp\/v2\/pages\/3041\/revisions"}],"predecessor-version":[{"id":11444,"href":"https:\/\/pans.krosno.pl\/pracownicy\/wp-json\/wp\/v2\/pages\/3041\/revisions\/11444"}],"wp:attachment":[{"href":"https:\/\/pans.krosno.pl\/pracownicy\/wp-json\/wp\/v2\/media?parent=3041"}],"curies":[{"name":"wp","href":"https:\/\/api.w.org\/{rel}","templated":true}]}}