{"id":2997,"date":"2020-04-17T12:31:45","date_gmt":"2020-04-17T10:31:45","guid":{"rendered":"https:\/\/pans.krosno.pl\/pracownicy\/?page_id=2997"},"modified":"2025-05-20T13:55:13","modified_gmt":"2025-05-20T11:55:13","slug":"iwona-wawer-najwazniejsze-publikacje","status":"publish","type":"page","link":"https:\/\/pans.krosno.pl\/pracownicy\/iwona-wawer\/iwona-wawer-najwazniejsze-publikacje\/","title":{"rendered":"prof. dr hab. Iwona Wawer &#8211; Najwa\u017cniejsze publikacje"},"content":{"rendered":"<hr>\n<ul>\n<li>Dorobek naukowy zawiera ponad 200 publikacji, 2 monografie o zasi\u0119gu mi\u0119dzynarodowymi i 18 ksi\u0105\u017cek, w tym 3 podr\u0119czniki akademickie.<\/li>\n<\/ul>\n<p><strong>Ksi\u0105\u017cki<\/strong><\/p>\n<ol>\n<li>U. Holzgrabe, I. Wawer, B. Diehl (Eds.) NMR spectroscopy in drug development and analysis, Wiley-VCH, Weinheim, New York, Chichester, Brisbane, Singapore, Toronto, 1999.<\/li>\n<li>Farmacja Fizyczna, podr\u0119cznik pod red. T. Hermanna, PZWL, Warszawa, 1999; rozdzia\u0142 \u201eMetody fizyczne w farmacji\u201d.<\/li>\n<li>I. Wawer, R. Zawadzka, Flirt herbaty z medycyn\u0105, Bio-Active, Warszawa 2004.<\/li>\n<li>I. Wawer, Aronia &#8211; polski paradoks, Agropharm SA Tuszyn, Warszawa 2005, II wydanie 2006.<\/li>\n<li>I. Wawer, The Power of nature. Aronia melanocarpa. Nature\u2019s print. UK, London, 2006.<\/li>\n<li>Chemia Fizyczna, podr\u0119cznik pod red. T. Hermanna, PZWL, Warszawa, 2007; rozdzia\u0142 \u201eMetody fizyczne w farmacji\u201d.<\/li>\n<li>U. Holzgrabe, I. Wawer, B. Diehl (Eds.), NMR spectroscopy in pharmaceutical analysis, Elsevier, Amsterdam, New York, Chichester, Brisbane, Singapore, Toronto, 2008.<\/li>\n<li>I. Wawer, Suplementy diety dla ciebie, Wydawnictwo Wektor, Warszawa 2009.<\/li>\n<li>I. Wawer, The Power of nature: aronia melanocarpa, Mae\u2019s Health and Wellness, NE, USA, 2010.<\/li>\n<li>K. B\u0142echa, I. Wawer, Profilaktyka zdrowotna i fitoterapia, Bonimed, \u017bywiec, 2011.<\/li>\n<li>I. Wawer, P. Eggert, B. Ho\u0142ub, Aronia superowoc, Wyd. Wektor, Warszawa, 2012.<\/li>\n<li>I. Wawer, \u201eMeasuring the antioxidant activity of apple products\u201d, Chapter 13, pp.359-373, in Food Oxidants and Antioxidants, Chemical, biological and functional properties, ed. by Grzegorz Bartosz, CRC Press, 2014.<\/li>\n<li>Stereoselective synthesis of drugs and natural products, two volume set edited by V. Andrushko, N. Andrushko, Wiley, 2013. chapter 49, St. Witkowski, I. Wawer &#8222;NMR Spectroscopy in Drug and Natural Product Analysis&#8221;.<\/li>\n<li>I. Wawer, Suplementy diety dla ciebie, Wydawnictwo Wektor, Warszawa 2014, wyd. II rozszerzone.<\/li>\n<li>I. Wawer, Chemiczne w\u0142a\u015bciwo\u015bci i dzia\u0142anie suplement\u00f3w diety. rozdz. 21. Chemia \u017cywno\u015bci, podr\u0119cznik pod red. Z. Sikorskiego, 2015.<\/li>\n<li>I. Wawer, Rola suplement\u00f3w diety i substancji chemicznych wyst\u0119puj\u0105cych w ro\u015blinach o potencjalnym dzia\u0142aniu przeciwnowotworowym. Rozdzia\u0142 6 . Kuchnia i medycyna XXI wieku \u2013 \u017bywienie w chorobach nowotworowych, 2015, red. A. Jurczyszyn, AB Skotnicki.<\/li>\n<li>K. B\u0142echa, I. Wawer, Profilaktyka zdrowotna i fitoterapia, Bonimed, \u017bywiec, 2019.<\/li>\n<li>I. Wawer, P. Eggert, B. Ho\u0142ub, Aronia superowoc, Warszawa, 2019, III wydanie<\/li>\n<\/ol>\n<p><strong>Spis publikacji pod adresem:<\/strong><\/p>\n<p><a href=\"https:\/\/chemiafizyczna.wum.edu.pl\/sites\/chemiafizyczna.wum.edu.pl\/files\/i_wawer_spis_publikacji-1.pdf\">https:\/\/chemiafizyczna.wum.edu.pl\/sites\/chemiafizyczna.wum.edu.pl\/files\/i_wawer_spis_publikacji-1.pdf<\/a><\/p>\n<hr>\n<p>&nbsp;<\/p>\n","protected":false},"excerpt":{"rendered":"<p>Dorobek naukowy zawiera ponad 200 publikacji, 2 monografie o zasi\u0119gu mi\u0119dzynarodowymi i 18 ksi\u0105\u017cek, w tym 3 podr\u0119czniki akademickie. Ksi\u0105\u017cki U. Holzgrabe, I. Wawer, B. Diehl (Eds.) NMR spectroscopy in drug development and analysis, Wiley-VCH, Weinheim, New York, Chichester, Brisbane, Singapore, Toronto, 1999. Farmacja Fizyczna, podr\u0119cznik pod red. T. Hermanna, [\u2026] <\/p>\n<div class=\"clear\"><\/div>\n<p><a class=\"more_link clearfix\" href=\"https:\/\/pans.krosno.pl\/pracownicy\/iwona-wawer\/iwona-wawer-najwazniejsze-publikacje\/\" rel=\"nofollow\">Read More<\/a><\/p>\n","protected":false},"author":36,"featured_media":0,"parent":2984,"menu_order":0,"comment_status":"closed","ping_status":"closed","template":"","meta":{"ngg_post_thumbnail":0,"footnotes":""},"class_list":["post-2997","page","type-page","status-publish","hentry"],"yoast_head":"<!-- This site is optimized with the Yoast SEO Premium plugin v27.3 (Yoast SEO v27.3) - https:\/\/yoast.com\/product\/yoast-seo-premium-wordpress\/ -->\n<title>prof. dr hab. Iwona Wawer - Najwa\u017cniejsze publikacje - Pracownicy PANS w Kro\u015bnie<\/title>\n<meta name=\"robots\" content=\"index, follow, max-snippet:-1, max-image-preview:large, max-video-preview:-1\" \/>\n<link rel=\"canonical\" href=\"https:\/\/pans.krosno.pl\/pracownicy\/iwona-wawer\/iwona-wawer-najwazniejsze-publikacje\/\" \/>\n<meta property=\"og:locale\" content=\"pl_PL\" \/>\n<meta property=\"og:type\" content=\"article\" \/>\n<meta property=\"og:title\" content=\"prof. dr hab. Iwona Wawer - Najwa\u017cniejsze publikacje\" \/>\n<meta property=\"og:description\" content=\"Dorobek naukowy zawiera ponad 200 publikacji, 2 monografie o zasi\u0119gu mi\u0119dzynarodowymi i 18 ksi\u0105\u017cek, w tym 3 podr\u0119czniki akademickie. Ksi\u0105\u017cki U. Holzgrabe, I. Wawer, B. Diehl (Eds.) NMR spectroscopy in drug development and analysis, Wiley-VCH, Weinheim, New York, Chichester, Brisbane, Singapore, Toronto, 1999. Farmacja Fizyczna, podr\u0119cznik pod red. T. Hermanna, [\u2026] Read More\" \/>\n<meta property=\"og:url\" content=\"https:\/\/pans.krosno.pl\/pracownicy\/iwona-wawer\/iwona-wawer-najwazniejsze-publikacje\/\" \/>\n<meta property=\"og:site_name\" content=\"Pracownicy PANS w Kro\u015bnie\" \/>\n<meta property=\"article:modified_time\" content=\"2025-05-20T11:55:13+00:00\" \/>\n<meta name=\"twitter:card\" content=\"summary_large_image\" \/>\n<meta name=\"twitter:label1\" content=\"Szacowany czas czytania\" \/>\n\t<meta name=\"twitter:data1\" content=\"2 minuty\" \/>\n<script type=\"application\/ld+json\" class=\"yoast-schema-graph\">{\"@context\":\"https:\\\/\\\/schema.org\",\"@graph\":[{\"@type\":\"WebPage\",\"@id\":\"https:\\\/\\\/pans.krosno.pl\\\/pracownicy\\\/iwona-wawer\\\/iwona-wawer-najwazniejsze-publikacje\\\/\",\"url\":\"https:\\\/\\\/pans.krosno.pl\\\/pracownicy\\\/iwona-wawer\\\/iwona-wawer-najwazniejsze-publikacje\\\/\",\"name\":\"prof. dr hab. Iwona Wawer - Najwa\u017cniejsze publikacje - Pracownicy PANS w Kro\u015bnie\",\"isPartOf\":{\"@id\":\"https:\\\/\\\/pans.krosno.pl\\\/pracownicy\\\/#website\"},\"datePublished\":\"2020-04-17T10:31:45+00:00\",\"dateModified\":\"2025-05-20T11:55:13+00:00\",\"breadcrumb\":{\"@id\":\"https:\\\/\\\/pans.krosno.pl\\\/pracownicy\\\/iwona-wawer\\\/iwona-wawer-najwazniejsze-publikacje\\\/#breadcrumb\"},\"inLanguage\":\"pl-PL\",\"potentialAction\":[{\"@type\":\"ReadAction\",\"target\":[\"https:\\\/\\\/pans.krosno.pl\\\/pracownicy\\\/iwona-wawer\\\/iwona-wawer-najwazniejsze-publikacje\\\/\"]}]},{\"@type\":\"BreadcrumbList\",\"@id\":\"https:\\\/\\\/pans.krosno.pl\\\/pracownicy\\\/iwona-wawer\\\/iwona-wawer-najwazniejsze-publikacje\\\/#breadcrumb\",\"itemListElement\":[{\"@type\":\"ListItem\",\"position\":1,\"name\":\"Strona g\u0142\u00f3wna\",\"item\":\"https:\\\/\\\/pans.krosno.pl\\\/pracownicy\\\/\"},{\"@type\":\"ListItem\",\"position\":2,\"name\":\"prof. dr hab. Iwona Wawer\",\"item\":\"https:\\\/\\\/pans.krosno.pl\\\/pracownicy\\\/iwona-wawer\\\/\"},{\"@type\":\"ListItem\",\"position\":3,\"name\":\"prof. dr hab. Iwona Wawer &#8211; Najwa\u017cniejsze publikacje\"}]},{\"@type\":\"WebSite\",\"@id\":\"https:\\\/\\\/pans.krosno.pl\\\/pracownicy\\\/#website\",\"url\":\"https:\\\/\\\/pans.krosno.pl\\\/pracownicy\\\/\",\"name\":\"Pracownicy PANS w Kro\u015bnie\",\"description\":\"Pracownicy - Pa\u0144stwowa Akademia Nauk Stosowanych\",\"publisher\":{\"@id\":\"https:\\\/\\\/pans.krosno.pl\\\/pracownicy\\\/#organization\"},\"potentialAction\":[{\"@type\":\"SearchAction\",\"target\":{\"@type\":\"EntryPoint\",\"urlTemplate\":\"https:\\\/\\\/pans.krosno.pl\\\/pracownicy\\\/?s={search_term_string}\"},\"query-input\":{\"@type\":\"PropertyValueSpecification\",\"valueRequired\":true,\"valueName\":\"search_term_string\"}}],\"inLanguage\":\"pl-PL\"},{\"@type\":\"Organization\",\"@id\":\"https:\\\/\\\/pans.krosno.pl\\\/pracownicy\\\/#organization\",\"name\":\"Pracownicy PANS w Kro\u015bnie\",\"url\":\"https:\\\/\\\/pans.krosno.pl\\\/pracownicy\\\/\",\"logo\":{\"@type\":\"ImageObject\",\"inLanguage\":\"pl-PL\",\"@id\":\"https:\\\/\\\/pans.krosno.pl\\\/pracownicy\\\/#\\\/schema\\\/logo\\\/image\\\/\",\"url\":\"https:\\\/\\\/pans.krosno.pl\\\/pracownicy\\\/wp-content\\\/uploads\\\/sites\\\/41\\\/2023\\\/01\\\/Logo-PANS-2022-pelne.png\",\"contentUrl\":\"https:\\\/\\\/pans.krosno.pl\\\/pracownicy\\\/wp-content\\\/uploads\\\/sites\\\/41\\\/2023\\\/01\\\/Logo-PANS-2022-pelne.png\",\"width\":3096,\"height\":696,\"caption\":\"Pracownicy PANS w Kro\u015bnie\"},\"image\":{\"@id\":\"https:\\\/\\\/pans.krosno.pl\\\/pracownicy\\\/#\\\/schema\\\/logo\\\/image\\\/\"}}]}<\/script>\n<!-- \/ Yoast SEO Premium plugin. -->","yoast_head_json":{"title":"prof. dr hab. Iwona Wawer - Najwa\u017cniejsze publikacje - Pracownicy PANS w Kro\u015bnie","robots":{"index":"index","follow":"follow","max-snippet":"max-snippet:-1","max-image-preview":"max-image-preview:large","max-video-preview":"max-video-preview:-1"},"canonical":"https:\/\/pans.krosno.pl\/pracownicy\/iwona-wawer\/iwona-wawer-najwazniejsze-publikacje\/","og_locale":"pl_PL","og_type":"article","og_title":"prof. dr hab. Iwona Wawer - Najwa\u017cniejsze publikacje","og_description":"Dorobek naukowy zawiera ponad 200 publikacji, 2 monografie o zasi\u0119gu mi\u0119dzynarodowymi i 18 ksi\u0105\u017cek, w tym 3 podr\u0119czniki akademickie. Ksi\u0105\u017cki U. Holzgrabe, I. Wawer, B. Diehl (Eds.) NMR spectroscopy in drug development and analysis, Wiley-VCH, Weinheim, New York, Chichester, Brisbane, Singapore, Toronto, 1999. Farmacja Fizyczna, podr\u0119cznik pod red. T. Hermanna, [\u2026] Read More","og_url":"https:\/\/pans.krosno.pl\/pracownicy\/iwona-wawer\/iwona-wawer-najwazniejsze-publikacje\/","og_site_name":"Pracownicy PANS w Kro\u015bnie","article_modified_time":"2025-05-20T11:55:13+00:00","twitter_card":"summary_large_image","twitter_misc":{"Szacowany czas czytania":"2 minuty"},"schema":{"@context":"https:\/\/schema.org","@graph":[{"@type":"WebPage","@id":"https:\/\/pans.krosno.pl\/pracownicy\/iwona-wawer\/iwona-wawer-najwazniejsze-publikacje\/","url":"https:\/\/pans.krosno.pl\/pracownicy\/iwona-wawer\/iwona-wawer-najwazniejsze-publikacje\/","name":"prof. dr hab. Iwona Wawer - Najwa\u017cniejsze publikacje - Pracownicy PANS w Kro\u015bnie","isPartOf":{"@id":"https:\/\/pans.krosno.pl\/pracownicy\/#website"},"datePublished":"2020-04-17T10:31:45+00:00","dateModified":"2025-05-20T11:55:13+00:00","breadcrumb":{"@id":"https:\/\/pans.krosno.pl\/pracownicy\/iwona-wawer\/iwona-wawer-najwazniejsze-publikacje\/#breadcrumb"},"inLanguage":"pl-PL","potentialAction":[{"@type":"ReadAction","target":["https:\/\/pans.krosno.pl\/pracownicy\/iwona-wawer\/iwona-wawer-najwazniejsze-publikacje\/"]}]},{"@type":"BreadcrumbList","@id":"https:\/\/pans.krosno.pl\/pracownicy\/iwona-wawer\/iwona-wawer-najwazniejsze-publikacje\/#breadcrumb","itemListElement":[{"@type":"ListItem","position":1,"name":"Strona g\u0142\u00f3wna","item":"https:\/\/pans.krosno.pl\/pracownicy\/"},{"@type":"ListItem","position":2,"name":"prof. dr hab. Iwona Wawer","item":"https:\/\/pans.krosno.pl\/pracownicy\/iwona-wawer\/"},{"@type":"ListItem","position":3,"name":"prof. dr hab. Iwona Wawer &#8211; Najwa\u017cniejsze publikacje"}]},{"@type":"WebSite","@id":"https:\/\/pans.krosno.pl\/pracownicy\/#website","url":"https:\/\/pans.krosno.pl\/pracownicy\/","name":"Pracownicy PANS w Kro\u015bnie","description":"Pracownicy - Pa\u0144stwowa Akademia Nauk Stosowanych","publisher":{"@id":"https:\/\/pans.krosno.pl\/pracownicy\/#organization"},"potentialAction":[{"@type":"SearchAction","target":{"@type":"EntryPoint","urlTemplate":"https:\/\/pans.krosno.pl\/pracownicy\/?s={search_term_string}"},"query-input":{"@type":"PropertyValueSpecification","valueRequired":true,"valueName":"search_term_string"}}],"inLanguage":"pl-PL"},{"@type":"Organization","@id":"https:\/\/pans.krosno.pl\/pracownicy\/#organization","name":"Pracownicy PANS w Kro\u015bnie","url":"https:\/\/pans.krosno.pl\/pracownicy\/","logo":{"@type":"ImageObject","inLanguage":"pl-PL","@id":"https:\/\/pans.krosno.pl\/pracownicy\/#\/schema\/logo\/image\/","url":"https:\/\/pans.krosno.pl\/pracownicy\/wp-content\/uploads\/sites\/41\/2023\/01\/Logo-PANS-2022-pelne.png","contentUrl":"https:\/\/pans.krosno.pl\/pracownicy\/wp-content\/uploads\/sites\/41\/2023\/01\/Logo-PANS-2022-pelne.png","width":3096,"height":696,"caption":"Pracownicy PANS w Kro\u015bnie"},"image":{"@id":"https:\/\/pans.krosno.pl\/pracownicy\/#\/schema\/logo\/image\/"}}]}},"_links":{"self":[{"href":"https:\/\/pans.krosno.pl\/pracownicy\/wp-json\/wp\/v2\/pages\/2997","targetHints":{"allow":["GET"]}}],"collection":[{"href":"https:\/\/pans.krosno.pl\/pracownicy\/wp-json\/wp\/v2\/pages"}],"about":[{"href":"https:\/\/pans.krosno.pl\/pracownicy\/wp-json\/wp\/v2\/types\/page"}],"author":[{"embeddable":true,"href":"https:\/\/pans.krosno.pl\/pracownicy\/wp-json\/wp\/v2\/users\/36"}],"replies":[{"embeddable":true,"href":"https:\/\/pans.krosno.pl\/pracownicy\/wp-json\/wp\/v2\/comments?post=2997"}],"version-history":[{"count":8,"href":"https:\/\/pans.krosno.pl\/pracownicy\/wp-json\/wp\/v2\/pages\/2997\/revisions"}],"predecessor-version":[{"id":11034,"href":"https:\/\/pans.krosno.pl\/pracownicy\/wp-json\/wp\/v2\/pages\/2997\/revisions\/11034"}],"up":[{"embeddable":true,"href":"https:\/\/pans.krosno.pl\/pracownicy\/wp-json\/wp\/v2\/pages\/2984"}],"wp:attachment":[{"href":"https:\/\/pans.krosno.pl\/pracownicy\/wp-json\/wp\/v2\/media?parent=2997"}],"curies":[{"name":"wp","href":"https:\/\/api.w.org\/{rel}","templated":true}]}}