{"id":2984,"date":"2020-04-17T12:20:33","date_gmt":"2020-04-17T10:20:33","guid":{"rendered":"https:\/\/pans.krosno.pl\/pracownicy\/?page_id=2984"},"modified":"2025-05-20T13:54:32","modified_gmt":"2025-05-20T11:54:32","slug":"iwona-wawer","status":"publish","type":"page","link":"https:\/\/pans.krosno.pl\/pracownicy\/iwona-wawer\/","title":{"rendered":"prof. dr hab. Iwona Wawer"},"content":{"rendered":"\n<h3 class=\"wp-block-heading\" id=\"h-zaklad-zielarstwa\"><strong>Zak\u0142ad <\/strong>Zielarstwa<\/h3>\n\n\n\n<hr class=\"wp-block-separator has-css-opacity\" \/>\n\n\n<p style=\"text-align: left\">Emerytowany profesor Warszawskiego Uniwersytetu Medycznego, wieloletni kierownik Zak\u0142adu Chemii Fizycznej na Wydziale Farmaceutycznym. Na kierunku Zielarstwo w Pa\u0144stwowej Akademii Nauk Stosowanych w Kro\u015bnie prowadzi wyk\u0142ady z metod analizy surowc\u00f3w ro\u015blinnych, fitochemii, chemii og\u00f3lnej, suplementacji diety i in. Zajmuje si\u0119 zastosowaniem spektroskopii NMR i EPR w badaniach zwi\u0105zk\u00f3w izolowanych z ro\u015blin oraz lek\u00f3w i suplement\u00f3w diety. Autor\/wsp\u00f3\u0142autor ponad 200 publikacji naukowych, monografii, podr\u0119cznik\u00f3w akademickich, ksi\u0105\u017cek o aronii, suplementach diety oraz kilkuset artyku\u0142\u00f3w popularnonaukowych.<\/p>\n\n\n<hr class=\"wp-block-separator has-css-opacity\" \/>\n\n\n\n<div class=\"wp-block-columns is-layout-flex wp-container-core-columns-is-layout-28f84493 wp-block-columns-is-layout-flex\">\n<div class=\"wp-block-column is-layout-flow wp-block-column-is-layout-flow\" style=\"flex-basis:22%\">\n<figure class=\"wp-block-image size-large\"><img loading=\"lazy\" decoding=\"async\" width=\"683\" height=\"1024\" src=\"https:\/\/pans.krosno.pl\/pracownicy\/wp-content\/uploads\/sites\/41\/2020\/04\/Iwona-Wawer-foto-683x1024.jpg\" alt=\"\" class=\"wp-image-2988\" srcset=\"https:\/\/pans.krosno.pl\/pracownicy\/wp-content\/uploads\/sites\/41\/2020\/04\/Iwona-Wawer-foto-683x1024.jpg 683w, https:\/\/pans.krosno.pl\/pracownicy\/wp-content\/uploads\/sites\/41\/2020\/04\/Iwona-Wawer-foto-200x300.jpg 200w, https:\/\/pans.krosno.pl\/pracownicy\/wp-content\/uploads\/sites\/41\/2020\/04\/Iwona-Wawer-foto-768x1152.jpg 768w, https:\/\/pans.krosno.pl\/pracownicy\/wp-content\/uploads\/sites\/41\/2020\/04\/Iwona-Wawer-foto-1024x1536.jpg 1024w, https:\/\/pans.krosno.pl\/pracownicy\/wp-content\/uploads\/sites\/41\/2020\/04\/Iwona-Wawer-foto-1365x2048.jpg 1365w, https:\/\/pans.krosno.pl\/pracownicy\/wp-content\/uploads\/sites\/41\/2020\/04\/Iwona-Wawer-foto-2000x3000.jpg 2000w, https:\/\/pans.krosno.pl\/pracownicy\/wp-content\/uploads\/sites\/41\/2020\/04\/Iwona-Wawer-foto-800x1200.jpg 800w, https:\/\/pans.krosno.pl\/pracownicy\/wp-content\/uploads\/sites\/41\/2020\/04\/Iwona-Wawer-foto-580x870.jpg 580w, https:\/\/pans.krosno.pl\/pracownicy\/wp-content\/uploads\/sites\/41\/2020\/04\/Iwona-Wawer-foto-scaled.jpg 1707w\" sizes=\"auto, (max-width: 683px) 100vw, 683px\" \/><\/figure>\n\n\n\n<p><\/p>\n<\/div>\n\n\n\n<div class=\"wp-block-column is-layout-flow wp-block-column-is-layout-flow\" style=\"flex-basis:78%\">\n<ul class=\"wp-block-list\">\n<li><a href=\"https:\/\/pans.krosno.pl\/pracownicy\/iwona-wawer\/iwona-wawer-zyciorys-naukowy\/\">\u017byciorys naukowy<\/a><\/li>\n\n\n\n<li><a href=\"https:\/\/pans.krosno.pl\/pracownicy\/iwona-wawer\/iwona-wawer-doswiadczenie-pozauczelniane\/\">Do\u015bwiadczenie pozauczelniane<\/a><\/li>\n\n\n\n<li><a href=\"https:\/\/pans.krosno.pl\/pracownicy\/iwona-wawer\/iwona-wawer-najwazniejsze-publikacje\/\">Najwa\u017cniejsze publikacje<\/a><\/li>\n\n\n\n<li><a href=\"https:\/\/pans.krosno.pl\/pracownicy\/iwona-wawer\/iwona-wawer-najwazniejsze-nagrody-i-wyroznienia\/\">Najwa\u017cniejsze nagrody i wyr\u00f3\u017cnienia<\/a><\/li>\n<\/ul>\n\n\n\n<hr class=\"wp-block-separator has-css-opacity\" \/>\n\n\n\n<figure class=\"wp-block-table aligncenter is-style-stripes\"><table><tbody><tr><td class=\"has-text-align-left\" data-align=\"left\">Telefon: 13 43 755 80<\/td><\/tr><tr><td class=\"has-text-align-left\" data-align=\"left\">E-mail: <a href=\"mailto:iwona.wawer@pans.krosno.pl\">iwona.wawer@pans.krosno.pl<\/a><\/td><\/tr><tr><td class=\"has-text-align-left\" data-align=\"left\">Konsultacje: <a rel=\"noreferrer noopener\" href=\"https:\/\/pans.krosno.pl\/zielarstwo\/dyzury-pracownikow\/\" target=\"_blank\">Dy\u017cur pracownika<\/a><\/td><\/tr><\/tbody><\/table><\/figure>\n<\/div>\n<\/div>\n\n\n\n<hr class=\"wp-block-separator has-css-opacity\" \/>\n\n\n\n<p><\/p>\n","protected":false},"excerpt":{"rendered":"<p>Zak\u0142ad Zielarstwa Emerytowany profesor Warszawskiego Uniwersytetu Medycznego, wieloletni kierownik Zak\u0142adu Chemii Fizycznej na Wydziale Farmaceutycznym. Na kierunku Zielarstwo w Pa\u0144stwowej Akademii Nauk Stosowanych w Kro\u015bnie prowadzi wyk\u0142ady z metod analizy surowc\u00f3w ro\u015blinnych, fitochemii, chemii og\u00f3lnej, suplementacji diety i in. Zajmuje si\u0119 zastosowaniem spektroskopii NMR i EPR w badaniach zwi\u0105zk\u00f3w izolowanych [\u2026] <\/p>\n<div class=\"clear\"><\/div>\n<p><a class=\"more_link clearfix\" href=\"https:\/\/pans.krosno.pl\/pracownicy\/iwona-wawer\/\" rel=\"nofollow\">Read More<\/a><\/p>\n","protected":false},"author":36,"featured_media":0,"parent":0,"menu_order":0,"comment_status":"closed","ping_status":"closed","template":"","meta":{"ngg_post_thumbnail":0,"footnotes":""},"class_list":["post-2984","page","type-page","status-publish","hentry"],"yoast_head":"<!-- This site is optimized with the Yoast SEO Premium plugin v27.3 (Yoast SEO v27.3) - https:\/\/yoast.com\/product\/yoast-seo-premium-wordpress\/ -->\n<title>prof. dr hab. Iwona Wawer - Pracownicy PANS w Kro\u015bnie<\/title>\n<meta name=\"robots\" content=\"index, follow, max-snippet:-1, max-image-preview:large, max-video-preview:-1\" \/>\n<link rel=\"canonical\" href=\"https:\/\/pans.krosno.pl\/pracownicy\/iwona-wawer\/\" \/>\n<meta property=\"og:locale\" content=\"pl_PL\" \/>\n<meta property=\"og:type\" content=\"article\" \/>\n<meta property=\"og:title\" content=\"prof. dr hab. Iwona Wawer\" \/>\n<meta property=\"og:description\" content=\"Zak\u0142ad Zielarstwa Emerytowany profesor Warszawskiego Uniwersytetu Medycznego, wieloletni kierownik Zak\u0142adu Chemii Fizycznej na Wydziale Farmaceutycznym. Na kierunku Zielarstwo w Pa\u0144stwowej Akademii Nauk Stosowanych w Kro\u015bnie prowadzi wyk\u0142ady z metod analizy surowc\u00f3w ro\u015blinnych, fitochemii, chemii og\u00f3lnej, suplementacji diety i in. Zajmuje si\u0119 zastosowaniem spektroskopii NMR i EPR w badaniach zwi\u0105zk\u00f3w izolowanych [\u2026] Read More\" \/>\n<meta property=\"og:url\" content=\"https:\/\/pans.krosno.pl\/pracownicy\/iwona-wawer\/\" \/>\n<meta property=\"og:site_name\" content=\"Pracownicy PANS w Kro\u015bnie\" \/>\n<meta property=\"article:modified_time\" content=\"2025-05-20T11:54:32+00:00\" \/>\n<meta property=\"og:image\" content=\"https:\/\/pans.krosno.pl\/pracownicy\/wp-content\/uploads\/sites\/41\/2020\/04\/Iwona-Wawer-foto-scaled.jpg\" \/>\n\t<meta property=\"og:image:width\" content=\"1707\" \/>\n\t<meta property=\"og:image:height\" content=\"2560\" \/>\n\t<meta property=\"og:image:type\" content=\"image\/jpeg\" \/>\n<meta name=\"twitter:card\" content=\"summary_large_image\" \/>\n<meta name=\"twitter:label1\" content=\"Szacowany czas czytania\" \/>\n\t<meta name=\"twitter:data1\" content=\"1 minuta\" \/>\n<script type=\"application\/ld+json\" class=\"yoast-schema-graph\">{\"@context\":\"https:\\\/\\\/schema.org\",\"@graph\":[{\"@type\":\"WebPage\",\"@id\":\"https:\\\/\\\/pans.krosno.pl\\\/pracownicy\\\/iwona-wawer\\\/\",\"url\":\"https:\\\/\\\/pans.krosno.pl\\\/pracownicy\\\/iwona-wawer\\\/\",\"name\":\"prof. dr hab. Iwona Wawer - Pracownicy PANS w Kro\u015bnie\",\"isPartOf\":{\"@id\":\"https:\\\/\\\/pans.krosno.pl\\\/pracownicy\\\/#website\"},\"primaryImageOfPage\":{\"@id\":\"https:\\\/\\\/pans.krosno.pl\\\/pracownicy\\\/iwona-wawer\\\/#primaryimage\"},\"image\":{\"@id\":\"https:\\\/\\\/pans.krosno.pl\\\/pracownicy\\\/iwona-wawer\\\/#primaryimage\"},\"thumbnailUrl\":\"https:\\\/\\\/pans.krosno.pl\\\/pracownicy\\\/wp-content\\\/uploads\\\/sites\\\/41\\\/2020\\\/04\\\/Iwona-Wawer-foto-683x1024.jpg\",\"datePublished\":\"2020-04-17T10:20:33+00:00\",\"dateModified\":\"2025-05-20T11:54:32+00:00\",\"breadcrumb\":{\"@id\":\"https:\\\/\\\/pans.krosno.pl\\\/pracownicy\\\/iwona-wawer\\\/#breadcrumb\"},\"inLanguage\":\"pl-PL\",\"potentialAction\":[{\"@type\":\"ReadAction\",\"target\":[\"https:\\\/\\\/pans.krosno.pl\\\/pracownicy\\\/iwona-wawer\\\/\"]}]},{\"@type\":\"ImageObject\",\"inLanguage\":\"pl-PL\",\"@id\":\"https:\\\/\\\/pans.krosno.pl\\\/pracownicy\\\/iwona-wawer\\\/#primaryimage\",\"url\":\"https:\\\/\\\/pans.krosno.pl\\\/pracownicy\\\/wp-content\\\/uploads\\\/sites\\\/41\\\/2020\\\/04\\\/Iwona-Wawer-foto-scaled.jpg\",\"contentUrl\":\"https:\\\/\\\/pans.krosno.pl\\\/pracownicy\\\/wp-content\\\/uploads\\\/sites\\\/41\\\/2020\\\/04\\\/Iwona-Wawer-foto-scaled.jpg\",\"width\":1707,\"height\":2560},{\"@type\":\"BreadcrumbList\",\"@id\":\"https:\\\/\\\/pans.krosno.pl\\\/pracownicy\\\/iwona-wawer\\\/#breadcrumb\",\"itemListElement\":[{\"@type\":\"ListItem\",\"position\":1,\"name\":\"Strona g\u0142\u00f3wna\",\"item\":\"https:\\\/\\\/pans.krosno.pl\\\/pracownicy\\\/\"},{\"@type\":\"ListItem\",\"position\":2,\"name\":\"prof. dr hab. Iwona Wawer\"}]},{\"@type\":\"WebSite\",\"@id\":\"https:\\\/\\\/pans.krosno.pl\\\/pracownicy\\\/#website\",\"url\":\"https:\\\/\\\/pans.krosno.pl\\\/pracownicy\\\/\",\"name\":\"Pracownicy PANS w Kro\u015bnie\",\"description\":\"Pracownicy - Pa\u0144stwowa Akademia Nauk Stosowanych\",\"publisher\":{\"@id\":\"https:\\\/\\\/pans.krosno.pl\\\/pracownicy\\\/#organization\"},\"potentialAction\":[{\"@type\":\"SearchAction\",\"target\":{\"@type\":\"EntryPoint\",\"urlTemplate\":\"https:\\\/\\\/pans.krosno.pl\\\/pracownicy\\\/?s={search_term_string}\"},\"query-input\":{\"@type\":\"PropertyValueSpecification\",\"valueRequired\":true,\"valueName\":\"search_term_string\"}}],\"inLanguage\":\"pl-PL\"},{\"@type\":\"Organization\",\"@id\":\"https:\\\/\\\/pans.krosno.pl\\\/pracownicy\\\/#organization\",\"name\":\"Pracownicy PANS w Kro\u015bnie\",\"url\":\"https:\\\/\\\/pans.krosno.pl\\\/pracownicy\\\/\",\"logo\":{\"@type\":\"ImageObject\",\"inLanguage\":\"pl-PL\",\"@id\":\"https:\\\/\\\/pans.krosno.pl\\\/pracownicy\\\/#\\\/schema\\\/logo\\\/image\\\/\",\"url\":\"https:\\\/\\\/pans.krosno.pl\\\/pracownicy\\\/wp-content\\\/uploads\\\/sites\\\/41\\\/2023\\\/01\\\/Logo-PANS-2022-pelne.png\",\"contentUrl\":\"https:\\\/\\\/pans.krosno.pl\\\/pracownicy\\\/wp-content\\\/uploads\\\/sites\\\/41\\\/2023\\\/01\\\/Logo-PANS-2022-pelne.png\",\"width\":3096,\"height\":696,\"caption\":\"Pracownicy PANS w Kro\u015bnie\"},\"image\":{\"@id\":\"https:\\\/\\\/pans.krosno.pl\\\/pracownicy\\\/#\\\/schema\\\/logo\\\/image\\\/\"}}]}<\/script>\n<!-- \/ Yoast SEO Premium plugin. -->","yoast_head_json":{"title":"prof. dr hab. Iwona Wawer - Pracownicy PANS w Kro\u015bnie","robots":{"index":"index","follow":"follow","max-snippet":"max-snippet:-1","max-image-preview":"max-image-preview:large","max-video-preview":"max-video-preview:-1"},"canonical":"https:\/\/pans.krosno.pl\/pracownicy\/iwona-wawer\/","og_locale":"pl_PL","og_type":"article","og_title":"prof. dr hab. Iwona Wawer","og_description":"Zak\u0142ad Zielarstwa Emerytowany profesor Warszawskiego Uniwersytetu Medycznego, wieloletni kierownik Zak\u0142adu Chemii Fizycznej na Wydziale Farmaceutycznym. Na kierunku Zielarstwo w Pa\u0144stwowej Akademii Nauk Stosowanych w Kro\u015bnie prowadzi wyk\u0142ady z metod analizy surowc\u00f3w ro\u015blinnych, fitochemii, chemii og\u00f3lnej, suplementacji diety i in. Zajmuje si\u0119 zastosowaniem spektroskopii NMR i EPR w badaniach zwi\u0105zk\u00f3w izolowanych [\u2026] Read More","og_url":"https:\/\/pans.krosno.pl\/pracownicy\/iwona-wawer\/","og_site_name":"Pracownicy PANS w Kro\u015bnie","article_modified_time":"2025-05-20T11:54:32+00:00","og_image":[{"width":1707,"height":2560,"url":"https:\/\/pans.krosno.pl\/pracownicy\/wp-content\/uploads\/sites\/41\/2020\/04\/Iwona-Wawer-foto-scaled.jpg","type":"image\/jpeg"}],"twitter_card":"summary_large_image","twitter_misc":{"Szacowany czas czytania":"1 minuta"},"schema":{"@context":"https:\/\/schema.org","@graph":[{"@type":"WebPage","@id":"https:\/\/pans.krosno.pl\/pracownicy\/iwona-wawer\/","url":"https:\/\/pans.krosno.pl\/pracownicy\/iwona-wawer\/","name":"prof. dr hab. Iwona Wawer - Pracownicy PANS w Kro\u015bnie","isPartOf":{"@id":"https:\/\/pans.krosno.pl\/pracownicy\/#website"},"primaryImageOfPage":{"@id":"https:\/\/pans.krosno.pl\/pracownicy\/iwona-wawer\/#primaryimage"},"image":{"@id":"https:\/\/pans.krosno.pl\/pracownicy\/iwona-wawer\/#primaryimage"},"thumbnailUrl":"https:\/\/pans.krosno.pl\/pracownicy\/wp-content\/uploads\/sites\/41\/2020\/04\/Iwona-Wawer-foto-683x1024.jpg","datePublished":"2020-04-17T10:20:33+00:00","dateModified":"2025-05-20T11:54:32+00:00","breadcrumb":{"@id":"https:\/\/pans.krosno.pl\/pracownicy\/iwona-wawer\/#breadcrumb"},"inLanguage":"pl-PL","potentialAction":[{"@type":"ReadAction","target":["https:\/\/pans.krosno.pl\/pracownicy\/iwona-wawer\/"]}]},{"@type":"ImageObject","inLanguage":"pl-PL","@id":"https:\/\/pans.krosno.pl\/pracownicy\/iwona-wawer\/#primaryimage","url":"https:\/\/pans.krosno.pl\/pracownicy\/wp-content\/uploads\/sites\/41\/2020\/04\/Iwona-Wawer-foto-scaled.jpg","contentUrl":"https:\/\/pans.krosno.pl\/pracownicy\/wp-content\/uploads\/sites\/41\/2020\/04\/Iwona-Wawer-foto-scaled.jpg","width":1707,"height":2560},{"@type":"BreadcrumbList","@id":"https:\/\/pans.krosno.pl\/pracownicy\/iwona-wawer\/#breadcrumb","itemListElement":[{"@type":"ListItem","position":1,"name":"Strona g\u0142\u00f3wna","item":"https:\/\/pans.krosno.pl\/pracownicy\/"},{"@type":"ListItem","position":2,"name":"prof. dr hab. Iwona Wawer"}]},{"@type":"WebSite","@id":"https:\/\/pans.krosno.pl\/pracownicy\/#website","url":"https:\/\/pans.krosno.pl\/pracownicy\/","name":"Pracownicy PANS w Kro\u015bnie","description":"Pracownicy - Pa\u0144stwowa Akademia Nauk Stosowanych","publisher":{"@id":"https:\/\/pans.krosno.pl\/pracownicy\/#organization"},"potentialAction":[{"@type":"SearchAction","target":{"@type":"EntryPoint","urlTemplate":"https:\/\/pans.krosno.pl\/pracownicy\/?s={search_term_string}"},"query-input":{"@type":"PropertyValueSpecification","valueRequired":true,"valueName":"search_term_string"}}],"inLanguage":"pl-PL"},{"@type":"Organization","@id":"https:\/\/pans.krosno.pl\/pracownicy\/#organization","name":"Pracownicy PANS w Kro\u015bnie","url":"https:\/\/pans.krosno.pl\/pracownicy\/","logo":{"@type":"ImageObject","inLanguage":"pl-PL","@id":"https:\/\/pans.krosno.pl\/pracownicy\/#\/schema\/logo\/image\/","url":"https:\/\/pans.krosno.pl\/pracownicy\/wp-content\/uploads\/sites\/41\/2023\/01\/Logo-PANS-2022-pelne.png","contentUrl":"https:\/\/pans.krosno.pl\/pracownicy\/wp-content\/uploads\/sites\/41\/2023\/01\/Logo-PANS-2022-pelne.png","width":3096,"height":696,"caption":"Pracownicy PANS w Kro\u015bnie"},"image":{"@id":"https:\/\/pans.krosno.pl\/pracownicy\/#\/schema\/logo\/image\/"}}]}},"_links":{"self":[{"href":"https:\/\/pans.krosno.pl\/pracownicy\/wp-json\/wp\/v2\/pages\/2984","targetHints":{"allow":["GET"]}}],"collection":[{"href":"https:\/\/pans.krosno.pl\/pracownicy\/wp-json\/wp\/v2\/pages"}],"about":[{"href":"https:\/\/pans.krosno.pl\/pracownicy\/wp-json\/wp\/v2\/types\/page"}],"author":[{"embeddable":true,"href":"https:\/\/pans.krosno.pl\/pracownicy\/wp-json\/wp\/v2\/users\/36"}],"replies":[{"embeddable":true,"href":"https:\/\/pans.krosno.pl\/pracownicy\/wp-json\/wp\/v2\/comments?post=2984"}],"version-history":[{"count":20,"href":"https:\/\/pans.krosno.pl\/pracownicy\/wp-json\/wp\/v2\/pages\/2984\/revisions"}],"predecessor-version":[{"id":11031,"href":"https:\/\/pans.krosno.pl\/pracownicy\/wp-json\/wp\/v2\/pages\/2984\/revisions\/11031"}],"wp:attachment":[{"href":"https:\/\/pans.krosno.pl\/pracownicy\/wp-json\/wp\/v2\/media?parent=2984"}],"curies":[{"name":"wp","href":"https:\/\/api.w.org\/{rel}","templated":true}]}}