{"id":2977,"date":"2020-04-17T12:12:45","date_gmt":"2020-04-17T10:12:45","guid":{"rendered":"https:\/\/pans.krosno.pl\/pracownicy\/?page_id=2977"},"modified":"2025-05-20T13:25:14","modified_gmt":"2025-05-20T11:25:14","slug":"henryk-rozanski-najwazniejsze-publikacje","status":"publish","type":"page","link":"https:\/\/pans.krosno.pl\/pracownicy\/henryk-rozanski\/henryk-rozanski-najwazniejsze-publikacje\/","title":{"rendered":"dr Henryk R\u00f3\u017ca\u0144ski &#8211; Najwa\u017cniejsze publikacje"},"content":{"rendered":"<hr>\n<ol>\n<li>Korniewicz D., R\u00f3\u017ca\u0144ski H., Usydus Z., Dobrza\u0144ski Z., Korniewicz A., Kaczmarek P., Frankiewicz A., Szulc K., 2007: Efficiency of plant extracts (Herbiplant CS) in pigs fattening. Polish Journal of Food and Nutrition Sciences, Vol. 57, No. 4(B), 309-315. Liczba punkt\u00f3w MNiSW: 15, IF 1,697.<\/li>\n<li>Korniewicz D., R\u00f3\u017ca\u0144ski., Dobrza\u0144ski Z., Kaczmarek P., Korniewicz, 2007: Effect of Herbiplant CS preparation on basic nutrient digestibility and mineral balance and absorption in fatteners. Annals of Animal Science, 7(2), 259-271. Liczba punkt\u00f3w MNiSW: 15. IF 0,613<br \/>\n3. Korniewicz D., Dobrza\u0144ski Z., Korniewicz A., Kaczmarek P., R\u00f3\u017ca\u0144ski H., Pogoda-Sewerniak K., 2007: Wp\u0142yw ekstrakt\u00f3w ro\u015blinnych (Herbiplant CS ) na kszta\u0142towanie si\u0119 wska\u017anik\u00f3w biochemicznych i sk\u0142adnik\u00f3w mineralnych w surowicy krwi tucznik\u00f3w. Acta Scientiarum Polonorum, Medicina Veterinaria, 6(2), 35-43. Liczba punkt\u00f3w MNiSW: 4.<\/li>\n<li>Strzelec E., Ni\u017cnikowski R., R\u00f3\u017ca\u0144ski H., Klockiewicz M., G\u0142owacz K., Czub G., Darkowska A., Szyma\u0144ski K., Pokrop A., 2011, Effect of use of herbal feed additive on coccidian invasion level and performance traits in goats. Annals of Warsaw University of Life Sciences \u2013 SGGW Animal Science, 49, 11-20. Liczba punkt\u00f3w MNiSW: 12.<\/li>\n<li>Eckert E., Zambrowicz A., Pokora M., Szo\u0142tysik M., D\u0105browska A., Chrzanowska J., R\u00f3\u017ca\u0144ski H., Trziszka T., 2013: Biologically active peptides derived from hen eggs and another animal origin food proteins. World\u2019s Poultry Science Journal, vol. 69, June 2013, pp. 375-386. Liczba punkt\u00f3w MNiSW: 35. IF 1,439.<\/li>\n<li>Trziszka T., R\u00f3\u017ca\u0144ski H., Polanowski A.: Eggs as Very Promising Source of Biomedical and Nutraceutical Preparations. Journal of Life Sciences, August 2013, Vol. 7, No 8, pp. 862-877. Liczba punkt\u00f3w MNiSW: 8.<\/li>\n<li>\u0141yczko J., Pawlak A. , Szumny A., Petryja M., R\u00f3\u017ca\u0144ski H., 2018: The Jerusalem Balsam\u2013a case study of a 150-year-old sample. Facta Universitatis Series: Physics, Chemistry and Technology Vol. 16, No 1, Special Issue, 2018, p. 46 49th International Symposium on Essential Oils (ISEO2018); Book of Abstracts.<\/li>\n<li>R\u00f3\u017ca\u0144ski H., Wr\u00f3bel D., 2019: Charakterystyka chemotaksonomiczna i w\u0142a\u015bciwo\u015bci farmakologiczne paprotnik\u00f3w (Pteridophyta). Nowe nadzieje fitoterapii &#8211; monografia naukowa. Ro\u015bliny zielarskie, kosmetyki naturalne i \u017cywno\u015b\u0107 funkcjonalna., red. nauk. Bazylak G., R\u00f3\u017ca\u0144ski H., Pa\u0144stwowa Wy\u017csza Szko\u0142a zawodowa im. Stanis\u0142awa Pigonia w Kro\u015bnie, Uniwersytet Przyrodniczy we Wroc\u0142awiu, Krosno-Wroc\u0142aw 2019, s. 102-122. ISBN 978-83-64457-51-7. Liczba punkt\u00f3w MNiSW: 5.<\/li>\n<li>Franciszka\u0144skie Konferencje Zielarsko-Farmaceutyczne. Monografia naukowa medycyny klasztornej. Red. nauk. Pietryja M., R\u00f3\u017ca\u0144ski H., Boryczka S., Sok\u00f3\u0142-\u0141\u0119towska A., Katowice 2019 (ss. 710). ISBN 978-83-64534-24-9.<\/li>\n<li>R\u00f3\u017ca\u0144ski H., Wr\u00f3bel D., 2019: Charakterystyka chemotaksonomiczna i w\u0142a\u015bciwo\u015bci farmakologiczne nagonasiennych stosowanych w medycynie. Monografia naukowa VI Konferencji: Ro\u015bliny zielarskie, kosmetyki naturalne i \u017cywno\u015b\u0107 funkcjonalna. Medycyna komplementarna w zapobieganiu i leczeniu chor\u00f3b cywilizacyjnych, red. naukowa Bazylak G., R\u00f3\u017ca\u0144ski H., Pa\u0144stwowa Wy\u017csza Szko\u0142a zawodowa im. Stanis\u0142awa Pigonia w Kro\u015bnie, Krosno-Wroc\u0142aw 2019, s. 253-370. ISBN 978-83-64457-54-8. Liczba punkt\u00f3w MNiSW: 5.<\/li>\n<li>Mathis G., Lumpkins B., Wesoloski E., Abramowicz-Pindor P., Rozanski H., Hofacre Ch., 2020: Performance of broiler chickens fed a Adicox\u00ae as a standalone anticoccidial program or in a \u201cbioshuttle\u2019\u2019 program in conjunction with a coccidia vaccine. 2020 International Poultry Scientific Forum Georgia World Congress Center, Atlanta, Georgia January 27-28, 2020; p. 10, M26.<\/li>\n<li>\u0141yczko J, Pawlak A, Augusty\u0144ski I., Oki\u0144czyc P., Szperlik J., Kulma A., R\u00f3\u017ca\u0144ski H., Obmi\u0144ska-Mrukowicz B.,Szumny A.: Chemical profiling and cytotoxic activity of 150-year old original sample of Jerusalem Balsam. Food and Chemical Toxicology, Volume 138, 2020, 111183, ISSN 0278-6915, CiteScore: 3.78 Impact Factor: 3.775. Liczba punkt\u00f3w MNiSW: 100.<\/li>\n<\/ol>\n<hr>\n<p>&nbsp;<\/p>\n","protected":false},"excerpt":{"rendered":"<p>Korniewicz D., R\u00f3\u017ca\u0144ski H., Usydus Z., Dobrza\u0144ski Z., Korniewicz A., Kaczmarek P., Frankiewicz A., Szulc K., 2007: Efficiency of plant extracts (Herbiplant CS) in pigs fattening. Polish Journal of Food and Nutrition Sciences, Vol. 57, No. 4(B), 309-315. Liczba punkt\u00f3w MNiSW: 15, IF 1,697. Korniewicz D., R\u00f3\u017ca\u0144ski., Dobrza\u0144ski Z., Kaczmarek [\u2026] <\/p>\n<div class=\"clear\"><\/div>\n<p><a class=\"more_link clearfix\" href=\"https:\/\/pans.krosno.pl\/pracownicy\/henryk-rozanski\/henryk-rozanski-najwazniejsze-publikacje\/\" rel=\"nofollow\">Read More<\/a><\/p>\n","protected":false},"author":36,"featured_media":0,"parent":2964,"menu_order":0,"comment_status":"closed","ping_status":"closed","template":"","meta":{"ngg_post_thumbnail":0,"footnotes":""},"class_list":["post-2977","page","type-page","status-publish","hentry"],"yoast_head":"<!-- This site is optimized with the Yoast SEO Premium plugin v27.4 (Yoast SEO v27.4) - https:\/\/yoast.com\/product\/yoast-seo-premium-wordpress\/ -->\n<title>dr Henryk R\u00f3\u017ca\u0144ski - Najwa\u017cniejsze publikacje - Pracownicy PANS w Kro\u015bnie<\/title>\n<meta name=\"robots\" content=\"index, follow, max-snippet:-1, max-image-preview:large, max-video-preview:-1\" \/>\n<link rel=\"canonical\" href=\"https:\/\/pans.krosno.pl\/pracownicy\/henryk-rozanski\/henryk-rozanski-najwazniejsze-publikacje\/\" \/>\n<meta property=\"og:locale\" content=\"pl_PL\" \/>\n<meta property=\"og:type\" content=\"article\" \/>\n<meta property=\"og:title\" content=\"dr Henryk R\u00f3\u017ca\u0144ski - Najwa\u017cniejsze publikacje\" \/>\n<meta property=\"og:description\" content=\"Korniewicz D., R\u00f3\u017ca\u0144ski H., Usydus Z., Dobrza\u0144ski Z., Korniewicz A., Kaczmarek P., Frankiewicz A., Szulc K., 2007: Efficiency of plant extracts (Herbiplant CS) in pigs fattening. Polish Journal of Food and Nutrition Sciences, Vol. 57, No. 4(B), 309-315. Liczba punkt\u00f3w MNiSW: 15, IF 1,697. Korniewicz D., R\u00f3\u017ca\u0144ski., Dobrza\u0144ski Z., Kaczmarek [\u2026] Read More\" \/>\n<meta property=\"og:url\" content=\"https:\/\/pans.krosno.pl\/pracownicy\/henryk-rozanski\/henryk-rozanski-najwazniejsze-publikacje\/\" \/>\n<meta property=\"og:site_name\" content=\"Pracownicy PANS w Kro\u015bnie\" \/>\n<meta property=\"article:modified_time\" content=\"2025-05-20T11:25:14+00:00\" \/>\n<meta name=\"twitter:card\" content=\"summary_large_image\" \/>\n<meta name=\"twitter:label1\" content=\"Szacowany czas czytania\" \/>\n\t<meta name=\"twitter:data1\" content=\"4 minuty\" \/>\n<script type=\"application\/ld+json\" class=\"yoast-schema-graph\">{\"@context\":\"https:\\\/\\\/schema.org\",\"@graph\":[{\"@type\":\"WebPage\",\"@id\":\"https:\\\/\\\/pans.krosno.pl\\\/pracownicy\\\/henryk-rozanski\\\/henryk-rozanski-najwazniejsze-publikacje\\\/\",\"url\":\"https:\\\/\\\/pans.krosno.pl\\\/pracownicy\\\/henryk-rozanski\\\/henryk-rozanski-najwazniejsze-publikacje\\\/\",\"name\":\"dr Henryk R\u00f3\u017ca\u0144ski - Najwa\u017cniejsze publikacje - Pracownicy PANS w Kro\u015bnie\",\"isPartOf\":{\"@id\":\"https:\\\/\\\/pans.krosno.pl\\\/pracownicy\\\/#website\"},\"datePublished\":\"2020-04-17T10:12:45+00:00\",\"dateModified\":\"2025-05-20T11:25:14+00:00\",\"breadcrumb\":{\"@id\":\"https:\\\/\\\/pans.krosno.pl\\\/pracownicy\\\/henryk-rozanski\\\/henryk-rozanski-najwazniejsze-publikacje\\\/#breadcrumb\"},\"inLanguage\":\"pl-PL\",\"potentialAction\":[{\"@type\":\"ReadAction\",\"target\":[\"https:\\\/\\\/pans.krosno.pl\\\/pracownicy\\\/henryk-rozanski\\\/henryk-rozanski-najwazniejsze-publikacje\\\/\"]}]},{\"@type\":\"BreadcrumbList\",\"@id\":\"https:\\\/\\\/pans.krosno.pl\\\/pracownicy\\\/henryk-rozanski\\\/henryk-rozanski-najwazniejsze-publikacje\\\/#breadcrumb\",\"itemListElement\":[{\"@type\":\"ListItem\",\"position\":1,\"name\":\"Strona g\u0142\u00f3wna\",\"item\":\"https:\\\/\\\/pans.krosno.pl\\\/pracownicy\\\/\"},{\"@type\":\"ListItem\",\"position\":2,\"name\":\"dr Henryk R\u00f3\u017ca\u0144ski\",\"item\":\"https:\\\/\\\/pans.krosno.pl\\\/pracownicy\\\/henryk-rozanski\\\/\"},{\"@type\":\"ListItem\",\"position\":3,\"name\":\"dr Henryk R\u00f3\u017ca\u0144ski &#8211; Najwa\u017cniejsze publikacje\"}]},{\"@type\":\"WebSite\",\"@id\":\"https:\\\/\\\/pans.krosno.pl\\\/pracownicy\\\/#website\",\"url\":\"https:\\\/\\\/pans.krosno.pl\\\/pracownicy\\\/\",\"name\":\"Pracownicy PANS w Kro\u015bnie\",\"description\":\"Pracownicy - Pa\u0144stwowa Akademia Nauk Stosowanych\",\"publisher\":{\"@id\":\"https:\\\/\\\/pans.krosno.pl\\\/pracownicy\\\/#organization\"},\"potentialAction\":[{\"@type\":\"SearchAction\",\"target\":{\"@type\":\"EntryPoint\",\"urlTemplate\":\"https:\\\/\\\/pans.krosno.pl\\\/pracownicy\\\/?s={search_term_string}\"},\"query-input\":{\"@type\":\"PropertyValueSpecification\",\"valueRequired\":true,\"valueName\":\"search_term_string\"}}],\"inLanguage\":\"pl-PL\"},{\"@type\":\"Organization\",\"@id\":\"https:\\\/\\\/pans.krosno.pl\\\/pracownicy\\\/#organization\",\"name\":\"Pracownicy PANS w Kro\u015bnie\",\"url\":\"https:\\\/\\\/pans.krosno.pl\\\/pracownicy\\\/\",\"logo\":{\"@type\":\"ImageObject\",\"inLanguage\":\"pl-PL\",\"@id\":\"https:\\\/\\\/pans.krosno.pl\\\/pracownicy\\\/#\\\/schema\\\/logo\\\/image\\\/\",\"url\":\"https:\\\/\\\/pans.krosno.pl\\\/pracownicy\\\/wp-content\\\/uploads\\\/sites\\\/41\\\/2023\\\/01\\\/Logo-PANS-2022-pelne.png\",\"contentUrl\":\"https:\\\/\\\/pans.krosno.pl\\\/pracownicy\\\/wp-content\\\/uploads\\\/sites\\\/41\\\/2023\\\/01\\\/Logo-PANS-2022-pelne.png\",\"width\":3096,\"height\":696,\"caption\":\"Pracownicy PANS w Kro\u015bnie\"},\"image\":{\"@id\":\"https:\\\/\\\/pans.krosno.pl\\\/pracownicy\\\/#\\\/schema\\\/logo\\\/image\\\/\"}}]}<\/script>\n<!-- \/ Yoast SEO Premium plugin. -->","yoast_head_json":{"title":"dr Henryk R\u00f3\u017ca\u0144ski - Najwa\u017cniejsze publikacje - Pracownicy PANS w Kro\u015bnie","robots":{"index":"index","follow":"follow","max-snippet":"max-snippet:-1","max-image-preview":"max-image-preview:large","max-video-preview":"max-video-preview:-1"},"canonical":"https:\/\/pans.krosno.pl\/pracownicy\/henryk-rozanski\/henryk-rozanski-najwazniejsze-publikacje\/","og_locale":"pl_PL","og_type":"article","og_title":"dr Henryk R\u00f3\u017ca\u0144ski - Najwa\u017cniejsze publikacje","og_description":"Korniewicz D., R\u00f3\u017ca\u0144ski H., Usydus Z., Dobrza\u0144ski Z., Korniewicz A., Kaczmarek P., Frankiewicz A., Szulc K., 2007: Efficiency of plant extracts (Herbiplant CS) in pigs fattening. Polish Journal of Food and Nutrition Sciences, Vol. 57, No. 4(B), 309-315. Liczba punkt\u00f3w MNiSW: 15, IF 1,697. Korniewicz D., R\u00f3\u017ca\u0144ski., Dobrza\u0144ski Z., Kaczmarek [\u2026] Read More","og_url":"https:\/\/pans.krosno.pl\/pracownicy\/henryk-rozanski\/henryk-rozanski-najwazniejsze-publikacje\/","og_site_name":"Pracownicy PANS w Kro\u015bnie","article_modified_time":"2025-05-20T11:25:14+00:00","twitter_card":"summary_large_image","twitter_misc":{"Szacowany czas czytania":"4 minuty"},"schema":{"@context":"https:\/\/schema.org","@graph":[{"@type":"WebPage","@id":"https:\/\/pans.krosno.pl\/pracownicy\/henryk-rozanski\/henryk-rozanski-najwazniejsze-publikacje\/","url":"https:\/\/pans.krosno.pl\/pracownicy\/henryk-rozanski\/henryk-rozanski-najwazniejsze-publikacje\/","name":"dr Henryk R\u00f3\u017ca\u0144ski - Najwa\u017cniejsze publikacje - Pracownicy PANS w Kro\u015bnie","isPartOf":{"@id":"https:\/\/pans.krosno.pl\/pracownicy\/#website"},"datePublished":"2020-04-17T10:12:45+00:00","dateModified":"2025-05-20T11:25:14+00:00","breadcrumb":{"@id":"https:\/\/pans.krosno.pl\/pracownicy\/henryk-rozanski\/henryk-rozanski-najwazniejsze-publikacje\/#breadcrumb"},"inLanguage":"pl-PL","potentialAction":[{"@type":"ReadAction","target":["https:\/\/pans.krosno.pl\/pracownicy\/henryk-rozanski\/henryk-rozanski-najwazniejsze-publikacje\/"]}]},{"@type":"BreadcrumbList","@id":"https:\/\/pans.krosno.pl\/pracownicy\/henryk-rozanski\/henryk-rozanski-najwazniejsze-publikacje\/#breadcrumb","itemListElement":[{"@type":"ListItem","position":1,"name":"Strona g\u0142\u00f3wna","item":"https:\/\/pans.krosno.pl\/pracownicy\/"},{"@type":"ListItem","position":2,"name":"dr Henryk R\u00f3\u017ca\u0144ski","item":"https:\/\/pans.krosno.pl\/pracownicy\/henryk-rozanski\/"},{"@type":"ListItem","position":3,"name":"dr Henryk R\u00f3\u017ca\u0144ski &#8211; Najwa\u017cniejsze publikacje"}]},{"@type":"WebSite","@id":"https:\/\/pans.krosno.pl\/pracownicy\/#website","url":"https:\/\/pans.krosno.pl\/pracownicy\/","name":"Pracownicy PANS w Kro\u015bnie","description":"Pracownicy - Pa\u0144stwowa Akademia Nauk Stosowanych","publisher":{"@id":"https:\/\/pans.krosno.pl\/pracownicy\/#organization"},"potentialAction":[{"@type":"SearchAction","target":{"@type":"EntryPoint","urlTemplate":"https:\/\/pans.krosno.pl\/pracownicy\/?s={search_term_string}"},"query-input":{"@type":"PropertyValueSpecification","valueRequired":true,"valueName":"search_term_string"}}],"inLanguage":"pl-PL"},{"@type":"Organization","@id":"https:\/\/pans.krosno.pl\/pracownicy\/#organization","name":"Pracownicy PANS w Kro\u015bnie","url":"https:\/\/pans.krosno.pl\/pracownicy\/","logo":{"@type":"ImageObject","inLanguage":"pl-PL","@id":"https:\/\/pans.krosno.pl\/pracownicy\/#\/schema\/logo\/image\/","url":"https:\/\/pans.krosno.pl\/pracownicy\/wp-content\/uploads\/sites\/41\/2023\/01\/Logo-PANS-2022-pelne.png","contentUrl":"https:\/\/pans.krosno.pl\/pracownicy\/wp-content\/uploads\/sites\/41\/2023\/01\/Logo-PANS-2022-pelne.png","width":3096,"height":696,"caption":"Pracownicy PANS w Kro\u015bnie"},"image":{"@id":"https:\/\/pans.krosno.pl\/pracownicy\/#\/schema\/logo\/image\/"}}]}},"_links":{"self":[{"href":"https:\/\/pans.krosno.pl\/pracownicy\/wp-json\/wp\/v2\/pages\/2977","targetHints":{"allow":["GET"]}}],"collection":[{"href":"https:\/\/pans.krosno.pl\/pracownicy\/wp-json\/wp\/v2\/pages"}],"about":[{"href":"https:\/\/pans.krosno.pl\/pracownicy\/wp-json\/wp\/v2\/types\/page"}],"author":[{"embeddable":true,"href":"https:\/\/pans.krosno.pl\/pracownicy\/wp-json\/wp\/v2\/users\/36"}],"replies":[{"embeddable":true,"href":"https:\/\/pans.krosno.pl\/pracownicy\/wp-json\/wp\/v2\/comments?post=2977"}],"version-history":[{"count":4,"href":"https:\/\/pans.krosno.pl\/pracownicy\/wp-json\/wp\/v2\/pages\/2977\/revisions"}],"predecessor-version":[{"id":10920,"href":"https:\/\/pans.krosno.pl\/pracownicy\/wp-json\/wp\/v2\/pages\/2977\/revisions\/10920"}],"up":[{"embeddable":true,"href":"https:\/\/pans.krosno.pl\/pracownicy\/wp-json\/wp\/v2\/pages\/2964"}],"wp:attachment":[{"href":"https:\/\/pans.krosno.pl\/pracownicy\/wp-json\/wp\/v2\/media?parent=2977"}],"curies":[{"name":"wp","href":"https:\/\/api.w.org\/{rel}","templated":true}]}}