{"id":2962,"date":"2020-04-20T10:26:36","date_gmt":"2020-04-20T08:26:36","guid":{"rendered":"https:\/\/pans.krosno.pl\/pracownicy\/?page_id=2962"},"modified":"2025-05-20T13:33:58","modified_gmt":"2025-05-20T11:33:58","slug":"kazimierz-szmyd-najwazniejsze-publikacje","status":"publish","type":"page","link":"https:\/\/pans.krosno.pl\/pracownicy\/kazimierz-szmyd\/kazimierz-szmyd-najwazniejsze-publikacje\/","title":{"rendered":"prof. dr hab. Kazimierz Szmyd &#8211; Najwa\u017cniejsze publikacje"},"content":{"rendered":"<hr>\n<p>Opublikowa\u0142 ponad 250 publikacji naukowych (ksi\u0105\u017cek autorskich, redakcji i wsp\u00f3\u0142redakcji, artyku\u0142\u00f3w przegl\u0105dowych, rozpraw \u017ar\u00f3d\u0142owych i naukowych, biogram\u00f3w naukowych i nauczycielskich, prac empirycznych i dydaktycznych oraz kilkana\u015bcie artyku\u0142\u00f3w publicystycznych z dziedziny edukacji i o\u015bwiaty. W tym dorobku znajduje si\u0119 8 monografii autorskich (indywidualnych), ponad 20 redakcji i wsp\u00f3\u0142redakcji prac zwartych; autor 3 skrypt\u00f3w i materia\u0142\u00f3w naukowo-dydaktycznych dla student\u00f3w pedagogiki (1999 r., 2003 r., 2010 r.).<\/p>\n<p><strong>Monografie samodzielne, wsp\u00f3\u0142autorskie, redakcje i wsp\u00f3\u0142redakcje (wyb\u00f3r)<\/strong><\/p>\n<ul>\n<li>Historia wychowania misja i edukacja. Galicja i jej dziedzictwo, T.XX, (red.): K. Szmyd, J. Dybiec, Wyd. UR Rzesz\u00f3w 2008. ISBN 978-83-7338-359-3, ISSN 1895-0361, ss. 562. (wsp\u00f3\u0142autorstwo i wsp\u00f3\u0142redakcja).<\/li>\n<li>Szmyd K., Edukacja dla kultury wsp\u00f3\u0142\u017cycia. Konteksty uniwersalne i lokalne (\u015brodowiskowe), Rzesz\u00f3w 2010, ISBN 978-83-7667-032-4, ss. 55. (skrypt ).<\/li>\n<li>S\u0142ownik biograficzny tw\u00f3rc\u00f3w o\u015bwiaty i kultury XIX i XX wieku Polski Po\u0142udniowo \u2013 Wschodniej, pod redakcj\u0105 Andrzeja Meissnera, Kazimierza Szmyda Wyd. UR, Rzesz\u00f3w 2011, ISBN 978-83-7338-603-7, ss. 498. (wsp\u00f3\u0142autorstwo i wsp\u00f3\u0142redakcja).<\/li>\n<li>Szko\u0142a wobec wyzwa\u0144 XXI wieku. W poszukiwaniu humanistycznego (antropologicznego wymiaru my\u015bli pedagogicznej, (red.): Kazimierz Szmyd, El\u017cbieta Dolata, Anna \u015aniegulska, Wyd. UR, Rzesz\u00f3w 2012, T. I, ISBN 978-83-7338-718-8, ss. 213. (wsp\u00f3\u0142autor i wsp\u00f3\u0142redakcja).<\/li>\n<li>Szko\u0142a wobec wyzwa\u0144 XXI wieku. Aplikacje edukacyjne. Tradycje i kontynuacje warto\u015bci, (red.): Kazimierz Szmyd, El\u017cbieta Dolata, Anna \u015aniegulska, Wyd. UR, Rzesz\u00f3w 2012, T.2, ISBN 978-83-7338-722-5, ss. 239. (wsp\u00f3\u0142redakcja).<\/li>\n<li>My\u015bl i praktyka edukacyjna w obliczu zmian cywilizacyjnych. Cz\u0142owiek i wychowanie w perspektywie wieloetnicznej i wielokulturowej, redakcja naukowa \u2013 Kazimierz Szmyd, Ewa Barna\u015b-Baran, El\u017cbieta Dolata, Wyd. UR, Rzesz\u00f3w 2012, T.I i II, ISBN 978-83-7338-713-3, ss. 775, (wsp\u00f3\u0142autorstwo, wsp\u00f3\u0142redakcja).<\/li>\n<li>Biografia dziej\u00f3w o\u015bwiaty i wychowania w Galicji 1772-1918. Cz\u0119\u015b\u0107 III: Opracowania z lat 1991-2008, (red.): A. Meissner, K. Szmyd, Wyd. UR, Rzesz\u00f3w 2012, ISBN 978-83-7338-750-8, ss. 210. (wsp\u00f3\u0142autorstwo i wsp\u00f3\u0142redakcja).<\/li>\n<li>Szmyd K., Pokoleniowe przemiany wsi podkarpackiej 1930-2010. Wybrane dziedziny tradycji, kultury i edukacji regionu kro\u015bnie\u0144skiego, Wyd. UR, Rzesz\u00f3w 2012, ISBN 978-83-7338-811-6, ss. 652, (ksi\u0105\u017cka autorska).<\/li>\n<li>S\u0142ownik Biograficzny Tw\u00f3rc\u00f3w O\u015bwiaty i Kultury XIX i XX Wieku Polski Po\u0142udniowo \u2013 Wschodniej \u2013 Suplement, red. Kazimierz Szmyd, Wyd. UR, Rzesz\u00f3w 2015, ISBN 978-83-7996-164-1, ss. 398. (wsp\u00f3\u0142autorstwo i redakcja).<\/li>\n<li>Rola edukacji szkolnej w procesie integracji pa\u0144stw Europy, Wyd. i Druk: A-Graf, Lublin 2003, (wsp\u00f3\u0142autor A. Grzywa-Bilkiewicz), ss. 141. (wsp\u00f3\u0142autorstwo, redakcja &#8211; skrypt).<\/li>\n<li>K. Szmyd (red.): Zeszyty Naukowe Uniwersytetu Rzeszowskiego, Pedagogika i Psychologia 4, z. nr 46\/2007, Wyd. UR Rzesz\u00f3w 2007. ISSN 1643-0484; ISNN 1643-0530, ss. 362.<\/li>\n<li>Szmyd K., Zeszyty Naukowe Uniwersytetu Rzeszowskiego. Seria Pedagogiczna. Pedagogika i Psychologia 5, z. 58, (Wsp\u00f3\u0142redakcja), Wyd. UR, Rzesz\u00f3w 2009. ISSN 1643-0484; ISNN 1643-0530, ss. 354.<\/li>\n<li>Szmyd K., Pedagogika, o\u015bwiata i nauka w klasycznym uniwersytecie: tradycje, problemy, perspektywy, T.I, II, III (red.): M. Jewtuch, D. Herciuk, K. Szmyd, Wyd. Ministerstwo O\u015bwiaty i Nauki Ukrainy, Narodowa Akademia Nauk Pedagogicznych Ukrainy, Narodowy Uniwersytet Lwowski im. Iwana Franka we Lwowie, UR w Rzeszowie, Lw\u00f3w 2013, T. 1, ISBN 978-617-10-003-2; T. 2, ISBN 978-617-10-003-9, ss. T. 473; ss. T.II. III 497, (wsp\u00f3\u0142redakcja).<\/li>\n<li>\u0179r\u00f3d\u0142a, ewolucje, uniwersalno\u015b\u0107 nauk o wychowaniu w Uniwersytecie Lwowskim 1867-1939, (w.): Pedagogika, o\u015bwiata i nauka w klasycznym uniwersytecie: tradycje, problemy, perspektywy, T.I, (red.): M. Jewtuch, D. Herciuk, K. Szmyd, Lw\u00f3w 2013, s.75-99, ISBN 978-617-10-0039, ss. 473.<\/li>\n<\/ul>\n<hr>\n<p>&nbsp;<\/p>\n","protected":false},"excerpt":{"rendered":"<p>Opublikowa\u0142 ponad 250 publikacji naukowych (ksi\u0105\u017cek autorskich, redakcji i wsp\u00f3\u0142redakcji, artyku\u0142\u00f3w przegl\u0105dowych, rozpraw \u017ar\u00f3d\u0142owych i naukowych, biogram\u00f3w naukowych i nauczycielskich, prac empirycznych i dydaktycznych oraz kilkana\u015bcie artyku\u0142\u00f3w publicystycznych z dziedziny edukacji i o\u015bwiaty. W tym dorobku znajduje si\u0119 8 monografii autorskich (indywidualnych), ponad 20 redakcji i wsp\u00f3\u0142redakcji prac zwartych; autor [\u2026] <\/p>\n<div class=\"clear\"><\/div>\n<p><a class=\"more_link clearfix\" href=\"https:\/\/pans.krosno.pl\/pracownicy\/kazimierz-szmyd\/kazimierz-szmyd-najwazniejsze-publikacje\/\" rel=\"nofollow\">Read More<\/a><\/p>\n","protected":false},"author":34,"featured_media":0,"parent":2953,"menu_order":0,"comment_status":"closed","ping_status":"closed","template":"","meta":{"ngg_post_thumbnail":0,"footnotes":""},"class_list":["post-2962","page","type-page","status-publish","hentry"],"yoast_head":"<!-- This site is optimized with the Yoast SEO Premium plugin v27.3 (Yoast SEO v27.3) - https:\/\/yoast.com\/product\/yoast-seo-premium-wordpress\/ -->\n<title>prof. dr hab. Kazimierz Szmyd - Najwa\u017cniejsze publikacje - Pracownicy PANS w Kro\u015bnie<\/title>\n<meta name=\"robots\" content=\"index, follow, max-snippet:-1, max-image-preview:large, max-video-preview:-1\" \/>\n<link rel=\"canonical\" href=\"https:\/\/pans.krosno.pl\/pracownicy\/kazimierz-szmyd\/kazimierz-szmyd-najwazniejsze-publikacje\/\" \/>\n<meta property=\"og:locale\" content=\"pl_PL\" \/>\n<meta property=\"og:type\" content=\"article\" \/>\n<meta property=\"og:title\" content=\"prof. dr hab. Kazimierz Szmyd - Najwa\u017cniejsze publikacje\" \/>\n<meta property=\"og:description\" content=\"Opublikowa\u0142 ponad 250 publikacji naukowych (ksi\u0105\u017cek autorskich, redakcji i wsp\u00f3\u0142redakcji, artyku\u0142\u00f3w przegl\u0105dowych, rozpraw \u017ar\u00f3d\u0142owych i naukowych, biogram\u00f3w naukowych i nauczycielskich, prac empirycznych i dydaktycznych oraz kilkana\u015bcie artyku\u0142\u00f3w publicystycznych z dziedziny edukacji i o\u015bwiaty. W tym dorobku znajduje si\u0119 8 monografii autorskich (indywidualnych), ponad 20 redakcji i wsp\u00f3\u0142redakcji prac zwartych; autor [\u2026] Read More\" \/>\n<meta property=\"og:url\" content=\"https:\/\/pans.krosno.pl\/pracownicy\/kazimierz-szmyd\/kazimierz-szmyd-najwazniejsze-publikacje\/\" \/>\n<meta property=\"og:site_name\" content=\"Pracownicy PANS w Kro\u015bnie\" \/>\n<meta property=\"article:modified_time\" content=\"2025-05-20T11:33:58+00:00\" \/>\n<meta name=\"twitter:card\" content=\"summary_large_image\" \/>\n<meta name=\"twitter:label1\" content=\"Szacowany czas czytania\" \/>\n\t<meta name=\"twitter:data1\" content=\"3 minuty\" \/>\n<script type=\"application\/ld+json\" class=\"yoast-schema-graph\">{\"@context\":\"https:\\\/\\\/schema.org\",\"@graph\":[{\"@type\":\"WebPage\",\"@id\":\"https:\\\/\\\/pans.krosno.pl\\\/pracownicy\\\/kazimierz-szmyd\\\/kazimierz-szmyd-najwazniejsze-publikacje\\\/\",\"url\":\"https:\\\/\\\/pans.krosno.pl\\\/pracownicy\\\/kazimierz-szmyd\\\/kazimierz-szmyd-najwazniejsze-publikacje\\\/\",\"name\":\"prof. dr hab. Kazimierz Szmyd - Najwa\u017cniejsze publikacje - Pracownicy PANS w Kro\u015bnie\",\"isPartOf\":{\"@id\":\"https:\\\/\\\/pans.krosno.pl\\\/pracownicy\\\/#website\"},\"datePublished\":\"2020-04-20T08:26:36+00:00\",\"dateModified\":\"2025-05-20T11:33:58+00:00\",\"breadcrumb\":{\"@id\":\"https:\\\/\\\/pans.krosno.pl\\\/pracownicy\\\/kazimierz-szmyd\\\/kazimierz-szmyd-najwazniejsze-publikacje\\\/#breadcrumb\"},\"inLanguage\":\"pl-PL\",\"potentialAction\":[{\"@type\":\"ReadAction\",\"target\":[\"https:\\\/\\\/pans.krosno.pl\\\/pracownicy\\\/kazimierz-szmyd\\\/kazimierz-szmyd-najwazniejsze-publikacje\\\/\"]}]},{\"@type\":\"BreadcrumbList\",\"@id\":\"https:\\\/\\\/pans.krosno.pl\\\/pracownicy\\\/kazimierz-szmyd\\\/kazimierz-szmyd-najwazniejsze-publikacje\\\/#breadcrumb\",\"itemListElement\":[{\"@type\":\"ListItem\",\"position\":1,\"name\":\"Strona g\u0142\u00f3wna\",\"item\":\"https:\\\/\\\/pans.krosno.pl\\\/pracownicy\\\/\"},{\"@type\":\"ListItem\",\"position\":2,\"name\":\"prof. dr hab. Kazimierz Szmyd\",\"item\":\"https:\\\/\\\/pans.krosno.pl\\\/pracownicy\\\/kazimierz-szmyd\\\/\"},{\"@type\":\"ListItem\",\"position\":3,\"name\":\"prof. dr hab. Kazimierz Szmyd &#8211; Najwa\u017cniejsze publikacje\"}]},{\"@type\":\"WebSite\",\"@id\":\"https:\\\/\\\/pans.krosno.pl\\\/pracownicy\\\/#website\",\"url\":\"https:\\\/\\\/pans.krosno.pl\\\/pracownicy\\\/\",\"name\":\"Pracownicy PANS w Kro\u015bnie\",\"description\":\"Pracownicy - Pa\u0144stwowa Akademia Nauk Stosowanych\",\"publisher\":{\"@id\":\"https:\\\/\\\/pans.krosno.pl\\\/pracownicy\\\/#organization\"},\"potentialAction\":[{\"@type\":\"SearchAction\",\"target\":{\"@type\":\"EntryPoint\",\"urlTemplate\":\"https:\\\/\\\/pans.krosno.pl\\\/pracownicy\\\/?s={search_term_string}\"},\"query-input\":{\"@type\":\"PropertyValueSpecification\",\"valueRequired\":true,\"valueName\":\"search_term_string\"}}],\"inLanguage\":\"pl-PL\"},{\"@type\":\"Organization\",\"@id\":\"https:\\\/\\\/pans.krosno.pl\\\/pracownicy\\\/#organization\",\"name\":\"Pracownicy PANS w Kro\u015bnie\",\"url\":\"https:\\\/\\\/pans.krosno.pl\\\/pracownicy\\\/\",\"logo\":{\"@type\":\"ImageObject\",\"inLanguage\":\"pl-PL\",\"@id\":\"https:\\\/\\\/pans.krosno.pl\\\/pracownicy\\\/#\\\/schema\\\/logo\\\/image\\\/\",\"url\":\"https:\\\/\\\/pans.krosno.pl\\\/pracownicy\\\/wp-content\\\/uploads\\\/sites\\\/41\\\/2023\\\/01\\\/Logo-PANS-2022-pelne.png\",\"contentUrl\":\"https:\\\/\\\/pans.krosno.pl\\\/pracownicy\\\/wp-content\\\/uploads\\\/sites\\\/41\\\/2023\\\/01\\\/Logo-PANS-2022-pelne.png\",\"width\":3096,\"height\":696,\"caption\":\"Pracownicy PANS w Kro\u015bnie\"},\"image\":{\"@id\":\"https:\\\/\\\/pans.krosno.pl\\\/pracownicy\\\/#\\\/schema\\\/logo\\\/image\\\/\"}}]}<\/script>\n<!-- \/ Yoast SEO Premium plugin. -->","yoast_head_json":{"title":"prof. dr hab. Kazimierz Szmyd - Najwa\u017cniejsze publikacje - Pracownicy PANS w Kro\u015bnie","robots":{"index":"index","follow":"follow","max-snippet":"max-snippet:-1","max-image-preview":"max-image-preview:large","max-video-preview":"max-video-preview:-1"},"canonical":"https:\/\/pans.krosno.pl\/pracownicy\/kazimierz-szmyd\/kazimierz-szmyd-najwazniejsze-publikacje\/","og_locale":"pl_PL","og_type":"article","og_title":"prof. dr hab. Kazimierz Szmyd - Najwa\u017cniejsze publikacje","og_description":"Opublikowa\u0142 ponad 250 publikacji naukowych (ksi\u0105\u017cek autorskich, redakcji i wsp\u00f3\u0142redakcji, artyku\u0142\u00f3w przegl\u0105dowych, rozpraw \u017ar\u00f3d\u0142owych i naukowych, biogram\u00f3w naukowych i nauczycielskich, prac empirycznych i dydaktycznych oraz kilkana\u015bcie artyku\u0142\u00f3w publicystycznych z dziedziny edukacji i o\u015bwiaty. W tym dorobku znajduje si\u0119 8 monografii autorskich (indywidualnych), ponad 20 redakcji i wsp\u00f3\u0142redakcji prac zwartych; autor [\u2026] Read More","og_url":"https:\/\/pans.krosno.pl\/pracownicy\/kazimierz-szmyd\/kazimierz-szmyd-najwazniejsze-publikacje\/","og_site_name":"Pracownicy PANS w Kro\u015bnie","article_modified_time":"2025-05-20T11:33:58+00:00","twitter_card":"summary_large_image","twitter_misc":{"Szacowany czas czytania":"3 minuty"},"schema":{"@context":"https:\/\/schema.org","@graph":[{"@type":"WebPage","@id":"https:\/\/pans.krosno.pl\/pracownicy\/kazimierz-szmyd\/kazimierz-szmyd-najwazniejsze-publikacje\/","url":"https:\/\/pans.krosno.pl\/pracownicy\/kazimierz-szmyd\/kazimierz-szmyd-najwazniejsze-publikacje\/","name":"prof. dr hab. Kazimierz Szmyd - Najwa\u017cniejsze publikacje - Pracownicy PANS w Kro\u015bnie","isPartOf":{"@id":"https:\/\/pans.krosno.pl\/pracownicy\/#website"},"datePublished":"2020-04-20T08:26:36+00:00","dateModified":"2025-05-20T11:33:58+00:00","breadcrumb":{"@id":"https:\/\/pans.krosno.pl\/pracownicy\/kazimierz-szmyd\/kazimierz-szmyd-najwazniejsze-publikacje\/#breadcrumb"},"inLanguage":"pl-PL","potentialAction":[{"@type":"ReadAction","target":["https:\/\/pans.krosno.pl\/pracownicy\/kazimierz-szmyd\/kazimierz-szmyd-najwazniejsze-publikacje\/"]}]},{"@type":"BreadcrumbList","@id":"https:\/\/pans.krosno.pl\/pracownicy\/kazimierz-szmyd\/kazimierz-szmyd-najwazniejsze-publikacje\/#breadcrumb","itemListElement":[{"@type":"ListItem","position":1,"name":"Strona g\u0142\u00f3wna","item":"https:\/\/pans.krosno.pl\/pracownicy\/"},{"@type":"ListItem","position":2,"name":"prof. dr hab. Kazimierz Szmyd","item":"https:\/\/pans.krosno.pl\/pracownicy\/kazimierz-szmyd\/"},{"@type":"ListItem","position":3,"name":"prof. dr hab. Kazimierz Szmyd &#8211; Najwa\u017cniejsze publikacje"}]},{"@type":"WebSite","@id":"https:\/\/pans.krosno.pl\/pracownicy\/#website","url":"https:\/\/pans.krosno.pl\/pracownicy\/","name":"Pracownicy PANS w Kro\u015bnie","description":"Pracownicy - Pa\u0144stwowa Akademia Nauk Stosowanych","publisher":{"@id":"https:\/\/pans.krosno.pl\/pracownicy\/#organization"},"potentialAction":[{"@type":"SearchAction","target":{"@type":"EntryPoint","urlTemplate":"https:\/\/pans.krosno.pl\/pracownicy\/?s={search_term_string}"},"query-input":{"@type":"PropertyValueSpecification","valueRequired":true,"valueName":"search_term_string"}}],"inLanguage":"pl-PL"},{"@type":"Organization","@id":"https:\/\/pans.krosno.pl\/pracownicy\/#organization","name":"Pracownicy PANS w Kro\u015bnie","url":"https:\/\/pans.krosno.pl\/pracownicy\/","logo":{"@type":"ImageObject","inLanguage":"pl-PL","@id":"https:\/\/pans.krosno.pl\/pracownicy\/#\/schema\/logo\/image\/","url":"https:\/\/pans.krosno.pl\/pracownicy\/wp-content\/uploads\/sites\/41\/2023\/01\/Logo-PANS-2022-pelne.png","contentUrl":"https:\/\/pans.krosno.pl\/pracownicy\/wp-content\/uploads\/sites\/41\/2023\/01\/Logo-PANS-2022-pelne.png","width":3096,"height":696,"caption":"Pracownicy PANS w Kro\u015bnie"},"image":{"@id":"https:\/\/pans.krosno.pl\/pracownicy\/#\/schema\/logo\/image\/"}}]}},"_links":{"self":[{"href":"https:\/\/pans.krosno.pl\/pracownicy\/wp-json\/wp\/v2\/pages\/2962","targetHints":{"allow":["GET"]}}],"collection":[{"href":"https:\/\/pans.krosno.pl\/pracownicy\/wp-json\/wp\/v2\/pages"}],"about":[{"href":"https:\/\/pans.krosno.pl\/pracownicy\/wp-json\/wp\/v2\/types\/page"}],"author":[{"embeddable":true,"href":"https:\/\/pans.krosno.pl\/pracownicy\/wp-json\/wp\/v2\/users\/34"}],"replies":[{"embeddable":true,"href":"https:\/\/pans.krosno.pl\/pracownicy\/wp-json\/wp\/v2\/comments?post=2962"}],"version-history":[{"count":7,"href":"https:\/\/pans.krosno.pl\/pracownicy\/wp-json\/wp\/v2\/pages\/2962\/revisions"}],"predecessor-version":[{"id":10963,"href":"https:\/\/pans.krosno.pl\/pracownicy\/wp-json\/wp\/v2\/pages\/2962\/revisions\/10963"}],"up":[{"embeddable":true,"href":"https:\/\/pans.krosno.pl\/pracownicy\/wp-json\/wp\/v2\/pages\/2953"}],"wp:attachment":[{"href":"https:\/\/pans.krosno.pl\/pracownicy\/wp-json\/wp\/v2\/media?parent=2962"}],"curies":[{"name":"wp","href":"https:\/\/api.w.org\/{rel}","templated":true}]}}