{"id":295,"date":"2020-03-26T17:04:55","date_gmt":"2020-03-26T16:04:55","guid":{"rendered":"https:\/\/pans.krosno.pl\/pracownicy\/?page_id=295"},"modified":"2025-05-15T14:46:36","modified_gmt":"2025-05-15T12:46:36","slug":"piotr-lopatkiewicz-najwazniejsze-nagrody-i-wyroznienia","status":"publish","type":"page","link":"https:\/\/pans.krosno.pl\/pracownicy\/piotr-lopatkiewicz\/piotr-lopatkiewicz-najwazniejsze-nagrody-i-wyroznienia\/","title":{"rendered":"dr hab. Piotr \u0141opatkiewicz, prof. KPU &#8211; Najwa\u017cniejsze nagrody i wyr\u00f3\u017cnienia"},"content":{"rendered":"<hr>\n<ul>\n<li>2008 r. i 2019 r. \u2013 nagroda im. Szcz\u0119snego Morawskiego za najlepsze publikacje dotycz\u0105ce S\u0105decczyzny,<\/li>\n<li>2008 r. \u2013 Nagroda Prof. Jerzego Z. \u0141ozi\u0144skiego za najlepsze prace z polskiej historii sztuki \u201eza wydanie czterech r\u0119kopi\u015bmiennych inwentarzy zabytk\u00f3w Stanis\u0142awa Tomkowicza\u201d,<\/li>\n<li>2009 r. \u2013 \u201eza ca\u0142okszta\u0142t dzia\u0142alno\u015bci naukowej\u201d, odznaczony przez Prezydenta RP Br\u0105zowym Krzy\u017cem Zas\u0142ugi,<\/li>\n<li>2015 r. \u2013 \u201eza zas\u0142ugi w dzia\u0142alno\u015bci na rzecz rozwoju nauki\u201d, odznaczony przez Prezydenta RP Srebrnym Krzy\u017cem Zas\u0142ugi,<\/li>\n<li>2019 r. \u2013 \u201eza szczeg\u00f3lne zas\u0142ugi o\u015bwiaty i wychowania\u201d odznaczony Medalem Komisji Edukacji Narodowej.<\/li>\n<\/ul>\n<hr>\n<p>&nbsp;<\/p>\n","protected":false},"excerpt":{"rendered":"<p>2008 r. i 2019 r. \u2013 nagroda im. Szcz\u0119snego Morawskiego za najlepsze publikacje dotycz\u0105ce S\u0105decczyzny, 2008 r. \u2013 Nagroda Prof. Jerzego Z. \u0141ozi\u0144skiego za najlepsze prace z polskiej historii sztuki \u201eza wydanie czterech r\u0119kopi\u015bmiennych inwentarzy zabytk\u00f3w Stanis\u0142awa Tomkowicza\u201d, 2009 r. \u2013 \u201eza ca\u0142okszta\u0142t dzia\u0142alno\u015bci naukowej\u201d, odznaczony przez Prezydenta RP Br\u0105zowym [\u2026] <\/p>\n<div class=\"clear\"><\/div>\n<p><a class=\"more_link clearfix\" href=\"https:\/\/pans.krosno.pl\/pracownicy\/piotr-lopatkiewicz\/piotr-lopatkiewicz-najwazniejsze-nagrody-i-wyroznienia\/\" rel=\"nofollow\">Read More<\/a><\/p>\n","protected":false},"author":36,"featured_media":0,"parent":283,"menu_order":0,"comment_status":"closed","ping_status":"closed","template":"","meta":{"ngg_post_thumbnail":0,"footnotes":""},"class_list":["post-295","page","type-page","status-publish","hentry"],"yoast_head":"<!-- This site is optimized with the Yoast SEO Premium plugin v27.3 (Yoast SEO v27.3) - https:\/\/yoast.com\/product\/yoast-seo-premium-wordpress\/ -->\n<title>dr hab. Piotr \u0141opatkiewicz, prof. KPU - Najwa\u017cniejsze nagrody i wyr\u00f3\u017cnienia - Pracownicy PANS w Kro\u015bnie<\/title>\n<meta name=\"robots\" content=\"index, follow, max-snippet:-1, max-image-preview:large, max-video-preview:-1\" \/>\n<link rel=\"canonical\" href=\"https:\/\/pans.krosno.pl\/pracownicy\/piotr-lopatkiewicz\/piotr-lopatkiewicz-najwazniejsze-nagrody-i-wyroznienia\/\" \/>\n<meta property=\"og:locale\" content=\"pl_PL\" \/>\n<meta property=\"og:type\" content=\"article\" \/>\n<meta property=\"og:title\" content=\"dr hab. Piotr \u0141opatkiewicz, prof. KPU - Najwa\u017cniejsze nagrody i wyr\u00f3\u017cnienia\" \/>\n<meta property=\"og:description\" content=\"2008 r. i 2019 r. \u2013 nagroda im. Szcz\u0119snego Morawskiego za najlepsze publikacje dotycz\u0105ce S\u0105decczyzny, 2008 r. \u2013 Nagroda Prof. Jerzego Z. \u0141ozi\u0144skiego za najlepsze prace z polskiej historii sztuki \u201eza wydanie czterech r\u0119kopi\u015bmiennych inwentarzy zabytk\u00f3w Stanis\u0142awa Tomkowicza\u201d, 2009 r. \u2013 \u201eza ca\u0142okszta\u0142t dzia\u0142alno\u015bci naukowej\u201d, odznaczony przez Prezydenta RP Br\u0105zowym [\u2026] Read More\" \/>\n<meta property=\"og:url\" content=\"https:\/\/pans.krosno.pl\/pracownicy\/piotr-lopatkiewicz\/piotr-lopatkiewicz-najwazniejsze-nagrody-i-wyroznienia\/\" \/>\n<meta property=\"og:site_name\" content=\"Pracownicy PANS w Kro\u015bnie\" \/>\n<meta property=\"article:modified_time\" content=\"2025-05-15T12:46:36+00:00\" \/>\n<meta name=\"twitter:card\" content=\"summary_large_image\" \/>\n<meta name=\"twitter:label1\" content=\"Szacowany czas czytania\" \/>\n\t<meta name=\"twitter:data1\" content=\"1 minuta\" \/>\n<script type=\"application\/ld+json\" class=\"yoast-schema-graph\">{\"@context\":\"https:\\\/\\\/schema.org\",\"@graph\":[{\"@type\":\"WebPage\",\"@id\":\"https:\\\/\\\/pans.krosno.pl\\\/pracownicy\\\/piotr-lopatkiewicz\\\/piotr-lopatkiewicz-najwazniejsze-nagrody-i-wyroznienia\\\/\",\"url\":\"https:\\\/\\\/pans.krosno.pl\\\/pracownicy\\\/piotr-lopatkiewicz\\\/piotr-lopatkiewicz-najwazniejsze-nagrody-i-wyroznienia\\\/\",\"name\":\"dr hab. Piotr \u0141opatkiewicz, prof. KPU - Najwa\u017cniejsze nagrody i wyr\u00f3\u017cnienia - Pracownicy PANS w Kro\u015bnie\",\"isPartOf\":{\"@id\":\"https:\\\/\\\/pans.krosno.pl\\\/pracownicy\\\/#website\"},\"datePublished\":\"2020-03-26T16:04:55+00:00\",\"dateModified\":\"2025-05-15T12:46:36+00:00\",\"breadcrumb\":{\"@id\":\"https:\\\/\\\/pans.krosno.pl\\\/pracownicy\\\/piotr-lopatkiewicz\\\/piotr-lopatkiewicz-najwazniejsze-nagrody-i-wyroznienia\\\/#breadcrumb\"},\"inLanguage\":\"pl-PL\",\"potentialAction\":[{\"@type\":\"ReadAction\",\"target\":[\"https:\\\/\\\/pans.krosno.pl\\\/pracownicy\\\/piotr-lopatkiewicz\\\/piotr-lopatkiewicz-najwazniejsze-nagrody-i-wyroznienia\\\/\"]}]},{\"@type\":\"BreadcrumbList\",\"@id\":\"https:\\\/\\\/pans.krosno.pl\\\/pracownicy\\\/piotr-lopatkiewicz\\\/piotr-lopatkiewicz-najwazniejsze-nagrody-i-wyroznienia\\\/#breadcrumb\",\"itemListElement\":[{\"@type\":\"ListItem\",\"position\":1,\"name\":\"Strona g\u0142\u00f3wna\",\"item\":\"https:\\\/\\\/pans.krosno.pl\\\/pracownicy\\\/\"},{\"@type\":\"ListItem\",\"position\":2,\"name\":\"dr hab. Piotr \u0141opatkiewicz, prof. PANS\",\"item\":\"https:\\\/\\\/pans.krosno.pl\\\/pracownicy\\\/piotr-lopatkiewicz\\\/\"},{\"@type\":\"ListItem\",\"position\":3,\"name\":\"dr hab. Piotr \u0141opatkiewicz, prof. KPU &#8211; Najwa\u017cniejsze nagrody i wyr\u00f3\u017cnienia\"}]},{\"@type\":\"WebSite\",\"@id\":\"https:\\\/\\\/pans.krosno.pl\\\/pracownicy\\\/#website\",\"url\":\"https:\\\/\\\/pans.krosno.pl\\\/pracownicy\\\/\",\"name\":\"Pracownicy PANS w Kro\u015bnie\",\"description\":\"Pracownicy - Pa\u0144stwowa Akademia Nauk Stosowanych\",\"publisher\":{\"@id\":\"https:\\\/\\\/pans.krosno.pl\\\/pracownicy\\\/#organization\"},\"potentialAction\":[{\"@type\":\"SearchAction\",\"target\":{\"@type\":\"EntryPoint\",\"urlTemplate\":\"https:\\\/\\\/pans.krosno.pl\\\/pracownicy\\\/?s={search_term_string}\"},\"query-input\":{\"@type\":\"PropertyValueSpecification\",\"valueRequired\":true,\"valueName\":\"search_term_string\"}}],\"inLanguage\":\"pl-PL\"},{\"@type\":\"Organization\",\"@id\":\"https:\\\/\\\/pans.krosno.pl\\\/pracownicy\\\/#organization\",\"name\":\"Pracownicy PANS w Kro\u015bnie\",\"url\":\"https:\\\/\\\/pans.krosno.pl\\\/pracownicy\\\/\",\"logo\":{\"@type\":\"ImageObject\",\"inLanguage\":\"pl-PL\",\"@id\":\"https:\\\/\\\/pans.krosno.pl\\\/pracownicy\\\/#\\\/schema\\\/logo\\\/image\\\/\",\"url\":\"https:\\\/\\\/pans.krosno.pl\\\/pracownicy\\\/wp-content\\\/uploads\\\/sites\\\/41\\\/2023\\\/01\\\/Logo-PANS-2022-pelne.png\",\"contentUrl\":\"https:\\\/\\\/pans.krosno.pl\\\/pracownicy\\\/wp-content\\\/uploads\\\/sites\\\/41\\\/2023\\\/01\\\/Logo-PANS-2022-pelne.png\",\"width\":3096,\"height\":696,\"caption\":\"Pracownicy PANS w Kro\u015bnie\"},\"image\":{\"@id\":\"https:\\\/\\\/pans.krosno.pl\\\/pracownicy\\\/#\\\/schema\\\/logo\\\/image\\\/\"}}]}<\/script>\n<!-- \/ Yoast SEO Premium plugin. -->","yoast_head_json":{"title":"dr hab. Piotr \u0141opatkiewicz, prof. KPU - Najwa\u017cniejsze nagrody i wyr\u00f3\u017cnienia - Pracownicy PANS w Kro\u015bnie","robots":{"index":"index","follow":"follow","max-snippet":"max-snippet:-1","max-image-preview":"max-image-preview:large","max-video-preview":"max-video-preview:-1"},"canonical":"https:\/\/pans.krosno.pl\/pracownicy\/piotr-lopatkiewicz\/piotr-lopatkiewicz-najwazniejsze-nagrody-i-wyroznienia\/","og_locale":"pl_PL","og_type":"article","og_title":"dr hab. Piotr \u0141opatkiewicz, prof. KPU - Najwa\u017cniejsze nagrody i wyr\u00f3\u017cnienia","og_description":"2008 r. i 2019 r. \u2013 nagroda im. Szcz\u0119snego Morawskiego za najlepsze publikacje dotycz\u0105ce S\u0105decczyzny, 2008 r. \u2013 Nagroda Prof. Jerzego Z. \u0141ozi\u0144skiego za najlepsze prace z polskiej historii sztuki \u201eza wydanie czterech r\u0119kopi\u015bmiennych inwentarzy zabytk\u00f3w Stanis\u0142awa Tomkowicza\u201d, 2009 r. \u2013 \u201eza ca\u0142okszta\u0142t dzia\u0142alno\u015bci naukowej\u201d, odznaczony przez Prezydenta RP Br\u0105zowym [\u2026] Read More","og_url":"https:\/\/pans.krosno.pl\/pracownicy\/piotr-lopatkiewicz\/piotr-lopatkiewicz-najwazniejsze-nagrody-i-wyroznienia\/","og_site_name":"Pracownicy PANS w Kro\u015bnie","article_modified_time":"2025-05-15T12:46:36+00:00","twitter_card":"summary_large_image","twitter_misc":{"Szacowany czas czytania":"1 minuta"},"schema":{"@context":"https:\/\/schema.org","@graph":[{"@type":"WebPage","@id":"https:\/\/pans.krosno.pl\/pracownicy\/piotr-lopatkiewicz\/piotr-lopatkiewicz-najwazniejsze-nagrody-i-wyroznienia\/","url":"https:\/\/pans.krosno.pl\/pracownicy\/piotr-lopatkiewicz\/piotr-lopatkiewicz-najwazniejsze-nagrody-i-wyroznienia\/","name":"dr hab. Piotr \u0141opatkiewicz, prof. KPU - Najwa\u017cniejsze nagrody i wyr\u00f3\u017cnienia - Pracownicy PANS w Kro\u015bnie","isPartOf":{"@id":"https:\/\/pans.krosno.pl\/pracownicy\/#website"},"datePublished":"2020-03-26T16:04:55+00:00","dateModified":"2025-05-15T12:46:36+00:00","breadcrumb":{"@id":"https:\/\/pans.krosno.pl\/pracownicy\/piotr-lopatkiewicz\/piotr-lopatkiewicz-najwazniejsze-nagrody-i-wyroznienia\/#breadcrumb"},"inLanguage":"pl-PL","potentialAction":[{"@type":"ReadAction","target":["https:\/\/pans.krosno.pl\/pracownicy\/piotr-lopatkiewicz\/piotr-lopatkiewicz-najwazniejsze-nagrody-i-wyroznienia\/"]}]},{"@type":"BreadcrumbList","@id":"https:\/\/pans.krosno.pl\/pracownicy\/piotr-lopatkiewicz\/piotr-lopatkiewicz-najwazniejsze-nagrody-i-wyroznienia\/#breadcrumb","itemListElement":[{"@type":"ListItem","position":1,"name":"Strona g\u0142\u00f3wna","item":"https:\/\/pans.krosno.pl\/pracownicy\/"},{"@type":"ListItem","position":2,"name":"dr hab. Piotr \u0141opatkiewicz, prof. PANS","item":"https:\/\/pans.krosno.pl\/pracownicy\/piotr-lopatkiewicz\/"},{"@type":"ListItem","position":3,"name":"dr hab. Piotr \u0141opatkiewicz, prof. KPU &#8211; Najwa\u017cniejsze nagrody i wyr\u00f3\u017cnienia"}]},{"@type":"WebSite","@id":"https:\/\/pans.krosno.pl\/pracownicy\/#website","url":"https:\/\/pans.krosno.pl\/pracownicy\/","name":"Pracownicy PANS w Kro\u015bnie","description":"Pracownicy - Pa\u0144stwowa Akademia Nauk Stosowanych","publisher":{"@id":"https:\/\/pans.krosno.pl\/pracownicy\/#organization"},"potentialAction":[{"@type":"SearchAction","target":{"@type":"EntryPoint","urlTemplate":"https:\/\/pans.krosno.pl\/pracownicy\/?s={search_term_string}"},"query-input":{"@type":"PropertyValueSpecification","valueRequired":true,"valueName":"search_term_string"}}],"inLanguage":"pl-PL"},{"@type":"Organization","@id":"https:\/\/pans.krosno.pl\/pracownicy\/#organization","name":"Pracownicy PANS w Kro\u015bnie","url":"https:\/\/pans.krosno.pl\/pracownicy\/","logo":{"@type":"ImageObject","inLanguage":"pl-PL","@id":"https:\/\/pans.krosno.pl\/pracownicy\/#\/schema\/logo\/image\/","url":"https:\/\/pans.krosno.pl\/pracownicy\/wp-content\/uploads\/sites\/41\/2023\/01\/Logo-PANS-2022-pelne.png","contentUrl":"https:\/\/pans.krosno.pl\/pracownicy\/wp-content\/uploads\/sites\/41\/2023\/01\/Logo-PANS-2022-pelne.png","width":3096,"height":696,"caption":"Pracownicy PANS w Kro\u015bnie"},"image":{"@id":"https:\/\/pans.krosno.pl\/pracownicy\/#\/schema\/logo\/image\/"}}]}},"_links":{"self":[{"href":"https:\/\/pans.krosno.pl\/pracownicy\/wp-json\/wp\/v2\/pages\/295","targetHints":{"allow":["GET"]}}],"collection":[{"href":"https:\/\/pans.krosno.pl\/pracownicy\/wp-json\/wp\/v2\/pages"}],"about":[{"href":"https:\/\/pans.krosno.pl\/pracownicy\/wp-json\/wp\/v2\/types\/page"}],"author":[{"embeddable":true,"href":"https:\/\/pans.krosno.pl\/pracownicy\/wp-json\/wp\/v2\/users\/36"}],"replies":[{"embeddable":true,"href":"https:\/\/pans.krosno.pl\/pracownicy\/wp-json\/wp\/v2\/comments?post=295"}],"version-history":[{"count":9,"href":"https:\/\/pans.krosno.pl\/pracownicy\/wp-json\/wp\/v2\/pages\/295\/revisions"}],"predecessor-version":[{"id":8185,"href":"https:\/\/pans.krosno.pl\/pracownicy\/wp-json\/wp\/v2\/pages\/295\/revisions\/8185"}],"up":[{"embeddable":true,"href":"https:\/\/pans.krosno.pl\/pracownicy\/wp-json\/wp\/v2\/pages\/283"}],"wp:attachment":[{"href":"https:\/\/pans.krosno.pl\/pracownicy\/wp-json\/wp\/v2\/media?parent=295"}],"curies":[{"name":"wp","href":"https:\/\/api.w.org\/{rel}","templated":true}]}}