{"id":2924,"date":"2020-04-16T13:40:13","date_gmt":"2020-04-16T11:40:13","guid":{"rendered":"https:\/\/pans.krosno.pl\/pracownicy\/?page_id=2924"},"modified":"2025-05-19T10:20:46","modified_gmt":"2025-05-19T08:20:46","slug":"lucyna-jankiewicz-sompel-zyciorys-naukowy","status":"publish","type":"page","link":"https:\/\/pans.krosno.pl\/pracownicy\/lucyna-jankiewicz-sompel\/lucyna-jankiewicz-sompel-zyciorys-naukowy\/","title":{"rendered":"mgr Lucyna Jankiewicz-Sompel &#8211; \u017byciorys naukowy"},"content":{"rendered":"<hr>\n<p>Uko\u0144czy\u0142a studia magisterskie, w zakresie nauczanie pocz\u0105tkowe \u2013 Wy\u017csza Szko\u0142a Pedagogiczna w Rzeszowie (1997 r.), studia podyplomowe w zakresie: terapia pedagogiczna &#8211; Uniwersytet Rzeszowski (2008 r.), kurs kwalifikacyjny w zakresie: terapia pedagogiczna \u2013 PCEN Rzesz\u00f3w (2007 r.), Oddzia\u0142 w Kro\u015bnie, studia podyplomowe w zakresie: wychowanie prorodzinne \u2013 Wy\u017csza Szko\u0142a Pedagogiczna im. KEN (1999 r.), Kurs z zakresu gimnastyki korekcyjno \u2013 kompensacyjnej \u2013 Krak\u00f3w (1986 r.). Uko\u0144czy\u0142a ponad 50 kurs\u00f3w i warsztat\u00f3w metodycznych z zakresu edukacji wczesnoszkolnej (j\u0119zyk polski, matematyka, edukacja spo\u0142eczno-przyrodnicza, plastyka, informatyka, programowanie, zwi\u0105zane mi\u0119dzy innymi z wdra\u017caniem kolejnych reform w nauczaniu zintegrowanym).<\/p>\n<hr>\n<p>&nbsp;<\/p>\n","protected":false},"excerpt":{"rendered":"<p>Uko\u0144czy\u0142a studia magisterskie, w zakresie nauczanie pocz\u0105tkowe \u2013 Wy\u017csza Szko\u0142a Pedagogiczna w Rzeszowie (1997 r.), studia podyplomowe w zakresie: terapia pedagogiczna &#8211; Uniwersytet Rzeszowski (2008 r.), kurs kwalifikacyjny w zakresie: terapia pedagogiczna \u2013 PCEN Rzesz\u00f3w (2007 r.), Oddzia\u0142 w Kro\u015bnie, studia podyplomowe w zakresie: wychowanie prorodzinne \u2013 Wy\u017csza Szko\u0142a Pedagogiczna [\u2026] <\/p>\n<div class=\"clear\"><\/div>\n<p><a class=\"more_link clearfix\" href=\"https:\/\/pans.krosno.pl\/pracownicy\/lucyna-jankiewicz-sompel\/lucyna-jankiewicz-sompel-zyciorys-naukowy\/\" rel=\"nofollow\">Read More<\/a><\/p>\n","protected":false},"author":34,"featured_media":0,"parent":2922,"menu_order":0,"comment_status":"closed","ping_status":"closed","template":"","meta":{"ngg_post_thumbnail":0,"footnotes":""},"class_list":["post-2924","page","type-page","status-publish","hentry"],"yoast_head":"<!-- This site is optimized with the Yoast SEO Premium plugin v27.3 (Yoast SEO v27.3) - https:\/\/yoast.com\/product\/yoast-seo-premium-wordpress\/ -->\n<title>mgr Lucyna Jankiewicz-Sompel - \u017byciorys naukowy - Pracownicy PANS w Kro\u015bnie<\/title>\n<meta name=\"robots\" content=\"index, follow, max-snippet:-1, max-image-preview:large, max-video-preview:-1\" \/>\n<link rel=\"canonical\" href=\"https:\/\/pans.krosno.pl\/pracownicy\/lucyna-jankiewicz-sompel\/lucyna-jankiewicz-sompel-zyciorys-naukowy\/\" \/>\n<meta property=\"og:locale\" content=\"pl_PL\" \/>\n<meta property=\"og:type\" content=\"article\" \/>\n<meta property=\"og:title\" content=\"mgr Lucyna Jankiewicz-Sompel - \u017byciorys naukowy\" \/>\n<meta property=\"og:description\" content=\"Uko\u0144czy\u0142a studia magisterskie, w zakresie nauczanie pocz\u0105tkowe \u2013 Wy\u017csza Szko\u0142a Pedagogiczna w Rzeszowie (1997 r.), studia podyplomowe w zakresie: terapia pedagogiczna &#8211; Uniwersytet Rzeszowski (2008 r.), kurs kwalifikacyjny w zakresie: terapia pedagogiczna \u2013 PCEN Rzesz\u00f3w (2007 r.), Oddzia\u0142 w Kro\u015bnie, studia podyplomowe w zakresie: wychowanie prorodzinne \u2013 Wy\u017csza Szko\u0142a Pedagogiczna [\u2026] Read More\" \/>\n<meta property=\"og:url\" content=\"https:\/\/pans.krosno.pl\/pracownicy\/lucyna-jankiewicz-sompel\/lucyna-jankiewicz-sompel-zyciorys-naukowy\/\" \/>\n<meta property=\"og:site_name\" content=\"Pracownicy PANS w Kro\u015bnie\" \/>\n<meta property=\"article:modified_time\" content=\"2025-05-19T08:20:46+00:00\" \/>\n<meta name=\"twitter:card\" content=\"summary_large_image\" \/>\n<meta name=\"twitter:label1\" content=\"Szacowany czas czytania\" \/>\n\t<meta name=\"twitter:data1\" content=\"1 minuta\" \/>\n<script type=\"application\/ld+json\" class=\"yoast-schema-graph\">{\"@context\":\"https:\\\/\\\/schema.org\",\"@graph\":[{\"@type\":\"WebPage\",\"@id\":\"https:\\\/\\\/pans.krosno.pl\\\/pracownicy\\\/lucyna-jankiewicz-sompel\\\/lucyna-jankiewicz-sompel-zyciorys-naukowy\\\/\",\"url\":\"https:\\\/\\\/pans.krosno.pl\\\/pracownicy\\\/lucyna-jankiewicz-sompel\\\/lucyna-jankiewicz-sompel-zyciorys-naukowy\\\/\",\"name\":\"mgr Lucyna Jankiewicz-Sompel - \u017byciorys naukowy - Pracownicy PANS w Kro\u015bnie\",\"isPartOf\":{\"@id\":\"https:\\\/\\\/pans.krosno.pl\\\/pracownicy\\\/#website\"},\"datePublished\":\"2020-04-16T11:40:13+00:00\",\"dateModified\":\"2025-05-19T08:20:46+00:00\",\"breadcrumb\":{\"@id\":\"https:\\\/\\\/pans.krosno.pl\\\/pracownicy\\\/lucyna-jankiewicz-sompel\\\/lucyna-jankiewicz-sompel-zyciorys-naukowy\\\/#breadcrumb\"},\"inLanguage\":\"pl-PL\",\"potentialAction\":[{\"@type\":\"ReadAction\",\"target\":[\"https:\\\/\\\/pans.krosno.pl\\\/pracownicy\\\/lucyna-jankiewicz-sompel\\\/lucyna-jankiewicz-sompel-zyciorys-naukowy\\\/\"]}]},{\"@type\":\"BreadcrumbList\",\"@id\":\"https:\\\/\\\/pans.krosno.pl\\\/pracownicy\\\/lucyna-jankiewicz-sompel\\\/lucyna-jankiewicz-sompel-zyciorys-naukowy\\\/#breadcrumb\",\"itemListElement\":[{\"@type\":\"ListItem\",\"position\":1,\"name\":\"Strona g\u0142\u00f3wna\",\"item\":\"https:\\\/\\\/pans.krosno.pl\\\/pracownicy\\\/\"},{\"@type\":\"ListItem\",\"position\":2,\"name\":\"mgr Lucyna Jankiewicz-Sompel\",\"item\":\"https:\\\/\\\/pans.krosno.pl\\\/pracownicy\\\/lucyna-jankiewicz-sompel\\\/\"},{\"@type\":\"ListItem\",\"position\":3,\"name\":\"mgr Lucyna Jankiewicz-Sompel &#8211; \u017byciorys naukowy\"}]},{\"@type\":\"WebSite\",\"@id\":\"https:\\\/\\\/pans.krosno.pl\\\/pracownicy\\\/#website\",\"url\":\"https:\\\/\\\/pans.krosno.pl\\\/pracownicy\\\/\",\"name\":\"Pracownicy PANS w Kro\u015bnie\",\"description\":\"Pracownicy - Pa\u0144stwowa Akademia Nauk Stosowanych\",\"publisher\":{\"@id\":\"https:\\\/\\\/pans.krosno.pl\\\/pracownicy\\\/#organization\"},\"potentialAction\":[{\"@type\":\"SearchAction\",\"target\":{\"@type\":\"EntryPoint\",\"urlTemplate\":\"https:\\\/\\\/pans.krosno.pl\\\/pracownicy\\\/?s={search_term_string}\"},\"query-input\":{\"@type\":\"PropertyValueSpecification\",\"valueRequired\":true,\"valueName\":\"search_term_string\"}}],\"inLanguage\":\"pl-PL\"},{\"@type\":\"Organization\",\"@id\":\"https:\\\/\\\/pans.krosno.pl\\\/pracownicy\\\/#organization\",\"name\":\"Pracownicy PANS w Kro\u015bnie\",\"url\":\"https:\\\/\\\/pans.krosno.pl\\\/pracownicy\\\/\",\"logo\":{\"@type\":\"ImageObject\",\"inLanguage\":\"pl-PL\",\"@id\":\"https:\\\/\\\/pans.krosno.pl\\\/pracownicy\\\/#\\\/schema\\\/logo\\\/image\\\/\",\"url\":\"https:\\\/\\\/pans.krosno.pl\\\/pracownicy\\\/wp-content\\\/uploads\\\/sites\\\/41\\\/2023\\\/01\\\/Logo-PANS-2022-pelne.png\",\"contentUrl\":\"https:\\\/\\\/pans.krosno.pl\\\/pracownicy\\\/wp-content\\\/uploads\\\/sites\\\/41\\\/2023\\\/01\\\/Logo-PANS-2022-pelne.png\",\"width\":3096,\"height\":696,\"caption\":\"Pracownicy PANS w Kro\u015bnie\"},\"image\":{\"@id\":\"https:\\\/\\\/pans.krosno.pl\\\/pracownicy\\\/#\\\/schema\\\/logo\\\/image\\\/\"}}]}<\/script>\n<!-- \/ Yoast SEO Premium plugin. -->","yoast_head_json":{"title":"mgr Lucyna Jankiewicz-Sompel - \u017byciorys naukowy - Pracownicy PANS w Kro\u015bnie","robots":{"index":"index","follow":"follow","max-snippet":"max-snippet:-1","max-image-preview":"max-image-preview:large","max-video-preview":"max-video-preview:-1"},"canonical":"https:\/\/pans.krosno.pl\/pracownicy\/lucyna-jankiewicz-sompel\/lucyna-jankiewicz-sompel-zyciorys-naukowy\/","og_locale":"pl_PL","og_type":"article","og_title":"mgr Lucyna Jankiewicz-Sompel - \u017byciorys naukowy","og_description":"Uko\u0144czy\u0142a studia magisterskie, w zakresie nauczanie pocz\u0105tkowe \u2013 Wy\u017csza Szko\u0142a Pedagogiczna w Rzeszowie (1997 r.), studia podyplomowe w zakresie: terapia pedagogiczna &#8211; Uniwersytet Rzeszowski (2008 r.), kurs kwalifikacyjny w zakresie: terapia pedagogiczna \u2013 PCEN Rzesz\u00f3w (2007 r.), Oddzia\u0142 w Kro\u015bnie, studia podyplomowe w zakresie: wychowanie prorodzinne \u2013 Wy\u017csza Szko\u0142a Pedagogiczna [\u2026] Read More","og_url":"https:\/\/pans.krosno.pl\/pracownicy\/lucyna-jankiewicz-sompel\/lucyna-jankiewicz-sompel-zyciorys-naukowy\/","og_site_name":"Pracownicy PANS w Kro\u015bnie","article_modified_time":"2025-05-19T08:20:46+00:00","twitter_card":"summary_large_image","twitter_misc":{"Szacowany czas czytania":"1 minuta"},"schema":{"@context":"https:\/\/schema.org","@graph":[{"@type":"WebPage","@id":"https:\/\/pans.krosno.pl\/pracownicy\/lucyna-jankiewicz-sompel\/lucyna-jankiewicz-sompel-zyciorys-naukowy\/","url":"https:\/\/pans.krosno.pl\/pracownicy\/lucyna-jankiewicz-sompel\/lucyna-jankiewicz-sompel-zyciorys-naukowy\/","name":"mgr Lucyna Jankiewicz-Sompel - \u017byciorys naukowy - Pracownicy PANS w Kro\u015bnie","isPartOf":{"@id":"https:\/\/pans.krosno.pl\/pracownicy\/#website"},"datePublished":"2020-04-16T11:40:13+00:00","dateModified":"2025-05-19T08:20:46+00:00","breadcrumb":{"@id":"https:\/\/pans.krosno.pl\/pracownicy\/lucyna-jankiewicz-sompel\/lucyna-jankiewicz-sompel-zyciorys-naukowy\/#breadcrumb"},"inLanguage":"pl-PL","potentialAction":[{"@type":"ReadAction","target":["https:\/\/pans.krosno.pl\/pracownicy\/lucyna-jankiewicz-sompel\/lucyna-jankiewicz-sompel-zyciorys-naukowy\/"]}]},{"@type":"BreadcrumbList","@id":"https:\/\/pans.krosno.pl\/pracownicy\/lucyna-jankiewicz-sompel\/lucyna-jankiewicz-sompel-zyciorys-naukowy\/#breadcrumb","itemListElement":[{"@type":"ListItem","position":1,"name":"Strona g\u0142\u00f3wna","item":"https:\/\/pans.krosno.pl\/pracownicy\/"},{"@type":"ListItem","position":2,"name":"mgr Lucyna Jankiewicz-Sompel","item":"https:\/\/pans.krosno.pl\/pracownicy\/lucyna-jankiewicz-sompel\/"},{"@type":"ListItem","position":3,"name":"mgr Lucyna Jankiewicz-Sompel &#8211; \u017byciorys naukowy"}]},{"@type":"WebSite","@id":"https:\/\/pans.krosno.pl\/pracownicy\/#website","url":"https:\/\/pans.krosno.pl\/pracownicy\/","name":"Pracownicy PANS w Kro\u015bnie","description":"Pracownicy - Pa\u0144stwowa Akademia Nauk Stosowanych","publisher":{"@id":"https:\/\/pans.krosno.pl\/pracownicy\/#organization"},"potentialAction":[{"@type":"SearchAction","target":{"@type":"EntryPoint","urlTemplate":"https:\/\/pans.krosno.pl\/pracownicy\/?s={search_term_string}"},"query-input":{"@type":"PropertyValueSpecification","valueRequired":true,"valueName":"search_term_string"}}],"inLanguage":"pl-PL"},{"@type":"Organization","@id":"https:\/\/pans.krosno.pl\/pracownicy\/#organization","name":"Pracownicy PANS w Kro\u015bnie","url":"https:\/\/pans.krosno.pl\/pracownicy\/","logo":{"@type":"ImageObject","inLanguage":"pl-PL","@id":"https:\/\/pans.krosno.pl\/pracownicy\/#\/schema\/logo\/image\/","url":"https:\/\/pans.krosno.pl\/pracownicy\/wp-content\/uploads\/sites\/41\/2023\/01\/Logo-PANS-2022-pelne.png","contentUrl":"https:\/\/pans.krosno.pl\/pracownicy\/wp-content\/uploads\/sites\/41\/2023\/01\/Logo-PANS-2022-pelne.png","width":3096,"height":696,"caption":"Pracownicy PANS w Kro\u015bnie"},"image":{"@id":"https:\/\/pans.krosno.pl\/pracownicy\/#\/schema\/logo\/image\/"}}]}},"_links":{"self":[{"href":"https:\/\/pans.krosno.pl\/pracownicy\/wp-json\/wp\/v2\/pages\/2924","targetHints":{"allow":["GET"]}}],"collection":[{"href":"https:\/\/pans.krosno.pl\/pracownicy\/wp-json\/wp\/v2\/pages"}],"about":[{"href":"https:\/\/pans.krosno.pl\/pracownicy\/wp-json\/wp\/v2\/types\/page"}],"author":[{"embeddable":true,"href":"https:\/\/pans.krosno.pl\/pracownicy\/wp-json\/wp\/v2\/users\/34"}],"replies":[{"embeddable":true,"href":"https:\/\/pans.krosno.pl\/pracownicy\/wp-json\/wp\/v2\/comments?post=2924"}],"version-history":[{"count":3,"href":"https:\/\/pans.krosno.pl\/pracownicy\/wp-json\/wp\/v2\/pages\/2924\/revisions"}],"predecessor-version":[{"id":8626,"href":"https:\/\/pans.krosno.pl\/pracownicy\/wp-json\/wp\/v2\/pages\/2924\/revisions\/8626"}],"up":[{"embeddable":true,"href":"https:\/\/pans.krosno.pl\/pracownicy\/wp-json\/wp\/v2\/pages\/2922"}],"wp:attachment":[{"href":"https:\/\/pans.krosno.pl\/pracownicy\/wp-json\/wp\/v2\/media?parent=2924"}],"curies":[{"name":"wp","href":"https:\/\/api.w.org\/{rel}","templated":true}]}}