{"id":292,"date":"2020-03-26T17:00:02","date_gmt":"2020-03-26T16:00:02","guid":{"rendered":"https:\/\/pans.krosno.pl\/pracownicy\/?page_id=292"},"modified":"2025-05-15T14:46:22","modified_gmt":"2025-05-15T12:46:22","slug":"piotr-lopatkiewicz-najwazniejsze-publikacje","status":"publish","type":"page","link":"https:\/\/pans.krosno.pl\/pracownicy\/piotr-lopatkiewicz\/piotr-lopatkiewicz-najwazniejsze-publikacje\/","title":{"rendered":"dr hab. Piotr \u0141opatkiewicz, prof. KPU &#8211; Najwa\u017cniejsze publikacje"},"content":{"rendered":"<hr>\n<p>Jest autorem lub wsp\u00f3\u0142autorem 28 ksi\u0105\u017cek, ponad 150 artyku\u0142\u00f3w naukowych z zakresu historii sztuki, ochrony i konserwacji zabytk\u00f3w w tym tak\u017ce aspekt\u00f3w dziedzictwa kulturalnego w turystyce oraz redaktorem naukowym 5 tom\u00f3w materia\u0142\u00f3w po konferencyjnych. Organizator lub wsp\u00f3\u0142organizator 8 konferencji naukowych, uczestnik ponad 30 konferencji naukowych. Kierownik lub g\u0142\u00f3wny wykonawca 5 program\u00f3w naukowo-badawczych.&nbsp;<\/p>\n<p><strong>Wa\u017cniejsze monografie<\/strong><\/p>\n<ol>\n<li>P. \u0141opatkiewicz, T. \u0141opatkiewicz, Stanis\u0142awa Tomkowicza Inwentarz zabytk\u00f3w powiatu s\u0105deckiego. Z r\u0119kopis\u00f3w Autora wydali i w\u0142asnymi komentarzami opatrzyli Piotr i Tadeusz \u0141opatkiewiczowie, t. 1-2, Muzeum Narodowe w Krakowie, Krak\u00f3w 2007, ss. 804 [rec. prof. J. Gadomski, prof. P. Krasny];<\/li>\n<li>P. \u0141opatkiewicz, Malarstwo w Kro\u015bnie w pierwszej po\u0142owie XVI wieku, Muzeum Rzemios\u0142a w Kro\u015bnie, Krosno 2007, ss. 268 [rec. J. Gadomski, E. \u015anie\u017cy\u0144ska-Stolotowa,&nbsp; J. Harasimowicz];<\/li>\n<li>P. \u0141opatkiewicz, T. \u0141opatkiewicz, Stanis\u0142awa Tomkowicza Inwentarz zabytk\u00f3w powiatu limanowskiego. Z r\u0119kopis\u00f3w Autora wydali i w\u0142asnymi komentarzami opatrzyli Piotr i Tadeusz \u0141opatkiewiczowie, Muzeum Narodowe w Krakowie, Krak\u00f3w 2008, ss. 358[rec. Jerzy Gadomski];<\/li>\n<li>P. \u0141opatkiewicz, Drewniany ko\u015bci\u00f3\u0142 w Haczowie \u2013 Pomnik \u015awiatowego Dziedzictwa Kultury, wyd. Instytut Historii Sztuki Uniwersytetu Jagiello\u0144skiego, Krak\u00f3w 2015[rec. prof. Marek Walczak];<\/li>\n<li>P. \u0141opatkiewicz, T, \u0141opatkiewicz, Szkicownik Stanis\u0142awa Wyspia\u0144skiego z naukowo-artystycznej wycieczki S\u0105deckie, Gorlickie i Grybowskie z 1889 roku, {Szkicowniki uczni\u00f3w krakowskiej Szko\u0142y Sztuk Pi\u0119knych z naukowo-artystycznych wycieczek W\u0142adys\u0142awa \u0141uszczkiewicza (1888-1891)}, t. 2, z. 1, Muzeum Narodowe w Krakowie, Krak\u00f3w 2018, ss. 308 [rec. prof. Piotr Krasny];<\/li>\n<li>Arty\u015bci w\u0142oscy na ziemiach po\u0142udniowo-wschodniej Rzeczypospolitej w czasach nowo\u017cytnych. Praca zbiorowa pod red. Piotra \u0141opatkiewicza. Artisti italiani nelle Terre sud-est Della Rebubblica Polacca nell\u2019epoca moderna. Opera collectiva a cura di Piotr \u0141opatkiewicz, Rzesz\u00f3w-\u0141a\u0144cut 2016, ss. 368, indeksy, [rec. prof. dr hab. Piotr Krasny] ISBN 978-83-943684-8-7.<\/li>\n<\/ol>\n<p><strong>Najwa\u017cniejsze artyku\u0142y<\/strong><\/p>\n<ol>\n<li>P. \u0141opatkiewicz, T. \u0141opatkiewicz, Szkicowniki z wycieczek W\u0142adys\u0142awa \u0141uszczkiewicza z uczniami krakowskiej Szko\u0142y Sztuk Pi\u0119knych. Fakty znane i nieznane, \u201eSprawozdania z Czynno\u015bci i Posiedze\u0144 Polskiej Akademii Umiej\u0119tno\u015bci\u201d, t. 67, Krak\u00f3w 2005, s. 106-109;<\/li>\n<li>P. \u0141opatkiewicz, Drewniany krucyfiks z Kro\u015bcienka Wy\u017cnego ko\u0142o Krosna \u2013 prowincjonalny przyk\u0142ad kamiennej rze\u017aby Wita Stwosza, [w:] Wok\u00f3\u0142 Wita Stwosza. Materia\u0142y z mi\u0119dzynarodowej konferencji naukowej w Muzeum Narodowym w Krakowie, 19-22 maja 2005, {Studia i Materia\u0142y Muzeum Narodowego w Krakowie}, Krak\u00f3w 2006, s. 200-207;<\/li>\n<li>P. \u0141opatkiewicz, O znaczeniu r\u0119kopi\u015bmiennych inwentarzy Stanis\u0142awa Tomkowicza dla bada\u0144 nad gotyckim malarstwem tablicowym Ma\u0142opolski [w:] Artifex Doctus. Studia ofiarowane profesorowi Jerzemu Gadomskiemu w siedemdziesi\u0105t\u0105 rocznic\u0119 urodzin, t. 2, Krak\u00f3w 2007, s. 201-213;<\/li>\n<li>P. \u0141opatkiewicz, Systemy malarskie ko\u015bcio\u0142\u00f3w drewnianych w Ma\u0142opolsce po\u0142udniowo-wschodniej w p\u00f3\u017anym \u015bredniowieczu, [w:] P\u00f3\u017ane \u015bredniowiecze w Karpatach polskich, Krosno 2007, s. 353-382;<\/li>\n<li>P. \u0141opatkiewicz, Drewniany ko\u015bci\u00f3\u0142 \u015aw. Doroty w Trzcinicy jako przyk\u0142ad mo\u017cnow\u0142adczej fundacji okresu nowo\u017cytnego, [w:] Archeologia okresu nowo\u017cytnego w Karpatach polskich, Krosno 2008, s. 53-85;<\/li>\n<li>P. \u0141opatkiewicz, Dzia\u0142alno\u015b\u0107 artyst\u00f3w w\u0142oskich w Kro\u015bnie w XVII stuleciu, [w:] Arty\u015bci w\u0142oscy na ziemiach po\u0142udniowo-wschodniej Rzeczypospolitej w czasach nowo\u017cytnych. Praca zbiorowa pod red. Piotra \u0141opatkiewicza, Rzesz\u00f3w-\u0141a\u0144cut 2016, s. 255-274;<\/li>\n<li>P. \u0141opatkiewicz, Obraz Koronacji Marii w ko\u015bciele w Jasienicy Rosielnej \u2013 nieznane dzie\u0142o warsztatu Mistrza Tryptyku w Po\u0142omi, [w:] \u201eImagines pictae\u201d. Studia nad gotyckim malarstwem w Polsce, \u201eSocietas Vistulana\u201d, Krak\u00f3w 2016, s. 87-100;<\/li>\n<li>P. \u0141opatkiewicz, Hodegetrie Krakowskie okresu dojrza\u0142ego oko\u0142o 1450-1490. Cracovian Hodegetria of the Middle Period, ca 1450-1490, [w:] Hodegetrie Krakowskie 1450-1490, Krak\u00f3w 2017, s. 17-31;<\/li>\n<li>P. \u0141opatkiewicz, Problematyka fundatorska drewnianego ko\u015bcio\u0142a w Haczowie w kontek\u015bcie nowych ustale\u0144 chronologicznych, [w:] Materia\u0142y V Kongresu Mediewist\u00f3w Polskich, t. IV, pod red. A. Buki, K. Kollingera, Rzesz\u00f3w 2018, s. 351-369;<\/li>\n<li>P. \u0141opatkiewicz, Hodegetrie Krakowskie schy\u0142ku \u015bredniowiecza 1490-1550. Cracovian Hodegetria at the end of the Middle ages: 1490-1550, [w:] Hodegetrie Krakowskie 1490-1550, Krak\u00f3w 2018, s. 17-4;<\/li>\n<li>P. \u0141opatkiewicz, Cracovian Hodegetria 1400-1550. The Phenomenon of Repeatability of Iconographic Types in Late-Medieval Panel Painting, \u201eQuaestiones Medii Aevi Novae\u201d, vol. 23, Societas Vistulana \u2013 Instytut Historyczny UW, Warszawa 2018, s. 321-343.<\/li>\n<\/ol>\n<hr>\n<p>&nbsp;<\/p>\n","protected":false},"excerpt":{"rendered":"<p>Jest autorem lub wsp\u00f3\u0142autorem 28 ksi\u0105\u017cek, ponad 150 artyku\u0142\u00f3w naukowych z zakresu historii sztuki, ochrony i konserwacji zabytk\u00f3w w tym tak\u017ce aspekt\u00f3w dziedzictwa kulturalnego w turystyce oraz redaktorem naukowym 5 tom\u00f3w materia\u0142\u00f3w po konferencyjnych. Organizator lub wsp\u00f3\u0142organizator 8 konferencji naukowych, uczestnik ponad 30 konferencji naukowych. Kierownik lub g\u0142\u00f3wny wykonawca 5 [\u2026] <\/p>\n<div class=\"clear\"><\/div>\n<p><a class=\"more_link clearfix\" href=\"https:\/\/pans.krosno.pl\/pracownicy\/piotr-lopatkiewicz\/piotr-lopatkiewicz-najwazniejsze-publikacje\/\" rel=\"nofollow\">Read More<\/a><\/p>\n","protected":false},"author":36,"featured_media":0,"parent":283,"menu_order":0,"comment_status":"closed","ping_status":"closed","template":"","meta":{"ngg_post_thumbnail":0,"footnotes":""},"class_list":["post-292","page","type-page","status-publish","hentry"],"yoast_head":"<!-- This site is optimized with the Yoast SEO Premium plugin v27.3 (Yoast SEO v27.3) - https:\/\/yoast.com\/product\/yoast-seo-premium-wordpress\/ -->\n<title>dr hab. Piotr \u0141opatkiewicz, prof. KPU - Najwa\u017cniejsze publikacje - Pracownicy PANS w Kro\u015bnie<\/title>\n<meta name=\"robots\" content=\"index, follow, max-snippet:-1, max-image-preview:large, max-video-preview:-1\" \/>\n<link rel=\"canonical\" href=\"https:\/\/pans.krosno.pl\/pracownicy\/piotr-lopatkiewicz\/piotr-lopatkiewicz-najwazniejsze-publikacje\/\" \/>\n<meta property=\"og:locale\" content=\"pl_PL\" \/>\n<meta property=\"og:type\" content=\"article\" \/>\n<meta property=\"og:title\" content=\"dr hab. Piotr \u0141opatkiewicz, prof. KPU - Najwa\u017cniejsze publikacje\" \/>\n<meta property=\"og:description\" content=\"Jest autorem lub wsp\u00f3\u0142autorem 28 ksi\u0105\u017cek, ponad 150 artyku\u0142\u00f3w naukowych z zakresu historii sztuki, ochrony i konserwacji zabytk\u00f3w w tym tak\u017ce aspekt\u00f3w dziedzictwa kulturalnego w turystyce oraz redaktorem naukowym 5 tom\u00f3w materia\u0142\u00f3w po konferencyjnych. Organizator lub wsp\u00f3\u0142organizator 8 konferencji naukowych, uczestnik ponad 30 konferencji naukowych. Kierownik lub g\u0142\u00f3wny wykonawca 5 [\u2026] Read More\" \/>\n<meta property=\"og:url\" content=\"https:\/\/pans.krosno.pl\/pracownicy\/piotr-lopatkiewicz\/piotr-lopatkiewicz-najwazniejsze-publikacje\/\" \/>\n<meta property=\"og:site_name\" content=\"Pracownicy PANS w Kro\u015bnie\" \/>\n<meta property=\"article:modified_time\" content=\"2025-05-15T12:46:22+00:00\" \/>\n<meta name=\"twitter:card\" content=\"summary_large_image\" \/>\n<meta name=\"twitter:label1\" content=\"Szacowany czas czytania\" \/>\n\t<meta name=\"twitter:data1\" content=\"4 minuty\" \/>\n<script type=\"application\/ld+json\" class=\"yoast-schema-graph\">{\"@context\":\"https:\\\/\\\/schema.org\",\"@graph\":[{\"@type\":\"WebPage\",\"@id\":\"https:\\\/\\\/pans.krosno.pl\\\/pracownicy\\\/piotr-lopatkiewicz\\\/piotr-lopatkiewicz-najwazniejsze-publikacje\\\/\",\"url\":\"https:\\\/\\\/pans.krosno.pl\\\/pracownicy\\\/piotr-lopatkiewicz\\\/piotr-lopatkiewicz-najwazniejsze-publikacje\\\/\",\"name\":\"dr hab. Piotr \u0141opatkiewicz, prof. KPU - Najwa\u017cniejsze publikacje - Pracownicy PANS w Kro\u015bnie\",\"isPartOf\":{\"@id\":\"https:\\\/\\\/pans.krosno.pl\\\/pracownicy\\\/#website\"},\"datePublished\":\"2020-03-26T16:00:02+00:00\",\"dateModified\":\"2025-05-15T12:46:22+00:00\",\"breadcrumb\":{\"@id\":\"https:\\\/\\\/pans.krosno.pl\\\/pracownicy\\\/piotr-lopatkiewicz\\\/piotr-lopatkiewicz-najwazniejsze-publikacje\\\/#breadcrumb\"},\"inLanguage\":\"pl-PL\",\"potentialAction\":[{\"@type\":\"ReadAction\",\"target\":[\"https:\\\/\\\/pans.krosno.pl\\\/pracownicy\\\/piotr-lopatkiewicz\\\/piotr-lopatkiewicz-najwazniejsze-publikacje\\\/\"]}]},{\"@type\":\"BreadcrumbList\",\"@id\":\"https:\\\/\\\/pans.krosno.pl\\\/pracownicy\\\/piotr-lopatkiewicz\\\/piotr-lopatkiewicz-najwazniejsze-publikacje\\\/#breadcrumb\",\"itemListElement\":[{\"@type\":\"ListItem\",\"position\":1,\"name\":\"Strona g\u0142\u00f3wna\",\"item\":\"https:\\\/\\\/pans.krosno.pl\\\/pracownicy\\\/\"},{\"@type\":\"ListItem\",\"position\":2,\"name\":\"dr hab. Piotr \u0141opatkiewicz, prof. PANS\",\"item\":\"https:\\\/\\\/pans.krosno.pl\\\/pracownicy\\\/piotr-lopatkiewicz\\\/\"},{\"@type\":\"ListItem\",\"position\":3,\"name\":\"dr hab. Piotr \u0141opatkiewicz, prof. KPU &#8211; Najwa\u017cniejsze publikacje\"}]},{\"@type\":\"WebSite\",\"@id\":\"https:\\\/\\\/pans.krosno.pl\\\/pracownicy\\\/#website\",\"url\":\"https:\\\/\\\/pans.krosno.pl\\\/pracownicy\\\/\",\"name\":\"Pracownicy PANS w Kro\u015bnie\",\"description\":\"Pracownicy - Pa\u0144stwowa Akademia Nauk Stosowanych\",\"publisher\":{\"@id\":\"https:\\\/\\\/pans.krosno.pl\\\/pracownicy\\\/#organization\"},\"potentialAction\":[{\"@type\":\"SearchAction\",\"target\":{\"@type\":\"EntryPoint\",\"urlTemplate\":\"https:\\\/\\\/pans.krosno.pl\\\/pracownicy\\\/?s={search_term_string}\"},\"query-input\":{\"@type\":\"PropertyValueSpecification\",\"valueRequired\":true,\"valueName\":\"search_term_string\"}}],\"inLanguage\":\"pl-PL\"},{\"@type\":\"Organization\",\"@id\":\"https:\\\/\\\/pans.krosno.pl\\\/pracownicy\\\/#organization\",\"name\":\"Pracownicy PANS w Kro\u015bnie\",\"url\":\"https:\\\/\\\/pans.krosno.pl\\\/pracownicy\\\/\",\"logo\":{\"@type\":\"ImageObject\",\"inLanguage\":\"pl-PL\",\"@id\":\"https:\\\/\\\/pans.krosno.pl\\\/pracownicy\\\/#\\\/schema\\\/logo\\\/image\\\/\",\"url\":\"https:\\\/\\\/pans.krosno.pl\\\/pracownicy\\\/wp-content\\\/uploads\\\/sites\\\/41\\\/2023\\\/01\\\/Logo-PANS-2022-pelne.png\",\"contentUrl\":\"https:\\\/\\\/pans.krosno.pl\\\/pracownicy\\\/wp-content\\\/uploads\\\/sites\\\/41\\\/2023\\\/01\\\/Logo-PANS-2022-pelne.png\",\"width\":3096,\"height\":696,\"caption\":\"Pracownicy PANS w Kro\u015bnie\"},\"image\":{\"@id\":\"https:\\\/\\\/pans.krosno.pl\\\/pracownicy\\\/#\\\/schema\\\/logo\\\/image\\\/\"}}]}<\/script>\n<!-- \/ Yoast SEO Premium plugin. -->","yoast_head_json":{"title":"dr hab. Piotr \u0141opatkiewicz, prof. KPU - Najwa\u017cniejsze publikacje - Pracownicy PANS w Kro\u015bnie","robots":{"index":"index","follow":"follow","max-snippet":"max-snippet:-1","max-image-preview":"max-image-preview:large","max-video-preview":"max-video-preview:-1"},"canonical":"https:\/\/pans.krosno.pl\/pracownicy\/piotr-lopatkiewicz\/piotr-lopatkiewicz-najwazniejsze-publikacje\/","og_locale":"pl_PL","og_type":"article","og_title":"dr hab. Piotr \u0141opatkiewicz, prof. KPU - Najwa\u017cniejsze publikacje","og_description":"Jest autorem lub wsp\u00f3\u0142autorem 28 ksi\u0105\u017cek, ponad 150 artyku\u0142\u00f3w naukowych z zakresu historii sztuki, ochrony i konserwacji zabytk\u00f3w w tym tak\u017ce aspekt\u00f3w dziedzictwa kulturalnego w turystyce oraz redaktorem naukowym 5 tom\u00f3w materia\u0142\u00f3w po konferencyjnych. Organizator lub wsp\u00f3\u0142organizator 8 konferencji naukowych, uczestnik ponad 30 konferencji naukowych. Kierownik lub g\u0142\u00f3wny wykonawca 5 [\u2026] Read More","og_url":"https:\/\/pans.krosno.pl\/pracownicy\/piotr-lopatkiewicz\/piotr-lopatkiewicz-najwazniejsze-publikacje\/","og_site_name":"Pracownicy PANS w Kro\u015bnie","article_modified_time":"2025-05-15T12:46:22+00:00","twitter_card":"summary_large_image","twitter_misc":{"Szacowany czas czytania":"4 minuty"},"schema":{"@context":"https:\/\/schema.org","@graph":[{"@type":"WebPage","@id":"https:\/\/pans.krosno.pl\/pracownicy\/piotr-lopatkiewicz\/piotr-lopatkiewicz-najwazniejsze-publikacje\/","url":"https:\/\/pans.krosno.pl\/pracownicy\/piotr-lopatkiewicz\/piotr-lopatkiewicz-najwazniejsze-publikacje\/","name":"dr hab. Piotr \u0141opatkiewicz, prof. KPU - Najwa\u017cniejsze publikacje - Pracownicy PANS w Kro\u015bnie","isPartOf":{"@id":"https:\/\/pans.krosno.pl\/pracownicy\/#website"},"datePublished":"2020-03-26T16:00:02+00:00","dateModified":"2025-05-15T12:46:22+00:00","breadcrumb":{"@id":"https:\/\/pans.krosno.pl\/pracownicy\/piotr-lopatkiewicz\/piotr-lopatkiewicz-najwazniejsze-publikacje\/#breadcrumb"},"inLanguage":"pl-PL","potentialAction":[{"@type":"ReadAction","target":["https:\/\/pans.krosno.pl\/pracownicy\/piotr-lopatkiewicz\/piotr-lopatkiewicz-najwazniejsze-publikacje\/"]}]},{"@type":"BreadcrumbList","@id":"https:\/\/pans.krosno.pl\/pracownicy\/piotr-lopatkiewicz\/piotr-lopatkiewicz-najwazniejsze-publikacje\/#breadcrumb","itemListElement":[{"@type":"ListItem","position":1,"name":"Strona g\u0142\u00f3wna","item":"https:\/\/pans.krosno.pl\/pracownicy\/"},{"@type":"ListItem","position":2,"name":"dr hab. Piotr \u0141opatkiewicz, prof. PANS","item":"https:\/\/pans.krosno.pl\/pracownicy\/piotr-lopatkiewicz\/"},{"@type":"ListItem","position":3,"name":"dr hab. Piotr \u0141opatkiewicz, prof. KPU &#8211; Najwa\u017cniejsze publikacje"}]},{"@type":"WebSite","@id":"https:\/\/pans.krosno.pl\/pracownicy\/#website","url":"https:\/\/pans.krosno.pl\/pracownicy\/","name":"Pracownicy PANS w Kro\u015bnie","description":"Pracownicy - Pa\u0144stwowa Akademia Nauk Stosowanych","publisher":{"@id":"https:\/\/pans.krosno.pl\/pracownicy\/#organization"},"potentialAction":[{"@type":"SearchAction","target":{"@type":"EntryPoint","urlTemplate":"https:\/\/pans.krosno.pl\/pracownicy\/?s={search_term_string}"},"query-input":{"@type":"PropertyValueSpecification","valueRequired":true,"valueName":"search_term_string"}}],"inLanguage":"pl-PL"},{"@type":"Organization","@id":"https:\/\/pans.krosno.pl\/pracownicy\/#organization","name":"Pracownicy PANS w Kro\u015bnie","url":"https:\/\/pans.krosno.pl\/pracownicy\/","logo":{"@type":"ImageObject","inLanguage":"pl-PL","@id":"https:\/\/pans.krosno.pl\/pracownicy\/#\/schema\/logo\/image\/","url":"https:\/\/pans.krosno.pl\/pracownicy\/wp-content\/uploads\/sites\/41\/2023\/01\/Logo-PANS-2022-pelne.png","contentUrl":"https:\/\/pans.krosno.pl\/pracownicy\/wp-content\/uploads\/sites\/41\/2023\/01\/Logo-PANS-2022-pelne.png","width":3096,"height":696,"caption":"Pracownicy PANS w Kro\u015bnie"},"image":{"@id":"https:\/\/pans.krosno.pl\/pracownicy\/#\/schema\/logo\/image\/"}}]}},"_links":{"self":[{"href":"https:\/\/pans.krosno.pl\/pracownicy\/wp-json\/wp\/v2\/pages\/292","targetHints":{"allow":["GET"]}}],"collection":[{"href":"https:\/\/pans.krosno.pl\/pracownicy\/wp-json\/wp\/v2\/pages"}],"about":[{"href":"https:\/\/pans.krosno.pl\/pracownicy\/wp-json\/wp\/v2\/types\/page"}],"author":[{"embeddable":true,"href":"https:\/\/pans.krosno.pl\/pracownicy\/wp-json\/wp\/v2\/users\/36"}],"replies":[{"embeddable":true,"href":"https:\/\/pans.krosno.pl\/pracownicy\/wp-json\/wp\/v2\/comments?post=292"}],"version-history":[{"count":7,"href":"https:\/\/pans.krosno.pl\/pracownicy\/wp-json\/wp\/v2\/pages\/292\/revisions"}],"predecessor-version":[{"id":8184,"href":"https:\/\/pans.krosno.pl\/pracownicy\/wp-json\/wp\/v2\/pages\/292\/revisions\/8184"}],"up":[{"embeddable":true,"href":"https:\/\/pans.krosno.pl\/pracownicy\/wp-json\/wp\/v2\/pages\/283"}],"wp:attachment":[{"href":"https:\/\/pans.krosno.pl\/pracownicy\/wp-json\/wp\/v2\/media?parent=292"}],"curies":[{"name":"wp","href":"https:\/\/api.w.org\/{rel}","templated":true}]}}