{"id":2862,"date":"2020-04-16T11:41:48","date_gmt":"2020-04-16T09:41:48","guid":{"rendered":"https:\/\/pans.krosno.pl\/pracownicy\/?page_id=2862"},"modified":"2025-05-16T11:36:27","modified_gmt":"2025-05-16T09:36:27","slug":"rafal-polak-najwazniejsze-publikacje","status":"publish","type":"page","link":"https:\/\/pans.krosno.pl\/pracownicy\/rafal-polak\/rafal-polak-najwazniejsze-publikacje\/","title":{"rendered":"dr Rafa\u0142 Polak &#8211; Najwa\u017cniejsze publikacje"},"content":{"rendered":"<hr>\n<p><strong>Autorskie ksi\u0105\u017cki naukowe<\/strong><\/p>\n<ol>\n<li>Demokracja lokalna. Mi\u0119dzy pras\u0105 a w\u0142adz\u0105, Wyd. BBCansult, Rzesz\u00f3w 2009, s. 302;<\/li>\n<\/ol>\n<p><strong>Ksi\u0105\u017cki naukowe we wsp\u00f3\u0142autorstwie<\/strong><\/p>\n<ol>\n<li>Public relations i polityka informacyjna w samorz\u0105dzie terytorialnym, Wyd. Uniwersytetu Rzeszowskiego, Rzesz\u00f3w 2015, s. 124, wsp\u00f3\u0142autorzy: P. Kuca, Z. Chmielewski;<\/li>\n<li>Dziennikarstwo i komunikacja spo\u0142eczna \u2013 nowe wyzwania. Kierunki zmian w kszta\u0142ceniu w zakresie dziennikarstwa i komunikacji spo\u0142ecznej, Wyd. Konsorcjum Akademickie, Krak\u00f3w-Rzesz\u00f3w-Zamo\u015b\u0107 2010, s. 332, wsp\u00f3\u0142autor S. Gawro\u0144ski;<\/li>\n<li>Narz\u0119dzia wsp\u00f3\u0142czesnej reklamy. Stosowanie i zapotrzebowanie, Wyd. Konsorcjum Akademickie, Krak\u00f3w-Rzesz\u00f3w-Zamo\u015b\u0107 2010, s. 280, wsp\u00f3\u0142autorzy: S. Gawro\u0144ski, I. Leonowicz-Buka\u0142a;<\/li>\n<\/ol>\n<p><strong>Ksi\u0105\u017cki naukowe pod redakcj\u0105<\/strong><\/p>\n<ol>\n<li>Oblicza komunikowania wizualnego, wyd. Konsorcjum Akademickie, Krak\u00f3w-Rzesz\u00f3w-Zamo\u015b\u0107 2011, s. 384;<\/li>\n<li>Dziennikarskie perspektywy specjalizacji, wyd. Konsorcjum Akademickie, Krak\u00f3w-Rzesz\u00f3w-Zamo\u015b\u0107 2010, s. 328;<\/li>\n<li>Konteksty dziennikarstwa, wyd. Konsorcjum Akademickie, Krak\u00f3w-Rzesz\u00f3w-Zamo\u015b\u0107 2010, s. 332;<\/li>\n<li>Media lokalne a demokracja lokalna, wyd. Wy\u017cszej Szko\u0142y Informatyki i Zarz\u0105dzania w Rzeszowie, Rzesz\u00f3w 2005, s. 164, wsp\u00f3\u0142redaktor Jerzy Ch\u0142opecki;<\/li>\n<\/ol>\n<p><strong>Podr\u0119czniki<\/strong><\/p>\n<ol>\n<li>Czwarta w\u0142adza z klas\u0105. Szkolny koncern medialny. Podr\u0119cznik dla uczni\u00f3w, wyd. Kana, Krak\u00f3w-Rzesz\u00f3w-Gliwice 2009, s. 235, wsp\u00f3\u0142autorzy: I. Leonowicz-Buka\u0142a, A. Motyl, R. M\u0142ynarz, S. Gawro\u0144ski, P. Szczeszek;<\/li>\n<li>Czwarta w\u0142adza z klas\u0105. Szkolny koncern medialny. Podr\u0119cznik dla nauczycieli, wyd. Kana, Krak\u00f3w-Rzesz\u00f3w-Gliwice 2009, s. 168, wsp\u00f3\u0142autorzy: A. Motyl, R. M\u0142ynarz, S. Gawro\u0144ski.<\/li>\n<\/ol>\n<p><strong>Raporty z bada\u0144<\/strong><\/p>\n<ol>\n<li>Raport z prac badawczych zespo\u0142u zadaniowego nr III zrealizowanych na potrzeby projektu \u201eLegalno\u015b\u0107, sprawno\u015b\u0107 i dobra praktyka administracyjna warunkiem dobrego rz\u0105dzenia\u201d, Wy\u017csza Szko\u0142a Prawa i Administracji, Rzesz\u00f3w-Przemy\u015bl 2014, wsp\u00f3\u0142autorzy: A. Barszcz-Chodkowska, A. Je\u017c, M. Kobak, T. Kubas-Hul, A. Szyde\u0142ko, Rzesz\u00f3w-Przemy\u015bl 2014;<\/li>\n<li>Raport z bada\u0144 spo\u0142ecznych zrealizowanych na potrzeby projektu \u201eLegalno\u015b\u0107, sprawno\u015b\u0107 i dobra praktyka administracyjna warunkiem dobrego rz\u0105dzenia\u201d, Wy\u017csza Szko\u0142a Prawa i Administracji, Rzesz\u00f3w-Przemy\u015bl 2014, wsp\u00f3\u0142autorzy: A. Barszcz-Chodkowska, A. Je\u017c, M. Kobak, T. Kubas-Hul T., A. Szyde\u0142ko, Rzesz\u00f3w-Przemy\u015bl 2013;<\/li>\n<li>Raport z analizy dokument\u00f3w obligatoryjnych oraz dokument\u00f3w nieobligatoryjnych stosowanych w gminie (dla gmin: Bircza, Ch\u0142opice, Jaros\u0142aw, Ka\u0144czuga, Medyka, Laszki, Paw\u0142osi\u00f3w, Pruchnik, Rokietnica, Wi\u0105zownica, Zarzecze, \u017burawica) przygotowany na potrzeby projektu \u201eLegalno\u015b\u0107, sprawno\u015b\u0107 i dobra praktyka administracyjna warunkiem dobrego rz\u0105dzenia\u201d, Wy\u017csza Szko\u0142a Prawa i Administracji, Rzesz\u00f3w-Przemy\u015bl 2014, wsp\u00f3\u0142autorzy: A. Barszcz-Chodkowska, A. Je\u017c, M. Kobak, T. Kubas-Hul T., A. Szyde\u0142ko, Rzesz\u00f3w-Przemy\u015bl 2012;<\/li>\n<li>Kszta\u0142cenie dziennikarzy w Polsce. Opinie i oczekiwania student\u00f3w, (wsp\u00f3\u0142autorstwo). wyd. WSIiZ, Rzesz\u00f3w 2009, s. 184, wsp\u00f3\u0142autorzy: S. Gawro\u0144ski, I. Leonowicz-Buka\u0142a, O. Kurek;<\/li>\n<li>Kszta\u0142cenie dziennikarzy w Polsce. Opinie i oczekiwania \u015brodowiska naukowo-dydaktycznego, s. 152, wyd. WSIiZ, Rzesz\u00f3w 2009, wsp\u00f3\u0142autorzy: S. Gawro\u0144ski, I. Leonowicz-Buka\u0142a, O. Kurek.<\/li>\n<\/ol>\n<hr>\n<p>&nbsp;<\/p>\n","protected":false},"excerpt":{"rendered":"<p>Autorskie ksi\u0105\u017cki naukowe Demokracja lokalna. Mi\u0119dzy pras\u0105 a w\u0142adz\u0105, Wyd. BBCansult, Rzesz\u00f3w 2009, s. 302; Ksi\u0105\u017cki naukowe we wsp\u00f3\u0142autorstwie Public relations i polityka informacyjna w samorz\u0105dzie terytorialnym, Wyd. Uniwersytetu Rzeszowskiego, Rzesz\u00f3w 2015, s. 124, wsp\u00f3\u0142autorzy: P. Kuca, Z. Chmielewski; Dziennikarstwo i komunikacja spo\u0142eczna \u2013 nowe wyzwania. Kierunki zmian w kszta\u0142ceniu [\u2026] <\/p>\n<div class=\"clear\"><\/div>\n<p><a class=\"more_link clearfix\" href=\"https:\/\/pans.krosno.pl\/pracownicy\/rafal-polak\/rafal-polak-najwazniejsze-publikacje\/\" rel=\"nofollow\">Read More<\/a><\/p>\n","protected":false},"author":36,"featured_media":0,"parent":2851,"menu_order":0,"comment_status":"closed","ping_status":"closed","template":"","meta":{"ngg_post_thumbnail":0,"footnotes":""},"class_list":["post-2862","page","type-page","status-publish","hentry"],"yoast_head":"<!-- This site is optimized with the Yoast SEO Premium plugin v27.4 (Yoast SEO v27.4) - https:\/\/yoast.com\/product\/yoast-seo-premium-wordpress\/ -->\n<title>dr Rafa\u0142 Polak - Najwa\u017cniejsze publikacje - Pracownicy PANS w Kro\u015bnie<\/title>\n<meta name=\"robots\" content=\"index, follow, max-snippet:-1, max-image-preview:large, max-video-preview:-1\" \/>\n<link rel=\"canonical\" href=\"https:\/\/pans.krosno.pl\/pracownicy\/rafal-polak\/rafal-polak-najwazniejsze-publikacje\/\" \/>\n<meta property=\"og:locale\" content=\"pl_PL\" \/>\n<meta property=\"og:type\" content=\"article\" \/>\n<meta property=\"og:title\" content=\"dr Rafa\u0142 Polak - Najwa\u017cniejsze publikacje\" \/>\n<meta property=\"og:description\" content=\"Autorskie ksi\u0105\u017cki naukowe Demokracja lokalna. Mi\u0119dzy pras\u0105 a w\u0142adz\u0105, Wyd. BBCansult, Rzesz\u00f3w 2009, s. 302; Ksi\u0105\u017cki naukowe we wsp\u00f3\u0142autorstwie Public relations i polityka informacyjna w samorz\u0105dzie terytorialnym, Wyd. Uniwersytetu Rzeszowskiego, Rzesz\u00f3w 2015, s. 124, wsp\u00f3\u0142autorzy: P. Kuca, Z. Chmielewski; Dziennikarstwo i komunikacja spo\u0142eczna \u2013 nowe wyzwania. Kierunki zmian w kszta\u0142ceniu [\u2026] Read More\" \/>\n<meta property=\"og:url\" content=\"https:\/\/pans.krosno.pl\/pracownicy\/rafal-polak\/rafal-polak-najwazniejsze-publikacje\/\" \/>\n<meta property=\"og:site_name\" content=\"Pracownicy PANS w Kro\u015bnie\" \/>\n<meta property=\"article:modified_time\" content=\"2025-05-16T09:36:27+00:00\" \/>\n<meta name=\"twitter:card\" content=\"summary_large_image\" \/>\n<meta name=\"twitter:label1\" content=\"Szacowany czas czytania\" \/>\n\t<meta name=\"twitter:data1\" content=\"3 minuty\" \/>\n<script type=\"application\/ld+json\" class=\"yoast-schema-graph\">{\"@context\":\"https:\\\/\\\/schema.org\",\"@graph\":[{\"@type\":\"WebPage\",\"@id\":\"https:\\\/\\\/pans.krosno.pl\\\/pracownicy\\\/rafal-polak\\\/rafal-polak-najwazniejsze-publikacje\\\/\",\"url\":\"https:\\\/\\\/pans.krosno.pl\\\/pracownicy\\\/rafal-polak\\\/rafal-polak-najwazniejsze-publikacje\\\/\",\"name\":\"dr Rafa\u0142 Polak - Najwa\u017cniejsze publikacje - Pracownicy PANS w Kro\u015bnie\",\"isPartOf\":{\"@id\":\"https:\\\/\\\/pans.krosno.pl\\\/pracownicy\\\/#website\"},\"datePublished\":\"2020-04-16T09:41:48+00:00\",\"dateModified\":\"2025-05-16T09:36:27+00:00\",\"breadcrumb\":{\"@id\":\"https:\\\/\\\/pans.krosno.pl\\\/pracownicy\\\/rafal-polak\\\/rafal-polak-najwazniejsze-publikacje\\\/#breadcrumb\"},\"inLanguage\":\"pl-PL\",\"potentialAction\":[{\"@type\":\"ReadAction\",\"target\":[\"https:\\\/\\\/pans.krosno.pl\\\/pracownicy\\\/rafal-polak\\\/rafal-polak-najwazniejsze-publikacje\\\/\"]}]},{\"@type\":\"BreadcrumbList\",\"@id\":\"https:\\\/\\\/pans.krosno.pl\\\/pracownicy\\\/rafal-polak\\\/rafal-polak-najwazniejsze-publikacje\\\/#breadcrumb\",\"itemListElement\":[{\"@type\":\"ListItem\",\"position\":1,\"name\":\"Strona g\u0142\u00f3wna\",\"item\":\"https:\\\/\\\/pans.krosno.pl\\\/pracownicy\\\/\"},{\"@type\":\"ListItem\",\"position\":2,\"name\":\"dr Rafa\u0142 Polak\",\"item\":\"https:\\\/\\\/pans.krosno.pl\\\/pracownicy\\\/rafal-polak\\\/\"},{\"@type\":\"ListItem\",\"position\":3,\"name\":\"dr Rafa\u0142 Polak &#8211; Najwa\u017cniejsze publikacje\"}]},{\"@type\":\"WebSite\",\"@id\":\"https:\\\/\\\/pans.krosno.pl\\\/pracownicy\\\/#website\",\"url\":\"https:\\\/\\\/pans.krosno.pl\\\/pracownicy\\\/\",\"name\":\"Pracownicy PANS w Kro\u015bnie\",\"description\":\"Pracownicy - Pa\u0144stwowa Akademia Nauk Stosowanych\",\"publisher\":{\"@id\":\"https:\\\/\\\/pans.krosno.pl\\\/pracownicy\\\/#organization\"},\"potentialAction\":[{\"@type\":\"SearchAction\",\"target\":{\"@type\":\"EntryPoint\",\"urlTemplate\":\"https:\\\/\\\/pans.krosno.pl\\\/pracownicy\\\/?s={search_term_string}\"},\"query-input\":{\"@type\":\"PropertyValueSpecification\",\"valueRequired\":true,\"valueName\":\"search_term_string\"}}],\"inLanguage\":\"pl-PL\"},{\"@type\":\"Organization\",\"@id\":\"https:\\\/\\\/pans.krosno.pl\\\/pracownicy\\\/#organization\",\"name\":\"Pracownicy PANS w Kro\u015bnie\",\"url\":\"https:\\\/\\\/pans.krosno.pl\\\/pracownicy\\\/\",\"logo\":{\"@type\":\"ImageObject\",\"inLanguage\":\"pl-PL\",\"@id\":\"https:\\\/\\\/pans.krosno.pl\\\/pracownicy\\\/#\\\/schema\\\/logo\\\/image\\\/\",\"url\":\"https:\\\/\\\/pans.krosno.pl\\\/pracownicy\\\/wp-content\\\/uploads\\\/sites\\\/41\\\/2023\\\/01\\\/Logo-PANS-2022-pelne.png\",\"contentUrl\":\"https:\\\/\\\/pans.krosno.pl\\\/pracownicy\\\/wp-content\\\/uploads\\\/sites\\\/41\\\/2023\\\/01\\\/Logo-PANS-2022-pelne.png\",\"width\":3096,\"height\":696,\"caption\":\"Pracownicy PANS w Kro\u015bnie\"},\"image\":{\"@id\":\"https:\\\/\\\/pans.krosno.pl\\\/pracownicy\\\/#\\\/schema\\\/logo\\\/image\\\/\"}}]}<\/script>\n<!-- \/ Yoast SEO Premium plugin. -->","yoast_head_json":{"title":"dr Rafa\u0142 Polak - Najwa\u017cniejsze publikacje - Pracownicy PANS w Kro\u015bnie","robots":{"index":"index","follow":"follow","max-snippet":"max-snippet:-1","max-image-preview":"max-image-preview:large","max-video-preview":"max-video-preview:-1"},"canonical":"https:\/\/pans.krosno.pl\/pracownicy\/rafal-polak\/rafal-polak-najwazniejsze-publikacje\/","og_locale":"pl_PL","og_type":"article","og_title":"dr Rafa\u0142 Polak - Najwa\u017cniejsze publikacje","og_description":"Autorskie ksi\u0105\u017cki naukowe Demokracja lokalna. Mi\u0119dzy pras\u0105 a w\u0142adz\u0105, Wyd. BBCansult, Rzesz\u00f3w 2009, s. 302; Ksi\u0105\u017cki naukowe we wsp\u00f3\u0142autorstwie Public relations i polityka informacyjna w samorz\u0105dzie terytorialnym, Wyd. Uniwersytetu Rzeszowskiego, Rzesz\u00f3w 2015, s. 124, wsp\u00f3\u0142autorzy: P. Kuca, Z. Chmielewski; Dziennikarstwo i komunikacja spo\u0142eczna \u2013 nowe wyzwania. Kierunki zmian w kszta\u0142ceniu [\u2026] Read More","og_url":"https:\/\/pans.krosno.pl\/pracownicy\/rafal-polak\/rafal-polak-najwazniejsze-publikacje\/","og_site_name":"Pracownicy PANS w Kro\u015bnie","article_modified_time":"2025-05-16T09:36:27+00:00","twitter_card":"summary_large_image","twitter_misc":{"Szacowany czas czytania":"3 minuty"},"schema":{"@context":"https:\/\/schema.org","@graph":[{"@type":"WebPage","@id":"https:\/\/pans.krosno.pl\/pracownicy\/rafal-polak\/rafal-polak-najwazniejsze-publikacje\/","url":"https:\/\/pans.krosno.pl\/pracownicy\/rafal-polak\/rafal-polak-najwazniejsze-publikacje\/","name":"dr Rafa\u0142 Polak - Najwa\u017cniejsze publikacje - Pracownicy PANS w Kro\u015bnie","isPartOf":{"@id":"https:\/\/pans.krosno.pl\/pracownicy\/#website"},"datePublished":"2020-04-16T09:41:48+00:00","dateModified":"2025-05-16T09:36:27+00:00","breadcrumb":{"@id":"https:\/\/pans.krosno.pl\/pracownicy\/rafal-polak\/rafal-polak-najwazniejsze-publikacje\/#breadcrumb"},"inLanguage":"pl-PL","potentialAction":[{"@type":"ReadAction","target":["https:\/\/pans.krosno.pl\/pracownicy\/rafal-polak\/rafal-polak-najwazniejsze-publikacje\/"]}]},{"@type":"BreadcrumbList","@id":"https:\/\/pans.krosno.pl\/pracownicy\/rafal-polak\/rafal-polak-najwazniejsze-publikacje\/#breadcrumb","itemListElement":[{"@type":"ListItem","position":1,"name":"Strona g\u0142\u00f3wna","item":"https:\/\/pans.krosno.pl\/pracownicy\/"},{"@type":"ListItem","position":2,"name":"dr Rafa\u0142 Polak","item":"https:\/\/pans.krosno.pl\/pracownicy\/rafal-polak\/"},{"@type":"ListItem","position":3,"name":"dr Rafa\u0142 Polak &#8211; Najwa\u017cniejsze publikacje"}]},{"@type":"WebSite","@id":"https:\/\/pans.krosno.pl\/pracownicy\/#website","url":"https:\/\/pans.krosno.pl\/pracownicy\/","name":"Pracownicy PANS w Kro\u015bnie","description":"Pracownicy - Pa\u0144stwowa Akademia Nauk Stosowanych","publisher":{"@id":"https:\/\/pans.krosno.pl\/pracownicy\/#organization"},"potentialAction":[{"@type":"SearchAction","target":{"@type":"EntryPoint","urlTemplate":"https:\/\/pans.krosno.pl\/pracownicy\/?s={search_term_string}"},"query-input":{"@type":"PropertyValueSpecification","valueRequired":true,"valueName":"search_term_string"}}],"inLanguage":"pl-PL"},{"@type":"Organization","@id":"https:\/\/pans.krosno.pl\/pracownicy\/#organization","name":"Pracownicy PANS w Kro\u015bnie","url":"https:\/\/pans.krosno.pl\/pracownicy\/","logo":{"@type":"ImageObject","inLanguage":"pl-PL","@id":"https:\/\/pans.krosno.pl\/pracownicy\/#\/schema\/logo\/image\/","url":"https:\/\/pans.krosno.pl\/pracownicy\/wp-content\/uploads\/sites\/41\/2023\/01\/Logo-PANS-2022-pelne.png","contentUrl":"https:\/\/pans.krosno.pl\/pracownicy\/wp-content\/uploads\/sites\/41\/2023\/01\/Logo-PANS-2022-pelne.png","width":3096,"height":696,"caption":"Pracownicy PANS w Kro\u015bnie"},"image":{"@id":"https:\/\/pans.krosno.pl\/pracownicy\/#\/schema\/logo\/image\/"}}]}},"_links":{"self":[{"href":"https:\/\/pans.krosno.pl\/pracownicy\/wp-json\/wp\/v2\/pages\/2862","targetHints":{"allow":["GET"]}}],"collection":[{"href":"https:\/\/pans.krosno.pl\/pracownicy\/wp-json\/wp\/v2\/pages"}],"about":[{"href":"https:\/\/pans.krosno.pl\/pracownicy\/wp-json\/wp\/v2\/types\/page"}],"author":[{"embeddable":true,"href":"https:\/\/pans.krosno.pl\/pracownicy\/wp-json\/wp\/v2\/users\/36"}],"replies":[{"embeddable":true,"href":"https:\/\/pans.krosno.pl\/pracownicy\/wp-json\/wp\/v2\/comments?post=2862"}],"version-history":[{"count":4,"href":"https:\/\/pans.krosno.pl\/pracownicy\/wp-json\/wp\/v2\/pages\/2862\/revisions"}],"predecessor-version":[{"id":8213,"href":"https:\/\/pans.krosno.pl\/pracownicy\/wp-json\/wp\/v2\/pages\/2862\/revisions\/8213"}],"up":[{"embeddable":true,"href":"https:\/\/pans.krosno.pl\/pracownicy\/wp-json\/wp\/v2\/pages\/2851"}],"wp:attachment":[{"href":"https:\/\/pans.krosno.pl\/pracownicy\/wp-json\/wp\/v2\/media?parent=2862"}],"curies":[{"name":"wp","href":"https:\/\/api.w.org\/{rel}","templated":true}]}}