{"id":2858,"date":"2020-04-16T11:35:54","date_gmt":"2020-04-16T09:35:54","guid":{"rendered":"https:\/\/pans.krosno.pl\/pracownicy\/?page_id=2858"},"modified":"2025-05-16T11:36:12","modified_gmt":"2025-05-16T09:36:12","slug":"rafal-polak-doswiadczenie-pozauczelniane","status":"publish","type":"page","link":"https:\/\/pans.krosno.pl\/pracownicy\/rafal-polak\/rafal-polak-doswiadczenie-pozauczelniane\/","title":{"rendered":"dr Rafa\u0142 Polak &#8211; Do\u015bwiadczenie pozauczelniane"},"content":{"rendered":"<hr>\n<ul>\n<li>W okresie od 11 wrze\u015bnia 2013 r. \u2013 nadal \u2013 dyrektor Kancelarii Sejmiku Wojew\u00f3dztwa Podkarpackiego (wcze\u015bniej, od 03.10.2011 \u2013 zast\u0119pca dyrektora),<\/li>\n<li>W okresie od 18 listopada 2015 r. \u2013 nadal \u2013 przedstawiciel Zwi\u0105zku Wojew\u00f3dztw Rzeczpospolitej Polskiej w Zespole ds. Administracji Publicznej i Bezpiecze\u0144stwa Obywateli Komisji Wsp\u00f3lnej Rz\u0105du i Samorz\u0105du Terytorialnego,<\/li>\n<li>Kadencja w okresie od 30 pa\u017adziernika 2012 r. do&nbsp; lutego 2017 r. \u2013 cz\u0142onek (od 02.02.2016 \u2013 wiceprzewodnicz\u0105cy) Rady Programowej Sp\u00f3\u0142ki PR Rzesz\u00f3w \u2013 Rozg\u0142o\u015bnia Regionalna w Rzeszowie,<\/li>\n<li>W okresie od 01 pa\u017adziernika 2014 r. do 30 wrze\u015bnia 2015 r. \u2013 starszy wyk\u0142adowca w Pa\u0144stwowej Wy\u017cszej Szkole Zawodowej im. Jana Grodka w Sanoku.<\/li>\n<\/ul>\n<hr>\n<p>&nbsp;<\/p>\n","protected":false},"excerpt":{"rendered":"<p>W okresie od 11 wrze\u015bnia 2013 r. \u2013 nadal \u2013 dyrektor Kancelarii Sejmiku Wojew\u00f3dztwa Podkarpackiego (wcze\u015bniej, od 03.10.2011 \u2013 zast\u0119pca dyrektora), W okresie od 18 listopada 2015 r. \u2013 nadal \u2013 przedstawiciel Zwi\u0105zku Wojew\u00f3dztw Rzeczpospolitej Polskiej w Zespole ds. Administracji Publicznej i Bezpiecze\u0144stwa Obywateli Komisji Wsp\u00f3lnej Rz\u0105du i Samorz\u0105du Terytorialnego, [\u2026] <\/p>\n<div class=\"clear\"><\/div>\n<p><a class=\"more_link clearfix\" href=\"https:\/\/pans.krosno.pl\/pracownicy\/rafal-polak\/rafal-polak-doswiadczenie-pozauczelniane\/\" rel=\"nofollow\">Read More<\/a><\/p>\n","protected":false},"author":36,"featured_media":0,"parent":2851,"menu_order":0,"comment_status":"closed","ping_status":"closed","template":"","meta":{"ngg_post_thumbnail":0,"footnotes":""},"class_list":["post-2858","page","type-page","status-publish","hentry"],"yoast_head":"<!-- This site is optimized with the Yoast SEO Premium plugin v27.4 (Yoast SEO v27.4) - https:\/\/yoast.com\/product\/yoast-seo-premium-wordpress\/ -->\n<title>dr Rafa\u0142 Polak - Do\u015bwiadczenie pozauczelniane - Pracownicy PANS w Kro\u015bnie<\/title>\n<meta name=\"robots\" content=\"index, follow, max-snippet:-1, max-image-preview:large, max-video-preview:-1\" \/>\n<link rel=\"canonical\" href=\"https:\/\/pans.krosno.pl\/pracownicy\/rafal-polak\/rafal-polak-doswiadczenie-pozauczelniane\/\" \/>\n<meta property=\"og:locale\" content=\"pl_PL\" \/>\n<meta property=\"og:type\" content=\"article\" \/>\n<meta property=\"og:title\" content=\"dr Rafa\u0142 Polak - Do\u015bwiadczenie pozauczelniane\" \/>\n<meta property=\"og:description\" content=\"W okresie od 11 wrze\u015bnia 2013 r. \u2013 nadal \u2013 dyrektor Kancelarii Sejmiku Wojew\u00f3dztwa Podkarpackiego (wcze\u015bniej, od 03.10.2011 \u2013 zast\u0119pca dyrektora), W okresie od 18 listopada 2015 r. \u2013 nadal \u2013 przedstawiciel Zwi\u0105zku Wojew\u00f3dztw Rzeczpospolitej Polskiej w Zespole ds. Administracji Publicznej i Bezpiecze\u0144stwa Obywateli Komisji Wsp\u00f3lnej Rz\u0105du i Samorz\u0105du Terytorialnego, [\u2026] Read More\" \/>\n<meta property=\"og:url\" content=\"https:\/\/pans.krosno.pl\/pracownicy\/rafal-polak\/rafal-polak-doswiadczenie-pozauczelniane\/\" \/>\n<meta property=\"og:site_name\" content=\"Pracownicy PANS w Kro\u015bnie\" \/>\n<meta property=\"article:modified_time\" content=\"2025-05-16T09:36:12+00:00\" \/>\n<meta name=\"twitter:card\" content=\"summary_large_image\" \/>\n<meta name=\"twitter:label1\" content=\"Szacowany czas czytania\" \/>\n\t<meta name=\"twitter:data1\" content=\"1 minuta\" \/>\n<script type=\"application\/ld+json\" class=\"yoast-schema-graph\">{\"@context\":\"https:\\\/\\\/schema.org\",\"@graph\":[{\"@type\":\"WebPage\",\"@id\":\"https:\\\/\\\/pans.krosno.pl\\\/pracownicy\\\/rafal-polak\\\/rafal-polak-doswiadczenie-pozauczelniane\\\/\",\"url\":\"https:\\\/\\\/pans.krosno.pl\\\/pracownicy\\\/rafal-polak\\\/rafal-polak-doswiadczenie-pozauczelniane\\\/\",\"name\":\"dr Rafa\u0142 Polak - Do\u015bwiadczenie pozauczelniane - Pracownicy PANS w Kro\u015bnie\",\"isPartOf\":{\"@id\":\"https:\\\/\\\/pans.krosno.pl\\\/pracownicy\\\/#website\"},\"datePublished\":\"2020-04-16T09:35:54+00:00\",\"dateModified\":\"2025-05-16T09:36:12+00:00\",\"breadcrumb\":{\"@id\":\"https:\\\/\\\/pans.krosno.pl\\\/pracownicy\\\/rafal-polak\\\/rafal-polak-doswiadczenie-pozauczelniane\\\/#breadcrumb\"},\"inLanguage\":\"pl-PL\",\"potentialAction\":[{\"@type\":\"ReadAction\",\"target\":[\"https:\\\/\\\/pans.krosno.pl\\\/pracownicy\\\/rafal-polak\\\/rafal-polak-doswiadczenie-pozauczelniane\\\/\"]}]},{\"@type\":\"BreadcrumbList\",\"@id\":\"https:\\\/\\\/pans.krosno.pl\\\/pracownicy\\\/rafal-polak\\\/rafal-polak-doswiadczenie-pozauczelniane\\\/#breadcrumb\",\"itemListElement\":[{\"@type\":\"ListItem\",\"position\":1,\"name\":\"Strona g\u0142\u00f3wna\",\"item\":\"https:\\\/\\\/pans.krosno.pl\\\/pracownicy\\\/\"},{\"@type\":\"ListItem\",\"position\":2,\"name\":\"dr Rafa\u0142 Polak\",\"item\":\"https:\\\/\\\/pans.krosno.pl\\\/pracownicy\\\/rafal-polak\\\/\"},{\"@type\":\"ListItem\",\"position\":3,\"name\":\"dr Rafa\u0142 Polak &#8211; Do\u015bwiadczenie pozauczelniane\"}]},{\"@type\":\"WebSite\",\"@id\":\"https:\\\/\\\/pans.krosno.pl\\\/pracownicy\\\/#website\",\"url\":\"https:\\\/\\\/pans.krosno.pl\\\/pracownicy\\\/\",\"name\":\"Pracownicy PANS w Kro\u015bnie\",\"description\":\"Pracownicy - Pa\u0144stwowa Akademia Nauk Stosowanych\",\"publisher\":{\"@id\":\"https:\\\/\\\/pans.krosno.pl\\\/pracownicy\\\/#organization\"},\"potentialAction\":[{\"@type\":\"SearchAction\",\"target\":{\"@type\":\"EntryPoint\",\"urlTemplate\":\"https:\\\/\\\/pans.krosno.pl\\\/pracownicy\\\/?s={search_term_string}\"},\"query-input\":{\"@type\":\"PropertyValueSpecification\",\"valueRequired\":true,\"valueName\":\"search_term_string\"}}],\"inLanguage\":\"pl-PL\"},{\"@type\":\"Organization\",\"@id\":\"https:\\\/\\\/pans.krosno.pl\\\/pracownicy\\\/#organization\",\"name\":\"Pracownicy PANS w Kro\u015bnie\",\"url\":\"https:\\\/\\\/pans.krosno.pl\\\/pracownicy\\\/\",\"logo\":{\"@type\":\"ImageObject\",\"inLanguage\":\"pl-PL\",\"@id\":\"https:\\\/\\\/pans.krosno.pl\\\/pracownicy\\\/#\\\/schema\\\/logo\\\/image\\\/\",\"url\":\"https:\\\/\\\/pans.krosno.pl\\\/pracownicy\\\/wp-content\\\/uploads\\\/sites\\\/41\\\/2023\\\/01\\\/Logo-PANS-2022-pelne.png\",\"contentUrl\":\"https:\\\/\\\/pans.krosno.pl\\\/pracownicy\\\/wp-content\\\/uploads\\\/sites\\\/41\\\/2023\\\/01\\\/Logo-PANS-2022-pelne.png\",\"width\":3096,\"height\":696,\"caption\":\"Pracownicy PANS w Kro\u015bnie\"},\"image\":{\"@id\":\"https:\\\/\\\/pans.krosno.pl\\\/pracownicy\\\/#\\\/schema\\\/logo\\\/image\\\/\"}}]}<\/script>\n<!-- \/ Yoast SEO Premium plugin. -->","yoast_head_json":{"title":"dr Rafa\u0142 Polak - Do\u015bwiadczenie pozauczelniane - Pracownicy PANS w Kro\u015bnie","robots":{"index":"index","follow":"follow","max-snippet":"max-snippet:-1","max-image-preview":"max-image-preview:large","max-video-preview":"max-video-preview:-1"},"canonical":"https:\/\/pans.krosno.pl\/pracownicy\/rafal-polak\/rafal-polak-doswiadczenie-pozauczelniane\/","og_locale":"pl_PL","og_type":"article","og_title":"dr Rafa\u0142 Polak - Do\u015bwiadczenie pozauczelniane","og_description":"W okresie od 11 wrze\u015bnia 2013 r. \u2013 nadal \u2013 dyrektor Kancelarii Sejmiku Wojew\u00f3dztwa Podkarpackiego (wcze\u015bniej, od 03.10.2011 \u2013 zast\u0119pca dyrektora), W okresie od 18 listopada 2015 r. \u2013 nadal \u2013 przedstawiciel Zwi\u0105zku Wojew\u00f3dztw Rzeczpospolitej Polskiej w Zespole ds. Administracji Publicznej i Bezpiecze\u0144stwa Obywateli Komisji Wsp\u00f3lnej Rz\u0105du i Samorz\u0105du Terytorialnego, [\u2026] Read More","og_url":"https:\/\/pans.krosno.pl\/pracownicy\/rafal-polak\/rafal-polak-doswiadczenie-pozauczelniane\/","og_site_name":"Pracownicy PANS w Kro\u015bnie","article_modified_time":"2025-05-16T09:36:12+00:00","twitter_card":"summary_large_image","twitter_misc":{"Szacowany czas czytania":"1 minuta"},"schema":{"@context":"https:\/\/schema.org","@graph":[{"@type":"WebPage","@id":"https:\/\/pans.krosno.pl\/pracownicy\/rafal-polak\/rafal-polak-doswiadczenie-pozauczelniane\/","url":"https:\/\/pans.krosno.pl\/pracownicy\/rafal-polak\/rafal-polak-doswiadczenie-pozauczelniane\/","name":"dr Rafa\u0142 Polak - Do\u015bwiadczenie pozauczelniane - Pracownicy PANS w Kro\u015bnie","isPartOf":{"@id":"https:\/\/pans.krosno.pl\/pracownicy\/#website"},"datePublished":"2020-04-16T09:35:54+00:00","dateModified":"2025-05-16T09:36:12+00:00","breadcrumb":{"@id":"https:\/\/pans.krosno.pl\/pracownicy\/rafal-polak\/rafal-polak-doswiadczenie-pozauczelniane\/#breadcrumb"},"inLanguage":"pl-PL","potentialAction":[{"@type":"ReadAction","target":["https:\/\/pans.krosno.pl\/pracownicy\/rafal-polak\/rafal-polak-doswiadczenie-pozauczelniane\/"]}]},{"@type":"BreadcrumbList","@id":"https:\/\/pans.krosno.pl\/pracownicy\/rafal-polak\/rafal-polak-doswiadczenie-pozauczelniane\/#breadcrumb","itemListElement":[{"@type":"ListItem","position":1,"name":"Strona g\u0142\u00f3wna","item":"https:\/\/pans.krosno.pl\/pracownicy\/"},{"@type":"ListItem","position":2,"name":"dr Rafa\u0142 Polak","item":"https:\/\/pans.krosno.pl\/pracownicy\/rafal-polak\/"},{"@type":"ListItem","position":3,"name":"dr Rafa\u0142 Polak &#8211; Do\u015bwiadczenie pozauczelniane"}]},{"@type":"WebSite","@id":"https:\/\/pans.krosno.pl\/pracownicy\/#website","url":"https:\/\/pans.krosno.pl\/pracownicy\/","name":"Pracownicy PANS w Kro\u015bnie","description":"Pracownicy - Pa\u0144stwowa Akademia Nauk Stosowanych","publisher":{"@id":"https:\/\/pans.krosno.pl\/pracownicy\/#organization"},"potentialAction":[{"@type":"SearchAction","target":{"@type":"EntryPoint","urlTemplate":"https:\/\/pans.krosno.pl\/pracownicy\/?s={search_term_string}"},"query-input":{"@type":"PropertyValueSpecification","valueRequired":true,"valueName":"search_term_string"}}],"inLanguage":"pl-PL"},{"@type":"Organization","@id":"https:\/\/pans.krosno.pl\/pracownicy\/#organization","name":"Pracownicy PANS w Kro\u015bnie","url":"https:\/\/pans.krosno.pl\/pracownicy\/","logo":{"@type":"ImageObject","inLanguage":"pl-PL","@id":"https:\/\/pans.krosno.pl\/pracownicy\/#\/schema\/logo\/image\/","url":"https:\/\/pans.krosno.pl\/pracownicy\/wp-content\/uploads\/sites\/41\/2023\/01\/Logo-PANS-2022-pelne.png","contentUrl":"https:\/\/pans.krosno.pl\/pracownicy\/wp-content\/uploads\/sites\/41\/2023\/01\/Logo-PANS-2022-pelne.png","width":3096,"height":696,"caption":"Pracownicy PANS w Kro\u015bnie"},"image":{"@id":"https:\/\/pans.krosno.pl\/pracownicy\/#\/schema\/logo\/image\/"}}]}},"_links":{"self":[{"href":"https:\/\/pans.krosno.pl\/pracownicy\/wp-json\/wp\/v2\/pages\/2858","targetHints":{"allow":["GET"]}}],"collection":[{"href":"https:\/\/pans.krosno.pl\/pracownicy\/wp-json\/wp\/v2\/pages"}],"about":[{"href":"https:\/\/pans.krosno.pl\/pracownicy\/wp-json\/wp\/v2\/types\/page"}],"author":[{"embeddable":true,"href":"https:\/\/pans.krosno.pl\/pracownicy\/wp-json\/wp\/v2\/users\/36"}],"replies":[{"embeddable":true,"href":"https:\/\/pans.krosno.pl\/pracownicy\/wp-json\/wp\/v2\/comments?post=2858"}],"version-history":[{"count":2,"href":"https:\/\/pans.krosno.pl\/pracownicy\/wp-json\/wp\/v2\/pages\/2858\/revisions"}],"predecessor-version":[{"id":7034,"href":"https:\/\/pans.krosno.pl\/pracownicy\/wp-json\/wp\/v2\/pages\/2858\/revisions\/7034"}],"up":[{"embeddable":true,"href":"https:\/\/pans.krosno.pl\/pracownicy\/wp-json\/wp\/v2\/pages\/2851"}],"wp:attachment":[{"href":"https:\/\/pans.krosno.pl\/pracownicy\/wp-json\/wp\/v2\/media?parent=2858"}],"curies":[{"name":"wp","href":"https:\/\/api.w.org\/{rel}","templated":true}]}}