{"id":2853,"date":"2020-04-16T11:27:39","date_gmt":"2020-04-16T09:27:39","guid":{"rendered":"https:\/\/pans.krosno.pl\/pracownicy\/?page_id=2853"},"modified":"2025-05-16T11:35:54","modified_gmt":"2025-05-16T09:35:54","slug":"rafal-polak-zyciorys-naukowy","status":"publish","type":"page","link":"https:\/\/pans.krosno.pl\/pracownicy\/rafal-polak\/rafal-polak-zyciorys-naukowy\/","title":{"rendered":"dr Rafa\u0142 Polak &#8211; \u017byciorys naukowy"},"content":{"rendered":"<hr>\n<ul>\n<li>w 2012 r. \u2013 Studia podyplomowe: Mened\u017cer Innowacji i Transferu Wiedzy, Wy\u017csza Szko\u0142a Ekonomii i Innowacji w Lublinie,<\/li>\n<li>w 2010 r. \u2013 Studia podyplomowe: Zarz\u0105dzanie Zasobami Ludzkimi, Uniwersytet Rzeszowski,<\/li>\n<li>w 2010 r. \u2013 Studia podyplomowe: Public Relations w Badaniach Naukowych, Wy\u017csza Szko\u0142a Ekonomii i Innowacji w Lublinie,<\/li>\n<li>w 2007 r. \u2013 Stopie\u0144 naukowy doktora nauk humanistycznych w zakresie nauk o polityce, Wydzia\u0142 Dziennikarstwa i Nauk Politycznych, Uniwersytet Warszawski,<\/li>\n<li>w 2003 r. \u2013 Tytu\u0142 magistra socjologii, Uniwersytet Rzeszowski,<\/li>\n<li>Od 1 pa\u017adziernika 2013 r. &#8211; wyk\u0142adowca w Pa\u0144stwowej Wy\u017cszej Szkole Zawodowej im. Stanis\u0142awa Pigonia w Kro\u015bnie, Karpackiej Pa\u0144stwowej Uczelni w Kro\u015bnie, a obecnie Pa\u0144stwowej Akademii Nauk Stosowanych w Kro\u015bnie.<\/li>\n<li>Od 01 lutego 2013 r. \u2013 nadal \u2013 Nauczyciel akademicki w Wy\u017cszej Szkole Prawa i Administracji w Rzeszowie.<\/li>\n<\/ul>\n<hr>\n<p>&nbsp;<\/p>\n","protected":false},"excerpt":{"rendered":"<p>w 2012 r. \u2013 Studia podyplomowe: Mened\u017cer Innowacji i Transferu Wiedzy, Wy\u017csza Szko\u0142a Ekonomii i Innowacji w Lublinie, w 2010 r. \u2013 Studia podyplomowe: Zarz\u0105dzanie Zasobami Ludzkimi, Uniwersytet Rzeszowski, w 2010 r. \u2013 Studia podyplomowe: Public Relations w Badaniach Naukowych, Wy\u017csza Szko\u0142a Ekonomii i Innowacji w Lublinie, w 2007 r. [\u2026] <\/p>\n<div class=\"clear\"><\/div>\n<p><a class=\"more_link clearfix\" href=\"https:\/\/pans.krosno.pl\/pracownicy\/rafal-polak\/rafal-polak-zyciorys-naukowy\/\" rel=\"nofollow\">Read More<\/a><\/p>\n","protected":false},"author":36,"featured_media":0,"parent":2851,"menu_order":0,"comment_status":"closed","ping_status":"closed","template":"","meta":{"ngg_post_thumbnail":0,"footnotes":""},"class_list":["post-2853","page","type-page","status-publish","hentry"],"yoast_head":"<!-- This site is optimized with the Yoast SEO Premium plugin v27.4 (Yoast SEO v27.4) - https:\/\/yoast.com\/product\/yoast-seo-premium-wordpress\/ -->\n<title>dr Rafa\u0142 Polak - \u017byciorys naukowy - Pracownicy PANS w Kro\u015bnie<\/title>\n<meta name=\"robots\" content=\"index, follow, max-snippet:-1, max-image-preview:large, max-video-preview:-1\" \/>\n<link rel=\"canonical\" href=\"https:\/\/pans.krosno.pl\/pracownicy\/rafal-polak\/rafal-polak-zyciorys-naukowy\/\" \/>\n<meta property=\"og:locale\" content=\"pl_PL\" \/>\n<meta property=\"og:type\" content=\"article\" \/>\n<meta property=\"og:title\" content=\"dr Rafa\u0142 Polak - \u017byciorys naukowy\" \/>\n<meta property=\"og:description\" content=\"w 2012 r. \u2013 Studia podyplomowe: Mened\u017cer Innowacji i Transferu Wiedzy, Wy\u017csza Szko\u0142a Ekonomii i Innowacji w Lublinie, w 2010 r. \u2013 Studia podyplomowe: Zarz\u0105dzanie Zasobami Ludzkimi, Uniwersytet Rzeszowski, w 2010 r. \u2013 Studia podyplomowe: Public Relations w Badaniach Naukowych, Wy\u017csza Szko\u0142a Ekonomii i Innowacji w Lublinie, w 2007 r. [\u2026] Read More\" \/>\n<meta property=\"og:url\" content=\"https:\/\/pans.krosno.pl\/pracownicy\/rafal-polak\/rafal-polak-zyciorys-naukowy\/\" \/>\n<meta property=\"og:site_name\" content=\"Pracownicy PANS w Kro\u015bnie\" \/>\n<meta property=\"article:modified_time\" content=\"2025-05-16T09:35:54+00:00\" \/>\n<meta name=\"twitter:card\" content=\"summary_large_image\" \/>\n<script type=\"application\/ld+json\" class=\"yoast-schema-graph\">{\"@context\":\"https:\\\/\\\/schema.org\",\"@graph\":[{\"@type\":\"WebPage\",\"@id\":\"https:\\\/\\\/pans.krosno.pl\\\/pracownicy\\\/rafal-polak\\\/rafal-polak-zyciorys-naukowy\\\/\",\"url\":\"https:\\\/\\\/pans.krosno.pl\\\/pracownicy\\\/rafal-polak\\\/rafal-polak-zyciorys-naukowy\\\/\",\"name\":\"dr Rafa\u0142 Polak - \u017byciorys naukowy - Pracownicy PANS w Kro\u015bnie\",\"isPartOf\":{\"@id\":\"https:\\\/\\\/pans.krosno.pl\\\/pracownicy\\\/#website\"},\"datePublished\":\"2020-04-16T09:27:39+00:00\",\"dateModified\":\"2025-05-16T09:35:54+00:00\",\"breadcrumb\":{\"@id\":\"https:\\\/\\\/pans.krosno.pl\\\/pracownicy\\\/rafal-polak\\\/rafal-polak-zyciorys-naukowy\\\/#breadcrumb\"},\"inLanguage\":\"pl-PL\",\"potentialAction\":[{\"@type\":\"ReadAction\",\"target\":[\"https:\\\/\\\/pans.krosno.pl\\\/pracownicy\\\/rafal-polak\\\/rafal-polak-zyciorys-naukowy\\\/\"]}]},{\"@type\":\"BreadcrumbList\",\"@id\":\"https:\\\/\\\/pans.krosno.pl\\\/pracownicy\\\/rafal-polak\\\/rafal-polak-zyciorys-naukowy\\\/#breadcrumb\",\"itemListElement\":[{\"@type\":\"ListItem\",\"position\":1,\"name\":\"Strona g\u0142\u00f3wna\",\"item\":\"https:\\\/\\\/pans.krosno.pl\\\/pracownicy\\\/\"},{\"@type\":\"ListItem\",\"position\":2,\"name\":\"dr Rafa\u0142 Polak\",\"item\":\"https:\\\/\\\/pans.krosno.pl\\\/pracownicy\\\/rafal-polak\\\/\"},{\"@type\":\"ListItem\",\"position\":3,\"name\":\"dr Rafa\u0142 Polak &#8211; \u017byciorys naukowy\"}]},{\"@type\":\"WebSite\",\"@id\":\"https:\\\/\\\/pans.krosno.pl\\\/pracownicy\\\/#website\",\"url\":\"https:\\\/\\\/pans.krosno.pl\\\/pracownicy\\\/\",\"name\":\"Pracownicy PANS w Kro\u015bnie\",\"description\":\"Pracownicy - Pa\u0144stwowa Akademia Nauk Stosowanych\",\"publisher\":{\"@id\":\"https:\\\/\\\/pans.krosno.pl\\\/pracownicy\\\/#organization\"},\"potentialAction\":[{\"@type\":\"SearchAction\",\"target\":{\"@type\":\"EntryPoint\",\"urlTemplate\":\"https:\\\/\\\/pans.krosno.pl\\\/pracownicy\\\/?s={search_term_string}\"},\"query-input\":{\"@type\":\"PropertyValueSpecification\",\"valueRequired\":true,\"valueName\":\"search_term_string\"}}],\"inLanguage\":\"pl-PL\"},{\"@type\":\"Organization\",\"@id\":\"https:\\\/\\\/pans.krosno.pl\\\/pracownicy\\\/#organization\",\"name\":\"Pracownicy PANS w Kro\u015bnie\",\"url\":\"https:\\\/\\\/pans.krosno.pl\\\/pracownicy\\\/\",\"logo\":{\"@type\":\"ImageObject\",\"inLanguage\":\"pl-PL\",\"@id\":\"https:\\\/\\\/pans.krosno.pl\\\/pracownicy\\\/#\\\/schema\\\/logo\\\/image\\\/\",\"url\":\"https:\\\/\\\/pans.krosno.pl\\\/pracownicy\\\/wp-content\\\/uploads\\\/sites\\\/41\\\/2023\\\/01\\\/Logo-PANS-2022-pelne.png\",\"contentUrl\":\"https:\\\/\\\/pans.krosno.pl\\\/pracownicy\\\/wp-content\\\/uploads\\\/sites\\\/41\\\/2023\\\/01\\\/Logo-PANS-2022-pelne.png\",\"width\":3096,\"height\":696,\"caption\":\"Pracownicy PANS w Kro\u015bnie\"},\"image\":{\"@id\":\"https:\\\/\\\/pans.krosno.pl\\\/pracownicy\\\/#\\\/schema\\\/logo\\\/image\\\/\"}}]}<\/script>\n<!-- \/ Yoast SEO Premium plugin. -->","yoast_head_json":{"title":"dr Rafa\u0142 Polak - \u017byciorys naukowy - Pracownicy PANS w Kro\u015bnie","robots":{"index":"index","follow":"follow","max-snippet":"max-snippet:-1","max-image-preview":"max-image-preview:large","max-video-preview":"max-video-preview:-1"},"canonical":"https:\/\/pans.krosno.pl\/pracownicy\/rafal-polak\/rafal-polak-zyciorys-naukowy\/","og_locale":"pl_PL","og_type":"article","og_title":"dr Rafa\u0142 Polak - \u017byciorys naukowy","og_description":"w 2012 r. \u2013 Studia podyplomowe: Mened\u017cer Innowacji i Transferu Wiedzy, Wy\u017csza Szko\u0142a Ekonomii i Innowacji w Lublinie, w 2010 r. \u2013 Studia podyplomowe: Zarz\u0105dzanie Zasobami Ludzkimi, Uniwersytet Rzeszowski, w 2010 r. \u2013 Studia podyplomowe: Public Relations w Badaniach Naukowych, Wy\u017csza Szko\u0142a Ekonomii i Innowacji w Lublinie, w 2007 r. [\u2026] Read More","og_url":"https:\/\/pans.krosno.pl\/pracownicy\/rafal-polak\/rafal-polak-zyciorys-naukowy\/","og_site_name":"Pracownicy PANS w Kro\u015bnie","article_modified_time":"2025-05-16T09:35:54+00:00","twitter_card":"summary_large_image","schema":{"@context":"https:\/\/schema.org","@graph":[{"@type":"WebPage","@id":"https:\/\/pans.krosno.pl\/pracownicy\/rafal-polak\/rafal-polak-zyciorys-naukowy\/","url":"https:\/\/pans.krosno.pl\/pracownicy\/rafal-polak\/rafal-polak-zyciorys-naukowy\/","name":"dr Rafa\u0142 Polak - \u017byciorys naukowy - Pracownicy PANS w Kro\u015bnie","isPartOf":{"@id":"https:\/\/pans.krosno.pl\/pracownicy\/#website"},"datePublished":"2020-04-16T09:27:39+00:00","dateModified":"2025-05-16T09:35:54+00:00","breadcrumb":{"@id":"https:\/\/pans.krosno.pl\/pracownicy\/rafal-polak\/rafal-polak-zyciorys-naukowy\/#breadcrumb"},"inLanguage":"pl-PL","potentialAction":[{"@type":"ReadAction","target":["https:\/\/pans.krosno.pl\/pracownicy\/rafal-polak\/rafal-polak-zyciorys-naukowy\/"]}]},{"@type":"BreadcrumbList","@id":"https:\/\/pans.krosno.pl\/pracownicy\/rafal-polak\/rafal-polak-zyciorys-naukowy\/#breadcrumb","itemListElement":[{"@type":"ListItem","position":1,"name":"Strona g\u0142\u00f3wna","item":"https:\/\/pans.krosno.pl\/pracownicy\/"},{"@type":"ListItem","position":2,"name":"dr Rafa\u0142 Polak","item":"https:\/\/pans.krosno.pl\/pracownicy\/rafal-polak\/"},{"@type":"ListItem","position":3,"name":"dr Rafa\u0142 Polak &#8211; \u017byciorys naukowy"}]},{"@type":"WebSite","@id":"https:\/\/pans.krosno.pl\/pracownicy\/#website","url":"https:\/\/pans.krosno.pl\/pracownicy\/","name":"Pracownicy PANS w Kro\u015bnie","description":"Pracownicy - Pa\u0144stwowa Akademia Nauk Stosowanych","publisher":{"@id":"https:\/\/pans.krosno.pl\/pracownicy\/#organization"},"potentialAction":[{"@type":"SearchAction","target":{"@type":"EntryPoint","urlTemplate":"https:\/\/pans.krosno.pl\/pracownicy\/?s={search_term_string}"},"query-input":{"@type":"PropertyValueSpecification","valueRequired":true,"valueName":"search_term_string"}}],"inLanguage":"pl-PL"},{"@type":"Organization","@id":"https:\/\/pans.krosno.pl\/pracownicy\/#organization","name":"Pracownicy PANS w Kro\u015bnie","url":"https:\/\/pans.krosno.pl\/pracownicy\/","logo":{"@type":"ImageObject","inLanguage":"pl-PL","@id":"https:\/\/pans.krosno.pl\/pracownicy\/#\/schema\/logo\/image\/","url":"https:\/\/pans.krosno.pl\/pracownicy\/wp-content\/uploads\/sites\/41\/2023\/01\/Logo-PANS-2022-pelne.png","contentUrl":"https:\/\/pans.krosno.pl\/pracownicy\/wp-content\/uploads\/sites\/41\/2023\/01\/Logo-PANS-2022-pelne.png","width":3096,"height":696,"caption":"Pracownicy PANS w Kro\u015bnie"},"image":{"@id":"https:\/\/pans.krosno.pl\/pracownicy\/#\/schema\/logo\/image\/"}}]}},"_links":{"self":[{"href":"https:\/\/pans.krosno.pl\/pracownicy\/wp-json\/wp\/v2\/pages\/2853","targetHints":{"allow":["GET"]}}],"collection":[{"href":"https:\/\/pans.krosno.pl\/pracownicy\/wp-json\/wp\/v2\/pages"}],"about":[{"href":"https:\/\/pans.krosno.pl\/pracownicy\/wp-json\/wp\/v2\/types\/page"}],"author":[{"embeddable":true,"href":"https:\/\/pans.krosno.pl\/pracownicy\/wp-json\/wp\/v2\/users\/36"}],"replies":[{"embeddable":true,"href":"https:\/\/pans.krosno.pl\/pracownicy\/wp-json\/wp\/v2\/comments?post=2853"}],"version-history":[{"count":6,"href":"https:\/\/pans.krosno.pl\/pracownicy\/wp-json\/wp\/v2\/pages\/2853\/revisions"}],"predecessor-version":[{"id":9466,"href":"https:\/\/pans.krosno.pl\/pracownicy\/wp-json\/wp\/v2\/pages\/2853\/revisions\/9466"}],"up":[{"embeddable":true,"href":"https:\/\/pans.krosno.pl\/pracownicy\/wp-json\/wp\/v2\/pages\/2851"}],"wp:attachment":[{"href":"https:\/\/pans.krosno.pl\/pracownicy\/wp-json\/wp\/v2\/media?parent=2853"}],"curies":[{"name":"wp","href":"https:\/\/api.w.org\/{rel}","templated":true}]}}