{"id":2851,"date":"2020-04-16T11:26:00","date_gmt":"2020-04-16T09:26:00","guid":{"rendered":"https:\/\/pans.krosno.pl\/pracownicy\/?page_id=2851"},"modified":"2025-05-16T11:36:36","modified_gmt":"2025-05-16T09:36:36","slug":"rafal-polak","status":"publish","type":"page","link":"https:\/\/pans.krosno.pl\/pracownicy\/rafal-polak\/","title":{"rendered":"dr Rafa\u0142 Polak"},"content":{"rendered":"\n<h3 class=\"wp-block-heading\" id=\"h-zaklad-marketingu\"><strong>Zak\u0142ad Marketingu<\/strong><\/h3>\n\n\n\n<hr class=\"wp-block-separator has-css-opacity\" \/>\n\n\n<p style=\"text-align: left\">Doktor nauk humanistycznych, politolog, medioznawca. Autor: &#8222;Demokracja lokalna. Mi\u0119dzy pras\u0105 a w\u0142adz\u0105 oraz wielu artyku\u0142\u00f3w naukowych o tematyce medioznawczej&#8221;, wsp\u00f3\u0142autor ksi\u0105\u017cek pt.: &#8222;Dziennikarstwo i komunikacja spo\u0142eczna. Nowe wyzwania&#8221;, &#8222;Narz\u0119dzia wsp\u00f3\u0142czesnej reklamy. Stosowanie i zapotrzebowanie&#8221;, &#8222;Public relations i polityka informacyjna w samorz\u0105dzie terytorialnym&#8221;, redaktor naukowy czterech monografii. Autor, wsp\u00f3\u0142autor i realizator wielu projekt\u00f3w badawczych i badawczo-rozwojowych.<\/p>\n\n\n<hr class=\"wp-block-separator has-css-opacity\" \/>\n\n\n\n<div class=\"wp-block-columns is-layout-flex wp-container-core-columns-is-layout-28f84493 wp-block-columns-is-layout-flex\">\n<div class=\"wp-block-column is-layout-flow wp-block-column-is-layout-flow\" style=\"flex-basis:22%\">\n<figure class=\"wp-block-image size-large\"><img loading=\"lazy\" decoding=\"async\" width=\"731\" height=\"1024\" src=\"https:\/\/pans.krosno.pl\/pracownicy\/wp-content\/uploads\/sites\/41\/2020\/04\/Rafa\u0142-Polak-zdj\u0119cie-731x1024.jpg\" alt=\"\" class=\"wp-image-2856\" srcset=\"https:\/\/pans.krosno.pl\/pracownicy\/wp-content\/uploads\/sites\/41\/2020\/04\/Rafa\u0142-Polak-zdj\u0119cie-731x1024.jpg 731w, https:\/\/pans.krosno.pl\/pracownicy\/wp-content\/uploads\/sites\/41\/2020\/04\/Rafa\u0142-Polak-zdj\u0119cie-214x300.jpg 214w, https:\/\/pans.krosno.pl\/pracownicy\/wp-content\/uploads\/sites\/41\/2020\/04\/Rafa\u0142-Polak-zdj\u0119cie-768x1076.jpg 768w, https:\/\/pans.krosno.pl\/pracownicy\/wp-content\/uploads\/sites\/41\/2020\/04\/Rafa\u0142-Polak-zdj\u0119cie-1096x1536.jpg 1096w, https:\/\/pans.krosno.pl\/pracownicy\/wp-content\/uploads\/sites\/41\/2020\/04\/Rafa\u0142-Polak-zdj\u0119cie-1461x2048.jpg 1461w, https:\/\/pans.krosno.pl\/pracownicy\/wp-content\/uploads\/sites\/41\/2020\/04\/Rafa\u0142-Polak-zdj\u0119cie-800x1121.jpg 800w, https:\/\/pans.krosno.pl\/pracownicy\/wp-content\/uploads\/sites\/41\/2020\/04\/Rafa\u0142-Polak-zdj\u0119cie-580x813.jpg 580w, https:\/\/pans.krosno.pl\/pracownicy\/wp-content\/uploads\/sites\/41\/2020\/04\/Rafa\u0142-Polak-zdj\u0119cie.jpg 1500w\" sizes=\"auto, (max-width: 731px) 100vw, 731px\" \/><\/figure>\n\n\n\n<p><\/p>\n<\/div>\n\n\n\n<div class=\"wp-block-column is-layout-flow wp-block-column-is-layout-flow\" style=\"flex-basis:78%\">\n<ul class=\"wp-block-list\">\n<li><a href=\"https:\/\/pans.krosno.pl\/pracownicy\/rafal-polak\/rafal-polak-zyciorys-naukowy\/\">\u017byciorys naukowy<\/a><\/li>\n\n\n\n<li><a href=\"https:\/\/pans.krosno.pl\/pracownicy\/rafal-polak\/rafal-polak-doswiadczenie-pozauczelniane\/\">Do\u015bwiadczenie pozauczelniane<\/a><\/li>\n\n\n\n<li><a href=\"https:\/\/pans.krosno.pl\/pracownicy\/rafal-polak\/rafal-polak-najwazniejsze-publikacje\/\">Najwa\u017cniejsze publikacje<\/a><\/li>\n\n\n\n<li>Najwa\u017cniejsze nagrody i wyr\u00f3\u017cnienia<\/li>\n<\/ul>\n\n\n\n<hr class=\"wp-block-separator has-css-opacity\" \/>\n\n\n\n<figure class=\"wp-block-table aligncenter is-style-stripes\"><table><tbody><tr><td class=\"has-text-align-left\" data-align=\"left\">Telefon:  13 43 755 60<\/td><\/tr><tr><td class=\"has-text-align-left\" data-align=\"left\">E-mail: <a href=\"mailto:rafal.polak@pans.krosno.pl\">rafal.polak@pans.krosno.pl<\/a><\/td><\/tr><tr><td class=\"has-text-align-left\" data-align=\"left\">Konsultacje:<a href=\"https:\/\/pans.krosno.pl\/zarzadzanie\/dyzury-pracownikow\/\" target=\"_blank\" rel=\"noreferrer noopener\"> Dy\u017cur pracownika<\/a><\/td><\/tr><\/tbody><\/table><\/figure>\n<\/div>\n<\/div>\n\n\n\n<hr class=\"wp-block-separator has-css-opacity\" \/>\n\n\n\n<p><\/p>\n","protected":false},"excerpt":{"rendered":"<p>Zak\u0142ad Marketingu Doktor nauk humanistycznych, politolog, medioznawca. Autor: &#8222;Demokracja lokalna. Mi\u0119dzy pras\u0105 a w\u0142adz\u0105 oraz wielu artyku\u0142\u00f3w naukowych o tematyce medioznawczej&#8221;, wsp\u00f3\u0142autor ksi\u0105\u017cek pt.: &#8222;Dziennikarstwo i komunikacja spo\u0142eczna. Nowe wyzwania&#8221;, &#8222;Narz\u0119dzia wsp\u00f3\u0142czesnej reklamy. Stosowanie i zapotrzebowanie&#8221;, &#8222;Public relations i polityka informacyjna w samorz\u0105dzie terytorialnym&#8221;, redaktor naukowy czterech monografii. Autor, wsp\u00f3\u0142autor [\u2026] <\/p>\n<div class=\"clear\"><\/div>\n<p><a class=\"more_link clearfix\" href=\"https:\/\/pans.krosno.pl\/pracownicy\/rafal-polak\/\" rel=\"nofollow\">Read More<\/a><\/p>\n","protected":false},"author":36,"featured_media":0,"parent":0,"menu_order":0,"comment_status":"closed","ping_status":"closed","template":"","meta":{"ngg_post_thumbnail":0,"footnotes":""},"class_list":["post-2851","page","type-page","status-publish","hentry"],"yoast_head":"<!-- This site is optimized with the Yoast SEO Premium plugin v27.4 (Yoast SEO v27.4) - https:\/\/yoast.com\/product\/yoast-seo-premium-wordpress\/ -->\n<title>dr Rafa\u0142 Polak - Pracownicy PANS w Kro\u015bnie<\/title>\n<meta name=\"robots\" content=\"index, follow, max-snippet:-1, max-image-preview:large, max-video-preview:-1\" \/>\n<link rel=\"canonical\" href=\"https:\/\/pans.krosno.pl\/pracownicy\/rafal-polak\/\" \/>\n<meta property=\"og:locale\" content=\"pl_PL\" \/>\n<meta property=\"og:type\" content=\"article\" \/>\n<meta property=\"og:title\" content=\"dr Rafa\u0142 Polak\" \/>\n<meta property=\"og:description\" content=\"Zak\u0142ad Marketingu Doktor nauk humanistycznych, politolog, medioznawca. Autor: &#8222;Demokracja lokalna. Mi\u0119dzy pras\u0105 a w\u0142adz\u0105 oraz wielu artyku\u0142\u00f3w naukowych o tematyce medioznawczej&#8221;, wsp\u00f3\u0142autor ksi\u0105\u017cek pt.: &#8222;Dziennikarstwo i komunikacja spo\u0142eczna. Nowe wyzwania&#8221;, &#8222;Narz\u0119dzia wsp\u00f3\u0142czesnej reklamy. Stosowanie i zapotrzebowanie&#8221;, &#8222;Public relations i polityka informacyjna w samorz\u0105dzie terytorialnym&#8221;, redaktor naukowy czterech monografii. Autor, wsp\u00f3\u0142autor [\u2026] Read More\" \/>\n<meta property=\"og:url\" content=\"https:\/\/pans.krosno.pl\/pracownicy\/rafal-polak\/\" \/>\n<meta property=\"og:site_name\" content=\"Pracownicy PANS w Kro\u015bnie\" \/>\n<meta property=\"article:modified_time\" content=\"2025-05-16T09:36:36+00:00\" \/>\n<meta name=\"twitter:card\" content=\"summary_large_image\" \/>\n<meta name=\"twitter:label1\" content=\"Szacowany czas czytania\" \/>\n\t<meta name=\"twitter:data1\" content=\"1 minuta\" \/>\n<script type=\"application\/ld+json\" class=\"yoast-schema-graph\">{\"@context\":\"https:\\\/\\\/schema.org\",\"@graph\":[{\"@type\":\"WebPage\",\"@id\":\"https:\\\/\\\/pans.krosno.pl\\\/pracownicy\\\/rafal-polak\\\/\",\"url\":\"https:\\\/\\\/pans.krosno.pl\\\/pracownicy\\\/rafal-polak\\\/\",\"name\":\"dr Rafa\u0142 Polak - Pracownicy PANS w Kro\u015bnie\",\"isPartOf\":{\"@id\":\"https:\\\/\\\/pans.krosno.pl\\\/pracownicy\\\/#website\"},\"datePublished\":\"2020-04-16T09:26:00+00:00\",\"dateModified\":\"2025-05-16T09:36:36+00:00\",\"breadcrumb\":{\"@id\":\"https:\\\/\\\/pans.krosno.pl\\\/pracownicy\\\/rafal-polak\\\/#breadcrumb\"},\"inLanguage\":\"pl-PL\",\"potentialAction\":[{\"@type\":\"ReadAction\",\"target\":[\"https:\\\/\\\/pans.krosno.pl\\\/pracownicy\\\/rafal-polak\\\/\"]}]},{\"@type\":\"BreadcrumbList\",\"@id\":\"https:\\\/\\\/pans.krosno.pl\\\/pracownicy\\\/rafal-polak\\\/#breadcrumb\",\"itemListElement\":[{\"@type\":\"ListItem\",\"position\":1,\"name\":\"Strona g\u0142\u00f3wna\",\"item\":\"https:\\\/\\\/pans.krosno.pl\\\/pracownicy\\\/\"},{\"@type\":\"ListItem\",\"position\":2,\"name\":\"dr Rafa\u0142 Polak\"}]},{\"@type\":\"WebSite\",\"@id\":\"https:\\\/\\\/pans.krosno.pl\\\/pracownicy\\\/#website\",\"url\":\"https:\\\/\\\/pans.krosno.pl\\\/pracownicy\\\/\",\"name\":\"Pracownicy PANS w Kro\u015bnie\",\"description\":\"Pracownicy - Pa\u0144stwowa Akademia Nauk Stosowanych\",\"publisher\":{\"@id\":\"https:\\\/\\\/pans.krosno.pl\\\/pracownicy\\\/#organization\"},\"potentialAction\":[{\"@type\":\"SearchAction\",\"target\":{\"@type\":\"EntryPoint\",\"urlTemplate\":\"https:\\\/\\\/pans.krosno.pl\\\/pracownicy\\\/?s={search_term_string}\"},\"query-input\":{\"@type\":\"PropertyValueSpecification\",\"valueRequired\":true,\"valueName\":\"search_term_string\"}}],\"inLanguage\":\"pl-PL\"},{\"@type\":\"Organization\",\"@id\":\"https:\\\/\\\/pans.krosno.pl\\\/pracownicy\\\/#organization\",\"name\":\"Pracownicy PANS w Kro\u015bnie\",\"url\":\"https:\\\/\\\/pans.krosno.pl\\\/pracownicy\\\/\",\"logo\":{\"@type\":\"ImageObject\",\"inLanguage\":\"pl-PL\",\"@id\":\"https:\\\/\\\/pans.krosno.pl\\\/pracownicy\\\/#\\\/schema\\\/logo\\\/image\\\/\",\"url\":\"https:\\\/\\\/pans.krosno.pl\\\/pracownicy\\\/wp-content\\\/uploads\\\/sites\\\/41\\\/2023\\\/01\\\/Logo-PANS-2022-pelne.png\",\"contentUrl\":\"https:\\\/\\\/pans.krosno.pl\\\/pracownicy\\\/wp-content\\\/uploads\\\/sites\\\/41\\\/2023\\\/01\\\/Logo-PANS-2022-pelne.png\",\"width\":3096,\"height\":696,\"caption\":\"Pracownicy PANS w Kro\u015bnie\"},\"image\":{\"@id\":\"https:\\\/\\\/pans.krosno.pl\\\/pracownicy\\\/#\\\/schema\\\/logo\\\/image\\\/\"}}]}<\/script>\n<!-- \/ Yoast SEO Premium plugin. -->","yoast_head_json":{"title":"dr Rafa\u0142 Polak - Pracownicy PANS w Kro\u015bnie","robots":{"index":"index","follow":"follow","max-snippet":"max-snippet:-1","max-image-preview":"max-image-preview:large","max-video-preview":"max-video-preview:-1"},"canonical":"https:\/\/pans.krosno.pl\/pracownicy\/rafal-polak\/","og_locale":"pl_PL","og_type":"article","og_title":"dr Rafa\u0142 Polak","og_description":"Zak\u0142ad Marketingu Doktor nauk humanistycznych, politolog, medioznawca. Autor: &#8222;Demokracja lokalna. Mi\u0119dzy pras\u0105 a w\u0142adz\u0105 oraz wielu artyku\u0142\u00f3w naukowych o tematyce medioznawczej&#8221;, wsp\u00f3\u0142autor ksi\u0105\u017cek pt.: &#8222;Dziennikarstwo i komunikacja spo\u0142eczna. Nowe wyzwania&#8221;, &#8222;Narz\u0119dzia wsp\u00f3\u0142czesnej reklamy. Stosowanie i zapotrzebowanie&#8221;, &#8222;Public relations i polityka informacyjna w samorz\u0105dzie terytorialnym&#8221;, redaktor naukowy czterech monografii. Autor, wsp\u00f3\u0142autor [\u2026] Read More","og_url":"https:\/\/pans.krosno.pl\/pracownicy\/rafal-polak\/","og_site_name":"Pracownicy PANS w Kro\u015bnie","article_modified_time":"2025-05-16T09:36:36+00:00","twitter_card":"summary_large_image","twitter_misc":{"Szacowany czas czytania":"1 minuta"},"schema":{"@context":"https:\/\/schema.org","@graph":[{"@type":"WebPage","@id":"https:\/\/pans.krosno.pl\/pracownicy\/rafal-polak\/","url":"https:\/\/pans.krosno.pl\/pracownicy\/rafal-polak\/","name":"dr Rafa\u0142 Polak - Pracownicy PANS w Kro\u015bnie","isPartOf":{"@id":"https:\/\/pans.krosno.pl\/pracownicy\/#website"},"datePublished":"2020-04-16T09:26:00+00:00","dateModified":"2025-05-16T09:36:36+00:00","breadcrumb":{"@id":"https:\/\/pans.krosno.pl\/pracownicy\/rafal-polak\/#breadcrumb"},"inLanguage":"pl-PL","potentialAction":[{"@type":"ReadAction","target":["https:\/\/pans.krosno.pl\/pracownicy\/rafal-polak\/"]}]},{"@type":"BreadcrumbList","@id":"https:\/\/pans.krosno.pl\/pracownicy\/rafal-polak\/#breadcrumb","itemListElement":[{"@type":"ListItem","position":1,"name":"Strona g\u0142\u00f3wna","item":"https:\/\/pans.krosno.pl\/pracownicy\/"},{"@type":"ListItem","position":2,"name":"dr Rafa\u0142 Polak"}]},{"@type":"WebSite","@id":"https:\/\/pans.krosno.pl\/pracownicy\/#website","url":"https:\/\/pans.krosno.pl\/pracownicy\/","name":"Pracownicy PANS w Kro\u015bnie","description":"Pracownicy - Pa\u0144stwowa Akademia Nauk Stosowanych","publisher":{"@id":"https:\/\/pans.krosno.pl\/pracownicy\/#organization"},"potentialAction":[{"@type":"SearchAction","target":{"@type":"EntryPoint","urlTemplate":"https:\/\/pans.krosno.pl\/pracownicy\/?s={search_term_string}"},"query-input":{"@type":"PropertyValueSpecification","valueRequired":true,"valueName":"search_term_string"}}],"inLanguage":"pl-PL"},{"@type":"Organization","@id":"https:\/\/pans.krosno.pl\/pracownicy\/#organization","name":"Pracownicy PANS w Kro\u015bnie","url":"https:\/\/pans.krosno.pl\/pracownicy\/","logo":{"@type":"ImageObject","inLanguage":"pl-PL","@id":"https:\/\/pans.krosno.pl\/pracownicy\/#\/schema\/logo\/image\/","url":"https:\/\/pans.krosno.pl\/pracownicy\/wp-content\/uploads\/sites\/41\/2023\/01\/Logo-PANS-2022-pelne.png","contentUrl":"https:\/\/pans.krosno.pl\/pracownicy\/wp-content\/uploads\/sites\/41\/2023\/01\/Logo-PANS-2022-pelne.png","width":3096,"height":696,"caption":"Pracownicy PANS w Kro\u015bnie"},"image":{"@id":"https:\/\/pans.krosno.pl\/pracownicy\/#\/schema\/logo\/image\/"}}]}},"_links":{"self":[{"href":"https:\/\/pans.krosno.pl\/pracownicy\/wp-json\/wp\/v2\/pages\/2851","targetHints":{"allow":["GET"]}}],"collection":[{"href":"https:\/\/pans.krosno.pl\/pracownicy\/wp-json\/wp\/v2\/pages"}],"about":[{"href":"https:\/\/pans.krosno.pl\/pracownicy\/wp-json\/wp\/v2\/types\/page"}],"author":[{"embeddable":true,"href":"https:\/\/pans.krosno.pl\/pracownicy\/wp-json\/wp\/v2\/users\/36"}],"replies":[{"embeddable":true,"href":"https:\/\/pans.krosno.pl\/pracownicy\/wp-json\/wp\/v2\/comments?post=2851"}],"version-history":[{"count":14,"href":"https:\/\/pans.krosno.pl\/pracownicy\/wp-json\/wp\/v2\/pages\/2851\/revisions"}],"predecessor-version":[{"id":10627,"href":"https:\/\/pans.krosno.pl\/pracownicy\/wp-json\/wp\/v2\/pages\/2851\/revisions\/10627"}],"wp:attachment":[{"href":"https:\/\/pans.krosno.pl\/pracownicy\/wp-json\/wp\/v2\/media?parent=2851"}],"curies":[{"name":"wp","href":"https:\/\/api.w.org\/{rel}","templated":true}]}}