{"id":2847,"date":"2020-04-16T11:09:46","date_gmt":"2020-04-16T09:09:46","guid":{"rendered":"https:\/\/pans.krosno.pl\/pracownicy\/?page_id=2847"},"modified":"2025-05-16T11:17:18","modified_gmt":"2025-05-16T09:17:18","slug":"beata-anna-piechota-najwazniejsze-publikacje","status":"publish","type":"page","link":"https:\/\/pans.krosno.pl\/pracownicy\/beata-anna-piechota\/beata-anna-piechota-najwazniejsze-publikacje\/","title":{"rendered":"dr Beata Anna Piechota &#8211; Najwa\u017cniejsze publikacje"},"content":{"rendered":"<hr>\n<p><strong>Monografie autorskie<\/strong><\/p>\n<ol>\n<li>Zi\u0119ba B. A., To nie tak mia\u0142o by\u0107 \u2013 rzecz o wychowankach dom\u00f3w dziecka, ISBN 978-617-608-040-4, Wydawnictwo PP Bujnickij, Kamieniec Podolski 2013, ss 278.<\/li>\n<li>\u041f\u0435\u0445\u043e\u0442\u0430 \u0411. \u0410., \u0422\u0435\u043e\u0440\u0438\u044f \u0438 \u043f\u0440\u0430\u043a\u0442\u0438\u043a\u0430 \u0441\u043e\u0446\u0438\u0430\u043b\u044c\u043d\u043e-\u043f\u0435\u0434\u0430\u0433\u043e\u0433\u0438\u0447\u0435\u0441\u043a\u043e\u0439 \u0440\u0430\u0431\u043e\u0442\u044b \u0441 \u043c\u0430\u0440\u0433\u0438\u043d\u0430\u043b\u044c\u043d\u044b\u043c\u0438 \u0441\u0435\u043c\u044c\u044f\u043c\u0438, \u0418\u0437\u0434\u0430\u0442\u0435\u043b\u044c\u0441\u0442\u0432\u043e \u041d\u041f\u0423 \u0456\u043c. \u041c. \u041f. \u0414\u0440\u0430\u0433\u043e\u043c\u0430\u043d\u043e\u0432\u0430, \u041d\u0410\u041f\u041d \u0423\u043a\u0440\u0430\u0438\u043d\u044b, \u041a\u0438\u0435\u0432 \u2013 \u0423\u043a\u0440\u0430\u0438\u043d\u0430 2017, ISBN 978-966-931- 127-6, cc. 425 (\u0420\u0443\u0441\u0441\u043a\u0438\u0439 \u044f\u0437\u044b\u043a).<\/li>\n<li>Piechota B. A., Teoria i praktyka socjalno-pedagogicznej pracy z rodzinami zmarginalizowanymi, Wydawnictwo Narodowego Pedagogicznego Uniwersytetu im. M.P. Dragomanowa, Kij\u00f3w \u2013 Ukraina 2017, ISBN 978-966-931-127-6, stron 425, (w j\u0119zyku rosyjskim)<\/li>\n<\/ol>\n<p><strong>Monografie wsp\u00f3\u0142autorskie<\/strong><\/p>\n<ol>\n<li>\u0417\u0454\u043c\u0431\u0430 \u0411., \u041f\u0430\u043b\u044e\u0445 M., \u0422\u0435\u043e\u0440\u0435\u0442\u0438\u0447\u043d\u0456 \u0442\u0430 \u043f\u0440\u0430\u043a\u0442\u0438\u0447\u043d\u0456 \u0430\u0441\u043f\u0435\u043a\u0442\u0438 \u0441\u043e\u0446\u0456\u0430\u043b\u044c\u043d\u043e\u0457 \u0440\u043e\u0431\u043e\u0442\u0438 , Copyright by \u041a\u0430\u043c\u2019\u044f\u043d\u0435\u0446\u044c-\u043f\u043e\u0434\u0456\u043b\u044c\u0441\u044c\u043a\u0438\u0439 \u043d\u0430\u0446\u0456\u043e\u043d\u0430\u043b\u044c\u043d\u0438\u0439 \u0443\u043d\u0456\u0432\u0435\u0440\u0441\u0438\u0442\u0435\u0442 \u0456\u043c\u0435\u043d\u0456 I\u0432\u0430\u043d\u0430 O\u0433\u0456\u0454\u043d\u043a\u0430, \u041a\u0430\u043c\u2019\u044f\u043d\u0435\u0446\u044c-\u041f\u043e\u0434\u0456\u043b\u044c\u0441\u044c\u043a\u0438\u0439 (\u0423\u043a\u0440\u0430\u0457\u043d\u0430) 2012, ISBN978-966-8261-70-1, C. 178. [ Zi\u0119ba B., Paluch M., Praca socjalna w teorii i praktyce, Wydawnictwo Narodowego Uniwersytetu Im. Iwana Ogienka w Kamie\u0144cu Podolskim, Kamieniec Podolski (Ukraina) 2012, ISBN 978-966-8261-70-1].<\/li>\n<li>\u0417\u0454\u043c\u0431\u0430 \u0411., \u041f\u0430\u043b\u044e\u0445 M, \u041b\u044e\u0434\u0438\u043d\u0430 \u0432 \u043d\u0435\u0431\u0435\u0437\u043f\u0435\u0447\u043d\u0456\u0439 \u0441\u0438\u0442\u0443\u0430\u0446\u0456\u0457. \u0411\u0430\u0433\u0430\u0442\u043e\u0432\u0438\u043c\u0456\u0440\u043d\u0456 \u0430\u0441\u043f\u0435\u043a\u0442\u0438 \u0441\u043e\u0446\u0456\u0430\u043b\u044c\u043d\u0438\u0445 \u043f\u0430\u0442\u043e\u043b\u043e\u0433\u0456\u0439, ( Zi\u0119ba B., Paluch M, Cz\u0142owiek w sytuacji zagro\u017cenia. Wielowymiarowe aspekty patologii spo\u0142ecznych), Copyright by \u041a\u0430\u043c\u2019\u044f\u043d\u0435\u0446\u044c-\u041f\u043e\u0434\u0456\u043b\u044c\u0441\u044c\u043a\u0438\u0439 \u041d\u0430\u0446\u0456\u043e\u043d\u0430\u043b\u044c\u043d\u0438\u0439 \u0423\u043d\u0456\u0432\u0435\u0440\u0441\u0438\u0442\u0435\u0442 \u0406\u043c\u0435\u043d\u0456 \u0406\u0432\u0430\u043d\u0430 \u041e\u0433\u0456\u0454\u043d\u043a\u0430, \u041a\u0430\u043c\u2019\u044f\u043d\u0435\u0446\u044c-\u041f\u043e\u0434\u0456\u043b\u044c\u0441\u044c\u043a\u0438\u0439 (\u0423\u043a\u0440\u0430\u0457\u043d\u0430) 2012, ISBN 978-966-496-237-4. ss. 157.<\/li>\n<\/ol>\n<p><strong>Wsp\u00f3\u0142redaktorka monografii<\/strong><\/p>\n<ol>\n<li>B. Zi\u0119ba, M. Paluch, P. Kaniosa (red.), Patologie spo\u0142eczne w \u015brodowisku wychowawczym: zagro\u017cenia, profilaktyka, wychowanie, edukacja, praca socjalna (konteksty ukrai\u0144sko-polskie), ISBN 978-83-63452-82-7, Wydawnictwo i Drukarnia Diecezji Rzeszowskiej \u201eBonus-Liber\u201d, Rzesz\u00f3w 2013, ss. 228, format B5.<\/li>\n<li>B. Zi\u0119ba, M. Paluch, L. Melnyk (red.), Edukacja, wychowanie, praca socjalna \u2013 ukrai\u0144sko-polskie refleksje teoretyczne, ISBN 978-83-63452-83-4, Wydawnictwo i Drukarnia Diecezji Rzeszowskiej \u201eBonus-Liber\u201d, Rzesz\u00f3w 2013, ss. 176, format B5.<\/li>\n<li>\u0411\u0435\u0430\u0442\u0430 \u0410.\u0417\u0454\u043c\u0431\u0430, \u0414\u043e\u0440\u043e\u0442\u0430 \u041f\u0441\u0442\u0440\u043e\u043d\u0433 (\u041d\u0430\u0443\u043a\u043e\u0432\u0456 \u0440\u0435\u0434\u0430\u043a\u0442\u043e\u0440\u0438), \u0412\u0418\u0411\u0420\u0410\u041d\u0406 \u0420\u041e\u0411\u041b\u0415\u041c\u0418 \u0421\u041e\u0426\u0406\u0410\u041b\u042c\u041d\u041e\u0407 \u041f\u0415\u0414\u0410\u0413\u041e\u0413\u0406\u041a\u0418 \u0406 \u0421\u041e\u0426\u0406\u0410\u041b\u042c\u041d\u041e\u0407 \u0420\u041e\u0411\u041e\u0422\u0418, Copyright by \u041a\u0430\u043c\u2019\u044f\u043d\u0435\u0446\u044c-\u041f\u043e\u0434\u0456\u043b\u044c\u0441\u044c\u043a\u0438\u0439 \u043d\u0430\u0446\u0456\u043e\u043d\u0430\u043b\u044c\u043d\u0438\u0439 \u0443\u043d\u0456\u0432\u0435\u0440\u0441\u0438\u0442\u0435\u0442 \u0456\u043c\u0435\u043d\u0456 \u0406\u0432\u0430\u043d\u0430 \u041e\u0433\u0456\u0454\u043d\u043a\u0430, \u041a\u0430\u043c\u2019\u044f\u043d\u0435\u0446\u044c-\u041f\u043e\u0434\u0456\u043b\u044c\u0441\u044c\u043a\u0438\u0439 (\u0423\u041a\u0420\u0410\u0407\u041d\u0410) 2012, ISBN 978-966-8261-74-9, \u0441. 228. [ Beata A. Zi\u0119ba, Dorota Pstr\u0105g (red.), Wybrane zagadnienia pedagogiki spo\u0142ecznej i pracy socjalnej, Wydawnictwo Narodowego Uniwersytetu im. Iwana Ogienka w Kamie\u0144cu Podolskim, Kamieniec Podolski (Ukraina) 2012.<\/li>\n<\/ol>\n<ul>\n<li>Autorka ponad 100 artyku\u0142\u00f3w wydanych za granic\u0105 (Ukraina, S\u0142owacja, Rosja, Niemcy, USA) oraz ponad 50 artyku\u0142\u00f3w wydanych w Polsce.<\/li>\n<\/ul>\n<hr>\n<p>&nbsp;<\/p>\n","protected":false},"excerpt":{"rendered":"<p>Monografie autorskie Zi\u0119ba B. A., To nie tak mia\u0142o by\u0107 \u2013 rzecz o wychowankach dom\u00f3w dziecka, ISBN 978-617-608-040-4, Wydawnictwo PP Bujnickij, Kamieniec Podolski 2013, ss 278. \u041f\u0435\u0445\u043e\u0442\u0430 \u0411. \u0410., \u0422\u0435\u043e\u0440\u0438\u044f \u0438 \u043f\u0440\u0430\u043a\u0442\u0438\u043a\u0430 \u0441\u043e\u0446\u0438\u0430\u043b\u044c\u043d\u043e-\u043f\u0435\u0434\u0430\u0433\u043e\u0433\u0438\u0447\u0435\u0441\u043a\u043e\u0439 \u0440\u0430\u0431\u043e\u0442\u044b \u0441 \u043c\u0430\u0440\u0433\u0438\u043d\u0430\u043b\u044c\u043d\u044b\u043c\u0438 \u0441\u0435\u043c\u044c\u044f\u043c\u0438, \u0418\u0437\u0434\u0430\u0442\u0435\u043b\u044c\u0441\u0442\u0432\u043e \u041d\u041f\u0423 \u0456\u043c. \u041c. \u041f. \u0414\u0440\u0430\u0433\u043e\u043c\u0430\u043d\u043e\u0432\u0430, \u041d\u0410\u041f\u041d \u0423\u043a\u0440\u0430\u0438\u043d\u044b, \u041a\u0438\u0435\u0432 \u2013 \u0423\u043a\u0440\u0430\u0438\u043d\u0430 2017, ISBN [\u2026] <\/p>\n<div class=\"clear\"><\/div>\n<p><a class=\"more_link clearfix\" href=\"https:\/\/pans.krosno.pl\/pracownicy\/beata-anna-piechota\/beata-anna-piechota-najwazniejsze-publikacje\/\" rel=\"nofollow\">Read More<\/a><\/p>\n","protected":false},"author":34,"featured_media":0,"parent":2831,"menu_order":0,"comment_status":"closed","ping_status":"closed","template":"","meta":{"ngg_post_thumbnail":0,"footnotes":""},"class_list":["post-2847","page","type-page","status-publish","hentry"],"yoast_head":"<!-- This site is optimized with the Yoast SEO Premium plugin v27.3 (Yoast SEO v27.3) - https:\/\/yoast.com\/product\/yoast-seo-premium-wordpress\/ -->\n<title>dr Beata Anna Piechota - Najwa\u017cniejsze publikacje - Pracownicy PANS w Kro\u015bnie<\/title>\n<meta name=\"robots\" content=\"index, follow, max-snippet:-1, max-image-preview:large, max-video-preview:-1\" \/>\n<link rel=\"canonical\" href=\"https:\/\/pans.krosno.pl\/pracownicy\/beata-anna-piechota\/beata-anna-piechota-najwazniejsze-publikacje\/\" \/>\n<meta property=\"og:locale\" content=\"pl_PL\" \/>\n<meta property=\"og:type\" content=\"article\" \/>\n<meta property=\"og:title\" content=\"dr Beata Anna Piechota - Najwa\u017cniejsze publikacje\" \/>\n<meta property=\"og:description\" content=\"Monografie autorskie Zi\u0119ba B. A., To nie tak mia\u0142o by\u0107 \u2013 rzecz o wychowankach dom\u00f3w dziecka, ISBN 978-617-608-040-4, Wydawnictwo PP Bujnickij, Kamieniec Podolski 2013, ss 278. \u041f\u0435\u0445\u043e\u0442\u0430 \u0411. \u0410., \u0422\u0435\u043e\u0440\u0438\u044f \u0438 \u043f\u0440\u0430\u043a\u0442\u0438\u043a\u0430 \u0441\u043e\u0446\u0438\u0430\u043b\u044c\u043d\u043e-\u043f\u0435\u0434\u0430\u0433\u043e\u0433\u0438\u0447\u0435\u0441\u043a\u043e\u0439 \u0440\u0430\u0431\u043e\u0442\u044b \u0441 \u043c\u0430\u0440\u0433\u0438\u043d\u0430\u043b\u044c\u043d\u044b\u043c\u0438 \u0441\u0435\u043c\u044c\u044f\u043c\u0438, \u0418\u0437\u0434\u0430\u0442\u0435\u043b\u044c\u0441\u0442\u0432\u043e \u041d\u041f\u0423 \u0456\u043c. \u041c. \u041f. \u0414\u0440\u0430\u0433\u043e\u043c\u0430\u043d\u043e\u0432\u0430, \u041d\u0410\u041f\u041d \u0423\u043a\u0440\u0430\u0438\u043d\u044b, \u041a\u0438\u0435\u0432 \u2013 \u0423\u043a\u0440\u0430\u0438\u043d\u0430 2017, ISBN [\u2026] Read More\" \/>\n<meta property=\"og:url\" content=\"https:\/\/pans.krosno.pl\/pracownicy\/beata-anna-piechota\/beata-anna-piechota-najwazniejsze-publikacje\/\" \/>\n<meta property=\"og:site_name\" content=\"Pracownicy PANS w Kro\u015bnie\" \/>\n<meta property=\"article:modified_time\" content=\"2025-05-16T09:17:18+00:00\" \/>\n<meta name=\"twitter:card\" content=\"summary_large_image\" \/>\n<meta name=\"twitter:label1\" content=\"Szacowany czas czytania\" \/>\n\t<meta name=\"twitter:data1\" content=\"2 minuty\" \/>\n<script type=\"application\/ld+json\" class=\"yoast-schema-graph\">{\"@context\":\"https:\\\/\\\/schema.org\",\"@graph\":[{\"@type\":\"WebPage\",\"@id\":\"https:\\\/\\\/pans.krosno.pl\\\/pracownicy\\\/beata-anna-piechota\\\/beata-anna-piechota-najwazniejsze-publikacje\\\/\",\"url\":\"https:\\\/\\\/pans.krosno.pl\\\/pracownicy\\\/beata-anna-piechota\\\/beata-anna-piechota-najwazniejsze-publikacje\\\/\",\"name\":\"dr Beata Anna Piechota - Najwa\u017cniejsze publikacje - Pracownicy PANS w Kro\u015bnie\",\"isPartOf\":{\"@id\":\"https:\\\/\\\/pans.krosno.pl\\\/pracownicy\\\/#website\"},\"datePublished\":\"2020-04-16T09:09:46+00:00\",\"dateModified\":\"2025-05-16T09:17:18+00:00\",\"breadcrumb\":{\"@id\":\"https:\\\/\\\/pans.krosno.pl\\\/pracownicy\\\/beata-anna-piechota\\\/beata-anna-piechota-najwazniejsze-publikacje\\\/#breadcrumb\"},\"inLanguage\":\"pl-PL\",\"potentialAction\":[{\"@type\":\"ReadAction\",\"target\":[\"https:\\\/\\\/pans.krosno.pl\\\/pracownicy\\\/beata-anna-piechota\\\/beata-anna-piechota-najwazniejsze-publikacje\\\/\"]}]},{\"@type\":\"BreadcrumbList\",\"@id\":\"https:\\\/\\\/pans.krosno.pl\\\/pracownicy\\\/beata-anna-piechota\\\/beata-anna-piechota-najwazniejsze-publikacje\\\/#breadcrumb\",\"itemListElement\":[{\"@type\":\"ListItem\",\"position\":1,\"name\":\"Strona g\u0142\u00f3wna\",\"item\":\"https:\\\/\\\/pans.krosno.pl\\\/pracownicy\\\/\"},{\"@type\":\"ListItem\",\"position\":2,\"name\":\"dr Beata Anna Piechota\",\"item\":\"https:\\\/\\\/pans.krosno.pl\\\/pracownicy\\\/beata-anna-piechota\\\/\"},{\"@type\":\"ListItem\",\"position\":3,\"name\":\"dr Beata Anna Piechota &#8211; Najwa\u017cniejsze publikacje\"}]},{\"@type\":\"WebSite\",\"@id\":\"https:\\\/\\\/pans.krosno.pl\\\/pracownicy\\\/#website\",\"url\":\"https:\\\/\\\/pans.krosno.pl\\\/pracownicy\\\/\",\"name\":\"Pracownicy PANS w Kro\u015bnie\",\"description\":\"Pracownicy - Pa\u0144stwowa Akademia Nauk Stosowanych\",\"publisher\":{\"@id\":\"https:\\\/\\\/pans.krosno.pl\\\/pracownicy\\\/#organization\"},\"potentialAction\":[{\"@type\":\"SearchAction\",\"target\":{\"@type\":\"EntryPoint\",\"urlTemplate\":\"https:\\\/\\\/pans.krosno.pl\\\/pracownicy\\\/?s={search_term_string}\"},\"query-input\":{\"@type\":\"PropertyValueSpecification\",\"valueRequired\":true,\"valueName\":\"search_term_string\"}}],\"inLanguage\":\"pl-PL\"},{\"@type\":\"Organization\",\"@id\":\"https:\\\/\\\/pans.krosno.pl\\\/pracownicy\\\/#organization\",\"name\":\"Pracownicy PANS w Kro\u015bnie\",\"url\":\"https:\\\/\\\/pans.krosno.pl\\\/pracownicy\\\/\",\"logo\":{\"@type\":\"ImageObject\",\"inLanguage\":\"pl-PL\",\"@id\":\"https:\\\/\\\/pans.krosno.pl\\\/pracownicy\\\/#\\\/schema\\\/logo\\\/image\\\/\",\"url\":\"https:\\\/\\\/pans.krosno.pl\\\/pracownicy\\\/wp-content\\\/uploads\\\/sites\\\/41\\\/2023\\\/01\\\/Logo-PANS-2022-pelne.png\",\"contentUrl\":\"https:\\\/\\\/pans.krosno.pl\\\/pracownicy\\\/wp-content\\\/uploads\\\/sites\\\/41\\\/2023\\\/01\\\/Logo-PANS-2022-pelne.png\",\"width\":3096,\"height\":696,\"caption\":\"Pracownicy PANS w Kro\u015bnie\"},\"image\":{\"@id\":\"https:\\\/\\\/pans.krosno.pl\\\/pracownicy\\\/#\\\/schema\\\/logo\\\/image\\\/\"}}]}<\/script>\n<!-- \/ Yoast SEO Premium plugin. -->","yoast_head_json":{"title":"dr Beata Anna Piechota - Najwa\u017cniejsze publikacje - Pracownicy PANS w Kro\u015bnie","robots":{"index":"index","follow":"follow","max-snippet":"max-snippet:-1","max-image-preview":"max-image-preview:large","max-video-preview":"max-video-preview:-1"},"canonical":"https:\/\/pans.krosno.pl\/pracownicy\/beata-anna-piechota\/beata-anna-piechota-najwazniejsze-publikacje\/","og_locale":"pl_PL","og_type":"article","og_title":"dr Beata Anna Piechota - Najwa\u017cniejsze publikacje","og_description":"Monografie autorskie Zi\u0119ba B. A., To nie tak mia\u0142o by\u0107 \u2013 rzecz o wychowankach dom\u00f3w dziecka, ISBN 978-617-608-040-4, Wydawnictwo PP Bujnickij, Kamieniec Podolski 2013, ss 278. \u041f\u0435\u0445\u043e\u0442\u0430 \u0411. \u0410., \u0422\u0435\u043e\u0440\u0438\u044f \u0438 \u043f\u0440\u0430\u043a\u0442\u0438\u043a\u0430 \u0441\u043e\u0446\u0438\u0430\u043b\u044c\u043d\u043e-\u043f\u0435\u0434\u0430\u0433\u043e\u0433\u0438\u0447\u0435\u0441\u043a\u043e\u0439 \u0440\u0430\u0431\u043e\u0442\u044b \u0441 \u043c\u0430\u0440\u0433\u0438\u043d\u0430\u043b\u044c\u043d\u044b\u043c\u0438 \u0441\u0435\u043c\u044c\u044f\u043c\u0438, \u0418\u0437\u0434\u0430\u0442\u0435\u043b\u044c\u0441\u0442\u0432\u043e \u041d\u041f\u0423 \u0456\u043c. \u041c. \u041f. \u0414\u0440\u0430\u0433\u043e\u043c\u0430\u043d\u043e\u0432\u0430, \u041d\u0410\u041f\u041d \u0423\u043a\u0440\u0430\u0438\u043d\u044b, \u041a\u0438\u0435\u0432 \u2013 \u0423\u043a\u0440\u0430\u0438\u043d\u0430 2017, ISBN [\u2026] Read More","og_url":"https:\/\/pans.krosno.pl\/pracownicy\/beata-anna-piechota\/beata-anna-piechota-najwazniejsze-publikacje\/","og_site_name":"Pracownicy PANS w Kro\u015bnie","article_modified_time":"2025-05-16T09:17:18+00:00","twitter_card":"summary_large_image","twitter_misc":{"Szacowany czas czytania":"2 minuty"},"schema":{"@context":"https:\/\/schema.org","@graph":[{"@type":"WebPage","@id":"https:\/\/pans.krosno.pl\/pracownicy\/beata-anna-piechota\/beata-anna-piechota-najwazniejsze-publikacje\/","url":"https:\/\/pans.krosno.pl\/pracownicy\/beata-anna-piechota\/beata-anna-piechota-najwazniejsze-publikacje\/","name":"dr Beata Anna Piechota - Najwa\u017cniejsze publikacje - Pracownicy PANS w Kro\u015bnie","isPartOf":{"@id":"https:\/\/pans.krosno.pl\/pracownicy\/#website"},"datePublished":"2020-04-16T09:09:46+00:00","dateModified":"2025-05-16T09:17:18+00:00","breadcrumb":{"@id":"https:\/\/pans.krosno.pl\/pracownicy\/beata-anna-piechota\/beata-anna-piechota-najwazniejsze-publikacje\/#breadcrumb"},"inLanguage":"pl-PL","potentialAction":[{"@type":"ReadAction","target":["https:\/\/pans.krosno.pl\/pracownicy\/beata-anna-piechota\/beata-anna-piechota-najwazniejsze-publikacje\/"]}]},{"@type":"BreadcrumbList","@id":"https:\/\/pans.krosno.pl\/pracownicy\/beata-anna-piechota\/beata-anna-piechota-najwazniejsze-publikacje\/#breadcrumb","itemListElement":[{"@type":"ListItem","position":1,"name":"Strona g\u0142\u00f3wna","item":"https:\/\/pans.krosno.pl\/pracownicy\/"},{"@type":"ListItem","position":2,"name":"dr Beata Anna Piechota","item":"https:\/\/pans.krosno.pl\/pracownicy\/beata-anna-piechota\/"},{"@type":"ListItem","position":3,"name":"dr Beata Anna Piechota &#8211; Najwa\u017cniejsze publikacje"}]},{"@type":"WebSite","@id":"https:\/\/pans.krosno.pl\/pracownicy\/#website","url":"https:\/\/pans.krosno.pl\/pracownicy\/","name":"Pracownicy PANS w Kro\u015bnie","description":"Pracownicy - Pa\u0144stwowa Akademia Nauk Stosowanych","publisher":{"@id":"https:\/\/pans.krosno.pl\/pracownicy\/#organization"},"potentialAction":[{"@type":"SearchAction","target":{"@type":"EntryPoint","urlTemplate":"https:\/\/pans.krosno.pl\/pracownicy\/?s={search_term_string}"},"query-input":{"@type":"PropertyValueSpecification","valueRequired":true,"valueName":"search_term_string"}}],"inLanguage":"pl-PL"},{"@type":"Organization","@id":"https:\/\/pans.krosno.pl\/pracownicy\/#organization","name":"Pracownicy PANS w Kro\u015bnie","url":"https:\/\/pans.krosno.pl\/pracownicy\/","logo":{"@type":"ImageObject","inLanguage":"pl-PL","@id":"https:\/\/pans.krosno.pl\/pracownicy\/#\/schema\/logo\/image\/","url":"https:\/\/pans.krosno.pl\/pracownicy\/wp-content\/uploads\/sites\/41\/2023\/01\/Logo-PANS-2022-pelne.png","contentUrl":"https:\/\/pans.krosno.pl\/pracownicy\/wp-content\/uploads\/sites\/41\/2023\/01\/Logo-PANS-2022-pelne.png","width":3096,"height":696,"caption":"Pracownicy PANS w Kro\u015bnie"},"image":{"@id":"https:\/\/pans.krosno.pl\/pracownicy\/#\/schema\/logo\/image\/"}}]}},"_links":{"self":[{"href":"https:\/\/pans.krosno.pl\/pracownicy\/wp-json\/wp\/v2\/pages\/2847","targetHints":{"allow":["GET"]}}],"collection":[{"href":"https:\/\/pans.krosno.pl\/pracownicy\/wp-json\/wp\/v2\/pages"}],"about":[{"href":"https:\/\/pans.krosno.pl\/pracownicy\/wp-json\/wp\/v2\/types\/page"}],"author":[{"embeddable":true,"href":"https:\/\/pans.krosno.pl\/pracownicy\/wp-json\/wp\/v2\/users\/34"}],"replies":[{"embeddable":true,"href":"https:\/\/pans.krosno.pl\/pracownicy\/wp-json\/wp\/v2\/comments?post=2847"}],"version-history":[{"count":4,"href":"https:\/\/pans.krosno.pl\/pracownicy\/wp-json\/wp\/v2\/pages\/2847\/revisions"}],"predecessor-version":[{"id":8210,"href":"https:\/\/pans.krosno.pl\/pracownicy\/wp-json\/wp\/v2\/pages\/2847\/revisions\/8210"}],"up":[{"embeddable":true,"href":"https:\/\/pans.krosno.pl\/pracownicy\/wp-json\/wp\/v2\/pages\/2831"}],"wp:attachment":[{"href":"https:\/\/pans.krosno.pl\/pracownicy\/wp-json\/wp\/v2\/media?parent=2847"}],"curies":[{"name":"wp","href":"https:\/\/api.w.org\/{rel}","templated":true}]}}