{"id":283,"date":"2020-03-26T16:33:44","date_gmt":"2020-03-26T15:33:44","guid":{"rendered":"https:\/\/pans.krosno.pl\/pracownicy\/?page_id=283"},"modified":"2025-05-15T14:46:51","modified_gmt":"2025-05-15T12:46:51","slug":"piotr-lopatkiewicz","status":"publish","type":"page","link":"https:\/\/pans.krosno.pl\/pracownicy\/piotr-lopatkiewicz\/","title":{"rendered":"dr hab. Piotr \u0141opatkiewicz, prof. PANS"},"content":{"rendered":"\n<h3 class=\"wp-block-heading\" id=\"h-zaklad-turystyki-i-rekreacji\"><strong>Zak\u0142ad <\/strong>Turystyki i Rekreacji <\/h3>\n\n\n\n<hr class=\"wp-block-separator has-css-opacity\" \/>\n\n\n<p style=\"text-align: left\">Historyk sztuki, specjalista w zakresie sztuki \u015bredniowiecznej, prowadzi badania si\u0119 w zakresie malarstwa tablicowego i \u015bciennego, rze\u017aby drewnianej polichromowanej oraz architektury, zw\u0142aszcza drewnianej architektury ko\u015bcielnej. Wa\u017cnym elementem jego zainteresowa\u0144 badawczych jest przesz\u0142o\u015b\u0107 artystyczna Krosna, a tak\u017ce r\u00f3\u017cnorodne aspekty i znaczenie dziedzictwa kulturowego dla turystyki. Odr\u0119bn\u0105 dziedzin\u0105 zainteresowa\u0144 naukowych jest historia konserwacji i inwentaryzacji zabytk\u00f3w na ziemiach polskich. Z turystk\u0105 \u2013 zw\u0142aszcza g\u00f3rsk\u0105 \u2013 zwi\u0105zany od najm\u0142odszych lat. W latach 80-tych ubieg\u0142ego wieku jeden z najbardziej aktywnych cz\u0142onk\u00f3w Klubu G\u00f3rskiego \u201eBeskidnicy\u201d PTTK Krosno. Odwiedzi\u0142 ponad 50 pa\u0144stw na trzech kontynentach. W sierpniu 2014 r. wszed\u0142 na Kazbek 5047 m n.p.m. \u2013 jeden z najwy\u017cszych szczyt\u00f3w Kaukazu.<\/p>\n\n\n<hr class=\"wp-block-separator has-css-opacity\" \/>\n\n\n\n<div class=\"wp-block-columns is-layout-flex wp-container-core-columns-is-layout-28f84493 wp-block-columns-is-layout-flex\">\n<div class=\"wp-block-column is-layout-flow wp-block-column-is-layout-flow\" style=\"flex-basis:22%\">\n<figure class=\"wp-block-image size-large\"><img loading=\"lazy\" decoding=\"async\" width=\"697\" height=\"1024\" src=\"https:\/\/pans.krosno.pl\/pracownicy\/wp-content\/uploads\/sites\/41\/2020\/03\/Piotr_Lopatkiewicz-na-strone-697x1024.jpg\" alt=\"\" class=\"wp-image-299\" srcset=\"https:\/\/pans.krosno.pl\/pracownicy\/wp-content\/uploads\/sites\/41\/2020\/03\/Piotr_Lopatkiewicz-na-strone-697x1024.jpg 697w, https:\/\/pans.krosno.pl\/pracownicy\/wp-content\/uploads\/sites\/41\/2020\/03\/Piotr_Lopatkiewicz-na-strone-204x300.jpg 204w, https:\/\/pans.krosno.pl\/pracownicy\/wp-content\/uploads\/sites\/41\/2020\/03\/Piotr_Lopatkiewicz-na-strone-768x1129.jpg 768w, https:\/\/pans.krosno.pl\/pracownicy\/wp-content\/uploads\/sites\/41\/2020\/03\/Piotr_Lopatkiewicz-na-strone-1045x1536.jpg 1045w, https:\/\/pans.krosno.pl\/pracownicy\/wp-content\/uploads\/sites\/41\/2020\/03\/Piotr_Lopatkiewicz-na-strone-1394x2048.jpg 1394w, https:\/\/pans.krosno.pl\/pracownicy\/wp-content\/uploads\/sites\/41\/2020\/03\/Piotr_Lopatkiewicz-na-strone-800x1176.jpg 800w, https:\/\/pans.krosno.pl\/pracownicy\/wp-content\/uploads\/sites\/41\/2020\/03\/Piotr_Lopatkiewicz-na-strone-580x852.jpg 580w, https:\/\/pans.krosno.pl\/pracownicy\/wp-content\/uploads\/sites\/41\/2020\/03\/Piotr_Lopatkiewicz-na-strone-scaled.jpg 1742w\" sizes=\"auto, (max-width: 697px) 100vw, 697px\" \/><\/figure>\n\n\n\n<p><\/p>\n<\/div>\n\n\n\n<div class=\"wp-block-column is-layout-flow wp-block-column-is-layout-flow\" style=\"flex-basis:78%\">\n<ul class=\"wp-block-list\">\n<li><a href=\"https:\/\/pans.krosno.pl\/pracownicy\/piotr-lopatkiewicz\/piotr-lopatkiewicz-zyciorys-naukowy\/\">\u017byciorys naukowy<\/a><\/li>\n\n\n\n<li><a href=\"https:\/\/pans.krosno.pl\/pracownicy\/piotr-lopatkiewicz\/piotr-lopatkiewicz-doswiadczenie-pozauczelniane\/\">Do\u015bwiadczenie pozauczelniane<\/a><\/li>\n\n\n\n<li><a href=\"https:\/\/pans.krosno.pl\/pracownicy\/piotr-lopatkiewicz\/piotr-lopatkiewicz-najwazniejsze-publikacje\/\">Najwa\u017cniejsze publikacje<\/a><\/li>\n\n\n\n<li><a href=\"https:\/\/pans.krosno.pl\/pracownicy\/piotr-lopatkiewicz\/piotr-lopatkiewicz-najwazniejsze-nagrody-i-wyroznienia\/\">Najwa\u017cniejsze nagrody i wyr\u00f3\u017cnienia<\/a><\/li>\n<\/ul>\n\n\n\n<hr class=\"wp-block-separator has-css-opacity\" \/>\n\n\n\n<figure class=\"wp-block-table aligncenter is-style-stripes\"><table><tbody><tr><td class=\"has-text-align-left\" data-align=\"left\">Telefon: 13 43 755 60<\/td><\/tr><tr><td class=\"has-text-align-left\" data-align=\"left\">E-mail: <a href=\"mailto:piotr.lopatkiewicz@pans.krosno.pl\">piotr.lopatkiewicz@pans.krosno.pl<\/a><\/td><\/tr><tr><td class=\"has-text-align-left\" data-align=\"left\">Konsultacje: <a href=\"https:\/\/pans.krosno.pl\/tir\/dyzury-pracownikow\/\" target=\"_blank\" rel=\"noreferrer noopener\">Dy\u017cur pracownika<\/a><\/td><\/tr><\/tbody><\/table><\/figure>\n<\/div>\n<\/div>\n\n\n\n<hr class=\"wp-block-separator has-css-opacity\" \/>\n\n\n\n<p><\/p>\n","protected":false},"excerpt":{"rendered":"<p>Zak\u0142ad Turystyki i Rekreacji Historyk sztuki, specjalista w zakresie sztuki \u015bredniowiecznej, prowadzi badania si\u0119 w zakresie malarstwa tablicowego i \u015bciennego, rze\u017aby drewnianej polichromowanej oraz architektury, zw\u0142aszcza drewnianej architektury ko\u015bcielnej. Wa\u017cnym elementem jego zainteresowa\u0144 badawczych jest przesz\u0142o\u015b\u0107 artystyczna Krosna, a tak\u017ce r\u00f3\u017cnorodne aspekty i znaczenie dziedzictwa kulturowego dla turystyki. Odr\u0119bn\u0105 dziedzin\u0105 [\u2026] <\/p>\n<div class=\"clear\"><\/div>\n<p><a class=\"more_link clearfix\" href=\"https:\/\/pans.krosno.pl\/pracownicy\/piotr-lopatkiewicz\/\" rel=\"nofollow\">Read More<\/a><\/p>\n","protected":false},"author":36,"featured_media":0,"parent":0,"menu_order":0,"comment_status":"closed","ping_status":"closed","template":"","meta":{"ngg_post_thumbnail":0,"footnotes":""},"class_list":["post-283","page","type-page","status-publish","hentry"],"yoast_head":"<!-- This site is optimized with the Yoast SEO Premium plugin v27.3 (Yoast SEO v27.3) - https:\/\/yoast.com\/product\/yoast-seo-premium-wordpress\/ -->\n<title>dr hab. Piotr \u0141opatkiewicz, prof. PANS - Pracownicy PANS w Kro\u015bnie<\/title>\n<meta name=\"robots\" content=\"index, follow, max-snippet:-1, max-image-preview:large, max-video-preview:-1\" \/>\n<link rel=\"canonical\" href=\"https:\/\/pans.krosno.pl\/pracownicy\/piotr-lopatkiewicz\/\" \/>\n<meta property=\"og:locale\" content=\"pl_PL\" \/>\n<meta property=\"og:type\" content=\"article\" \/>\n<meta property=\"og:title\" content=\"dr hab. Piotr \u0141opatkiewicz, prof. PANS\" \/>\n<meta property=\"og:description\" content=\"Zak\u0142ad Turystyki i Rekreacji Historyk sztuki, specjalista w zakresie sztuki \u015bredniowiecznej, prowadzi badania si\u0119 w zakresie malarstwa tablicowego i \u015bciennego, rze\u017aby drewnianej polichromowanej oraz architektury, zw\u0142aszcza drewnianej architektury ko\u015bcielnej. Wa\u017cnym elementem jego zainteresowa\u0144 badawczych jest przesz\u0142o\u015b\u0107 artystyczna Krosna, a tak\u017ce r\u00f3\u017cnorodne aspekty i znaczenie dziedzictwa kulturowego dla turystyki. Odr\u0119bn\u0105 dziedzin\u0105 [\u2026] Read More\" \/>\n<meta property=\"og:url\" content=\"https:\/\/pans.krosno.pl\/pracownicy\/piotr-lopatkiewicz\/\" \/>\n<meta property=\"og:site_name\" content=\"Pracownicy PANS w Kro\u015bnie\" \/>\n<meta property=\"article:modified_time\" content=\"2025-05-15T12:46:51+00:00\" \/>\n<meta property=\"og:image\" content=\"https:\/\/pans.krosno.pl\/pracownicy\/wp-content\/uploads\/sites\/41\/2020\/03\/Piotr_Lopatkiewicz-na-strone-scaled.jpg\" \/>\n\t<meta property=\"og:image:width\" content=\"1742\" \/>\n\t<meta property=\"og:image:height\" content=\"2560\" \/>\n\t<meta property=\"og:image:type\" content=\"image\/jpeg\" \/>\n<meta name=\"twitter:card\" content=\"summary_large_image\" \/>\n<meta name=\"twitter:label1\" content=\"Szacowany czas czytania\" \/>\n\t<meta name=\"twitter:data1\" content=\"1 minuta\" \/>\n<script type=\"application\/ld+json\" class=\"yoast-schema-graph\">{\"@context\":\"https:\\\/\\\/schema.org\",\"@graph\":[{\"@type\":\"WebPage\",\"@id\":\"https:\\\/\\\/pans.krosno.pl\\\/pracownicy\\\/piotr-lopatkiewicz\\\/\",\"url\":\"https:\\\/\\\/pans.krosno.pl\\\/pracownicy\\\/piotr-lopatkiewicz\\\/\",\"name\":\"dr hab. Piotr \u0141opatkiewicz, prof. PANS - Pracownicy PANS w Kro\u015bnie\",\"isPartOf\":{\"@id\":\"https:\\\/\\\/pans.krosno.pl\\\/pracownicy\\\/#website\"},\"primaryImageOfPage\":{\"@id\":\"https:\\\/\\\/pans.krosno.pl\\\/pracownicy\\\/piotr-lopatkiewicz\\\/#primaryimage\"},\"image\":{\"@id\":\"https:\\\/\\\/pans.krosno.pl\\\/pracownicy\\\/piotr-lopatkiewicz\\\/#primaryimage\"},\"thumbnailUrl\":\"https:\\\/\\\/pans.krosno.pl\\\/pracownicy\\\/wp-content\\\/uploads\\\/sites\\\/41\\\/2020\\\/03\\\/Piotr_Lopatkiewicz-na-strone-697x1024.jpg\",\"datePublished\":\"2020-03-26T15:33:44+00:00\",\"dateModified\":\"2025-05-15T12:46:51+00:00\",\"breadcrumb\":{\"@id\":\"https:\\\/\\\/pans.krosno.pl\\\/pracownicy\\\/piotr-lopatkiewicz\\\/#breadcrumb\"},\"inLanguage\":\"pl-PL\",\"potentialAction\":[{\"@type\":\"ReadAction\",\"target\":[\"https:\\\/\\\/pans.krosno.pl\\\/pracownicy\\\/piotr-lopatkiewicz\\\/\"]}]},{\"@type\":\"ImageObject\",\"inLanguage\":\"pl-PL\",\"@id\":\"https:\\\/\\\/pans.krosno.pl\\\/pracownicy\\\/piotr-lopatkiewicz\\\/#primaryimage\",\"url\":\"https:\\\/\\\/pans.krosno.pl\\\/pracownicy\\\/wp-content\\\/uploads\\\/sites\\\/41\\\/2020\\\/03\\\/Piotr_Lopatkiewicz-na-strone-scaled.jpg\",\"contentUrl\":\"https:\\\/\\\/pans.krosno.pl\\\/pracownicy\\\/wp-content\\\/uploads\\\/sites\\\/41\\\/2020\\\/03\\\/Piotr_Lopatkiewicz-na-strone-scaled.jpg\",\"width\":1742,\"height\":2560,\"caption\":\"????????????????????????????????????\"},{\"@type\":\"BreadcrumbList\",\"@id\":\"https:\\\/\\\/pans.krosno.pl\\\/pracownicy\\\/piotr-lopatkiewicz\\\/#breadcrumb\",\"itemListElement\":[{\"@type\":\"ListItem\",\"position\":1,\"name\":\"Strona g\u0142\u00f3wna\",\"item\":\"https:\\\/\\\/pans.krosno.pl\\\/pracownicy\\\/\"},{\"@type\":\"ListItem\",\"position\":2,\"name\":\"dr hab. Piotr \u0141opatkiewicz, prof. PANS\"}]},{\"@type\":\"WebSite\",\"@id\":\"https:\\\/\\\/pans.krosno.pl\\\/pracownicy\\\/#website\",\"url\":\"https:\\\/\\\/pans.krosno.pl\\\/pracownicy\\\/\",\"name\":\"Pracownicy PANS w Kro\u015bnie\",\"description\":\"Pracownicy - Pa\u0144stwowa Akademia Nauk Stosowanych\",\"publisher\":{\"@id\":\"https:\\\/\\\/pans.krosno.pl\\\/pracownicy\\\/#organization\"},\"potentialAction\":[{\"@type\":\"SearchAction\",\"target\":{\"@type\":\"EntryPoint\",\"urlTemplate\":\"https:\\\/\\\/pans.krosno.pl\\\/pracownicy\\\/?s={search_term_string}\"},\"query-input\":{\"@type\":\"PropertyValueSpecification\",\"valueRequired\":true,\"valueName\":\"search_term_string\"}}],\"inLanguage\":\"pl-PL\"},{\"@type\":\"Organization\",\"@id\":\"https:\\\/\\\/pans.krosno.pl\\\/pracownicy\\\/#organization\",\"name\":\"Pracownicy PANS w Kro\u015bnie\",\"url\":\"https:\\\/\\\/pans.krosno.pl\\\/pracownicy\\\/\",\"logo\":{\"@type\":\"ImageObject\",\"inLanguage\":\"pl-PL\",\"@id\":\"https:\\\/\\\/pans.krosno.pl\\\/pracownicy\\\/#\\\/schema\\\/logo\\\/image\\\/\",\"url\":\"https:\\\/\\\/pans.krosno.pl\\\/pracownicy\\\/wp-content\\\/uploads\\\/sites\\\/41\\\/2023\\\/01\\\/Logo-PANS-2022-pelne.png\",\"contentUrl\":\"https:\\\/\\\/pans.krosno.pl\\\/pracownicy\\\/wp-content\\\/uploads\\\/sites\\\/41\\\/2023\\\/01\\\/Logo-PANS-2022-pelne.png\",\"width\":3096,\"height\":696,\"caption\":\"Pracownicy PANS w Kro\u015bnie\"},\"image\":{\"@id\":\"https:\\\/\\\/pans.krosno.pl\\\/pracownicy\\\/#\\\/schema\\\/logo\\\/image\\\/\"}}]}<\/script>\n<!-- \/ Yoast SEO Premium plugin. -->","yoast_head_json":{"title":"dr hab. Piotr \u0141opatkiewicz, prof. PANS - Pracownicy PANS w Kro\u015bnie","robots":{"index":"index","follow":"follow","max-snippet":"max-snippet:-1","max-image-preview":"max-image-preview:large","max-video-preview":"max-video-preview:-1"},"canonical":"https:\/\/pans.krosno.pl\/pracownicy\/piotr-lopatkiewicz\/","og_locale":"pl_PL","og_type":"article","og_title":"dr hab. Piotr \u0141opatkiewicz, prof. PANS","og_description":"Zak\u0142ad Turystyki i Rekreacji Historyk sztuki, specjalista w zakresie sztuki \u015bredniowiecznej, prowadzi badania si\u0119 w zakresie malarstwa tablicowego i \u015bciennego, rze\u017aby drewnianej polichromowanej oraz architektury, zw\u0142aszcza drewnianej architektury ko\u015bcielnej. Wa\u017cnym elementem jego zainteresowa\u0144 badawczych jest przesz\u0142o\u015b\u0107 artystyczna Krosna, a tak\u017ce r\u00f3\u017cnorodne aspekty i znaczenie dziedzictwa kulturowego dla turystyki. Odr\u0119bn\u0105 dziedzin\u0105 [\u2026] Read More","og_url":"https:\/\/pans.krosno.pl\/pracownicy\/piotr-lopatkiewicz\/","og_site_name":"Pracownicy PANS w Kro\u015bnie","article_modified_time":"2025-05-15T12:46:51+00:00","og_image":[{"width":1742,"height":2560,"url":"https:\/\/pans.krosno.pl\/pracownicy\/wp-content\/uploads\/sites\/41\/2020\/03\/Piotr_Lopatkiewicz-na-strone-scaled.jpg","type":"image\/jpeg"}],"twitter_card":"summary_large_image","twitter_misc":{"Szacowany czas czytania":"1 minuta"},"schema":{"@context":"https:\/\/schema.org","@graph":[{"@type":"WebPage","@id":"https:\/\/pans.krosno.pl\/pracownicy\/piotr-lopatkiewicz\/","url":"https:\/\/pans.krosno.pl\/pracownicy\/piotr-lopatkiewicz\/","name":"dr hab. Piotr \u0141opatkiewicz, prof. PANS - Pracownicy PANS w Kro\u015bnie","isPartOf":{"@id":"https:\/\/pans.krosno.pl\/pracownicy\/#website"},"primaryImageOfPage":{"@id":"https:\/\/pans.krosno.pl\/pracownicy\/piotr-lopatkiewicz\/#primaryimage"},"image":{"@id":"https:\/\/pans.krosno.pl\/pracownicy\/piotr-lopatkiewicz\/#primaryimage"},"thumbnailUrl":"https:\/\/pans.krosno.pl\/pracownicy\/wp-content\/uploads\/sites\/41\/2020\/03\/Piotr_Lopatkiewicz-na-strone-697x1024.jpg","datePublished":"2020-03-26T15:33:44+00:00","dateModified":"2025-05-15T12:46:51+00:00","breadcrumb":{"@id":"https:\/\/pans.krosno.pl\/pracownicy\/piotr-lopatkiewicz\/#breadcrumb"},"inLanguage":"pl-PL","potentialAction":[{"@type":"ReadAction","target":["https:\/\/pans.krosno.pl\/pracownicy\/piotr-lopatkiewicz\/"]}]},{"@type":"ImageObject","inLanguage":"pl-PL","@id":"https:\/\/pans.krosno.pl\/pracownicy\/piotr-lopatkiewicz\/#primaryimage","url":"https:\/\/pans.krosno.pl\/pracownicy\/wp-content\/uploads\/sites\/41\/2020\/03\/Piotr_Lopatkiewicz-na-strone-scaled.jpg","contentUrl":"https:\/\/pans.krosno.pl\/pracownicy\/wp-content\/uploads\/sites\/41\/2020\/03\/Piotr_Lopatkiewicz-na-strone-scaled.jpg","width":1742,"height":2560,"caption":"????????????????????????????????????"},{"@type":"BreadcrumbList","@id":"https:\/\/pans.krosno.pl\/pracownicy\/piotr-lopatkiewicz\/#breadcrumb","itemListElement":[{"@type":"ListItem","position":1,"name":"Strona g\u0142\u00f3wna","item":"https:\/\/pans.krosno.pl\/pracownicy\/"},{"@type":"ListItem","position":2,"name":"dr hab. Piotr \u0141opatkiewicz, prof. PANS"}]},{"@type":"WebSite","@id":"https:\/\/pans.krosno.pl\/pracownicy\/#website","url":"https:\/\/pans.krosno.pl\/pracownicy\/","name":"Pracownicy PANS w Kro\u015bnie","description":"Pracownicy - Pa\u0144stwowa Akademia Nauk Stosowanych","publisher":{"@id":"https:\/\/pans.krosno.pl\/pracownicy\/#organization"},"potentialAction":[{"@type":"SearchAction","target":{"@type":"EntryPoint","urlTemplate":"https:\/\/pans.krosno.pl\/pracownicy\/?s={search_term_string}"},"query-input":{"@type":"PropertyValueSpecification","valueRequired":true,"valueName":"search_term_string"}}],"inLanguage":"pl-PL"},{"@type":"Organization","@id":"https:\/\/pans.krosno.pl\/pracownicy\/#organization","name":"Pracownicy PANS w Kro\u015bnie","url":"https:\/\/pans.krosno.pl\/pracownicy\/","logo":{"@type":"ImageObject","inLanguage":"pl-PL","@id":"https:\/\/pans.krosno.pl\/pracownicy\/#\/schema\/logo\/image\/","url":"https:\/\/pans.krosno.pl\/pracownicy\/wp-content\/uploads\/sites\/41\/2023\/01\/Logo-PANS-2022-pelne.png","contentUrl":"https:\/\/pans.krosno.pl\/pracownicy\/wp-content\/uploads\/sites\/41\/2023\/01\/Logo-PANS-2022-pelne.png","width":3096,"height":696,"caption":"Pracownicy PANS w Kro\u015bnie"},"image":{"@id":"https:\/\/pans.krosno.pl\/pracownicy\/#\/schema\/logo\/image\/"}}]}},"_links":{"self":[{"href":"https:\/\/pans.krosno.pl\/pracownicy\/wp-json\/wp\/v2\/pages\/283","targetHints":{"allow":["GET"]}}],"collection":[{"href":"https:\/\/pans.krosno.pl\/pracownicy\/wp-json\/wp\/v2\/pages"}],"about":[{"href":"https:\/\/pans.krosno.pl\/pracownicy\/wp-json\/wp\/v2\/types\/page"}],"author":[{"embeddable":true,"href":"https:\/\/pans.krosno.pl\/pracownicy\/wp-json\/wp\/v2\/users\/36"}],"replies":[{"embeddable":true,"href":"https:\/\/pans.krosno.pl\/pracownicy\/wp-json\/wp\/v2\/comments?post=283"}],"version-history":[{"count":17,"href":"https:\/\/pans.krosno.pl\/pracownicy\/wp-json\/wp\/v2\/pages\/283\/revisions"}],"predecessor-version":[{"id":10569,"href":"https:\/\/pans.krosno.pl\/pracownicy\/wp-json\/wp\/v2\/pages\/283\/revisions\/10569"}],"wp:attachment":[{"href":"https:\/\/pans.krosno.pl\/pracownicy\/wp-json\/wp\/v2\/media?parent=283"}],"curies":[{"name":"wp","href":"https:\/\/api.w.org\/{rel}","templated":true}]}}